{"id":101,"date":"2024-11-08T11:29:23","date_gmt":"2024-11-08T10:29:23","guid":{"rendered":"https:\/\/nuestrosescritores.com\/zoraidasanchez\/?page_id=101"},"modified":"2024-11-08T12:21:53","modified_gmt":"2024-11-08T11:21:53","slug":"poesia-del-libro-desde-marte-con-amor","status":"publish","type":"page","link":"https:\/\/nuestrosescritores.com\/zoraidasanchez\/poesia-del-libro-desde-marte-con-amor\/","title":{"rendered":"POES\u00cdA"},"content":{"rendered":"\t\t<div data-elementor-type=\"wp-page\" data-elementor-id=\"101\" class=\"elementor elementor-101\">\n\t\t\t\t\t\t<section class=\"elementor-section elementor-top-section elementor-element elementor-element-74161d1f elementor-section-full_width elementor-section-height-full elementor-section-content-middle back elementor-section-height-default elementor-section-items-middle\" data-id=\"74161d1f\" data-element_type=\"section\" data-e-type=\"section\">\n\t\t\t\t\t\t\t<div class=\"elementor-background-overlay\"><\/div>\n\t\t\t\t\t\t\t<div class=\"elementor-container elementor-column-gap-no\">\n\t\t\t\t\t<div class=\"aux-parallax-section elementor-column elementor-col-100 elementor-top-column elementor-element elementor-element-22b96eb7\" data-id=\"22b96eb7\" data-element_type=\"column\" data-e-type=\"column\">\n\t\t\t<div class=\"elementor-widget-wrap\">\n\t\t\t\t\t\t\t<\/div>\n\t\t<\/div>\n\t\t\t\t\t<\/div>\n\t\t<\/section>\n\t\t\t\t<section class=\"elementor-section elementor-top-section elementor-element elementor-element-7caf8780 elementor-section-boxed elementor-section-height-default elementor-section-height-default\" data-id=\"7caf8780\" data-element_type=\"section\" data-e-type=\"section\">\n\t\t\t\t\t\t<div class=\"elementor-container elementor-column-gap-default\">\n\t\t\t\t\t<div class=\"aux-parallax-section elementor-column elementor-col-100 elementor-top-column elementor-element elementor-element-8ab1a67\" data-id=\"8ab1a67\" data-element_type=\"column\" data-e-type=\"column\">\n\t\t\t<div class=\"elementor-widget-wrap elementor-element-populated\">\n\t\t\t\t\t\t<div class=\"elementor-element elementor-element-64576a42 elementor-widget elementor-widget-text-editor\" data-id=\"64576a42\" data-element_type=\"widget\" data-e-type=\"widget\" data-widget_type=\"text-editor.default\">\n\t\t\t\t<div class=\"elementor-widget-container\">\n\t\t\t\t\t\t\t\t\t<h1><a name=\"_Toc132999983\"><\/a><\/h1><ol><li><a name=\"_Toc177407055\"><\/a><strong> Yo soy yo<\/strong><\/li><\/ol><p>Yo soy yo<\/p><p>y mis canas.<\/p><p>Y mis largos paseos por calles extranjeras.<\/p><p>Yo soy yo<\/p><p>y soy la ciudad entera floreciendo a cada paso bajo mis pies descalzos, mis fantasmas<\/p><p>eternos<\/p><p>y mis ganas perpetuas<\/p><p>y mis cambios constantes<\/p><p>y mis hijos a ratos<\/p><p>y hermanos que se vienen<\/p><p>y adioses por doquier.<\/p><p>Yo soy yo<\/p><p>y el agua en la pecera<\/p><p>y el viento en el tejado<\/p><p>y el fango en el jard\u00edn\u2026<\/p><p>los dioses del Olimpo ca\u00eddos en la Tierra\u2026<\/p><p>Yo<\/p><p>soy<\/p><p>yo<\/p><p>y mi miedo a que no me am\u00e9is.<\/p><p><span class='bctt-click-to-tweet'><span class='bctt-ctt-text'><a href='https:\/\/x.com\/intent\/tweet?url=https%3A%2F%2Fnuestrosescritores.com%2Fzoraidasanchez%2Fpoesia-del-libro-desde-marte-con-amor%2F&#038;text=%20Yo%20soy%20yo%20del%20libro%20DESDE%20MARTE%20CON%20AMOR%20de%20ZORAIDA%20S%C3%81NCHEZ.&#038;related' target='_blank'rel=\"noopener noreferrer\"> Yo soy yo del libro DESDE MARTE CON AMOR de ZORAIDA S\u00c1NCHEZ. <\/a><\/span><a href='https:\/\/x.com\/intent\/tweet?url=https%3A%2F%2Fnuestrosescritores.com%2Fzoraidasanchez%2Fpoesia-del-libro-desde-marte-con-amor%2F&#038;text=%20Yo%20soy%20yo%20del%20libro%20DESDE%20MARTE%20CON%20AMOR%20de%20ZORAIDA%20S%C3%81NCHEZ.&#038;related' target='_blank' class='bctt-ctt-btn'rel=\"noopener noreferrer\">Compartir en X<\/a><\/span><\/p>\t\t\t\t\t\t\t\t<\/div>\n\t\t\t\t<\/div>\n\t\t\t\t\t<\/div>\n\t\t<\/div>\n\t\t\t\t\t<\/div>\n\t\t<\/section>\n\t\t\t\t<section class=\"elementor-section elementor-top-section elementor-element elementor-element-78d9e12e elementor-section-height-full elementor-section-content-middle back elementor-section-boxed elementor-section-height-default elementor-section-items-middle\" data-id=\"78d9e12e\" data-element_type=\"section\" data-e-type=\"section\">\n\t\t\t\t\t\t\t<div class=\"elementor-background-overlay\"><\/div>\n\t\t\t\t\t\t\t<div class=\"elementor-container elementor-column-gap-no\">\n\t\t\t\t\t<div class=\"aux-parallax-section elementor-column elementor-col-100 elementor-top-column elementor-element elementor-element-7851bf41\" data-id=\"7851bf41\" data-element_type=\"column\" data-e-type=\"column\">\n\t\t\t<div class=\"elementor-widget-wrap\">\n\t\t\t\t\t\t\t<\/div>\n\t\t<\/div>\n\t\t\t\t\t<\/div>\n\t\t<\/section>\n\t\t\t\t<section class=\"elementor-section elementor-top-section elementor-element elementor-element-17615fd elementor-section-full_width elementor-section-height-full elementor-section-height-default elementor-section-items-middle\" data-id=\"17615fd\" data-element_type=\"section\" data-e-type=\"section\">\n\t\t\t\t\t\t<div class=\"elementor-container elementor-column-gap-default\">\n\t\t\t\t\t<div class=\"aux-parallax-section elementor-column elementor-col-100 elementor-top-column elementor-element elementor-element-18a74818\" data-id=\"18a74818\" data-element_type=\"column\" data-e-type=\"column\">\n\t\t\t<div class=\"elementor-widget-wrap elementor-element-populated\">\n\t\t\t\t\t\t<div class=\"elementor-element elementor-element-d295ae7 elementor-widget elementor-widget-text-editor\" data-id=\"d295ae7\" data-element_type=\"widget\" data-e-type=\"widget\" data-widget_type=\"text-editor.default\">\n\t\t\t\t<div class=\"elementor-widget-container\">\n\t\t\t\t\t\t\t\t\t<h1><a name=\"_Toc132999983\"><\/a><\/h1><h1><a name=\"_Toc132999987\"><\/a><\/h1><ol start=\"7\"><li><a name=\"_Toc177407061\"><\/a><strong> Te gustaba m\u00e1s<\/strong><\/li><\/ol><p>Te gustaba m\u00e1s<\/p><p>cuando eras alguien con quien no pod\u00eda competir. Te gustaba<\/p><p>esa mezcla dulce de vulnerabilidad y silencio.<\/p><p>Te gustaba entretenida.<\/p><p>Te gustaba controlada<\/p><p>entre los fuegos de la hornilla.<\/p><p>Te gustaba m\u00e1s vista desde lejos.<\/p><p>Te gustaba con las u\u00f1as cortas,<\/p><p>encerrada en la alcoba,<\/p><p>entre mares de dudas.<\/p><p>Te gustaba a ratitos,<\/p><p>que bailara a tu ritmo,<\/p><p>tenerme en la pecera.<\/p><p>Te gustaba que no limpiara la vitrina de las alas cortadas.<\/p><p>Te gustaba m\u00e1s<\/p><p>cuando no te supon\u00eda una amenaza.<\/p><p>Te gustaban los paisajes urbanos,<\/p><p>animales dom\u00e9sticos,<\/p><p>los bosques enmarcados.<\/p><p>\u00a1Has hecho tantas presas para este torrente inabarcable!<\/p><p>Te gustaba m\u00e1s<\/p><p>cuando romp\u00ed la punta de mi l\u00e1piz&#8230;<\/p><p>porque desde que encontr\u00e9 el afilador tienes un miedo terrible de que ya no te necesite<\/p><p>para escribirme versos.<\/p><p><span class='bctt-click-to-tweet'><span class='bctt-ctt-text'><a href='https:\/\/x.com\/intent\/tweet?url=https%3A%2F%2Fnuestrosescritores.com%2Fzoraidasanchez%2Fpoesia-del-libro-desde-marte-con-amor%2F&#038;text=Te%20gustaba%20m%C3%A1s%20del%20libro%20DESDE%20MARTE%20CON%20AMOR%20de%20ZORAIDA%20S%C3%81NCHEZ.&#038;related' target='_blank'rel=\"noopener noreferrer\">Te gustaba m\u00e1s del libro DESDE MARTE CON AMOR de ZORAIDA S\u00c1NCHEZ. <\/a><\/span><a href='https:\/\/x.com\/intent\/tweet?url=https%3A%2F%2Fnuestrosescritores.com%2Fzoraidasanchez%2Fpoesia-del-libro-desde-marte-con-amor%2F&#038;text=Te%20gustaba%20m%C3%A1s%20del%20libro%20DESDE%20MARTE%20CON%20AMOR%20de%20ZORAIDA%20S%C3%81NCHEZ.&#038;related' target='_blank' class='bctt-ctt-btn'rel=\"noopener noreferrer\">Compartir en X<\/a><\/span><\/p>\t\t\t\t\t\t\t\t<\/div>\n\t\t\t\t<\/div>\n\t\t\t\t\t<\/div>\n\t\t<\/div>\n\t\t\t\t\t<\/div>\n\t\t<\/section>\n\t\t\t\t<section class=\"elementor-section elementor-top-section elementor-element elementor-element-37262fcd elementor-section-full_width elementor-section-height-full elementor-section-content-middle back elementor-section-height-default elementor-section-items-middle\" data-id=\"37262fcd\" data-element_type=\"section\" data-e-type=\"section\">\n\t\t\t\t\t\t\t<div class=\"elementor-background-overlay\"><\/div>\n\t\t\t\t\t\t\t<div class=\"elementor-container elementor-column-gap-no\">\n\t\t\t\t\t<div class=\"aux-parallax-section elementor-column elementor-col-100 elementor-top-column elementor-element elementor-element-707d95a2\" data-id=\"707d95a2\" data-element_type=\"column\" data-e-type=\"column\">\n\t\t\t<div class=\"elementor-widget-wrap\">\n\t\t\t\t\t\t\t<\/div>\n\t\t<\/div>\n\t\t\t\t\t<\/div>\n\t\t<\/section>\n\t\t\t\t<section class=\"elementor-section elementor-top-section elementor-element elementor-element-1beff309 elementor-section-boxed elementor-section-height-default elementor-section-height-default\" data-id=\"1beff309\" data-element_type=\"section\" data-e-type=\"section\">\n\t\t\t\t\t\t<div class=\"elementor-container elementor-column-gap-default\">\n\t\t\t\t\t<div class=\"aux-parallax-section elementor-column elementor-col-100 elementor-top-column elementor-element elementor-element-7d9a8a92\" data-id=\"7d9a8a92\" data-element_type=\"column\" data-e-type=\"column\">\n\t\t\t<div class=\"elementor-widget-wrap elementor-element-populated\">\n\t\t\t\t\t\t<div class=\"elementor-element elementor-element-3be75e56 elementor-widget elementor-widget-text-editor\" data-id=\"3be75e56\" data-element_type=\"widget\" data-e-type=\"widget\" data-widget_type=\"text-editor.default\">\n\t\t\t\t<div class=\"elementor-widget-container\">\n\t\t\t\t\t\t\t\t\t<h1><a name=\"_Toc133000005\"><\/a><\/h1><ol start=\"11\"><li><h1><strong> La ni\u00f1a linda<\/strong><\/h1><\/li><\/ol><p>Cada ma\u00f1ana<\/p><p>la ni\u00f1a linda se asoma a la ventana.<\/p><p>Cose despacio sus l\u00e1grimas<\/p><p>a las r\u00e1fagas de viento que la acunan.<\/p><p>Plancha sus penas<\/p><p>y alisa con cuidado sus suspiros, cada ma\u00f1ana. Camina<\/p><p>por la casa.<\/p><p>Pone alfileres aqu\u00ed y all\u00e1 para sostenerlo todo.<\/p><p>Y cuando llega la noche,<\/p><p>sus largas pesta\u00f1as bordan sue\u00f1os en la almohada\u2026<\/p><p>Y en sue\u00f1os canta:<\/p><p>\u201cTengo una aguja clavada en el fondo del alma.<\/p><p>Con ella me cos\u00ed\u201d.<\/p><p><span class='bctt-click-to-tweet'><span class='bctt-ctt-text'><a href='https:\/\/x.com\/intent\/tweet?url=https%3A%2F%2Fnuestrosescritores.com%2Fzoraidasanchez%2Fpoesia-del-libro-desde-marte-con-amor%2F&#038;text=La%20ni%C3%B1a%20linda%20del%20libro%20DESDE%20MARTE%20CON%20AMOR%20de%20ZORAIDA%20S%C3%81NCHEZ.&#038;related' target='_blank'rel=\"noopener noreferrer\">La ni\u00f1a linda del libro DESDE MARTE CON AMOR de ZORAIDA S\u00c1NCHEZ. <\/a><\/span><a href='https:\/\/x.com\/intent\/tweet?url=https%3A%2F%2Fnuestrosescritores.com%2Fzoraidasanchez%2Fpoesia-del-libro-desde-marte-con-amor%2F&#038;text=La%20ni%C3%B1a%20linda%20del%20libro%20DESDE%20MARTE%20CON%20AMOR%20de%20ZORAIDA%20S%C3%81NCHEZ.&#038;related' target='_blank' class='bctt-ctt-btn'rel=\"noopener noreferrer\">Compartir en X<\/a><\/span><\/p>\t\t\t\t\t\t\t\t<\/div>\n\t\t\t\t<\/div>\n\t\t\t\t\t<\/div>\n\t\t<\/div>\n\t\t\t\t\t<\/div>\n\t\t<\/section>\n\t\t\t\t<section class=\"elementor-section elementor-top-section elementor-element elementor-element-79f8a669 elementor-section-full_width elementor-section-height-full elementor-section-content-middle back elementor-section-height-default elementor-section-items-middle\" data-id=\"79f8a669\" data-element_type=\"section\" data-e-type=\"section\">\n\t\t\t\t\t\t\t<div class=\"elementor-background-overlay\"><\/div>\n\t\t\t\t\t\t\t<div class=\"elementor-container elementor-column-gap-no\">\n\t\t\t\t\t<div class=\"aux-parallax-section elementor-column elementor-col-100 elementor-top-column elementor-element elementor-element-18f7db04\" data-id=\"18f7db04\" data-element_type=\"column\" data-e-type=\"column\">\n\t\t\t<div class=\"elementor-widget-wrap\">\n\t\t\t\t\t\t\t<\/div>\n\t\t<\/div>\n\t\t\t\t\t<\/div>\n\t\t<\/section>\n\t\t\t\t<section class=\"elementor-section elementor-top-section elementor-element elementor-element-6afbd3c7 elementor-section-boxed elementor-section-height-default elementor-section-height-default\" data-id=\"6afbd3c7\" data-element_type=\"section\" data-e-type=\"section\">\n\t\t\t\t\t\t<div class=\"elementor-container elementor-column-gap-default\">\n\t\t\t\t\t<div class=\"aux-parallax-section elementor-column elementor-col-100 elementor-top-column elementor-element elementor-element-6f0d92e6\" data-id=\"6f0d92e6\" data-element_type=\"column\" data-e-type=\"column\">\n\t\t\t<div class=\"elementor-widget-wrap elementor-element-populated\">\n\t\t\t\t\t\t<div class=\"elementor-element elementor-element-592c6242 elementor-widget elementor-widget-text-editor\" data-id=\"592c6242\" data-element_type=\"widget\" data-e-type=\"widget\" data-widget_type=\"text-editor.default\">\n\t\t\t\t<div class=\"elementor-widget-container\">\n\t\t\t\t\t\t\t\t\t<h1><a name=\"_Toc133000005\"><\/a><\/h1><h1><a name=\"_Toc133000014\"><\/a><\/h1><h1><a name=\"_Toc177407066\"><\/a>12. Volver a casa<\/h1><p>Como las maletas.<\/p><p>Monedas de cambio.<\/p><p>Te toca, me toca,<\/p><p>te tocaba a ti.<\/p><p>Es mucho trabajo.<\/p><p>Necesitaba tanto<\/p><p>llegar a casa,<\/p><p>cerrar los ojos,<\/p><p>respirar ese aroma a dulce de membrillo,<\/p><p>estar detr\u00e1s de la puerta, lejos de todo,<\/p><p>sentarme en el suelo\u2026<\/p><p>Necesitaba volver a ver tus cuadros,<\/p><p>las luces fuera,<\/p><p>el lento caminar de las estaciones,<\/p><p>todos tus cachivaches,<\/p><p>los libros viejos,<\/p><p>el tacto irregular de la madera\u2026<\/p><p>Necesitaba no pensar.<\/p><p>Necesitaba coger un respiro.<\/p><p>Necesitaba los ruidos comunes,<\/p><p>las puertas desvencijadas,<\/p><p>la sensaci\u00f3n de \u00fatero abierto,<\/p><p>acurrucarme en el sof\u00e1\u2026<\/p><p><span class='bctt-click-to-tweet'><span class='bctt-ctt-text'><a href='https:\/\/x.com\/intent\/tweet?url=https%3A%2F%2Fnuestrosescritores.com%2Fzoraidasanchez%2Fpoesia-del-libro-desde-marte-con-amor%2F&#038;text=Volver%20a%20casa%20del%20libro%20DESDE%20MARTE%20CON%20AMOR%20de%20ZORAIDA%20S%C3%81NCHEZ.&#038;related' target='_blank'rel=\"noopener noreferrer\">Volver a casa del libro DESDE MARTE CON AMOR de ZORAIDA S\u00c1NCHEZ. <\/a><\/span><a href='https:\/\/x.com\/intent\/tweet?url=https%3A%2F%2Fnuestrosescritores.com%2Fzoraidasanchez%2Fpoesia-del-libro-desde-marte-con-amor%2F&#038;text=Volver%20a%20casa%20del%20libro%20DESDE%20MARTE%20CON%20AMOR%20de%20ZORAIDA%20S%C3%81NCHEZ.&#038;related' target='_blank' class='bctt-ctt-btn'rel=\"noopener noreferrer\">Compartir en X<\/a><\/span><\/p>\t\t\t\t\t\t\t\t<\/div>\n\t\t\t\t<\/div>\n\t\t\t\t\t<\/div>\n\t\t<\/div>\n\t\t\t\t\t<\/div>\n\t\t<\/section>\n\t\t\t\t<section class=\"elementor-section elementor-top-section elementor-element elementor-element-3753a493 elementor-section-full_width elementor-section-height-full elementor-section-content-middle back elementor-section-height-default elementor-section-items-middle\" data-id=\"3753a493\" data-element_type=\"section\" data-e-type=\"section\">\n\t\t\t\t\t\t\t<div class=\"elementor-background-overlay\"><\/div>\n\t\t\t\t\t\t\t<div class=\"elementor-container elementor-column-gap-no\">\n\t\t\t\t\t<div class=\"aux-parallax-section elementor-column elementor-col-100 elementor-top-column elementor-element elementor-element-171f843b\" data-id=\"171f843b\" data-element_type=\"column\" data-e-type=\"column\">\n\t\t\t<div class=\"elementor-widget-wrap\">\n\t\t\t\t\t\t\t<\/div>\n\t\t<\/div>\n\t\t\t\t\t<\/div>\n\t\t<\/section>\n\t\t\t\t<section class=\"elementor-section elementor-top-section elementor-element elementor-element-1f64f40f elementor-section-boxed elementor-section-height-default elementor-section-height-default\" data-id=\"1f64f40f\" data-element_type=\"section\" data-e-type=\"section\">\n\t\t\t\t\t\t<div class=\"elementor-container elementor-column-gap-default\">\n\t\t\t\t\t<div class=\"aux-parallax-section elementor-column elementor-col-100 elementor-top-column elementor-element elementor-element-bbfb55a\" data-id=\"bbfb55a\" data-element_type=\"column\" data-e-type=\"column\">\n\t\t\t<div class=\"elementor-widget-wrap elementor-element-populated\">\n\t\t\t\t\t\t<div class=\"elementor-element elementor-element-74bf14af elementor-widget elementor-widget-text-editor\" data-id=\"74bf14af\" data-element_type=\"widget\" data-e-type=\"widget\" data-widget_type=\"text-editor.default\">\n\t\t\t\t<div class=\"elementor-widget-container\">\n\t\t\t\t\t\t\t\t\t<h1><a name=\"_Toc133000005\"><\/a><\/h1><h1><a name=\"_Toc133000031\"><\/a><\/h1><p>Ya est\u00e1.<\/p><p>Ya puedo enfrentarme al mundo de nuevo.<\/p><p>Ya est\u00e1.<\/p><p><span class='bctt-click-to-tweet'><span class='bctt-ctt-text'><a href='https:\/\/x.com\/intent\/tweet?url=https%3A%2F%2Fnuestrosescritores.com%2Fzoraidasanchez%2Fpoesia-del-libro-desde-marte-con-amor%2F&#038;text=Ya%20est%C3%A1%20del%20libro%20DESDE%20MARTE%20CON%20AMOR%20de%20ZORAIDA%20S%C3%81NCHEZ.&#038;related' target='_blank'rel=\"noopener noreferrer\">Ya est\u00e1 del libro DESDE MARTE CON AMOR de ZORAIDA S\u00c1NCHEZ. <\/a><\/span><a href='https:\/\/x.com\/intent\/tweet?url=https%3A%2F%2Fnuestrosescritores.com%2Fzoraidasanchez%2Fpoesia-del-libro-desde-marte-con-amor%2F&#038;text=Ya%20est%C3%A1%20del%20libro%20DESDE%20MARTE%20CON%20AMOR%20de%20ZORAIDA%20S%C3%81NCHEZ.&#038;related' target='_blank' class='bctt-ctt-btn'rel=\"noopener noreferrer\">Compartir en X<\/a><\/span><\/p>\t\t\t\t\t\t\t\t<\/div>\n\t\t\t\t<\/div>\n\t\t\t\t\t<\/div>\n\t\t<\/div>\n\t\t\t\t\t<\/div>\n\t\t<\/section>\n\t\t\t\t<section class=\"elementor-section elementor-top-section elementor-element elementor-element-4b1fef6e elementor-section-full_width elementor-section-height-full elementor-section-content-middle back elementor-section-height-default elementor-section-items-middle\" data-id=\"4b1fef6e\" data-element_type=\"section\" data-e-type=\"section\">\n\t\t\t\t\t\t\t<div class=\"elementor-background-overlay\"><\/div>\n\t\t\t\t\t\t\t<div class=\"elementor-container elementor-column-gap-no\">\n\t\t\t\t\t<div class=\"aux-parallax-section elementor-column elementor-col-100 elementor-top-column elementor-element elementor-element-2b762dd8\" data-id=\"2b762dd8\" data-element_type=\"column\" data-e-type=\"column\">\n\t\t\t<div class=\"elementor-widget-wrap elementor-element-populated\">\n\t\t\t\t\t\t<div class=\"elementor-element elementor-element-19fcf0dc elementor-button-success elementor-align-center elementor-widget elementor-widget-button\" data-id=\"19fcf0dc\" data-element_type=\"widget\" data-e-type=\"widget\" data-widget_type=\"button.default\">\n\t\t\t\t<div class=\"elementor-widget-container\">\n\t\t\t\t\t\t\t\t\t<div class=\"elementor-button-wrapper\">\n\t\t\t\t\t<a class=\"elementor-button elementor-button-link elementor-size-xl\" href=\"https:\/\/gepa.es\/producto\/desde-marte-con-amor-zoraida-sanchez\/\">\n\t\t\t\t\t\t<span class=\"elementor-button-content-wrapper\">\n\t\t\t\t\t\t\t\t\t<span class=\"elementor-button-text\">COMPRAR EL LIBRO<\/span>\n\t\t\t\t\t<\/span>\n\t\t\t\t\t<\/a>\n\t\t\t\t<\/div>\n\t\t\t\t\t\t\t\t<\/div>\n\t\t\t\t<\/div>\n\t\t\t\t\t<\/div>\n\t\t<\/div>\n\t\t\t\t\t<\/div>\n\t\t<\/section>\n\t\t\t\t<\/div>\n\t\t","protected":false},"excerpt":{"rendered":"<p>Yo soy yo Yo soy yo y mis canas. Y mis largos paseos por calles extranjeras. Yo soy yo y soy la ciudad entera floreciendo a cada paso bajo mis pies descalzos, mis fantasmas eternos y mis ganas perpetuas y mis cambios constantes y mis hijos a ratos y hermanos que se vienen y adioses [&hellip;]<\/p>\n","protected":false},"author":1,"featured_media":0,"parent":0,"menu_order":0,"comment_status":"closed","ping_status":"closed","template":"","meta":{"_acf_changed":false,"footnotes":""},"class_list":["post-101","page","type-page","status-publish","hentry"],"acf":[],"yoast_head":"<!-- This site is optimized with the Yoast SEO Premium plugin v24.7 (Yoast SEO v27.4) - https:\/\/yoast.com\/product\/yoast-seo-premium-wordpress\/ -->\n<title>POES\u00cdA - Zoraida S\u00e1nchez<\/title>\n<meta name=\"description\" content=\"Poes\u00eda del libro desde Marte con amor, la escritora Zoraida S\u00e1nchez nos da una muestra tras publicar un libro con la Editorial Poes\u00eda eres t\u00fa.\" \/>\n<meta name=\"robots\" content=\"index, follow, max-snippet:-1, max-image-preview:large, max-video-preview:-1\" \/>\n<link rel=\"canonical\" href=\"https:\/\/nuestrosescritores.com\/zoraidasanchez\/poesia-del-libro-desde-marte-con-amor\/\" \/>\n<meta property=\"og:locale\" content=\"es_ES\" \/>\n<meta property=\"og:type\" content=\"article\" \/>\n<meta property=\"og:title\" content=\"POES\u00cdA\" \/>\n<meta property=\"og:description\" content=\"Poes\u00eda del libro desde Marte con amor, la escritora Zoraida S\u00e1nchez nos da una muestra tras publicar un libro con la Editorial Poes\u00eda eres t\u00fa.\" \/>\n<meta property=\"og:url\" content=\"https:\/\/nuestrosescritores.com\/zoraidasanchez\/poesia-del-libro-desde-marte-con-amor\/\" \/>\n<meta property=\"og:site_name\" content=\"Zoraida S\u00e1nchez\" \/>\n<meta property=\"article:modified_time\" content=\"2024-11-08T11:21:53+00:00\" \/>\n<meta name=\"twitter:card\" content=\"summary_large_image\" \/>\n<meta name=\"twitter:label1\" content=\"Tiempo de lectura\" \/>\n\t<meta name=\"twitter:data1\" content=\"3 minutos\" \/>\n<script type=\"application\/ld+json\" class=\"yoast-schema-graph\">{\"@context\":\"https:\\\/\\\/schema.org\",\"@graph\":[{\"@type\":\"WebPage\",\"@id\":\"https:\\\/\\\/nuestrosescritores.com\\\/zoraidasanchez\\\/poesia-del-libro-desde-marte-con-amor\\\/\",\"url\":\"https:\\\/\\\/nuestrosescritores.com\\\/zoraidasanchez\\\/poesia-del-libro-desde-marte-con-amor\\\/\",\"name\":\"POES\u00cdA - Zoraida S\u00e1nchez\",\"isPartOf\":{\"@id\":\"https:\\\/\\\/nuestrosescritores.com\\\/zoraidasanchez\\\/#website\"},\"datePublished\":\"2024-11-08T10:29:23+00:00\",\"dateModified\":\"2024-11-08T11:21:53+00:00\",\"description\":\"Poes\u00eda del libro desde Marte con amor, la escritora Zoraida S\u00e1nchez nos da una muestra tras publicar un libro con la Editorial Poes\u00eda eres t\u00fa.\",\"breadcrumb\":{\"@id\":\"https:\\\/\\\/nuestrosescritores.com\\\/zoraidasanchez\\\/poesia-del-libro-desde-marte-con-amor\\\/#breadcrumb\"},\"inLanguage\":\"es\",\"potentialAction\":[{\"@type\":\"ReadAction\",\"target\":[\"https:\\\/\\\/nuestrosescritores.com\\\/zoraidasanchez\\\/poesia-del-libro-desde-marte-con-amor\\\/\"]}]},{\"@type\":\"BreadcrumbList\",\"@id\":\"https:\\\/\\\/nuestrosescritores.com\\\/zoraidasanchez\\\/poesia-del-libro-desde-marte-con-amor\\\/#breadcrumb\",\"itemListElement\":[{\"@type\":\"ListItem\",\"position\":1,\"name\":\"Portada\",\"item\":\"https:\\\/\\\/nuestrosescritores.com\\\/zoraidasanchez\\\/\"},{\"@type\":\"ListItem\",\"position\":2,\"name\":\"POES\u00cdA\"}]},{\"@type\":\"WebSite\",\"@id\":\"https:\\\/\\\/nuestrosescritores.com\\\/zoraidasanchez\\\/#website\",\"url\":\"https:\\\/\\\/nuestrosescritores.com\\\/zoraidasanchez\\\/\",\"name\":\"Nuestros escritores\",\"description\":\"Escritora\",\"potentialAction\":[{\"@type\":\"SearchAction\",\"target\":{\"@type\":\"EntryPoint\",\"urlTemplate\":\"https:\\\/\\\/nuestrosescritores.com\\\/zoraidasanchez\\\/?s={search_term_string}\"},\"query-input\":{\"@type\":\"PropertyValueSpecification\",\"valueRequired\":true,\"valueName\":\"search_term_string\"}}],\"inLanguage\":\"es\"}]}<\/script>\n<!-- \/ Yoast SEO Premium plugin. -->","yoast_head_json":{"title":"POES\u00cdA - Zoraida S\u00e1nchez","description":"Poes\u00eda del libro desde Marte con amor, la escritora Zoraida S\u00e1nchez nos da una muestra tras publicar un libro con la Editorial Poes\u00eda eres t\u00fa.","robots":{"index":"index","follow":"follow","max-snippet":"max-snippet:-1","max-image-preview":"max-image-preview:large","max-video-preview":"max-video-preview:-1"},"canonical":"https:\/\/nuestrosescritores.com\/zoraidasanchez\/poesia-del-libro-desde-marte-con-amor\/","og_locale":"es_ES","og_type":"article","og_title":"POES\u00cdA","og_description":"Poes\u00eda del libro desde Marte con amor, la escritora Zoraida S\u00e1nchez nos da una muestra tras publicar un libro con la Editorial Poes\u00eda eres t\u00fa.","og_url":"https:\/\/nuestrosescritores.com\/zoraidasanchez\/poesia-del-libro-desde-marte-con-amor\/","og_site_name":"Zoraida S\u00e1nchez","article_modified_time":"2024-11-08T11:21:53+00:00","twitter_card":"summary_large_image","twitter_misc":{"Tiempo de lectura":"3 minutos"},"schema":{"@context":"https:\/\/schema.org","@graph":[{"@type":"WebPage","@id":"https:\/\/nuestrosescritores.com\/zoraidasanchez\/poesia-del-libro-desde-marte-con-amor\/","url":"https:\/\/nuestrosescritores.com\/zoraidasanchez\/poesia-del-libro-desde-marte-con-amor\/","name":"POES\u00cdA - Zoraida S\u00e1nchez","isPartOf":{"@id":"https:\/\/nuestrosescritores.com\/zoraidasanchez\/#website"},"datePublished":"2024-11-08T10:29:23+00:00","dateModified":"2024-11-08T11:21:53+00:00","description":"Poes\u00eda del libro desde Marte con amor, la escritora Zoraida S\u00e1nchez nos da una muestra tras publicar un libro con la Editorial Poes\u00eda eres t\u00fa.","breadcrumb":{"@id":"https:\/\/nuestrosescritores.com\/zoraidasanchez\/poesia-del-libro-desde-marte-con-amor\/#breadcrumb"},"inLanguage":"es","potentialAction":[{"@type":"ReadAction","target":["https:\/\/nuestrosescritores.com\/zoraidasanchez\/poesia-del-libro-desde-marte-con-amor\/"]}]},{"@type":"BreadcrumbList","@id":"https:\/\/nuestrosescritores.com\/zoraidasanchez\/poesia-del-libro-desde-marte-con-amor\/#breadcrumb","itemListElement":[{"@type":"ListItem","position":1,"name":"Portada","item":"https:\/\/nuestrosescritores.com\/zoraidasanchez\/"},{"@type":"ListItem","position":2,"name":"POES\u00cdA"}]},{"@type":"WebSite","@id":"https:\/\/nuestrosescritores.com\/zoraidasanchez\/#website","url":"https:\/\/nuestrosescritores.com\/zoraidasanchez\/","name":"Nuestros escritores","description":"Escritora","potentialAction":[{"@type":"SearchAction","target":{"@type":"EntryPoint","urlTemplate":"https:\/\/nuestrosescritores.com\/zoraidasanchez\/?s={search_term_string}"},"query-input":{"@type":"PropertyValueSpecification","valueRequired":true,"valueName":"search_term_string"}}],"inLanguage":"es"}]}},"_links":{"self":[{"href":"https:\/\/nuestrosescritores.com\/zoraidasanchez\/wp-json\/wp\/v2\/pages\/101","targetHints":{"allow":["GET"]}}],"collection":[{"href":"https:\/\/nuestrosescritores.com\/zoraidasanchez\/wp-json\/wp\/v2\/pages"}],"about":[{"href":"https:\/\/nuestrosescritores.com\/zoraidasanchez\/wp-json\/wp\/v2\/types\/page"}],"author":[{"embeddable":true,"href":"https:\/\/nuestrosescritores.com\/zoraidasanchez\/wp-json\/wp\/v2\/users\/1"}],"replies":[{"embeddable":true,"href":"https:\/\/nuestrosescritores.com\/zoraidasanchez\/wp-json\/wp\/v2\/comments?post=101"}],"version-history":[{"count":0,"href":"https:\/\/nuestrosescritores.com\/zoraidasanchez\/wp-json\/wp\/v2\/pages\/101\/revisions"}],"wp:attachment":[{"href":"https:\/\/nuestrosescritores.com\/zoraidasanchez\/wp-json\/wp\/v2\/media?parent=101"}],"curies":[{"name":"wp","href":"https:\/\/api.w.org\/{rel}","templated":true}]}}