{"id":161,"date":"2023-05-20T18:27:41","date_gmt":"2023-05-20T18:27:41","guid":{"rendered":"https:\/\/nuestrosescritores.com\/victoriatorresvillasevil\/?page_id=161"},"modified":"2023-05-21T21:29:44","modified_gmt":"2023-05-21T21:29:44","slug":"poesia","status":"publish","type":"page","link":"https:\/\/nuestrosescritores.com\/victoriatorresvillasevil\/poesia\/","title":{"rendered":"POES\u00cdA"},"content":{"rendered":"\t\t<div data-elementor-type=\"wp-page\" data-elementor-id=\"161\" class=\"elementor elementor-161\">\n\t\t\t\t\t\t<section class=\"elementor-section elementor-top-section elementor-element elementor-element-3cc04e19 elementor-section-full_width elementor-section-height-full elementor-section-content-middle back elementor-section-height-default elementor-section-items-middle\" data-id=\"3cc04e19\" data-element_type=\"section\" data-e-type=\"section\">\n\t\t\t\t\t\t\t<div class=\"elementor-background-overlay\"><\/div>\n\t\t\t\t\t\t\t<div class=\"elementor-container elementor-column-gap-no\">\n\t\t\t\t\t<div class=\"aux-parallax-section elementor-column elementor-col-100 elementor-top-column elementor-element elementor-element-2e009b3f\" data-id=\"2e009b3f\" data-element_type=\"column\" data-e-type=\"column\">\n\t\t\t<div class=\"elementor-widget-wrap\">\n\t\t\t\t\t\t\t<\/div>\n\t\t<\/div>\n\t\t\t\t\t<\/div>\n\t\t<\/section>\n\t\t\t\t<section class=\"elementor-section elementor-top-section elementor-element elementor-element-45c0d9a7 elementor-section-boxed elementor-section-height-default elementor-section-height-default\" data-id=\"45c0d9a7\" data-element_type=\"section\" data-e-type=\"section\">\n\t\t\t\t\t\t<div class=\"elementor-container elementor-column-gap-default\">\n\t\t\t\t\t<div class=\"aux-parallax-section elementor-column elementor-col-100 elementor-top-column elementor-element elementor-element-5be0da80\" data-id=\"5be0da80\" data-element_type=\"column\" data-e-type=\"column\">\n\t\t\t<div class=\"elementor-widget-wrap elementor-element-populated\">\n\t\t\t\t\t\t<div class=\"elementor-element elementor-element-6c8ff1a elementor-widget elementor-widget-text-editor\" data-id=\"6c8ff1a\" data-element_type=\"widget\" data-e-type=\"widget\" data-widget_type=\"text-editor.default\">\n\t\t\t\t<div class=\"elementor-widget-container\">\n\t\t\t\t\t\t\t\t\t<h1><a name=\"_Toc133165820\"><\/a><strong>AROMA A ESPLIEGO<\/strong><\/h1><p>\u00a0<\/p><p>Se encumbra en lo m\u00e1s alto<\/p><p>los amores, testigo de los andamiajes<\/p><p>del juego de la vida primoroso,<\/p><p>dialogando a mi alma de sus gozos,<\/p><p>\u00a0<\/p><p>\u00a0<\/p><p>as\u00ed se va quemando la llama,<\/p><p>que se inflama de ardores divinos,<\/p><p>y en un juego de luces y de sombras,<\/p><p>se va creando el devenir de un destino.<\/p><p>\u00a0<\/p><p>De esta manera, fabrico en mi mente,<\/p><p>el libertador sosiego de mi esp\u00edritu<\/p><p>y hago un sentir a mi coraz\u00f3n,<\/p><p>colm\u00e1ndolo de paz y armon\u00eda<\/p><p>con aromas de espliego<\/p><p>y de verdores renacidos.<\/p><p><span class='bctt-click-to-tweet'><span class='bctt-ctt-text'><a href='https:\/\/x.com\/intent\/tweet?url=https%3A%2F%2Fnuestrosescritores.com%2Fvictoriatorresvillasevil%2Fpoesia%2F&#038;text=AROMA%20A%20ESPLIEGO%20del%20libro%20EN%20SEPTIEMBRE%20VOLVIERON%20LAS%20LLUVIAS%20de%20VICTORIA%20TORRES%20VILLASEVIL.&#038;related' target='_blank'rel=\"noopener noreferrer\">AROMA A ESPLIEGO del libro EN SEPTIEMBRE VOLVIERON LAS LLUVIAS de VICTORIA TORRES VILLASEVIL. <\/a><\/span><a href='https:\/\/x.com\/intent\/tweet?url=https%3A%2F%2Fnuestrosescritores.com%2Fvictoriatorresvillasevil%2Fpoesia%2F&#038;text=AROMA%20A%20ESPLIEGO%20del%20libro%20EN%20SEPTIEMBRE%20VOLVIERON%20LAS%20LLUVIAS%20de%20VICTORIA%20TORRES%20VILLASEVIL.&#038;related' target='_blank' class='bctt-ctt-btn'rel=\"noopener noreferrer\">Compartir en X<\/a><\/span><\/p>\t\t\t\t\t\t\t\t<\/div>\n\t\t\t\t<\/div>\n\t\t\t\t\t<\/div>\n\t\t<\/div>\n\t\t\t\t\t<\/div>\n\t\t<\/section>\n\t\t\t\t<section class=\"elementor-section elementor-top-section elementor-element elementor-element-6ca6dc30 elementor-section-height-full elementor-section-content-middle back elementor-section-boxed elementor-section-height-default elementor-section-items-middle\" data-id=\"6ca6dc30\" data-element_type=\"section\" data-e-type=\"section\">\n\t\t\t\t\t\t\t<div class=\"elementor-background-overlay\"><\/div>\n\t\t\t\t\t\t\t<div class=\"elementor-container elementor-column-gap-no\">\n\t\t\t\t\t<div class=\"aux-parallax-section elementor-column elementor-col-100 elementor-top-column elementor-element elementor-element-183ef88\" data-id=\"183ef88\" data-element_type=\"column\" data-e-type=\"column\">\n\t\t\t<div class=\"elementor-widget-wrap\">\n\t\t\t\t\t\t\t<\/div>\n\t\t<\/div>\n\t\t\t\t\t<\/div>\n\t\t<\/section>\n\t\t\t\t<section class=\"elementor-section elementor-top-section elementor-element elementor-element-285eb556 elementor-section-full_width elementor-section-height-full elementor-section-height-default elementor-section-items-middle\" data-id=\"285eb556\" data-element_type=\"section\" data-e-type=\"section\">\n\t\t\t\t\t\t<div class=\"elementor-container elementor-column-gap-default\">\n\t\t\t\t\t<div class=\"aux-parallax-section elementor-column elementor-col-100 elementor-top-column elementor-element elementor-element-7e423377\" data-id=\"7e423377\" data-element_type=\"column\" data-e-type=\"column\">\n\t\t\t<div class=\"elementor-widget-wrap elementor-element-populated\">\n\t\t\t\t\t\t<div class=\"elementor-element elementor-element-7d27f1dd elementor-widget elementor-widget-text-editor\" data-id=\"7d27f1dd\" data-element_type=\"widget\" data-e-type=\"widget\" data-widget_type=\"text-editor.default\">\n\t\t\t\t<div class=\"elementor-widget-container\">\n\t\t\t\t\t\t\t\t\t<h1><a name=\"_Toc132999983\"><\/a><\/h1><h1><a name=\"_Toc132999987\"><\/a><\/h1><h1><a name=\"_Toc133165826\"><\/a><strong>LLAM\u00c1NDOTE DE NUEVO<\/strong><\/h1><p>\u00a0<\/p><p>Amor que define y contradice<\/p><p>el tiempo encuadr\u00e1ndolo en su estructura,<\/p><p>embeleso con que atrapa los recuerdos<\/p><p>y crea nuevos gozos que hacen presos.<\/p><p>\u00a0<\/p><p>Mi coraz\u00f3n palpita llam\u00e1ndote de nuevo,<\/p><p>a un campo de amapolas, donde<\/p><p>buscar encontradas pasiones, que no<\/p><p>sientan nostalgias de bellezas, que<\/p><p>anta\u00f1o ocuparon un lugar de querencia.<\/p><p>\u00a0<\/p><p>Te reclamo de nuevo a la aventura,<\/p><p>del encuentro de nacidos sentimientos,<\/p><p>exentos de tristezas y agon\u00edas<\/p><p>y sin amor de dolor que los padezca,<\/p><p>\u00a0<\/p><p>Oigamos una nueva melod\u00eda, que<\/p><p>desgrane junto a los dos, esperanzas<\/p><p>que en el tiempo nunca perezcan.<\/p><p><span class='bctt-click-to-tweet'><span class='bctt-ctt-text'><a href='https:\/\/x.com\/intent\/tweet?url=https%3A%2F%2Fnuestrosescritores.com%2Fvictoriatorresvillasevil%2Fpoesia%2F&#038;text=LLAM%C3%81NDOTE%20DE%20NUEVO%20del%20libro%20EN%20SEPTIEMBRE%20VOLVIERON%20LAS%20LLUVIAS%20de%20VICTORIA%20TORRES%20VILLASEVIL.&#038;related' target='_blank'rel=\"noopener noreferrer\">LLAM\u00c1NDOTE DE NUEVO del libro EN SEPTIEMBRE VOLVIERON LAS LLUVIAS de VICTORIA TORRES VILLASEVIL. <\/a><\/span><a href='https:\/\/x.com\/intent\/tweet?url=https%3A%2F%2Fnuestrosescritores.com%2Fvictoriatorresvillasevil%2Fpoesia%2F&#038;text=LLAM%C3%81NDOTE%20DE%20NUEVO%20del%20libro%20EN%20SEPTIEMBRE%20VOLVIERON%20LAS%20LLUVIAS%20de%20VICTORIA%20TORRES%20VILLASEVIL.&#038;related' target='_blank' class='bctt-ctt-btn'rel=\"noopener noreferrer\">Compartir en X<\/a><\/span><\/p>\t\t\t\t\t\t\t\t<\/div>\n\t\t\t\t<\/div>\n\t\t\t\t\t<\/div>\n\t\t<\/div>\n\t\t\t\t\t<\/div>\n\t\t<\/section>\n\t\t\t\t<section class=\"elementor-section elementor-top-section elementor-element elementor-element-31ff55bc elementor-section-full_width elementor-section-height-full elementor-section-content-middle back elementor-section-height-default elementor-section-items-middle\" data-id=\"31ff55bc\" data-element_type=\"section\" data-e-type=\"section\">\n\t\t\t\t\t\t\t<div class=\"elementor-background-overlay\"><\/div>\n\t\t\t\t\t\t\t<div class=\"elementor-container elementor-column-gap-no\">\n\t\t\t\t\t<div class=\"aux-parallax-section elementor-column elementor-col-100 elementor-top-column elementor-element elementor-element-4d08ffa6\" data-id=\"4d08ffa6\" data-element_type=\"column\" data-e-type=\"column\">\n\t\t\t<div class=\"elementor-widget-wrap\">\n\t\t\t\t\t\t\t<\/div>\n\t\t<\/div>\n\t\t\t\t\t<\/div>\n\t\t<\/section>\n\t\t\t\t<section class=\"elementor-section elementor-top-section elementor-element elementor-element-6118ddd3 elementor-section-boxed elementor-section-height-default elementor-section-height-default\" data-id=\"6118ddd3\" data-element_type=\"section\" data-e-type=\"section\">\n\t\t\t\t\t\t<div class=\"elementor-container elementor-column-gap-default\">\n\t\t\t\t\t<div class=\"aux-parallax-section elementor-column elementor-col-100 elementor-top-column elementor-element elementor-element-284c2bad\" data-id=\"284c2bad\" data-element_type=\"column\" data-e-type=\"column\">\n\t\t\t<div class=\"elementor-widget-wrap elementor-element-populated\">\n\t\t\t\t\t\t<div class=\"elementor-element elementor-element-5df6e362 elementor-widget elementor-widget-text-editor\" data-id=\"5df6e362\" data-element_type=\"widget\" data-e-type=\"widget\" data-widget_type=\"text-editor.default\">\n\t\t\t\t<div class=\"elementor-widget-container\">\n\t\t\t\t\t\t\t\t\t<h1><a name=\"_Toc132999983\"><\/a><\/h1><h1><a name=\"_Toc132999987\"><\/a><\/h1><h1><a name=\"_Toc133165833\"><\/a><strong>PARA PENSAR<\/strong><\/h1><p>\u00a0<\/p><p>El segundo de un dolor eterno,<\/p><p>el segundo de un amor perdido,<\/p><p>el segundo de un ser para no ser,<\/p><p>el segundo que llena la vida de pasi\u00f3n,<\/p><p>el segundo de querer y ser querido,<\/p><p>el segundo de morir para renacer,<\/p><p>el segundo de pensar lo que se ha sido,<\/p><p>el segundo de vencer a lo vencido;<\/p><p>\u00a0<\/p><p>todo ello en un segundo,<\/p><p>pasi\u00f3n, vida, sue\u00f1o, muerte,<\/p><p>basta un solo segundo<\/p><p>para pensar en todo lo<\/p><p>que se ha tenido.<\/p><p><span class='bctt-click-to-tweet'><span class='bctt-ctt-text'><a href='https:\/\/x.com\/intent\/tweet?url=https%3A%2F%2Fnuestrosescritores.com%2Fvictoriatorresvillasevil%2Fpoesia%2F&#038;text=PARA%20PENSAR%20del%20libro%20EN%20SEPTIEMBRE%20VOLVIERON%20LAS%20LLUVIAS%20de%20VICTORIA%20TORRES%20VILLASEVIL.&#038;related' target='_blank'rel=\"noopener noreferrer\">PARA PENSAR del libro EN SEPTIEMBRE VOLVIERON LAS LLUVIAS de VICTORIA TORRES VILLASEVIL. <\/a><\/span><a href='https:\/\/x.com\/intent\/tweet?url=https%3A%2F%2Fnuestrosescritores.com%2Fvictoriatorresvillasevil%2Fpoesia%2F&#038;text=PARA%20PENSAR%20del%20libro%20EN%20SEPTIEMBRE%20VOLVIERON%20LAS%20LLUVIAS%20de%20VICTORIA%20TORRES%20VILLASEVIL.&#038;related' target='_blank' class='bctt-ctt-btn'rel=\"noopener noreferrer\">Compartir en X<\/a><\/span><\/p>\t\t\t\t\t\t\t\t<\/div>\n\t\t\t\t<\/div>\n\t\t\t\t\t<\/div>\n\t\t<\/div>\n\t\t\t\t\t<\/div>\n\t\t<\/section>\n\t\t\t\t<section class=\"elementor-section elementor-top-section elementor-element elementor-element-6953dd19 elementor-section-full_width elementor-section-height-full elementor-section-content-middle back elementor-section-height-default elementor-section-items-middle\" data-id=\"6953dd19\" data-element_type=\"section\" data-e-type=\"section\">\n\t\t\t\t\t\t\t<div class=\"elementor-background-overlay\"><\/div>\n\t\t\t\t\t\t\t<div class=\"elementor-container elementor-column-gap-no\">\n\t\t\t\t\t<div class=\"aux-parallax-section elementor-column elementor-col-100 elementor-top-column elementor-element elementor-element-78018114\" data-id=\"78018114\" data-element_type=\"column\" data-e-type=\"column\">\n\t\t\t<div class=\"elementor-widget-wrap\">\n\t\t\t\t\t\t\t<\/div>\n\t\t<\/div>\n\t\t\t\t\t<\/div>\n\t\t<\/section>\n\t\t\t\t<section class=\"elementor-section elementor-top-section elementor-element elementor-element-49f438e6 elementor-section-boxed elementor-section-height-default elementor-section-height-default\" data-id=\"49f438e6\" data-element_type=\"section\" data-e-type=\"section\">\n\t\t\t\t\t\t<div class=\"elementor-container elementor-column-gap-default\">\n\t\t\t\t\t<div class=\"aux-parallax-section elementor-column elementor-col-100 elementor-top-column elementor-element elementor-element-7dfdfd0b\" data-id=\"7dfdfd0b\" data-element_type=\"column\" data-e-type=\"column\">\n\t\t\t<div class=\"elementor-widget-wrap elementor-element-populated\">\n\t\t\t\t\t\t<div class=\"elementor-element elementor-element-5a4a446a elementor-widget elementor-widget-text-editor\" data-id=\"5a4a446a\" data-element_type=\"widget\" data-e-type=\"widget\" data-widget_type=\"text-editor.default\">\n\t\t\t\t<div class=\"elementor-widget-container\">\n\t\t\t\t\t\t\t\t\t<h1><a name=\"_Toc133000005\"><\/a><\/h1><h1><a name=\"_Toc133000014\"><\/a><\/h1><h1><strong>EN SEPTIEMBRE<\/strong><\/h1><p>Y llegaron las lluvias en septiembre,<br \/>sin anuncio previo salieron de su letargo<br \/>y, sin embargo, empa\u00f1aron todo lo ajeno;<\/p><p>pero no fueron esas aguas,<br \/>lo que enmoheci\u00f3 el resurgir de una agon\u00eda,<br \/>sino un transcurrir interno de l\u00e1grimas,<br \/>que tambi\u00e9n septiembre trajo con sus d\u00edas;<\/p><p>vino con un encargo de verdades escondidas,<br \/>que sumi\u00f3 en un sue\u00f1o letal a la ilusi\u00f3n<br \/>y a la dicha, que puso hielo al coraz\u00f3n<br \/>y rompi\u00f3 al alba su armon\u00eda;<\/p><p>a veces el m\u00e1s bello despertar se hace a\u00f1icos,<br \/>y el pasado se llena de espinas, tan solo queda<br \/>esperar que las nubes cesen con sus lluvias, y el sol,<br \/>traficante de espejismos aparezca oteante por el horizonte.<\/p><p><span class='bctt-click-to-tweet'><span class='bctt-ctt-text'><a href='https:\/\/x.com\/intent\/tweet?url=https%3A%2F%2Fnuestrosescritores.com%2Fvictoriatorresvillasevil%2Fpoesia%2F&#038;text=EN%20SEPTIEMBRE%20del%20libro%20EN%20SEPTIEMBRE%20VOLVIERON%20LAS%20LLUVIAS%20de%20VICTORIA%20TORRES%20VILLASEVIL.&#038;related' target='_blank'rel=\"noopener noreferrer\">EN SEPTIEMBRE del libro EN SEPTIEMBRE VOLVIERON LAS LLUVIAS de VICTORIA TORRES VILLASEVIL. <\/a><\/span><a href='https:\/\/x.com\/intent\/tweet?url=https%3A%2F%2Fnuestrosescritores.com%2Fvictoriatorresvillasevil%2Fpoesia%2F&#038;text=EN%20SEPTIEMBRE%20del%20libro%20EN%20SEPTIEMBRE%20VOLVIERON%20LAS%20LLUVIAS%20de%20VICTORIA%20TORRES%20VILLASEVIL.&#038;related' target='_blank' class='bctt-ctt-btn'rel=\"noopener noreferrer\">Compartir en X<\/a><\/span><\/p>\t\t\t\t\t\t\t\t<\/div>\n\t\t\t\t<\/div>\n\t\t\t\t\t<\/div>\n\t\t<\/div>\n\t\t\t\t\t<\/div>\n\t\t<\/section>\n\t\t\t\t<section class=\"elementor-section elementor-top-section elementor-element elementor-element-6a3b0547 elementor-section-full_width elementor-section-height-full elementor-section-content-middle back elementor-section-height-default elementor-section-items-middle\" data-id=\"6a3b0547\" data-element_type=\"section\" data-e-type=\"section\">\n\t\t\t\t\t\t\t<div class=\"elementor-background-overlay\"><\/div>\n\t\t\t\t\t\t\t<div class=\"elementor-container elementor-column-gap-no\">\n\t\t\t\t\t<div class=\"aux-parallax-section elementor-column elementor-col-100 elementor-top-column elementor-element elementor-element-3e62ec2c\" data-id=\"3e62ec2c\" data-element_type=\"column\" data-e-type=\"column\">\n\t\t\t<div class=\"elementor-widget-wrap\">\n\t\t\t\t\t\t\t<\/div>\n\t\t<\/div>\n\t\t\t\t\t<\/div>\n\t\t<\/section>\n\t\t\t\t<section class=\"elementor-section elementor-top-section elementor-element elementor-element-226ee244 elementor-section-boxed elementor-section-height-default elementor-section-height-default\" data-id=\"226ee244\" data-element_type=\"section\" data-e-type=\"section\">\n\t\t\t\t\t\t<div class=\"elementor-container elementor-column-gap-default\">\n\t\t\t\t\t<div class=\"aux-parallax-section elementor-column elementor-col-100 elementor-top-column elementor-element elementor-element-3ab4469\" data-id=\"3ab4469\" data-element_type=\"column\" data-e-type=\"column\">\n\t\t\t<div class=\"elementor-widget-wrap elementor-element-populated\">\n\t\t\t\t\t\t<div class=\"elementor-element elementor-element-6cdfc541 elementor-widget elementor-widget-text-editor\" data-id=\"6cdfc541\" data-element_type=\"widget\" data-e-type=\"widget\" data-widget_type=\"text-editor.default\">\n\t\t\t\t<div class=\"elementor-widget-container\">\n\t\t\t\t\t\t\t\t\t<h1><a name=\"_Toc133000005\"><\/a><\/h1><h1><a name=\"_Toc133000031\"><\/a><\/h1><h1><a name=\"_Toc133165863\"><\/a><strong>TU HECHURA NO VEO<\/strong><\/h1><p>\u00a0<\/p><p>Ya ni siquiera eres un recuerdo,<\/p><p>s\u00f3lo correspondes a la nada<\/p><p>pues si te imagino tu hechura no veo,<\/p><p>tan solo percibo una leve sombra<\/p><p>que se fija en la fachada;<\/p><p>\u00a0<\/p><p>codiciaste la perfidia, mafioso<\/p><p>de lo intrigante, te inscribiste<\/p><p>en el libro de los muertos con<\/p><p>tu tormentoso esp\u00edritu hilarante;<\/p><p>\u00a0<\/p><p>lo m\u00e1s soterrado sali\u00f3 a la<\/p><p>superficie, mas los otros secretos<\/p><p>a tu espalda los echaste, al final<\/p><p>la vida misma te exigi\u00f3 que pagaras<\/p><p>el peaje, con un sinf\u00edn de tristezas,<\/p><p>soledades y sin reposo a tus tribulaciones,<\/p><p>aun cuando exhalaste tu \u00faltima<\/p><p>bocanada de aire;<\/p><p>\u00a0<\/p><p>\u00a0<\/p><p>\u00a0<\/p><p>se nutrir\u00e1n las tierras de abono,<\/p><p>pero tu coraz\u00f3n, ser\u00e1 un trozo de metal<\/p><p>que el tiempo oxidar\u00e1 entre los zarzales.<\/p><p><span class='bctt-click-to-tweet'><span class='bctt-ctt-text'><a href='https:\/\/x.com\/intent\/tweet?url=https%3A%2F%2Fnuestrosescritores.com%2Fvictoriatorresvillasevil%2Fpoesia%2F&#038;text=TU%20HECHURA%20NO%20VEO%20del%20libro%20EN%20SEPTIEMBRE%20VOLVIERON%20LAS%20LLUVIAS%20de%20VICTORIA%20TORRES%20VILLASEVIL.&#038;related' target='_blank'rel=\"noopener noreferrer\">TU HECHURA NO VEO del libro EN SEPTIEMBRE VOLVIERON LAS LLUVIAS de VICTORIA TORRES VILLASEVIL. <\/a><\/span><a href='https:\/\/x.com\/intent\/tweet?url=https%3A%2F%2Fnuestrosescritores.com%2Fvictoriatorresvillasevil%2Fpoesia%2F&#038;text=TU%20HECHURA%20NO%20VEO%20del%20libro%20EN%20SEPTIEMBRE%20VOLVIERON%20LAS%20LLUVIAS%20de%20VICTORIA%20TORRES%20VILLASEVIL.&#038;related' target='_blank' class='bctt-ctt-btn'rel=\"noopener noreferrer\">Compartir en X<\/a><\/span><\/p>\t\t\t\t\t\t\t\t<\/div>\n\t\t\t\t<\/div>\n\t\t\t\t\t<\/div>\n\t\t<\/div>\n\t\t\t\t\t<\/div>\n\t\t<\/section>\n\t\t\t\t<section class=\"elementor-section elementor-top-section elementor-element elementor-element-12564408 elementor-section-full_width elementor-section-height-full elementor-section-content-middle back elementor-section-height-default elementor-section-items-middle\" data-id=\"12564408\" data-element_type=\"section\" data-e-type=\"section\">\n\t\t\t\t\t\t\t<div class=\"elementor-background-overlay\"><\/div>\n\t\t\t\t\t\t\t<div class=\"elementor-container elementor-column-gap-no\">\n\t\t\t\t\t<div class=\"aux-parallax-section elementor-column elementor-col-100 elementor-top-column elementor-element elementor-element-6d312ce6\" data-id=\"6d312ce6\" data-element_type=\"column\" data-e-type=\"column\">\n\t\t\t<div class=\"elementor-widget-wrap elementor-element-populated\">\n\t\t\t\t\t\t<div class=\"elementor-element elementor-element-538b9a6c elementor-button-success elementor-align-center elementor-widget elementor-widget-button\" data-id=\"538b9a6c\" data-element_type=\"widget\" data-e-type=\"widget\" data-widget_type=\"button.default\">\n\t\t\t\t<div class=\"elementor-widget-container\">\n\t\t\t\t\t\t\t\t\t<div class=\"elementor-button-wrapper\">\n\t\t\t\t\t<a class=\"elementor-button elementor-button-link elementor-size-xl\" href=\"https:\/\/librodepoesia.com\/libro\/en-septiembre-volvieron-las-lluvias-victoria-torres-villasevil\/\">\n\t\t\t\t\t\t<span class=\"elementor-button-content-wrapper\">\n\t\t\t\t\t\t\t\t\t<span class=\"elementor-button-text\">COMPRAR EL LIBRO<\/span>\n\t\t\t\t\t<\/span>\n\t\t\t\t\t<\/a>\n\t\t\t\t<\/div>\n\t\t\t\t\t\t\t\t<\/div>\n\t\t\t\t<\/div>\n\t\t\t\t\t<\/div>\n\t\t<\/div>\n\t\t\t\t\t<\/div>\n\t\t<\/section>\n\t\t\t\t<\/div>\n\t\t","protected":false},"excerpt":{"rendered":"<p>AROMA A ESPLIEGO \u00a0 Se encumbra en lo m\u00e1s alto los amores, testigo de los andamiajes del juego de la vida primoroso, dialogando a mi alma de sus gozos, \u00a0 \u00a0 as\u00ed se va quemando la llama, que se inflama de ardores divinos, y en un juego de luces y de sombras, se va creando [&hellip;]<\/p>\n","protected":false},"author":1,"featured_media":0,"parent":0,"menu_order":0,"comment_status":"closed","ping_status":"closed","template":"","meta":{"_acf_changed":false,"footnotes":""},"class_list":["post-161","page","type-page","status-publish","hentry"],"acf":[],"yoast_head":"<!-- This site is optimized with the Yoast SEO Premium plugin v24.7 (Yoast SEO v27.4) - https:\/\/yoast.com\/product\/yoast-seo-premium-wordpress\/ -->\n<title>POES\u00cdA - Victoria Torres Villasevil<\/title>\n<meta name=\"robots\" content=\"index, follow, max-snippet:-1, max-image-preview:large, max-video-preview:-1\" \/>\n<link rel=\"canonical\" href=\"https:\/\/nuestrosescritores.com\/victoriatorresvillasevil\/poesia\/\" \/>\n<meta property=\"og:locale\" content=\"es_ES\" \/>\n<meta property=\"og:type\" content=\"article\" \/>\n<meta property=\"og:title\" content=\"POES\u00cdA\" \/>\n<meta property=\"og:description\" content=\"AROMA A ESPLIEGO \u00a0 Se encumbra en lo m\u00e1s alto los amores, testigo de los andamiajes del juego de la vida primoroso, dialogando a mi alma de sus gozos, \u00a0 \u00a0 as\u00ed se va quemando la llama, que se inflama de ardores divinos, y en un juego de luces y de sombras, se va creando [&hellip;]\" \/>\n<meta property=\"og:url\" content=\"https:\/\/nuestrosescritores.com\/victoriatorresvillasevil\/poesia\/\" \/>\n<meta property=\"og:site_name\" content=\"Victoria Torres Villasevil\" \/>\n<meta property=\"article:modified_time\" content=\"2023-05-21T21:29:44+00:00\" \/>\n<meta name=\"twitter:card\" content=\"summary_large_image\" \/>\n<meta name=\"twitter:label1\" content=\"Tiempo de lectura\" \/>\n\t<meta name=\"twitter:data1\" content=\"3 minutos\" \/>\n<script type=\"application\/ld+json\" class=\"yoast-schema-graph\">{\"@context\":\"https:\\\/\\\/schema.org\",\"@graph\":[{\"@type\":\"WebPage\",\"@id\":\"https:\\\/\\\/nuestrosescritores.com\\\/victoriatorresvillasevil\\\/poesia\\\/\",\"url\":\"https:\\\/\\\/nuestrosescritores.com\\\/victoriatorresvillasevil\\\/poesia\\\/\",\"name\":\"POES\u00cdA - Victoria Torres Villasevil\",\"isPartOf\":{\"@id\":\"https:\\\/\\\/nuestrosescritores.com\\\/victoriatorresvillasevil\\\/#website\"},\"datePublished\":\"2023-05-20T18:27:41+00:00\",\"dateModified\":\"2023-05-21T21:29:44+00:00\",\"breadcrumb\":{\"@id\":\"https:\\\/\\\/nuestrosescritores.com\\\/victoriatorresvillasevil\\\/poesia\\\/#breadcrumb\"},\"inLanguage\":\"es\",\"potentialAction\":[{\"@type\":\"ReadAction\",\"target\":[\"https:\\\/\\\/nuestrosescritores.com\\\/victoriatorresvillasevil\\\/poesia\\\/\"]}]},{\"@type\":\"BreadcrumbList\",\"@id\":\"https:\\\/\\\/nuestrosescritores.com\\\/victoriatorresvillasevil\\\/poesia\\\/#breadcrumb\",\"itemListElement\":[{\"@type\":\"ListItem\",\"position\":1,\"name\":\"Portada\",\"item\":\"https:\\\/\\\/nuestrosescritores.com\\\/victoriatorresvillasevil\\\/\"},{\"@type\":\"ListItem\",\"position\":2,\"name\":\"POES\u00cdA\"}]},{\"@type\":\"WebSite\",\"@id\":\"https:\\\/\\\/nuestrosescritores.com\\\/victoriatorresvillasevil\\\/#website\",\"url\":\"https:\\\/\\\/nuestrosescritores.com\\\/victoriatorresvillasevil\\\/\",\"name\":\"Nuestros escritores\",\"description\":\"Escritora\",\"potentialAction\":[{\"@type\":\"SearchAction\",\"target\":{\"@type\":\"EntryPoint\",\"urlTemplate\":\"https:\\\/\\\/nuestrosescritores.com\\\/victoriatorresvillasevil\\\/?s={search_term_string}\"},\"query-input\":{\"@type\":\"PropertyValueSpecification\",\"valueRequired\":true,\"valueName\":\"search_term_string\"}}],\"inLanguage\":\"es\"}]}<\/script>\n<!-- \/ Yoast SEO Premium plugin. -->","yoast_head_json":{"title":"POES\u00cdA - Victoria Torres Villasevil","robots":{"index":"index","follow":"follow","max-snippet":"max-snippet:-1","max-image-preview":"max-image-preview:large","max-video-preview":"max-video-preview:-1"},"canonical":"https:\/\/nuestrosescritores.com\/victoriatorresvillasevil\/poesia\/","og_locale":"es_ES","og_type":"article","og_title":"POES\u00cdA","og_description":"AROMA A ESPLIEGO \u00a0 Se encumbra en lo m\u00e1s alto los amores, testigo de los andamiajes del juego de la vida primoroso, dialogando a mi alma de sus gozos, \u00a0 \u00a0 as\u00ed se va quemando la llama, que se inflama de ardores divinos, y en un juego de luces y de sombras, se va creando [&hellip;]","og_url":"https:\/\/nuestrosescritores.com\/victoriatorresvillasevil\/poesia\/","og_site_name":"Victoria Torres Villasevil","article_modified_time":"2023-05-21T21:29:44+00:00","twitter_card":"summary_large_image","twitter_misc":{"Tiempo de lectura":"3 minutos"},"schema":{"@context":"https:\/\/schema.org","@graph":[{"@type":"WebPage","@id":"https:\/\/nuestrosescritores.com\/victoriatorresvillasevil\/poesia\/","url":"https:\/\/nuestrosescritores.com\/victoriatorresvillasevil\/poesia\/","name":"POES\u00cdA - Victoria Torres Villasevil","isPartOf":{"@id":"https:\/\/nuestrosescritores.com\/victoriatorresvillasevil\/#website"},"datePublished":"2023-05-20T18:27:41+00:00","dateModified":"2023-05-21T21:29:44+00:00","breadcrumb":{"@id":"https:\/\/nuestrosescritores.com\/victoriatorresvillasevil\/poesia\/#breadcrumb"},"inLanguage":"es","potentialAction":[{"@type":"ReadAction","target":["https:\/\/nuestrosescritores.com\/victoriatorresvillasevil\/poesia\/"]}]},{"@type":"BreadcrumbList","@id":"https:\/\/nuestrosescritores.com\/victoriatorresvillasevil\/poesia\/#breadcrumb","itemListElement":[{"@type":"ListItem","position":1,"name":"Portada","item":"https:\/\/nuestrosescritores.com\/victoriatorresvillasevil\/"},{"@type":"ListItem","position":2,"name":"POES\u00cdA"}]},{"@type":"WebSite","@id":"https:\/\/nuestrosescritores.com\/victoriatorresvillasevil\/#website","url":"https:\/\/nuestrosescritores.com\/victoriatorresvillasevil\/","name":"Nuestros escritores","description":"Escritora","potentialAction":[{"@type":"SearchAction","target":{"@type":"EntryPoint","urlTemplate":"https:\/\/nuestrosescritores.com\/victoriatorresvillasevil\/?s={search_term_string}"},"query-input":{"@type":"PropertyValueSpecification","valueRequired":true,"valueName":"search_term_string"}}],"inLanguage":"es"}]}},"_links":{"self":[{"href":"https:\/\/nuestrosescritores.com\/victoriatorresvillasevil\/wp-json\/wp\/v2\/pages\/161","targetHints":{"allow":["GET"]}}],"collection":[{"href":"https:\/\/nuestrosescritores.com\/victoriatorresvillasevil\/wp-json\/wp\/v2\/pages"}],"about":[{"href":"https:\/\/nuestrosescritores.com\/victoriatorresvillasevil\/wp-json\/wp\/v2\/types\/page"}],"author":[{"embeddable":true,"href":"https:\/\/nuestrosescritores.com\/victoriatorresvillasevil\/wp-json\/wp\/v2\/users\/1"}],"replies":[{"embeddable":true,"href":"https:\/\/nuestrosescritores.com\/victoriatorresvillasevil\/wp-json\/wp\/v2\/comments?post=161"}],"version-history":[{"count":0,"href":"https:\/\/nuestrosescritores.com\/victoriatorresvillasevil\/wp-json\/wp\/v2\/pages\/161\/revisions"}],"wp:attachment":[{"href":"https:\/\/nuestrosescritores.com\/victoriatorresvillasevil\/wp-json\/wp\/v2\/media?parent=161"}],"curies":[{"name":"wp","href":"https:\/\/api.w.org\/{rel}","templated":true}]}}