{"id":66,"date":"2023-06-11T11:07:55","date_gmt":"2023-06-11T11:07:55","guid":{"rendered":"https:\/\/nuestrosescritores.com\/trinidadymanuel\/?page_id=66"},"modified":"2023-06-11T11:46:44","modified_gmt":"2023-06-11T11:46:44","slug":"poesia","status":"publish","type":"page","link":"https:\/\/nuestrosescritores.com\/trinidadymanuel\/poesia\/","title":{"rendered":"Poes\u00eda"},"content":{"rendered":"\t\t<div data-elementor-type=\"wp-page\" data-elementor-id=\"66\" class=\"elementor elementor-66\">\n\t\t\t\t\t\t<section class=\"elementor-section elementor-top-section elementor-element elementor-element-f1803e6 elementor-section-full_width elementor-section-height-full elementor-section-content-middle back elementor-section-height-default elementor-section-items-middle\" data-id=\"f1803e6\" data-element_type=\"section\" data-e-type=\"section\">\n\t\t\t\t\t\t\t<div class=\"elementor-background-overlay\"><\/div>\n\t\t\t\t\t\t\t<div class=\"elementor-container elementor-column-gap-no\">\n\t\t\t\t\t<div class=\"aux-parallax-section elementor-column elementor-col-100 elementor-top-column elementor-element elementor-element-17e148bb\" data-id=\"17e148bb\" data-element_type=\"column\" data-e-type=\"column\">\n\t\t\t<div class=\"elementor-widget-wrap\">\n\t\t\t\t\t\t\t<\/div>\n\t\t<\/div>\n\t\t\t\t\t<\/div>\n\t\t<\/section>\n\t\t\t\t<section class=\"elementor-section elementor-top-section elementor-element elementor-element-c6e7c14 elementor-section-boxed elementor-section-height-default elementor-section-height-default\" data-id=\"c6e7c14\" data-element_type=\"section\" data-e-type=\"section\">\n\t\t\t\t\t\t<div class=\"elementor-container elementor-column-gap-default\">\n\t\t\t\t\t<div class=\"aux-parallax-section elementor-column elementor-col-100 elementor-top-column elementor-element elementor-element-300ec1e8\" data-id=\"300ec1e8\" data-element_type=\"column\" data-e-type=\"column\">\n\t\t\t<div class=\"elementor-widget-wrap elementor-element-populated\">\n\t\t\t\t\t\t<div class=\"elementor-element elementor-element-4f95ae97 elementor-widget elementor-widget-text-editor\" data-id=\"4f95ae97\" data-element_type=\"widget\" data-e-type=\"widget\" data-widget_type=\"text-editor.default\">\n\t\t\t\t<div class=\"elementor-widget-container\">\n\t\t\t\t\t\t\t\t\t<h1><a name=\"_Toc132999983\"><\/a><\/h1><p><a name=\"_Toc135765198\"><\/a>Te dejar\u00e9 algo,<\/p><p>donde me puedas ver sin estar<\/p><p>y besarme sin tocarme.<\/p><p>Te escuchar\u00e9 sin contestarte,<\/p><p>sabr\u00e1s,<\/p><p>que formo parte del aire.<\/p><p>Te dejar\u00e9 algo,<\/p><p>donde me puedas ver sin estar<\/p><p>y besarme sin tocarme.<\/p><p><span class='bctt-click-to-tweet'><span class='bctt-ctt-text'><a href='https:\/\/x.com\/intent\/tweet?url=https%3A%2F%2Fnuestrosescritores.com%2Ftrinidadymanuel%2Fpoesia%2F&#038;text=Te%20dejar%C3%A9%20algo%20del%20libro%20EL%20UNIVERSO%20ME%20INVITA%20A%20CAF%C3%89%20de%20TRINIDAD%20MESA%20RICO%20Y%20MANUEL%20PE%C3%91A%20FERN%C3%81NDEZ.&#038;related' target='_blank'rel=\"noopener noreferrer\">Te dejar\u00e9 algo del libro EL UNIVERSO ME INVITA A CAF\u00c9 de TRINIDAD MESA RICO Y MANUEL PE\u00d1A FERN\u00c1NDEZ. <\/a><\/span><a href='https:\/\/x.com\/intent\/tweet?url=https%3A%2F%2Fnuestrosescritores.com%2Ftrinidadymanuel%2Fpoesia%2F&#038;text=Te%20dejar%C3%A9%20algo%20del%20libro%20EL%20UNIVERSO%20ME%20INVITA%20A%20CAF%C3%89%20de%20TRINIDAD%20MESA%20RICO%20Y%20MANUEL%20PE%C3%91A%20FERN%C3%81NDEZ.&#038;related' target='_blank' class='bctt-ctt-btn'rel=\"noopener noreferrer\">Compartir en X<\/a><\/span><\/p>\t\t\t\t\t\t\t\t<\/div>\n\t\t\t\t<\/div>\n\t\t\t\t\t<\/div>\n\t\t<\/div>\n\t\t\t\t\t<\/div>\n\t\t<\/section>\n\t\t\t\t<section class=\"elementor-section elementor-top-section elementor-element elementor-element-51e48ed5 elementor-section-height-full elementor-section-content-middle back elementor-section-boxed elementor-section-height-default elementor-section-items-middle\" data-id=\"51e48ed5\" data-element_type=\"section\" data-e-type=\"section\">\n\t\t\t\t\t\t\t<div class=\"elementor-background-overlay\"><\/div>\n\t\t\t\t\t\t\t<div class=\"elementor-container elementor-column-gap-no\">\n\t\t\t\t\t<div class=\"aux-parallax-section elementor-column elementor-col-100 elementor-top-column elementor-element elementor-element-4bc61c1f\" data-id=\"4bc61c1f\" data-element_type=\"column\" data-e-type=\"column\">\n\t\t\t<div class=\"elementor-widget-wrap\">\n\t\t\t\t\t\t\t<\/div>\n\t\t<\/div>\n\t\t\t\t\t<\/div>\n\t\t<\/section>\n\t\t\t\t<section class=\"elementor-section elementor-top-section elementor-element elementor-element-6b41944 elementor-section-full_width elementor-section-height-full elementor-section-height-default elementor-section-items-middle\" data-id=\"6b41944\" data-element_type=\"section\" data-e-type=\"section\">\n\t\t\t\t\t\t<div class=\"elementor-container elementor-column-gap-default\">\n\t\t\t\t\t<div class=\"aux-parallax-section elementor-column elementor-col-100 elementor-top-column elementor-element elementor-element-2fa025e7\" data-id=\"2fa025e7\" data-element_type=\"column\" data-e-type=\"column\">\n\t\t\t<div class=\"elementor-widget-wrap elementor-element-populated\">\n\t\t\t\t\t\t<div class=\"elementor-element elementor-element-364fd7a9 elementor-widget elementor-widget-text-editor\" data-id=\"364fd7a9\" data-element_type=\"widget\" data-e-type=\"widget\" data-widget_type=\"text-editor.default\">\n\t\t\t\t<div class=\"elementor-widget-container\">\n\t\t\t\t\t\t\t\t\t<p><a name=\"_Toc135765206\"><\/a>Me enamor\u00e9 del cielo,<\/p><p>no dejaba de admirarlo,<\/p><p>su mirada azulada, decorada con deseos blancos,<\/p><p>me inspiraba intriga y pasi\u00f3n,<\/p><p>observando c\u00f3mo a lo lejos la mar lo alcanzaba,<\/p><p>parec\u00edan dos enamorados<\/p><p>que se besaban.<\/p><p>Las mariposas, due\u00f1as de los sue\u00f1os,<\/p><p>estaban asustadas,<\/p><p>qued\u00e1ndose sin aliento,<\/p><p>viendo c\u00f3mo los giros de las golondrinas,<\/p><p>chillando, romp\u00edan el viento.<\/p><p>\u00a1Es el lamento!,<\/p><p>de lo deseado y lo imposible.<\/p><p><span class='bctt-click-to-tweet'><span class='bctt-ctt-text'><a href='https:\/\/x.com\/intent\/tweet?url=https%3A%2F%2Fnuestrosescritores.com%2Ftrinidadymanuel%2Fpoesia%2F&#038;text=Me%20enamor%C3%A9%20del%20cielo%20del%20libro%20EL%20UNIVERSO%20ME%20INVITA%20A%20CAF%C3%89%20de%20TRINIDAD%20MESA%20RICO%20Y%20MANUEL%20PE%C3%91A%20FERN%C3%81NDEZ.&#038;related' target='_blank'rel=\"noopener noreferrer\">Me enamor\u00e9 del cielo del libro EL UNIVERSO ME INVITA A CAF\u00c9 de TRINIDAD MESA RICO Y MANUEL PE\u00d1A FERN\u00c1NDEZ. <\/a><\/span><a href='https:\/\/x.com\/intent\/tweet?url=https%3A%2F%2Fnuestrosescritores.com%2Ftrinidadymanuel%2Fpoesia%2F&#038;text=Me%20enamor%C3%A9%20del%20cielo%20del%20libro%20EL%20UNIVERSO%20ME%20INVITA%20A%20CAF%C3%89%20de%20TRINIDAD%20MESA%20RICO%20Y%20MANUEL%20PE%C3%91A%20FERN%C3%81NDEZ.&#038;related' target='_blank' class='bctt-ctt-btn'rel=\"noopener noreferrer\">Compartir en X<\/a><\/span><\/p>\t\t\t\t\t\t\t\t<\/div>\n\t\t\t\t<\/div>\n\t\t\t\t\t<\/div>\n\t\t<\/div>\n\t\t\t\t\t<\/div>\n\t\t<\/section>\n\t\t\t\t<section class=\"elementor-section elementor-top-section elementor-element elementor-element-49235825 elementor-section-full_width elementor-section-height-full elementor-section-content-middle back elementor-section-height-default elementor-section-items-middle\" data-id=\"49235825\" data-element_type=\"section\" data-e-type=\"section\">\n\t\t\t\t\t\t\t<div class=\"elementor-background-overlay\"><\/div>\n\t\t\t\t\t\t\t<div class=\"elementor-container elementor-column-gap-no\">\n\t\t\t\t\t<div class=\"aux-parallax-section elementor-column elementor-col-100 elementor-top-column elementor-element elementor-element-44b04e47\" data-id=\"44b04e47\" data-element_type=\"column\" data-e-type=\"column\">\n\t\t\t<div class=\"elementor-widget-wrap\">\n\t\t\t\t\t\t\t<\/div>\n\t\t<\/div>\n\t\t\t\t\t<\/div>\n\t\t<\/section>\n\t\t\t\t<section class=\"elementor-section elementor-top-section elementor-element elementor-element-42d2e857 elementor-section-boxed elementor-section-height-default elementor-section-height-default\" data-id=\"42d2e857\" data-element_type=\"section\" data-e-type=\"section\">\n\t\t\t\t\t\t<div class=\"elementor-container elementor-column-gap-default\">\n\t\t\t\t\t<div class=\"aux-parallax-section elementor-column elementor-col-100 elementor-top-column elementor-element elementor-element-644eef8a\" data-id=\"644eef8a\" data-element_type=\"column\" data-e-type=\"column\">\n\t\t\t<div class=\"elementor-widget-wrap elementor-element-populated\">\n\t\t\t\t\t\t<div class=\"elementor-element elementor-element-3363d23a elementor-widget elementor-widget-text-editor\" data-id=\"3363d23a\" data-element_type=\"widget\" data-e-type=\"widget\" data-widget_type=\"text-editor.default\">\n\t\t\t\t<div class=\"elementor-widget-container\">\n\t\t\t\t\t\t\t\t\t<h1>\u00a0<\/h1><p>No puede ser,<\/p><p>no me preguntes d\u00f3nde est\u00e1 el sol,<\/p><p>no lo quiero saber,<\/p><p>las monta\u00f1as son altas y fuertes,<\/p><p>al llegar la noche<\/p><p>no tienen miedo a desaparecer.<\/p><p>El mundo es un despertar,<\/p><p>\u00a1qu\u00e9 maravilla!,<\/p><p>ver c\u00f3mo juegan las nubes<\/p><p>haciendo figuras sencillas,<\/p><p>buscan el sentido a su ef\u00edmera vida,<\/p><p>\u00a1son caprichosas!,<\/p><p>les gustan que las admiren<\/p><p><a name=\"_Toc135765240\"><\/a>con ojos encandilados,<\/p><p>y dibujen en sus mentes<\/p><p>la esencia de su corta existencia.<\/p><p><span class='bctt-click-to-tweet'><span class='bctt-ctt-text'><a href='https:\/\/x.com\/intent\/tweet?url=https%3A%2F%2Fnuestrosescritores.com%2Ftrinidadymanuel%2Fpoesia%2F&#038;text=con%20ojos%20encandilados%20del%20libro%20EL%20UNIVERSO%20ME%20INVITA%20A%20CAF%C3%89%20de%20TRINIDAD%20MESA%20RICO%20Y%20MANUEL%20PE%C3%91A%20FERN%C3%81NDEZ.&#038;related' target='_blank'rel=\"noopener noreferrer\">con ojos encandilados del libro EL UNIVERSO ME INVITA A CAF\u00c9 de TRINIDAD MESA RICO Y MANUEL PE\u00d1A FERN\u00c1NDEZ. <\/a><\/span><a href='https:\/\/x.com\/intent\/tweet?url=https%3A%2F%2Fnuestrosescritores.com%2Ftrinidadymanuel%2Fpoesia%2F&#038;text=con%20ojos%20encandilados%20del%20libro%20EL%20UNIVERSO%20ME%20INVITA%20A%20CAF%C3%89%20de%20TRINIDAD%20MESA%20RICO%20Y%20MANUEL%20PE%C3%91A%20FERN%C3%81NDEZ.&#038;related' target='_blank' class='bctt-ctt-btn'rel=\"noopener noreferrer\">Compartir en X<\/a><\/span><\/p>\t\t\t\t\t\t\t\t<\/div>\n\t\t\t\t<\/div>\n\t\t\t\t\t<\/div>\n\t\t<\/div>\n\t\t\t\t\t<\/div>\n\t\t<\/section>\n\t\t\t\t<section class=\"elementor-section elementor-top-section elementor-element elementor-element-2ed472a1 elementor-section-full_width elementor-section-height-full elementor-section-content-middle back elementor-section-height-default elementor-section-items-middle\" data-id=\"2ed472a1\" data-element_type=\"section\" data-e-type=\"section\">\n\t\t\t\t\t\t\t<div class=\"elementor-background-overlay\"><\/div>\n\t\t\t\t\t\t\t<div class=\"elementor-container elementor-column-gap-no\">\n\t\t\t\t\t<div class=\"aux-parallax-section elementor-column elementor-col-100 elementor-top-column elementor-element elementor-element-77b76eda\" data-id=\"77b76eda\" data-element_type=\"column\" data-e-type=\"column\">\n\t\t\t<div class=\"elementor-widget-wrap\">\n\t\t\t\t\t\t\t<\/div>\n\t\t<\/div>\n\t\t\t\t\t<\/div>\n\t\t<\/section>\n\t\t\t\t<section class=\"elementor-section elementor-top-section elementor-element elementor-element-1076aa26 elementor-section-boxed elementor-section-height-default elementor-section-height-default\" data-id=\"1076aa26\" data-element_type=\"section\" data-e-type=\"section\">\n\t\t\t\t\t\t<div class=\"elementor-container elementor-column-gap-default\">\n\t\t\t\t\t<div class=\"aux-parallax-section elementor-column elementor-col-100 elementor-top-column elementor-element elementor-element-3af91835\" data-id=\"3af91835\" data-element_type=\"column\" data-e-type=\"column\">\n\t\t\t<div class=\"elementor-widget-wrap elementor-element-populated\">\n\t\t\t\t\t\t<div class=\"elementor-element elementor-element-79aded9d elementor-widget elementor-widget-text-editor\" data-id=\"79aded9d\" data-element_type=\"widget\" data-e-type=\"widget\" data-widget_type=\"text-editor.default\">\n\t\t\t\t<div class=\"elementor-widget-container\">\n\t\t\t\t\t\t\t\t\t<p><a name=\"_Toc135765271\"><\/a>\u00a1Despierta de estar muerta!<\/p><p>Daga,<\/p><p>que marca mi vida,<\/p><p>herida,<\/p><p>que ha doblado mi coraz\u00f3n,<\/p><p>fantas\u00edas,<\/p><p>convertidas en tinieblas.<\/p><p>\u00a1Despierta de estar muerta!<\/p><p>Se acercan mariposas,<\/p><p>rasgaduras de caricias,<\/p><p>solo curan,<\/p><p>cuando llega la noche,<\/p><p>y sus l\u00e1grimas son puras.<\/p><p>\u00a1Despierta de estar muerta!<\/p><p>Cicl\u00f3n,<\/p><p>que calma y borra las espinas,<\/p><p>palomas mensajeras,<\/p><p>hojas de viento que vuelan<\/p><p>sin ser vistas.<\/p><p><span class='bctt-click-to-tweet'><span class='bctt-ctt-text'><a href='https:\/\/x.com\/intent\/tweet?url=https%3A%2F%2Fnuestrosescritores.com%2Ftrinidadymanuel%2Fpoesia%2F&#038;text=%C2%A1Despierta%20de%20estar%20muerta%21%20del%20libro%20EL%20UNIVERSO%20ME%20INVITA%20A%20CAF%C3%89%20de%20TRINIDAD%20MESA%20RICO%20Y%20MANUEL%20PE%C3%91A%20FERN%C3%81NDEZ.&#038;related' target='_blank'rel=\"noopener noreferrer\">\u00a1Despierta de estar muerta! del libro EL UNIVERSO ME INVITA A CAF\u00c9 de TRINIDAD MESA RICO Y MANUEL PE\u00d1A FERN\u00c1NDEZ. <\/a><\/span><a href='https:\/\/x.com\/intent\/tweet?url=https%3A%2F%2Fnuestrosescritores.com%2Ftrinidadymanuel%2Fpoesia%2F&#038;text=%C2%A1Despierta%20de%20estar%20muerta%21%20del%20libro%20EL%20UNIVERSO%20ME%20INVITA%20A%20CAF%C3%89%20de%20TRINIDAD%20MESA%20RICO%20Y%20MANUEL%20PE%C3%91A%20FERN%C3%81NDEZ.&#038;related' target='_blank' class='bctt-ctt-btn'rel=\"noopener noreferrer\">Compartir en X<\/a><\/span><\/p>\t\t\t\t\t\t\t\t<\/div>\n\t\t\t\t<\/div>\n\t\t\t\t\t<\/div>\n\t\t<\/div>\n\t\t\t\t\t<\/div>\n\t\t<\/section>\n\t\t\t\t<section class=\"elementor-section elementor-top-section elementor-element elementor-element-2aab39ea elementor-section-full_width elementor-section-height-full elementor-section-content-middle back elementor-section-height-default elementor-section-items-middle\" data-id=\"2aab39ea\" data-element_type=\"section\" data-e-type=\"section\">\n\t\t\t\t\t\t\t<div class=\"elementor-background-overlay\"><\/div>\n\t\t\t\t\t\t\t<div class=\"elementor-container elementor-column-gap-no\">\n\t\t\t\t\t<div class=\"aux-parallax-section elementor-column elementor-col-100 elementor-top-column elementor-element elementor-element-7bc48fbd\" data-id=\"7bc48fbd\" data-element_type=\"column\" data-e-type=\"column\">\n\t\t\t<div class=\"elementor-widget-wrap\">\n\t\t\t\t\t\t\t<\/div>\n\t\t<\/div>\n\t\t\t\t\t<\/div>\n\t\t<\/section>\n\t\t\t\t<section class=\"elementor-section elementor-top-section elementor-element elementor-element-ba3ab80 elementor-section-boxed elementor-section-height-default elementor-section-height-default\" data-id=\"ba3ab80\" data-element_type=\"section\" data-e-type=\"section\">\n\t\t\t\t\t\t<div class=\"elementor-container elementor-column-gap-default\">\n\t\t\t\t\t<div class=\"aux-parallax-section elementor-column elementor-col-100 elementor-top-column elementor-element elementor-element-37d3112a\" data-id=\"37d3112a\" data-element_type=\"column\" data-e-type=\"column\">\n\t\t\t<div class=\"elementor-widget-wrap elementor-element-populated\">\n\t\t\t\t\t\t<div class=\"elementor-element elementor-element-3bf033a1 elementor-widget elementor-widget-text-editor\" data-id=\"3bf033a1\" data-element_type=\"widget\" data-e-type=\"widget\" data-widget_type=\"text-editor.default\">\n\t\t\t\t<div class=\"elementor-widget-container\">\n\t\t\t\t\t\t\t\t\t<p><a name=\"_Toc135765289\"><\/a>Tu esencia,<\/p><p>momentos bonitos,<\/p><p>adornan la imaginaci\u00f3n,<\/p><p>para que los paisajes,<\/p><p>busquen,<\/p><p>los colores en mi coraz\u00f3n.<\/p><p>Tu esencia,<\/p><p>caminos dorados,<\/p><p>adornados con tus besos,<\/p><p>rosas,<\/p><p>que tiran sus espinas,<\/p><p>convertidas<\/p><p>en mariposas.<\/p><h1><span style=\"font-size: 16px;\"><span class='bctt-click-to-tweet'><span class='bctt-ctt-text'><a href='https:\/\/x.com\/intent\/tweet?url=https%3A%2F%2Fnuestrosescritores.com%2Ftrinidadymanuel%2Fpoesia%2F&#038;text=Tu%20esencia%20del%20libro%20EL%20UNIVERSO%20ME%20INVITA%20A%20CAF%C3%89%20de%20TRINIDAD%20MESA%20RICO%20Y%20MANUEL%20PE%C3%91A%20FERN%C3%81NDEZ.&#038;related' target='_blank'rel=\"noopener noreferrer\">Tu esencia del libro EL UNIVERSO ME INVITA A CAF\u00c9 de TRINIDAD MESA RICO Y MANUEL PE\u00d1A FERN\u00c1NDEZ. <\/a><\/span><a href='https:\/\/x.com\/intent\/tweet?url=https%3A%2F%2Fnuestrosescritores.com%2Ftrinidadymanuel%2Fpoesia%2F&#038;text=Tu%20esencia%20del%20libro%20EL%20UNIVERSO%20ME%20INVITA%20A%20CAF%C3%89%20de%20TRINIDAD%20MESA%20RICO%20Y%20MANUEL%20PE%C3%91A%20FERN%C3%81NDEZ.&#038;related' target='_blank' class='bctt-ctt-btn'rel=\"noopener noreferrer\">Compartir en X<\/a><\/span><\/span><\/h1>\t\t\t\t\t\t\t\t<\/div>\n\t\t\t\t<\/div>\n\t\t\t\t\t<\/div>\n\t\t<\/div>\n\t\t\t\t\t<\/div>\n\t\t<\/section>\n\t\t\t\t<section class=\"elementor-section elementor-top-section elementor-element elementor-element-7419f69f elementor-section-full_width elementor-section-height-full elementor-section-content-middle back elementor-section-height-default elementor-section-items-middle\" data-id=\"7419f69f\" data-element_type=\"section\" data-e-type=\"section\">\n\t\t\t\t\t\t\t<div class=\"elementor-background-overlay\"><\/div>\n\t\t\t\t\t\t\t<div class=\"elementor-container elementor-column-gap-no\">\n\t\t\t\t\t<div class=\"aux-parallax-section elementor-column elementor-col-100 elementor-top-column elementor-element elementor-element-70ad17b9\" data-id=\"70ad17b9\" data-element_type=\"column\" data-e-type=\"column\">\n\t\t\t<div class=\"elementor-widget-wrap elementor-element-populated\">\n\t\t\t\t\t\t<div class=\"elementor-element elementor-element-31deb5a4 elementor-button-success elementor-align-center elementor-widget elementor-widget-button\" data-id=\"31deb5a4\" data-element_type=\"widget\" data-e-type=\"widget\" data-widget_type=\"button.default\">\n\t\t\t\t<div class=\"elementor-widget-container\">\n\t\t\t\t\t\t\t\t\t<div class=\"elementor-button-wrapper\">\n\t\t\t\t\t<a class=\"elementor-button elementor-button-link elementor-size-xl\" href=\"https:\/\/librodepoesia.com\/libro\/el-universo-me-invita-a-cafe-trinidad-mesa-rico-y-manuel-pena-fernandez\/\">\n\t\t\t\t\t\t<span class=\"elementor-button-content-wrapper\">\n\t\t\t\t\t\t\t\t\t<span class=\"elementor-button-text\">COMPRAR EL LIBRO<\/span>\n\t\t\t\t\t<\/span>\n\t\t\t\t\t<\/a>\n\t\t\t\t<\/div>\n\t\t\t\t\t\t\t\t<\/div>\n\t\t\t\t<\/div>\n\t\t\t\t\t<\/div>\n\t\t<\/div>\n\t\t\t\t\t<\/div>\n\t\t<\/section>\n\t\t\t\t<\/div>\n\t\t","protected":false},"excerpt":{"rendered":"<p>Te dejar\u00e9 algo, donde me puedas ver sin estar y besarme sin tocarme. Te escuchar\u00e9 sin contestarte, sabr\u00e1s, que formo parte del aire. Te dejar\u00e9 algo, donde me puedas ver sin estar y besarme sin tocarme. Me enamor\u00e9 del cielo, no dejaba de admirarlo, su mirada azulada, decorada con deseos blancos, me inspiraba intriga y [&hellip;]<\/p>\n","protected":false},"author":1,"featured_media":0,"parent":0,"menu_order":0,"comment_status":"closed","ping_status":"closed","template":"","meta":{"_acf_changed":false,"footnotes":""},"class_list":["post-66","page","type-page","status-publish","hentry"],"acf":[],"yoast_head":"<!-- This site is optimized with the Yoast SEO Premium plugin v24.7 (Yoast SEO v27.5) - https:\/\/yoast.com\/product\/yoast-seo-premium-wordpress\/ -->\n<title>Poes\u00eda - Trinidad Mesa Rico y Manuel Pe\u00f1a Fern\u00e1ndez<\/title>\n<meta name=\"description\" content=\"Poes\u00eda del libro EL UNIVERSO ME INVITA A CAF\u00c9 de TRINIDAD MESA RICO Y MANUEL PE\u00d1A FERN\u00c1NDEZ, los escritores nos dan una muestra tras publicar un libro con la Editorial Poes\u00eda eres t\u00fa.\" \/>\n<meta name=\"robots\" content=\"index, follow, max-snippet:-1, max-image-preview:large, max-video-preview:-1\" \/>\n<link rel=\"canonical\" href=\"https:\/\/nuestrosescritores.com\/trinidadymanuel\/poesia\/\" \/>\n<meta property=\"og:locale\" content=\"es_ES\" \/>\n<meta property=\"og:type\" content=\"article\" \/>\n<meta property=\"og:title\" content=\"Poes\u00eda\" \/>\n<meta property=\"og:description\" content=\"Poes\u00eda del libro EL UNIVERSO ME INVITA A CAF\u00c9 de TRINIDAD MESA RICO Y MANUEL PE\u00d1A FERN\u00c1NDEZ, los escritores nos dan una muestra tras publicar un libro con la Editorial Poes\u00eda eres t\u00fa.\" \/>\n<meta property=\"og:url\" content=\"https:\/\/nuestrosescritores.com\/trinidadymanuel\/poesia\/\" \/>\n<meta property=\"og:site_name\" content=\"Trinidad Mesa Rico y Manuel Pe\u00f1a Fern\u00e1ndez\" \/>\n<meta property=\"article:modified_time\" content=\"2023-06-11T11:46:44+00:00\" \/>\n<meta name=\"twitter:card\" content=\"summary_large_image\" \/>\n<meta name=\"twitter:label1\" content=\"Tiempo de lectura\" \/>\n\t<meta name=\"twitter:data1\" content=\"2 minutos\" \/>\n<script type=\"application\/ld+json\" class=\"yoast-schema-graph\">{\"@context\":\"https:\\\/\\\/schema.org\",\"@graph\":[{\"@type\":\"WebPage\",\"@id\":\"https:\\\/\\\/nuestrosescritores.com\\\/trinidadymanuel\\\/poesia\\\/\",\"url\":\"https:\\\/\\\/nuestrosescritores.com\\\/trinidadymanuel\\\/poesia\\\/\",\"name\":\"Poes\u00eda - Trinidad Mesa Rico y Manuel Pe\u00f1a Fern\u00e1ndez\",\"isPartOf\":{\"@id\":\"https:\\\/\\\/nuestrosescritores.com\\\/trinidadymanuel\\\/#website\"},\"datePublished\":\"2023-06-11T11:07:55+00:00\",\"dateModified\":\"2023-06-11T11:46:44+00:00\",\"description\":\"Poes\u00eda del libro EL UNIVERSO ME INVITA A CAF\u00c9 de TRINIDAD MESA RICO Y MANUEL PE\u00d1A FERN\u00c1NDEZ, los escritores nos dan una muestra tras publicar un libro con la Editorial Poes\u00eda eres t\u00fa.\",\"breadcrumb\":{\"@id\":\"https:\\\/\\\/nuestrosescritores.com\\\/trinidadymanuel\\\/poesia\\\/#breadcrumb\"},\"inLanguage\":\"es\",\"potentialAction\":[{\"@type\":\"ReadAction\",\"target\":[\"https:\\\/\\\/nuestrosescritores.com\\\/trinidadymanuel\\\/poesia\\\/\"]}]},{\"@type\":\"BreadcrumbList\",\"@id\":\"https:\\\/\\\/nuestrosescritores.com\\\/trinidadymanuel\\\/poesia\\\/#breadcrumb\",\"itemListElement\":[{\"@type\":\"ListItem\",\"position\":1,\"name\":\"Portada\",\"item\":\"https:\\\/\\\/nuestrosescritores.com\\\/trinidadymanuel\\\/\"},{\"@type\":\"ListItem\",\"position\":2,\"name\":\"Poes\u00eda\"}]},{\"@type\":\"WebSite\",\"@id\":\"https:\\\/\\\/nuestrosescritores.com\\\/trinidadymanuel\\\/#website\",\"url\":\"https:\\\/\\\/nuestrosescritores.com\\\/trinidadymanuel\\\/\",\"name\":\"Nuestros escritores\",\"description\":\"Escritores\",\"potentialAction\":[{\"@type\":\"SearchAction\",\"target\":{\"@type\":\"EntryPoint\",\"urlTemplate\":\"https:\\\/\\\/nuestrosescritores.com\\\/trinidadymanuel\\\/?s={search_term_string}\"},\"query-input\":{\"@type\":\"PropertyValueSpecification\",\"valueRequired\":true,\"valueName\":\"search_term_string\"}}],\"inLanguage\":\"es\"}]}<\/script>\n<!-- \/ Yoast SEO Premium plugin. -->","yoast_head_json":{"title":"Poes\u00eda - Trinidad Mesa Rico y Manuel Pe\u00f1a Fern\u00e1ndez","description":"Poes\u00eda del libro EL UNIVERSO ME INVITA A CAF\u00c9 de TRINIDAD MESA RICO Y MANUEL PE\u00d1A FERN\u00c1NDEZ, los escritores nos dan una muestra tras publicar un libro con la Editorial Poes\u00eda eres t\u00fa.","robots":{"index":"index","follow":"follow","max-snippet":"max-snippet:-1","max-image-preview":"max-image-preview:large","max-video-preview":"max-video-preview:-1"},"canonical":"https:\/\/nuestrosescritores.com\/trinidadymanuel\/poesia\/","og_locale":"es_ES","og_type":"article","og_title":"Poes\u00eda","og_description":"Poes\u00eda del libro EL UNIVERSO ME INVITA A CAF\u00c9 de TRINIDAD MESA RICO Y MANUEL PE\u00d1A FERN\u00c1NDEZ, los escritores nos dan una muestra tras publicar un libro con la Editorial Poes\u00eda eres t\u00fa.","og_url":"https:\/\/nuestrosescritores.com\/trinidadymanuel\/poesia\/","og_site_name":"Trinidad Mesa Rico y Manuel Pe\u00f1a Fern\u00e1ndez","article_modified_time":"2023-06-11T11:46:44+00:00","twitter_card":"summary_large_image","twitter_misc":{"Tiempo de lectura":"2 minutos"},"schema":{"@context":"https:\/\/schema.org","@graph":[{"@type":"WebPage","@id":"https:\/\/nuestrosescritores.com\/trinidadymanuel\/poesia\/","url":"https:\/\/nuestrosescritores.com\/trinidadymanuel\/poesia\/","name":"Poes\u00eda - Trinidad Mesa Rico y Manuel Pe\u00f1a Fern\u00e1ndez","isPartOf":{"@id":"https:\/\/nuestrosescritores.com\/trinidadymanuel\/#website"},"datePublished":"2023-06-11T11:07:55+00:00","dateModified":"2023-06-11T11:46:44+00:00","description":"Poes\u00eda del libro EL UNIVERSO ME INVITA A CAF\u00c9 de TRINIDAD MESA RICO Y MANUEL PE\u00d1A FERN\u00c1NDEZ, los escritores nos dan una muestra tras publicar un libro con la Editorial Poes\u00eda eres t\u00fa.","breadcrumb":{"@id":"https:\/\/nuestrosescritores.com\/trinidadymanuel\/poesia\/#breadcrumb"},"inLanguage":"es","potentialAction":[{"@type":"ReadAction","target":["https:\/\/nuestrosescritores.com\/trinidadymanuel\/poesia\/"]}]},{"@type":"BreadcrumbList","@id":"https:\/\/nuestrosescritores.com\/trinidadymanuel\/poesia\/#breadcrumb","itemListElement":[{"@type":"ListItem","position":1,"name":"Portada","item":"https:\/\/nuestrosescritores.com\/trinidadymanuel\/"},{"@type":"ListItem","position":2,"name":"Poes\u00eda"}]},{"@type":"WebSite","@id":"https:\/\/nuestrosescritores.com\/trinidadymanuel\/#website","url":"https:\/\/nuestrosescritores.com\/trinidadymanuel\/","name":"Nuestros escritores","description":"Escritores","potentialAction":[{"@type":"SearchAction","target":{"@type":"EntryPoint","urlTemplate":"https:\/\/nuestrosescritores.com\/trinidadymanuel\/?s={search_term_string}"},"query-input":{"@type":"PropertyValueSpecification","valueRequired":true,"valueName":"search_term_string"}}],"inLanguage":"es"}]}},"_links":{"self":[{"href":"https:\/\/nuestrosescritores.com\/trinidadymanuel\/wp-json\/wp\/v2\/pages\/66","targetHints":{"allow":["GET"]}}],"collection":[{"href":"https:\/\/nuestrosescritores.com\/trinidadymanuel\/wp-json\/wp\/v2\/pages"}],"about":[{"href":"https:\/\/nuestrosescritores.com\/trinidadymanuel\/wp-json\/wp\/v2\/types\/page"}],"author":[{"embeddable":true,"href":"https:\/\/nuestrosescritores.com\/trinidadymanuel\/wp-json\/wp\/v2\/users\/1"}],"replies":[{"embeddable":true,"href":"https:\/\/nuestrosescritores.com\/trinidadymanuel\/wp-json\/wp\/v2\/comments?post=66"}],"version-history":[{"count":0,"href":"https:\/\/nuestrosescritores.com\/trinidadymanuel\/wp-json\/wp\/v2\/pages\/66\/revisions"}],"wp:attachment":[{"href":"https:\/\/nuestrosescritores.com\/trinidadymanuel\/wp-json\/wp\/v2\/media?parent=66"}],"curies":[{"name":"wp","href":"https:\/\/api.w.org\/{rel}","templated":true}]}}