{"id":12,"date":"2022-09-25T07:42:33","date_gmt":"2022-09-25T07:42:33","guid":{"rendered":"https:\/\/nuestrosescritores.com\/sotevento\/?page_id=12"},"modified":"2022-09-29T05:31:31","modified_gmt":"2022-09-29T05:31:31","slug":"sotavento","status":"publish","type":"page","link":"https:\/\/nuestrosescritores.com\/sotavento\/","title":{"rendered":"SOTAVENTO"},"content":{"rendered":"<div class=\"wpb-content-wrapper\">[vc_row full_width=&#8221;stretch_row_content_no_spaces&#8221;][vc_column extend=&#8221;false&#8221;][layerslider_vc id=&#8221;1&#8243;][\/vc_column][\/vc_row][vc_row extend=&#8221;false&#8221; design__empty_1=&#8221;&#8221; background=&#8221;&#8221; background_image_type=&#8221;static&#8221; background_image__effect=&#8221;&#8221; bg_size=&#8221;initial&#8221; bg_position=&#8221;center-center&#8221; row_bg_image=&#8221;&#8221; bg_repeat=&#8221;no-repeat&#8221; background_image_type__bg_color=&#8221;rgba(255, 255, 255, 1)&#8221; row_bg_parallax_images=&#8221;&#8221; row_bg_slideshow_images=&#8221;&#8221; background_video_type=&#8221;youtube&#8221; background_video__youtube__url=&#8221;&#8221; background_video__youtube__parallax=&#8221;&#8221; background_video__youtube__options=&#8221;&#8221; background_video__youtube__fallback_image=&#8221;&#8221; background_video__hosted__mp4=&#8221;&#8221; background_video__hosted__webm=&#8221;&#8221; background_video__hosted__ogv=&#8221;&#8221; background_video__hosted__parallax=&#8221;&#8221; background_video__hosted__options=&#8221;&#8221; background_video__hosted__fallback_image=&#8221;&#8221; background_color_type=&#8221;color&#8221; bg__empty_1=&#8221;&#8221; background_color_type__gradient_color1=&#8221;rgba(44, 74, 228, 1)&#8221; background_color_type__gradient_color2=&#8221;rgba(44, 74, 228, 1)&#8221; background_color_type__color_color1=&#8221;rgba(44, 74, 228, 1)&#8221; bg__empty_2=&#8221;&#8221; background_color__effect=&#8221;&#8221; background_color__direction=&#8221;left-to-right&#8221; settings__tag_1=&#8221;&#8221; viewport_lg=&#8221;&#8221; viewport_md=&#8221;&#8221; viewport_sm=&#8221;&#8221; viewport_xs=&#8221;&#8221; settings__empty_1=&#8221;&#8221; version=&#8221;1&#8243;][vc_column width=&#8221;1\/2&#8243; extend=&#8221;false&#8221;]<div class=\"ult-content-box-container \" >\t\t<div class=\"ult-content-box\" style=\"background-color:rgba(255,255,255,0.49);box-shadow: px px 8px px #f2f2f2 none;border-style:none;-webkit-transition: all 700ms ease;-moz-transition: all 700ms ease;-ms-transition: all 700ms ease;-o-transition: all 700ms ease;transition: all 700ms ease;\"  data-hover_box_shadow=\"none\"     data-bg=\"rgba(255,255,255,0.49)\"  data-border_color=\"\" >[vc_column_text css=&#8221;.vc_custom_1664429414465{padding-top: 15% !important;padding-right: 15% !important;padding-bottom: 15% !important;padding-left: 15% !important;}&#8221;]Manuel Picazo Vico \u201cSotavento\u201d nace en Granada y reside en dicha ciudad hasta graduarse en Ingenier\u00eda Superior en Ciencias de la Computaci\u00f3n, momento en cual se traslada a Madrid.<\/p>\n<p>Durante su periodo formativo realiza una beca de investigaci\u00f3n en Francia y trabaja varios veranos como monitor de campamentos y asociaciones deportivas en Estados Unidos.<\/p>\n<p>Su natural inquietud le lleva a continuar viajando y a adquirir conocimientos de Inteligencia emocional y Coaching, con el af\u00e1n de conocer distintas culturas y puntos de vista del ser humano.<\/p>\n<p>Actualmente reside en un peque\u00f1o pueblo de la Sierra de Guadarrama, donde combina su actividad profesional y el cuidado de su hija con la pr\u00e1ctica de diversas actividades como monta\u00f1ismo, fotograf\u00eda, jardiner\u00eda, adem\u00e1s de la escritura de poes\u00eda y relatos cortos.<\/p>\n<span class='bctt-click-to-tweet'><span class='bctt-ctt-text'><a href='https:\/\/x.com\/intent\/tweet?url=https%3A%2F%2Fnuestrosescritores.com%2Fsotavento%2F&#038;text=SOTAVENTO%20%28MANUEL%20PICAZO%20VICO%29.%20Escritor.&#038;related' target='_blank'rel=\"noopener noreferrer\">SOTAVENTO (MANUEL PICAZO VICO). Escritor. <\/a><\/span><a href='https:\/\/x.com\/intent\/tweet?url=https%3A%2F%2Fnuestrosescritores.com%2Fsotavento%2F&#038;text=SOTAVENTO%20%28MANUEL%20PICAZO%20VICO%29.%20Escritor.&#038;related' target='_blank' class='bctt-ctt-btn'rel=\"noopener noreferrer\">Compartir en X<\/a><\/span>[\/vc_column_text]\t\t<\/div><\/div>[\/vc_column][vc_column width=&#8221;1\/2&#8243; extend=&#8221;false&#8221;]<div class=\"gambit_fullheight_row\" data-content-location=\"center\" style=\"display: none\"><\/div><div id=\"rowvcpt-row-settings\" class=\"rowvcpt-row-set RowVcPt-row-setting69fb3118453cb \" data-no=\"RowVcPt-row-setting69fb3118453cb\"><div  id=\"bgGallaryslide69fb3118453cf\" class=\"rowvcpt-slideshow \"><\/div><script type=\"text\/javascript\">\n(function($) {\n$(\"#bgGallaryslide69fb3118453cf\").vegas({\n        overlay: \"https:\/\/nuestrosescritores.com\/sotavento\/wp-content\/plugins\/ultimate-row-background\/css\/overlays\/0'.esc_attr(1.png).'\",\n        transitionDuration: 4e3,\n        delay: 7000,\n        slides: [{src: \"https:\/\/nuestrosescritores.com\/sotavento\/wp-content\/uploads\/sites\/135\/2022\/09\/aw6tcjcihbu.jpg\",transition: \"fade2\",transitionDuration: 5000},{src: \"https:\/\/nuestrosescritores.com\/sotavento\/wp-content\/uploads\/sites\/135\/2022\/09\/ybsql-gguoe.jpg\",transition: \"fade2\",transitionDuration: 5000},{src: \"https:\/\/nuestrosescritores.com\/sotavento\/wp-content\/uploads\/sites\/135\/2022\/09\/g-pd6z_zdsw.jpg\",transition: \"fade2\",transitionDuration: 5000},{src: \"https:\/\/nuestrosescritores.com\/sotavento\/wp-content\/uploads\/sites\/135\/2022\/09\/bm0bf1qmqvg.jpg\",transition: \"fade2\",transitionDuration: 5000},{src: \"https:\/\/nuestrosescritores.com\/sotavento\/wp-content\/uploads\/sites\/135\/2022\/09\/tpxrqaexe9e.jpg\",transition: \"fade2\",transitionDuration: 5000},{src: \"https:\/\/nuestrosescritores.com\/sotavento\/wp-content\/uploads\/sites\/135\/2022\/09\/xzdgkvoqsmi.jpg\",transition: \"fade2\",transitionDuration: 5000},{src: \"https:\/\/nuestrosescritores.com\/sotavento\/wp-content\/uploads\/sites\/135\/2022\/09\/s3z5vyl5szi.jpg\",transition: \"fade2\",transitionDuration: 5000},]\n    });\t\t\n})(jQuery);\n<\/script><div class=\"rowvcpt-overlay\" style=\"background:rgba(255,255,255,0.69)\"><\/div><\/div>[vc_single_image image=&#8221;13&#8243; img_size=&#8221;full&#8221; alignment=&#8221;center&#8221;][\/vc_column][\/vc_row][vc_row full_height=&#8221;yes&#8221; equal_height=&#8221;yes&#8221; content_placement=&#8221;middle&#8221; css_animation=&#8221;appear&#8221; css=&#8221;.vc_custom_1638093275611{background-position: center !important;background-repeat: no-repeat !important;background-size: cover !important;}&#8221;][vc_column extend=&#8221;false&#8221;]<div class=\"ult-spacer spacer-69fb3118465cb\" data-id=\"69fb3118465cb\" data-height=\"500\" data-height-mobile=\"500\" data-height-tab=\"500\" data-height-tab-portrait=\"\" data-height-mobile-landscape=\"\" style=\"clear:both;display:block;\"><\/div><div id=\"rowvcpt-row-settings\" class=\"rowvcpt-row-set RowVcPt-row-setting69fb3118465ea \" data-no=\"RowVcPt-row-setting69fb3118465ea\"><div class=\"columns-bg-wrap columns-bg-anim-colors columns-bg-image  columns_simple_image\" id=\"RowVcPt-image-bg-69fb3118465e9\"   data-parallax_sense=\"30\" src=\"https:\/\/nuestrosescritores.com\/sotavento\/wp-content\/uploads\/sites\/135\/2022\/09\/bukwh-djr_g.jpg\" style=\"background-image: url(https:\/\/nuestrosescritores.com\/sotavento\/wp-content\/uploads\/sites\/135\/2022\/09\/bukwh-djr_g.jpg);background-position: center center;background-size: cover;background-attachment: fixed;\"><\/div><\/div>[\/vc_column][\/vc_row][vc_row full_width=&#8221;stretch_row_content_no_spaces&#8221; full_height=&#8221;yes&#8221; content_placement=&#8221;middle&#8221;][vc_column extend=&#8221;false&#8221;]<div class=\"gambit_fullheight_row\" data-content-location=\"center\" style=\"display: none\"><\/div><div id=\"rowvcpt-row-settings\" class=\"rowvcpt-row-set RowVcPt-row-setting69fb3118468d1 \" data-no=\"RowVcPt-row-setting69fb3118468d1\"><div  id=\"bgGallaryslide69fb3118468d5\" class=\"rowvcpt-slideshow \"><\/div><script type=\"text\/javascript\">\n(function($) {\n$(\"#bgGallaryslide69fb3118468d5\").vegas({\n        overlay: \"https:\/\/nuestrosescritores.com\/sotavento\/wp-content\/plugins\/ultimate-row-background\/css\/overlays\/0'.esc_attr(2.png).'\",\n        transitionDuration: 4e3,\n        delay: 7000,\n        slides: [{src: \"https:\/\/nuestrosescritores.com\/sotavento\/wp-content\/uploads\/sites\/135\/2022\/09\/hoyibqdihx0.jpg\",transition: \"fade2\",transitionDuration: 5000},{src: \"https:\/\/nuestrosescritores.com\/sotavento\/wp-content\/uploads\/sites\/135\/2022\/09\/t7j3beupura.jpg\",transition: \"fade2\",transitionDuration: 5000},{src: \"https:\/\/nuestrosescritores.com\/sotavento\/wp-content\/uploads\/sites\/135\/2022\/09\/aw6tcjcihbu.jpg\",transition: \"fade2\",transitionDuration: 5000},{src: \"https:\/\/nuestrosescritores.com\/sotavento\/wp-content\/uploads\/sites\/135\/2022\/09\/ybsql-gguoe.jpg\",transition: \"fade2\",transitionDuration: 5000},{src: \"https:\/\/nuestrosescritores.com\/sotavento\/wp-content\/uploads\/sites\/135\/2022\/09\/w9awzasrwqu.jpg\",transition: \"fade2\",transitionDuration: 5000},{src: \"https:\/\/nuestrosescritores.com\/sotavento\/wp-content\/uploads\/sites\/135\/2022\/09\/g-pd6z_zdsw.jpg\",transition: \"fade2\",transitionDuration: 5000},]\n    });\t\t\n})(jQuery);\n<\/script><div class=\"rowvcpt-overlay\" style=\"background:rgba(255,255,255,0.69)\"><\/div><\/div><div id=\"uvc-type-wrap-8577\"  data-ultimate-target='#uvc-type-wrap-8577'  data-responsive-json-new='{\"font-size\":\"\",\"line-height\":\"\"}'  class=\"uvc-type-wrap vc_custom_1664091487799 ult-adjust-bottom-margin ult-responsive  uvc-type-align-center uvc-type-no-prefix uvc-wrap-141660446469fb311847218\" style=\"text-align:center;\"><span id=\"typed-141660446469fb311847218\" class=\"ultimate-typed-main \" style=\" font-weight:bold; text-transform: unset;\"><\/span><script type=\"text\/javascript\">\n\t\t\t\t\t\tjQuery(function($){ \n\t\t\t\t\t\t\t$(document).ready(function(){\n\t\t\t\t\t\t\t\tif( typeof jQuery(\"#typed-141660446469fb311847218\").typed == \"function\"){\n\t\t\t\t\t\t\t\t\t$(\"#typed-141660446469fb311847218\").typed({\n\t\t\t\t\t\t\t\t\t\tstrings: [\"La Ventisca nace tras una fuerte crisis existencial de su autor. La escritura se convierte en la catarsis necesaria para la supervivencia en un mundo donde el ego\u00edsmo se instala en permanente residencia y los valores se esconden a la b\u00fasqueda de corazones que los acojan.\",\"En este libro, su autor nos propone un viaje por etapas a los sentimientos universales, esos en las que todos los seres humanos nos vemos reflejados: El miedo, la tristeza, el dolor, la esperanza, la alegr\u00eda, la pasi\u00f3n, la nostalgia\u2026 y, sobre todo, la belleza y el amor.\",\"Robando palabras a la autora del pr\u00f3logo de este libro: \u201c\u2026 En la obra de Sotavento encontramos la frescura del oasis que aguarda en medio del desierto a ser descubierto, para calmar nuestra sed de vida, verdad, pasi\u00f3n, luz y amor. Las emociones envueltas en versos se desvelan como espejismos entre fragancias, susurros e im\u00e1genes\u201d.\",\"Os invitamos a que os adentr\u00e9is en esta Ventisca emocional y la disfrut\u00e9is tanto como lo hemos hecho nosotros.\"],\n\t\t\t\t\t\t\t\t\t\ttypeSpeed: 35,\n\t\t\t\t\t\t\t\t\t\tbackSpeed: 0,\n\t\t\t\t\t\t\t\t\t\tstartDelay: \"200\",\n\t\t\t\t\t\t\t\t\t\tbackDelay: \"1500\",\n\t\t\t\t\t\t\t\t\t\tloop: true,\n\t\t\t\t\t\t\t\t\t\tloopCount: false,\n\t\t\t\t\t\t\t\t\t\tshowCursor: true,\n\t\t\t\t\t\t\t\t\t\tcursorChar: \"|\",\n\t\t\t\t\t\t\t\t\t\tattr: null\n\t\t\t\t\t\t\t\t\t});\n\t\t\t\t\t\t\t\t}\n\t\t\t\t\t\t\t});\n\t\t\t\t\t\t});\n\t\t\t\t\t<\/script><\/div>[\/vc_column][\/vc_row][vc_row full_height=&#8221;yes&#8221; content_placement=&#8221;middle&#8221; parallax=&#8221;content-moving&#8221; parallax_image=&#8221;86&#8243; css_animation=&#8221;appear&#8221; bg_type=&#8221;image&#8221; parallax_style=&#8221;vcpb-default&#8221; bg_img_attach=&#8221;fixed&#8221; css=&#8221;.vc_custom_1653759375316{background-image: url(https:\/\/nuestrosescritores.com\/tinahernandezherrero\/wp-content\/uploads\/sites\/107\/2021\/10\/TinaHernandezHerrero-Mediano.jpg?id=86) !important;}&#8221;][vc_column extend=&#8221;false&#8221;][vc_empty_space height=&#8221;150px&#8221;]<div id=\"rowvcpt-row-settings\" class=\"rowvcpt-row-set RowVcPt-row-setting69fb3118474d3 \" data-no=\"RowVcPt-row-setting69fb3118474d3\"><div class=\"columns-bg-wrap columns-bg-anim-colors columns-bg-image  columns_animated_bg columns-left-animation\" id=\"RowVcPt-image-bg-69fb3118474d2\"   data-direction=\"left\" data-parallax_sense=\"30\" src=\"https:\/\/nuestrosescritores.com\/sotavento\/wp-content\/uploads\/sites\/135\/2022\/09\/lbyqnb2ki0u.jpg\" style=\"background-image: url(https:\/\/nuestrosescritores.com\/sotavento\/wp-content\/uploads\/sites\/135\/2022\/09\/lbyqnb2ki0u.jpg);background-position: center center;background-size: cover;background-attachment: fixed;\"><\/div><\/div>[vc_column_text]\n<p style=\"text-align: center;\"><a class=\"fasc-button fasc-size-xlarge fasc-type-glossy fasc-rounded-medium\" style=\"background-color: #5f727a; color: #ffffff;\" href=\"https:\/\/librodepoesia.com\/libro\/la-ventisca-manuel-picazo-vico\/\">COMPRA SUS LIBROS<\/a><\/p>\n[\/vc_column_text][\/vc_column][\/vc_row][vc_row][vc_column]<div id=\"rowvcpt-row-settings\" class=\"rowvcpt-row-set RowVcPt-row-setting69fb3118477a7 \" data-no=\"RowVcPt-row-setting69fb3118477a7\"><div class=\"columns-bg-wrap columns-bg-anim-colors\" style=\"opacity: 1;background: -moz-linear-gradient(top, #e0e0e0 0%, #f7f7f7 100%);background: -webkit-gradient(linear, left top, left bottom, color-stop(0%,#e0e0e0), color-stop(100%,#f7f7f7));background: -webkit-linear-gradient(top, #e0e0e0 0%,#f7f7f7 100%);background: -o-linear-gradient(top, #e0e0e0 0%,#f7f7f7 100%);background: -ms-linear-gradient(top, #e0e0e0 0%,#f7f7f7 100%);background: linear-gradient(to bottom, #e0e0e0 0%,#f7f7f7 100%);\"><\/div><\/div>[vc_column_text css=&#8221;.vc_custom_1643365975895{padding-top: 5% !important;padding-right: 5% !important;padding-bottom: 5% !important;padding-left: 5% !important;background-color: rgba(206,206,206,0.01) !important;*background-color: rgb(206,206,206) !important;border-radius: 1px !important;}&#8221;]Esta p\u00e1gina web est\u00e1 realizada por el GRUPO EDITORIAL P\u00c9REZ-AYALA para el escritor SOTAVENTO (MANUEL PICAZO VICO) porque acaba de publicar un libro en una de las siguientes editoriales de poes\u00eda:<br \/>\nEditorial Poes\u00eda eres t\u00fa: Una editorial para poetas contempor\u00e1neos, con un cat\u00e1logo diverso de las diferentes tendencias de la poes\u00eda.<br \/>\nEdiciones Rilke: Una colecci\u00f3n de poes\u00eda cl\u00e1sica con poetas contempor\u00e1neos de gran trayectoria.<br \/>\nEdiciones Azor\u00edn: Una editorial para escritores y temas de Alicante y Murcia, un sello regional a nivel nacional.<br \/>\nContamos tambi\u00e9n con editoriales de narrativa como Ediciones Amaniel y una editorial de autoedici\u00f3n como la Editorial Agencia del libro y un sistema de crowdfunding de libros para que los nuevos escritores puedan publicar un libro gratis.<br \/>\nInformaci\u00f3n tras publicar un libro: LA VENTISCA de SOTAVENTO (MANUEL PICAZO VICO) con la editorial de poes\u00eda Editorial Poes\u00eda eres t\u00fa.<br \/>\nSOTAVENTO (MANUEL PICAZO VICO) logra publicar un libro de poes\u00eda, LA VENTISCA, tras un proceso de selecci\u00f3n de obras con la Editorial Poes\u00eda eres t\u00fa.<br \/>\nTodos los derechos del libro LA VENTISCA pertenecen a SOTAVENTO (MANUEL PICAZO VICO) tras publicar un libro con la Editorial Poes\u00eda eres t\u00fa.<br \/>\nPublicar un libro de poes\u00eda como LA VENTISCA de SOTAVENTO (MANUEL PICAZO VICO) es posible gracias al trabajo de todo el equipo de la Editorial Poes\u00eda eres t\u00fa.<br \/>\nToda la promoci\u00f3n del libro LA VENTISCA la puedes ver en la p\u00e1gina de la Editorial Poes\u00eda eres t\u00fa y en la web que la editorial le hace a SOTAVENTO (MANUEL PICAZO VICO) tras publicar un libro.<br \/>\nSOTAVENTO (MANUEL PICAZO VICO) agradece a la Editorial Poes\u00eda eres t\u00fa y la Agencia del libro por facilitar el trabajo de publicar un libro: LA VENTISCA.<br \/>\nLa Editorial Poes\u00eda eres t\u00fa y SOTAVENTO (MANUEL PICAZO VICO) agradecen la colaboraci\u00f3n de los poetas, que han conseguido publicar un libro, y lectores del libro LA VENTISCA por su colaboraci\u00f3n en la promoci\u00f3n y difusi\u00f3n de la obra.[\/vc_column_text][\/vc_column][\/vc_row]\n<\/div>","protected":false},"excerpt":{"rendered":"<p>[vc_row full_width=&#8221;stretch_row_content_no_spaces&#8221;][vc_column extend=&#8221;false&#8221;][layerslider_vc id=&#8221;1&#8243;][\/vc_column][\/vc_row][vc_row extend=&#8221;false&#8221; design__empty_1=&#8221;&#8221; background=&#8221;&#8221; background_image_type=&#8221;static&#8221; background_image__effect=&#8221;&#8221; bg_size=&#8221;initial&#8221; bg_position=&#8221;center-center&#8221; row_bg_image=&#8221;&#8221; bg_repeat=&#8221;no-repeat&#8221; background_image_type__bg_color=&#8221;rgba(255, 255, 255, 1)&#8221; row_bg_parallax_images=&#8221;&#8221; row_bg_slideshow_images=&#8221;&#8221; background_video_type=&#8221;youtube&#8221; background_video__youtube__url=&#8221;&#8221; background_video__youtube__parallax=&#8221;&#8221; background_video__youtube__options=&#8221;&#8221; background_video__youtube__fallback_image=&#8221;&#8221; background_video__hosted__mp4=&#8221;&#8221; background_video__hosted__webm=&#8221;&#8221; background_video__hosted__ogv=&#8221;&#8221; background_video__hosted__parallax=&#8221;&#8221; background_video__hosted__options=&#8221;&#8221; background_video__hosted__fallback_image=&#8221;&#8221; background_color_type=&#8221;color&#8221; bg__empty_1=&#8221;&#8221; background_color_type__gradient_color1=&#8221;rgba(44, 74, 228, 1)&#8221; background_color_type__gradient_color2=&#8221;rgba(44, 74, 228, 1)&#8221; background_color_type__color_color1=&#8221;rgba(44, 74, 228, 1)&#8221; bg__empty_2=&#8221;&#8221; background_color__effect=&#8221;&#8221; background_color__direction=&#8221;left-to-right&#8221; settings__tag_1=&#8221;&#8221; viewport_lg=&#8221;&#8221; viewport_md=&#8221;&#8221; viewport_sm=&#8221;&#8221; viewport_xs=&#8221;&#8221; settings__empty_1=&#8221;&#8221; version=&#8221;1&#8243;][vc_column width=&#8221;1\/2&#8243; [&hellip;]<\/p>\n","protected":false},"author":1,"featured_media":0,"parent":0,"menu_order":0,"comment_status":"closed","ping_status":"closed","template":"","meta":{"_acf_changed":false,"footnotes":""},"class_list":["post-12","page","type-page","status-publish","hentry"],"acf":[],"yoast_head":"<!-- This site is optimized with the Yoast SEO Premium plugin v24.7 (Yoast SEO v27.5) - https:\/\/yoast.com\/product\/yoast-seo-premium-wordpress\/ -->\n<title>SOTAVENTO - Sotavento<\/title>\n<meta name=\"description\" content=\"SOTAVENTO (MANUEL PICAZO VICO) es el escritor del libro LA VENTISCA. El poeta acaba de publicar un libro con la Editorial Poes\u00eda eres t\u00fa.\" \/>\n<meta name=\"robots\" content=\"index, follow, max-snippet:-1, max-image-preview:large, max-video-preview:-1\" \/>\n<link rel=\"canonical\" href=\"https:\/\/nuestrosescritores.com\/sotavento\/\" \/>\n<meta property=\"og:locale\" content=\"es_ES\" \/>\n<meta property=\"og:type\" content=\"article\" \/>\n<meta property=\"og:title\" content=\"SOTAVENTO\" \/>\n<meta property=\"og:description\" content=\"SOTAVENTO (MANUEL PICAZO VICO) es el escritor del libro LA VENTISCA. El poeta acaba de publicar un libro con la Editorial Poes\u00eda eres t\u00fa.\" \/>\n<meta property=\"og:url\" content=\"https:\/\/nuestrosescritores.com\/sotavento\/\" \/>\n<meta property=\"og:site_name\" content=\"Sotavento\" \/>\n<meta property=\"article:modified_time\" content=\"2022-09-29T05:31:31+00:00\" \/>\n<meta name=\"twitter:card\" content=\"summary_large_image\" \/>\n<meta name=\"twitter:label1\" content=\"Tiempo de lectura\" \/>\n\t<meta name=\"twitter:data1\" content=\"4 minutos\" \/>\n<script type=\"application\/ld+json\" class=\"yoast-schema-graph\">{\"@context\":\"https:\\\/\\\/schema.org\",\"@graph\":[{\"@type\":\"WebPage\",\"@id\":\"https:\\\/\\\/nuestrosescritores.com\\\/sotavento\\\/\",\"url\":\"https:\\\/\\\/nuestrosescritores.com\\\/sotavento\\\/\",\"name\":\"SOTAVENTO - Sotavento\",\"isPartOf\":{\"@id\":\"https:\\\/\\\/nuestrosescritores.com\\\/sotavento\\\/#website\"},\"datePublished\":\"2022-09-25T07:42:33+00:00\",\"dateModified\":\"2022-09-29T05:31:31+00:00\",\"description\":\"SOTAVENTO (MANUEL PICAZO VICO) es el escritor del libro LA VENTISCA. El poeta acaba de publicar un libro con la Editorial Poes\u00eda eres t\u00fa.\",\"breadcrumb\":{\"@id\":\"https:\\\/\\\/nuestrosescritores.com\\\/sotavento\\\/#breadcrumb\"},\"inLanguage\":\"es\",\"potentialAction\":[{\"@type\":\"ReadAction\",\"target\":[\"https:\\\/\\\/nuestrosescritores.com\\\/sotavento\\\/\"]}]},{\"@type\":\"BreadcrumbList\",\"@id\":\"https:\\\/\\\/nuestrosescritores.com\\\/sotavento\\\/#breadcrumb\",\"itemListElement\":[{\"@type\":\"ListItem\",\"position\":1,\"name\":\"Portada\",\"item\":\"https:\\\/\\\/nuestrosescritores.com\\\/sotavento\\\/\"},{\"@type\":\"ListItem\",\"position\":2,\"name\":\"SOTAVENTO\"}]},{\"@type\":\"WebSite\",\"@id\":\"https:\\\/\\\/nuestrosescritores.com\\\/sotavento\\\/#website\",\"url\":\"https:\\\/\\\/nuestrosescritores.com\\\/sotavento\\\/\",\"name\":\"Nuestros escritores\",\"description\":\"Escritor\",\"potentialAction\":[{\"@type\":\"SearchAction\",\"target\":{\"@type\":\"EntryPoint\",\"urlTemplate\":\"https:\\\/\\\/nuestrosescritores.com\\\/sotavento\\\/?s={search_term_string}\"},\"query-input\":{\"@type\":\"PropertyValueSpecification\",\"valueRequired\":true,\"valueName\":\"search_term_string\"}}],\"inLanguage\":\"es\"}]}<\/script>\n<!-- \/ Yoast SEO Premium plugin. -->","yoast_head_json":{"title":"SOTAVENTO - Sotavento","description":"SOTAVENTO (MANUEL PICAZO VICO) es el escritor del libro LA VENTISCA. El poeta acaba de publicar un libro con la Editorial Poes\u00eda eres t\u00fa.","robots":{"index":"index","follow":"follow","max-snippet":"max-snippet:-1","max-image-preview":"max-image-preview:large","max-video-preview":"max-video-preview:-1"},"canonical":"https:\/\/nuestrosescritores.com\/sotavento\/","og_locale":"es_ES","og_type":"article","og_title":"SOTAVENTO","og_description":"SOTAVENTO (MANUEL PICAZO VICO) es el escritor del libro LA VENTISCA. El poeta acaba de publicar un libro con la Editorial Poes\u00eda eres t\u00fa.","og_url":"https:\/\/nuestrosescritores.com\/sotavento\/","og_site_name":"Sotavento","article_modified_time":"2022-09-29T05:31:31+00:00","twitter_card":"summary_large_image","twitter_misc":{"Tiempo de lectura":"4 minutos"},"schema":{"@context":"https:\/\/schema.org","@graph":[{"@type":"WebPage","@id":"https:\/\/nuestrosescritores.com\/sotavento\/","url":"https:\/\/nuestrosescritores.com\/sotavento\/","name":"SOTAVENTO - Sotavento","isPartOf":{"@id":"https:\/\/nuestrosescritores.com\/sotavento\/#website"},"datePublished":"2022-09-25T07:42:33+00:00","dateModified":"2022-09-29T05:31:31+00:00","description":"SOTAVENTO (MANUEL PICAZO VICO) es el escritor del libro LA VENTISCA. El poeta acaba de publicar un libro con la Editorial Poes\u00eda eres t\u00fa.","breadcrumb":{"@id":"https:\/\/nuestrosescritores.com\/sotavento\/#breadcrumb"},"inLanguage":"es","potentialAction":[{"@type":"ReadAction","target":["https:\/\/nuestrosescritores.com\/sotavento\/"]}]},{"@type":"BreadcrumbList","@id":"https:\/\/nuestrosescritores.com\/sotavento\/#breadcrumb","itemListElement":[{"@type":"ListItem","position":1,"name":"Portada","item":"https:\/\/nuestrosescritores.com\/sotavento\/"},{"@type":"ListItem","position":2,"name":"SOTAVENTO"}]},{"@type":"WebSite","@id":"https:\/\/nuestrosescritores.com\/sotavento\/#website","url":"https:\/\/nuestrosescritores.com\/sotavento\/","name":"Nuestros escritores","description":"Escritor","potentialAction":[{"@type":"SearchAction","target":{"@type":"EntryPoint","urlTemplate":"https:\/\/nuestrosescritores.com\/sotavento\/?s={search_term_string}"},"query-input":{"@type":"PropertyValueSpecification","valueRequired":true,"valueName":"search_term_string"}}],"inLanguage":"es"}]}},"_links":{"self":[{"href":"https:\/\/nuestrosescritores.com\/sotavento\/wp-json\/wp\/v2\/pages\/12","targetHints":{"allow":["GET"]}}],"collection":[{"href":"https:\/\/nuestrosescritores.com\/sotavento\/wp-json\/wp\/v2\/pages"}],"about":[{"href":"https:\/\/nuestrosescritores.com\/sotavento\/wp-json\/wp\/v2\/types\/page"}],"author":[{"embeddable":true,"href":"https:\/\/nuestrosescritores.com\/sotavento\/wp-json\/wp\/v2\/users\/1"}],"replies":[{"embeddable":true,"href":"https:\/\/nuestrosescritores.com\/sotavento\/wp-json\/wp\/v2\/comments?post=12"}],"version-history":[{"count":0,"href":"https:\/\/nuestrosescritores.com\/sotavento\/wp-json\/wp\/v2\/pages\/12\/revisions"}],"wp:attachment":[{"href":"https:\/\/nuestrosescritores.com\/sotavento\/wp-json\/wp\/v2\/media?parent=12"}],"curies":[{"name":"wp","href":"https:\/\/api.w.org\/{rel}","templated":true}]}}