{"id":71,"date":"2019-12-16T21:47:32","date_gmt":"2019-12-16T21:47:32","guid":{"rendered":"https:\/\/nuestrosescritores.com\/silviargopika\/?page_id=71"},"modified":"2019-12-16T22:23:41","modified_gmt":"2019-12-16T22:23:41","slug":"poesia","status":"publish","type":"page","link":"https:\/\/nuestrosescritores.com\/silviargopika\/poesia\/","title":{"rendered":"Poes\u00eda"},"content":{"rendered":"<div class=\"wpb-content-wrapper\">[vc_row][vc_column extend=&#8221;false&#8221;][vc_column_text css=&#8221;.vc_custom_1574620857038{margin-top: -30000px !important;}&#8221;]\n<h1><strong><em><u>Poes\u00eda del libro MELOD\u00cdAS DE SEDA de SILVIA R. GOPIKA. El escritor nos da una muestra tras publicar un libro.<\/u><\/em><\/strong><\/h1>\n<h2><strong><em><u><img fetchpriority=\"high\" decoding=\"async\" class=\"alignnone size-full wp-image-40\" src=\"https:\/\/nuestrosescritores.com\/silviargopika\/wp-content\/uploads\/sites\/17\/2019\/12\/0_Portada_Melodias-1.jpg\" alt=\"\" width=\"768\" height=\"1090\">Poes\u00eda del libro MELOD\u00cdAS DE SEDA de SILVIA R. GOPIKA El poeta nos da una muestra tras publicar un libro.<\/u><\/em><\/strong><\/h2>\n<h3><strong><em><u>Poes\u00eda del libro MELOD\u00cdAS DE SEDA de SILVIA R. GOPIKA El autor nos da una muestra tras publicar un libro.<\/u><\/em><\/strong><\/h3>\n<h4><strong><em><u>Poes\u00eda del libro MELOD\u00cdAS DE SEDA de SILVIA R. GOPIKA El autor nos da una muestra tras publicar un libro.<\/u><\/em><\/strong><\/h4>\n<h5><strong><em><u>Poes\u00eda del libro MELOD\u00cdAS DE SEDA de SILVIA R. GOPIKA El autor nos da una muestra tras publicar un libro.<\/u><\/em><\/strong><\/h5>\n[\/vc_column_text][\/vc_column][\/vc_row][vc_row full_width=&#8221;stretch_row_content_no_spaces&#8221;][vc_column extend=&#8221;false&#8221;]<div class='gambit_parallax_row' data-bg-align='' data-direction='fixed' data-opacity='100' data-velocity='-0.3' data-mobile-enabled='' data-bg-height='1200' data-bg-width='800' data-bg-image='https:\/\/nuestrosescritores.com\/silviargopika\/wp-content\/uploads\/sites\/17\/2019\/12\/cs67h2lipeo.jpg' data-bg-repeat='false' data-id='' style='display: none'><\/div><div class=\"gambit_fullheight_row\" data-content-location=\"center\" style=\"display: none\"><\/div>[\/vc_column][\/vc_row][vc_row][vc_column extend=&#8221;false&#8221;][vc_column_text]\n<h1><a name=\"_Toc25518607\"><\/a><strong>Querido tiempo<\/strong><\/h1>\n<p>&nbsp;<\/p>\n<p>Comienza el d\u00eda,<\/p>\n<p>con las alteraciones de la vida<\/p>\n<p>que conlleva el vivir.<\/p>\n<p>Tantas cosas\u2026<\/p>\n<p>y la ma\u00f1ana casi ni ha nacido.<\/p>\n<p>Todo suena a locura.<\/p>\n<p>&nbsp;<\/p>\n<p>Camino por un r\u00edo,<\/p>\n<p>anta\u00f1o una calle.<\/p>\n<p>El agua inunda mi ser y desborda mi mente<\/p>\n<p>hacia un para\u00edso lejano,<\/p>\n<p>donde naufrago antes de llegar,<\/p>\n<p>otra locura.<\/p>\n<p>&nbsp;<\/p>\n<p>Observo y respiro.<\/p>\n<p>Respiro,<\/p>\n<p>y con el aire brota el silencio de una oraci\u00f3n.<\/p>\n<p>Sigo caminando.<\/p>\n<p>Siento en cada paso la Gracia regalada en mi coraz\u00f3n,<\/p>\n<p>esa que asoma sin permiso;<\/p>\n<p>la recibo como tronco al que el n\u00e1ufrago agarra la vida.<\/p>\n<p>&nbsp;<\/p>\n<p>\u00bfOtra locura?<\/p>\n<p>Esta suena a loca cordura de Amor.<\/p>\n<p>&nbsp;<\/p>\n<p>Soy hija de la tierra y del cielo estrellado,<\/p>\n<p>pero mi estirpe es celeste.<\/p>\n<p>\u2026rezaba una tablilla dorada.<\/p>\n<p>&nbsp;<\/p>\n<span class='bctt-click-to-tweet'><span class='bctt-ctt-text'><a href='https:\/\/x.com\/intent\/tweet?url=https%3A%2F%2Fnuestrosescritores.com%2Fsilviargopika%2Fpoesia%2F&#038;text=Querido%20tiempo%C2%A0del%20libro%20MELOD%C3%8DAS%20DE%20SEDA%20de%20SILVIA%20R.%20GOPIKA&#038;via=poesiaerestu&#038;related=poesiaerestu' target='_blank'rel=\"noopener noreferrer\">Querido tiempo&nbsp;del libro MELOD\u00cdAS DE SEDA de SILVIA R. GOPIKA <\/a><\/span><a href='https:\/\/x.com\/intent\/tweet?url=https%3A%2F%2Fnuestrosescritores.com%2Fsilviargopika%2Fpoesia%2F&#038;text=Querido%20tiempo%C2%A0del%20libro%20MELOD%C3%8DAS%20DE%20SEDA%20de%20SILVIA%20R.%20GOPIKA&#038;via=poesiaerestu&#038;related=poesiaerestu' target='_blank' class='bctt-ctt-btn'rel=\"noopener noreferrer\">Compartir en X<\/a><\/span>\n<p>&nbsp;[\/vc_column_text][\/vc_column][\/vc_row][vc_row full_width=&#8221;stretch_row_content_no_spaces&#8221;][vc_column extend=&#8221;false&#8221;]<div class='gambit_parallax_row' data-bg-align='' data-direction='fixed' data-opacity='100' data-velocity='-0.3' data-mobile-enabled='' data-bg-height='1067' data-bg-width='1600' data-bg-image='https:\/\/nuestrosescritores.com\/silviargopika\/wp-content\/uploads\/sites\/17\/2019\/12\/cjuunafah78.jpg' data-bg-repeat='false' data-id='' style='display: none'><\/div><div class=\"gambit_fullheight_row\" data-content-location=\"center\" style=\"display: none\"><\/div>[\/vc_column][\/vc_row][vc_row][vc_column extend=&#8221;false&#8221;][vc_column_text]\n<h1><a name=\"_Toc25518612\"><\/a><strong>Querido Ser infinito<\/strong><\/h1>\n<p>&nbsp;<\/p>\n<p>Te veo en el ni\u00f1o que juega.<\/p>\n<p>Te veo en las ondas del mar.<\/p>\n<p>Te veo en las briznas salvajes de hierba,<\/p>\n<p>en las flores que ofreces para mi altar.<\/p>\n<p>&nbsp;<\/p>\n<p>La brisa en la ma\u00f1ana me trae tu aroma infinito<\/p>\n<p>y escucho tu voz con los p\u00e1jaros cantar.<\/p>\n<p>Mientras las mariposas danzan,<\/p>\n<p>sobre el dorado maizal.<\/p>\n<p>&nbsp;<\/p>\n<p>El sol me ofrece el calor de tu dulce abrazo,<\/p>\n<p>la monta\u00f1a un templo para poderte adorar.<\/p>\n<p>&nbsp;<\/p>\n<p>Con las rocas construyo un puente<\/p>\n<p>que me lleve hasta el hogar.<\/p>\n<p>&nbsp;<\/p>\n<p>Hoy Te siento tan cerca,<\/p>\n<p>que veo en todo tu asomar.<\/p>\n<p>&nbsp;<\/p>\n<p>Hoy Te veo en tu grandeza,<\/p>\n<p>no te vayas a machar.<\/p>\n<p>&nbsp;<\/p>\n<span class='bctt-click-to-tweet'><span class='bctt-ctt-text'><a href='https:\/\/x.com\/intent\/tweet?url=https%3A%2F%2Fnuestrosescritores.com%2Fsilviargopika%2Fpoesia%2F&#038;text=Querido%20Ser%20infinito%20del%20libro%20MELOD%C3%8DAS%20DE%20SEDA%20de%20SILVIA%20R.%20GOPIKA&#038;via=poesiaerestu&#038;related=poesiaerestu' target='_blank'rel=\"noopener noreferrer\">Querido Ser infinito del libro MELOD\u00cdAS DE SEDA de SILVIA R. GOPIKA <\/a><\/span><a href='https:\/\/x.com\/intent\/tweet?url=https%3A%2F%2Fnuestrosescritores.com%2Fsilviargopika%2Fpoesia%2F&#038;text=Querido%20Ser%20infinito%20del%20libro%20MELOD%C3%8DAS%20DE%20SEDA%20de%20SILVIA%20R.%20GOPIKA&#038;via=poesiaerestu&#038;related=poesiaerestu' target='_blank' class='bctt-ctt-btn'rel=\"noopener noreferrer\">Compartir en X<\/a><\/span>\n<p>&nbsp;<\/p>\n<p>&nbsp;[\/vc_column_text][\/vc_column][\/vc_row][vc_row][vc_column extend=&#8221;false&#8221;]<div class='gambit_parallax_row' data-bg-align='' data-direction='fixed' data-opacity='100' data-velocity='-0.3' data-mobile-enabled='' data-bg-height='1200' data-bg-width='1200' data-bg-image='https:\/\/nuestrosescritores.com\/silviargopika\/wp-content\/uploads\/sites\/17\/2019\/12\/sgq2qvqx66u.jpg' data-bg-repeat='false' data-id='' style='display: none'><\/div><div class=\"gambit_fullheight_row\" data-content-location=\"center\" style=\"display: none\"><\/div>[\/vc_column][\/vc_row][vc_row][vc_column extend=&#8221;false&#8221;][vc_column_text]\n<h1><a name=\"_Toc25518620\"><\/a><strong>Querida luna<\/strong><\/h1>\n<p>&nbsp;<\/p>\n<p>Noche de sue\u00f1os<\/p>\n<p>que nacen para enso\u00f1ar la vida,<\/p>\n<p>caminando van por la calle de los deseos.<\/p>\n<p>Quiz\u00e1 en la tercera calle a la derecha,<\/p>\n<p>alguien los eleve hasta el cielo.<\/p>\n<p>&nbsp;<\/p>\n<p>Noche desnuda<\/p>\n<p>que nace para desvestir el alma,<\/p>\n<p>como hurac\u00e1n desgarrando capas.<\/p>\n<p>Quiz\u00e1 cuando el viento amaine<\/p>\n<p>alguien se ofrezca a llevarlas.<\/p>\n<p>&nbsp;<\/p>\n<p>Noche de prop\u00f3sitos<\/p>\n<p>que nacen para recetar milagros,<\/p>\n<p>navegando van hacia el oc\u00e9ano de lo imposible.<\/p>\n<p>Quiz\u00e1 el barquero de aquel cuento<\/p>\n<p>el rumbo al tesoro me indique.<\/p>\n<p>&nbsp;<\/p>\n<p>Tres noches han nacido,<\/p>\n<p>una para cada ley,<\/p>\n<p>nuestros sue\u00f1os se han mecido,<\/p>\n<p>por mimosas de papel.<\/p>\n<p>&nbsp;<\/p>\n<p>&nbsp;<\/p>\n<p>&nbsp;<\/p>\n<span class='bctt-click-to-tweet'><span class='bctt-ctt-text'><a href='https:\/\/x.com\/intent\/tweet?url=https%3A%2F%2Fnuestrosescritores.com%2Fsilviargopika%2Fpoesia%2F&#038;text=Querida%20luna%20del%20libro%20MELOD%C3%8DAS%20DE%20SEDA%20de%20SILVIA%20R.%20GOPIKA&#038;via=poesiaerestu&#038;related=poesiaerestu' target='_blank'rel=\"noopener noreferrer\">Querida luna del libro MELOD\u00cdAS DE SEDA de SILVIA R. GOPIKA <\/a><\/span><a href='https:\/\/x.com\/intent\/tweet?url=https%3A%2F%2Fnuestrosescritores.com%2Fsilviargopika%2Fpoesia%2F&#038;text=Querida%20luna%20del%20libro%20MELOD%C3%8DAS%20DE%20SEDA%20de%20SILVIA%20R.%20GOPIKA&#038;via=poesiaerestu&#038;related=poesiaerestu' target='_blank' class='bctt-ctt-btn'rel=\"noopener noreferrer\">Compartir en X<\/a><\/span>[\/vc_column_text][\/vc_column][\/vc_row][vc_row][vc_column extend=&#8221;false&#8221;]<div class='gambit_parallax_row' data-bg-align='' data-direction='fixed' data-opacity='100' data-velocity='-0.3' data-mobile-enabled='' data-bg-height='1200' data-bg-width='800' data-bg-image='https:\/\/nuestrosescritores.com\/silviargopika\/wp-content\/uploads\/sites\/17\/2019\/12\/wflczauljm0.jpg' data-bg-repeat='false' data-id='' style='display: none'><\/div><div class=\"gambit_fullheight_row\" data-content-location=\"center\" style=\"display: none\"><\/div>[\/vc_column][\/vc_row][vc_row][vc_column extend=&#8221;false&#8221;][vc_column_text]\n<h1><a name=\"_Toc25518635\"><\/a><strong>Amado Ser<\/strong><\/h1>\n<p>&nbsp;<\/p>\n<p>Llegaste al alba,<\/p>\n<p>sin avisar siquiera,<\/p>\n<p>rob\u00e1ndome la m\u00e1s profunda soledad,<\/p>\n<p>justo en el instante, donde todo estaba perdido.<\/p>\n<p>&nbsp;<\/p>\n<p>\u201cNo me sientas separado,<\/p>\n<p>pues yo Soy en ti.<\/p>\n<p>En cada aliento que respiras, yo Soy<\/p>\n<p>en cada mota mi forma, yo Soy<\/p>\n<p>en cada latido mi susurro, yo Soy<\/p>\n<p>&nbsp;<\/p>\n<p>&nbsp;<\/p>\n<p>No me sientas separado,<\/p>\n<p>pues yo Soy<\/p>\n<p>siempre en ti\u201d.<\/p>\n<p>&nbsp;<\/p>\n<p>&nbsp;<\/p>\n<p>&nbsp;<\/p>\n<span class='bctt-click-to-tweet'><span class='bctt-ctt-text'><a href='https:\/\/x.com\/intent\/tweet?url=https%3A%2F%2Fnuestrosescritores.com%2Fsilviargopika%2Fpoesia%2F&#038;text=Amado%20Ser%20del%20libro%20MELOD%C3%8DAS%20DE%20SEDA%20de%20SILVIA%20R.%20GOPIKA&#038;via=poesiaerestu&#038;related=poesiaerestu' target='_blank'rel=\"noopener noreferrer\">Amado Ser del libro MELOD\u00cdAS DE SEDA de SILVIA R. GOPIKA <\/a><\/span><a href='https:\/\/x.com\/intent\/tweet?url=https%3A%2F%2Fnuestrosescritores.com%2Fsilviargopika%2Fpoesia%2F&#038;text=Amado%20Ser%20del%20libro%20MELOD%C3%8DAS%20DE%20SEDA%20de%20SILVIA%20R.%20GOPIKA&#038;via=poesiaerestu&#038;related=poesiaerestu' target='_blank' class='bctt-ctt-btn'rel=\"noopener noreferrer\">Compartir en X<\/a><\/span>[\/vc_column_text][\/vc_column][\/vc_row][vc_row][vc_column extend=&#8221;false&#8221;]<div class='gambit_parallax_row' data-bg-align='' data-direction='fixed' data-opacity='100' data-velocity='-0.3' data-mobile-enabled='' data-bg-height='479' data-bg-width='1366' data-bg-image='https:\/\/nuestrosescritores.com\/silviargopika\/wp-content\/uploads\/sites\/17\/2019\/12\/LALITA-19_021_HandDraw_Alargado-Mediano.jpg' data-bg-repeat='false' data-id='' style='display: none'><\/div><div class=\"gambit_fullheight_row\" data-content-location=\"center\" style=\"display: none\"><\/div>[vc_column_text]\n<p style=\"text-align: center;\"><a class=\"fasc-button fasc-size-xlarge fasc-type-glossy fasc-rounded-medium\" style=\"background-color: #33809e; color: #ffffff;\" href=\"https:\/\/librodepoesia.com\/producto\/preguntale-a-dios-indyra-lisy\/\">Comprar el libro<\/a><\/p>\n[\/vc_column_text][\/vc_column][\/vc_row][vc_row][vc_column extend=&#8221;false&#8221;][vc_column_text css=&#8221;.vc_custom_1549215104378{margin-top: -30000px !important;}&#8221;]\n<h1><strong><em><u>Poes\u00eda del libro MELOD\u00cdAS DE SEDA de SILVIA R. GOPIKA. El escritor nos da una muestra tras publicar un libro.<\/u><\/em><\/strong><\/h1>\n<h2><strong><em><u>Poes\u00eda del libro MELOD\u00cdAS DE SEDA de SILVIA R. GOPIKA El poeta nos da una muestra tras publicar un libro.<\/u><\/em><\/strong><\/h2>\n<h3><strong><em><u>Poes\u00eda del libro MELOD\u00cdAS DE SEDA de SILVIA R. GOPIKA El autor nos da una muestra tras publicar un libro.<\/u><\/em><\/strong><\/h3>\n<h4><strong><em><u>Poes\u00eda del libro MELOD\u00cdAS DE SEDA de SILVIA R. GOPIKA El autor nos da una muestra tras publicar un libro.<\/u><\/em><\/strong><\/h4>\n<h5><strong><em><u>Poes\u00eda del libro MELOD\u00cdAS DE SEDA de SILVIA R. GOPIKA El autor nos da una muestra tras publicar un libro.<\/u><\/em><\/strong><\/h5>\n[\/vc_column_text][\/vc_column][\/vc_row]\n<\/div>","protected":false},"excerpt":{"rendered":"<p>[vc_row][vc_column extend=&#8221;false&#8221;][vc_column_text css=&#8221;.vc_custom_1574620857038{margin-top: -30000px !important;}&#8221;] Poes\u00eda del libro MELOD\u00cdAS DE SEDA de SILVIA R. GOPIKA. El escritor nos da una muestra tras publicar un libro. Poes\u00eda del libro MELOD\u00cdAS DE SEDA de SILVIA R. GOPIKA El poeta nos da una muestra tras publicar un libro. Poes\u00eda del libro MELOD\u00cdAS DE SEDA de SILVIA R. GOPIKA [&hellip;]<\/p>\n","protected":false},"author":1,"featured_media":0,"parent":0,"menu_order":3,"comment_status":"closed","ping_status":"closed","template":"","meta":{"_acf_changed":false,"footnotes":""},"class_list":["post-71","page","type-page","status-publish","hentry"],"acf":[],"yoast_head":"<!-- This site is optimized with the Yoast SEO Premium plugin v24.7 (Yoast SEO v27.5) - https:\/\/yoast.com\/product\/yoast-seo-premium-wordpress\/ -->\n<title>Poes\u00eda - Silvia R. Gopika<\/title>\n<meta name=\"description\" content=\"Poes\u00eda del libro MELOD\u00cdAS DE SEDA. EP\u00cdSTOLAS DE UN CORAZ\u00d3N ANHELANTE de SILVIA R. GOPIKA\" \/>\n<meta name=\"robots\" content=\"index, follow, max-snippet:-1, max-image-preview:large, max-video-preview:-1\" \/>\n<link rel=\"canonical\" href=\"https:\/\/nuestrosescritores.com\/silviargopika\/poesia\/\" \/>\n<meta property=\"og:locale\" content=\"es_ES\" \/>\n<meta property=\"og:type\" content=\"article\" \/>\n<meta property=\"og:title\" content=\"Poes\u00eda\" \/>\n<meta property=\"og:description\" content=\"Poes\u00eda del libro MELOD\u00cdAS DE SEDA. EP\u00cdSTOLAS DE UN CORAZ\u00d3N ANHELANTE de SILVIA R. GOPIKA\" \/>\n<meta property=\"og:url\" content=\"https:\/\/nuestrosescritores.com\/silviargopika\/poesia\/\" \/>\n<meta property=\"og:site_name\" content=\"Silvia R. Gopika\" \/>\n<meta property=\"article:modified_time\" content=\"2019-12-16T22:23:41+00:00\" \/>\n<meta property=\"og:image\" content=\"https:\/\/nuestrosescritores.com\/silviargopika\/wp-content\/uploads\/sites\/17\/2019\/12\/0_Portada_Melodias-1.jpg\" \/>\n<meta name=\"twitter:card\" content=\"summary_large_image\" \/>\n<meta name=\"twitter:label1\" content=\"Tiempo de lectura\" \/>\n\t<meta name=\"twitter:data1\" content=\"5 minutos\" \/>\n<script type=\"application\/ld+json\" class=\"yoast-schema-graph\">{\"@context\":\"https:\\\/\\\/schema.org\",\"@graph\":[{\"@type\":\"WebPage\",\"@id\":\"https:\\\/\\\/nuestrosescritores.com\\\/silviargopika\\\/poesia\\\/\",\"url\":\"https:\\\/\\\/nuestrosescritores.com\\\/silviargopika\\\/poesia\\\/\",\"name\":\"Poes\u00eda - Silvia R. Gopika\",\"isPartOf\":{\"@id\":\"https:\\\/\\\/nuestrosescritores.com\\\/silviargopika\\\/#website\"},\"primaryImageOfPage\":{\"@id\":\"https:\\\/\\\/nuestrosescritores.com\\\/silviargopika\\\/poesia\\\/#primaryimage\"},\"image\":{\"@id\":\"https:\\\/\\\/nuestrosescritores.com\\\/silviargopika\\\/poesia\\\/#primaryimage\"},\"thumbnailUrl\":\"https:\\\/\\\/nuestrosescritores.com\\\/silviargopika\\\/wp-content\\\/uploads\\\/sites\\\/17\\\/2019\\\/12\\\/0_Portada_Melodias-1.jpg\",\"datePublished\":\"2019-12-16T21:47:32+00:00\",\"dateModified\":\"2019-12-16T22:23:41+00:00\",\"description\":\"Poes\u00eda del libro MELOD\u00cdAS DE SEDA. EP\u00cdSTOLAS DE UN CORAZ\u00d3N ANHELANTE de SILVIA R. GOPIKA\",\"breadcrumb\":{\"@id\":\"https:\\\/\\\/nuestrosescritores.com\\\/silviargopika\\\/poesia\\\/#breadcrumb\"},\"inLanguage\":\"es\",\"potentialAction\":[{\"@type\":\"ReadAction\",\"target\":[\"https:\\\/\\\/nuestrosescritores.com\\\/silviargopika\\\/poesia\\\/\"]}]},{\"@type\":\"ImageObject\",\"inLanguage\":\"es\",\"@id\":\"https:\\\/\\\/nuestrosescritores.com\\\/silviargopika\\\/poesia\\\/#primaryimage\",\"url\":\"https:\\\/\\\/nuestrosescritores.com\\\/silviargopika\\\/wp-content\\\/uploads\\\/sites\\\/17\\\/2019\\\/12\\\/0_Portada_Melodias-1.jpg\",\"contentUrl\":\"https:\\\/\\\/nuestrosescritores.com\\\/silviargopika\\\/wp-content\\\/uploads\\\/sites\\\/17\\\/2019\\\/12\\\/0_Portada_Melodias-1.jpg\",\"width\":768,\"height\":1090},{\"@type\":\"BreadcrumbList\",\"@id\":\"https:\\\/\\\/nuestrosescritores.com\\\/silviargopika\\\/poesia\\\/#breadcrumb\",\"itemListElement\":[{\"@type\":\"ListItem\",\"position\":1,\"name\":\"Portada\",\"item\":\"https:\\\/\\\/nuestrosescritores.com\\\/silviargopika\\\/\"},{\"@type\":\"ListItem\",\"position\":2,\"name\":\"Poes\u00eda\"}]},{\"@type\":\"WebSite\",\"@id\":\"https:\\\/\\\/nuestrosescritores.com\\\/silviargopika\\\/#website\",\"url\":\"https:\\\/\\\/nuestrosescritores.com\\\/silviargopika\\\/\",\"name\":\"Nuestros escritores\",\"description\":\"Escritora\",\"potentialAction\":[{\"@type\":\"SearchAction\",\"target\":{\"@type\":\"EntryPoint\",\"urlTemplate\":\"https:\\\/\\\/nuestrosescritores.com\\\/silviargopika\\\/?s={search_term_string}\"},\"query-input\":{\"@type\":\"PropertyValueSpecification\",\"valueRequired\":true,\"valueName\":\"search_term_string\"}}],\"inLanguage\":\"es\"}]}<\/script>\n<!-- \/ Yoast SEO Premium plugin. -->","yoast_head_json":{"title":"Poes\u00eda - Silvia R. Gopika","description":"Poes\u00eda del libro MELOD\u00cdAS DE SEDA. EP\u00cdSTOLAS DE UN CORAZ\u00d3N ANHELANTE de SILVIA R. GOPIKA","robots":{"index":"index","follow":"follow","max-snippet":"max-snippet:-1","max-image-preview":"max-image-preview:large","max-video-preview":"max-video-preview:-1"},"canonical":"https:\/\/nuestrosescritores.com\/silviargopika\/poesia\/","og_locale":"es_ES","og_type":"article","og_title":"Poes\u00eda","og_description":"Poes\u00eda del libro MELOD\u00cdAS DE SEDA. EP\u00cdSTOLAS DE UN CORAZ\u00d3N ANHELANTE de SILVIA R. GOPIKA","og_url":"https:\/\/nuestrosescritores.com\/silviargopika\/poesia\/","og_site_name":"Silvia R. Gopika","article_modified_time":"2019-12-16T22:23:41+00:00","og_image":[{"url":"https:\/\/nuestrosescritores.com\/silviargopika\/wp-content\/uploads\/sites\/17\/2019\/12\/0_Portada_Melodias-1.jpg","type":"","width":"","height":""}],"twitter_card":"summary_large_image","twitter_misc":{"Tiempo de lectura":"5 minutos"},"schema":{"@context":"https:\/\/schema.org","@graph":[{"@type":"WebPage","@id":"https:\/\/nuestrosescritores.com\/silviargopika\/poesia\/","url":"https:\/\/nuestrosescritores.com\/silviargopika\/poesia\/","name":"Poes\u00eda - Silvia R. Gopika","isPartOf":{"@id":"https:\/\/nuestrosescritores.com\/silviargopika\/#website"},"primaryImageOfPage":{"@id":"https:\/\/nuestrosescritores.com\/silviargopika\/poesia\/#primaryimage"},"image":{"@id":"https:\/\/nuestrosescritores.com\/silviargopika\/poesia\/#primaryimage"},"thumbnailUrl":"https:\/\/nuestrosescritores.com\/silviargopika\/wp-content\/uploads\/sites\/17\/2019\/12\/0_Portada_Melodias-1.jpg","datePublished":"2019-12-16T21:47:32+00:00","dateModified":"2019-12-16T22:23:41+00:00","description":"Poes\u00eda del libro MELOD\u00cdAS DE SEDA. EP\u00cdSTOLAS DE UN CORAZ\u00d3N ANHELANTE de SILVIA R. GOPIKA","breadcrumb":{"@id":"https:\/\/nuestrosescritores.com\/silviargopika\/poesia\/#breadcrumb"},"inLanguage":"es","potentialAction":[{"@type":"ReadAction","target":["https:\/\/nuestrosescritores.com\/silviargopika\/poesia\/"]}]},{"@type":"ImageObject","inLanguage":"es","@id":"https:\/\/nuestrosescritores.com\/silviargopika\/poesia\/#primaryimage","url":"https:\/\/nuestrosescritores.com\/silviargopika\/wp-content\/uploads\/sites\/17\/2019\/12\/0_Portada_Melodias-1.jpg","contentUrl":"https:\/\/nuestrosescritores.com\/silviargopika\/wp-content\/uploads\/sites\/17\/2019\/12\/0_Portada_Melodias-1.jpg","width":768,"height":1090},{"@type":"BreadcrumbList","@id":"https:\/\/nuestrosescritores.com\/silviargopika\/poesia\/#breadcrumb","itemListElement":[{"@type":"ListItem","position":1,"name":"Portada","item":"https:\/\/nuestrosescritores.com\/silviargopika\/"},{"@type":"ListItem","position":2,"name":"Poes\u00eda"}]},{"@type":"WebSite","@id":"https:\/\/nuestrosescritores.com\/silviargopika\/#website","url":"https:\/\/nuestrosescritores.com\/silviargopika\/","name":"Nuestros escritores","description":"Escritora","potentialAction":[{"@type":"SearchAction","target":{"@type":"EntryPoint","urlTemplate":"https:\/\/nuestrosescritores.com\/silviargopika\/?s={search_term_string}"},"query-input":{"@type":"PropertyValueSpecification","valueRequired":true,"valueName":"search_term_string"}}],"inLanguage":"es"}]}},"_links":{"self":[{"href":"https:\/\/nuestrosescritores.com\/silviargopika\/wp-json\/wp\/v2\/pages\/71","targetHints":{"allow":["GET"]}}],"collection":[{"href":"https:\/\/nuestrosescritores.com\/silviargopika\/wp-json\/wp\/v2\/pages"}],"about":[{"href":"https:\/\/nuestrosescritores.com\/silviargopika\/wp-json\/wp\/v2\/types\/page"}],"author":[{"embeddable":true,"href":"https:\/\/nuestrosescritores.com\/silviargopika\/wp-json\/wp\/v2\/users\/1"}],"replies":[{"embeddable":true,"href":"https:\/\/nuestrosescritores.com\/silviargopika\/wp-json\/wp\/v2\/comments?post=71"}],"version-history":[{"count":0,"href":"https:\/\/nuestrosescritores.com\/silviargopika\/wp-json\/wp\/v2\/pages\/71\/revisions"}],"wp:attachment":[{"href":"https:\/\/nuestrosescritores.com\/silviargopika\/wp-json\/wp\/v2\/media?parent=71"}],"curies":[{"name":"wp","href":"https:\/\/api.w.org\/{rel}","templated":true}]}}