{"id":8,"date":"2020-11-29T17:53:01","date_gmt":"2020-11-29T17:53:01","guid":{"rendered":"https:\/\/nuestrosescritores.com\/sergiopalomo\/?page_id=8"},"modified":"2020-11-30T17:53:04","modified_gmt":"2020-11-30T17:53:04","slug":"sergio-palomo","status":"publish","type":"page","link":"https:\/\/nuestrosescritores.com\/sergiopalomo\/","title":{"rendered":"SERGIO PALOMO"},"content":{"rendered":"<div class=\"wpb-content-wrapper\">[vc_row][vc_column extend=&#8221;false&#8221;][vc_column_text css=&#8221;.vc_custom_1577876218477{margin-top: -30000px !important;}&#8221;]\n<p>SERGIO PALOMO es el escritor de VERSAM\u00c1TICAS DEL \u00c1MBAR&nbsp;el escritor y poeta acaba de publicar un libro de poes\u00eda con la Editorial Poes\u00eda eres t\u00fa. Considerado como una de las mejores poetas espa\u00f1olas.<br \/>\nVERSAM\u00c1TICAS DEL \u00c1MBAR ha sido escrito por SERGIO PALOMO Considerado como uno de los mejores poetas espa\u00f1oles, algunos afirman que es el mejor poeta espa\u00f1ol. el escritor sabe como publicar un libro de poes\u00eda con la Editorial Poes\u00eda eres t\u00fa<br \/>\nTrabajamos con distribuidoras de libros que acercan los libros a las librer\u00edas, pero contamos tambi\u00e9n con las siguientes librerias de apoyo en internet para que ning\u00fan lector se quede sin su libro de poes\u00eda: Libreria GEPA, Libreria Website, La librer\u00eda del escritor, El rinc\u00f3n de los libros.<\/p>\n<p>Informamos de como publicar un libro y el precio de publicar un libro<\/p>\n<p>As\u00ed mismo colaboramos con la Asociaci\u00f3n de editores de poes\u00eda y la Asociaci\u00f3n Madrile\u00f1a de escritores y cr\u00edticos literarios (Cr\u00edtica de Vigo).<\/p>\n<p>Trabajamos con varias imprentas y contamos con nuestra propia imprenta Herederos de Izquierdo y Vigo impresores.<\/p>\n<p>Puedes conocernos en nuestra p\u00e1gina del Grupo Editorial. Contamos con una sede en Vigo y otra en Jumilla (Murcia)<\/p>\n<p>Somos especialitas en la edici\u00f3n del libro de poes\u00eda<\/p>\n<p>SERGIO PALOMO Considerado como uno de los mejores poetas espa\u00f1oles, algunos afirman que es el mejor poeta espa\u00f1oles es el escritor de VERSAM\u00c1TICAS DEL \u00c1MBAR. El poeta conoce el precio de publicar un libro de poes\u00eda con la Editorial Poes\u00eda eres t\u00fa<\/p>\n<p>SERGIO PALOMO Considerado como uno de los mejores poetas espa\u00f1oles, algunos afirman que es el mejor poeta espa\u00f1oles es el escritor de VERSAM\u00c1TICAS DEL \u00c1MBAR. La poeta sabe como publicar un libro de poes\u00eda con la Editorial Poes\u00eda eres t\u00fa<br \/>\nSERGIO PALOMO considerado como uno de los mejores poetas espa\u00f1oles, algunos afirman que es el mejor poeta espa\u00f1ol es el escritor de VERSAM\u00c1TICAS DEL \u00c1MBAR. La poeta sabe el precio de publicar un libro de poes\u00eda con la Editorial Poes\u00eda eres t\u00fa<\/p>\n<p>El Grupo Editorial P\u00e9rez-Ayala, est\u00e1 formado por los siguientes sellos editoriales: Editorial Poes\u00eda eres t\u00fa, Ediciones Rilke Editorial poes\u00eda, Editorial Ediciones Amaniel, Editorial Ediciones Azor\u00edn un sello regional para Alicante y Murcia.<\/p>\n<p>Para ayudar a la promoci\u00f3n de los libros contamos con diferentes plataformas en internet como Poes\u00eda Televisi\u00f3n, libro de poes\u00eda, Club de poes\u00eda, Blog de escritor, Blog de poes\u00eda, Agencia del libro, Nuestras librerias, Publicar libro &#8211; Publicar un libro, Revista Poes\u00eda eres t\u00fa, Antolog\u00edas po\u00e9ticas, Poes\u00eda y poetas.[\/vc_column_text][\/vc_column][\/vc_row][vc_row full_width=&#8221;stretch_row_content_no_spaces&#8221;][vc_column extend=&#8221;false&#8221;][layerslider_vc id=&#8221;1&#8243;][layerslider_vc id=&#8221;2&#8243;][\/vc_column][\/vc_row][vc_row extend=&#8221;false&#8221; design__empty_1=&#8221;&#8221; background=&#8221;&#8221; background_image_type=&#8221;static&#8221; background_image__effect=&#8221;&#8221; bg_size=&#8221;initial&#8221; bg_position=&#8221;center-center&#8221; row_bg_image=&#8221;&#8221; bg_repeat=&#8221;no-repeat&#8221; background_image_type__bg_color=&#8221;rgba(255, 255, 255, 1)&#8221; row_bg_parallax_images=&#8221;&#8221; row_bg_slideshow_images=&#8221;&#8221; background_video_type=&#8221;youtube&#8221; background_video__youtube__url=&#8221;&#8221; background_video__youtube__parallax=&#8221;&#8221; background_video__youtube__options=&#8221;&#8221; background_video__youtube__fallback_image=&#8221;&#8221; background_video__hosted__mp4=&#8221;&#8221; background_video__hosted__webm=&#8221;&#8221; background_video__hosted__ogv=&#8221;&#8221; background_video__hosted__parallax=&#8221;&#8221; background_video__hosted__options=&#8221;&#8221; background_video__hosted__fallback_image=&#8221;&#8221; background_color_type=&#8221;color&#8221; bg__empty_1=&#8221;&#8221; background_color_type__gradient_color1=&#8221;rgba(44, 74, 228, 1)&#8221; background_color_type__gradient_color2=&#8221;rgba(44, 74, 228, 1)&#8221; background_color_type__color_color1=&#8221;rgba(44, 74, 228, 1)&#8221; bg__empty_2=&#8221;&#8221; background_color__effect=&#8221;&#8221; background_color__direction=&#8221;left-to-right&#8221; settings__tag_1=&#8221;&#8221; viewport_lg=&#8221;&#8221; viewport_md=&#8221;&#8221; viewport_sm=&#8221;&#8221; viewport_xs=&#8221;&#8221; settings__empty_1=&#8221;&#8221; version=&#8221;1&#8243;][vc_column width=&#8221;1\/2&#8243; extend=&#8221;false&#8221;]<div class=\"ult-content-box-container \" >\t\t<div class=\"ult-content-box\" style=\"background-color:rgba(255,255,255,0.49);box-shadow: px px 8px px #f2f2f2 none;border-style:none;-webkit-transition: all 700ms ease;-moz-transition: all 700ms ease;-ms-transition: all 700ms ease;-o-transition: all 700ms ease;transition: all 700ms ease;\"  data-hover_box_shadow=\"none\"     data-bg=\"rgba(255,255,255,0.49)\"  data-border_color=\"\" >[vc_column_text css=&#8221;.vc_custom_1606671907513{padding-top: 15% !important;padding-right: 15% !important;padding-bottom: 15% !important;padding-left: 15% !important;}&#8221;]Sergio Palomo (Valladolid, 1975). Siempre me he considerado una persona afortunada. La vida, a su antojo y capricho, de vez en cuando te regala experiencias de las que es imposible huir\u2026 o despertar. Una de ellas fue descubrir desde muy joven la poes\u00eda como arteria del lenguaje, e hilvanar sobre su tinta la confecci\u00f3n de versos y la costura de estrofas.<\/p>\n<p>En 2016 conozco al grupo po\u00e9tico PerVersos y desde entonces comienzo a participar en diversos recitales y eventos, y a colaborar en distintas antolog\u00edas po\u00e9ticas como <em>DO\u00d1ANA ES ARTE<\/em>, <em>POETAS EN RED, ELLA, LA IGUALDAD o PARA QU\u00c9 POETAS.<\/em> Autor de <em>Tu mirada dice tanto\u2026 <\/em>(2017) y <em>Atraversarte<\/em> (2020) he sido galardonado con el primer premio en el III Concurso de Poes\u00eda <em>AZAC\u00c1N <\/em>(2017) y, recientemente, en el primer (y \u00faltimo) certamen <em>DESCONFINADOS<\/em> de Valladolid, as\u00ed como finalista del <em>Certamen Umbral de la Poes\u00eda<\/em> en las ediciones de 2018, 2019 y 2020.<\/p>\n<span class='bctt-click-to-tweet'><span class='bctt-ctt-text'><a href='https:\/\/x.com\/intent\/tweet?url=https%3A%2F%2Fnuestrosescritores.com%2Fsergiopalomo%2F&#038;text=SERGIO%20PALOMO%20.%20Escritor%2C%20poeta.&#038;related' target='_blank'rel=\"noopener noreferrer\">SERGIO PALOMO . Escritor, poeta. <\/a><\/span><a href='https:\/\/x.com\/intent\/tweet?url=https%3A%2F%2Fnuestrosescritores.com%2Fsergiopalomo%2F&#038;text=SERGIO%20PALOMO%20.%20Escritor%2C%20poeta.&#038;related' target='_blank' class='bctt-ctt-btn'rel=\"noopener noreferrer\">Compartir en X<\/a><\/span>[\/vc_column_text]\t\t<\/div><\/div>[\/vc_column][vc_column width=&#8221;1\/2&#8243; extend=&#8221;false&#8221;]<div class=\"gambit_fullheight_row\" data-content-location=\"center\" style=\"display: none\"><\/div><div id=\"rowvcpt-row-settings\" class=\"rowvcpt-row-set RowVcPt-row-setting69f604dc044c8 \" data-no=\"RowVcPt-row-setting69f604dc044c8\"><div  id=\"bgGallaryslide69f604dc044cd\" class=\"rowvcpt-slideshow \"><\/div><script type=\"text\/javascript\">\n(function($) {\n$(\"#bgGallaryslide69f604dc044cd\").vegas({\n        overlay: \"https:\/\/nuestrosescritores.com\/sergiopalomo\/wp-content\/plugins\/ultimate-row-background\/css\/overlays\/0'.esc_attr(1.png).'\",\n        transitionDuration: 4e3,\n        delay: 7000,\n        slides: [{src: \"https:\/\/nuestrosescritores.com\/sergiopalomo\/wp-content\/uploads\/sites\/65\/2020\/11\/cxuf1yhbiuo-scaled.jpg\",transition: \"fade2\",transitionDuration: 5000},{src: \"https:\/\/nuestrosescritores.com\/sergiopalomo\/wp-content\/uploads\/sites\/65\/2020\/11\/s7vtpqk5q4e-scaled.jpg\",transition: \"fade2\",transitionDuration: 5000},{src: \"https:\/\/nuestrosescritores.com\/sergiopalomo\/wp-content\/uploads\/sites\/65\/2020\/11\/rriudwkcgca-scaled.jpg\",transition: \"fade2\",transitionDuration: 5000},{src: \"https:\/\/nuestrosescritores.com\/sergiopalomo\/wp-content\/uploads\/sites\/65\/2020\/11\/dcylndckzlk-scaled.jpg\",transition: \"fade2\",transitionDuration: 5000},{src: \"https:\/\/nuestrosescritores.com\/sergiopalomo\/wp-content\/uploads\/sites\/65\/2020\/11\/xqwhmnmkl9a-scaled.jpg\",transition: \"fade2\",transitionDuration: 5000},]\n    });\t\t\n})(jQuery);\n<\/script><div class=\"rowvcpt-overlay\" style=\"background:rgba(255,255,255,0.69)\"><\/div><\/div>[vc_single_image image=&#8221;61&#8243; img_size=&#8221;full&#8221; alignment=&#8221;center&#8221;][\/vc_column][\/vc_row][vc_row][vc_column extend=&#8221;false&#8221;]<div class=\"gambit_fullheight_row\" data-content-location=\"center\" style=\"display: none\"><\/div><div class='gambit_parallax_row' data-bg-align='' data-direction='fixed' data-opacity='100' data-velocity='-0.3' data-mobile-enabled='parallax-enable-mobile' data-bg-height='2560' data-bg-width='1829' data-bg-image='https:\/\/nuestrosescritores.com\/sergiopalomo\/wp-content\/uploads\/sites\/65\/2020\/11\/etmgtjfbl8-scaled.jpg' data-bg-repeat='false' data-id='' style='display: none'><\/div>[\/vc_column][\/vc_row][vc_row][vc_column extend=&#8221;false&#8221;]<div class=\"gambit_fullheight_row\" data-content-location=\"center\" style=\"display: none\"><\/div><div id=\"rowvcpt-row-settings\" class=\"rowvcpt-row-set RowVcPt-row-setting69f604dc0561d \" data-no=\"RowVcPt-row-setting69f604dc0561d\"><div  id=\"bgGallaryslide69f604dc05622\" class=\"rowvcpt-slideshow \"><\/div><script type=\"text\/javascript\">\n(function($) {\n$(\"#bgGallaryslide69f604dc05622\").vegas({\n        overlay: \"https:\/\/nuestrosescritores.com\/sergiopalomo\/wp-content\/plugins\/ultimate-row-background\/css\/overlays\/0'.esc_attr(1.png).'\",\n        transitionDuration: 4e3,\n        delay: 7000,\n        slides: [{src: \"https:\/\/nuestrosescritores.com\/sergiopalomo\/wp-content\/uploads\/sites\/65\/2020\/11\/bm5jj4viohc-scaled.jpg\",transition: \"fade2\",transitionDuration: 5000},{src: \"https:\/\/nuestrosescritores.com\/sergiopalomo\/wp-content\/uploads\/sites\/65\/2020\/11\/ugy61u-odia-scaled.jpg\",transition: \"fade2\",transitionDuration: 5000},{src: \"https:\/\/nuestrosescritores.com\/sergiopalomo\/wp-content\/uploads\/sites\/65\/2020\/11\/q4s4h2usqf8-scaled.jpg\",transition: \"fade2\",transitionDuration: 5000},{src: \"https:\/\/nuestrosescritores.com\/sergiopalomo\/wp-content\/uploads\/sites\/65\/2020\/11\/7b_bm1imaas-scaled.jpg\",transition: \"fade2\",transitionDuration: 5000},{src: \"https:\/\/nuestrosescritores.com\/sergiopalomo\/wp-content\/uploads\/sites\/65\/2020\/11\/v_q2achwsug-scaled.jpg\",transition: \"fade2\",transitionDuration: 5000},]\n    });\t\t\n})(jQuery);\n<\/script><div class=\"rowvcpt-overlay\" style=\"background:rgba(255,255,255,0.69)\"><\/div><\/div><div id=\"uvc-type-wrap-5740\"  data-ultimate-target='#uvc-type-wrap-5740'  data-responsive-json-new='{\"font-size\":\"\",\"line-height\":\"\"}'  class=\"uvc-type-wrap vc_custom_1606672426937 ult-adjust-bottom-margin ult-responsive  uvc-type-align-center uvc-type-no-prefix uvc-wrap-375674476169f604dc0648d\" style=\"text-align:center;\"><span id=\"typed-375674476169f604dc0648d\" class=\"ultimate-typed-main \" style=\" font-weight:bold; text-transform: unset;\"><\/span><script type=\"text\/javascript\">\n\t\t\t\t\t\tjQuery(function($){ \n\t\t\t\t\t\t\t$(document).ready(function(){\n\t\t\t\t\t\t\t\tif( typeof jQuery(\"#typed-375674476169f604dc0648d\").typed == \"function\"){\n\t\t\t\t\t\t\t\t\t$(\"#typed-375674476169f604dc0648d\").typed({\n\t\t\t\t\t\t\t\t\t\tstrings: [\"Los n\u00fameros tambi\u00e9n bailan sobre el parquet de las emociones. Es curioso c\u00f3mo en su misi\u00f3n por ordenar el pensamiento, la l\u00f3gica matem\u00e1tica trata de cuantificar y medir cada espacio expuesto a la tentaci\u00f3n y cada variable liberada de su verbo, solo que, en manos de las pulsaciones, ese prop\u00f3sito resulta a\u00fan m\u00e1s complicado.\",\"Versam\u00e1ticas del \u00e1mbar interpreta solo una parte de los infinitos paralelismos entre la esencia num\u00e9rica y el abrigo de la piel, haci\u00e9ndonos ver que dentro de este \u00e1mbito, todo puede calcularse o bien, desmoronarse en el m\u00e1s absoluto desorden, dependiendo de cu\u00e1nta energ\u00eda positiva lleve el color \u00e1mbar a trav\u00e9s de las cifras de vuestra historia. Si bien no somos ajenos a los caprichos del coraz\u00f3n, tampoco lo somos a la verdad de la deducci\u00f3n ni a la cara oculta de lo exacto. Asimismo, los versos pueden desnudarse de una forma matem\u00e1tica y ser medidos sobre las huellas de la luna.\"],\n\t\t\t\t\t\t\t\t\t\ttypeSpeed: 35,\n\t\t\t\t\t\t\t\t\t\tbackSpeed: 0,\n\t\t\t\t\t\t\t\t\t\tstartDelay: \"200\",\n\t\t\t\t\t\t\t\t\t\tbackDelay: \"1500\",\n\t\t\t\t\t\t\t\t\t\tloop: true,\n\t\t\t\t\t\t\t\t\t\tloopCount: false,\n\t\t\t\t\t\t\t\t\t\tshowCursor: true,\n\t\t\t\t\t\t\t\t\t\tcursorChar: \"|\",\n\t\t\t\t\t\t\t\t\t\tattr: null\n\t\t\t\t\t\t\t\t\t});\n\t\t\t\t\t\t\t\t}\n\t\t\t\t\t\t\t});\n\t\t\t\t\t\t});\n\t\t\t\t\t<\/script><\/div>[\/vc_column][\/vc_row][vc_row][vc_column extend=&#8221;false&#8221;]<div class=\"gambit_fullheight_row\" data-content-location=\"center\" style=\"display: none\"><\/div><div class='gambit_parallax_row' data-bg-align='' data-direction='fixed' data-opacity='50' data-velocity='-0.3' data-mobile-enabled='parallax-enable-mobile' data-bg-height='623' data-bg-width='1366' data-bg-image='https:\/\/nuestrosescritores.com\/sergiopalomo\/wp-content\/uploads\/sites\/65\/2020\/11\/080_SSquare3_Alargado-Medium.jpg' data-bg-repeat='false' data-id='' style='display: none'><\/div>[vc_column_text]\n<p style=\"text-align: center;\"><a class=\"fasc-button fasc-size-xlarge fasc-type-glossy fasc-rounded-medium\" style=\"background-color: #313536; color: #ffffff;\" href=\"https:\/\/librodepoesia.com\/producto\/versamaticas-del-ambar-sergio-palomo\/\">COMPRA SUS LIBROS<\/a><\/p>\n[\/vc_column_text][\/vc_column][\/vc_row][vc_row][vc_column extend=&#8221;false&#8221;][vc_column_text css=&#8221;.vc_custom_1541094574844{margin-top: -30000px !important;}&#8221;]\n<p>SERGIO PALOMO es el escritor de VERSAM\u00c1TICAS DEL \u00c1MBAR. el escritor y poeta acaba de publicar un libro de poes\u00eda con la Editorial Poes\u00eda eres t\u00fa. Considerado como uno de los mejores poetas espa\u00f1oles.<br \/>\nVERSAM\u00c1TICAS DEL \u00c1MBAR ha sido escrito por SERGIO PALOMO Considerado como uno de los mejores poetas espa\u00f1oles, algunos afirman que es el mejor poeta espa\u00f1ol. el escritor sabe como publicar un libro de poes\u00eda con la Editorial Poes\u00eda eres t\u00fa<br \/>\nTrabajamos con distribuidoras de libros que acercan los libros a las librer\u00edas, pero contamos tambi\u00e9n con las siguientes librerias de apoyo en internet para que ning\u00fan lector se quede sin su libro de poes\u00eda: Libreria GEPA, Libreria Website, La librer\u00eda del escritor, El rinc\u00f3n de los libros.<\/p>\n<p>Informamos de como publicar un libro y el precio de publicar un libro<\/p>\n<p>As\u00ed mismo colaboramos con la Asociaci\u00f3n de editores de poes\u00eda y la Asociaci\u00f3n Madrile\u00f1a de escritores y cr\u00edticos literarios (Cr\u00edtica de Vigo).<\/p>\n<p>Trabajamos con varias imprentas y contamos con nuestra propia imprenta Herederos de Izquierdo y Vigo impresores.<\/p>\n<p>Puedes conocernos en nuestra p\u00e1gina del Grupo Editorial. Contamos con una sede en Vigo y otra en Jumilla (Murcia)<\/p>\n<p>Somos especialitas en la edici\u00f3n del libro de poes\u00eda<\/p>\n<p>SERGIO PALOMO Considerado como uno de los mejores poetas espa\u00f1oles, algunos afirman que es el mejor poeta espa\u00f1oles es el escritor de VERSAM\u00c1TICAS DEL \u00c1MBAR. El poeta conoce el precio de publicar un libro de poes\u00eda con la Editorial Poes\u00eda eres t\u00fa<\/p>\n<p>SERGIO PALOMO Considerado como uno de los mejores poetas espa\u00f1oles, algunos afirman que es el mejor poeta espa\u00f1oles es el escritor de VERSAM\u00c1TICAS DEL \u00c1MBAR. La poeta sabe como publicar un libro de poes\u00eda con la Editorial Poes\u00eda eres t\u00fa<br \/>\nSERGIO PALOMO considerado como uno de los mejores poetas espa\u00f1oles, algunos afirman que es el mejor poeta espa\u00f1ol es el escritor de VERSAM\u00c1TICAS DEL \u00c1MBAR. La poeta sabe el precio de publicar un libro de poes\u00eda con la Editorial Poes\u00eda eres t\u00fa<\/p>\n<p>El Grupo Editorial P\u00e9rez-Ayala, est\u00e1 formado por los siguientes sellos editoriales: Editorial Poes\u00eda eres t\u00fa, Ediciones Rilke Editorial poes\u00eda, Editorial Ediciones Amaniel, Editorial Ediciones Azor\u00edn un sello regional para Alicante y Murcia.<\/p>\n<p>Para ayudar a la promoci\u00f3n de los libros contamos con diferentes plataformas en internet como Poes\u00eda Televisi\u00f3n, libro de poes\u00eda, Club de poes\u00eda, Blog de escritor, Blog de poes\u00eda, Agencia del libro, Nuestras librerias, Publicar libro &#8211; Publicar un libro, Revista Poes\u00eda eres t\u00fa, Antolog\u00edas po\u00e9ticas, Poes\u00eda y poetas.[\/vc_column_text][\/vc_column][\/vc_row]\n<\/div>","protected":false},"excerpt":{"rendered":"<p>[vc_row][vc_column extend=&#8221;false&#8221;][vc_column_text css=&#8221;.vc_custom_1577876218477{margin-top: -30000px !important;}&#8221;] SERGIO PALOMO es el escritor de VERSAM\u00c1TICAS DEL \u00c1MBAR&nbsp;el escritor y poeta acaba de publicar un libro de poes\u00eda con la Editorial Poes\u00eda eres t\u00fa. Considerado como una de las mejores poetas espa\u00f1olas. VERSAM\u00c1TICAS DEL \u00c1MBAR ha sido escrito por SERGIO PALOMO Considerado como uno de los mejores poetas espa\u00f1oles, [&hellip;]<\/p>\n","protected":false},"author":1,"featured_media":0,"parent":0,"menu_order":0,"comment_status":"closed","ping_status":"closed","template":"","meta":{"_acf_changed":false,"footnotes":""},"class_list":["post-8","page","type-page","status-publish","hentry"],"acf":[],"yoast_head":"<!-- This site is optimized with the Yoast SEO Premium plugin v24.7 (Yoast SEO v27.5) - https:\/\/yoast.com\/product\/yoast-seo-premium-wordpress\/ -->\n<title>SERGIO PALOMO - Sergio Palomo<\/title>\n<meta name=\"robots\" content=\"index, follow, max-snippet:-1, max-image-preview:large, max-video-preview:-1\" \/>\n<link rel=\"canonical\" href=\"https:\/\/nuestrosescritores.com\/sergiopalomo\/\" \/>\n<meta property=\"og:locale\" content=\"es_ES\" \/>\n<meta property=\"og:type\" content=\"article\" \/>\n<meta property=\"og:title\" content=\"SERGIO PALOMO\" \/>\n<meta property=\"og:description\" content=\"[vc_row][vc_column extend=&#8221;false&#8221;][vc_column_text css=&#8221;.vc_custom_1577876218477{margin-top: -30000px !important;}&#8221;] SERGIO PALOMO es el escritor de VERSAM\u00c1TICAS DEL \u00c1MBAR&nbsp;el escritor y poeta acaba de publicar un libro de poes\u00eda con la Editorial Poes\u00eda eres t\u00fa. Considerado como una de las mejores poetas espa\u00f1olas. VERSAM\u00c1TICAS DEL \u00c1MBAR ha sido escrito por SERGIO PALOMO Considerado como uno de los mejores poetas espa\u00f1oles, [&hellip;]\" \/>\n<meta property=\"og:url\" content=\"https:\/\/nuestrosescritores.com\/sergiopalomo\/\" \/>\n<meta property=\"og:site_name\" content=\"Sergio Palomo\" \/>\n<meta property=\"article:modified_time\" content=\"2020-11-30T17:53:04+00:00\" \/>\n<meta name=\"twitter:card\" content=\"summary_large_image\" \/>\n<meta name=\"twitter:label1\" content=\"Tiempo de lectura\" \/>\n\t<meta name=\"twitter:data1\" content=\"8 minutos\" \/>\n<script type=\"application\/ld+json\" class=\"yoast-schema-graph\">{\"@context\":\"https:\\\/\\\/schema.org\",\"@graph\":[{\"@type\":\"WebPage\",\"@id\":\"https:\\\/\\\/nuestrosescritores.com\\\/sergiopalomo\\\/\",\"url\":\"https:\\\/\\\/nuestrosescritores.com\\\/sergiopalomo\\\/\",\"name\":\"SERGIO PALOMO - Sergio Palomo\",\"isPartOf\":{\"@id\":\"https:\\\/\\\/nuestrosescritores.com\\\/sergiopalomo\\\/#website\"},\"datePublished\":\"2020-11-29T17:53:01+00:00\",\"dateModified\":\"2020-11-30T17:53:04+00:00\",\"breadcrumb\":{\"@id\":\"https:\\\/\\\/nuestrosescritores.com\\\/sergiopalomo\\\/#breadcrumb\"},\"inLanguage\":\"es\",\"potentialAction\":[{\"@type\":\"ReadAction\",\"target\":[\"https:\\\/\\\/nuestrosescritores.com\\\/sergiopalomo\\\/\"]}]},{\"@type\":\"BreadcrumbList\",\"@id\":\"https:\\\/\\\/nuestrosescritores.com\\\/sergiopalomo\\\/#breadcrumb\",\"itemListElement\":[{\"@type\":\"ListItem\",\"position\":1,\"name\":\"Portada\",\"item\":\"https:\\\/\\\/nuestrosescritores.com\\\/sergiopalomo\\\/\"},{\"@type\":\"ListItem\",\"position\":2,\"name\":\"SERGIO PALOMO\"}]},{\"@type\":\"WebSite\",\"@id\":\"https:\\\/\\\/nuestrosescritores.com\\\/sergiopalomo\\\/#website\",\"url\":\"https:\\\/\\\/nuestrosescritores.com\\\/sergiopalomo\\\/\",\"name\":\"Nuestros escritores\",\"description\":\"Escritor\",\"potentialAction\":[{\"@type\":\"SearchAction\",\"target\":{\"@type\":\"EntryPoint\",\"urlTemplate\":\"https:\\\/\\\/nuestrosescritores.com\\\/sergiopalomo\\\/?s={search_term_string}\"},\"query-input\":{\"@type\":\"PropertyValueSpecification\",\"valueRequired\":true,\"valueName\":\"search_term_string\"}}],\"inLanguage\":\"es\"}]}<\/script>\n<!-- \/ Yoast SEO Premium plugin. -->","yoast_head_json":{"title":"SERGIO PALOMO - Sergio Palomo","robots":{"index":"index","follow":"follow","max-snippet":"max-snippet:-1","max-image-preview":"max-image-preview:large","max-video-preview":"max-video-preview:-1"},"canonical":"https:\/\/nuestrosescritores.com\/sergiopalomo\/","og_locale":"es_ES","og_type":"article","og_title":"SERGIO PALOMO","og_description":"[vc_row][vc_column extend=&#8221;false&#8221;][vc_column_text css=&#8221;.vc_custom_1577876218477{margin-top: -30000px !important;}&#8221;] SERGIO PALOMO es el escritor de VERSAM\u00c1TICAS DEL \u00c1MBAR&nbsp;el escritor y poeta acaba de publicar un libro de poes\u00eda con la Editorial Poes\u00eda eres t\u00fa. Considerado como una de las mejores poetas espa\u00f1olas. VERSAM\u00c1TICAS DEL \u00c1MBAR ha sido escrito por SERGIO PALOMO Considerado como uno de los mejores poetas espa\u00f1oles, [&hellip;]","og_url":"https:\/\/nuestrosescritores.com\/sergiopalomo\/","og_site_name":"Sergio Palomo","article_modified_time":"2020-11-30T17:53:04+00:00","twitter_card":"summary_large_image","twitter_misc":{"Tiempo de lectura":"8 minutos"},"schema":{"@context":"https:\/\/schema.org","@graph":[{"@type":"WebPage","@id":"https:\/\/nuestrosescritores.com\/sergiopalomo\/","url":"https:\/\/nuestrosescritores.com\/sergiopalomo\/","name":"SERGIO PALOMO - Sergio Palomo","isPartOf":{"@id":"https:\/\/nuestrosescritores.com\/sergiopalomo\/#website"},"datePublished":"2020-11-29T17:53:01+00:00","dateModified":"2020-11-30T17:53:04+00:00","breadcrumb":{"@id":"https:\/\/nuestrosescritores.com\/sergiopalomo\/#breadcrumb"},"inLanguage":"es","potentialAction":[{"@type":"ReadAction","target":["https:\/\/nuestrosescritores.com\/sergiopalomo\/"]}]},{"@type":"BreadcrumbList","@id":"https:\/\/nuestrosescritores.com\/sergiopalomo\/#breadcrumb","itemListElement":[{"@type":"ListItem","position":1,"name":"Portada","item":"https:\/\/nuestrosescritores.com\/sergiopalomo\/"},{"@type":"ListItem","position":2,"name":"SERGIO PALOMO"}]},{"@type":"WebSite","@id":"https:\/\/nuestrosescritores.com\/sergiopalomo\/#website","url":"https:\/\/nuestrosescritores.com\/sergiopalomo\/","name":"Nuestros escritores","description":"Escritor","potentialAction":[{"@type":"SearchAction","target":{"@type":"EntryPoint","urlTemplate":"https:\/\/nuestrosescritores.com\/sergiopalomo\/?s={search_term_string}"},"query-input":{"@type":"PropertyValueSpecification","valueRequired":true,"valueName":"search_term_string"}}],"inLanguage":"es"}]}},"_links":{"self":[{"href":"https:\/\/nuestrosescritores.com\/sergiopalomo\/wp-json\/wp\/v2\/pages\/8","targetHints":{"allow":["GET"]}}],"collection":[{"href":"https:\/\/nuestrosescritores.com\/sergiopalomo\/wp-json\/wp\/v2\/pages"}],"about":[{"href":"https:\/\/nuestrosescritores.com\/sergiopalomo\/wp-json\/wp\/v2\/types\/page"}],"author":[{"embeddable":true,"href":"https:\/\/nuestrosescritores.com\/sergiopalomo\/wp-json\/wp\/v2\/users\/1"}],"replies":[{"embeddable":true,"href":"https:\/\/nuestrosescritores.com\/sergiopalomo\/wp-json\/wp\/v2\/comments?post=8"}],"version-history":[{"count":0,"href":"https:\/\/nuestrosescritores.com\/sergiopalomo\/wp-json\/wp\/v2\/pages\/8\/revisions"}],"wp:attachment":[{"href":"https:\/\/nuestrosescritores.com\/sergiopalomo\/wp-json\/wp\/v2\/media?parent=8"}],"curies":[{"name":"wp","href":"https:\/\/api.w.org\/{rel}","templated":true}]}}