{"id":8,"date":"2020-08-26T16:49:43","date_gmt":"2020-08-26T16:49:43","guid":{"rendered":"https:\/\/nuestrosescritores.com\/sandramatagarrido\/?page_id=8"},"modified":"2020-09-02T15:50:53","modified_gmt":"2020-09-02T15:50:53","slug":"sandra-mata-garrido","status":"publish","type":"page","link":"https:\/\/nuestrosescritores.com\/sandramatagarrido\/","title":{"rendered":"Sandra Mata Garrido"},"content":{"rendered":"<div class=\"wpb-content-wrapper\">[vc_row full_width=&#8221;stretch_row_content_no_spaces&#8221;][vc_column extend=&#8221;false&#8221;][layerslider_vc id=&#8221;1&#8243;][\/vc_column][\/vc_row][vc_row extend=&#8221;false&#8221; design__empty_1=&#8221;&#8221; background=&#8221;&#8221; background_image_type=&#8221;static&#8221; background_image__effect=&#8221;&#8221; bg_size=&#8221;initial&#8221; bg_position=&#8221;center-center&#8221; row_bg_image=&#8221;&#8221; bg_repeat=&#8221;no-repeat&#8221; background_image_type__bg_color=&#8221;rgba(255, 255, 255, 1)&#8221; row_bg_parallax_images=&#8221;&#8221; row_bg_slideshow_images=&#8221;&#8221; background_video_type=&#8221;youtube&#8221; background_video__youtube__url=&#8221;&#8221; background_video__youtube__parallax=&#8221;&#8221; background_video__youtube__options=&#8221;&#8221; background_video__youtube__fallback_image=&#8221;&#8221; background_video__hosted__mp4=&#8221;&#8221; background_video__hosted__webm=&#8221;&#8221; background_video__hosted__ogv=&#8221;&#8221; background_video__hosted__parallax=&#8221;&#8221; background_video__hosted__options=&#8221;&#8221; background_video__hosted__fallback_image=&#8221;&#8221; background_color_type=&#8221;color&#8221; bg__empty_1=&#8221;&#8221; background_color_type__gradient_color1=&#8221;rgba(44, 74, 228, 1)&#8221; background_color_type__gradient_color2=&#8221;rgba(44, 74, 228, 1)&#8221; background_color_type__color_color1=&#8221;rgba(44, 74, 228, 1)&#8221; bg__empty_2=&#8221;&#8221; background_color__effect=&#8221;&#8221; background_color__direction=&#8221;left-to-right&#8221; settings__tag_1=&#8221;&#8221; viewport_lg=&#8221;&#8221; viewport_md=&#8221;&#8221; viewport_sm=&#8221;&#8221; viewport_xs=&#8221;&#8221; settings__empty_1=&#8221;&#8221; version=&#8221;1&#8243;][vc_column width=&#8221;1\/2&#8243; extend=&#8221;false&#8221;]<div class=\"ult-content-box-container \" >\t\t<div class=\"ult-content-box\" style=\"background-color:rgba(255,255,255,0.49);box-shadow: px px 8px px #f2f2f2 none;border-style:none;-webkit-transition: all 700ms ease;-moz-transition: all 700ms ease;-ms-transition: all 700ms ease;-o-transition: all 700ms ease;transition: all 700ms ease;\"  data-hover_box_shadow=\"none\"     data-bg=\"rgba(255,255,255,0.49)\"  data-border_color=\"\" >[vc_column_text css=&#8221;.vc_custom_1598459932826{padding-top: 15% !important;padding-right: 15% !important;padding-bottom: 15% !important;padding-left: 15% !important;}&#8221;]Sandra Mata Garrido (Ciudad Real, 1991). Es Graduada en Educaci\u00f3n Infantil y Primaria con Menci\u00f3n en Necesidades Educativas Espec\u00edficas y Atenci\u00f3n a la Diversidad por la Universidad de Castilla-La Mancha (UCLM).<\/p>\n<p>&nbsp;<\/p>\n<p>Apasionada de la poes\u00eda desde peque\u00f1a y amante de la literatura en todas sus vertientes, <em>Alma Enredada<\/em> es su primer poemario donde plasma sus emociones y sentimientos m\u00e1s ocultos.<\/p>\n<p>&nbsp;<\/p>\n<p>Para ella, un libro es su mejor amigo, y el papel y la tinta, una v\u00eda de escape y relajaci\u00f3n donde se siente en paz consigo misma.<\/p>\n<p><strong>&nbsp;<\/strong><\/p>\n<p><strong>&nbsp;<\/strong><\/p>\n<p><strong>&nbsp;<\/strong><\/p>\n<span class='bctt-click-to-tweet'><span class='bctt-ctt-text'><a href='https:\/\/x.com\/intent\/tweet?url=https%3A%2F%2Fnuestrosescritores.com%2Fsandramatagarrido%2F&#038;text=SANDRA%20MATA%20GARRIDO%20.%20Escritor%2C%20poeta.&#038;related' target='_blank'rel=\"noopener noreferrer\">SANDRA MATA GARRIDO . Escritor, poeta. <\/a><\/span><a href='https:\/\/x.com\/intent\/tweet?url=https%3A%2F%2Fnuestrosescritores.com%2Fsandramatagarrido%2F&#038;text=SANDRA%20MATA%20GARRIDO%20.%20Escritor%2C%20poeta.&#038;related' target='_blank' class='bctt-ctt-btn'rel=\"noopener noreferrer\">Compartir en X<\/a><\/span>[\/vc_column_text]\t\t<\/div><\/div>[\/vc_column][vc_column width=&#8221;1\/2&#8243; extend=&#8221;false&#8221;]<div class=\"gambit_fullheight_row\" data-content-location=\"center\" style=\"display: none\"><\/div><div id=\"rowvcpt-row-settings\" class=\"rowvcpt-row-set RowVcPt-row-setting69e1a036f005d \" data-no=\"RowVcPt-row-setting69e1a036f005d\"><div  id=\"bgGallaryslide69e1a036f0061\" class=\"rowvcpt-slideshow \"><\/div><script type=\"text\/javascript\">\n(function($) {\n$(\"#bgGallaryslide69e1a036f0061\").vegas({\n        overlay: \"https:\/\/nuestrosescritores.com\/sandramatagarrido\/wp-content\/plugins\/ultimate-row-background\/css\/overlays\/0'.esc_attr(1.png).'\",\n        transitionDuration: 4e3,\n        delay: 7000,\n        slides: [{src: \"https:\/\/nuestrosescritores.com\/sandramatagarrido\/wp-content\/uploads\/sites\/49\/2020\/08\/yufgsneae94-scaled.jpg\",transition: \"fade2\",transitionDuration: 5000},{src: \"https:\/\/nuestrosescritores.com\/sandramatagarrido\/wp-content\/uploads\/sites\/49\/2020\/08\/datknt95-4u-scaled.jpg\",transition: \"fade2\",transitionDuration: 5000},{src: \"https:\/\/nuestrosescritores.com\/sandramatagarrido\/wp-content\/uploads\/sites\/49\/2020\/08\/1m1or5hbmjc-scaled.jpg\",transition: \"fade2\",transitionDuration: 5000},{src: \"https:\/\/nuestrosescritores.com\/sandramatagarrido\/wp-content\/uploads\/sites\/49\/2020\/08\/5x1rfx2r8ne-scaled.jpg\",transition: \"fade2\",transitionDuration: 5000},{src: \"https:\/\/nuestrosescritores.com\/sandramatagarrido\/wp-content\/uploads\/sites\/49\/2020\/08\/jhimffic5za-scaled.jpg\",transition: \"fade2\",transitionDuration: 5000},]\n    });\t\t\n})(jQuery);\n<\/script><div class=\"rowvcpt-overlay\" style=\"background:rgba(255,255,255,0.69)\"><\/div><\/div>[vc_single_image image=&#8221;25&#8243; img_size=&#8221;full&#8221; alignment=&#8221;center&#8221;][\/vc_column][\/vc_row][vc_row][vc_column extend=&#8221;false&#8221;]<div class=\"gambit_fullheight_row\" data-content-location=\"center\" style=\"display: none\"><\/div><div class='gambit_parallax_row' data-bg-align='' data-direction='fixed' data-opacity='100' data-velocity='-0.3' data-mobile-enabled='parallax-enable-mobile' data-bg-height='2560' data-bg-width='1707' data-bg-image='https:\/\/nuestrosescritores.com\/sandramatagarrido\/wp-content\/uploads\/sites\/49\/2020\/08\/jhimffic5za-scaled.jpg' data-bg-repeat='false' data-id='' style='display: none'><\/div>[\/vc_column][\/vc_row][vc_row][vc_column extend=&#8221;false&#8221;]<div class=\"gambit_fullheight_row\" data-content-location=\"center\" style=\"display: none\"><\/div><div id=\"rowvcpt-row-settings\" class=\"rowvcpt-row-set RowVcPt-row-setting69e1a036f0e99 \" data-no=\"RowVcPt-row-setting69e1a036f0e99\"><div  id=\"bgGallaryslide69e1a036f0e9c\" class=\"rowvcpt-slideshow \"><\/div><script type=\"text\/javascript\">\n(function($) {\n$(\"#bgGallaryslide69e1a036f0e9c\").vegas({\n        overlay: \"https:\/\/nuestrosescritores.com\/sandramatagarrido\/wp-content\/plugins\/ultimate-row-background\/css\/overlays\/0'.esc_attr(1.png).'\",\n        transitionDuration: 4e3,\n        delay: 7000,\n        slides: [{src: \"https:\/\/nuestrosescritores.com\/sandramatagarrido\/wp-content\/uploads\/sites\/49\/2020\/08\/zvgp_gfro4-scaled.jpg\",transition: \"fade2\",transitionDuration: 5000},{src: \"https:\/\/nuestrosescritores.com\/sandramatagarrido\/wp-content\/uploads\/sites\/49\/2020\/08\/yskliwyxubw.jpg\",transition: \"fade2\",transitionDuration: 5000},{src: \"https:\/\/nuestrosescritores.com\/sandramatagarrido\/wp-content\/uploads\/sites\/49\/2020\/08\/lnccqlusxnw.jpg\",transition: \"fade2\",transitionDuration: 5000},{src: \"https:\/\/nuestrosescritores.com\/sandramatagarrido\/wp-content\/uploads\/sites\/49\/2020\/08\/1m1or5hbmjc-scaled.jpg\",transition: \"fade2\",transitionDuration: 5000},]\n    });\t\t\n})(jQuery);\n<\/script><div class=\"rowvcpt-overlay\" style=\"background:rgba(255,255,255,0.69)\"><\/div><\/div><div id=\"uvc-type-wrap-2896\"  data-ultimate-target='#uvc-type-wrap-2896'  data-responsive-json-new='{\"font-size\":\"\",\"line-height\":\"\"}'  class=\"uvc-type-wrap vc_custom_1598460384332 ult-adjust-bottom-margin ult-responsive  uvc-type-align-center uvc-type-no-prefix uvc-wrap-156575704969e1a036f169d\" style=\"text-align:center;\"><span id=\"typed-156575704969e1a036f169d\" class=\"ultimate-typed-main \" style=\" font-weight:bold; text-transform: unset;\"><\/span><script type=\"text\/javascript\">\n\t\t\t\t\t\tjQuery(function($){ \n\t\t\t\t\t\t\t$(document).ready(function(){\n\t\t\t\t\t\t\t\tif( typeof jQuery(\"#typed-156575704969e1a036f169d\").typed == \"function\"){\n\t\t\t\t\t\t\t\t\t$(\"#typed-156575704969e1a036f169d\").typed({\n\t\t\t\t\t\t\t\t\t\tstrings: [\"Alma Enredada refleja emociones a flor de piel que estaban escondidas en el alma de la poeta y que gracias a la escritura han podido salir a la luz.\",\"Amor, pasi\u00f3n, desamor, duelo, a\u00f1oranza y lucha son algunos de los sentimientos plasmados a trav\u00e9s de la rima en este poemario dividido en cuatro secciones que te har\u00e1n recordar o vivir experiencias ins\u00f3litas que seguro, calar\u00e1n hondo en el coraz\u00f3n del lector.\"],\n\t\t\t\t\t\t\t\t\t\ttypeSpeed: 35,\n\t\t\t\t\t\t\t\t\t\tbackSpeed: 0,\n\t\t\t\t\t\t\t\t\t\tstartDelay: \"200\",\n\t\t\t\t\t\t\t\t\t\tbackDelay: \"1500\",\n\t\t\t\t\t\t\t\t\t\tloop: true,\n\t\t\t\t\t\t\t\t\t\tloopCount: false,\n\t\t\t\t\t\t\t\t\t\tshowCursor: true,\n\t\t\t\t\t\t\t\t\t\tcursorChar: \"|\",\n\t\t\t\t\t\t\t\t\t\tattr: null\n\t\t\t\t\t\t\t\t\t});\n\t\t\t\t\t\t\t\t}\n\t\t\t\t\t\t\t});\n\t\t\t\t\t\t});\n\t\t\t\t\t<\/script><\/div>[\/vc_column][\/vc_row][vc_row][vc_column extend=&#8221;false&#8221;]<div class=\"gambit_fullheight_row\" data-content-location=\"center\" style=\"display: none\"><\/div><div class='gambit_parallax_row' data-bg-align='' data-direction='fixed' data-opacity='50' data-velocity='-0.3' data-mobile-enabled='parallax-enable-mobile' data-bg-height='430' data-bg-width='1366' data-bg-image='https:\/\/nuestrosescritores.com\/sandramatagarrido\/wp-content\/uploads\/sites\/49\/2020\/08\/IMG_3239_GraficMaker_Alargado-Medium.jpg' data-bg-repeat='false' data-id='' style='display: none'><\/div>[vc_column_text]\n<p style=\"text-align: center;\"><a class=\"fasc-button fasc-size-xlarge fasc-type-glossy fasc-rounded-medium\" style=\"background-color: #2f9e38; color: #ffffff;\" href=\"https:\/\/librodepoesia.com\/producto\/alma-enredada-sandra-mata-garrido\/\">COMPRA SUS LIBROS<\/a><\/p>\n[\/vc_column_text][\/vc_column][\/vc_row]\n<\/div>","protected":false},"excerpt":{"rendered":"<p>[vc_row full_width=&#8221;stretch_row_content_no_spaces&#8221;][vc_column extend=&#8221;false&#8221;][layerslider_vc id=&#8221;1&#8243;][\/vc_column][\/vc_row][vc_row extend=&#8221;false&#8221; design__empty_1=&#8221;&#8221; background=&#8221;&#8221; background_image_type=&#8221;static&#8221; background_image__effect=&#8221;&#8221; bg_size=&#8221;initial&#8221; bg_position=&#8221;center-center&#8221; row_bg_image=&#8221;&#8221; bg_repeat=&#8221;no-repeat&#8221; background_image_type__bg_color=&#8221;rgba(255, 255, 255, 1)&#8221; row_bg_parallax_images=&#8221;&#8221; row_bg_slideshow_images=&#8221;&#8221; background_video_type=&#8221;youtube&#8221; background_video__youtube__url=&#8221;&#8221; background_video__youtube__parallax=&#8221;&#8221; background_video__youtube__options=&#8221;&#8221; background_video__youtube__fallback_image=&#8221;&#8221; background_video__hosted__mp4=&#8221;&#8221; background_video__hosted__webm=&#8221;&#8221; background_video__hosted__ogv=&#8221;&#8221; background_video__hosted__parallax=&#8221;&#8221; background_video__hosted__options=&#8221;&#8221; background_video__hosted__fallback_image=&#8221;&#8221; background_color_type=&#8221;color&#8221; bg__empty_1=&#8221;&#8221; background_color_type__gradient_color1=&#8221;rgba(44, 74, 228, 1)&#8221; background_color_type__gradient_color2=&#8221;rgba(44, 74, 228, 1)&#8221; background_color_type__color_color1=&#8221;rgba(44, 74, 228, 1)&#8221; bg__empty_2=&#8221;&#8221; background_color__effect=&#8221;&#8221; background_color__direction=&#8221;left-to-right&#8221; settings__tag_1=&#8221;&#8221; viewport_lg=&#8221;&#8221; viewport_md=&#8221;&#8221; viewport_sm=&#8221;&#8221; viewport_xs=&#8221;&#8221; settings__empty_1=&#8221;&#8221; version=&#8221;1&#8243;][vc_column width=&#8221;1\/2&#8243; [&hellip;]<\/p>\n","protected":false},"author":1,"featured_media":0,"parent":0,"menu_order":0,"comment_status":"closed","ping_status":"closed","template":"","meta":{"_acf_changed":false,"footnotes":""},"class_list":["post-8","page","type-page","status-publish","hentry"],"acf":[],"yoast_head":"<!-- This site is optimized with the Yoast SEO Premium plugin v24.7 (Yoast SEO v27.4) - https:\/\/yoast.com\/product\/yoast-seo-premium-wordpress\/ -->\n<title>Sandra Mata Garrido - Sandra Mata Garrido<\/title>\n<meta name=\"description\" content=\"Sandra Mata Garrido es la poeta escritora del libro Alma enredada que acaba de ser publicado por la Editorial Poes\u00eda eres t\u00fa en el a\u00f1o 2020\" \/>\n<meta name=\"robots\" content=\"index, follow, max-snippet:-1, max-image-preview:large, max-video-preview:-1\" \/>\n<link rel=\"canonical\" href=\"https:\/\/nuestrosescritores.com\/sandramatagarrido\/\" \/>\n<meta property=\"og:locale\" content=\"es_ES\" \/>\n<meta property=\"og:type\" content=\"article\" \/>\n<meta property=\"og:title\" content=\"Sandra Mata Garrido\" \/>\n<meta property=\"og:description\" content=\"Sandra Mata Garrido es la poeta escritora del libro Alma enredada que acaba de ser publicado por la Editorial Poes\u00eda eres t\u00fa en el a\u00f1o 2020\" \/>\n<meta property=\"og:url\" content=\"https:\/\/nuestrosescritores.com\/sandramatagarrido\/\" \/>\n<meta property=\"og:site_name\" content=\"Sandra Mata Garrido\" \/>\n<meta property=\"article:modified_time\" content=\"2020-09-02T15:50:53+00:00\" \/>\n<meta name=\"twitter:card\" content=\"summary_large_image\" \/>\n<meta name=\"twitter:label1\" content=\"Tiempo de lectura\" \/>\n\t<meta name=\"twitter:data1\" content=\"3 minutos\" \/>\n<script type=\"application\/ld+json\" class=\"yoast-schema-graph\">{\"@context\":\"https:\\\/\\\/schema.org\",\"@graph\":[{\"@type\":\"WebPage\",\"@id\":\"https:\\\/\\\/nuestrosescritores.com\\\/sandramatagarrido\\\/\",\"url\":\"https:\\\/\\\/nuestrosescritores.com\\\/sandramatagarrido\\\/\",\"name\":\"Sandra Mata Garrido - Sandra Mata Garrido\",\"isPartOf\":{\"@id\":\"https:\\\/\\\/nuestrosescritores.com\\\/sandramatagarrido\\\/#website\"},\"datePublished\":\"2020-08-26T16:49:43+00:00\",\"dateModified\":\"2020-09-02T15:50:53+00:00\",\"description\":\"Sandra Mata Garrido es la poeta escritora del libro Alma enredada que acaba de ser publicado por la Editorial Poes\u00eda eres t\u00fa en el a\u00f1o 2020\",\"breadcrumb\":{\"@id\":\"https:\\\/\\\/nuestrosescritores.com\\\/sandramatagarrido\\\/#breadcrumb\"},\"inLanguage\":\"es\",\"potentialAction\":[{\"@type\":\"ReadAction\",\"target\":[\"https:\\\/\\\/nuestrosescritores.com\\\/sandramatagarrido\\\/\"]}]},{\"@type\":\"BreadcrumbList\",\"@id\":\"https:\\\/\\\/nuestrosescritores.com\\\/sandramatagarrido\\\/#breadcrumb\",\"itemListElement\":[{\"@type\":\"ListItem\",\"position\":1,\"name\":\"Portada\",\"item\":\"https:\\\/\\\/nuestrosescritores.com\\\/sandramatagarrido\\\/\"},{\"@type\":\"ListItem\",\"position\":2,\"name\":\"Sandra Mata Garrido\"}]},{\"@type\":\"WebSite\",\"@id\":\"https:\\\/\\\/nuestrosescritores.com\\\/sandramatagarrido\\\/#website\",\"url\":\"https:\\\/\\\/nuestrosescritores.com\\\/sandramatagarrido\\\/\",\"name\":\"Nuestros escritores\",\"description\":\"Escritora\",\"potentialAction\":[{\"@type\":\"SearchAction\",\"target\":{\"@type\":\"EntryPoint\",\"urlTemplate\":\"https:\\\/\\\/nuestrosescritores.com\\\/sandramatagarrido\\\/?s={search_term_string}\"},\"query-input\":{\"@type\":\"PropertyValueSpecification\",\"valueRequired\":true,\"valueName\":\"search_term_string\"}}],\"inLanguage\":\"es\"}]}<\/script>\n<!-- \/ Yoast SEO Premium plugin. -->","yoast_head_json":{"title":"Sandra Mata Garrido - Sandra Mata Garrido","description":"Sandra Mata Garrido es la poeta escritora del libro Alma enredada que acaba de ser publicado por la Editorial Poes\u00eda eres t\u00fa en el a\u00f1o 2020","robots":{"index":"index","follow":"follow","max-snippet":"max-snippet:-1","max-image-preview":"max-image-preview:large","max-video-preview":"max-video-preview:-1"},"canonical":"https:\/\/nuestrosescritores.com\/sandramatagarrido\/","og_locale":"es_ES","og_type":"article","og_title":"Sandra Mata Garrido","og_description":"Sandra Mata Garrido es la poeta escritora del libro Alma enredada que acaba de ser publicado por la Editorial Poes\u00eda eres t\u00fa en el a\u00f1o 2020","og_url":"https:\/\/nuestrosescritores.com\/sandramatagarrido\/","og_site_name":"Sandra Mata Garrido","article_modified_time":"2020-09-02T15:50:53+00:00","twitter_card":"summary_large_image","twitter_misc":{"Tiempo de lectura":"3 minutos"},"schema":{"@context":"https:\/\/schema.org","@graph":[{"@type":"WebPage","@id":"https:\/\/nuestrosescritores.com\/sandramatagarrido\/","url":"https:\/\/nuestrosescritores.com\/sandramatagarrido\/","name":"Sandra Mata Garrido - Sandra Mata Garrido","isPartOf":{"@id":"https:\/\/nuestrosescritores.com\/sandramatagarrido\/#website"},"datePublished":"2020-08-26T16:49:43+00:00","dateModified":"2020-09-02T15:50:53+00:00","description":"Sandra Mata Garrido es la poeta escritora del libro Alma enredada que acaba de ser publicado por la Editorial Poes\u00eda eres t\u00fa en el a\u00f1o 2020","breadcrumb":{"@id":"https:\/\/nuestrosescritores.com\/sandramatagarrido\/#breadcrumb"},"inLanguage":"es","potentialAction":[{"@type":"ReadAction","target":["https:\/\/nuestrosescritores.com\/sandramatagarrido\/"]}]},{"@type":"BreadcrumbList","@id":"https:\/\/nuestrosescritores.com\/sandramatagarrido\/#breadcrumb","itemListElement":[{"@type":"ListItem","position":1,"name":"Portada","item":"https:\/\/nuestrosescritores.com\/sandramatagarrido\/"},{"@type":"ListItem","position":2,"name":"Sandra Mata Garrido"}]},{"@type":"WebSite","@id":"https:\/\/nuestrosescritores.com\/sandramatagarrido\/#website","url":"https:\/\/nuestrosescritores.com\/sandramatagarrido\/","name":"Nuestros escritores","description":"Escritora","potentialAction":[{"@type":"SearchAction","target":{"@type":"EntryPoint","urlTemplate":"https:\/\/nuestrosescritores.com\/sandramatagarrido\/?s={search_term_string}"},"query-input":{"@type":"PropertyValueSpecification","valueRequired":true,"valueName":"search_term_string"}}],"inLanguage":"es"}]}},"_links":{"self":[{"href":"https:\/\/nuestrosescritores.com\/sandramatagarrido\/wp-json\/wp\/v2\/pages\/8","targetHints":{"allow":["GET"]}}],"collection":[{"href":"https:\/\/nuestrosescritores.com\/sandramatagarrido\/wp-json\/wp\/v2\/pages"}],"about":[{"href":"https:\/\/nuestrosescritores.com\/sandramatagarrido\/wp-json\/wp\/v2\/types\/page"}],"author":[{"embeddable":true,"href":"https:\/\/nuestrosescritores.com\/sandramatagarrido\/wp-json\/wp\/v2\/users\/1"}],"replies":[{"embeddable":true,"href":"https:\/\/nuestrosescritores.com\/sandramatagarrido\/wp-json\/wp\/v2\/comments?post=8"}],"version-history":[{"count":0,"href":"https:\/\/nuestrosescritores.com\/sandramatagarrido\/wp-json\/wp\/v2\/pages\/8\/revisions"}],"wp:attachment":[{"href":"https:\/\/nuestrosescritores.com\/sandramatagarrido\/wp-json\/wp\/v2\/media?parent=8"}],"curies":[{"name":"wp","href":"https:\/\/api.w.org\/{rel}","templated":true}]}}