{"id":159,"date":"2025-11-29T21:22:30","date_gmt":"2025-11-29T20:22:30","guid":{"rendered":"https:\/\/nuestrosescritores.com\/sabelagondulfes\/?page_id=159"},"modified":"2025-11-29T21:24:14","modified_gmt":"2025-11-29T20:24:14","slug":"poesia","status":"publish","type":"page","link":"https:\/\/nuestrosescritores.com\/sabelagondulfes\/poesia\/","title":{"rendered":"POES\u00cdA"},"content":{"rendered":"<div class=\"wpb-content-wrapper\">[vc_row full_width=&#8221;stretch_row_content_no_spaces&#8221;][vc_column extend=&#8221;false&#8221;]<div class='gambit_parallax_row' data-bg-align='' data-direction='fixed' data-opacity='100' data-velocity='-0.3' data-mobile-enabled='' data-bg-height='880' data-bg-width='1184' data-bg-image='https:\/\/nuestrosescritores.com\/sabelagondulfes\/wp-content\/uploads\/sites\/224\/2025\/11\/Firefly_Flux_-Semilla-de-luz-flotando-en-un-vasto-cosmos-oscuro-de-ella-emergen-raices-que-se-con-12035.webp' data-bg-repeat='false' data-id='' style='display: none'><\/div><div class=\"gambit_fullheight_row\" data-content-location=\"center\" style=\"display: none\"><\/div>[\/vc_column][\/vc_row][vc_row][vc_column extend=&#8221;false&#8221;][vc_column_text]\n<h1><strong>Qui\u00e9n tuviera la semilla<\/strong><\/h1>\n<p><em>Qui\u00e9n tuviera la semilla limpia y pura<\/em><br \/>\n<em>y sembrar los surcos de las mentes necias<\/em><br \/>\n<em>y sus conciencias despertaran a la luz de la vida.<\/em><\/p>\n<p><em>Qui\u00e9n tuviera la semilla limpia y pura<\/em><br \/>\n<em>y germinar los vientres de las hembras regias y tiernas<\/em><br \/>\n<em>y parir criaturas libres de guerras que les amputan los miembros<\/em><br \/>\n<em>y les cierran las ventanas gozosas del alma.<\/em><\/p>\n<p><em>Qui\u00e9n tuviera la semilla limpia y pura<\/em><br \/>\n<em>y configurar la nueva cadena gen\u00e9tica<\/em><br \/>\n<em>y grabar a fuego que somos uno en un planeta fecundo y rico,<\/em><br \/>\n<em>donde hay para todos y todo es bueno si es bueno para uno.<\/em><\/p>\n<p><em>Qui\u00e9n tuviera la semilla limpia y pura<\/em><br \/>\n<em>y sementar los oc\u00e9anos y los mares y los r\u00edos<\/em><br \/>\n<em>que separan los continentes y los pa\u00edses<\/em><br \/>\n<em>y los uniera en su fluir y caudal primero.<\/em><\/p>\n<p><em>Qui\u00e9n fuera la semilla limpia y pura<\/em><br \/>\n<em>de piernas firmes y resistentes para andar los caminos<\/em><br \/>\n<em>del mundo y sembrarlos de igualdad y concilio.<\/em><\/p>\n<p><em>(este poema se public\u00f3 en Gira Poema 2009, Santiago de Chile~New York)<\/em><\/p>\n<p>&nbsp;<\/p>\n<p>&nbsp;<\/p>\n<span class='bctt-click-to-tweet'><span class='bctt-ctt-text'><a href='https:\/\/x.com\/intent\/tweet?url=https%3A%2F%2Fnuestrosescritores.com%2Fsabelagondulfes%2Fpoesia%2F&#038;text=Qui%C3%A9n%20tuviera%20la%20semilla%C2%A0del%20libro%20AFOUTEZA%20%26%20CERTE%C3%87A%20de%20SABELA%20GONDULFES&#038;via=poesiaerestu&#038;related=poesiaerestu' target='_blank'rel=\"noopener noreferrer\">Qui\u00e9n tuviera la semilla&nbsp;del libro AFOUTEZA &amp; CERTE\u00c7A de SABELA GONDULFES <\/a><\/span><a href='https:\/\/x.com\/intent\/tweet?url=https%3A%2F%2Fnuestrosescritores.com%2Fsabelagondulfes%2Fpoesia%2F&#038;text=Qui%C3%A9n%20tuviera%20la%20semilla%C2%A0del%20libro%20AFOUTEZA%20%26%20CERTE%C3%87A%20de%20SABELA%20GONDULFES&#038;via=poesiaerestu&#038;related=poesiaerestu' target='_blank' class='bctt-ctt-btn'rel=\"noopener noreferrer\">Compartir en X<\/a><\/span>\n<p>&nbsp;[\/vc_column_text][\/vc_column][\/vc_row][vc_row full_width=&#8221;stretch_row_content_no_spaces&#8221;][vc_column extend=&#8221;false&#8221;]<div class='gambit_parallax_row' data-bg-align='' data-direction='fixed' data-opacity='100' data-velocity='-0.3' data-mobile-enabled='' data-bg-height='2304' data-bg-width='1792' data-bg-image='https:\/\/nuestrosescritores.com\/sabelagondulfes\/wp-content\/uploads\/sites\/224\/2025\/11\/Firefly_Silueta-femenina-integrada-con-paisaje-de-montanas-gallegas-al-atardecer-su-cabello-735291-2.webp' data-bg-repeat='false' data-id='' style='display: none'><\/div><div class=\"gambit_fullheight_row\" data-content-location=\"center\" style=\"display: none\"><\/div>[\/vc_column][\/vc_row][vc_row][vc_column extend=&#8221;false&#8221;][vc_column_text]\n<h1><a name=\"_Toc50565515\"><\/a><\/h1>\n<h1><strong>Tengo la memoria resbaladiza<\/strong><\/h1>\n<p><em>Tengo la memoria r e s b a la d i z a<\/em><\/p>\n<p><em>Se me olvid\u00f3 lo que hice ma\u00f1ana<\/em><br \/>\n<em>Lo que har\u00e9 ayer<\/em><\/p>\n<p><em>Tengo la memoria r e s b a la d i z a<\/em><br \/>\n<em>S\u00e9 que no hago met\u00e1foras<\/em><br \/>\n<em>Las met\u00e1foras me hacen a m\u00ed<\/em><\/p>\n<p><em>Tengo la memoria r e s b a la d i z a por eso<\/em><br \/>\n<em>Escribo para no olvidarte t\u00fa que existo<\/em><br \/>\n<em>Para que me recuerdes qu\u00e9 soy<\/em><br \/>\n<em>Y saber si t\u00fa sabes lo que yo no s\u00e9<\/em><\/p>\n<p><em>Tengo la memoria r e s b a la d i z a<\/em><br \/>\n<em>Por eso s\u00e9 que no soy tiempo t i e m p o<\/em><\/p>\n<p><em>Tengo la memoria r e s b a la d i z a<\/em><\/p>\n<p><em>A Pepe, padre<\/em><\/p>\n<p>&nbsp;<\/p>\n<span class='bctt-click-to-tweet'><span class='bctt-ctt-text'><a href='https:\/\/x.com\/intent\/tweet?url=https%3A%2F%2Fnuestrosescritores.com%2Fsabelagondulfes%2Fpoesia%2F&#038;text=Tengo%20la%20memoria%20resbaladiza%20del%20libro%20AFOUTEZA%20%26%20CERTE%C3%87A%20de%20SABELA%20GONDULFES&#038;via=poesiaerestu&#038;related=poesiaerestu' target='_blank'rel=\"noopener noreferrer\">Tengo la memoria resbaladiza del libro AFOUTEZA &amp; CERTE\u00c7A de SABELA GONDULFES <\/a><\/span><a href='https:\/\/x.com\/intent\/tweet?url=https%3A%2F%2Fnuestrosescritores.com%2Fsabelagondulfes%2Fpoesia%2F&#038;text=Tengo%20la%20memoria%20resbaladiza%20del%20libro%20AFOUTEZA%20%26%20CERTE%C3%87A%20de%20SABELA%20GONDULFES&#038;via=poesiaerestu&#038;related=poesiaerestu' target='_blank' class='bctt-ctt-btn'rel=\"noopener noreferrer\">Compartir en X<\/a><\/span>\n<p>&nbsp;<\/p>\n<p>&nbsp;[\/vc_column_text][\/vc_column][\/vc_row][vc_row][vc_column extend=&#8221;false&#8221;]<div class='gambit_parallax_row' data-bg-align='' data-direction='fixed' data-opacity='100' data-velocity='-0.3' data-mobile-enabled='' data-bg-height='1408' data-bg-width='768' data-bg-image='https:\/\/nuestrosescritores.com\/sabelagondulfes\/wp-content\/uploads\/sites\/224\/2025\/11\/Firefly_Imagen_-Blusa-blanca-con-pliegues-que-revelan-un-universo-interior-oculto-cada-pliegue-cont-12035.webp' data-bg-repeat='false' data-id='' style='display: none'><\/div><div class=\"gambit_fullheight_row\" data-content-location=\"center\" style=\"display: none\"><\/div>[\/vc_column][\/vc_row][vc_row][vc_column extend=&#8221;false&#8221;][vc_column_text]\n<h1><a name=\"_Toc50565520\"><\/a><\/h1>\n<h1><strong>Me haces mucha falta<\/strong><\/h1>\n<p><em>Me haces mucha falta. Le haces falta a mi cuerpo.<\/em><br \/>\n<em>Le haces falta a mi alma. Le haces falta a mi conciencia.<\/em><\/p>\n<p><em>Intuyo que est\u00e1s viniendo hacia m\u00ed y que estoy yendo hacia ti,<\/em><br \/>\n<em>hacia nuestro anhelo.<\/em><\/p>\n<p><em>Hacia la necesidad<\/em><br \/>\n<em>De nuestros Pies<\/em><br \/>\n<em>De nuestras Bocas<\/em><br \/>\n<em>De nuestros Ojos<\/em><br \/>\n<em>De tu nuez<\/em><br \/>\n<em>De mis Senos<\/em><br \/>\n<em>De tu Pecho<\/em><br \/>\n<em>De mi Vientre<\/em><br \/>\n<em>De tus Ingles<\/em><br \/>\n<em>De mis Piernas<\/em><br \/>\n<em>De tus Rodillas<\/em><br \/>\n<em>De nuestras Espaldas<\/em><br \/>\n<em>De nuestras Manos.<\/em><\/p>\n<p><em>Hacia la necesidad de nuestro sexo con seso.<\/em><\/p>\n<p><em>Le haces falta a mi tristeza y m\u00e1s a mi alegr\u00eda. A mi locura y m\u00e1s a mi cordura.<\/em><br \/>\n<em>A mi sensualidad. A nuestro erotismo<\/em><\/p>\n<p><em>Le haces falta a la persona y mucha falta le haces a la Mujer.<\/em><\/p>\n<p><em>Y falta le haces a la torpeza que habita en m\u00ed. Y mucha m\u00e1s a la inteligencia.<\/em><\/p>\n<p><em>Le haces falta a mis muertes y mucha m\u00e1s a mis Vidas.<\/em><\/p>\n<p><em>S\u00e9.<\/em><\/p>\n<p>&nbsp;<\/p>\n<p>&nbsp;<\/p>\n<p>&nbsp;<\/p>\n<p>&nbsp;<\/p>\n<p>&nbsp;<\/p>\n<span class='bctt-click-to-tweet'><span class='bctt-ctt-text'><a href='https:\/\/x.com\/intent\/tweet?url=https%3A%2F%2Fnuestrosescritores.com%2Fsabelagondulfes%2Fpoesia%2F&#038;text=6%20del%20libro%20AFOUTEZA%20%26%20CERTE%C3%87A%20de%20SABELA%20GONDULFES&#038;via=poesiaerestu&#038;related=poesiaerestu' target='_blank'rel=\"noopener noreferrer\">6 del libro AFOUTEZA &amp; CERTE\u00c7A de SABELA GONDULFES <\/a><\/span><a href='https:\/\/x.com\/intent\/tweet?url=https%3A%2F%2Fnuestrosescritores.com%2Fsabelagondulfes%2Fpoesia%2F&#038;text=6%20del%20libro%20AFOUTEZA%20%26%20CERTE%C3%87A%20de%20SABELA%20GONDULFES&#038;via=poesiaerestu&#038;related=poesiaerestu' target='_blank' class='bctt-ctt-btn'rel=\"noopener noreferrer\">Compartir en X<\/a><\/span>[\/vc_column_text][\/vc_column][\/vc_row][vc_row][vc_column extend=&#8221;false&#8221;]<div class='gambit_parallax_row' data-bg-align='' data-direction='fixed' data-opacity='100' data-velocity='-0.3' data-mobile-enabled='' data-bg-height='2560' data-bg-width='1429' data-bg-image='https:\/\/nuestrosescritores.com\/sabelagondulfes\/wp-content\/uploads\/sites\/224\/2025\/11\/Firefly_Flux_Silueta-femenina-integrada-con-paisaje-de-montanas-gallegas-al-atardecer-su-cabello-492468-scaled.webp' data-bg-repeat='false' data-id='' style='display: none'><\/div><div class=\"gambit_fullheight_row\" data-content-location=\"center\" style=\"display: none\"><\/div>[\/vc_column][\/vc_row][vc_row][vc_column extend=&#8221;false&#8221;][vc_column_text]\n<h1><a name=\"_Toc50565535\"><\/a><\/h1>\n<h1><strong>A mi\u00f1a Mai<\/strong><\/h1>\n<p><em>Ollei a mi\u00f1a esquerda<\/em><br \/>\n<em>Un letreiro grande<\/em><br \/>\n<em>ADEUS ANTANO<\/em><\/p>\n<p><em>Ollei a mi\u00f1a dereita<\/em><br \/>\n<em>E estabas ti, Mai<\/em><br \/>\n<em>GARRIDA<\/em><br \/>\n<em>SEN FIN<\/em><\/p>\n<p><em>Cami\u00f1amos<\/em><br \/>\n<em>E mentras ti falabas<\/em><br \/>\n<em>Eu fun metabolizando<\/em><br \/>\n<em>Os nosos pasos<\/em><br \/>\n<em>Para levalos comigo<\/em><br \/>\n<em>Os infinitos cami\u00f1os<\/em><br \/>\n<em>Na tua ausencia<\/em><\/p>\n<p>&nbsp;<\/p>\n<span class='bctt-click-to-tweet'><span class='bctt-ctt-text'><a href='https:\/\/x.com\/intent\/tweet?url=https%3A%2F%2Fnuestrosescritores.com%2Fsabelagondulfes%2Fpoesia%2F&#038;text=A%20mi%C3%B1a%20Mai%20del%20libro%20AFOUTEZA%20%26%20CERTE%C3%87A%20de%20SABELA%20GONDULFES&#038;via=poesiaerestu&#038;related=poesiaerestu' target='_blank'rel=\"noopener noreferrer\">A mi\u00f1a Mai del libro AFOUTEZA &amp; CERTE\u00c7A de SABELA GONDULFES <\/a><\/span><a href='https:\/\/x.com\/intent\/tweet?url=https%3A%2F%2Fnuestrosescritores.com%2Fsabelagondulfes%2Fpoesia%2F&#038;text=A%20mi%C3%B1a%20Mai%20del%20libro%20AFOUTEZA%20%26%20CERTE%C3%87A%20de%20SABELA%20GONDULFES&#038;via=poesiaerestu&#038;related=poesiaerestu' target='_blank' class='bctt-ctt-btn'rel=\"noopener noreferrer\">Compartir en X<\/a><\/span>[\/vc_column_text][\/vc_column][\/vc_row][vc_row][vc_column extend=&#8221;false&#8221;]<div class='gambit_parallax_row' data-bg-align='' data-direction='fixed' data-opacity='100' data-velocity='-0.3' data-mobile-enabled='' data-bg-height='2560' data-bg-width='1429' data-bg-image='https:\/\/nuestrosescritores.com\/sabelagondulfes\/wp-content\/uploads\/sites\/224\/2025\/11\/Firefly_Flux-scaled.webp' data-bg-repeat='false' data-id='' style='display: none'><\/div><div class=\"gambit_fullheight_row\" data-content-location=\"center\" style=\"display: none\"><\/div>[\/vc_column][\/vc_row][vc_row][vc_column extend=&#8221;false&#8221;][vc_column_text]\n<h1><a name=\"_Toc29236770\"><\/a><\/h1>\n<h1><a name=\"_Toc50565544\"><\/a><\/h1>\n<h1><strong>Amo, Duelo, entonces EXISTO<\/strong><\/h1>\n<p><em>En un instante el viento me trae un sentimiento<\/em><br \/>\n<em>Dolor<\/em><br \/>\n<em>Dejo que pase la r\u00e1faga<\/em><br \/>\n<em>Y contin\u00fao alimentando el momento Amor.<\/em><\/p>\n<p><em>Duelo<\/em><br \/>\n<em>Amo<\/em><br \/>\n<em>Entonces Existo.<\/em><\/p>\n<p>&nbsp;<\/p>\n<p>&nbsp;<\/p>\n<p>&nbsp;<\/p>\n<p>&nbsp;<\/p>\n<p>&nbsp;<\/p>\n<p>&nbsp;<\/p>\n<span class='bctt-click-to-tweet'><span class='bctt-ctt-text'><a href='https:\/\/x.com\/intent\/tweet?url=https%3A%2F%2Fnuestrosescritores.com%2Fsabelagondulfes%2Fpoesia%2F&#038;text=Amo%2C%20Duelo%2C%20entonces%20EXISTO%20del%20libro%20AFOUTEZA%20%26%20CERTE%C3%87A%20de%20SABELA%20GONDULFES&#038;via=poesiaerestu&#038;related=poesiaerestu' target='_blank'rel=\"noopener noreferrer\">Amo, Duelo, entonces EXISTO del libro AFOUTEZA &amp; CERTE\u00c7A de SABELA GONDULFES <\/a><\/span><a href='https:\/\/x.com\/intent\/tweet?url=https%3A%2F%2Fnuestrosescritores.com%2Fsabelagondulfes%2Fpoesia%2F&#038;text=Amo%2C%20Duelo%2C%20entonces%20EXISTO%20del%20libro%20AFOUTEZA%20%26%20CERTE%C3%87A%20de%20SABELA%20GONDULFES&#038;via=poesiaerestu&#038;related=poesiaerestu' target='_blank' class='bctt-ctt-btn'rel=\"noopener noreferrer\">Compartir en X<\/a><\/span>[\/vc_column_text][\/vc_column][\/vc_row][vc_row][vc_column extend=&#8221;false&#8221;]<div class='gambit_parallax_row' data-bg-align='' data-direction='fixed' data-opacity='100' data-velocity='-0.3' data-mobile-enabled='' data-bg-height='2304' data-bg-width='1792' data-bg-image='https:\/\/nuestrosescritores.com\/sabelagondulfes\/wp-content\/uploads\/sites\/224\/2025\/11\/Firefly_-Mujer-de-espaldas-con-panuelo-rojo-ondeando-al-viento-en-paisaje-de-valles-y-montana-827074.webp' data-bg-repeat='false' data-id='' style='display: none'><\/div><div class=\"gambit_fullheight_row\" data-content-location=\"center\" style=\"display: none\"><\/div>[vc_column_text]\n<p style=\"text-align: center;\"><a class=\"fasc-button fasc-size-xlarge fasc-type-glossy fasc-rounded-medium\" style=\"background-color: #33809e; color: #ffffff;\" href=\"https:\/\/gepa.es\/producto\/afouteza-certeca-sabela-gondulfes\/\">Comprar el libro<\/a><\/p>\n[\/vc_column_text][\/vc_column][\/vc_row]\n<\/div>","protected":false},"excerpt":{"rendered":"<p>[vc_row full_width=&#8221;stretch_row_content_no_spaces&#8221;][vc_column extend=&#8221;false&#8221;][\/vc_column][\/vc_row][vc_row][vc_column extend=&#8221;false&#8221;][vc_column_text] Qui\u00e9n tuviera la semilla Qui\u00e9n tuviera la semilla limpia y pura y sembrar los surcos de las mentes necias y sus conciencias despertaran a la luz de la vida. Qui\u00e9n tuviera la semilla limpia y pura y germinar los vientres de las hembras regias y tiernas y parir criaturas libres de [&hellip;]<\/p>\n","protected":false},"author":1,"featured_media":74,"parent":0,"menu_order":0,"comment_status":"closed","ping_status":"closed","template":"","meta":{"_acf_changed":false,"footnotes":""},"class_list":["post-159","page","type-page","status-publish","has-post-thumbnail","hentry"],"acf":[],"yoast_head":"<!-- This site is optimized with the Yoast SEO Premium plugin v24.7 (Yoast SEO v27.4) - https:\/\/yoast.com\/product\/yoast-seo-premium-wordpress\/ -->\n<title>POES\u00cdA - Sabela Gondulfes<\/title>\n<meta name=\"description\" content=\"Poes\u00eda del libro AFOUTEZA &amp; CERTE\u00c7A, la autora Sabela Gondulfes nos da una muestra tras publicar su libro en la Editorial Poes\u00eda eres t\u00fa.\" \/>\n<meta name=\"robots\" content=\"index, follow, max-snippet:-1, max-image-preview:large, max-video-preview:-1\" \/>\n<link rel=\"canonical\" href=\"https:\/\/nuestrosescritores.com\/sabelagondulfes\/poesia\/\" \/>\n<meta property=\"og:locale\" content=\"es_ES\" \/>\n<meta property=\"og:type\" content=\"article\" \/>\n<meta property=\"og:title\" content=\"POES\u00cdA\" \/>\n<meta property=\"og:description\" content=\"Poes\u00eda del libro AFOUTEZA &amp; CERTE\u00c7A, la autora Sabela Gondulfes nos da una muestra tras publicar su libro en la Editorial Poes\u00eda eres t\u00fa.\" \/>\n<meta property=\"og:url\" content=\"https:\/\/nuestrosescritores.com\/sabelagondulfes\/poesia\/\" \/>\n<meta property=\"og:site_name\" content=\"Sabela Gondulfes\" \/>\n<meta property=\"article:modified_time\" content=\"2025-11-29T20:24:14+00:00\" \/>\n<meta property=\"og:image\" content=\"http:\/\/nuestrosescritores.com\/sabelagondulfes\/wp-content\/uploads\/sites\/224\/2025\/11\/book2.png\" \/>\n\t<meta property=\"og:image:width\" content=\"839\" \/>\n\t<meta property=\"og:image:height\" content=\"794\" \/>\n\t<meta property=\"og:image:type\" content=\"image\/png\" \/>\n<meta name=\"twitter:card\" content=\"summary_large_image\" \/>\n<meta name=\"twitter:label1\" content=\"Tiempo de lectura\" \/>\n\t<meta name=\"twitter:data1\" content=\"5 minutos\" \/>\n<script type=\"application\/ld+json\" class=\"yoast-schema-graph\">{\"@context\":\"https:\\\/\\\/schema.org\",\"@graph\":[{\"@type\":\"WebPage\",\"@id\":\"https:\\\/\\\/nuestrosescritores.com\\\/sabelagondulfes\\\/poesia\\\/\",\"url\":\"https:\\\/\\\/nuestrosescritores.com\\\/sabelagondulfes\\\/poesia\\\/\",\"name\":\"POES\u00cdA - Sabela Gondulfes\",\"isPartOf\":{\"@id\":\"https:\\\/\\\/nuestrosescritores.com\\\/sabelagondulfes\\\/#website\"},\"primaryImageOfPage\":{\"@id\":\"https:\\\/\\\/nuestrosescritores.com\\\/sabelagondulfes\\\/poesia\\\/#primaryimage\"},\"image\":{\"@id\":\"https:\\\/\\\/nuestrosescritores.com\\\/sabelagondulfes\\\/poesia\\\/#primaryimage\"},\"thumbnailUrl\":\"https:\\\/\\\/nuestrosescritores.com\\\/sabelagondulfes\\\/wp-content\\\/uploads\\\/sites\\\/224\\\/2025\\\/11\\\/book2.png\",\"datePublished\":\"2025-11-29T20:22:30+00:00\",\"dateModified\":\"2025-11-29T20:24:14+00:00\",\"description\":\"Poes\u00eda del libro AFOUTEZA & CERTE\u00c7A, la autora Sabela Gondulfes nos da una muestra tras publicar su libro en la Editorial Poes\u00eda eres t\u00fa.\",\"breadcrumb\":{\"@id\":\"https:\\\/\\\/nuestrosescritores.com\\\/sabelagondulfes\\\/poesia\\\/#breadcrumb\"},\"inLanguage\":\"es\",\"potentialAction\":[{\"@type\":\"ReadAction\",\"target\":[\"https:\\\/\\\/nuestrosescritores.com\\\/sabelagondulfes\\\/poesia\\\/\"]}]},{\"@type\":\"ImageObject\",\"inLanguage\":\"es\",\"@id\":\"https:\\\/\\\/nuestrosescritores.com\\\/sabelagondulfes\\\/poesia\\\/#primaryimage\",\"url\":\"https:\\\/\\\/nuestrosescritores.com\\\/sabelagondulfes\\\/wp-content\\\/uploads\\\/sites\\\/224\\\/2025\\\/11\\\/book2.png\",\"contentUrl\":\"https:\\\/\\\/nuestrosescritores.com\\\/sabelagondulfes\\\/wp-content\\\/uploads\\\/sites\\\/224\\\/2025\\\/11\\\/book2.png\",\"width\":839,\"height\":794},{\"@type\":\"BreadcrumbList\",\"@id\":\"https:\\\/\\\/nuestrosescritores.com\\\/sabelagondulfes\\\/poesia\\\/#breadcrumb\",\"itemListElement\":[{\"@type\":\"ListItem\",\"position\":1,\"name\":\"Portada\",\"item\":\"https:\\\/\\\/nuestrosescritores.com\\\/sabelagondulfes\\\/\"},{\"@type\":\"ListItem\",\"position\":2,\"name\":\"POES\u00cdA\"}]},{\"@type\":\"WebSite\",\"@id\":\"https:\\\/\\\/nuestrosescritores.com\\\/sabelagondulfes\\\/#website\",\"url\":\"https:\\\/\\\/nuestrosescritores.com\\\/sabelagondulfes\\\/\",\"name\":\"Nuestros escritores\",\"description\":\"Escritora\",\"potentialAction\":[{\"@type\":\"SearchAction\",\"target\":{\"@type\":\"EntryPoint\",\"urlTemplate\":\"https:\\\/\\\/nuestrosescritores.com\\\/sabelagondulfes\\\/?s={search_term_string}\"},\"query-input\":{\"@type\":\"PropertyValueSpecification\",\"valueRequired\":true,\"valueName\":\"search_term_string\"}}],\"inLanguage\":\"es\"}]}<\/script>\n<!-- \/ Yoast SEO Premium plugin. -->","yoast_head_json":{"title":"POES\u00cdA - Sabela Gondulfes","description":"Poes\u00eda del libro AFOUTEZA & CERTE\u00c7A, la autora Sabela Gondulfes nos da una muestra tras publicar su libro en la Editorial Poes\u00eda eres t\u00fa.","robots":{"index":"index","follow":"follow","max-snippet":"max-snippet:-1","max-image-preview":"max-image-preview:large","max-video-preview":"max-video-preview:-1"},"canonical":"https:\/\/nuestrosescritores.com\/sabelagondulfes\/poesia\/","og_locale":"es_ES","og_type":"article","og_title":"POES\u00cdA","og_description":"Poes\u00eda del libro AFOUTEZA & CERTE\u00c7A, la autora Sabela Gondulfes nos da una muestra tras publicar su libro en la Editorial Poes\u00eda eres t\u00fa.","og_url":"https:\/\/nuestrosescritores.com\/sabelagondulfes\/poesia\/","og_site_name":"Sabela Gondulfes","article_modified_time":"2025-11-29T20:24:14+00:00","og_image":[{"width":839,"height":794,"url":"http:\/\/nuestrosescritores.com\/sabelagondulfes\/wp-content\/uploads\/sites\/224\/2025\/11\/book2.png","type":"image\/png"}],"twitter_card":"summary_large_image","twitter_misc":{"Tiempo de lectura":"5 minutos"},"schema":{"@context":"https:\/\/schema.org","@graph":[{"@type":"WebPage","@id":"https:\/\/nuestrosescritores.com\/sabelagondulfes\/poesia\/","url":"https:\/\/nuestrosescritores.com\/sabelagondulfes\/poesia\/","name":"POES\u00cdA - Sabela Gondulfes","isPartOf":{"@id":"https:\/\/nuestrosescritores.com\/sabelagondulfes\/#website"},"primaryImageOfPage":{"@id":"https:\/\/nuestrosescritores.com\/sabelagondulfes\/poesia\/#primaryimage"},"image":{"@id":"https:\/\/nuestrosescritores.com\/sabelagondulfes\/poesia\/#primaryimage"},"thumbnailUrl":"https:\/\/nuestrosescritores.com\/sabelagondulfes\/wp-content\/uploads\/sites\/224\/2025\/11\/book2.png","datePublished":"2025-11-29T20:22:30+00:00","dateModified":"2025-11-29T20:24:14+00:00","description":"Poes\u00eda del libro AFOUTEZA & CERTE\u00c7A, la autora Sabela Gondulfes nos da una muestra tras publicar su libro en la Editorial Poes\u00eda eres t\u00fa.","breadcrumb":{"@id":"https:\/\/nuestrosescritores.com\/sabelagondulfes\/poesia\/#breadcrumb"},"inLanguage":"es","potentialAction":[{"@type":"ReadAction","target":["https:\/\/nuestrosescritores.com\/sabelagondulfes\/poesia\/"]}]},{"@type":"ImageObject","inLanguage":"es","@id":"https:\/\/nuestrosescritores.com\/sabelagondulfes\/poesia\/#primaryimage","url":"https:\/\/nuestrosescritores.com\/sabelagondulfes\/wp-content\/uploads\/sites\/224\/2025\/11\/book2.png","contentUrl":"https:\/\/nuestrosescritores.com\/sabelagondulfes\/wp-content\/uploads\/sites\/224\/2025\/11\/book2.png","width":839,"height":794},{"@type":"BreadcrumbList","@id":"https:\/\/nuestrosescritores.com\/sabelagondulfes\/poesia\/#breadcrumb","itemListElement":[{"@type":"ListItem","position":1,"name":"Portada","item":"https:\/\/nuestrosescritores.com\/sabelagondulfes\/"},{"@type":"ListItem","position":2,"name":"POES\u00cdA"}]},{"@type":"WebSite","@id":"https:\/\/nuestrosescritores.com\/sabelagondulfes\/#website","url":"https:\/\/nuestrosescritores.com\/sabelagondulfes\/","name":"Nuestros escritores","description":"Escritora","potentialAction":[{"@type":"SearchAction","target":{"@type":"EntryPoint","urlTemplate":"https:\/\/nuestrosescritores.com\/sabelagondulfes\/?s={search_term_string}"},"query-input":{"@type":"PropertyValueSpecification","valueRequired":true,"valueName":"search_term_string"}}],"inLanguage":"es"}]}},"_links":{"self":[{"href":"https:\/\/nuestrosescritores.com\/sabelagondulfes\/wp-json\/wp\/v2\/pages\/159","targetHints":{"allow":["GET"]}}],"collection":[{"href":"https:\/\/nuestrosescritores.com\/sabelagondulfes\/wp-json\/wp\/v2\/pages"}],"about":[{"href":"https:\/\/nuestrosescritores.com\/sabelagondulfes\/wp-json\/wp\/v2\/types\/page"}],"author":[{"embeddable":true,"href":"https:\/\/nuestrosescritores.com\/sabelagondulfes\/wp-json\/wp\/v2\/users\/1"}],"replies":[{"embeddable":true,"href":"https:\/\/nuestrosescritores.com\/sabelagondulfes\/wp-json\/wp\/v2\/comments?post=159"}],"version-history":[{"count":0,"href":"https:\/\/nuestrosescritores.com\/sabelagondulfes\/wp-json\/wp\/v2\/pages\/159\/revisions"}],"wp:featuredmedia":[{"embeddable":true,"href":"https:\/\/nuestrosescritores.com\/sabelagondulfes\/wp-json\/wp\/v2\/media\/74"}],"wp:attachment":[{"href":"https:\/\/nuestrosescritores.com\/sabelagondulfes\/wp-json\/wp\/v2\/media?parent=159"}],"curies":[{"name":"wp","href":"https:\/\/api.w.org\/{rel}","templated":true}]}}