{"id":141,"date":"2025-05-16T17:54:38","date_gmt":"2025-05-16T15:54:38","guid":{"rendered":"https:\/\/nuestrosescritores.com\/ruthvicente\/?page_id=141"},"modified":"2025-05-16T18:03:15","modified_gmt":"2025-05-16T16:03:15","slug":"poesia","status":"publish","type":"page","link":"https:\/\/nuestrosescritores.com\/ruthvicente\/poesia\/","title":{"rendered":"POES\u00cdA"},"content":{"rendered":"<div class=\"wpb-content-wrapper\">[vc_row full_width=&#8221;stretch_row_content_no_spaces&#8221;][vc_column extend=&#8221;false&#8221;]<div class='gambit_parallax_row' data-bg-align='' data-direction='fixed' data-opacity='100' data-velocity='-0.3' data-mobile-enabled='' data-bg-height='794' data-bg-width='559' data-bg-image='https:\/\/nuestrosescritores.com\/ruthvicente\/wp-content\/uploads\/sites\/203\/2025\/05\/0_Portada_contexto.webp' data-bg-repeat='false' data-id='' style='display: none'><\/div><div class=\"gambit_fullheight_row\" data-content-location=\"center\" style=\"display: none\"><\/div>[\/vc_column][\/vc_row][vc_row][vc_column extend=&#8221;false&#8221;][vc_column_text css=&#8221;.vc_custom_1747411354888{padding: 5% !important;}&#8221;]\n<h1><a name=\"_Toc190195865\"><\/a><strong>OTRO D\u00cdA<\/strong><\/h1>\n<p>&nbsp;<\/p>\n<p>Como cada d\u00eda suena el despertador y no me levantar\u00eda, no s\u00e9 por qu\u00e9 pienso que alguien como yo no tendr\u00eda que hacer nada, me podr\u00edan pagar por mi simple existencia, porque sonr\u00eda de vez en cuando pa que no se diga que no hago algo de provecho, compartir mi energ\u00eda, solo ser\u00eda eso, y que me traigan el desayuno a la cama como parte de ese siendo, consentida y mimada. Aunque NO, me desperezo y me levanto, y siento que no soy yo cuando me miro al espejo y veo el cansancio, en la inercia me manejo como un robot programado, con el perfilador me pinto la sonrisa observando mis labios, ya no tengo prisa por llegar al trabajo, tengo el tiempo controlado, ya s\u00e9 qu\u00e9 viene a cada momento, conozco cada paso. Con el pelo me entretengo un rato y cuando acabo de arreglarme me veo mejor, preparada para otro d\u00eda girando en la rueda del rat\u00f3n, el bocata, el m\u00f3vil, el agua, que no me deje el cargador, ya he llenado la mochila con todo lo que necesito. Ya pasaron los sue\u00f1os de la noche a los que renuncio, y salgo por la puerta, enciendo el coche que me lleva a la estaci\u00f3n, a pillar el tren. Se nota que llega el invierno y empieza una y otra vez el d\u00eda de la marmota. En los asientos las mismas caras, nadie se ve, no se reconocen, ya no estamos en el valle en el que viv\u00edamos ayer, la hoguera de la tribu se apag\u00f3 y no cruzamos las miradas porque queman, demasiada info. Me bajo en la parada que toca y subiendo la escalera me doy cuenta de la poca consciencia, lo sucia que est\u00e1 la calle, andando por el arc\u00e9n, esperando que el sem\u00e1foro me pare, de memoria me lo s\u00e9. No escucho el aullido del lobo, ni los p\u00e1jaros, ni el viento a trav\u00e9s de los \u00e1rboles, en ninguna parte, no est\u00e1 la naturaleza que nos acog\u00eda antes. Nadie pone un pie en la hierba no vaya a ser que me ensucie o que pise una mierda, que se ve que da mala suerte y est\u00e1 fr\u00eda, abr\u00edgate bien que te constipas, y no bajes la guardia, no te f\u00edes de la gente, no le des nada al que pide, que se busque la vida y trabaje. He escuchado este mensaje en mi familia tantas veces, la holgazaner\u00eda es el pecado m\u00e1s salvaje, que cada uno pesque sus peces no vaya a ser que ayudes a alguien. Y ya llegando a la oficina, li\u00e1ndome el piti, reviso mis redes y veo el DM, me r\u00edo con los memes, cuantos m\u00e1s te env\u00edan m\u00e1s te quieren, y as\u00ed, creces, en seguidores, y crees, que el amor es una conversi\u00f3n en likes, y vas por los rieles que te marcan exactamente lo que tienes que hacer, ser aut\u00e9ntico, fieles al algoritmo, que se expande como un virus que cambia tu ADN y necesitamos cada vez m\u00e1s espacio. Aunque ahora que escucho mi ritmo, lo que m\u00e1s quiero es un abrazo tuyo, no me vale el contacto virtual que ya me conoce la IA m\u00e1s que t\u00fa, y me espanta que lo artificial pase a ser una virtud, que lo humano se pierda, que no declare un quiebre y vea la transparencia en la que estoy metida. Enciendo mi ordenador y me siento en mi silla ergon\u00f3mica dise\u00f1ada para que no pierda mi espalda en estas horas, atendiendo problemas reales de dinero, la gente que vive a cr\u00e9dito, dejando nuestro prop\u00f3sito de lado, preocupados por sus dep\u00f3sitos, si ha subido la cuenta o si deben algo. B\u00e1jame la cuota, hazme un aplazamiento, pero no me des la mano sin gel hidroalcoh\u00f3lico, y as\u00ed nos desinfectamos de ser seres humanos, deseando que lleguen las tres, corriendo otra vez a coger el tren para ir al cole a buscar al peque\u00f1o, que hoy tenemos entreno. Cuando ves a alguien, te pregunta c\u00f3mo est\u00e1s y siempre respondes: bien, porque no tienes tiempo de pararte a observar lo que est\u00e1 pasando, el hurac\u00e1n de la rutina te come, y as\u00ed d\u00eda tras d\u00eda, me salva la noche, en mi fantas\u00eda, soy un ser de luz en una casa con jard\u00edn y la gente me viene a pagar pa escucharme y tomarse un t\u00e9 y ver el comod\u00edn que escond\u00ed en mi manga, descubrir la magia y tomarse la pastilla pa salirse de la matrix, ver la verdad que hace que ma\u00f1ana no vayas a trabajar y te replantees tu vida, que te desnudes y empieces a jugar, que andes descalza por la orilla del mar, y saltes con las olas, ri\u00e9ndote, y te vea aparecer por el horizonte, y me abraces y me beses, en la playa donde todo empez\u00f3, hasta que otra vez, suena el despertador y hace, que me levante.<\/p>\n<p>&nbsp;<\/p>\n<span class='bctt-click-to-tweet'><span class='bctt-ctt-text'><a href='https:\/\/x.com\/intent\/tweet?url=https%3A%2F%2Fnuestrosescritores.com%2Fruthvicente%2Fpoesia%2F&#038;text=OTRO%20D%C3%8DA%C2%A0del%20libro%20CONTEXTO%20de%20RUTH%20VICENTE&#038;via=poesiaerestu&#038;related=poesiaerestu' target='_blank'rel=\"noopener noreferrer\">OTRO D\u00cdA&nbsp;del libro CONTEXTO de RUTH VICENTE <\/a><\/span><a href='https:\/\/x.com\/intent\/tweet?url=https%3A%2F%2Fnuestrosescritores.com%2Fruthvicente%2Fpoesia%2F&#038;text=OTRO%20D%C3%8DA%C2%A0del%20libro%20CONTEXTO%20de%20RUTH%20VICENTE&#038;via=poesiaerestu&#038;related=poesiaerestu' target='_blank' class='bctt-ctt-btn'rel=\"noopener noreferrer\">Compartir en X<\/a><\/span>\n<p>&nbsp;[\/vc_column_text][\/vc_column][\/vc_row][vc_row full_width=&#8221;stretch_row_content_no_spaces&#8221;][vc_column extend=&#8221;false&#8221;]<div class='gambit_parallax_row' data-bg-align='' data-direction='fixed' data-opacity='100' data-velocity='-0.3' data-mobile-enabled='' data-bg-height='2048' data-bg-width='2048' data-bg-image='https:\/\/nuestrosescritores.com\/ruthvicente\/wp-content\/uploads\/sites\/203\/2025\/05\/Gemini_Generated_Image_u47etpu47etpu47e.webp' data-bg-repeat='false' data-id='' style='display: none'><\/div><div class=\"gambit_fullheight_row\" data-content-location=\"center\" style=\"display: none\"><\/div>[\/vc_column][\/vc_row][vc_row][vc_column extend=&#8221;false&#8221;][vc_column_text css=&#8221;.vc_custom_1747411372239{padding: 5% !important;}&#8221;]<a name=\"_Toc190195874\"><\/a><strong>HOT<\/strong><\/p>\n<p>&nbsp;<\/p>\n<p>Quiero decirte cosas al o\u00eddo, en bajito, que me abraces, sentir tu piel, que me toques por debajo de la falda, notar la palma de tu mano, que se me escape un gemido, besar tus labios, chup\u00e1rtelos, nuestras lenguas se tocan, ya se conocen, el placer, recorre todo el cuerpo, ya no s\u00e9 d\u00f3nde estoy, me pierdo en tu voz, tu respiraci\u00f3n agitada me pone, estoy hot. Me desnudas, salvaje, y quiero que bajes, que pases mi ombligo, quiero gastar todos mis condones contigo, quiero que me cojas del cuello, ya lo ves, que estoy hot, quiero que me chupes las tetas, comerme tu piruleta, quiero que me la metas, cabalgarte, que me estires de la coleta, ya sabes lo que quiero mi amor, d\u00e1melo, no me hagas esperar, b\u00e9same lo que puedas, ya s\u00e9 que estas cachondo, veo mis piernas en tus hombros, abiertas, no pares, me tienes muy loca, mir\u00e1ndome a los ojos, inyectados en sangre. Estoy hambrienta de ti, pero ahora soy tu presa, ya me tienes, me queda nada pa correrme, no me escapo, y te veo comerme, sale el grito de mis labios y me muevo m\u00e1s r\u00e1pido, y me mandas, como t\u00fa sabes, y me cambias de pose, me llevas para arriba y pa abajo, con tu fuerza, siento tus manos grandes en mi espalda, cuando entras en m\u00ed, me pones a mil, me calientas, con las cosas que me dices, con tu saliva me bendices, curas las cicatrices de mi cuerpo y mi alma, y me encanta que chilles cuando acabas y que te quedes tan en calma. Se me para el coraz\u00f3n y se espacia m\u00e1s la respiraci\u00f3n, y me quedo llena, llena de amor, y me muero cuando abres la boca y dices: te quiero.<\/p>\n<p>&nbsp;<\/p>\n<p>Y este cuento se acab\u00f3 y vivieron felices y se comieron el uno al otro en bucle.<\/p>\n<p>&nbsp;<\/p>\n<span class='bctt-click-to-tweet'><span class='bctt-ctt-text'><a href='https:\/\/x.com\/intent\/tweet?url=https%3A%2F%2Fnuestrosescritores.com%2Fruthvicente%2Fpoesia%2F&#038;text=HOT%20del%20libro%20CONTEXTO%20de%20RUTH%20VICENTE&#038;via=poesiaerestu&#038;related=poesiaerestu' target='_blank'rel=\"noopener noreferrer\">HOT del libro CONTEXTO de RUTH VICENTE <\/a><\/span><a href='https:\/\/x.com\/intent\/tweet?url=https%3A%2F%2Fnuestrosescritores.com%2Fruthvicente%2Fpoesia%2F&#038;text=HOT%20del%20libro%20CONTEXTO%20de%20RUTH%20VICENTE&#038;via=poesiaerestu&#038;related=poesiaerestu' target='_blank' class='bctt-ctt-btn'rel=\"noopener noreferrer\">Compartir en X<\/a><\/span>\n<p>&nbsp;<\/p>\n<p>&nbsp;[\/vc_column_text][\/vc_column][\/vc_row][vc_row][vc_column extend=&#8221;false&#8221;]<div class='gambit_parallax_row' data-bg-align='' data-direction='fixed' data-opacity='100' data-velocity='-0.3' data-mobile-enabled='' data-bg-height='2048' data-bg-width='2048' data-bg-image='https:\/\/nuestrosescritores.com\/ruthvicente\/wp-content\/uploads\/sites\/203\/2025\/05\/Gemini_Generated_Image_tukwnqtukwnqtukw.webp' data-bg-repeat='false' data-id='' style='display: none'><\/div><div class=\"gambit_fullheight_row\" data-content-location=\"center\" style=\"display: none\"><\/div>[\/vc_column][\/vc_row][vc_row][vc_column extend=&#8221;false&#8221;][vc_column_text css=&#8221;.vc_custom_1747411389038{padding: 5% !important;}&#8221;]\n<h1><a name=\"_Toc50565520\"><\/a><\/h1>\n<h1><a name=\"_Toc190195897\"><\/a><strong>LA DIOSA ENFADADA<\/strong><\/h1>\n<p>&nbsp;<\/p>\n<p>Hoy me he despertado nublada, no he so\u00f1ado con nada, creo que estoy mala, de esperar algo, de ver pasar la vida sin que aparezca el hada, me refiero a la madrina, esa que saca la varita y te cambia la vida, aunque a las 12 me convierta en calabaza, si estoy un rato contigo, con eso me basta. Cu\u00e1nto cuento, cu\u00e1nta mentira, todas las historias grabadas a fuego con la cabeza en la almohada, pobre ni\u00f1a, aunque trabajada, a\u00fan est\u00e1n ah\u00ed las creencias limitadas, las que le hacen pensar que el amor lo puede todo pero siente que con eso no basta. Cu\u00e1nto falta para que dejemos de cuidar a la bestia que te tiene encarcelada, para que no te tiren del pelo pa subir por una torre en la que tambi\u00e9n est\u00e1s atrapada, pa que dejes de limpiar la casa, pa quitarte la losa de la espalda, pa saber que calladita no est\u00e1s m\u00e1s guapa. Cu\u00e1nto falta pa ser libres, para no ser la deseada, para que todas veamos a la Diosa, la que crea a las personas, la que un d\u00eda dijo basta, se acab\u00f3 el ser humillada, ya no voy a mear sentada, no me ver\u00e1s arrodillada porque me he puesto de pie, con la cabeza bien alta. Ya no me hundo si me gritas, es por este cuerpo por el que vienes al mundo y me necesitas, soy la favorita del Universo desde donde llega este texto, pa hablarme si\u00e9ntate en la silla, m\u00edrame de abajo hacia arriba. Ya no quiero las migajas, quiero todo el pastel, que es m\u00edo. T\u00fa solo eres una proyecci\u00f3n m\u00e1s, una creencia incrustada, siglos de evoluci\u00f3n me han hecho m\u00e1s sabia, m\u00e1s centrada, m\u00e1s exquisita. Hemos aprendido del dolor, sabemos que nadie m\u00e1s lo aguanta, mi sangre me dio el valor pa equilibrar la balanza. Cambiaremos el mundo exterior uni\u00e9ndonos, creando la hermandad, ha llegado el momento de ganar esta batalla, de coraz\u00f3n, la santa se acab\u00f3, igual nosotras no lo vemos pero ha estallado esta burbuja, ya han nacido las hijas y los hijos de las brujas, no ten\u00e9is donde esconderos, solo os digo la \u00faltima\u2026 ya pod\u00e9is empezar a tener miedo a la aguja de la evoluci\u00f3n.<\/p>\n<p>&nbsp;<\/p>\n<p>&nbsp;<\/p>\n<p>&nbsp;<\/p>\n<span class='bctt-click-to-tweet'><span class='bctt-ctt-text'><a href='https:\/\/x.com\/intent\/tweet?url=https%3A%2F%2Fnuestrosescritores.com%2Fruthvicente%2Fpoesia%2F&#038;text=LA%20DIOSA%20ENFADADA%20del%20libro%20CONTEXTO%20de%20RUTH%20VICENTE&#038;via=poesiaerestu&#038;related=poesiaerestu' target='_blank'rel=\"noopener noreferrer\">LA DIOSA ENFADADA del libro CONTEXTO de RUTH VICENTE <\/a><\/span><a href='https:\/\/x.com\/intent\/tweet?url=https%3A%2F%2Fnuestrosescritores.com%2Fruthvicente%2Fpoesia%2F&#038;text=LA%20DIOSA%20ENFADADA%20del%20libro%20CONTEXTO%20de%20RUTH%20VICENTE&#038;via=poesiaerestu&#038;related=poesiaerestu' target='_blank' class='bctt-ctt-btn'rel=\"noopener noreferrer\">Compartir en X<\/a><\/span>[\/vc_column_text][\/vc_column][\/vc_row][vc_row][vc_column extend=&#8221;false&#8221;]<div class='gambit_parallax_row' data-bg-align='' data-direction='fixed' data-opacity='100' data-velocity='-0.3' data-mobile-enabled='' data-bg-height='2048' data-bg-width='2048' data-bg-image='https:\/\/nuestrosescritores.com\/ruthvicente\/wp-content\/uploads\/sites\/203\/2025\/05\/Gemini_Generated_Image_px08etpx08etpx08.webp' data-bg-repeat='false' data-id='' style='display: none'><\/div><div class=\"gambit_fullheight_row\" data-content-location=\"center\" style=\"display: none\"><\/div>[vc_column_text css=&#8221;&#8221;]\n<p style=\"text-align: center;\"><a class=\"fasc-button fasc-size-xlarge fasc-type-glossy fasc-rounded-medium\" style=\"background-color: #33809e; color: #ffffff;\" href=\"https:\/\/librodepoesia.com\/libro\/contexto-ruth-vicente-gonzalez\/\">Comprar el libro<\/a><\/p>\n[\/vc_column_text][\/vc_column][\/vc_row]\n<\/div>","protected":false},"excerpt":{"rendered":"<p>[vc_row full_width=&#8221;stretch_row_content_no_spaces&#8221;][vc_column extend=&#8221;false&#8221;][\/vc_column][\/vc_row][vc_row][vc_column extend=&#8221;false&#8221;][vc_column_text css=&#8221;.vc_custom_1747411354888{padding: 5% !important;}&#8221;] OTRO D\u00cdA &nbsp; Como cada d\u00eda suena el despertador y no me levantar\u00eda, no s\u00e9 por qu\u00e9 pienso que alguien como yo no tendr\u00eda que hacer nada, me podr\u00edan pagar por mi simple existencia, porque sonr\u00eda de vez en cuando pa que no se diga que no hago [&hellip;]<\/p>\n","protected":false},"author":1,"featured_media":0,"parent":0,"menu_order":0,"comment_status":"closed","ping_status":"closed","template":"","meta":{"_acf_changed":false,"footnotes":""},"class_list":["post-141","page","type-page","status-publish","hentry"],"acf":[],"yoast_head":"<!-- This site is optimized with the Yoast SEO Premium plugin v24.7 (Yoast SEO v27.3) - https:\/\/yoast.com\/product\/yoast-seo-premium-wordpress\/ -->\n<title>POES\u00cdA - Ruth Vicente<\/title>\n<meta name=\"description\" content=\"Poes\u00eda del libro CONTEXTO de Ruth Vicente, la escritora nos da una muestra tras publicar un libro con la Editorial Poes\u00eda eres t\u00fa en el 2025\" \/>\n<meta name=\"robots\" content=\"index, follow, max-snippet:-1, max-image-preview:large, max-video-preview:-1\" \/>\n<link rel=\"canonical\" href=\"https:\/\/nuestrosescritores.com\/ruthvicente\/poesia\/\" \/>\n<meta property=\"og:locale\" content=\"es_ES\" \/>\n<meta property=\"og:type\" content=\"article\" \/>\n<meta property=\"og:title\" content=\"POES\u00cdA\" \/>\n<meta property=\"og:description\" content=\"Poes\u00eda del libro CONTEXTO de Ruth Vicente, la escritora nos da una muestra tras publicar un libro con la Editorial Poes\u00eda eres t\u00fa en el 2025\" \/>\n<meta property=\"og:url\" content=\"https:\/\/nuestrosescritores.com\/ruthvicente\/poesia\/\" \/>\n<meta property=\"og:site_name\" content=\"Ruth Vicente\" \/>\n<meta property=\"article:modified_time\" content=\"2025-05-16T16:03:15+00:00\" \/>\n<meta name=\"twitter:card\" content=\"summary_large_image\" \/>\n<meta name=\"twitter:label1\" content=\"Tiempo de lectura\" \/>\n\t<meta name=\"twitter:data1\" content=\"8 minutos\" \/>\n<script type=\"application\/ld+json\" class=\"yoast-schema-graph\">{\"@context\":\"https:\\\/\\\/schema.org\",\"@graph\":[{\"@type\":\"WebPage\",\"@id\":\"https:\\\/\\\/nuestrosescritores.com\\\/ruthvicente\\\/poesia\\\/\",\"url\":\"https:\\\/\\\/nuestrosescritores.com\\\/ruthvicente\\\/poesia\\\/\",\"name\":\"POES\u00cdA - Ruth Vicente\",\"isPartOf\":{\"@id\":\"https:\\\/\\\/nuestrosescritores.com\\\/ruthvicente\\\/#website\"},\"datePublished\":\"2025-05-16T15:54:38+00:00\",\"dateModified\":\"2025-05-16T16:03:15+00:00\",\"description\":\"Poes\u00eda del libro CONTEXTO de Ruth Vicente, la escritora nos da una muestra tras publicar un libro con la Editorial Poes\u00eda eres t\u00fa en el 2025\",\"breadcrumb\":{\"@id\":\"https:\\\/\\\/nuestrosescritores.com\\\/ruthvicente\\\/poesia\\\/#breadcrumb\"},\"inLanguage\":\"es\",\"potentialAction\":[{\"@type\":\"ReadAction\",\"target\":[\"https:\\\/\\\/nuestrosescritores.com\\\/ruthvicente\\\/poesia\\\/\"]}]},{\"@type\":\"BreadcrumbList\",\"@id\":\"https:\\\/\\\/nuestrosescritores.com\\\/ruthvicente\\\/poesia\\\/#breadcrumb\",\"itemListElement\":[{\"@type\":\"ListItem\",\"position\":1,\"name\":\"Portada\",\"item\":\"https:\\\/\\\/nuestrosescritores.com\\\/ruthvicente\\\/\"},{\"@type\":\"ListItem\",\"position\":2,\"name\":\"POES\u00cdA\"}]},{\"@type\":\"WebSite\",\"@id\":\"https:\\\/\\\/nuestrosescritores.com\\\/ruthvicente\\\/#website\",\"url\":\"https:\\\/\\\/nuestrosescritores.com\\\/ruthvicente\\\/\",\"name\":\"Nuestros escritores\",\"description\":\"Escritora\",\"potentialAction\":[{\"@type\":\"SearchAction\",\"target\":{\"@type\":\"EntryPoint\",\"urlTemplate\":\"https:\\\/\\\/nuestrosescritores.com\\\/ruthvicente\\\/?s={search_term_string}\"},\"query-input\":{\"@type\":\"PropertyValueSpecification\",\"valueRequired\":true,\"valueName\":\"search_term_string\"}}],\"inLanguage\":\"es\"}]}<\/script>\n<!-- \/ Yoast SEO Premium plugin. -->","yoast_head_json":{"title":"POES\u00cdA - Ruth Vicente","description":"Poes\u00eda del libro CONTEXTO de Ruth Vicente, la escritora nos da una muestra tras publicar un libro con la Editorial Poes\u00eda eres t\u00fa en el 2025","robots":{"index":"index","follow":"follow","max-snippet":"max-snippet:-1","max-image-preview":"max-image-preview:large","max-video-preview":"max-video-preview:-1"},"canonical":"https:\/\/nuestrosescritores.com\/ruthvicente\/poesia\/","og_locale":"es_ES","og_type":"article","og_title":"POES\u00cdA","og_description":"Poes\u00eda del libro CONTEXTO de Ruth Vicente, la escritora nos da una muestra tras publicar un libro con la Editorial Poes\u00eda eres t\u00fa en el 2025","og_url":"https:\/\/nuestrosescritores.com\/ruthvicente\/poesia\/","og_site_name":"Ruth Vicente","article_modified_time":"2025-05-16T16:03:15+00:00","twitter_card":"summary_large_image","twitter_misc":{"Tiempo de lectura":"8 minutos"},"schema":{"@context":"https:\/\/schema.org","@graph":[{"@type":"WebPage","@id":"https:\/\/nuestrosescritores.com\/ruthvicente\/poesia\/","url":"https:\/\/nuestrosescritores.com\/ruthvicente\/poesia\/","name":"POES\u00cdA - Ruth Vicente","isPartOf":{"@id":"https:\/\/nuestrosescritores.com\/ruthvicente\/#website"},"datePublished":"2025-05-16T15:54:38+00:00","dateModified":"2025-05-16T16:03:15+00:00","description":"Poes\u00eda del libro CONTEXTO de Ruth Vicente, la escritora nos da una muestra tras publicar un libro con la Editorial Poes\u00eda eres t\u00fa en el 2025","breadcrumb":{"@id":"https:\/\/nuestrosescritores.com\/ruthvicente\/poesia\/#breadcrumb"},"inLanguage":"es","potentialAction":[{"@type":"ReadAction","target":["https:\/\/nuestrosescritores.com\/ruthvicente\/poesia\/"]}]},{"@type":"BreadcrumbList","@id":"https:\/\/nuestrosescritores.com\/ruthvicente\/poesia\/#breadcrumb","itemListElement":[{"@type":"ListItem","position":1,"name":"Portada","item":"https:\/\/nuestrosescritores.com\/ruthvicente\/"},{"@type":"ListItem","position":2,"name":"POES\u00cdA"}]},{"@type":"WebSite","@id":"https:\/\/nuestrosescritores.com\/ruthvicente\/#website","url":"https:\/\/nuestrosescritores.com\/ruthvicente\/","name":"Nuestros escritores","description":"Escritora","potentialAction":[{"@type":"SearchAction","target":{"@type":"EntryPoint","urlTemplate":"https:\/\/nuestrosescritores.com\/ruthvicente\/?s={search_term_string}"},"query-input":{"@type":"PropertyValueSpecification","valueRequired":true,"valueName":"search_term_string"}}],"inLanguage":"es"}]}},"_links":{"self":[{"href":"https:\/\/nuestrosescritores.com\/ruthvicente\/wp-json\/wp\/v2\/pages\/141","targetHints":{"allow":["GET"]}}],"collection":[{"href":"https:\/\/nuestrosescritores.com\/ruthvicente\/wp-json\/wp\/v2\/pages"}],"about":[{"href":"https:\/\/nuestrosescritores.com\/ruthvicente\/wp-json\/wp\/v2\/types\/page"}],"author":[{"embeddable":true,"href":"https:\/\/nuestrosescritores.com\/ruthvicente\/wp-json\/wp\/v2\/users\/1"}],"replies":[{"embeddable":true,"href":"https:\/\/nuestrosescritores.com\/ruthvicente\/wp-json\/wp\/v2\/comments?post=141"}],"version-history":[{"count":0,"href":"https:\/\/nuestrosescritores.com\/ruthvicente\/wp-json\/wp\/v2\/pages\/141\/revisions"}],"wp:attachment":[{"href":"https:\/\/nuestrosescritores.com\/ruthvicente\/wp-json\/wp\/v2\/media?parent=141"}],"curies":[{"name":"wp","href":"https:\/\/api.w.org\/{rel}","templated":true}]}}