{"id":102,"date":"2020-12-06T18:34:16","date_gmt":"2020-12-06T18:34:16","guid":{"rendered":"https:\/\/nuestrosescritores.com\/rosamartinezmoratalla\/?page_id=102"},"modified":"2020-12-06T19:24:31","modified_gmt":"2020-12-06T19:24:31","slug":"poesia","status":"publish","type":"page","link":"https:\/\/nuestrosescritores.com\/rosamartinezmoratalla\/poesia\/","title":{"rendered":"Poes\u00eda"},"content":{"rendered":"<div class=\"wpb-content-wrapper\">[vc_row full_width=&#8221;stretch_row_content_no_spaces&#8221;][vc_column extend=&#8221;false&#8221;]<div class='gambit_parallax_row' data-bg-align='' data-direction='fixed' data-opacity='100' data-velocity='-0.3' data-mobile-enabled='' data-bg-height='2560' data-bg-width='2048' data-bg-image='https:\/\/nuestrosescritores.com\/rosamartinezmoratalla\/wp-content\/uploads\/sites\/67\/2020\/12\/l1i0l17qumo-scaled.jpg' data-bg-repeat='false' data-id='' style='display: none'><\/div><div class=\"gambit_fullheight_row\" data-content-location=\"center\" style=\"display: none\"><\/div>[\/vc_column][\/vc_row][vc_row][vc_column extend=&#8221;false&#8221;][vc_column_text]\n<h1>&nbsp;<\/h1>\n<h1><a name=\"_Toc56681361\"><\/a><strong>YO, SOLO YO<\/strong><\/h1>\n<p>&nbsp;<\/p>\n<p>Yo, solo yo&#8230; con ganas de descubrir el mundo que me esperaba fuera, lleno de infinitas cosas, que ni el nombre de la palabra \u201ccosa\u201d sabr\u00eda describir por mi propia voz&#8230; Todo aquello que me rodeaba eran descubrimientos para una ni\u00f1a que acababa de abrir los ojos, una ni\u00f1a que solo sab\u00eda balbucear y sonre\u00edr ante tanta luz que hab\u00eda fuera, de lo distinto y diferente a lo que era antes, donde solo hab\u00eda oscuridad en una peque\u00f1a burbuja. Gustosa para ella y protectora del calor humano de una madre, ante su coraz\u00f3n que le acompa\u00f1aba muy cerca&#8230; latido tras latido, silencio tras silencio.<\/p>\n<p><strong>&nbsp;<\/strong><\/p>\n<p>Mi ser, mi yo, no sab\u00eda todav\u00eda lo que realmente era todo eso, pero habr\u00eda que descubrirlo y explorarlo. Descubrir y explorar todo eso con mis propias manos, a esto que llamamos \u201cvida\u201d.<\/p>\n<p>&nbsp;<\/p>\n<p>Nac\u00ed el d\u00eda 14 de mayo del a\u00f1o 1987 en el Hospital General de Albacete, un jueves al medio d\u00eda. All\u00ed estaba mi madre, una mujer hermosa, fuerte y luchadora, donde contracci\u00f3n tras contracci\u00f3n sumaban aquellos kil\u00f3metros que hab\u00eda del pueblo conquense a la ciudad para dar a luz a su primera hija.<\/p>\n<p>&nbsp;<\/p>\n<p>Empuj\u00f3n tras empuj\u00f3n, sal\u00ed con fuerza y rabia para comerme el mundo, o simplemente con ganas de empezar y descubrir por qu\u00e9 estoy aqu\u00ed.<\/p>\n<p>&nbsp;<\/p>\n<p>Rosa era mi nombre. Enseguida levantaba la cabeza cuando alguien me llamaba. Mis hoyuelos hund\u00edan mis mejillas al escuchar el eco de una suave voz que me prestara la m\u00e1s m\u00ednima atenci\u00f3n. Qu\u00e9 bonito pensar que algo tan peque\u00f1o e inofensivo que acaba de venir al mundo sonre\u00eda cada vez que me ofrec\u00edan una pizca de cari\u00f1o y amor.<\/p>\n<p>&nbsp;<\/p>\n<p>&nbsp;<\/p>\n<p>Atenta, risue\u00f1a y muy observadora, mi dulce rostro y mi mirada intuitiva eran el espejo del alma, un alma pura e incapaz de revelar lo que suced\u00eda a mi alrededor.<\/p>\n<p>&nbsp;<\/p>\n<p>&nbsp;<\/p>\n<p>&nbsp;<\/p>\n<p>&nbsp;<\/p>\n<p>&nbsp;<\/p>\n<p>&nbsp;<\/p>\n<span class='bctt-click-to-tweet'><span class='bctt-ctt-text'><a href='https:\/\/x.com\/intent\/tweet?url=https%3A%2F%2Fnuestrosescritores.com%2Frosamartinezmoratalla%2Fpoesia%2F&#038;text=YO%2C%20SOLO%20YO%20del%20libro%20PALABRAS%20QUE%20MIS%20LATIDOS%20CUENTAN.%20Y%20para%20colmo%20sin%20avisar%20de%20ROSA%20MART%C3%8DNEZ%20MORATALLA&#038;via=poesiaerestu&#038;related=poesiaerestu' target='_blank'rel=\"noopener noreferrer\">YO, SOLO YO del libro PALABRAS QUE MIS LATIDOS CUENTAN. Y para colmo sin avisar de ROSA MART\u00cdNEZ MORATALLA <\/a><\/span><a href='https:\/\/x.com\/intent\/tweet?url=https%3A%2F%2Fnuestrosescritores.com%2Frosamartinezmoratalla%2Fpoesia%2F&#038;text=YO%2C%20SOLO%20YO%20del%20libro%20PALABRAS%20QUE%20MIS%20LATIDOS%20CUENTAN.%20Y%20para%20colmo%20sin%20avisar%20de%20ROSA%20MART%C3%8DNEZ%20MORATALLA&#038;via=poesiaerestu&#038;related=poesiaerestu' target='_blank' class='bctt-ctt-btn'rel=\"noopener noreferrer\">Compartir en X<\/a><\/span>[\/vc_column_text][\/vc_column][\/vc_row][vc_row full_width=&#8221;stretch_row_content_no_spaces&#8221;][vc_column extend=&#8221;false&#8221;]<div class='gambit_parallax_row' data-bg-align='' data-direction='fixed' data-opacity='100' data-velocity='-0.3' data-mobile-enabled='' data-bg-height='2560' data-bg-width='1711' data-bg-image='https:\/\/nuestrosescritores.com\/rosamartinezmoratalla\/wp-content\/uploads\/sites\/67\/2020\/12\/ilprarnlpve-scaled.jpg' data-bg-repeat='false' data-id='' style='display: none'><\/div><div class=\"gambit_fullheight_row\" data-content-location=\"center\" style=\"display: none\"><\/div>[\/vc_column][\/vc_row][vc_row][vc_column extend=&#8221;false&#8221;][vc_column_text]\n<h1><a name=\"_Toc56681370\"><\/a><strong>AROMA<\/strong><\/h1>\n<p>&nbsp;<\/p>\n<p>El olor de las cosas me lleva al pasado en un abrir y cerrar de ojos. Los olores me transportan a lo que hice en ese momento, en qu\u00e9 lugar estaba y c\u00f3mo mi postura corporal se acomodaba en ese mismo instante.<\/p>\n<p>&nbsp;<\/p>\n<p>Inspiro y mis sentimientos activan mi cerebro al pasado, que hace que reviva infinitas emociones\u2026<\/p>\n<p>&nbsp;<\/p>\n<p>El olor a le\u00f1a me lleva al patio de mis abuelos maternos; el olor a pintura me transporta a las habitaciones que mi padre pintaba, limpio, meticuloso y muy manitas. Me encantaba observarlo c\u00f3mo utilizaba de manera tan sutil la brocha para pintar la escayola, dejaba todo tan limpio y pulcro, que en ese momento me gustaba contemplar su jornal entero en esas cuatro paredes.<\/p>\n<p>&nbsp;<\/p>\n<p>Respiro, y el olor tan particular de una pastilla de jab\u00f3n me envuelve de nuevo al pasado, como si estuviera en casa de mi abuela paterna; al igual que aquel gel oscuro cuando lo vuelco en mis manos y empiezo a frotar mi piel, sumergi\u00e9ndome en la casa de mis t\u00edos paternos en un abrir y cerrar de ojos; sin olvidar el olor del suavizante de ropa limpia, donde viajo a la costa alicantina de mi t\u00eda materna, donde veraneaba a\u00f1o tras a\u00f1o en aquellos a\u00f1os 90.<\/p>\n<p>&nbsp;<\/p>\n<p>Hay olores que actualmente siguen marcando mi vida, sobre algo que tuve o lo que en ese mismo momento fui. Sensaciones que te hacen perder los estribos, como un jinete cabalgando en su caballo, disfrutando solo de lo divertido que hab\u00eda sido el ruedo. Y yo, respirar\u00e9 para perder los estribos de ambos pies cuando aquel aroma acorrale mi cuello.<\/p>\n<p><em>&nbsp;<\/em><\/p>\n<p><em>&nbsp;<\/em><\/p>\n<p><em>&nbsp;<\/em><\/p>\n<p><em>El aroma dice m\u00e1s que mis ojos.<\/em><\/p>\n<p><em>&nbsp;<\/em><\/p>\n<p><em>Y mis ojos brillan al respiro,<\/em><\/p>\n<p><em>&nbsp;<\/em><\/p>\n<p><em>de un dulce aroma.<\/em><\/p>\n<p>&nbsp;<\/p>\n<span class='bctt-click-to-tweet'><span class='bctt-ctt-text'><a href='https:\/\/x.com\/intent\/tweet?url=https%3A%2F%2Fnuestrosescritores.com%2Frosamartinezmoratalla%2Fpoesia%2F&#038;text=AROMA%C2%A0del%20libro%20PALABRAS%20QUE%20MIS%20LATIDOS%20CUENTAN.%20Y%20para%20colmo%20sin%20avisar%20de%20ROSA%20MART%C3%8DNEZ%20MORATALLA&#038;via=poesiaerestu&#038;related=poesiaerestu' target='_blank'rel=\"noopener noreferrer\">AROMA&nbsp;del libro PALABRAS QUE MIS LATIDOS CUENTAN. Y para colmo sin avisar de ROSA MART\u00cdNEZ MORATALLA <\/a><\/span><a href='https:\/\/x.com\/intent\/tweet?url=https%3A%2F%2Fnuestrosescritores.com%2Frosamartinezmoratalla%2Fpoesia%2F&#038;text=AROMA%C2%A0del%20libro%20PALABRAS%20QUE%20MIS%20LATIDOS%20CUENTAN.%20Y%20para%20colmo%20sin%20avisar%20de%20ROSA%20MART%C3%8DNEZ%20MORATALLA&#038;via=poesiaerestu&#038;related=poesiaerestu' target='_blank' class='bctt-ctt-btn'rel=\"noopener noreferrer\">Compartir en X<\/a><\/span>\n<p>&nbsp;<\/p>\n<p>&nbsp;[\/vc_column_text][\/vc_column][\/vc_row][vc_row][vc_column extend=&#8221;false&#8221;]<div class='gambit_parallax_row' data-bg-align='' data-direction='fixed' data-opacity='100' data-velocity='-0.3' data-mobile-enabled='' data-bg-height='1829' data-bg-width='2560' data-bg-image='https:\/\/nuestrosescritores.com\/rosamartinezmoratalla\/wp-content\/uploads\/sites\/67\/2020\/12\/uf2jjngyp4a-scaled.jpg' data-bg-repeat='false' data-id='' style='display: none'><\/div><div class=\"gambit_fullheight_row\" data-content-location=\"center\" style=\"display: none\"><\/div>[\/vc_column][\/vc_row][vc_row][vc_column extend=&#8221;false&#8221;][vc_column_text]\n<h1><a name=\"_Toc41386273\"><\/a><a name=\"_Toc56681378\"><\/a><strong>Y PARA COLMO SIN AVISAR<\/strong><\/h1>\n<p>&nbsp;<\/p>\n<p>Un d\u00eda para otro todo cambi\u00f3, me arrancaron de mi h\u00e1bitat y para colmo sin avisar.<\/p>\n<p>&nbsp;<\/p>\n<p>Me arrebataron de mi hogar, desgarrando el llanto de mi querida abuela e ignorando que cuando te marchas de alg\u00fan lugar, tienes que despedirte siempre y aquello que me ense\u00f1aron nunca lo pude aplicar. Desde ese instante todo en m\u00ed se volvi\u00f3 peque\u00f1o, oscuro y desconocido.<\/p>\n<p>&nbsp;<\/p>\n<p>Nunca he podido atravesar aquel episodio, parec\u00eda como si me hubiera quedado enganchada en un cepo del que nunca pude salir. Ese dispositivo hizo que se paralizaran mis sentidos, mi cuerpo e incluso mi voz, dejando una herida abierta en lo m\u00e1s profundo de mi coraz\u00f3n.<\/p>\n<p>&nbsp;<\/p>\n<p>&nbsp;<\/p>\n<p>&nbsp;<\/p>\n<p><em>Ah\u00ed estaba mi sonrisa,<\/em><\/p>\n<p><em>cubriendo hasta mi piel m\u00e1s seca,<\/em><\/p>\n<p><em>embalsando de nuevo la herida,<\/em><\/p>\n<p><em>que en aquel entonces dej\u00e9 abierta.<\/em><\/p>\n<p><em>&nbsp;<\/em><\/p>\n<p><em>La tinta escupe por mi boca,<\/em><\/p>\n<p><em>escribiendo a chorros las esquinas,<\/em><\/p>\n<p><em>fraseo mis palabras con derrota,<\/em><\/p>\n<p><em>la pluma es mi \u00fanica medicina.<\/em><\/p>\n<p>&nbsp;<\/p>\n<p>&nbsp;<\/p>\n<p>&nbsp;<\/p>\n<span class='bctt-click-to-tweet'><span class='bctt-ctt-text'><a href='https:\/\/x.com\/intent\/tweet?url=https%3A%2F%2Fnuestrosescritores.com%2Frosamartinezmoratalla%2Fpoesia%2F&#038;text=Y%20PARA%20COLMO%20SIN%20AVISAR%C2%A0del%20libro%20PALABRAS%20QUE%20MIS%20LATIDOS%20CUENTAN.%20Y%20para%20colmo%20sin%20avisar%20de%20ROSA%20MART%C3%8DNEZ%20MORATALLA&#038;via=poesiaerestu&#038;related=poesiaerestu' target='_blank'rel=\"noopener noreferrer\">Y PARA COLMO SIN AVISAR&nbsp;del libro PALABRAS QUE MIS LATIDOS CUENTAN. Y para colmo sin avisar de ROSA MART\u00cdNEZ MORATALLA <\/a><\/span><a href='https:\/\/x.com\/intent\/tweet?url=https%3A%2F%2Fnuestrosescritores.com%2Frosamartinezmoratalla%2Fpoesia%2F&#038;text=Y%20PARA%20COLMO%20SIN%20AVISAR%C2%A0del%20libro%20PALABRAS%20QUE%20MIS%20LATIDOS%20CUENTAN.%20Y%20para%20colmo%20sin%20avisar%20de%20ROSA%20MART%C3%8DNEZ%20MORATALLA&#038;via=poesiaerestu&#038;related=poesiaerestu' target='_blank' class='bctt-ctt-btn'rel=\"noopener noreferrer\">Compartir en X<\/a><\/span>[\/vc_column_text][\/vc_column][\/vc_row][vc_row][vc_column extend=&#8221;false&#8221;]<div class='gambit_parallax_row' data-bg-align='' data-direction='fixed' data-opacity='100' data-velocity='-0.3' data-mobile-enabled='' data-bg-height='2560' data-bg-width='1920' data-bg-image='https:\/\/nuestrosescritores.com\/rosamartinezmoratalla\/wp-content\/uploads\/sites\/67\/2020\/12\/do0aeahrjms-scaled.jpg' data-bg-repeat='false' data-id='' style='display: none'><\/div><div class=\"gambit_fullheight_row\" data-content-location=\"center\" style=\"display: none\"><\/div>[\/vc_column][\/vc_row][vc_row][vc_column extend=&#8221;false&#8221;][vc_column_text]\n<h1><a name=\"_Toc56681388\"><\/a><strong>MI PRIMERA SENSACI\u00d3N DE SOLEDAD<\/strong><\/h1>\n<p>&nbsp;<\/p>\n<p>Miedo a alejarme de mis amigos, o a temer que me olvidaran. Estaba en una etapa de cambios, donde mi ni\u00f1ez segu\u00eda en mis planes y mi adolescencia brotaba de un protagonismo m\u00e1s seguro, pero una desgracia emocional abasteci\u00f3 mi confianza quit\u00e1ndome lo m\u00e1s querido, mi abuela, mi entorno, mis amigos y todas mis seguridades como un p\u00e1jaro en pleno vuelo.<\/p>\n<p>&nbsp;<\/p>\n<p>Mi soledad cay\u00f3 en un pozo sin fondo. Y en un soplo sent\u00ed aquello que llamaban soledad. \u00bfY sabes cu\u00e1ndo lo sent\u00ed? <em>Cuando vi que mi propia sombra no estaba conmigo<\/em>.<\/p>\n<p>&nbsp;<\/p>\n<p>No quer\u00eda vivir en una casa con gente desconocida, no quer\u00eda conocer a nadie en otro colegio, quer\u00eda desaparecer por momentos, incluso odiaba escuchar mi propia voz. Porque una cosa era separarme de mi hogar y mi dominio, pero otra cosa era que a mi hermana y a m\u00ed nos separaran, poni\u00e9ndonos en colegios distintos.<\/p>\n<p>&nbsp;<\/p>\n<p>&nbsp;<\/p>\n<p>&nbsp;<\/p>\n<p>&nbsp;<\/p>\n<p>&nbsp;<\/p>\n<p><em>Sent\u00ed en ese momento como si me dispararan<\/em><\/p>\n<p><em>con un revolver directo al coraz\u00f3n,<\/em><\/p>\n<p><em>que me hizo llorar nada m\u00e1s escuchar el gatillo.<\/em><\/p>\n<p>&nbsp;<\/p>\n<span class='bctt-click-to-tweet'><span class='bctt-ctt-text'><a href='https:\/\/x.com\/intent\/tweet?url=https%3A%2F%2Fnuestrosescritores.com%2Frosamartinezmoratalla%2Fpoesia%2F&#038;text=MI%20PRIMERA%20SENSACI%C3%93N%20DE%20SOLEDAD%20del%20libro%20PALABRAS%20QUE%20MIS%20LATIDOS%20CUENTAN.%20Y%20para%20colmo%20sin%20avisar%20de%20ROSA%20MART%C3%8DNEZ%20MORATALLA&#038;via=poesiaerestu&#038;related=poesiaerestu' target='_blank'rel=\"noopener noreferrer\">MI PRIMERA SENSACI\u00d3N DE SOLEDAD del libro PALABRAS QUE MIS LATIDOS CUENTAN. Y para colmo sin avisar de ROSA MART\u00cdNEZ MORATALLA <\/a><\/span><a href='https:\/\/x.com\/intent\/tweet?url=https%3A%2F%2Fnuestrosescritores.com%2Frosamartinezmoratalla%2Fpoesia%2F&#038;text=MI%20PRIMERA%20SENSACI%C3%93N%20DE%20SOLEDAD%20del%20libro%20PALABRAS%20QUE%20MIS%20LATIDOS%20CUENTAN.%20Y%20para%20colmo%20sin%20avisar%20de%20ROSA%20MART%C3%8DNEZ%20MORATALLA&#038;via=poesiaerestu&#038;related=poesiaerestu' target='_blank' class='bctt-ctt-btn'rel=\"noopener noreferrer\">Compartir en X<\/a><\/span>[\/vc_column_text][\/vc_column][\/vc_row][vc_row][vc_column extend=&#8221;false&#8221;]<div class='gambit_parallax_row' data-bg-align='' data-direction='fixed' data-opacity='100' data-velocity='-0.3' data-mobile-enabled='' data-bg-height='538' data-bg-width='1366' data-bg-image='https:\/\/nuestrosescritores.com\/rosamartinezmoratalla\/wp-content\/uploads\/sites\/67\/2020\/12\/Rosa-016_editor_SSquare_Alargado-Medium.jpg' data-bg-repeat='false' data-id='' style='display: none'><\/div><div class=\"gambit_fullheight_row\" data-content-location=\"center\" style=\"display: none\"><\/div>[vc_column_text]\n<p style=\"text-align: center;\"><a class=\"fasc-button fasc-size-xlarge fasc-type-glossy fasc-rounded-medium\" style=\"background-color: #33809e; color: #ffffff;\" href=\"https:\/\/librodepoesia.com\/producto\/palabras-que-mis-latidos-cuentan-y-para-colmo-sin-avisar-rosa-martinez-moratalla\/\">Comprar el libro<\/a><\/p>\n[\/vc_column_text][\/vc_column][\/vc_row]\n<\/div>","protected":false},"excerpt":{"rendered":"<p>[vc_row full_width=&#8221;stretch_row_content_no_spaces&#8221;][vc_column extend=&#8221;false&#8221;][\/vc_column][\/vc_row][vc_row][vc_column extend=&#8221;false&#8221;][vc_column_text] &nbsp; YO, SOLO YO &nbsp; Yo, solo yo&#8230; con ganas de descubrir el mundo que me esperaba fuera, lleno de infinitas cosas, que ni el nombre de la palabra \u201ccosa\u201d sabr\u00eda describir por mi propia voz&#8230; Todo aquello que me rodeaba eran descubrimientos para una ni\u00f1a que acababa de abrir los [&hellip;]<\/p>\n","protected":false},"author":1,"featured_media":0,"parent":0,"menu_order":0,"comment_status":"closed","ping_status":"closed","template":"","meta":{"_acf_changed":false,"footnotes":""},"class_list":["post-102","page","type-page","status-publish","hentry"],"acf":[],"yoast_head":"<!-- This site is optimized with the Yoast SEO Premium plugin v24.7 (Yoast SEO v27.5) - https:\/\/yoast.com\/product\/yoast-seo-premium-wordpress\/ -->\n<title>Poes\u00eda - Rosa Mart\u00ednez Moratalla<\/title>\n<meta name=\"robots\" content=\"index, follow, max-snippet:-1, max-image-preview:large, max-video-preview:-1\" \/>\n<link rel=\"canonical\" href=\"https:\/\/nuestrosescritores.com\/rosamartinezmoratalla\/poesia\/\" \/>\n<meta property=\"og:locale\" content=\"es_ES\" \/>\n<meta property=\"og:type\" content=\"article\" \/>\n<meta property=\"og:title\" content=\"Poes\u00eda\" \/>\n<meta property=\"og:description\" content=\"[vc_row full_width=&#8221;stretch_row_content_no_spaces&#8221;][vc_column extend=&#8221;false&#8221;][\/vc_column][\/vc_row][vc_row][vc_column extend=&#8221;false&#8221;][vc_column_text] &nbsp; YO, SOLO YO &nbsp; Yo, solo yo&#8230; con ganas de descubrir el mundo que me esperaba fuera, lleno de infinitas cosas, que ni el nombre de la palabra \u201ccosa\u201d sabr\u00eda describir por mi propia voz&#8230; Todo aquello que me rodeaba eran descubrimientos para una ni\u00f1a que acababa de abrir los [&hellip;]\" \/>\n<meta property=\"og:url\" content=\"https:\/\/nuestrosescritores.com\/rosamartinezmoratalla\/poesia\/\" \/>\n<meta property=\"og:site_name\" content=\"Rosa Mart\u00ednez Moratalla\" \/>\n<meta property=\"article:modified_time\" content=\"2020-12-06T19:24:31+00:00\" \/>\n<meta name=\"twitter:card\" content=\"summary_large_image\" \/>\n<meta name=\"twitter:label1\" content=\"Tiempo de lectura\" \/>\n\t<meta name=\"twitter:data1\" content=\"7 minutos\" \/>\n<script type=\"application\/ld+json\" class=\"yoast-schema-graph\">{\"@context\":\"https:\\\/\\\/schema.org\",\"@graph\":[{\"@type\":\"WebPage\",\"@id\":\"https:\\\/\\\/nuestrosescritores.com\\\/rosamartinezmoratalla\\\/poesia\\\/\",\"url\":\"https:\\\/\\\/nuestrosescritores.com\\\/rosamartinezmoratalla\\\/poesia\\\/\",\"name\":\"Poes\u00eda - Rosa Mart\u00ednez Moratalla\",\"isPartOf\":{\"@id\":\"https:\\\/\\\/nuestrosescritores.com\\\/rosamartinezmoratalla\\\/#website\"},\"datePublished\":\"2020-12-06T18:34:16+00:00\",\"dateModified\":\"2020-12-06T19:24:31+00:00\",\"breadcrumb\":{\"@id\":\"https:\\\/\\\/nuestrosescritores.com\\\/rosamartinezmoratalla\\\/poesia\\\/#breadcrumb\"},\"inLanguage\":\"es\",\"potentialAction\":[{\"@type\":\"ReadAction\",\"target\":[\"https:\\\/\\\/nuestrosescritores.com\\\/rosamartinezmoratalla\\\/poesia\\\/\"]}]},{\"@type\":\"BreadcrumbList\",\"@id\":\"https:\\\/\\\/nuestrosescritores.com\\\/rosamartinezmoratalla\\\/poesia\\\/#breadcrumb\",\"itemListElement\":[{\"@type\":\"ListItem\",\"position\":1,\"name\":\"Portada\",\"item\":\"https:\\\/\\\/nuestrosescritores.com\\\/rosamartinezmoratalla\\\/\"},{\"@type\":\"ListItem\",\"position\":2,\"name\":\"Poes\u00eda\"}]},{\"@type\":\"WebSite\",\"@id\":\"https:\\\/\\\/nuestrosescritores.com\\\/rosamartinezmoratalla\\\/#website\",\"url\":\"https:\\\/\\\/nuestrosescritores.com\\\/rosamartinezmoratalla\\\/\",\"name\":\"Nuestros escritores\",\"description\":\"Escritora\",\"potentialAction\":[{\"@type\":\"SearchAction\",\"target\":{\"@type\":\"EntryPoint\",\"urlTemplate\":\"https:\\\/\\\/nuestrosescritores.com\\\/rosamartinezmoratalla\\\/?s={search_term_string}\"},\"query-input\":{\"@type\":\"PropertyValueSpecification\",\"valueRequired\":true,\"valueName\":\"search_term_string\"}}],\"inLanguage\":\"es\"}]}<\/script>\n<!-- \/ Yoast SEO Premium plugin. -->","yoast_head_json":{"title":"Poes\u00eda - Rosa Mart\u00ednez Moratalla","robots":{"index":"index","follow":"follow","max-snippet":"max-snippet:-1","max-image-preview":"max-image-preview:large","max-video-preview":"max-video-preview:-1"},"canonical":"https:\/\/nuestrosescritores.com\/rosamartinezmoratalla\/poesia\/","og_locale":"es_ES","og_type":"article","og_title":"Poes\u00eda","og_description":"[vc_row full_width=&#8221;stretch_row_content_no_spaces&#8221;][vc_column extend=&#8221;false&#8221;][\/vc_column][\/vc_row][vc_row][vc_column extend=&#8221;false&#8221;][vc_column_text] &nbsp; YO, SOLO YO &nbsp; Yo, solo yo&#8230; con ganas de descubrir el mundo que me esperaba fuera, lleno de infinitas cosas, que ni el nombre de la palabra \u201ccosa\u201d sabr\u00eda describir por mi propia voz&#8230; Todo aquello que me rodeaba eran descubrimientos para una ni\u00f1a que acababa de abrir los [&hellip;]","og_url":"https:\/\/nuestrosescritores.com\/rosamartinezmoratalla\/poesia\/","og_site_name":"Rosa Mart\u00ednez Moratalla","article_modified_time":"2020-12-06T19:24:31+00:00","twitter_card":"summary_large_image","twitter_misc":{"Tiempo de lectura":"7 minutos"},"schema":{"@context":"https:\/\/schema.org","@graph":[{"@type":"WebPage","@id":"https:\/\/nuestrosescritores.com\/rosamartinezmoratalla\/poesia\/","url":"https:\/\/nuestrosescritores.com\/rosamartinezmoratalla\/poesia\/","name":"Poes\u00eda - Rosa Mart\u00ednez Moratalla","isPartOf":{"@id":"https:\/\/nuestrosescritores.com\/rosamartinezmoratalla\/#website"},"datePublished":"2020-12-06T18:34:16+00:00","dateModified":"2020-12-06T19:24:31+00:00","breadcrumb":{"@id":"https:\/\/nuestrosescritores.com\/rosamartinezmoratalla\/poesia\/#breadcrumb"},"inLanguage":"es","potentialAction":[{"@type":"ReadAction","target":["https:\/\/nuestrosescritores.com\/rosamartinezmoratalla\/poesia\/"]}]},{"@type":"BreadcrumbList","@id":"https:\/\/nuestrosescritores.com\/rosamartinezmoratalla\/poesia\/#breadcrumb","itemListElement":[{"@type":"ListItem","position":1,"name":"Portada","item":"https:\/\/nuestrosescritores.com\/rosamartinezmoratalla\/"},{"@type":"ListItem","position":2,"name":"Poes\u00eda"}]},{"@type":"WebSite","@id":"https:\/\/nuestrosescritores.com\/rosamartinezmoratalla\/#website","url":"https:\/\/nuestrosescritores.com\/rosamartinezmoratalla\/","name":"Nuestros escritores","description":"Escritora","potentialAction":[{"@type":"SearchAction","target":{"@type":"EntryPoint","urlTemplate":"https:\/\/nuestrosescritores.com\/rosamartinezmoratalla\/?s={search_term_string}"},"query-input":{"@type":"PropertyValueSpecification","valueRequired":true,"valueName":"search_term_string"}}],"inLanguage":"es"}]}},"_links":{"self":[{"href":"https:\/\/nuestrosescritores.com\/rosamartinezmoratalla\/wp-json\/wp\/v2\/pages\/102","targetHints":{"allow":["GET"]}}],"collection":[{"href":"https:\/\/nuestrosescritores.com\/rosamartinezmoratalla\/wp-json\/wp\/v2\/pages"}],"about":[{"href":"https:\/\/nuestrosescritores.com\/rosamartinezmoratalla\/wp-json\/wp\/v2\/types\/page"}],"author":[{"embeddable":true,"href":"https:\/\/nuestrosescritores.com\/rosamartinezmoratalla\/wp-json\/wp\/v2\/users\/1"}],"replies":[{"embeddable":true,"href":"https:\/\/nuestrosescritores.com\/rosamartinezmoratalla\/wp-json\/wp\/v2\/comments?post=102"}],"version-history":[{"count":0,"href":"https:\/\/nuestrosescritores.com\/rosamartinezmoratalla\/wp-json\/wp\/v2\/pages\/102\/revisions"}],"wp:attachment":[{"href":"https:\/\/nuestrosescritores.com\/rosamartinezmoratalla\/wp-json\/wp\/v2\/media?parent=102"}],"curies":[{"name":"wp","href":"https:\/\/api.w.org\/{rel}","templated":true}]}}