{"id":87,"date":"2021-04-11T11:28:02","date_gmt":"2021-04-11T11:28:02","guid":{"rendered":"https:\/\/nuestrosescritores.com\/robertoalmadosrey\/?page_id=87"},"modified":"2021-04-11T11:43:16","modified_gmt":"2021-04-11T11:43:16","slug":"poesia","status":"publish","type":"page","link":"https:\/\/nuestrosescritores.com\/robertoalmadosrey\/poesia\/","title":{"rendered":"Poes\u00eda"},"content":{"rendered":"<div class=\"wpb-content-wrapper\">[vc_row full_width=&#8221;stretch_row_content_no_spaces&#8221;][vc_column extend=&#8221;false&#8221;]<div class='gambit_parallax_row' data-bg-align='' data-direction='fixed' data-opacity='100' data-velocity='-0.3' data-mobile-enabled='' data-bg-height='899' data-bg-width='1600' data-bg-image='https:\/\/nuestrosescritores.com\/robertoalmadosrey\/wp-content\/uploads\/sites\/82\/2021\/04\/ssimozsdoey.jpg' data-bg-repeat='false' data-id='' style='display: none'><\/div><div class=\"gambit_fullheight_row\" data-content-location=\"center\" style=\"display: none\"><\/div>[\/vc_column][\/vc_row][vc_row][vc_column extend=&#8221;false&#8221;][vc_column_text]\n<h1><a name=\"_Toc65519408\"><\/a><\/h1>\n<p><a name=\"_Toc67933162\"><\/a>Est\u00e1s limpio,<\/p>\n<p>impoluto,<\/p>\n<p>&nbsp;<\/p>\n<p>eres un reto,<\/p>\n<p>en blanco,<\/p>\n<p>&nbsp;<\/p>\n<p>sin nada,<\/p>\n<p>rellenarte es<\/p>\n<p>mi misi\u00f3n,<\/p>\n<p>&nbsp;<\/p>\n<p>d\u00e1ndote forma,<\/p>\n<p>d\u00e1ndote una<\/p>\n<p>funci\u00f3n,<\/p>\n<p>&nbsp;<\/p>\n<p>contando algo,<\/p>\n<p>bueno o no,<\/p>\n<p>&nbsp;<\/p>\n<p>pero con mi<\/p>\n<p>&nbsp;<\/p>\n<p>&nbsp;<\/p>\n<p>&nbsp;<\/p>\n<span class='bctt-click-to-tweet'><span class='bctt-ctt-text'><a href='https:\/\/x.com\/intent\/tweet?url=https%3A%2F%2Fnuestrosescritores.com%2Frobertoalmadosrey%2Fpoesia%2F&#038;text=Est%C3%A1s%20limpio%20del%20libro%20POEMAS%20DE%20UNA%20VIDA%20de%20ROBERTO%20ALMAND%C3%93S%20REY&#038;via=poesiaerestu&#038;related=poesiaerestu' target='_blank'rel=\"noopener noreferrer\">Est\u00e1s limpio del libro POEMAS DE UNA VIDA de ROBERTO ALMAND\u00d3S REY <\/a><\/span><a href='https:\/\/x.com\/intent\/tweet?url=https%3A%2F%2Fnuestrosescritores.com%2Frobertoalmadosrey%2Fpoesia%2F&#038;text=Est%C3%A1s%20limpio%20del%20libro%20POEMAS%20DE%20UNA%20VIDA%20de%20ROBERTO%20ALMAND%C3%93S%20REY&#038;via=poesiaerestu&#038;related=poesiaerestu' target='_blank' class='bctt-ctt-btn'rel=\"noopener noreferrer\">Compartir en X<\/a><\/span>[\/vc_column_text][\/vc_column][\/vc_row][vc_row full_width=&#8221;stretch_row_content_no_spaces&#8221;][vc_column extend=&#8221;false&#8221;]<div class='gambit_parallax_row' data-bg-align='' data-direction='fixed' data-opacity='100' data-velocity='-0.3' data-mobile-enabled='' data-bg-height='1200' data-bg-width='960' data-bg-image='https:\/\/nuestrosescritores.com\/robertoalmadosrey\/wp-content\/uploads\/sites\/82\/2021\/04\/wxg-qku5dgk.jpg' data-bg-repeat='false' data-id='' style='display: none'><\/div><div class=\"gambit_fullheight_row\" data-content-location=\"center\" style=\"display: none\"><\/div>[\/vc_column][\/vc_row][vc_row][vc_column extend=&#8221;false&#8221;][vc_column_text]Aquellas noches<br \/>\nque terminaban,<br \/>\ncuando el sol<br \/>\nte dec\u00eda que<br \/>\nera hora de<br \/>\nacostarse,<\/p>\n<p>aquellos d\u00edas<br \/>\nde parque,<br \/>\nhablando,<br \/>\nfumando,<br \/>\nbebiendo,<\/p>\n<p>aquella m\u00fasica,<br \/>\nnueva,<br \/>\ndistinta,<br \/>\nespecial,<\/p>\n<p>aquella chica,<br \/>\nese beso,<br \/>\nla primera vez,<\/p>\n<p>&nbsp;<\/p>\n<p>aquellos a\u00f1os<br \/>\ninexpertos<\/p>\n<p>aquella juventud&#8230;<\/p>\n<p>&nbsp;<\/p>\n<span class='bctt-click-to-tweet'><span class='bctt-ctt-text'><a href='https:\/\/x.com\/intent\/tweet?url=https%3A%2F%2Fnuestrosescritores.com%2Frobertoalmadosrey%2Fpoesia%2F&#038;text=Aquellas%20noches%20del%20libro%20POEMAS%20DE%20UNA%20VIDA%20de%20ROBERTO%20ALMAND%C3%93S%20REY&#038;via=poesiaerestu&#038;related=poesiaerestu' target='_blank'rel=\"noopener noreferrer\">Aquellas noches del libro POEMAS DE UNA VIDA de ROBERTO ALMAND\u00d3S REY <\/a><\/span><a href='https:\/\/x.com\/intent\/tweet?url=https%3A%2F%2Fnuestrosescritores.com%2Frobertoalmadosrey%2Fpoesia%2F&#038;text=Aquellas%20noches%20del%20libro%20POEMAS%20DE%20UNA%20VIDA%20de%20ROBERTO%20ALMAND%C3%93S%20REY&#038;via=poesiaerestu&#038;related=poesiaerestu' target='_blank' class='bctt-ctt-btn'rel=\"noopener noreferrer\">Compartir en X<\/a><\/span>\n<p>&nbsp;<\/p>\n<p>&nbsp;[\/vc_column_text][\/vc_column][\/vc_row][vc_row][vc_column extend=&#8221;false&#8221;]<div class='gambit_parallax_row' data-bg-align='' data-direction='fixed' data-opacity='100' data-velocity='-0.3' data-mobile-enabled='' data-bg-height='1200' data-bg-width='800' data-bg-image='https:\/\/nuestrosescritores.com\/robertoalmadosrey\/wp-content\/uploads\/sites\/82\/2021\/04\/ejnpdodhrsc.jpg' data-bg-repeat='false' data-id='' style='display: none'><\/div><div class=\"gambit_fullheight_row\" data-content-location=\"center\" style=\"display: none\"><\/div>[\/vc_column][\/vc_row][vc_row][vc_column extend=&#8221;false&#8221;][vc_column_text]<a name=\"_Toc67933172\"><\/a>Ah\u00ed donde est\u00e9s,<\/p>\n<p>llegar\u00e9,<\/p>\n<p>&nbsp;<\/p>\n<p>me llevar\u00e1 una vida,<\/p>\n<p>ser\u00e1 todo un camino,<\/p>\n<p>&nbsp;<\/p>\n<p>no te podr\u00e9 evitar,<\/p>\n<p>ni enga\u00f1ar,<\/p>\n<p>&nbsp;<\/p>\n<p>llevas rond\u00e1ndome<\/p>\n<p>a lo largo de mi existencia<\/p>\n<p>en numerosas ocasiones,<\/p>\n<p>&nbsp;<\/p>\n<p>me has dejado seguir<\/p>\n<p>con mi vida var\u00edas veces,<\/p>\n<p>&nbsp;<\/p>\n<p>d\u00e1ndome un tiempo extra,<\/p>\n<p>pero,<\/p>\n<p>silenciosa, expectante,<\/p>\n<p>&nbsp;<\/p>\n<p>escondida detr\u00e1s de cada curva,<\/p>\n<p>ah\u00ed est\u00e1s.<\/p>\n<p>&nbsp;<\/p>\n<p>S\u00f3lo te pido una cosa,<\/p>\n<p>una \u00faltima partida de ajedrez.<\/p>\n<p>&nbsp;<\/p>\n<p>&nbsp;<\/p>\n<p>&nbsp;<\/p>\n<p>&nbsp;<\/p>\n<p>&nbsp;<\/p>\n<span class='bctt-click-to-tweet'><span class='bctt-ctt-text'><a href='https:\/\/x.com\/intent\/tweet?url=https%3A%2F%2Fnuestrosescritores.com%2Frobertoalmadosrey%2Fpoesia%2F&#038;text=Ah%C3%AD%20donde%20est%C3%A9s%20del%20libro%20POEMAS%20DE%20UNA%20VIDA%20de%20ROBERTO%20ALMAND%C3%93S%20REY&#038;via=poesiaerestu&#038;related=poesiaerestu' target='_blank'rel=\"noopener noreferrer\">Ah\u00ed donde est\u00e9s del libro POEMAS DE UNA VIDA de ROBERTO ALMAND\u00d3S REY <\/a><\/span><a href='https:\/\/x.com\/intent\/tweet?url=https%3A%2F%2Fnuestrosescritores.com%2Frobertoalmadosrey%2Fpoesia%2F&#038;text=Ah%C3%AD%20donde%20est%C3%A9s%20del%20libro%20POEMAS%20DE%20UNA%20VIDA%20de%20ROBERTO%20ALMAND%C3%93S%20REY&#038;via=poesiaerestu&#038;related=poesiaerestu' target='_blank' class='bctt-ctt-btn'rel=\"noopener noreferrer\">Compartir en X<\/a><\/span>[\/vc_column_text][\/vc_column][\/vc_row][vc_row][vc_column extend=&#8221;false&#8221;]<div class='gambit_parallax_row' data-bg-align='' data-direction='fixed' data-opacity='100' data-velocity='-0.3' data-mobile-enabled='' data-bg-height='1200' data-bg-width='835' data-bg-image='https:\/\/nuestrosescritores.com\/robertoalmadosrey\/wp-content\/uploads\/sites\/82\/2021\/04\/xkf58im78i8.jpg' data-bg-repeat='false' data-id='' style='display: none'><\/div><div class=\"gambit_fullheight_row\" data-content-location=\"center\" style=\"display: none\"><\/div>[\/vc_column][\/vc_row][vc_row][vc_column extend=&#8221;false&#8221;][vc_column_text]<a name=\"_Toc67933181\"><\/a>Somos extra\u00f1os,<\/p>\n<p>&nbsp;<\/p>\n<p>una parte de nosotros<\/p>\n<p>&nbsp;<\/p>\n<p>no hace lo que dice,<\/p>\n<p>&nbsp;<\/p>\n<p>otra dice lo que no hace,<\/p>\n<p>&nbsp;<\/p>\n<p>y otra, muy peque\u00f1a,<\/p>\n<p>&nbsp;<\/p>\n<p>hace lo que piensa&#8230;<\/p>\n<p>&nbsp;<\/p>\n<p>&nbsp;<\/p>\n<p><a name=\"_Toc67933191\"><\/a>Un amigo es un amigo,<\/p>\n<p>&nbsp;<\/p>\n<p>tu perro es el mejor,<\/p>\n<p>te acompa\u00f1a, te pasea,<\/p>\n<p>te anima, te consuela,<\/p>\n<p>&nbsp;<\/p>\n<p>te hace ser responsable,<\/p>\n<p>te da un mont\u00f3n de alegr\u00edas,<\/p>\n<p>&nbsp;<\/p>\n<p>tambi\u00e9n te da preocupaciones,<\/p>\n<p>pero todas son,<\/p>\n<p>recompensadas con creces.<\/p>\n<p>&nbsp;<\/p>\n<p>&nbsp;<\/p>\n<p>&nbsp;<\/p>\n<p>&nbsp;<\/p>\n<span class='bctt-click-to-tweet'><span class='bctt-ctt-text'><a href='https:\/\/x.com\/intent\/tweet?url=https%3A%2F%2Fnuestrosescritores.com%2Frobertoalmadosrey%2Fpoesia%2F&#038;text=Somos%20extra%C3%B1os%C2%A0del%20libro%20POEMAS%20DE%20UNA%20VIDA%20de%20ROBERTO%20ALMAND%C3%93S%20REY&#038;via=poesiaerestu&#038;related=poesiaerestu' target='_blank'rel=\"noopener noreferrer\">Somos extra\u00f1os&nbsp;del libro POEMAS DE UNA VIDA de ROBERTO ALMAND\u00d3S REY <\/a><\/span><a href='https:\/\/x.com\/intent\/tweet?url=https%3A%2F%2Fnuestrosescritores.com%2Frobertoalmadosrey%2Fpoesia%2F&#038;text=Somos%20extra%C3%B1os%C2%A0del%20libro%20POEMAS%20DE%20UNA%20VIDA%20de%20ROBERTO%20ALMAND%C3%93S%20REY&#038;via=poesiaerestu&#038;related=poesiaerestu' target='_blank' class='bctt-ctt-btn'rel=\"noopener noreferrer\">Compartir en X<\/a><\/span>[\/vc_column_text][\/vc_column][\/vc_row][vc_row][vc_column extend=&#8221;false&#8221;]<div class='gambit_parallax_row' data-bg-align='' data-direction='fixed' data-opacity='100' data-velocity='-0.3' data-mobile-enabled='' data-bg-height='1174' data-bg-width='2560' data-bg-image='https:\/\/nuestrosescritores.com\/robertoalmadosrey\/wp-content\/uploads\/sites\/82\/2021\/04\/RobertoAlamandos_Square_alargado-scaled.jpg' data-bg-repeat='false' data-id='' style='display: none'><\/div><div class=\"gambit_fullheight_row\" data-content-location=\"center\" style=\"display: none\"><\/div>[vc_column_text]\n<p style=\"text-align: center;\"><a class=\"fasc-button fasc-size-xlarge fasc-type-glossy fasc-rounded-medium\" style=\"background-color: #33809e; color: #ffffff;\" href=\"https:\/\/librodepoesia.com\/producto\/poemas-de-una-vida-roberto-almandos-rey\/\">Comprar el libro<\/a><\/p>\n[\/vc_column_text][\/vc_column][\/vc_row]\n<\/div>","protected":false},"excerpt":{"rendered":"<p>[vc_row full_width=&#8221;stretch_row_content_no_spaces&#8221;][vc_column extend=&#8221;false&#8221;][\/vc_column][\/vc_row][vc_row][vc_column extend=&#8221;false&#8221;][vc_column_text] Est\u00e1s limpio, impoluto, &nbsp; eres un reto, en blanco, &nbsp; sin nada, rellenarte es mi misi\u00f3n, &nbsp; d\u00e1ndote forma, d\u00e1ndote una funci\u00f3n, &nbsp; contando algo, bueno o no, &nbsp; pero con mi &nbsp; &nbsp; &nbsp; [\/vc_column_text][\/vc_column][\/vc_row][vc_row full_width=&#8221;stretch_row_content_no_spaces&#8221;][vc_column extend=&#8221;false&#8221;][\/vc_column][\/vc_row][vc_row][vc_column extend=&#8221;false&#8221;][vc_column_text]Aquellas noches que terminaban, cuando el sol te dec\u00eda que era hora de [&hellip;]<\/p>\n","protected":false},"author":1,"featured_media":0,"parent":0,"menu_order":0,"comment_status":"closed","ping_status":"closed","template":"","meta":{"_acf_changed":false,"footnotes":""},"class_list":["post-87","page","type-page","status-publish","hentry"],"acf":[],"yoast_head":"<!-- This site is optimized with the Yoast SEO Premium plugin v24.7 (Yoast SEO v27.4) - https:\/\/yoast.com\/product\/yoast-seo-premium-wordpress\/ -->\n<title>Poes\u00eda - Roberto Almand\u00f3s Rey<\/title>\n<meta name=\"robots\" content=\"index, follow, max-snippet:-1, max-image-preview:large, max-video-preview:-1\" \/>\n<link rel=\"canonical\" href=\"https:\/\/nuestrosescritores.com\/robertoalmadosrey\/poesia\/\" \/>\n<meta property=\"og:locale\" content=\"es_ES\" \/>\n<meta property=\"og:type\" content=\"article\" \/>\n<meta property=\"og:title\" content=\"Poes\u00eda\" \/>\n<meta property=\"og:description\" content=\"[vc_row full_width=&#8221;stretch_row_content_no_spaces&#8221;][vc_column extend=&#8221;false&#8221;][\/vc_column][\/vc_row][vc_row][vc_column extend=&#8221;false&#8221;][vc_column_text] Est\u00e1s limpio, impoluto, &nbsp; eres un reto, en blanco, &nbsp; sin nada, rellenarte es mi misi\u00f3n, &nbsp; d\u00e1ndote forma, d\u00e1ndote una funci\u00f3n, &nbsp; contando algo, bueno o no, &nbsp; pero con mi &nbsp; &nbsp; &nbsp; [\/vc_column_text][\/vc_column][\/vc_row][vc_row full_width=&#8221;stretch_row_content_no_spaces&#8221;][vc_column extend=&#8221;false&#8221;][\/vc_column][\/vc_row][vc_row][vc_column extend=&#8221;false&#8221;][vc_column_text]Aquellas noches que terminaban, cuando el sol te dec\u00eda que era hora de [&hellip;]\" \/>\n<meta property=\"og:url\" content=\"https:\/\/nuestrosescritores.com\/robertoalmadosrey\/poesia\/\" \/>\n<meta property=\"og:site_name\" content=\"Roberto Almand\u00f3s Rey\" \/>\n<meta property=\"article:modified_time\" content=\"2021-04-11T11:43:16+00:00\" \/>\n<meta name=\"twitter:card\" content=\"summary_large_image\" \/>\n<meta name=\"twitter:label1\" content=\"Tiempo de lectura\" \/>\n\t<meta name=\"twitter:data1\" content=\"2 minutos\" \/>\n<script type=\"application\/ld+json\" class=\"yoast-schema-graph\">{\"@context\":\"https:\\\/\\\/schema.org\",\"@graph\":[{\"@type\":\"WebPage\",\"@id\":\"https:\\\/\\\/nuestrosescritores.com\\\/robertoalmadosrey\\\/poesia\\\/\",\"url\":\"https:\\\/\\\/nuestrosescritores.com\\\/robertoalmadosrey\\\/poesia\\\/\",\"name\":\"Poes\u00eda - Roberto Almand\u00f3s Rey\",\"isPartOf\":{\"@id\":\"https:\\\/\\\/nuestrosescritores.com\\\/robertoalmadosrey\\\/#website\"},\"datePublished\":\"2021-04-11T11:28:02+00:00\",\"dateModified\":\"2021-04-11T11:43:16+00:00\",\"breadcrumb\":{\"@id\":\"https:\\\/\\\/nuestrosescritores.com\\\/robertoalmadosrey\\\/poesia\\\/#breadcrumb\"},\"inLanguage\":\"es\",\"potentialAction\":[{\"@type\":\"ReadAction\",\"target\":[\"https:\\\/\\\/nuestrosescritores.com\\\/robertoalmadosrey\\\/poesia\\\/\"]}]},{\"@type\":\"BreadcrumbList\",\"@id\":\"https:\\\/\\\/nuestrosescritores.com\\\/robertoalmadosrey\\\/poesia\\\/#breadcrumb\",\"itemListElement\":[{\"@type\":\"ListItem\",\"position\":1,\"name\":\"Portada\",\"item\":\"https:\\\/\\\/nuestrosescritores.com\\\/robertoalmadosrey\\\/\"},{\"@type\":\"ListItem\",\"position\":2,\"name\":\"Poes\u00eda\"}]},{\"@type\":\"WebSite\",\"@id\":\"https:\\\/\\\/nuestrosescritores.com\\\/robertoalmadosrey\\\/#website\",\"url\":\"https:\\\/\\\/nuestrosescritores.com\\\/robertoalmadosrey\\\/\",\"name\":\"Nuestros escritores\",\"description\":\"Escritor\",\"potentialAction\":[{\"@type\":\"SearchAction\",\"target\":{\"@type\":\"EntryPoint\",\"urlTemplate\":\"https:\\\/\\\/nuestrosescritores.com\\\/robertoalmadosrey\\\/?s={search_term_string}\"},\"query-input\":{\"@type\":\"PropertyValueSpecification\",\"valueRequired\":true,\"valueName\":\"search_term_string\"}}],\"inLanguage\":\"es\"}]}<\/script>\n<!-- \/ Yoast SEO Premium plugin. -->","yoast_head_json":{"title":"Poes\u00eda - Roberto Almand\u00f3s Rey","robots":{"index":"index","follow":"follow","max-snippet":"max-snippet:-1","max-image-preview":"max-image-preview:large","max-video-preview":"max-video-preview:-1"},"canonical":"https:\/\/nuestrosescritores.com\/robertoalmadosrey\/poesia\/","og_locale":"es_ES","og_type":"article","og_title":"Poes\u00eda","og_description":"[vc_row full_width=&#8221;stretch_row_content_no_spaces&#8221;][vc_column extend=&#8221;false&#8221;][\/vc_column][\/vc_row][vc_row][vc_column extend=&#8221;false&#8221;][vc_column_text] Est\u00e1s limpio, impoluto, &nbsp; eres un reto, en blanco, &nbsp; sin nada, rellenarte es mi misi\u00f3n, &nbsp; d\u00e1ndote forma, d\u00e1ndote una funci\u00f3n, &nbsp; contando algo, bueno o no, &nbsp; pero con mi &nbsp; &nbsp; &nbsp; [\/vc_column_text][\/vc_column][\/vc_row][vc_row full_width=&#8221;stretch_row_content_no_spaces&#8221;][vc_column extend=&#8221;false&#8221;][\/vc_column][\/vc_row][vc_row][vc_column extend=&#8221;false&#8221;][vc_column_text]Aquellas noches que terminaban, cuando el sol te dec\u00eda que era hora de [&hellip;]","og_url":"https:\/\/nuestrosescritores.com\/robertoalmadosrey\/poesia\/","og_site_name":"Roberto Almand\u00f3s Rey","article_modified_time":"2021-04-11T11:43:16+00:00","twitter_card":"summary_large_image","twitter_misc":{"Tiempo de lectura":"2 minutos"},"schema":{"@context":"https:\/\/schema.org","@graph":[{"@type":"WebPage","@id":"https:\/\/nuestrosescritores.com\/robertoalmadosrey\/poesia\/","url":"https:\/\/nuestrosescritores.com\/robertoalmadosrey\/poesia\/","name":"Poes\u00eda - Roberto Almand\u00f3s Rey","isPartOf":{"@id":"https:\/\/nuestrosescritores.com\/robertoalmadosrey\/#website"},"datePublished":"2021-04-11T11:28:02+00:00","dateModified":"2021-04-11T11:43:16+00:00","breadcrumb":{"@id":"https:\/\/nuestrosescritores.com\/robertoalmadosrey\/poesia\/#breadcrumb"},"inLanguage":"es","potentialAction":[{"@type":"ReadAction","target":["https:\/\/nuestrosescritores.com\/robertoalmadosrey\/poesia\/"]}]},{"@type":"BreadcrumbList","@id":"https:\/\/nuestrosescritores.com\/robertoalmadosrey\/poesia\/#breadcrumb","itemListElement":[{"@type":"ListItem","position":1,"name":"Portada","item":"https:\/\/nuestrosescritores.com\/robertoalmadosrey\/"},{"@type":"ListItem","position":2,"name":"Poes\u00eda"}]},{"@type":"WebSite","@id":"https:\/\/nuestrosescritores.com\/robertoalmadosrey\/#website","url":"https:\/\/nuestrosescritores.com\/robertoalmadosrey\/","name":"Nuestros escritores","description":"Escritor","potentialAction":[{"@type":"SearchAction","target":{"@type":"EntryPoint","urlTemplate":"https:\/\/nuestrosescritores.com\/robertoalmadosrey\/?s={search_term_string}"},"query-input":{"@type":"PropertyValueSpecification","valueRequired":true,"valueName":"search_term_string"}}],"inLanguage":"es"}]}},"_links":{"self":[{"href":"https:\/\/nuestrosescritores.com\/robertoalmadosrey\/wp-json\/wp\/v2\/pages\/87","targetHints":{"allow":["GET"]}}],"collection":[{"href":"https:\/\/nuestrosescritores.com\/robertoalmadosrey\/wp-json\/wp\/v2\/pages"}],"about":[{"href":"https:\/\/nuestrosescritores.com\/robertoalmadosrey\/wp-json\/wp\/v2\/types\/page"}],"author":[{"embeddable":true,"href":"https:\/\/nuestrosescritores.com\/robertoalmadosrey\/wp-json\/wp\/v2\/users\/1"}],"replies":[{"embeddable":true,"href":"https:\/\/nuestrosescritores.com\/robertoalmadosrey\/wp-json\/wp\/v2\/comments?post=87"}],"version-history":[{"count":0,"href":"https:\/\/nuestrosescritores.com\/robertoalmadosrey\/wp-json\/wp\/v2\/pages\/87\/revisions"}],"wp:attachment":[{"href":"https:\/\/nuestrosescritores.com\/robertoalmadosrey\/wp-json\/wp\/v2\/media?parent=87"}],"curies":[{"name":"wp","href":"https:\/\/api.w.org\/{rel}","templated":true}]}}