{"id":11,"date":"2021-04-11T10:17:20","date_gmt":"2021-04-11T10:17:20","guid":{"rendered":"https:\/\/nuestrosescritores.com\/robertoalmadosrey\/?page_id=11"},"modified":"2021-04-11T11:42:54","modified_gmt":"2021-04-11T11:42:54","slug":"roberto-almandos-rey","status":"publish","type":"page","link":"https:\/\/nuestrosescritores.com\/robertoalmadosrey\/","title":{"rendered":"ROBERTO ALMAND\u00d3S REY"},"content":{"rendered":"<div class=\"wpb-content-wrapper\">[vc_row][vc_column extend=&#8221;false&#8221;][vc_column_text css=&#8221;.vc_custom_1617387623105{margin-top: -30000px !important;}&#8221;]\n<h1>ROBERTO ALMAND\u00d3S REY es el escritor de POEMAS DE UNA VIDA&nbsp; el escritor y poeta acaba de publicar un libro de poes\u00eda con la Editorial Poes\u00eda eres t\u00fa. Considerado como una de las mejores poetas espa\u00f1olas.<\/h1>\n<p>POEMAS DE UNA VIDA ha sido escrito por ROBERTO ALMAND\u00d3S REY Considerado como uno de los mejores poetas espa\u00f1oles, algunos afirman que es el mejor poeta espa\u00f1ol. el escritor sabe como publicar un libro de poes\u00eda con la Editorial Poes\u00eda eres t\u00fa<br \/>\nTrabajamos con distribuidoras de libros que acercan los libros a las librer\u00edas, pero contamos tambi\u00e9n con las siguientes librerias de apoyo en internet para que ning\u00fan lector se quede sin su libro de poes\u00eda: Libreria GEPA, Libreria Website, La librer\u00eda del escritor, El rinc\u00f3n de los libros.<\/p>\n<p>Informamos de como publicar un libro y el precio de publicar un libro<\/p>\n<p>As\u00ed mismo colaboramos con la Asociaci\u00f3n de editores de poes\u00eda y la Asociaci\u00f3n Madrile\u00f1a de escritores y cr\u00edticos literarios (Cr\u00edtica de Madrid).<\/p>\n<p>Trabajamos con varias imprentas y contamos con nuestra propia imprenta Herederos de Izquierdo y Madrid impresores.<\/p>\n<p>Puedes conocernos en nuestra p\u00e1gina del Grupo Editorial. Contamos con una sede en Madrid y otra en Jumilla (Murcia)<\/p>\n<p>Somos especialitas en la edici\u00f3n del libro de poes\u00eda<\/p>\n<h2>ROBERTO ALMAND\u00d3S REY Considerado como uno de los mejores poetas espa\u00f1oles, algunos afirman que es el mejor poeta espa\u00f1oles es el escritor de POEMAS DE UNA VIDA . El poeta conoce el precio de publicar un libro de poes\u00eda con la Editorial Poes\u00eda eres t\u00fa<\/h2>\n<h3>ROBERTO ALMAND\u00d3S REY Considerado como uno de los mejores poetas espa\u00f1oles, algunos afirman que es el mejor poeta espa\u00f1oles es el escritor de POEMAS DE UNA VIDA . La poeta sabe como publicar un libro de poes\u00eda con la Editorial Poes\u00eda eres t\u00fa<\/h3>\n<h4>ROBERTO ALMAND\u00d3S REY considerado como uno de los mejores poetas espa\u00f1oles, algunos afirman que es el mejor poeta espa\u00f1ol es el escritor de POEMAS DE UNA VIDA . La poeta sabe el precio de publicar un libro de poes\u00eda con la Editorial Poes\u00eda eres t\u00fa<\/h4>\n<p>El Grupo Editorial P\u00e9rez-Ayala, est\u00e1 formado por los siguientes <a href=\"https:\/\/editorialesdepoesia.com\">editoriales de poes\u00eda<\/a>:<\/p>\n<p><a href=\"https:\/\/poesiaerestu.com\">Editorial Poes\u00eda eres t\u00fa<\/a> una editorial para publicar un libro si eres un autor nuevo o estas empezando, en esta editorial estamos especializados en dar a conocer los nuevos escritores de la poes\u00eda contempor\u00e1nea<\/p>\n<p><a href=\"https:\/\/edicionesrilke.com\">Ediciones Rilke Editorial poes\u00eda<\/a>: En Ed. Rilke hacemos una selecci\u00f3n de la poes\u00eda tradicional junto con los escritores mas destacados de la poes\u00eda contemporanea.<\/p>\n<p><a href=\"https:\/\/edicionesamaniel.com\">Editorial Ediciones Amaniel<\/a>: Es nuestro sello de narrativa, novela, ensayo, relato corto, cuento. Buscamos escritores que tengan calidad en sus obras, pensando siempre en el lector.<\/p>\n<p><a href=\"https:\/\/edicionesazorin.com\">Editorial Ediciones Azor\u00edn un sello regional para Alicante y Murcia<\/a>. Es un sello regional para autores de Alicante y Murcia para tratar investigaciones a nivel local, relatos, ensayos, novelas, biograf\u00edas.<\/p>\n<p>Para ayudar a la promoci\u00f3n de los libros contamos con diferentes plataformas en internet como Poes\u00eda Televisi\u00f3n, libro de poes\u00eda, Club de poes\u00eda, Blog de escritor, Blog de poes\u00eda, Agencia del libro, Nuestras librerias, Publicar libro &#8211; Publicar un libro, Revista Poes\u00eda eres t\u00fa, Antolog\u00edas po\u00e9ticas, Poes\u00eda y poetas.[\/vc_column_text][\/vc_column][\/vc_row][vc_row full_width=&#8221;stretch_row_content_no_spaces&#8221;][vc_column extend=&#8221;false&#8221;][layerslider_vc id=&#8221;1&#8243;][\/vc_column][\/vc_row][vc_row extend=&#8221;false&#8221; design__empty_1=&#8221;&#8221; background=&#8221;&#8221; background_image_type=&#8221;static&#8221; background_image__effect=&#8221;&#8221; bg_size=&#8221;initial&#8221; bg_position=&#8221;center-center&#8221; row_bg_image=&#8221;&#8221; bg_repeat=&#8221;no-repeat&#8221; background_image_type__bg_color=&#8221;rgba(255, 255, 255, 1)&#8221; row_bg_parallax_images=&#8221;&#8221; row_bg_slideshow_images=&#8221;&#8221; background_video_type=&#8221;youtube&#8221; background_video__youtube__url=&#8221;&#8221; background_video__youtube__parallax=&#8221;&#8221; background_video__youtube__options=&#8221;&#8221; background_video__youtube__fallback_image=&#8221;&#8221; background_video__hosted__mp4=&#8221;&#8221; background_video__hosted__webm=&#8221;&#8221; background_video__hosted__ogv=&#8221;&#8221; background_video__hosted__parallax=&#8221;&#8221; background_video__hosted__options=&#8221;&#8221; background_video__hosted__fallback_image=&#8221;&#8221; background_color_type=&#8221;color&#8221; bg__empty_1=&#8221;&#8221; background_color_type__gradient_color1=&#8221;rgba(44, 74, 228, 1)&#8221; background_color_type__gradient_color2=&#8221;rgba(44, 74, 228, 1)&#8221; background_color_type__color_color1=&#8221;rgba(44, 74, 228, 1)&#8221; bg__empty_2=&#8221;&#8221; background_color__effect=&#8221;&#8221; background_color__direction=&#8221;left-to-right&#8221; settings__tag_1=&#8221;&#8221; viewport_lg=&#8221;&#8221; viewport_md=&#8221;&#8221; viewport_sm=&#8221;&#8221; viewport_xs=&#8221;&#8221; settings__empty_1=&#8221;&#8221; version=&#8221;1&#8243;][vc_column width=&#8221;1\/2&#8243; extend=&#8221;false&#8221;]<div class=\"ult-content-box-container \" >\t\t<div class=\"ult-content-box\" style=\"background-color:rgba(255,255,255,0.49);box-shadow: px px 8px px #f2f2f2 none;border-style:none;-webkit-transition: all 700ms ease;-moz-transition: all 700ms ease;-ms-transition: all 700ms ease;-o-transition: all 700ms ease;transition: all 700ms ease;\"  data-hover_box_shadow=\"none\"     data-bg=\"rgba(255,255,255,0.49)\"  data-border_color=\"\" >[vc_column_text css=&#8221;.vc_custom_1618135647532{padding-top: 15% !important;padding-right: 15% !important;padding-bottom: 15% !important;padding-left: 15% !important;}&#8221;]Gallego de nacimiento y de coraz\u00f3n, en 1976.<\/p>\n<p>Se crio en Las Palmas de Gran Canaria, pasando hasta los veinte a\u00f1os all\u00ed, estudiante de Ingenier\u00eda, no terminando la carrera.<\/p>\n<p>Se fue a vivir a Londres durante dos a\u00f1os, tambi\u00e9n estudi\u00f3 en la universidad Media, Arts &amp; Music, tambi\u00e9n sin terminar sus estudios. Aprendi\u00f3 ingl\u00e9s. Fue Push Bike Courier.<\/p>\n<p>Se traslad\u00f3 a Madrid donde hizo Realizaci\u00f3n de Audiovisuales y Espect\u00e1culos en el instituto de RTVE en el 2000.<\/p>\n<p>Fot\u00f3grafo, c\u00e1mara, m\u00fasico, editor y realizador.<\/p>\n<p>&nbsp;<\/p>\n<p>Actualmente vive en su Galicia natal.<\/p>\n<span class='bctt-click-to-tweet'><span class='bctt-ctt-text'><a href='https:\/\/x.com\/intent\/tweet?url=https%3A%2F%2Fnuestrosescritores.com%2Frobertoalmadosrey%2F&#038;text=ROBERTO%20ALMAND%C3%93S%20REY.%20Escritor%2C%20poeta.&#038;related' target='_blank'rel=\"noopener noreferrer\">ROBERTO ALMAND\u00d3S REY. Escritor, poeta. <\/a><\/span><a href='https:\/\/x.com\/intent\/tweet?url=https%3A%2F%2Fnuestrosescritores.com%2Frobertoalmadosrey%2F&#038;text=ROBERTO%20ALMAND%C3%93S%20REY.%20Escritor%2C%20poeta.&#038;related' target='_blank' class='bctt-ctt-btn'rel=\"noopener noreferrer\">Compartir en X<\/a><\/span>[\/vc_column_text]\t\t<\/div><\/div>[\/vc_column][vc_column width=&#8221;1\/2&#8243; extend=&#8221;false&#8221;]<div class=\"gambit_fullheight_row\" data-content-location=\"center\" style=\"display: none\"><\/div><div id=\"rowvcpt-row-settings\" class=\"rowvcpt-row-set RowVcPt-row-setting69e4afbc02440 \" data-no=\"RowVcPt-row-setting69e4afbc02440\"><div  id=\"bgGallaryslide69e4afbc02443\" class=\"rowvcpt-slideshow \"><\/div><script type=\"text\/javascript\">\n(function($) {\n$(\"#bgGallaryslide69e4afbc02443\").vegas({\n        overlay: \"https:\/\/nuestrosescritores.com\/robertoalmadosrey\/wp-content\/plugins\/ultimate-row-background\/css\/overlays\/0'.esc_attr(1.png).'\",\n        transitionDuration: 4e3,\n        delay: 7000,\n        slides: [{src: \"https:\/\/nuestrosescritores.com\/robertoalmadosrey\/wp-content\/uploads\/sites\/82\/2021\/04\/vuv08livxjo.jpg\",transition: \"fade2\",transitionDuration: 5000},{src: \"https:\/\/nuestrosescritores.com\/robertoalmadosrey\/wp-content\/uploads\/sites\/82\/2021\/04\/ssimozsdoey.jpg\",transition: \"fade2\",transitionDuration: 5000},{src: \"https:\/\/nuestrosescritores.com\/robertoalmadosrey\/wp-content\/uploads\/sites\/82\/2021\/04\/ts6-mqg_q5e.jpg\",transition: \"fade2\",transitionDuration: 5000},{src: \"https:\/\/nuestrosescritores.com\/robertoalmadosrey\/wp-content\/uploads\/sites\/82\/2021\/04\/0vweylaeewk.jpg\",transition: \"fade2\",transitionDuration: 5000},{src: \"https:\/\/nuestrosescritores.com\/robertoalmadosrey\/wp-content\/uploads\/sites\/82\/2021\/04\/vvknogts0a4.jpg\",transition: \"fade2\",transitionDuration: 5000},{src: \"https:\/\/nuestrosescritores.com\/robertoalmadosrey\/wp-content\/uploads\/sites\/82\/2021\/04\/xyka0zldq0.jpg\",transition: \"fade2\",transitionDuration: 5000},]\n    });\t\t\n})(jQuery);\n<\/script><div class=\"rowvcpt-overlay\" style=\"background:rgba(255,255,255,0.69)\"><\/div><\/div>[vc_single_image image=&#8221;12&#8243; img_size=&#8221;full&#8221; alignment=&#8221;center&#8221;][\/vc_column][\/vc_row][vc_row][vc_column extend=&#8221;false&#8221;]<div class=\"gambit_fullheight_row\" data-content-location=\"center\" style=\"display: none\"><\/div><div class='gambit_parallax_row' data-bg-align='' data-direction='fixed' data-opacity='100' data-velocity='-0.3' data-mobile-enabled='parallax-enable-mobile' data-bg-height='1200' data-bg-width='801' data-bg-image='https:\/\/nuestrosescritores.com\/robertoalmadosrey\/wp-content\/uploads\/sites\/82\/2021\/04\/rrhhzityizg.jpg' data-bg-repeat='false' data-id='' style='display: none'><\/div>[\/vc_column][\/vc_row][vc_row][vc_column extend=&#8221;false&#8221;]<div class=\"gambit_fullheight_row\" data-content-location=\"center\" style=\"display: none\"><\/div><div id=\"rowvcpt-row-settings\" class=\"rowvcpt-row-set RowVcPt-row-setting69e4afbc03812 \" data-no=\"RowVcPt-row-setting69e4afbc03812\"><div  id=\"bgGallaryslide69e4afbc03816\" class=\"rowvcpt-slideshow \"><\/div><script type=\"text\/javascript\">\n(function($) {\n$(\"#bgGallaryslide69e4afbc03816\").vegas({\n        overlay: \"https:\/\/nuestrosescritores.com\/robertoalmadosrey\/wp-content\/plugins\/ultimate-row-background\/css\/overlays\/0'.esc_attr(1.png).'\",\n        transitionDuration: 4e3,\n        delay: 7000,\n        slides: [{src: \"https:\/\/nuestrosescritores.com\/robertoalmadosrey\/wp-content\/uploads\/sites\/82\/2021\/04\/cik3j72epjs.jpg\",transition: \"fade2\",transitionDuration: 5000},{src: \"https:\/\/nuestrosescritores.com\/robertoalmadosrey\/wp-content\/uploads\/sites\/82\/2021\/04\/lede-zuexas.jpg\",transition: \"fade2\",transitionDuration: 5000},{src: \"https:\/\/nuestrosescritores.com\/robertoalmadosrey\/wp-content\/uploads\/sites\/82\/2021\/04\/3hmb6yoyfvo.jpg\",transition: \"fade2\",transitionDuration: 5000},{src: \"https:\/\/nuestrosescritores.com\/robertoalmadosrey\/wp-content\/uploads\/sites\/82\/2021\/04\/xkf58im78i8.jpg\",transition: \"fade2\",transitionDuration: 5000},]\n    });\t\t\n})(jQuery);\n<\/script><div class=\"rowvcpt-overlay\" style=\"background:rgba(255,255,255,0.69)\"><\/div><\/div><div id=\"uvc-type-wrap-6552\"  data-ultimate-target='#uvc-type-wrap-6552'  data-responsive-json-new='{\"font-size\":\"\",\"line-height\":\"\"}'  class=\"uvc-type-wrap vc_custom_1618136209907 ult-adjust-bottom-margin ult-responsive  uvc-type-align-center uvc-type-no-prefix uvc-wrap-262213556869e4afbc04377\" style=\"text-align:center;\"><span id=\"typed-262213556869e4afbc04377\" class=\"ultimate-typed-main \" style=\" font-weight:bold; text-transform: unset;\"><\/span><script type=\"text\/javascript\">\n\t\t\t\t\t\tjQuery(function($){ \n\t\t\t\t\t\t\t$(document).ready(function(){\n\t\t\t\t\t\t\t\tif( typeof jQuery(\"#typed-262213556869e4afbc04377\").typed == \"function\"){\n\t\t\t\t\t\t\t\t\t$(\"#typed-262213556869e4afbc04377\").typed({\n\t\t\t\t\t\t\t\t\t\tstrings: [\"En este libro va a encontrar una peque\u00f1a visi\u00f3n de mi vida. No es para que se lo tome al pie de la letra, pero s\u00ed para hacerle pensar. Para aquel que le guste la Poes\u00eda y para el que no, siendo un poco reflexivo.\",\"S\u00f3lo escribo lo que vivo...\"],\n\t\t\t\t\t\t\t\t\t\ttypeSpeed: 35,\n\t\t\t\t\t\t\t\t\t\tbackSpeed: 0,\n\t\t\t\t\t\t\t\t\t\tstartDelay: \"200\",\n\t\t\t\t\t\t\t\t\t\tbackDelay: \"1500\",\n\t\t\t\t\t\t\t\t\t\tloop: true,\n\t\t\t\t\t\t\t\t\t\tloopCount: false,\n\t\t\t\t\t\t\t\t\t\tshowCursor: true,\n\t\t\t\t\t\t\t\t\t\tcursorChar: \"|\",\n\t\t\t\t\t\t\t\t\t\tattr: null\n\t\t\t\t\t\t\t\t\t});\n\t\t\t\t\t\t\t\t}\n\t\t\t\t\t\t\t});\n\t\t\t\t\t\t});\n\t\t\t\t\t<\/script><\/div>[\/vc_column][\/vc_row][vc_row][vc_column extend=&#8221;false&#8221;]<div class=\"gambit_fullheight_row\" data-content-location=\"center\" style=\"display: none\"><\/div><div class='gambit_parallax_row' data-bg-align='' data-direction='fixed' data-opacity='50' data-velocity='-0.3' data-mobile-enabled='parallax-enable-mobile' data-bg-height='1174' data-bg-width='2560' data-bg-image='https:\/\/nuestrosescritores.com\/robertoalmadosrey\/wp-content\/uploads\/sites\/82\/2021\/04\/RobertoAlamandos_Square_alargado-scaled.jpg' data-bg-repeat='false' data-id='' style='display: none'><\/div>[vc_column_text]\n<p style=\"text-align: center;\"><a class=\"fasc-button fasc-size-xlarge fasc-type-glossy fasc-rounded-medium\" style=\"background-color: #2b3336; color: #ffffff;\" href=\"https:\/\/librodepoesia.com\/producto\/poemas-de-una-vida-roberto-almandos-rey\/\">COMPRA SUS LIBROS<\/a><\/p>\n[\/vc_column_text][\/vc_column][\/vc_row][vc_row][vc_column extend=&#8221;false&#8221;][vc_column_text css=&#8221;.vc_custom_1617387623105{margin-top: -30000px !important;}&#8221;]\n<h1>ROBERTO ALMAND\u00d3S REY es el escritor de POEMAS DE UNA VIDA &nbsp;el escritor y poeta acaba de publicar un libro de poes\u00eda con la Editorial Poes\u00eda eres t\u00fa. Considerado como una de las mejores poetas espa\u00f1olas.<\/h1>\n<p>POEMAS DE UNA VIDA ha sido escrito por ROBERTO ALMAND\u00d3S REY Considerado como uno de los mejores poetas espa\u00f1oles, algunos afirman que es el mejor poeta espa\u00f1ol. el escritor sabe como publicar un libro de poes\u00eda con la Editorial Poes\u00eda eres t\u00fa<br \/>\nTrabajamos con distribuidoras de libros que acercan los libros a las librer\u00edas, pero contamos tambi\u00e9n con las siguientes librerias de apoyo en internet para que ning\u00fan lector se quede sin su libro de poes\u00eda: Libreria GEPA, Libreria Website, La librer\u00eda del escritor, El rinc\u00f3n de los libros.<\/p>\n<p>Informamos de como publicar un libro y el precio de publicar un libro<\/p>\n<p>As\u00ed mismo colaboramos con la Asociaci\u00f3n de editores de poes\u00eda y la Asociaci\u00f3n Madrile\u00f1a de escritores y cr\u00edticos literarios (Cr\u00edtica de Madrid).<\/p>\n<p>Trabajamos con varias imprentas y contamos con nuestra propia imprenta Herederos de Izquierdo y Madrid impresores.<\/p>\n<p>Puedes conocernos en nuestra p\u00e1gina del Grupo Editorial. Contamos con una sede en Madrid y otra en Jumilla (Murcia)<\/p>\n<p>Somos especialitas en la edici\u00f3n del libro de poes\u00eda<\/p>\n<h2>ROBERTO ALMAND\u00d3S REY Considerado como uno de los mejores poetas espa\u00f1oles, algunos afirman que es el mejor poeta espa\u00f1oles es el escritor de POEMAS DE UNA VIDA . El poeta conoce el precio de publicar un libro de poes\u00eda con la Editorial Poes\u00eda eres t\u00fa<\/h2>\n<h3>ROBERTO ALMAND\u00d3S REY Considerado como uno de los mejores poetas espa\u00f1oles, algunos afirman que es el mejor poeta espa\u00f1oles es el escritor de POEMAS DE UNA VIDA . La poeta sabe como publicar un libro de poes\u00eda con la Editorial Poes\u00eda eres t\u00fa<\/h3>\n<h4>ROBERTO ALMAND\u00d3S REY considerado como uno de los mejores poetas espa\u00f1oles, algunos afirman que es el mejor poeta espa\u00f1ol es el escritor de POEMAS DE UNA VIDA . La poeta sabe el precio de publicar un libro de poes\u00eda con la Editorial Poes\u00eda eres t\u00fa<\/h4>\n<p>El Grupo Editorial P\u00e9rez-Ayala, est\u00e1 formado por los siguientes sellos editoriales: Editorial Poes\u00eda eres t\u00fa, Ediciones Rilke Editorial poes\u00eda, Editorial Ediciones Amaniel, Editorial Ediciones Azor\u00edn un sello regional para Alicante y Murcia.<\/p>\n<p>Para ayudar a la promoci\u00f3n de los libros contamos con diferentes plataformas en internet como Poes\u00eda Televisi\u00f3n, libro de poes\u00eda, Club de poes\u00eda, Blog de escritor, Blog de poes\u00eda, Agencia del libro, Nuestras librerias, Publicar libro &#8211; Publicar un libro, Revista Poes\u00eda eres t\u00fa, Antolog\u00edas po\u00e9ticas, Poes\u00eda y poetas.[\/vc_column_text][\/vc_column][\/vc_row]\n<\/div>","protected":false},"excerpt":{"rendered":"<p>[vc_row][vc_column extend=&#8221;false&#8221;][vc_column_text css=&#8221;.vc_custom_1617387623105{margin-top: -30000px !important;}&#8221;] ROBERTO ALMAND\u00d3S REY es el escritor de POEMAS DE UNA VIDA&nbsp; el escritor y poeta acaba de publicar un libro de poes\u00eda con la Editorial Poes\u00eda eres t\u00fa. Considerado como una de las mejores poetas espa\u00f1olas. POEMAS DE UNA VIDA ha sido escrito por ROBERTO ALMAND\u00d3S REY Considerado como uno [&hellip;]<\/p>\n","protected":false},"author":1,"featured_media":0,"parent":0,"menu_order":0,"comment_status":"closed","ping_status":"closed","template":"","meta":{"_acf_changed":false,"footnotes":""},"class_list":["post-11","page","type-page","status-publish","hentry"],"acf":[],"yoast_head":"<!-- This site is optimized with the Yoast SEO Premium plugin v24.7 (Yoast SEO v27.4) - https:\/\/yoast.com\/product\/yoast-seo-premium-wordpress\/ -->\n<title>ROBERTO ALMAND\u00d3S REY - Roberto Almand\u00f3s Rey<\/title>\n<meta name=\"robots\" content=\"index, follow, max-snippet:-1, max-image-preview:large, max-video-preview:-1\" \/>\n<link rel=\"canonical\" href=\"https:\/\/nuestrosescritores.com\/robertoalmadosrey\/\" \/>\n<meta property=\"og:locale\" content=\"es_ES\" \/>\n<meta property=\"og:type\" content=\"article\" \/>\n<meta property=\"og:title\" content=\"ROBERTO ALMAND\u00d3S REY\" \/>\n<meta property=\"og:description\" content=\"[vc_row][vc_column extend=&#8221;false&#8221;][vc_column_text css=&#8221;.vc_custom_1617387623105{margin-top: -30000px !important;}&#8221;] ROBERTO ALMAND\u00d3S REY es el escritor de POEMAS DE UNA VIDA&nbsp; el escritor y poeta acaba de publicar un libro de poes\u00eda con la Editorial Poes\u00eda eres t\u00fa. Considerado como una de las mejores poetas espa\u00f1olas. POEMAS DE UNA VIDA ha sido escrito por ROBERTO ALMAND\u00d3S REY Considerado como uno [&hellip;]\" \/>\n<meta property=\"og:url\" content=\"https:\/\/nuestrosescritores.com\/robertoalmadosrey\/\" \/>\n<meta property=\"og:site_name\" content=\"Roberto Almand\u00f3s Rey\" \/>\n<meta property=\"article:modified_time\" content=\"2021-04-11T11:42:54+00:00\" \/>\n<meta name=\"twitter:card\" content=\"summary_large_image\" \/>\n<meta name=\"twitter:label1\" content=\"Tiempo de lectura\" \/>\n\t<meta name=\"twitter:data1\" content=\"6 minutos\" \/>\n<script type=\"application\/ld+json\" class=\"yoast-schema-graph\">{\"@context\":\"https:\\\/\\\/schema.org\",\"@graph\":[{\"@type\":\"WebPage\",\"@id\":\"https:\\\/\\\/nuestrosescritores.com\\\/robertoalmadosrey\\\/\",\"url\":\"https:\\\/\\\/nuestrosescritores.com\\\/robertoalmadosrey\\\/\",\"name\":\"ROBERTO ALMAND\u00d3S REY - Roberto Almand\u00f3s Rey\",\"isPartOf\":{\"@id\":\"https:\\\/\\\/nuestrosescritores.com\\\/robertoalmadosrey\\\/#website\"},\"datePublished\":\"2021-04-11T10:17:20+00:00\",\"dateModified\":\"2021-04-11T11:42:54+00:00\",\"breadcrumb\":{\"@id\":\"https:\\\/\\\/nuestrosescritores.com\\\/robertoalmadosrey\\\/#breadcrumb\"},\"inLanguage\":\"es\",\"potentialAction\":[{\"@type\":\"ReadAction\",\"target\":[\"https:\\\/\\\/nuestrosescritores.com\\\/robertoalmadosrey\\\/\"]}]},{\"@type\":\"BreadcrumbList\",\"@id\":\"https:\\\/\\\/nuestrosescritores.com\\\/robertoalmadosrey\\\/#breadcrumb\",\"itemListElement\":[{\"@type\":\"ListItem\",\"position\":1,\"name\":\"Portada\",\"item\":\"https:\\\/\\\/nuestrosescritores.com\\\/robertoalmadosrey\\\/\"},{\"@type\":\"ListItem\",\"position\":2,\"name\":\"ROBERTO ALMAND\u00d3S REY\"}]},{\"@type\":\"WebSite\",\"@id\":\"https:\\\/\\\/nuestrosescritores.com\\\/robertoalmadosrey\\\/#website\",\"url\":\"https:\\\/\\\/nuestrosescritores.com\\\/robertoalmadosrey\\\/\",\"name\":\"Nuestros escritores\",\"description\":\"Escritor\",\"potentialAction\":[{\"@type\":\"SearchAction\",\"target\":{\"@type\":\"EntryPoint\",\"urlTemplate\":\"https:\\\/\\\/nuestrosescritores.com\\\/robertoalmadosrey\\\/?s={search_term_string}\"},\"query-input\":{\"@type\":\"PropertyValueSpecification\",\"valueRequired\":true,\"valueName\":\"search_term_string\"}}],\"inLanguage\":\"es\"}]}<\/script>\n<!-- \/ Yoast SEO Premium plugin. -->","yoast_head_json":{"title":"ROBERTO ALMAND\u00d3S REY - Roberto Almand\u00f3s Rey","robots":{"index":"index","follow":"follow","max-snippet":"max-snippet:-1","max-image-preview":"max-image-preview:large","max-video-preview":"max-video-preview:-1"},"canonical":"https:\/\/nuestrosescritores.com\/robertoalmadosrey\/","og_locale":"es_ES","og_type":"article","og_title":"ROBERTO ALMAND\u00d3S REY","og_description":"[vc_row][vc_column extend=&#8221;false&#8221;][vc_column_text css=&#8221;.vc_custom_1617387623105{margin-top: -30000px !important;}&#8221;] ROBERTO ALMAND\u00d3S REY es el escritor de POEMAS DE UNA VIDA&nbsp; el escritor y poeta acaba de publicar un libro de poes\u00eda con la Editorial Poes\u00eda eres t\u00fa. Considerado como una de las mejores poetas espa\u00f1olas. POEMAS DE UNA VIDA ha sido escrito por ROBERTO ALMAND\u00d3S REY Considerado como uno [&hellip;]","og_url":"https:\/\/nuestrosescritores.com\/robertoalmadosrey\/","og_site_name":"Roberto Almand\u00f3s Rey","article_modified_time":"2021-04-11T11:42:54+00:00","twitter_card":"summary_large_image","twitter_misc":{"Tiempo de lectura":"6 minutos"},"schema":{"@context":"https:\/\/schema.org","@graph":[{"@type":"WebPage","@id":"https:\/\/nuestrosescritores.com\/robertoalmadosrey\/","url":"https:\/\/nuestrosescritores.com\/robertoalmadosrey\/","name":"ROBERTO ALMAND\u00d3S REY - Roberto Almand\u00f3s Rey","isPartOf":{"@id":"https:\/\/nuestrosescritores.com\/robertoalmadosrey\/#website"},"datePublished":"2021-04-11T10:17:20+00:00","dateModified":"2021-04-11T11:42:54+00:00","breadcrumb":{"@id":"https:\/\/nuestrosescritores.com\/robertoalmadosrey\/#breadcrumb"},"inLanguage":"es","potentialAction":[{"@type":"ReadAction","target":["https:\/\/nuestrosescritores.com\/robertoalmadosrey\/"]}]},{"@type":"BreadcrumbList","@id":"https:\/\/nuestrosescritores.com\/robertoalmadosrey\/#breadcrumb","itemListElement":[{"@type":"ListItem","position":1,"name":"Portada","item":"https:\/\/nuestrosescritores.com\/robertoalmadosrey\/"},{"@type":"ListItem","position":2,"name":"ROBERTO ALMAND\u00d3S REY"}]},{"@type":"WebSite","@id":"https:\/\/nuestrosescritores.com\/robertoalmadosrey\/#website","url":"https:\/\/nuestrosescritores.com\/robertoalmadosrey\/","name":"Nuestros escritores","description":"Escritor","potentialAction":[{"@type":"SearchAction","target":{"@type":"EntryPoint","urlTemplate":"https:\/\/nuestrosescritores.com\/robertoalmadosrey\/?s={search_term_string}"},"query-input":{"@type":"PropertyValueSpecification","valueRequired":true,"valueName":"search_term_string"}}],"inLanguage":"es"}]}},"_links":{"self":[{"href":"https:\/\/nuestrosescritores.com\/robertoalmadosrey\/wp-json\/wp\/v2\/pages\/11","targetHints":{"allow":["GET"]}}],"collection":[{"href":"https:\/\/nuestrosescritores.com\/robertoalmadosrey\/wp-json\/wp\/v2\/pages"}],"about":[{"href":"https:\/\/nuestrosescritores.com\/robertoalmadosrey\/wp-json\/wp\/v2\/types\/page"}],"author":[{"embeddable":true,"href":"https:\/\/nuestrosescritores.com\/robertoalmadosrey\/wp-json\/wp\/v2\/users\/1"}],"replies":[{"embeddable":true,"href":"https:\/\/nuestrosescritores.com\/robertoalmadosrey\/wp-json\/wp\/v2\/comments?post=11"}],"version-history":[{"count":0,"href":"https:\/\/nuestrosescritores.com\/robertoalmadosrey\/wp-json\/wp\/v2\/pages\/11\/revisions"}],"wp:attachment":[{"href":"https:\/\/nuestrosescritores.com\/robertoalmadosrey\/wp-json\/wp\/v2\/media?parent=11"}],"curies":[{"name":"wp","href":"https:\/\/api.w.org\/{rel}","templated":true}]}}