{"id":110,"date":"2026-04-05T20:41:58","date_gmt":"2026-04-05T18:41:58","guid":{"rendered":"https:\/\/nuestrosescritores.com\/raul-gimeno\/?page_id=110"},"modified":"2026-04-05T20:52:29","modified_gmt":"2026-04-05T18:52:29","slug":"poesia","status":"publish","type":"page","link":"https:\/\/nuestrosescritores.com\/raul-gimeno\/poesia\/","title":{"rendered":"POES\u00cdA"},"content":{"rendered":"<div class=\"wpb-content-wrapper\">[vc_row full_width=&#8221;stretch_row_content_no_spaces&#8221;][vc_column extend=&#8221;false&#8221;]<div class='gambit_parallax_row' data-bg-align='' data-direction='fixed' data-opacity='100' data-velocity='-0.3' data-mobile-enabled='' data-bg-height='1175' data-bg-width='1600' data-bg-image='https:\/\/nuestrosescritores.com\/raul-gimeno\/wp-content\/uploads\/sites\/237\/2026\/04\/7cq0f-stw9m.jpg' data-bg-repeat='false' data-id='' style='display: none'><\/div><div class=\"gambit_fullheight_row\" data-content-location=\"center\" style=\"display: none\"><\/div>[\/vc_column][\/vc_row][vc_row][vc_column extend=&#8221;false&#8221;][vc_column_text css=&#8221;.vc_custom_1775414027290{padding-top: 5% !important;padding-right: 5% !important;padding-bottom: 5% !important;padding-left: 5% !important;}&#8221;]\n<h1><strong>A ORILLAS DEL NECKAR<\/strong><\/h1>\n<p>Hubo un tiempo<br \/>\nen que los hombres<br \/>\npod\u00edan soportar<br \/>\nla presencia de un dios.<br \/>\nCuando el poeta nombraba<br \/>\nno se\u00f1alaba ni describ\u00eda, invocaba.<br \/>\nPero hemos olvidado los or\u00edgenes,<br \/>\nperdido la inocencia y la capacidad<br \/>\nde asombro.<br \/>\n\u00bfPara qu\u00e9 poetas en tiempos de miseria?<br \/>\nLo m\u00e1s cercano no puede<br \/>\nser alcanzado.<\/p>\n<p>&nbsp;[\/vc_column_text][\/vc_column][\/vc_row][vc_row full_width=&#8221;stretch_row_content_no_spaces&#8221;][vc_column extend=&#8221;false&#8221;]<div class='gambit_parallax_row' data-bg-align='' data-direction='fixed' data-opacity='100' data-velocity='-0.3' data-mobile-enabled='' data-bg-height='1067' data-bg-width='1600' data-bg-image='https:\/\/nuestrosescritores.com\/raul-gimeno\/wp-content\/uploads\/sites\/237\/2026\/04\/z-q3ob3kvqs.jpg' data-bg-repeat='false' data-id='' style='display: none'><\/div><div class=\"gambit_fullheight_row\" data-content-location=\"center\" style=\"display: none\"><\/div>[\/vc_column][\/vc_row][vc_row][vc_column extend=&#8221;false&#8221;][vc_column_text css=&#8221;.vc_custom_1775414071092{padding-top: 5% !important;padding-right: 5% !important;padding-bottom: 5% !important;padding-left: 5% !important;}&#8221;]\n<h1><strong>AURORA DE ROSADOS DEDOS<\/strong><\/h1>\n<p>Todo adquiere nueva luz<br \/>\ny el silencio,<br \/>\ncon alegr\u00eda renovada,<br \/>\nse derrama en el paisaje<br \/>\ny lo fertiliza.<br \/>\nNada permanece, todo muda<br \/>\nen un instante de iluminaci\u00f3n<br \/>\nque se eterniza.<br \/>\nTampoco las palabras suenan como antes<br \/>\ny de su ceniza nueva llama arde.<br \/>\nCon gozo descubres<br \/>\nen el arder o en el mudar<br \/>\nel puro acontecer, la realidad real.<br \/>\nAprendiendo a mirar<br \/>\ncon el coraz\u00f3n.<\/p>\n<p>&nbsp;<\/p>\n<p>&nbsp;[\/vc_column_text][\/vc_column][\/vc_row][vc_row][vc_column extend=&#8221;false&#8221;]<div class='gambit_parallax_row' data-bg-align='' data-direction='fixed' data-opacity='100' data-velocity='-0.3' data-mobile-enabled='' data-bg-height='1200' data-bg-width='800' data-bg-image='https:\/\/nuestrosescritores.com\/raul-gimeno\/wp-content\/uploads\/sites\/237\/2026\/04\/ft_wn-k5yh8.jpg' data-bg-repeat='false' data-id='' style='display: none'><\/div><div class=\"gambit_fullheight_row\" data-content-location=\"center\" style=\"display: none\"><\/div>[\/vc_column][\/vc_row][vc_row][vc_column extend=&#8221;false&#8221;][vc_column_text css=&#8221;.vc_custom_1775414130090{padding-top: 5% !important;padding-right: 5% !important;padding-bottom: 5% !important;padding-left: 5% !important;}&#8221;]\n<h1><strong>EL TIEMPO DEL POEMA<\/strong><\/h1>\n<p><em>A \u00c1lex Gimeno<\/em><\/p>\n<p>Amigos, hoy quiero celebrar<br \/>\neste silencio que me vive<br \/>\ny me hace vivir<br \/>\nen mitad del bullicio.<br \/>\nCon mi canto desnudo<br \/>\ntodo se lo ofrezco.<br \/>\nBebamos por las cenizas<br \/>\ny pidamos un imposible<br \/>\na la poes\u00eda,<br \/>\nmanifestaci\u00f3n de un dios humano<br \/>\nque sufre y ama en nosotros:<br \/>\nQue advenga el tiempo del poema<br \/>\ny las cenizas ardan de nuevo,<br \/>\nque el poeta enmudezca<br \/>\ny quede el di\u00e1logo<br \/>\nentre el silencio de antes<br \/>\ny el silencio de despu\u00e9s.<br \/>\nLa verdadera poes\u00eda es conversaci\u00f3n<br \/>\ndonde el poeta es testimonial.<br \/>\nCallemos,<br \/>\nno m\u00e1s palabras canallas.<br \/>\nQuiero brindar por la vida,<br \/>\nno rememorar la muerte<br \/>\nde un dios cercano.<br \/>\nNombrar es matar.<br \/>\nEl poeta que no abre un espacio<br \/>\nal silencio<br \/>\nes culpable<br \/>\ndel mayor de los cr\u00edmenes: deicidio.<br \/>\nCallemos, callemos.[\/vc_column_text][\/vc_column][\/vc_row][vc_row][vc_column extend=&#8221;false&#8221;]<div class='gambit_parallax_row' data-bg-align='' data-direction='fixed' data-opacity='100' data-velocity='-0.3' data-mobile-enabled='' data-bg-height='1067' data-bg-width='1600' data-bg-image='https:\/\/nuestrosescritores.com\/raul-gimeno\/wp-content\/uploads\/sites\/237\/2026\/04\/nm_mz4cs2i.jpg' data-bg-repeat='false' data-id='' style='display: none'><\/div><div class=\"gambit_fullheight_row\" data-content-location=\"center\" style=\"display: none\"><\/div>[\/vc_column][\/vc_row][vc_row][vc_column extend=&#8221;false&#8221;][vc_column_text css=&#8221;.vc_custom_1775414184420{padding-top: 5% !important;padding-right: 5% !important;padding-bottom: 5% !important;padding-left: 5% !important;}&#8221;]\n<h1><strong>INSTANTE<\/strong><\/h1>\n<p>Amanece como siempre,<br \/>\npor primera vez.<br \/>\nTe asombra que viejas palabras dichas<br \/>\npor el silencio<br \/>\nsuenen a nuevas<br \/>\ny que objetos cotidianos<br \/>\nestando a oscuras<br \/>\ndesvelen su desnudez.<br \/>\nBuscas a tientas,<br \/>\ntocas la piel de la silla, de la mesa.<br \/>\nTiemblan como animalitos desvalidos.<br \/>\nSientes su respiraci\u00f3n en tu entra\u00f1a.<br \/>\n\u00a1Qu\u00e9 extra\u00f1a sensaci\u00f3n! Todo<br \/>\nhabita en ti salvo tu yo,<br \/>\nque no lo encuentras.<br \/>\nSe dir\u00eda que eres el mismo siendo otro<br \/>\nmuy distinto.<br \/>\nNo necesitas certezas.<br \/>\nLos pensamientos del hombre<br \/>\nnada valen ante la luz de cada ser<br \/>\nconcentrado<br \/>\nen un punto cero,<br \/>\ncentro que todo lo contiene.<br \/>\nPoco a poco llegar\u00e1 el tiempo<br \/>\npara vestir el mundo con sus velos.<br \/>\nLa costumbre<br \/>\ndevolver\u00e1 la palabra, los ojos<br \/>\nla ficticia distancia.<br \/>\nNacer\u00e1 un poema a la nostalgia<br \/>\nde una p\u00e9rdida que no recuerdas<br \/>\npero que sientes muy cerca.<br \/>\nUn gozo intermitente.<\/p>\n<p>Volver\u00e1s a creer en una raz\u00f3n tirana.<br \/>\nLo que fue nunca ser\u00e1<br \/>\ny lo que no fue ser\u00e1 de nuevo.<br \/>\nCelebrar\u00e1s las horas huecas,<br \/>\nte perder\u00e1s en tramas insustanciales.<br \/>\nExtraviado en el afuera<br \/>\ndejar\u00e1s de sentir el latido c\u00f3smico<br \/>\ndel coraz\u00f3n compartido.<br \/>\nPero no todo estar\u00e1 perdido.<br \/>\nCuando venga la muerte<br \/>\na cubrir de abismo tus ojos,<br \/>\nrecuperada la ceguera y sintiendo<br \/>\ncrecer la sequedad interior<br \/>\nte ir\u00e1s despidiendo de cada cosa.<br \/>\nAntes de hacerse la nada<br \/>\nmorir\u00e1 el yo que te sustenta.<br \/>\nTal vez, en ese \u00faltimo instante,<br \/>\ncuando el cuerpo te haya abandonado<br \/>\npero la memoria de los p\u00e1rpados<br \/>\na\u00fan retenga los fr\u00edos dedos<br \/>\nse dibujar\u00e1 una sonrisa en tus labios.[\/vc_column_text][\/vc_column][\/vc_row][vc_row][vc_column extend=&#8221;false&#8221;]<div class='gambit_parallax_row' data-bg-align='' data-direction='fixed' data-opacity='100' data-velocity='-0.3' data-mobile-enabled='' data-bg-height='1067' data-bg-width='1600' data-bg-image='https:\/\/nuestrosescritores.com\/raul-gimeno\/wp-content\/uploads\/sites\/237\/2026\/04\/zh0mcquw_eq.jpg' data-bg-repeat='false' data-id='' style='display: none'><\/div><div class=\"gambit_fullheight_row\" data-content-location=\"center\" style=\"display: none\"><\/div>[\/vc_column][\/vc_row][vc_row][vc_column extend=&#8221;false&#8221;][vc_column_text css=&#8221;.vc_custom_1775414241093{padding-top: 5% !important;padding-right: 5% !important;padding-bottom: 5% !important;padding-left: 5% !important;}&#8221;]\n<h1><strong>DUERMEVELA<\/strong><\/h1>\n<p><em>A mi padre, In memoriam<\/em><\/p>\n<p>A menudo te siento tan cerca<br \/>\nque te llamo agitado<br \/>\npero nunca contestas.<br \/>\nTe busco, tanteo con las manos la oscuridad<br \/>\ny nada encuentro.<br \/>\nCuando te sue\u00f1o, no eres t\u00fa.<br \/>\nEs la imaginaci\u00f3n que me lleva a enga\u00f1o.<br \/>\nPero hoy todo es distinto. Mis ojos ven<br \/>\ncon claridad,<br \/>\ncomo nacidos de nuevo.<br \/>\nUn vac\u00edo amable y rumoroso,<br \/>\narroyuelo de tiniebla que se adivina,<br \/>\nsusurra palabras familiares que todo lo llenan.<br \/>\nTe duele la luz como<br \/>\na L\u00e1zaro.<\/p>\n<p>El coraz\u00f3n, centro del ser,<br \/>\nm\u00e1gicamente se ha iluminado<br \/>\ny doy las gracias con l\u00e1grimas derramadas<br \/>\nporque te siento tan hondo que nada podr\u00e1 ya<br \/>\nsepararnos.<br \/>\nS\u00e9, despu\u00e9s de los a\u00f1os, que siempre<br \/>\nte encontrar\u00e9 en este gesto tan m\u00edo<br \/>\nque te pertenece.<br \/>\nEl gesto permanece.[\/vc_column_text][\/vc_column][\/vc_row][vc_row][vc_column extend=&#8221;false&#8221;]<div class='gambit_parallax_row' data-bg-align='' data-direction='fixed' data-opacity='100' data-velocity='-0.3' data-mobile-enabled='' data-bg-height='1200' data-bg-width='727' data-bg-image='https:\/\/nuestrosescritores.com\/raul-gimeno\/wp-content\/uploads\/sites\/237\/2026\/04\/o5_icecoioa.jpg' data-bg-repeat='false' data-id='' style='display: none'><\/div><div class=\"gambit_fullheight_row\" data-content-location=\"center\" style=\"display: none\"><\/div>[vc_column_text css=&#8221;&#8221;]\n<p style=\"text-align: center;\"><a class=\"fasc-button fasc-size-xlarge fasc-type-glossy fasc-rounded-medium\" style=\"background-color: #33809e; color: #ffffff;\" href=\"https:\/\/librodepoesia.com\/libro\/don-de-la-invocacion-raul-gimeno\/\">Comprar el libro<\/a><\/p>\n[\/vc_column_text][\/vc_column][\/vc_row]\n<\/div>","protected":false},"excerpt":{"rendered":"<p>Ra\u00fal Gimeno Chicharro (Cerdanyola del Vall\u00e8s, 1981) es poeta y fil\u00f3sofo. Su obra po\u00e9tica, iniciada con Don de la invocaci\u00f3n, transita entre la nada y la existencia, el decir y el callar, en una voz meditativa que aproxima la experiencia m\u00edstica al pensamiento liminal.<\/p>\n","protected":false},"author":1,"featured_media":41,"parent":0,"menu_order":0,"comment_status":"closed","ping_status":"closed","template":"","meta":{"_acf_changed":false,"footnotes":""},"class_list":["post-110","page","type-page","status-publish","has-post-thumbnail","hentry"],"acf":[],"yoast_head":"<!-- This site is optimized with the Yoast SEO Premium plugin v24.7 (Yoast SEO v27.3) - https:\/\/yoast.com\/product\/yoast-seo-premium-wordpress\/ -->\n<title>POES\u00cdA - Ra\u00fal Gimeno<\/title>\n<meta name=\"description\" content=\"Poes\u00eda de Ra\u00fal Gimeno: voz meditativa que explora el lenguaje, el silencio y lo m\u00edstico. Filosof\u00eda y emoci\u00f3n en cada verso.\" \/>\n<meta name=\"robots\" content=\"index, follow, max-snippet:-1, max-image-preview:large, max-video-preview:-1\" \/>\n<link rel=\"canonical\" href=\"https:\/\/nuestrosescritores.com\/raul-gimeno\/poesia\/\" \/>\n<meta property=\"og:locale\" content=\"es_ES\" \/>\n<meta property=\"og:type\" content=\"article\" \/>\n<meta property=\"og:title\" content=\"POES\u00cdA\" \/>\n<meta property=\"og:description\" content=\"Poes\u00eda de Ra\u00fal Gimeno: voz meditativa que explora el lenguaje, el silencio y lo m\u00edstico. Filosof\u00eda y emoci\u00f3n en cada verso.\" \/>\n<meta property=\"og:url\" content=\"https:\/\/nuestrosescritores.com\/raul-gimeno\/poesia\/\" \/>\n<meta property=\"og:site_name\" content=\"Ra\u00fal Gimeno\" \/>\n<meta property=\"article:modified_time\" content=\"2026-04-05T18:52:29+00:00\" \/>\n<meta property=\"og:image\" content=\"http:\/\/nuestrosescritores.com\/raul-gimeno\/wp-content\/uploads\/sites\/237\/2026\/04\/book2.png\" \/>\n\t<meta property=\"og:image:width\" content=\"839\" \/>\n\t<meta property=\"og:image:height\" content=\"794\" \/>\n\t<meta property=\"og:image:type\" content=\"image\/png\" \/>\n<meta name=\"twitter:card\" content=\"summary_large_image\" \/>\n<meta name=\"twitter:label1\" content=\"Tiempo de lectura\" \/>\n\t<meta name=\"twitter:data1\" content=\"4 minutos\" \/>\n<script type=\"application\/ld+json\" class=\"yoast-schema-graph\">{\"@context\":\"https:\\\/\\\/schema.org\",\"@graph\":[{\"@type\":\"WebPage\",\"@id\":\"https:\\\/\\\/nuestrosescritores.com\\\/raul-gimeno\\\/poesia\\\/\",\"url\":\"https:\\\/\\\/nuestrosescritores.com\\\/raul-gimeno\\\/poesia\\\/\",\"name\":\"POES\u00cdA - Ra\u00fal Gimeno\",\"isPartOf\":{\"@id\":\"https:\\\/\\\/nuestrosescritores.com\\\/raul-gimeno\\\/#website\"},\"primaryImageOfPage\":{\"@id\":\"https:\\\/\\\/nuestrosescritores.com\\\/raul-gimeno\\\/poesia\\\/#primaryimage\"},\"image\":{\"@id\":\"https:\\\/\\\/nuestrosescritores.com\\\/raul-gimeno\\\/poesia\\\/#primaryimage\"},\"thumbnailUrl\":\"https:\\\/\\\/nuestrosescritores.com\\\/raul-gimeno\\\/wp-content\\\/uploads\\\/sites\\\/237\\\/2026\\\/04\\\/book2.png\",\"datePublished\":\"2026-04-05T18:41:58+00:00\",\"dateModified\":\"2026-04-05T18:52:29+00:00\",\"description\":\"Poes\u00eda de Ra\u00fal Gimeno: voz meditativa que explora el lenguaje, el silencio y lo m\u00edstico. Filosof\u00eda y emoci\u00f3n en cada verso.\",\"breadcrumb\":{\"@id\":\"https:\\\/\\\/nuestrosescritores.com\\\/raul-gimeno\\\/poesia\\\/#breadcrumb\"},\"inLanguage\":\"es\",\"potentialAction\":[{\"@type\":\"ReadAction\",\"target\":[\"https:\\\/\\\/nuestrosescritores.com\\\/raul-gimeno\\\/poesia\\\/\"]}]},{\"@type\":\"ImageObject\",\"inLanguage\":\"es\",\"@id\":\"https:\\\/\\\/nuestrosescritores.com\\\/raul-gimeno\\\/poesia\\\/#primaryimage\",\"url\":\"https:\\\/\\\/nuestrosescritores.com\\\/raul-gimeno\\\/wp-content\\\/uploads\\\/sites\\\/237\\\/2026\\\/04\\\/book2.png\",\"contentUrl\":\"https:\\\/\\\/nuestrosescritores.com\\\/raul-gimeno\\\/wp-content\\\/uploads\\\/sites\\\/237\\\/2026\\\/04\\\/book2.png\",\"width\":839,\"height\":794},{\"@type\":\"BreadcrumbList\",\"@id\":\"https:\\\/\\\/nuestrosescritores.com\\\/raul-gimeno\\\/poesia\\\/#breadcrumb\",\"itemListElement\":[{\"@type\":\"ListItem\",\"position\":1,\"name\":\"Portada\",\"item\":\"https:\\\/\\\/nuestrosescritores.com\\\/raul-gimeno\\\/\"},{\"@type\":\"ListItem\",\"position\":2,\"name\":\"POES\u00cdA\"}]},{\"@type\":\"WebSite\",\"@id\":\"https:\\\/\\\/nuestrosescritores.com\\\/raul-gimeno\\\/#website\",\"url\":\"https:\\\/\\\/nuestrosescritores.com\\\/raul-gimeno\\\/\",\"name\":\"Nuestros escritores\",\"description\":\"Escritor\",\"potentialAction\":[{\"@type\":\"SearchAction\",\"target\":{\"@type\":\"EntryPoint\",\"urlTemplate\":\"https:\\\/\\\/nuestrosescritores.com\\\/raul-gimeno\\\/?s={search_term_string}\"},\"query-input\":{\"@type\":\"PropertyValueSpecification\",\"valueRequired\":true,\"valueName\":\"search_term_string\"}}],\"inLanguage\":\"es\"}]}<\/script>\n<!-- \/ Yoast SEO Premium plugin. -->","yoast_head_json":{"title":"POES\u00cdA - Ra\u00fal Gimeno","description":"Poes\u00eda de Ra\u00fal Gimeno: voz meditativa que explora el lenguaje, el silencio y lo m\u00edstico. Filosof\u00eda y emoci\u00f3n en cada verso.","robots":{"index":"index","follow":"follow","max-snippet":"max-snippet:-1","max-image-preview":"max-image-preview:large","max-video-preview":"max-video-preview:-1"},"canonical":"https:\/\/nuestrosescritores.com\/raul-gimeno\/poesia\/","og_locale":"es_ES","og_type":"article","og_title":"POES\u00cdA","og_description":"Poes\u00eda de Ra\u00fal Gimeno: voz meditativa que explora el lenguaje, el silencio y lo m\u00edstico. Filosof\u00eda y emoci\u00f3n en cada verso.","og_url":"https:\/\/nuestrosescritores.com\/raul-gimeno\/poesia\/","og_site_name":"Ra\u00fal Gimeno","article_modified_time":"2026-04-05T18:52:29+00:00","og_image":[{"width":839,"height":794,"url":"http:\/\/nuestrosescritores.com\/raul-gimeno\/wp-content\/uploads\/sites\/237\/2026\/04\/book2.png","type":"image\/png"}],"twitter_card":"summary_large_image","twitter_misc":{"Tiempo de lectura":"4 minutos"},"schema":{"@context":"https:\/\/schema.org","@graph":[{"@type":"WebPage","@id":"https:\/\/nuestrosescritores.com\/raul-gimeno\/poesia\/","url":"https:\/\/nuestrosescritores.com\/raul-gimeno\/poesia\/","name":"POES\u00cdA - Ra\u00fal Gimeno","isPartOf":{"@id":"https:\/\/nuestrosescritores.com\/raul-gimeno\/#website"},"primaryImageOfPage":{"@id":"https:\/\/nuestrosescritores.com\/raul-gimeno\/poesia\/#primaryimage"},"image":{"@id":"https:\/\/nuestrosescritores.com\/raul-gimeno\/poesia\/#primaryimage"},"thumbnailUrl":"https:\/\/nuestrosescritores.com\/raul-gimeno\/wp-content\/uploads\/sites\/237\/2026\/04\/book2.png","datePublished":"2026-04-05T18:41:58+00:00","dateModified":"2026-04-05T18:52:29+00:00","description":"Poes\u00eda de Ra\u00fal Gimeno: voz meditativa que explora el lenguaje, el silencio y lo m\u00edstico. Filosof\u00eda y emoci\u00f3n en cada verso.","breadcrumb":{"@id":"https:\/\/nuestrosescritores.com\/raul-gimeno\/poesia\/#breadcrumb"},"inLanguage":"es","potentialAction":[{"@type":"ReadAction","target":["https:\/\/nuestrosescritores.com\/raul-gimeno\/poesia\/"]}]},{"@type":"ImageObject","inLanguage":"es","@id":"https:\/\/nuestrosescritores.com\/raul-gimeno\/poesia\/#primaryimage","url":"https:\/\/nuestrosescritores.com\/raul-gimeno\/wp-content\/uploads\/sites\/237\/2026\/04\/book2.png","contentUrl":"https:\/\/nuestrosescritores.com\/raul-gimeno\/wp-content\/uploads\/sites\/237\/2026\/04\/book2.png","width":839,"height":794},{"@type":"BreadcrumbList","@id":"https:\/\/nuestrosescritores.com\/raul-gimeno\/poesia\/#breadcrumb","itemListElement":[{"@type":"ListItem","position":1,"name":"Portada","item":"https:\/\/nuestrosescritores.com\/raul-gimeno\/"},{"@type":"ListItem","position":2,"name":"POES\u00cdA"}]},{"@type":"WebSite","@id":"https:\/\/nuestrosescritores.com\/raul-gimeno\/#website","url":"https:\/\/nuestrosescritores.com\/raul-gimeno\/","name":"Nuestros escritores","description":"Escritor","potentialAction":[{"@type":"SearchAction","target":{"@type":"EntryPoint","urlTemplate":"https:\/\/nuestrosescritores.com\/raul-gimeno\/?s={search_term_string}"},"query-input":{"@type":"PropertyValueSpecification","valueRequired":true,"valueName":"search_term_string"}}],"inLanguage":"es"}]}},"_links":{"self":[{"href":"https:\/\/nuestrosescritores.com\/raul-gimeno\/wp-json\/wp\/v2\/pages\/110","targetHints":{"allow":["GET"]}}],"collection":[{"href":"https:\/\/nuestrosescritores.com\/raul-gimeno\/wp-json\/wp\/v2\/pages"}],"about":[{"href":"https:\/\/nuestrosescritores.com\/raul-gimeno\/wp-json\/wp\/v2\/types\/page"}],"author":[{"embeddable":true,"href":"https:\/\/nuestrosescritores.com\/raul-gimeno\/wp-json\/wp\/v2\/users\/1"}],"replies":[{"embeddable":true,"href":"https:\/\/nuestrosescritores.com\/raul-gimeno\/wp-json\/wp\/v2\/comments?post=110"}],"version-history":[{"count":0,"href":"https:\/\/nuestrosescritores.com\/raul-gimeno\/wp-json\/wp\/v2\/pages\/110\/revisions"}],"wp:featuredmedia":[{"embeddable":true,"href":"https:\/\/nuestrosescritores.com\/raul-gimeno\/wp-json\/wp\/v2\/media\/41"}],"wp:attachment":[{"href":"https:\/\/nuestrosescritores.com\/raul-gimeno\/wp-json\/wp\/v2\/media?parent=110"}],"curies":[{"name":"wp","href":"https:\/\/api.w.org\/{rel}","templated":true}]}}