{"id":60,"date":"2020-05-23T21:12:49","date_gmt":"2020-05-23T21:12:49","guid":{"rendered":"https:\/\/nuestrosescritores.com\/rafaelcigestapia\/?page_id=60"},"modified":"2020-05-23T21:44:03","modified_gmt":"2020-05-23T21:44:03","slug":"poesia","status":"publish","type":"page","link":"https:\/\/nuestrosescritores.com\/rafaelcigestapia\/poesia\/","title":{"rendered":"POES\u00cdA"},"content":{"rendered":"<div class=\"wpb-content-wrapper\">[vc_row][vc_column extend=&#8221;false&#8221;][vc_column_text css=&#8221;.vc_custom_1582373099134{margin-top: -30000px !important;}&#8221;]\n<h1><strong><em><u>Poes\u00eda del libro ALBORADA de RAFAEL CIGES TAPIA. El escritor nos da una muestra tras publicar un libro.<\/u><\/em><\/strong><\/h1>\n<h2><strong><em><u><img fetchpriority=\"high\" decoding=\"async\" class=\"alignnone size-full wp-image-39\" src=\"https:\/\/nuestrosescritores.com\/rafaelcigestapia\/wp-content\/uploads\/sites\/40\/2020\/05\/0_Portada_Alborada.jpg\" alt=\"\" width=\"559\" height=\"794\">Poes\u00eda del libro ALBORADA de RAFAEL CIGES TAPIA El poeta nos da una muestra tras publicar un libro.<\/u><\/em><\/strong><\/h2>\n<h3><strong><em><u>Poes\u00eda del libro ALBORADA de RAFAEL CIGES TAPIA El autor nos da una muestra tras publicar un libro.<\/u><\/em><\/strong><\/h3>\n<h4><strong><em><u>Poes\u00eda del libro ALBORADA de RAFAEL CIGES TAPIA El autor nos da una muestra tras publicar un libro.<\/u><\/em><\/strong><\/h4>\n<h5><strong><em><u>Poes\u00eda del libro ALBORADA de RAFAEL CIGES TAPIA El autor nos da una muestra tras publicar un libro.<\/u><\/em><\/strong><\/h5>\n[\/vc_column_text][\/vc_column][\/vc_row][vc_row full_width=&#8221;stretch_row_content_no_spaces&#8221;][vc_column extend=&#8221;false&#8221;]<div class='gambit_parallax_row' data-bg-align='' data-direction='fixed' data-opacity='100' data-velocity='-0.3' data-mobile-enabled='' data-bg-height='0' data-bg-width='0' data-bg-image='https:\/\/nuestrosescritores.com\/rafaelcigestapia\/wp-content\/uploads\/sites\/40\/2020\/05\/e13ewx0d1vw.jpg' data-bg-repeat='false' data-id='' style='display: none'><\/div><div class=\"gambit_fullheight_row\" data-content-location=\"center\" style=\"display: none\"><\/div>[\/vc_column][\/vc_row][vc_row][vc_column extend=&#8221;false&#8221;][vc_column_text]\n<h1><a name=\"_Toc40469301\"><\/a><strong>MI LEVANTE<\/strong><\/h1>\n<p>&nbsp;<\/p>\n<p>Es curioso como en este mi Levante adorado,<\/p>\n<p>encuentras al m\u00e1s abrigado o despelotado.<\/p>\n<p>Quien se ba\u00f1a hasta en invierno,<\/p>\n<p>y quien solo lo hace cuando la temperatura es de infierno.<\/p>\n<p>Viandantes asiduos por el paseo mar\u00edtimo;<\/p>\n<p>personas que toman el sol en lugar rec\u00f3ndito o \u00edntimo.<\/p>\n<p>Ancianos sentados en bancos con vista en lontananza;<\/p>\n<p>tal vez rememorando de aquella juventud sus andanzas.<\/p>\n<p>Continuos descensos de gaviotas,<\/p>\n<p>con esos graznidos de voz humana rota.<\/p>\n<p>Multitud de palomas blancas emprendiendo el vuelo,<\/p>\n<p>y ese emplazamiento donde estaban que se viste de duelo.<\/p>\n<p>Un sol que siempre acaricia y nunca castiga;<\/p>\n<p>otorgando ese brillo a la mar amiga.<\/p>\n<p>Botes y veleros salpican el horizonte;<\/p>\n<p>en la lejan\u00eda la Torre del Aguil\u00f3 corona su monte.<\/p>\n<p>Bares con sus terrazas desplegados por el litoral,<\/p>\n<p>que a la hora del aperitivo est\u00e1n repletas de personal.<\/p>\n<p>El paseo de turistas en bicicleta es constante;<\/p>\n<p>un d\u00eda m\u00e1s en mi querido Levante.<\/p>\n<p>&nbsp;<\/p>\n<p>&nbsp;<\/p>\n<span class='bctt-click-to-tweet'><span class='bctt-ctt-text'><a href='https:\/\/x.com\/intent\/tweet?url=https%3A%2F%2Fnuestrosescritores.com%2Frafaelcigestapia%2Fpoesia%2F&#038;text=MI%20LEVANTE%C2%A0del%20libro%20ALBORADA%20de%20RAFAEL%20CIGES%20TAPIA&#038;via=poesiaerestu&#038;related=poesiaerestu' target='_blank'rel=\"noopener noreferrer\">MI LEVANTE&nbsp;del libro ALBORADA de RAFAEL CIGES TAPIA <\/a><\/span><a href='https:\/\/x.com\/intent\/tweet?url=https%3A%2F%2Fnuestrosescritores.com%2Frafaelcigestapia%2Fpoesia%2F&#038;text=MI%20LEVANTE%C2%A0del%20libro%20ALBORADA%20de%20RAFAEL%20CIGES%20TAPIA&#038;via=poesiaerestu&#038;related=poesiaerestu' target='_blank' class='bctt-ctt-btn'rel=\"noopener noreferrer\">Compartir en X<\/a><\/span>\n<p>&nbsp;[\/vc_column_text][\/vc_column][\/vc_row][vc_row full_width=&#8221;stretch_row_content_no_spaces&#8221;][vc_column extend=&#8221;false&#8221;]<div class='gambit_parallax_row' data-bg-align='' data-direction='fixed' data-opacity='100' data-velocity='-0.3' data-mobile-enabled='' data-bg-height='1707' data-bg-width='2560' data-bg-image='https:\/\/nuestrosescritores.com\/rafaelcigestapia\/wp-content\/uploads\/sites\/40\/2020\/05\/e9w084wv0no-scaled.jpg' data-bg-repeat='false' data-id='' style='display: none'><\/div><div class=\"gambit_fullheight_row\" data-content-location=\"center\" style=\"display: none\"><\/div>[\/vc_column][\/vc_row][vc_row][vc_column extend=&#8221;false&#8221;][vc_column_text]\n<h1><a name=\"_Toc40469303\"><\/a><strong>BESOS<\/strong><\/h1>\n<p>&nbsp;<\/p>\n<p>Besos regalados con indiferencia;<\/p>\n<p>rutinas e inapetencias.<\/p>\n<p>Besos que se entregan por amistad;<\/p>\n<p>que nunca cambian con la edad.<\/p>\n<p>Besos para cubrir el expediente,<\/p>\n<p>que apenas el p\u00f3mulo los siente.<\/p>\n<p>Besos como ventosas de labios infantiles;<\/p>\n<p>nunca dejar\u00e1n de ser gentiles.<\/p>\n<p>Besos turbados con el primer amor,<\/p>\n<p>que denotan inmaculado candor.<\/p>\n<p>Besos de una madre a su reto\u00f1o;<\/p>\n<p>que en sus brazos se vuelve \u00f1o\u00f1o.<\/p>\n<p>Besos entre diversos familiares,<\/p>\n<p>que normalmente son a pares.<\/p>\n<p>Besos que ya poco se estilan en mano de una dama;<\/p>\n<p>gesto de caballerosidad y respeto que inclinaci\u00f3n reclama.<\/p>\n<p>Besos desde la distancia lanzados al viento,<\/p>\n<p>que en ning\u00fan lugar caer\u00e1n presiento.<\/p>\n<p>Besos poco usuales que se dan en la frente,<\/p>\n<p>a ese ser tan querido que hasta su alma los siente.<\/p>\n<p>&nbsp;<\/p>\n<p>Besos en el cuello que conducen a la pasi\u00f3n,<\/p>\n<p>que dados con excesivo br\u00edo pueden causar un moret\u00f3n.<\/p>\n<p>Variopintos besos compartidos con la pareja,<\/p>\n<p>darlos en \u00edntimo lugar aconseja.<\/p>\n<p>Besos de despedida a ese muerto que va al hoyo,<\/p>\n<p>y a los vivos que van al bollo.<\/p>\n<p>&nbsp;<\/p>\n<span class='bctt-click-to-tweet'><span class='bctt-ctt-text'><a href='https:\/\/x.com\/intent\/tweet?url=https%3A%2F%2Fnuestrosescritores.com%2Frafaelcigestapia%2Fpoesia%2F&#038;text=BESOS%20del%20libro%20ALBORADA%20de%20RAFAEL%20CIGES%20TAPIA&#038;via=poesiaerestu&#038;related=poesiaerestu' target='_blank'rel=\"noopener noreferrer\">BESOS del libro ALBORADA de RAFAEL CIGES TAPIA <\/a><\/span><a href='https:\/\/x.com\/intent\/tweet?url=https%3A%2F%2Fnuestrosescritores.com%2Frafaelcigestapia%2Fpoesia%2F&#038;text=BESOS%20del%20libro%20ALBORADA%20de%20RAFAEL%20CIGES%20TAPIA&#038;via=poesiaerestu&#038;related=poesiaerestu' target='_blank' class='bctt-ctt-btn'rel=\"noopener noreferrer\">Compartir en X<\/a><\/span>\n<p>&nbsp;<\/p>\n<p>&nbsp;[\/vc_column_text][\/vc_column][\/vc_row][vc_row][vc_column extend=&#8221;false&#8221;]<div class='gambit_parallax_row' data-bg-align='' data-direction='fixed' data-opacity='100' data-velocity='-0.3' data-mobile-enabled='' data-bg-height='2560' data-bg-width='1847' data-bg-image='https:\/\/nuestrosescritores.com\/rafaelcigestapia\/wp-content\/uploads\/sites\/40\/2020\/05\/wbrv0wa2zyi-1-scaled.jpg' data-bg-repeat='false' data-id='' style='display: none'><\/div><div class=\"gambit_fullheight_row\" data-content-location=\"center\" style=\"display: none\"><\/div>[\/vc_column][\/vc_row][vc_row][vc_column extend=&#8221;false&#8221;][vc_column_text]\n<h1><a name=\"_Toc40469326\"><\/a><strong>\u00a1LLEGAN LAS ELECCIONES!<\/strong><\/h1>\n<p>&nbsp;<\/p>\n<p>Ya hemos pegado en toda localidad los famosos cartelitos,<\/p>\n<p>aunque algunos pasen el a\u00f1o pintando obscenos letreritos.<\/p>\n<p>Aparecen aquellos con sus atropellos,<\/p>\n<p>y encima del oponente ponen el suyo como un sello.<\/p>\n<p>O los arrancan y hacen trizas,<\/p>\n<p>porque no son de participar en democr\u00e1tica liza.<\/p>\n<p>O escriben sobre estos palabras malsonantes;<\/p>\n<p>mostrando su mala educaci\u00f3n siempre dando el cante.<\/p>\n<p>Y como suele suceder como muestra un bot\u00f3n;<\/p>\n<p>solo hay que escuchar a su representante burdo y falt\u00f3n.<\/p>\n<p>Seg\u00fan se exprese y act\u00fae el pretendiente al cargo,<\/p>\n<p>as\u00ed ser\u00e1 el ejemplo de sus seguidores amable o amargo.<\/p>\n<p>Hay quien odia la bandera que encarna a todos los espa\u00f1oles;<\/p>\n<p>aquel al que a su honor le meten demasiados goles.<\/p>\n<p>Los trapos vienen muy bien para limpiar polvo o grasa,<\/p>\n<p>porque como estandarte de la naci\u00f3n ser\u00eda una guasa.<\/p>\n<p>Habr\u00e1 quienes voten a los que defiendan los valores,<\/p>\n<p>y queden fuera los que generan grandes temores.<\/p>\n<p>Pero como Espa\u00f1a es una peculiar naci\u00f3n,<\/p>\n<p>habr\u00e1 quienes de ambas opciones tenga contraria opini\u00f3n.<\/p>\n<p>&nbsp;<\/p>\n<p>&nbsp;<\/p>\n<p>&nbsp;<\/p>\n<p>&nbsp;<\/p>\n<p>&nbsp;<\/p>\n<span class='bctt-click-to-tweet'><span class='bctt-ctt-text'><a href='https:\/\/x.com\/intent\/tweet?url=https%3A%2F%2Fnuestrosescritores.com%2Frafaelcigestapia%2Fpoesia%2F&#038;text=%C2%A1LLEGAN%20LAS%20ELECCIONES%21%20del%20libro%20ALBORADA%20de%20RAFAEL%20CIGES%20TAPIA&#038;via=poesiaerestu&#038;related=poesiaerestu' target='_blank'rel=\"noopener noreferrer\">\u00a1LLEGAN LAS ELECCIONES! del libro ALBORADA de RAFAEL CIGES TAPIA <\/a><\/span><a href='https:\/\/x.com\/intent\/tweet?url=https%3A%2F%2Fnuestrosescritores.com%2Frafaelcigestapia%2Fpoesia%2F&#038;text=%C2%A1LLEGAN%20LAS%20ELECCIONES%21%20del%20libro%20ALBORADA%20de%20RAFAEL%20CIGES%20TAPIA&#038;via=poesiaerestu&#038;related=poesiaerestu' target='_blank' class='bctt-ctt-btn'rel=\"noopener noreferrer\">Compartir en X<\/a><\/span>[\/vc_column_text][\/vc_column][\/vc_row][vc_row][vc_column extend=&#8221;false&#8221;]<div class='gambit_parallax_row' data-bg-align='' data-direction='fixed' data-opacity='100' data-velocity='-0.3' data-mobile-enabled='' data-bg-height='1707' data-bg-width='2560' data-bg-image='https:\/\/nuestrosescritores.com\/rafaelcigestapia\/wp-content\/uploads\/sites\/40\/2020\/05\/lezb24alddq-scaled.jpg' data-bg-repeat='false' data-id='' style='display: none'><\/div><div class=\"gambit_fullheight_row\" data-content-location=\"center\" style=\"display: none\"><\/div>[\/vc_column][\/vc_row][vc_row][vc_column extend=&#8221;false&#8221;][vc_column_text]\n<h1><a name=\"_Toc40469349\"><\/a><strong>PUNTA DE METAL<\/strong><\/h1>\n<p>&nbsp;<\/p>\n<p>La pluma cobr\u00f3 vida y escrib\u00eda sin cesar;<\/p>\n<p>signos, n\u00fameros, palabras comenzaban a brotar.<\/p>\n<p>Punta de metal plateada o dorada,<\/p>\n<p>que al emanar la tinta embadurnaba.<\/p>\n<p>No hab\u00eda mano que controlara sus paseos;<\/p>\n<p>ella caminaba imponiendo sus deseos.<\/p>\n<p>El ambarino pliego v\u00edctima de los movimientos desgarrados,<\/p>\n<p>yac\u00eda pacientemente esperando a que otros fueran utilizados.<\/p>\n<p>Libre esta de la dictadura de la mano,<\/p>\n<p>no dejaba lugar en blanco sano.<\/p>\n<p>Pero el tintero se rebel\u00f3 y sec\u00f3 su interior al instante;<\/p>\n<p>ya la pluma solo rasgaba, no necesitaba secante.<\/p>\n<p>Entonces la pluma rog\u00f3 a la mano que la abrazara;<\/p>\n<p>la mano le respondi\u00f3 que otra vez lo pensara.<\/p>\n<p>&nbsp;<\/p>\n<span class='bctt-click-to-tweet'><span class='bctt-ctt-text'><a href='https:\/\/x.com\/intent\/tweet?url=https%3A%2F%2Fnuestrosescritores.com%2Frafaelcigestapia%2Fpoesia%2F&#038;text=PUNTA%20DE%20METAL%20del%20libro%20ALBORADA%20de%20RAFAEL%20CIGES%20TAPIA&#038;via=poesiaerestu&#038;related=poesiaerestu' target='_blank'rel=\"noopener noreferrer\">PUNTA DE METAL del libro ALBORADA de RAFAEL CIGES TAPIA <\/a><\/span><a href='https:\/\/x.com\/intent\/tweet?url=https%3A%2F%2Fnuestrosescritores.com%2Frafaelcigestapia%2Fpoesia%2F&#038;text=PUNTA%20DE%20METAL%20del%20libro%20ALBORADA%20de%20RAFAEL%20CIGES%20TAPIA&#038;via=poesiaerestu&#038;related=poesiaerestu' target='_blank' class='bctt-ctt-btn'rel=\"noopener noreferrer\">Compartir en X<\/a><\/span>[\/vc_column_text][\/vc_column][\/vc_row][vc_row][vc_column extend=&#8221;false&#8221;]<div class='gambit_parallax_row' data-bg-align='' data-direction='fixed' data-opacity='100' data-velocity='-0.3' data-mobile-enabled='' data-bg-height='2560' data-bg-width='1707' data-bg-image='https:\/\/nuestrosescritores.com\/rafaelcigestapia\/wp-content\/uploads\/sites\/40\/2020\/05\/kxb7q987em8-scaled.jpg' data-bg-repeat='false' data-id='' style='display: none'><\/div><div class=\"gambit_fullheight_row\" data-content-location=\"center\" style=\"display: none\"><\/div>[\/vc_column][\/vc_row][vc_row][vc_column extend=&#8221;false&#8221;][vc_column_text]\n<h1><a name=\"_Toc40469379\"><\/a><strong>TACOS HABITUALES<\/strong><\/h1>\n<p>&nbsp;<\/p>\n<p>No soy individuo que habitualmente hable mal,<\/p>\n<p>pero a veces el &#8220;co\u00f1o&#8221; y el &#8220;cojones&#8221;, me sale de manera natural.<\/p>\n<p>El primer vocablo se utiliza en Madrid y otras regiones,<\/p>\n<p>y el segundo en toda Espa\u00f1a con multitud de opciones.<\/p>\n<p>Se puede decir con gracia ante particulares situaciones,<\/p>\n<p>o por desgracia porque alguien quiere meterte algo a empujones.<\/p>\n<p>Muy reiterado cuando hay cabreo,<\/p>\n<p>o cuando alguien est\u00e1 en demas\u00eda de cachondeo.<\/p>\n<p>Se utiliza mucho el n\u00famero par,<\/p>\n<p>aunque algunos utilizan incre\u00edblemente el impar;<\/p>\n<p>posiblemente aquel al que nadie puede igualar.<\/p>\n<p>Y estos tan pronunciados atributos,<\/p>\n<p>los utiliza desde el m\u00e1s intelectual hasta el m\u00e1s bruto.<\/p>\n<p>Hay quien con mirada desafiante te dice: me vas a tocar\u2026 las bolas,<\/p>\n<p>y yo mientras pensando: seguro que para pate\u00e1rselas hay cola.<\/p>\n<p>Y desde hace tiempo algunas mujeres suelen utilizarlo;<\/p>\n<p>pero no piensen mal, que no es para tocarlos,<\/p>\n<p>pues tiene derecho a desafiar al var\u00f3n por no usarlos.<\/p>\n<p>El pol\u00edtico es muy dado a colocarlos con preposici\u00f3n,<\/p>\n<p>y es simplemente para que el ciudadano no tenga otra opci\u00f3n.<\/p>\n<p>Y si encima el menda es dictador;<\/p>\n<p>entonces solo quedan los suyos, porque los dem\u00e1s los corta sin ning\u00fan pudor.<\/p>\n<p>&nbsp;<\/p>\n<p>&nbsp;<\/p>\n<p>&nbsp;<\/p>\n<p>&nbsp;<\/p>\n<span class='bctt-click-to-tweet'><span class='bctt-ctt-text'><a href='https:\/\/x.com\/intent\/tweet?url=https%3A%2F%2Fnuestrosescritores.com%2Frafaelcigestapia%2Fpoesia%2F&#038;text=TACOS%20HABITUALES%20del%20libro%20ALBORADA%20de%20RAFAEL%20CIGES%20TAPIA&#038;via=poesiaerestu&#038;related=poesiaerestu' target='_blank'rel=\"noopener noreferrer\">TACOS HABITUALES del libro ALBORADA de RAFAEL CIGES TAPIA <\/a><\/span><a href='https:\/\/x.com\/intent\/tweet?url=https%3A%2F%2Fnuestrosescritores.com%2Frafaelcigestapia%2Fpoesia%2F&#038;text=TACOS%20HABITUALES%20del%20libro%20ALBORADA%20de%20RAFAEL%20CIGES%20TAPIA&#038;via=poesiaerestu&#038;related=poesiaerestu' target='_blank' class='bctt-ctt-btn'rel=\"noopener noreferrer\">Compartir en X<\/a><\/span>[\/vc_column_text][\/vc_column][\/vc_row][vc_row][vc_column extend=&#8221;false&#8221;]<div class='gambit_parallax_row' data-bg-align='' data-direction='fixed' data-opacity='100' data-velocity='-0.3' data-mobile-enabled='' data-bg-height='360' data-bg-width='1366' data-bg-image='https:\/\/nuestrosescritores.com\/rafaelcigestapia\/wp-content\/uploads\/sites\/40\/2020\/05\/Foto-Alborada_HOA_2_Alargado-Mediano.jpg' data-bg-repeat='false' data-id='' style='display: none'><\/div><div class=\"gambit_fullheight_row\" data-content-location=\"center\" style=\"display: none\"><\/div>[vc_column_text]\n<p style=\"text-align: center;\"><a class=\"fasc-button fasc-size-xlarge fasc-type-glossy fasc-rounded-medium\" style=\"background-color: #33809e; color: #ffffff;\" href=\"https:\/\/librodepoesia.com\/producto\/alborada-rafael-ciges-tapia\/\">Comprar el libro<\/a><\/p>\n[\/vc_column_text][\/vc_column][\/vc_row][vc_row][vc_column extend=&#8221;false&#8221;][vc_column_text css=&#8221;.vc_custom_1549215104378{margin-top: -30000px !important;}&#8221;]\n<h1><strong><em><u>Poes\u00eda del libro ALBORADA de RAFAEL CIGES TAPIA. El escritor nos da una muestra tras publicar un libro.<\/u><\/em><\/strong><\/h1>\n<h2><strong><em><u>Poes\u00eda del libro ALBORADA de RAFAEL CIGES TAPIA El poeta nos da una muestra tras publicar un libro.<\/u><\/em><\/strong><\/h2>\n<h3><strong><em><u>Poes\u00eda del libro ALBORADA de RAFAEL CIGES TAPIA El autor nos da una muestra tras publicar un libro.<\/u><\/em><\/strong><\/h3>\n<h4><strong><em><u>Poes\u00eda del libro ALBORADA de RAFAEL CIGES TAPIA El autor nos da una muestra tras publicar un libro.<\/u><\/em><\/strong><\/h4>\n<h5><strong><em><u>Poes\u00eda del libro ALBORADA de RAFAEL CIGES TAPIA El autor nos da una muestra tras publicar un libro.<\/u><\/em><\/strong><\/h5>\n[\/vc_column_text][\/vc_column][\/vc_row]\n<\/div>","protected":false},"excerpt":{"rendered":"<p>[vc_row][vc_column extend=&#8221;false&#8221;][vc_column_text css=&#8221;.vc_custom_1582373099134{margin-top: -30000px !important;}&#8221;] Poes\u00eda del libro ALBORADA de RAFAEL CIGES TAPIA. El escritor nos da una muestra tras publicar un libro. Poes\u00eda del libro ALBORADA de RAFAEL CIGES TAPIA El poeta nos da una muestra tras publicar un libro. Poes\u00eda del libro ALBORADA de RAFAEL CIGES TAPIA El autor nos da una muestra [&hellip;]<\/p>\n","protected":false},"author":1,"featured_media":0,"parent":0,"menu_order":0,"comment_status":"closed","ping_status":"closed","template":"","meta":{"_acf_changed":false,"footnotes":""},"class_list":["post-60","page","type-page","status-publish","hentry"],"acf":[],"yoast_head":"<!-- This site is optimized with the Yoast SEO Premium plugin v24.7 (Yoast SEO v27.3) - https:\/\/yoast.com\/product\/yoast-seo-premium-wordpress\/ -->\n<title>POES\u00cdA - Rafael Ciges Tapia<\/title>\n<meta name=\"description\" content=\"Poes\u00eda del libro ALBORADA de RAFAEL CIGES TAPIA El autor nos da una muestra tras publicar un libro con la Editorial Poes\u00eda eres t\u00fa 2020.\" \/>\n<meta name=\"robots\" content=\"index, follow, max-snippet:-1, max-image-preview:large, max-video-preview:-1\" \/>\n<link rel=\"canonical\" href=\"https:\/\/nuestrosescritores.com\/rafaelcigestapia\/poesia\/\" \/>\n<meta property=\"og:locale\" content=\"es_ES\" \/>\n<meta property=\"og:type\" content=\"article\" \/>\n<meta property=\"og:title\" content=\"POES\u00cdA\" \/>\n<meta property=\"og:description\" content=\"Poes\u00eda del libro ALBORADA de RAFAEL CIGES TAPIA El autor nos da una muestra tras publicar un libro con la Editorial Poes\u00eda eres t\u00fa 2020.\" \/>\n<meta property=\"og:url\" content=\"https:\/\/nuestrosescritores.com\/rafaelcigestapia\/poesia\/\" \/>\n<meta property=\"og:site_name\" content=\"Rafael Ciges Tapia\" \/>\n<meta property=\"article:modified_time\" content=\"2020-05-23T21:44:03+00:00\" \/>\n<meta property=\"og:image\" content=\"https:\/\/nuestrosescritores.com\/rafaelcigestapia\/wp-content\/uploads\/sites\/40\/2020\/05\/0_Portada_Alborada.jpg\" \/>\n<meta name=\"twitter:card\" content=\"summary_large_image\" \/>\n<meta name=\"twitter:label1\" content=\"Tiempo de lectura\" \/>\n\t<meta name=\"twitter:data1\" content=\"7 minutos\" \/>\n<script type=\"application\/ld+json\" class=\"yoast-schema-graph\">{\"@context\":\"https:\\\/\\\/schema.org\",\"@graph\":[{\"@type\":\"WebPage\",\"@id\":\"https:\\\/\\\/nuestrosescritores.com\\\/rafaelcigestapia\\\/poesia\\\/\",\"url\":\"https:\\\/\\\/nuestrosescritores.com\\\/rafaelcigestapia\\\/poesia\\\/\",\"name\":\"POES\u00cdA - Rafael Ciges Tapia\",\"isPartOf\":{\"@id\":\"https:\\\/\\\/nuestrosescritores.com\\\/rafaelcigestapia\\\/#website\"},\"primaryImageOfPage\":{\"@id\":\"https:\\\/\\\/nuestrosescritores.com\\\/rafaelcigestapia\\\/poesia\\\/#primaryimage\"},\"image\":{\"@id\":\"https:\\\/\\\/nuestrosescritores.com\\\/rafaelcigestapia\\\/poesia\\\/#primaryimage\"},\"thumbnailUrl\":\"https:\\\/\\\/nuestrosescritores.com\\\/rafaelcigestapia\\\/wp-content\\\/uploads\\\/sites\\\/40\\\/2020\\\/05\\\/0_Portada_Alborada.jpg\",\"datePublished\":\"2020-05-23T21:12:49+00:00\",\"dateModified\":\"2020-05-23T21:44:03+00:00\",\"description\":\"Poes\u00eda del libro ALBORADA de RAFAEL CIGES TAPIA El autor nos da una muestra tras publicar un libro con la Editorial Poes\u00eda eres t\u00fa 2020.\",\"breadcrumb\":{\"@id\":\"https:\\\/\\\/nuestrosescritores.com\\\/rafaelcigestapia\\\/poesia\\\/#breadcrumb\"},\"inLanguage\":\"es\",\"potentialAction\":[{\"@type\":\"ReadAction\",\"target\":[\"https:\\\/\\\/nuestrosescritores.com\\\/rafaelcigestapia\\\/poesia\\\/\"]}]},{\"@type\":\"ImageObject\",\"inLanguage\":\"es\",\"@id\":\"https:\\\/\\\/nuestrosescritores.com\\\/rafaelcigestapia\\\/poesia\\\/#primaryimage\",\"url\":\"https:\\\/\\\/nuestrosescritores.com\\\/rafaelcigestapia\\\/wp-content\\\/uploads\\\/sites\\\/40\\\/2020\\\/05\\\/0_Portada_Alborada.jpg\",\"contentUrl\":\"https:\\\/\\\/nuestrosescritores.com\\\/rafaelcigestapia\\\/wp-content\\\/uploads\\\/sites\\\/40\\\/2020\\\/05\\\/0_Portada_Alborada.jpg\",\"width\":559,\"height\":794},{\"@type\":\"BreadcrumbList\",\"@id\":\"https:\\\/\\\/nuestrosescritores.com\\\/rafaelcigestapia\\\/poesia\\\/#breadcrumb\",\"itemListElement\":[{\"@type\":\"ListItem\",\"position\":1,\"name\":\"Portada\",\"item\":\"https:\\\/\\\/nuestrosescritores.com\\\/rafaelcigestapia\\\/\"},{\"@type\":\"ListItem\",\"position\":2,\"name\":\"POES\u00cdA\"}]},{\"@type\":\"WebSite\",\"@id\":\"https:\\\/\\\/nuestrosescritores.com\\\/rafaelcigestapia\\\/#website\",\"url\":\"https:\\\/\\\/nuestrosescritores.com\\\/rafaelcigestapia\\\/\",\"name\":\"Nuestros escritores\",\"description\":\"Escritor\",\"potentialAction\":[{\"@type\":\"SearchAction\",\"target\":{\"@type\":\"EntryPoint\",\"urlTemplate\":\"https:\\\/\\\/nuestrosescritores.com\\\/rafaelcigestapia\\\/?s={search_term_string}\"},\"query-input\":{\"@type\":\"PropertyValueSpecification\",\"valueRequired\":true,\"valueName\":\"search_term_string\"}}],\"inLanguage\":\"es\"}]}<\/script>\n<!-- \/ Yoast SEO Premium plugin. -->","yoast_head_json":{"title":"POES\u00cdA - Rafael Ciges Tapia","description":"Poes\u00eda del libro ALBORADA de RAFAEL CIGES TAPIA El autor nos da una muestra tras publicar un libro con la Editorial Poes\u00eda eres t\u00fa 2020.","robots":{"index":"index","follow":"follow","max-snippet":"max-snippet:-1","max-image-preview":"max-image-preview:large","max-video-preview":"max-video-preview:-1"},"canonical":"https:\/\/nuestrosescritores.com\/rafaelcigestapia\/poesia\/","og_locale":"es_ES","og_type":"article","og_title":"POES\u00cdA","og_description":"Poes\u00eda del libro ALBORADA de RAFAEL CIGES TAPIA El autor nos da una muestra tras publicar un libro con la Editorial Poes\u00eda eres t\u00fa 2020.","og_url":"https:\/\/nuestrosescritores.com\/rafaelcigestapia\/poesia\/","og_site_name":"Rafael Ciges Tapia","article_modified_time":"2020-05-23T21:44:03+00:00","og_image":[{"url":"https:\/\/nuestrosescritores.com\/rafaelcigestapia\/wp-content\/uploads\/sites\/40\/2020\/05\/0_Portada_Alborada.jpg","type":"","width":"","height":""}],"twitter_card":"summary_large_image","twitter_misc":{"Tiempo de lectura":"7 minutos"},"schema":{"@context":"https:\/\/schema.org","@graph":[{"@type":"WebPage","@id":"https:\/\/nuestrosescritores.com\/rafaelcigestapia\/poesia\/","url":"https:\/\/nuestrosescritores.com\/rafaelcigestapia\/poesia\/","name":"POES\u00cdA - Rafael Ciges Tapia","isPartOf":{"@id":"https:\/\/nuestrosescritores.com\/rafaelcigestapia\/#website"},"primaryImageOfPage":{"@id":"https:\/\/nuestrosescritores.com\/rafaelcigestapia\/poesia\/#primaryimage"},"image":{"@id":"https:\/\/nuestrosescritores.com\/rafaelcigestapia\/poesia\/#primaryimage"},"thumbnailUrl":"https:\/\/nuestrosescritores.com\/rafaelcigestapia\/wp-content\/uploads\/sites\/40\/2020\/05\/0_Portada_Alborada.jpg","datePublished":"2020-05-23T21:12:49+00:00","dateModified":"2020-05-23T21:44:03+00:00","description":"Poes\u00eda del libro ALBORADA de RAFAEL CIGES TAPIA El autor nos da una muestra tras publicar un libro con la Editorial Poes\u00eda eres t\u00fa 2020.","breadcrumb":{"@id":"https:\/\/nuestrosescritores.com\/rafaelcigestapia\/poesia\/#breadcrumb"},"inLanguage":"es","potentialAction":[{"@type":"ReadAction","target":["https:\/\/nuestrosescritores.com\/rafaelcigestapia\/poesia\/"]}]},{"@type":"ImageObject","inLanguage":"es","@id":"https:\/\/nuestrosescritores.com\/rafaelcigestapia\/poesia\/#primaryimage","url":"https:\/\/nuestrosescritores.com\/rafaelcigestapia\/wp-content\/uploads\/sites\/40\/2020\/05\/0_Portada_Alborada.jpg","contentUrl":"https:\/\/nuestrosescritores.com\/rafaelcigestapia\/wp-content\/uploads\/sites\/40\/2020\/05\/0_Portada_Alborada.jpg","width":559,"height":794},{"@type":"BreadcrumbList","@id":"https:\/\/nuestrosescritores.com\/rafaelcigestapia\/poesia\/#breadcrumb","itemListElement":[{"@type":"ListItem","position":1,"name":"Portada","item":"https:\/\/nuestrosescritores.com\/rafaelcigestapia\/"},{"@type":"ListItem","position":2,"name":"POES\u00cdA"}]},{"@type":"WebSite","@id":"https:\/\/nuestrosescritores.com\/rafaelcigestapia\/#website","url":"https:\/\/nuestrosescritores.com\/rafaelcigestapia\/","name":"Nuestros escritores","description":"Escritor","potentialAction":[{"@type":"SearchAction","target":{"@type":"EntryPoint","urlTemplate":"https:\/\/nuestrosescritores.com\/rafaelcigestapia\/?s={search_term_string}"},"query-input":{"@type":"PropertyValueSpecification","valueRequired":true,"valueName":"search_term_string"}}],"inLanguage":"es"}]}},"_links":{"self":[{"href":"https:\/\/nuestrosescritores.com\/rafaelcigestapia\/wp-json\/wp\/v2\/pages\/60","targetHints":{"allow":["GET"]}}],"collection":[{"href":"https:\/\/nuestrosescritores.com\/rafaelcigestapia\/wp-json\/wp\/v2\/pages"}],"about":[{"href":"https:\/\/nuestrosescritores.com\/rafaelcigestapia\/wp-json\/wp\/v2\/types\/page"}],"author":[{"embeddable":true,"href":"https:\/\/nuestrosescritores.com\/rafaelcigestapia\/wp-json\/wp\/v2\/users\/1"}],"replies":[{"embeddable":true,"href":"https:\/\/nuestrosescritores.com\/rafaelcigestapia\/wp-json\/wp\/v2\/comments?post=60"}],"version-history":[{"count":0,"href":"https:\/\/nuestrosescritores.com\/rafaelcigestapia\/wp-json\/wp\/v2\/pages\/60\/revisions"}],"wp:attachment":[{"href":"https:\/\/nuestrosescritores.com\/rafaelcigestapia\/wp-json\/wp\/v2\/media?parent=60"}],"curies":[{"name":"wp","href":"https:\/\/api.w.org\/{rel}","templated":true}]}}