{"id":6,"date":"2021-10-24T10:19:08","date_gmt":"2021-10-24T10:19:08","guid":{"rendered":"https:\/\/nuestrosescritores.com\/pilarmartinperez\/?page_id=6"},"modified":"2021-10-24T16:24:57","modified_gmt":"2021-10-24T16:24:57","slug":"escritora","status":"publish","type":"page","link":"https:\/\/nuestrosescritores.com\/pilarmartinperez\/","title":{"rendered":"Escritora"},"content":{"rendered":"<div class=\"wpb-content-wrapper\">[vc_row full_width=&#8221;stretch_row_content_no_spaces&#8221;][vc_column extend=&#8221;false&#8221;][layerslider_vc id=&#8221;1&#8243;][\/vc_column][\/vc_row][vc_row extend=&#8221;false&#8221; design__empty_1=&#8221;&#8221; background=&#8221;&#8221; background_image_type=&#8221;static&#8221; background_image__effect=&#8221;&#8221; bg_size=&#8221;initial&#8221; bg_position=&#8221;center-center&#8221; row_bg_image=&#8221;&#8221; bg_repeat=&#8221;no-repeat&#8221; background_image_type__bg_color=&#8221;rgba(255, 255, 255, 1)&#8221; row_bg_parallax_images=&#8221;&#8221; row_bg_slideshow_images=&#8221;&#8221; background_video_type=&#8221;youtube&#8221; background_video__youtube__url=&#8221;&#8221; background_video__youtube__parallax=&#8221;&#8221; background_video__youtube__options=&#8221;&#8221; background_video__youtube__fallback_image=&#8221;&#8221; background_video__hosted__mp4=&#8221;&#8221; background_video__hosted__webm=&#8221;&#8221; background_video__hosted__ogv=&#8221;&#8221; background_video__hosted__parallax=&#8221;&#8221; background_video__hosted__options=&#8221;&#8221; background_video__hosted__fallback_image=&#8221;&#8221; background_color_type=&#8221;color&#8221; bg__empty_1=&#8221;&#8221; background_color_type__gradient_color1=&#8221;rgba(44, 74, 228, 1)&#8221; background_color_type__gradient_color2=&#8221;rgba(44, 74, 228, 1)&#8221; background_color_type__color_color1=&#8221;rgba(44, 74, 228, 1)&#8221; bg__empty_2=&#8221;&#8221; background_color__effect=&#8221;&#8221; background_color__direction=&#8221;left-to-right&#8221; settings__tag_1=&#8221;&#8221; viewport_lg=&#8221;&#8221; viewport_md=&#8221;&#8221; viewport_sm=&#8221;&#8221; viewport_xs=&#8221;&#8221; settings__empty_1=&#8221;&#8221; version=&#8221;1&#8243;][vc_column width=&#8221;1\/2&#8243; extend=&#8221;false&#8221;]<div class=\"ult-content-box-container \" >\t\t<div class=\"ult-content-box\" style=\"background-color:rgba(255,255,255,0.49);box-shadow: px px 8px px #f2f2f2 none;border-style:none;-webkit-transition: all 700ms ease;-moz-transition: all 700ms ease;-ms-transition: all 700ms ease;-o-transition: all 700ms ease;transition: all 700ms ease;\"  data-hover_box_shadow=\"none\"     data-bg=\"rgba(255,255,255,0.49)\"  data-border_color=\"\" >[vc_column_text css=&#8221;.vc_custom_1635072391750{padding-top: 15% !important;padding-right: 15% !important;padding-bottom: 15% !important;padding-left: 15% !important;}&#8221;]<strong>Pilar Mart\u00edn P\u00e9rez<\/strong> es doctora en Ciencias F\u00edsicas y licenciada en Psicolog\u00eda. Aparte de numerosas publicaciones en revistas de investigaci\u00f3n cient\u00edfica, ha publicado un libro sobre educaci\u00f3n de adolescentes y otro sobre resiliencia y psicoeducaci\u00f3n. Lectora y escritora compulsiva, se adentra en este poemario en los entresijos de la construcci\u00f3n de uno mismo, brind\u00e1ndonos im\u00e1genes que identifican plenamente sus or\u00edgenes cient\u00edficos y psicol\u00f3gicos.<\/p>\n<p><strong>&nbsp;<\/strong><\/p>\n<p>&nbsp;<\/p>\n<p>&nbsp;<\/p>\n<span class='bctt-click-to-tweet'><span class='bctt-ctt-text'><a href='https:\/\/x.com\/intent\/tweet?url=https%3A%2F%2Fnuestrosescritores.com%2Fpilarmartinperez%2F&#038;text=PILAR%20MART%C3%8DN%20P%C3%89REZ.%20Escritora.&#038;related' target='_blank'rel=\"noopener noreferrer\">PILAR MART\u00cdN P\u00c9REZ. Escritora. <\/a><\/span><a href='https:\/\/x.com\/intent\/tweet?url=https%3A%2F%2Fnuestrosescritores.com%2Fpilarmartinperez%2F&#038;text=PILAR%20MART%C3%8DN%20P%C3%89REZ.%20Escritora.&#038;related' target='_blank' class='bctt-ctt-btn'rel=\"noopener noreferrer\">Compartir en X<\/a><\/span>[\/vc_column_text]\t\t<\/div><\/div>[\/vc_column][vc_column width=&#8221;1\/2&#8243; extend=&#8221;false&#8221;]<div class=\"gambit_fullheight_row\" data-content-location=\"center\" style=\"display: none\"><\/div><div id=\"rowvcpt-row-settings\" class=\"rowvcpt-row-set RowVcPt-row-setting6a007ea9af685 \" data-no=\"RowVcPt-row-setting6a007ea9af685\"><div  id=\"bgGallaryslide6a007ea9af689\" class=\"rowvcpt-slideshow \"><\/div><script type=\"text\/javascript\">\n(function($) {\n$(\"#bgGallaryslide6a007ea9af689\").vegas({\n        overlay: \"https:\/\/nuestrosescritores.com\/pilarmartinperez\/wp-content\/plugins\/ultimate-row-background\/css\/overlays\/0'.esc_attr(1.png).'\",\n        transitionDuration: 4e3,\n        delay: 7000,\n        slides: [{src: \"https:\/\/nuestrosescritores.com\/pilarmartinperez\/wp-content\/uploads\/sites\/108\/2021\/10\/7ndrno7-boe.jpg\",transition: \"fade2\",transitionDuration: 5000},{src: \"https:\/\/nuestrosescritores.com\/pilarmartinperez\/wp-content\/uploads\/sites\/108\/2021\/10\/t3praggm5w4.jpg\",transition: \"fade2\",transitionDuration: 5000},{src: \"https:\/\/nuestrosescritores.com\/pilarmartinperez\/wp-content\/uploads\/sites\/108\/2021\/10\/vv5jwaboqne.jpg\",transition: \"fade2\",transitionDuration: 5000},{src: \"https:\/\/nuestrosescritores.com\/pilarmartinperez\/wp-content\/uploads\/sites\/108\/2021\/10\/bsw2sc55oeq.jpg\",transition: \"fade2\",transitionDuration: 5000},{src: \"https:\/\/nuestrosescritores.com\/pilarmartinperez\/wp-content\/uploads\/sites\/108\/2021\/10\/h5xam3idcga.jpg\",transition: \"fade2\",transitionDuration: 5000},]\n    });\t\t\n})(jQuery);\n<\/script><div class=\"rowvcpt-overlay\" style=\"background:rgba(255,255,255,0.69)\"><\/div><\/div>[vc_single_image image=&#8221;11&#8243; img_size=&#8221;full&#8221; alignment=&#8221;center&#8221;][\/vc_column][\/vc_row][vc_row full_height=&#8221;yes&#8221; columns_placement=&#8221;stretch&#8221; equal_height=&#8221;yes&#8221; content_placement=&#8221;middle&#8221; css_animation=&#8221;appear&#8221; css=&#8221;.vc_custom_1635073385559{background-position: center !important;background-repeat: no-repeat !important;background-size: cover !important;}&#8221;][vc_column extend=&#8221;false&#8221;]<div id=\"rowvcpt-row-settings\" class=\"rowvcpt-row-set RowVcPt-row-setting6a007ea9b0237 \" data-no=\"RowVcPt-row-setting6a007ea9b0237\"><div class=\"columns-bg-wrap columns-bg-anim-colors columns-bg-image  columns_simple_image\" id=\"RowVcPt-image-bg-6a007ea9b0236\"   data-parallax_sense=\"30\" src=\"https:\/\/nuestrosescritores.com\/pilarmartinperez\/wp-content\/uploads\/sites\/108\/2021\/10\/PhotoEffectFractalMirrorMockup1FP-Mediano.jpg\" style=\"background-image: url(https:\/\/nuestrosescritores.com\/pilarmartinperez\/wp-content\/uploads\/sites\/108\/2021\/10\/PhotoEffectFractalMirrorMockup1FP-Mediano.jpg);background-position: center top;background-size: cover;background-attachment: fixed;\"><\/div><\/div>[\/vc_column][\/vc_row][vc_row][vc_column extend=&#8221;false&#8221;]<div class=\"gambit_fullheight_row\" data-content-location=\"center\" style=\"display: none\"><\/div><div id=\"rowvcpt-row-settings\" class=\"rowvcpt-row-set RowVcPt-row-setting6a007ea9b0510 \" data-no=\"RowVcPt-row-setting6a007ea9b0510\"><div  id=\"bgGallaryslide6a007ea9b0512\" class=\"rowvcpt-slideshow \"><\/div><script type=\"text\/javascript\">\n(function($) {\n$(\"#bgGallaryslide6a007ea9b0512\").vegas({\n        overlay: \"https:\/\/nuestrosescritores.com\/pilarmartinperez\/wp-content\/plugins\/ultimate-row-background\/css\/overlays\/0'.esc_attr(2.png).'\",\n        transitionDuration: 4e3,\n        delay: 7000,\n        slides: [{src: \"https:\/\/nuestrosescritores.com\/pilarmartinperez\/wp-content\/uploads\/sites\/108\/2021\/10\/7ndrno7-boe.jpg\",transition: \"fade2\",transitionDuration: 5000},{src: \"https:\/\/nuestrosescritores.com\/pilarmartinperez\/wp-content\/uploads\/sites\/108\/2021\/10\/t3praggm5w4.jpg\",transition: \"fade2\",transitionDuration: 5000},{src: \"https:\/\/nuestrosescritores.com\/pilarmartinperez\/wp-content\/uploads\/sites\/108\/2021\/10\/qwaglwliula.jpg\",transition: \"fade2\",transitionDuration: 5000},{src: \"https:\/\/nuestrosescritores.com\/pilarmartinperez\/wp-content\/uploads\/sites\/108\/2021\/10\/kqofgjhkrdy.jpg\",transition: \"fade2\",transitionDuration: 5000},{src: \"https:\/\/nuestrosescritores.com\/pilarmartinperez\/wp-content\/uploads\/sites\/108\/2021\/10\/c_a_dh4t_z4.jpg\",transition: \"fade2\",transitionDuration: 5000},]\n    });\t\t\n})(jQuery);\n<\/script><div class=\"rowvcpt-overlay\" style=\"background:rgba(255,255,255,0.69)\"><\/div><\/div><div id=\"uvc-type-wrap-9826\"  data-ultimate-target='#uvc-type-wrap-9826'  data-responsive-json-new='{\"font-size\":\"\",\"line-height\":\"\"}'  class=\"uvc-type-wrap vc_custom_1635072475594 ult-adjust-bottom-margin ult-responsive  uvc-type-align-center uvc-type-no-prefix uvc-wrap-9253493306a007ea9b0be0\" style=\"text-align:center;\"><span id=\"typed-9253493306a007ea9b0be0\" class=\"ultimate-typed-main \" style=\" font-weight:bold; text-transform: unset;\"><\/span><script type=\"text\/javascript\">\n\t\t\t\t\t\tjQuery(function($){ \n\t\t\t\t\t\t\t$(document).ready(function(){\n\t\t\t\t\t\t\t\tif( typeof jQuery(\"#typed-9253493306a007ea9b0be0\").typed == \"function\"){\n\t\t\t\t\t\t\t\t\t$(\"#typed-9253493306a007ea9b0be0\").typed({\n\t\t\t\t\t\t\t\t\t\tstrings: [\"Irreverente es la narraci\u00f3n de un tr\u00e1nsito. De colores, de texturas. Un tr\u00e1nsito de la oscuridad a la luz, del negro al azul. Es el recorrido emocional de un proceso de metamorfosis, de autoconocimiento, de crecimiento. Irreverente es el testigo que pretende plantar cara al olvido de qui\u00e9nes somos, de d\u00f3nde venimos y qui\u00e9nes queremos ser. Irreverente recopila historias muy \u00edntimas, a veces ocultas y secretas por d\u00e9cadas, de todo aquello y todos aquellos que un d\u00eda fueron el alimento que la amapola azul necesit\u00f3 para renacer \u00fanica, diferente y disidente.\"],\n\t\t\t\t\t\t\t\t\t\ttypeSpeed: 35,\n\t\t\t\t\t\t\t\t\t\tbackSpeed: 0,\n\t\t\t\t\t\t\t\t\t\tstartDelay: \"200\",\n\t\t\t\t\t\t\t\t\t\tbackDelay: \"1500\",\n\t\t\t\t\t\t\t\t\t\tloop: true,\n\t\t\t\t\t\t\t\t\t\tloopCount: false,\n\t\t\t\t\t\t\t\t\t\tshowCursor: true,\n\t\t\t\t\t\t\t\t\t\tcursorChar: \"|\",\n\t\t\t\t\t\t\t\t\t\tattr: null\n\t\t\t\t\t\t\t\t\t});\n\t\t\t\t\t\t\t\t}\n\t\t\t\t\t\t\t});\n\t\t\t\t\t\t});\n\t\t\t\t\t<\/script><\/div>[\/vc_column][\/vc_row][vc_row full_height=&#8221;yes&#8221; content_placement=&#8221;middle&#8221; parallax=&#8221;content-moving&#8221; parallax_image=&#8221;86&#8243; css_animation=&#8221;appear&#8221; bg_type=&#8221;image&#8221; css=&#8221;.vc_custom_1634746787147{background-image: url(https:\/\/nuestrosescritores.com\/tinahernandezherrero\/wp-content\/uploads\/sites\/107\/2021\/10\/TinaHernandezHerrero-Mediano.jpg?id=86) !important;}&#8221;][vc_column extend=&#8221;false&#8221;][vc_empty_space height=&#8221;150px&#8221;]<div id=\"rowvcpt-row-settings\" class=\"rowvcpt-row-set RowVcPt-row-setting6a007ea9b0de7 \" data-no=\"RowVcPt-row-setting6a007ea9b0de7\"><div class=\"columns-bg-wrap columns-bg-anim-colors columns-bg-image  columns_animated_bg columns-left-animation\" id=\"RowVcPt-image-bg-6a007ea9b0de6\"   data-direction=\"left\" data-parallax_sense=\"30\" src=\"https:\/\/nuestrosescritores.com\/pilarmartinperez\/wp-content\/uploads\/sites\/108\/2021\/10\/PilarMartinPerez_Escritora-Mediano.jpg\" style=\"background-image: url(https:\/\/nuestrosescritores.com\/pilarmartinperez\/wp-content\/uploads\/sites\/108\/2021\/10\/PilarMartinPerez_Escritora-Mediano.jpg);background-position: center center;background-size: cover;background-attachment: fixed;\"><\/div><\/div>[vc_column_text]\n<p style=\"text-align: center;\"><a class=\"fasc-button fasc-size-xlarge fasc-type-glossy fasc-rounded-medium\" style=\"background-color: #2b3336; color: #ffffff;\" href=\"https:\/\/librodepoesia.com\/libro\/irreverente-pilar-martin-perez\/\">COMPRA SUS LIBROS<\/a><\/p>\n[\/vc_column_text][\/vc_column][\/vc_row][vc_row][vc_column]<div id=\"rowvcpt-row-settings\" class=\"rowvcpt-row-set RowVcPt-row-setting6a007ea9b1042 \" data-no=\"RowVcPt-row-setting6a007ea9b1042\"><div class=\"columns-bg-wrap columns-bg-anim-colors\" style=\"opacity: 1;background: -moz-linear-gradient(top, #e0e0e0 0%, #f7f7f7 100%);background: -webkit-gradient(linear, left top, left bottom, color-stop(0%,#e0e0e0), color-stop(100%,#f7f7f7));background: -webkit-linear-gradient(top, #e0e0e0 0%,#f7f7f7 100%);background: -o-linear-gradient(top, #e0e0e0 0%,#f7f7f7 100%);background: -ms-linear-gradient(top, #e0e0e0 0%,#f7f7f7 100%);background: linear-gradient(to bottom, #e0e0e0 0%,#f7f7f7 100%);\"><\/div><\/div>[vc_column_text css=&#8221;.vc_custom_1628419012210{padding-top: 5% !important;padding-right: 5% !important;padding-bottom: 5% !important;padding-left: 5% !important;background-color: rgba(206,206,206,0.01) !important;*background-color: rgb(206,206,206) !important;border-radius: 1px !important;}&#8221;]Esta p\u00e1gina web est\u00e1 realizada por el GRUPO EDITORIAL P\u00c9REZ-AYALA para el escritor PILAR MART\u00cdN P\u00c9REZ porque acaba de publicar un libro en una de las siguientes <a href=\"https:\/\/editorialesdepoesia.com\">editoriales de poes\u00eda<\/a>:<br \/>\n<a href=\"https:\/\/poesiaerestu.com\">Editorial Poes\u00eda eres t\u00fa<\/a>: Una editorial para poetas contempor\u00e1neos, con un cat\u00e1logo diverso de las diferentes tendencias de la poes\u00eda.<br \/>\n<a href=\"https:\/\/edicionesrilke.com\">Ediciones Rilke<\/a>: Una colecci\u00f3n de poes\u00eda cl\u00e1sica con poetas contempor\u00e1neos de gran trayectoria.<br \/>\n<a href=\"https:\/\/edicionesazorin.com\">Ediciones Azor\u00edn<\/a>: Una editorial para escritores y temas de Alicante y Murcia, un sello regional a nivel nacional.<br \/>\nContamos tambi\u00e9n con editoriales de narrativa como <a href=\"https:\/\/edicionesamaniel.com\">Ediciones Amaniel<\/a> y una editorial de autoedici\u00f3n como la <a href=\"https:\/\/agenciadellibro.com\">Editorial Agencia del libro<\/a> y un sistema de <a href=\"https:\/\/crowdfundingdelibros.com\">crowdfunding de libros<\/a> para que los nuevos escritores puedan <a href=\"https:\/\/crowdfundingdelibros.com\/\">publicar un libro gratis<\/a>.<br \/>\nInformaci\u00f3n tras publicar un libro: IRREVERENTE de PILAR MART\u00cdN P\u00c9REZ con la editorial de poes\u00eda Editorial Poes\u00eda eres t\u00fa.<br \/>\nPILAR MART\u00cdN P\u00c9REZ logra publicar un libro de poes\u00eda, IRREVERENTE, tras un proceso de selecci\u00f3n de obras con la Editorial Poes\u00eda eres t\u00fa.<br \/>\nTodos los derechos del libro IRREVERENTE pertenecen a PILAR MART\u00cdN P\u00c9REZ tras publicar un libro con la Editorial Poes\u00eda eres t\u00fa.<br \/>\nPublicar un libro de poes\u00eda como IRREVERENTE de PILAR MART\u00cdN P\u00c9REZ es posible gracias al trabajo de todo el equipo de la Editorial Poes\u00eda eres t\u00fa.<br \/>\nToda la promoci\u00f3n del libro IRREVERENTE la puedes ver en la p\u00e1gina de la Editorial Poes\u00eda eres t\u00fa y en la web que la editorial le hace a PILAR MART\u00cdN P\u00c9REZ tras publicar un libro.<br \/>\nPILAR MART\u00cdN P\u00c9REZ agradece a la Editorial Poes\u00eda eres t\u00fa y la Agencia del libro por facilitar el trabajo de <a href=\"https:\/\/agenciadellibro.com\">publicar un libro<\/a>: IRREVERENTE.<br \/>\nLa Editorial Poes\u00eda eres t\u00fa y PILAR MART\u00cdN P\u00c9REZ agradecen la colaboraci\u00f3n de los poetas, que han conseguido publicar un libro, y lectores del libro IRREVERENTE por su colaboraci\u00f3n en la promoci\u00f3n y difusi\u00f3n de la obra.[\/vc_column_text][\/vc_column][\/vc_row]\n<\/div>","protected":false},"excerpt":{"rendered":"<p>[vc_row full_width=&#8221;stretch_row_content_no_spaces&#8221;][vc_column extend=&#8221;false&#8221;][layerslider_vc id=&#8221;1&#8243;][\/vc_column][\/vc_row][vc_row extend=&#8221;false&#8221; design__empty_1=&#8221;&#8221; background=&#8221;&#8221; background_image_type=&#8221;static&#8221; background_image__effect=&#8221;&#8221; bg_size=&#8221;initial&#8221; bg_position=&#8221;center-center&#8221; row_bg_image=&#8221;&#8221; bg_repeat=&#8221;no-repeat&#8221; background_image_type__bg_color=&#8221;rgba(255, 255, 255, 1)&#8221; row_bg_parallax_images=&#8221;&#8221; row_bg_slideshow_images=&#8221;&#8221; background_video_type=&#8221;youtube&#8221; background_video__youtube__url=&#8221;&#8221; background_video__youtube__parallax=&#8221;&#8221; background_video__youtube__options=&#8221;&#8221; background_video__youtube__fallback_image=&#8221;&#8221; background_video__hosted__mp4=&#8221;&#8221; background_video__hosted__webm=&#8221;&#8221; background_video__hosted__ogv=&#8221;&#8221; background_video__hosted__parallax=&#8221;&#8221; background_video__hosted__options=&#8221;&#8221; background_video__hosted__fallback_image=&#8221;&#8221; background_color_type=&#8221;color&#8221; bg__empty_1=&#8221;&#8221; background_color_type__gradient_color1=&#8221;rgba(44, 74, 228, 1)&#8221; background_color_type__gradient_color2=&#8221;rgba(44, 74, 228, 1)&#8221; background_color_type__color_color1=&#8221;rgba(44, 74, 228, 1)&#8221; bg__empty_2=&#8221;&#8221; background_color__effect=&#8221;&#8221; background_color__direction=&#8221;left-to-right&#8221; settings__tag_1=&#8221;&#8221; viewport_lg=&#8221;&#8221; viewport_md=&#8221;&#8221; viewport_sm=&#8221;&#8221; viewport_xs=&#8221;&#8221; settings__empty_1=&#8221;&#8221; version=&#8221;1&#8243;][vc_column width=&#8221;1\/2&#8243; [&hellip;]<\/p>\n","protected":false},"author":1,"featured_media":0,"parent":0,"menu_order":0,"comment_status":"closed","ping_status":"closed","template":"","meta":{"_acf_changed":false,"footnotes":""},"class_list":["post-6","page","type-page","status-publish","hentry"],"acf":[],"yoast_head":"<!-- This site is optimized with the Yoast SEO Premium plugin v24.7 (Yoast SEO v27.5) - https:\/\/yoast.com\/product\/yoast-seo-premium-wordpress\/ -->\n<title>Escritora - Pilar Mart\u00edn P\u00e9rez<\/title>\n<meta name=\"description\" content=\"PILAR MART\u00cdN P\u00c9REZ es la escritora del libro IRREVERENTE publicado por la Editorial Poes\u00eda eres t\u00fa en el a\u00f1o 2021.\" \/>\n<meta name=\"robots\" content=\"index, follow, max-snippet:-1, max-image-preview:large, max-video-preview:-1\" \/>\n<link rel=\"canonical\" href=\"https:\/\/nuestrosescritores.com\/pilarmartinperez\/\" \/>\n<meta property=\"og:locale\" content=\"es_ES\" \/>\n<meta property=\"og:type\" content=\"article\" \/>\n<meta property=\"og:title\" content=\"Escritora\" \/>\n<meta property=\"og:description\" content=\"PILAR MART\u00cdN P\u00c9REZ es la escritora del libro IRREVERENTE publicado por la Editorial Poes\u00eda eres t\u00fa en el a\u00f1o 2021.\" \/>\n<meta property=\"og:url\" content=\"https:\/\/nuestrosescritores.com\/pilarmartinperez\/\" \/>\n<meta property=\"og:site_name\" content=\"Pilar Mart\u00edn P\u00e9rez\" \/>\n<meta property=\"article:modified_time\" content=\"2021-10-24T16:24:57+00:00\" \/>\n<meta name=\"twitter:card\" content=\"summary_large_image\" \/>\n<meta name=\"twitter:label1\" content=\"Tiempo de lectura\" \/>\n\t<meta name=\"twitter:data1\" content=\"3 minutos\" \/>\n<script type=\"application\/ld+json\" class=\"yoast-schema-graph\">{\"@context\":\"https:\\\/\\\/schema.org\",\"@graph\":[{\"@type\":\"WebPage\",\"@id\":\"https:\\\/\\\/nuestrosescritores.com\\\/pilarmartinperez\\\/\",\"url\":\"https:\\\/\\\/nuestrosescritores.com\\\/pilarmartinperez\\\/\",\"name\":\"Escritora - Pilar Mart\u00edn P\u00e9rez\",\"isPartOf\":{\"@id\":\"https:\\\/\\\/nuestrosescritores.com\\\/pilarmartinperez\\\/#website\"},\"datePublished\":\"2021-10-24T10:19:08+00:00\",\"dateModified\":\"2021-10-24T16:24:57+00:00\",\"description\":\"PILAR MART\u00cdN P\u00c9REZ es la escritora del libro IRREVERENTE publicado por la Editorial Poes\u00eda eres t\u00fa en el a\u00f1o 2021.\",\"breadcrumb\":{\"@id\":\"https:\\\/\\\/nuestrosescritores.com\\\/pilarmartinperez\\\/#breadcrumb\"},\"inLanguage\":\"es\",\"potentialAction\":[{\"@type\":\"ReadAction\",\"target\":[\"https:\\\/\\\/nuestrosescritores.com\\\/pilarmartinperez\\\/\"]}]},{\"@type\":\"BreadcrumbList\",\"@id\":\"https:\\\/\\\/nuestrosescritores.com\\\/pilarmartinperez\\\/#breadcrumb\",\"itemListElement\":[{\"@type\":\"ListItem\",\"position\":1,\"name\":\"Portada\",\"item\":\"https:\\\/\\\/nuestrosescritores.com\\\/pilarmartinperez\\\/\"},{\"@type\":\"ListItem\",\"position\":2,\"name\":\"Escritora\"}]},{\"@type\":\"WebSite\",\"@id\":\"https:\\\/\\\/nuestrosescritores.com\\\/pilarmartinperez\\\/#website\",\"url\":\"https:\\\/\\\/nuestrosescritores.com\\\/pilarmartinperez\\\/\",\"name\":\"Nuestros escritores\",\"description\":\"Escritora\",\"potentialAction\":[{\"@type\":\"SearchAction\",\"target\":{\"@type\":\"EntryPoint\",\"urlTemplate\":\"https:\\\/\\\/nuestrosescritores.com\\\/pilarmartinperez\\\/?s={search_term_string}\"},\"query-input\":{\"@type\":\"PropertyValueSpecification\",\"valueRequired\":true,\"valueName\":\"search_term_string\"}}],\"inLanguage\":\"es\"}]}<\/script>\n<!-- \/ Yoast SEO Premium plugin. -->","yoast_head_json":{"title":"Escritora - Pilar Mart\u00edn P\u00e9rez","description":"PILAR MART\u00cdN P\u00c9REZ es la escritora del libro IRREVERENTE publicado por la Editorial Poes\u00eda eres t\u00fa en el a\u00f1o 2021.","robots":{"index":"index","follow":"follow","max-snippet":"max-snippet:-1","max-image-preview":"max-image-preview:large","max-video-preview":"max-video-preview:-1"},"canonical":"https:\/\/nuestrosescritores.com\/pilarmartinperez\/","og_locale":"es_ES","og_type":"article","og_title":"Escritora","og_description":"PILAR MART\u00cdN P\u00c9REZ es la escritora del libro IRREVERENTE publicado por la Editorial Poes\u00eda eres t\u00fa en el a\u00f1o 2021.","og_url":"https:\/\/nuestrosescritores.com\/pilarmartinperez\/","og_site_name":"Pilar Mart\u00edn P\u00e9rez","article_modified_time":"2021-10-24T16:24:57+00:00","twitter_card":"summary_large_image","twitter_misc":{"Tiempo de lectura":"3 minutos"},"schema":{"@context":"https:\/\/schema.org","@graph":[{"@type":"WebPage","@id":"https:\/\/nuestrosescritores.com\/pilarmartinperez\/","url":"https:\/\/nuestrosescritores.com\/pilarmartinperez\/","name":"Escritora - Pilar Mart\u00edn P\u00e9rez","isPartOf":{"@id":"https:\/\/nuestrosescritores.com\/pilarmartinperez\/#website"},"datePublished":"2021-10-24T10:19:08+00:00","dateModified":"2021-10-24T16:24:57+00:00","description":"PILAR MART\u00cdN P\u00c9REZ es la escritora del libro IRREVERENTE publicado por la Editorial Poes\u00eda eres t\u00fa en el a\u00f1o 2021.","breadcrumb":{"@id":"https:\/\/nuestrosescritores.com\/pilarmartinperez\/#breadcrumb"},"inLanguage":"es","potentialAction":[{"@type":"ReadAction","target":["https:\/\/nuestrosescritores.com\/pilarmartinperez\/"]}]},{"@type":"BreadcrumbList","@id":"https:\/\/nuestrosescritores.com\/pilarmartinperez\/#breadcrumb","itemListElement":[{"@type":"ListItem","position":1,"name":"Portada","item":"https:\/\/nuestrosescritores.com\/pilarmartinperez\/"},{"@type":"ListItem","position":2,"name":"Escritora"}]},{"@type":"WebSite","@id":"https:\/\/nuestrosescritores.com\/pilarmartinperez\/#website","url":"https:\/\/nuestrosescritores.com\/pilarmartinperez\/","name":"Nuestros escritores","description":"Escritora","potentialAction":[{"@type":"SearchAction","target":{"@type":"EntryPoint","urlTemplate":"https:\/\/nuestrosescritores.com\/pilarmartinperez\/?s={search_term_string}"},"query-input":{"@type":"PropertyValueSpecification","valueRequired":true,"valueName":"search_term_string"}}],"inLanguage":"es"}]}},"_links":{"self":[{"href":"https:\/\/nuestrosescritores.com\/pilarmartinperez\/wp-json\/wp\/v2\/pages\/6","targetHints":{"allow":["GET"]}}],"collection":[{"href":"https:\/\/nuestrosescritores.com\/pilarmartinperez\/wp-json\/wp\/v2\/pages"}],"about":[{"href":"https:\/\/nuestrosescritores.com\/pilarmartinperez\/wp-json\/wp\/v2\/types\/page"}],"author":[{"embeddable":true,"href":"https:\/\/nuestrosescritores.com\/pilarmartinperez\/wp-json\/wp\/v2\/users\/1"}],"replies":[{"embeddable":true,"href":"https:\/\/nuestrosescritores.com\/pilarmartinperez\/wp-json\/wp\/v2\/comments?post=6"}],"version-history":[{"count":0,"href":"https:\/\/nuestrosescritores.com\/pilarmartinperez\/wp-json\/wp\/v2\/pages\/6\/revisions"}],"wp:attachment":[{"href":"https:\/\/nuestrosescritores.com\/pilarmartinperez\/wp-json\/wp\/v2\/media?parent=6"}],"curies":[{"name":"wp","href":"https:\/\/api.w.org\/{rel}","templated":true}]}}