{"id":158,"date":"2025-09-14T13:49:08","date_gmt":"2025-09-14T11:49:08","guid":{"rendered":"https:\/\/nuestrosescritores.com\/pedrocarbajal\/?page_id=158"},"modified":"2025-09-14T17:12:16","modified_gmt":"2025-09-14T15:12:16","slug":"poesias","status":"publish","type":"page","link":"https:\/\/nuestrosescritores.com\/pedrocarbajal\/poesias\/","title":{"rendered":"POES\u00cdAS"},"content":{"rendered":"<div class=\"wpb-content-wrapper\">[vc_row full_width=&#8221;stretch_row_content_no_spaces&#8221;][vc_column extend=&#8221;false&#8221;]<div class='gambit_parallax_row' data-bg-align='' data-direction='fixed' data-opacity='100' data-velocity='-0.3' data-mobile-enabled='' data-bg-height='1200' data-bg-width='823' data-bg-image='https:\/\/nuestrosescritores.com\/pedrocarbajal\/wp-content\/uploads\/sites\/214\/2025\/09\/6ltzqug0w6k.jpg' data-bg-repeat='false' data-id='' style='display: none'><\/div><div class=\"gambit_fullheight_row\" data-content-location=\"center\" style=\"display: none\"><\/div>[\/vc_column][\/vc_row][vc_row][vc_column extend=&#8221;false&#8221;][vc_column_text]\n<h1>Soneto acr\u00f3stico del confinamiento<\/h1>\n<p>Silencio clamoroso por las calles.<br \/>\nAire puro, tranquilo y comedido,<br \/>\nComo nunca Madrid ha conocido\u2026<br \/>\nAire que se parece al de los valles.<\/p>\n<p>Me asomo a la terraza por la tarde,<br \/>\nEn el momento en el que el sol se oculta,<br \/>\nY mi alma con fe se catapulta<br \/>\nA cielos donde la belleza arde.<\/p>\n<p>Desde esta casa donde estoy parado,<br \/>\nEscucho los susurros del planeta,<br \/>\nCon sensibilidad resucitada.<\/p>\n<p>A las aladas horas confinado<br \/>\nSometo el yugo de mi carne quieta,<br \/>\nAmando y esperando ser amado.<\/p>\n<p>&nbsp;<\/p>\n<p>&nbsp;<\/p>\n<span class='bctt-click-to-tweet'><span class='bctt-ctt-text'><a href='https:\/\/x.com\/intent\/tweet?url=https%3A%2F%2Fnuestrosescritores.com%2Fpedrocarbajal%2Fpoesias%2F&#038;text=Soneto%20acr%C3%B3stico%20del%20confinamiento%C2%A0del%20libro%20HOGAR%20DE%20NINFAS%20de%20PEDRO%20CARBAJAL%20GARC%C3%8DA&#038;via=poesiaerestu&#038;related=poesiaerestu' target='_blank'rel=\"noopener noreferrer\">Soneto acr\u00f3stico del confinamiento&nbsp;del libro HOGAR DE NINFAS de PEDRO CARBAJAL GARC\u00cdA <\/a><\/span><a href='https:\/\/x.com\/intent\/tweet?url=https%3A%2F%2Fnuestrosescritores.com%2Fpedrocarbajal%2Fpoesias%2F&#038;text=Soneto%20acr%C3%B3stico%20del%20confinamiento%C2%A0del%20libro%20HOGAR%20DE%20NINFAS%20de%20PEDRO%20CARBAJAL%20GARC%C3%8DA&#038;via=poesiaerestu&#038;related=poesiaerestu' target='_blank' class='bctt-ctt-btn'rel=\"noopener noreferrer\">Compartir en X<\/a><\/span>\n<p>&nbsp;[\/vc_column_text][\/vc_column][\/vc_row][vc_row full_width=&#8221;stretch_row_content_no_spaces&#8221;][vc_column extend=&#8221;false&#8221;]<div class='gambit_parallax_row' data-bg-align='' data-direction='fixed' data-opacity='100' data-velocity='-0.3' data-mobile-enabled='' data-bg-height='1067' data-bg-width='1600' data-bg-image='https:\/\/nuestrosescritores.com\/pedrocarbajal\/wp-content\/uploads\/sites\/214\/2025\/09\/opzwvgl-upy.jpg' data-bg-repeat='false' data-id='' style='display: none'><\/div><div class=\"gambit_fullheight_row\" data-content-location=\"center\" style=\"display: none\"><\/div>[\/vc_column][\/vc_row][vc_row][vc_column extend=&#8221;false&#8221;][vc_column_text]\n<h1><a name=\"_Toc50565515\"><\/a><\/h1>\n<p><strong>1<\/strong><\/p>\n<p>&nbsp;<\/p>\n<p>&nbsp;<\/p>\n<p>&nbsp;<\/p>\n<p>Es piel de abedul,<\/p>\n<p>velo de terciopelo,<\/p>\n<p>silencio en pie.<\/p>\n<p>&nbsp;<\/p>\n<p>&nbsp;<\/p>\n<span class='bctt-click-to-tweet'><span class='bctt-ctt-text'><a href='https:\/\/x.com\/intent\/tweet?url=https%3A%2F%2Fnuestrosescritores.com%2Fpedrocarbajal%2Fpoesias%2F&#038;text=1%20del%20libro%20HOGAR%20DE%20NINFAS%20de%20PEDRO%20CARBAJAL%20GARC%C3%8DA&#038;via=poesiaerestu&#038;related=poesiaerestu' target='_blank'rel=\"noopener noreferrer\">1 del libro HOGAR DE NINFAS de PEDRO CARBAJAL GARC\u00cdA <\/a><\/span><a href='https:\/\/x.com\/intent\/tweet?url=https%3A%2F%2Fnuestrosescritores.com%2Fpedrocarbajal%2Fpoesias%2F&#038;text=1%20del%20libro%20HOGAR%20DE%20NINFAS%20de%20PEDRO%20CARBAJAL%20GARC%C3%8DA&#038;via=poesiaerestu&#038;related=poesiaerestu' target='_blank' class='bctt-ctt-btn'rel=\"noopener noreferrer\">Compartir en X<\/a><\/span>\n<p>&nbsp;<\/p>\n<p>&nbsp;[\/vc_column_text][\/vc_column][\/vc_row][vc_row][vc_column extend=&#8221;false&#8221;]<div class='gambit_parallax_row' data-bg-align='' data-direction='fixed' data-opacity='100' data-velocity='-0.3' data-mobile-enabled='' data-bg-height='1067' data-bg-width='1600' data-bg-image='https:\/\/nuestrosescritores.com\/pedrocarbajal\/wp-content\/uploads\/sites\/214\/2025\/09\/zjv8ptygceo.jpg' data-bg-repeat='false' data-id='' style='display: none'><\/div><div class=\"gambit_fullheight_row\" data-content-location=\"center\" style=\"display: none\"><\/div>[\/vc_column][\/vc_row][vc_row][vc_column extend=&#8221;false&#8221;][vc_column_text]\n<h1><a name=\"_Toc50565520\"><\/a><\/h1>\n<p>&nbsp;<\/p>\n<p><strong>7<\/strong><\/p>\n<p>&nbsp;<\/p>\n<p>&nbsp;<\/p>\n<p>&nbsp;<\/p>\n<p>Gotas de lluvia<\/p>\n<p>atravesadas de sol,<\/p>\n<p>nimbo de color.<\/p>\n<p>&nbsp;<\/p>\n<p>&nbsp;<\/p>\n<p>&nbsp;<\/p>\n<p>&nbsp;<\/p>\n<p>&nbsp;<\/p>\n<span class='bctt-click-to-tweet'><span class='bctt-ctt-text'><a href='https:\/\/x.com\/intent\/tweet?url=https%3A%2F%2Fnuestrosescritores.com%2Fpedrocarbajal%2Fpoesias%2F&#038;text=7%20del%20libro%20HOGAR%20DE%20NINFAS%20de%20PEDRO%20CARBAJAL%20GARC%C3%8DA&#038;via=poesiaerestu&#038;related=poesiaerestu' target='_blank'rel=\"noopener noreferrer\">7 del libro HOGAR DE NINFAS de PEDRO CARBAJAL GARC\u00cdA <\/a><\/span><a href='https:\/\/x.com\/intent\/tweet?url=https%3A%2F%2Fnuestrosescritores.com%2Fpedrocarbajal%2Fpoesias%2F&#038;text=7%20del%20libro%20HOGAR%20DE%20NINFAS%20de%20PEDRO%20CARBAJAL%20GARC%C3%8DA&#038;via=poesiaerestu&#038;related=poesiaerestu' target='_blank' class='bctt-ctt-btn'rel=\"noopener noreferrer\">Compartir en X<\/a><\/span>[\/vc_column_text][\/vc_column][\/vc_row][vc_row][vc_column extend=&#8221;false&#8221;]<div class='gambit_parallax_row' data-bg-align='' data-direction='fixed' data-opacity='100' data-velocity='-0.3' data-mobile-enabled='' data-bg-height='1200' data-bg-width='913' data-bg-image='https:\/\/nuestrosescritores.com\/pedrocarbajal\/wp-content\/uploads\/sites\/214\/2025\/09\/ukk5azqn8re.jpg' data-bg-repeat='false' data-id='' style='display: none'><\/div><div class=\"gambit_fullheight_row\" data-content-location=\"center\" style=\"display: none\"><\/div>[\/vc_column][\/vc_row][vc_row][vc_column extend=&#8221;false&#8221;][vc_column_text]\n<p><strong>12<\/strong><\/p>\n<p>&nbsp;<\/p>\n<p>&nbsp;<\/p>\n<p>&nbsp;<\/p>\n<p>Nace un potro,<\/p>\n<p>se levanta, se cae,<\/p>\n<p>dulce relincho<\/p>\n<p>&nbsp;<\/p>\n<span class='bctt-click-to-tweet'><span class='bctt-ctt-text'><a href='https:\/\/x.com\/intent\/tweet?url=https%3A%2F%2Fnuestrosescritores.com%2Fpedrocarbajal%2Fpoesias%2F&#038;text=12%20del%20libro%20HOGAR%20DE%20NINFAS%20de%20PEDRO%20CARBAJAL%20GARC%C3%8DA&#038;via=poesiaerestu&#038;related=poesiaerestu' target='_blank'rel=\"noopener noreferrer\">12 del libro HOGAR DE NINFAS de PEDRO CARBAJAL GARC\u00cdA <\/a><\/span><a href='https:\/\/x.com\/intent\/tweet?url=https%3A%2F%2Fnuestrosescritores.com%2Fpedrocarbajal%2Fpoesias%2F&#038;text=12%20del%20libro%20HOGAR%20DE%20NINFAS%20de%20PEDRO%20CARBAJAL%20GARC%C3%8DA&#038;via=poesiaerestu&#038;related=poesiaerestu' target='_blank' class='bctt-ctt-btn'rel=\"noopener noreferrer\">Compartir en X<\/a><\/span>[\/vc_column_text][\/vc_column][\/vc_row][vc_row][vc_column extend=&#8221;false&#8221;]<div class='gambit_parallax_row' data-bg-align='' data-direction='fixed' data-opacity='100' data-velocity='-0.3' data-mobile-enabled='' data-bg-height='1200' data-bg-width='801' data-bg-image='https:\/\/nuestrosescritores.com\/pedrocarbajal\/wp-content\/uploads\/sites\/214\/2025\/09\/rrhhzityizg.jpg' data-bg-repeat='false' data-id='' style='display: none'><\/div><div class=\"gambit_fullheight_row\" data-content-location=\"center\" style=\"display: none\"><\/div>[\/vc_column][\/vc_row][vc_row][vc_column extend=&#8221;false&#8221;][vc_column_text]\n<h1><a name=\"_Toc29236770\"><\/a><\/h1>\n<h1><a name=\"_Toc50565544\"><\/a><\/h1>\n<p><strong>17<\/strong><\/p>\n<p>&nbsp;<\/p>\n<p>&nbsp;<\/p>\n<p>&nbsp;<\/p>\n<p>Bosque quemado,<\/p>\n<p>paisaje de ceniza,<\/p>\n<p>l\u00e1grimas mudas<\/p>\n<p>&nbsp;<\/p>\n<p>&nbsp;<\/p>\n<p>&nbsp;<\/p>\n<p>&nbsp;<\/p>\n<p>&nbsp;<\/p>\n<p>&nbsp;<\/p>\n<p>&nbsp;<\/p>\n<span class='bctt-click-to-tweet'><span class='bctt-ctt-text'><a href='https:\/\/x.com\/intent\/tweet?url=https%3A%2F%2Fnuestrosescritores.com%2Fpedrocarbajal%2Fpoesias%2F&#038;text=17%20del%20libro%20HOGAR%20DE%20NINFAS%20de%20PEDRO%20CARBAJAL%20GARC%C3%8DA&#038;via=poesiaerestu&#038;related=poesiaerestu' target='_blank'rel=\"noopener noreferrer\">17 del libro HOGAR DE NINFAS de PEDRO CARBAJAL GARC\u00cdA <\/a><\/span><a href='https:\/\/x.com\/intent\/tweet?url=https%3A%2F%2Fnuestrosescritores.com%2Fpedrocarbajal%2Fpoesias%2F&#038;text=17%20del%20libro%20HOGAR%20DE%20NINFAS%20de%20PEDRO%20CARBAJAL%20GARC%C3%8DA&#038;via=poesiaerestu&#038;related=poesiaerestu' target='_blank' class='bctt-ctt-btn'rel=\"noopener noreferrer\">Compartir en X<\/a><\/span>[\/vc_column_text][\/vc_column][\/vc_row][vc_row][vc_column extend=&#8221;false&#8221;]<div class='gambit_parallax_row' data-bg-align='' data-direction='fixed' data-opacity='100' data-velocity='-0.3' data-mobile-enabled='' data-bg-height='1062' data-bg-width='1600' data-bg-image='https:\/\/nuestrosescritores.com\/pedrocarbajal\/wp-content\/uploads\/sites\/214\/2025\/09\/yhg6llfljs0.jpg' data-bg-repeat='false' data-id='' style='display: none'><\/div><div class=\"gambit_fullheight_row\" data-content-location=\"center\" style=\"display: none\"><\/div>[vc_column_text css=&#8221;&#8221;]\n<p style=\"text-align: center;\"><a class=\"fasc-button fasc-size-xlarge fasc-type-glossy fasc-rounded-medium\" style=\"background-color: #33809e; color: #ffffff;\" href=\"https:\/\/gepa.es\/producto\/hogar-de-ninfas-pedro-carbajal-garcia\/\">Comprar el libro<\/a><\/p>\n[\/vc_column_text][\/vc_column][\/vc_row]\n<\/div>","protected":false},"excerpt":{"rendered":"<p>[vc_row full_width=&#8221;stretch_row_content_no_spaces&#8221;][vc_column extend=&#8221;false&#8221;][\/vc_column][\/vc_row][vc_row][vc_column extend=&#8221;false&#8221;][vc_column_text] Soneto acr\u00f3stico del confinamiento Silencio clamoroso por las calles. Aire puro, tranquilo y comedido, Como nunca Madrid ha conocido\u2026 Aire que se parece al de los valles. Me asomo a la terraza por la tarde, En el momento en el que el sol se oculta, Y mi alma con fe se [&hellip;]<\/p>\n","protected":false},"author":1,"featured_media":23,"parent":0,"menu_order":0,"comment_status":"closed","ping_status":"closed","template":"","meta":{"_acf_changed":false,"footnotes":""},"class_list":["post-158","page","type-page","status-publish","has-post-thumbnail","hentry"],"acf":[],"yoast_head":"<!-- This site is optimized with the Yoast SEO Premium plugin v24.7 (Yoast SEO v27.5) - https:\/\/yoast.com\/product\/yoast-seo-premium-wordpress\/ -->\n<title>POES\u00cdAS - Pedro Carbajal Garc\u00eda<\/title>\n<meta name=\"description\" content=\"Poes\u00eda del libro HOGAR DE NINFAS el escritor PEDRO CARBAJAL GARC\u00cdA, nos da una muestra tras publicar su libro con la Editorial Poes\u00eda eres t\u00fa\" \/>\n<meta name=\"robots\" content=\"index, follow, max-snippet:-1, max-image-preview:large, max-video-preview:-1\" \/>\n<link rel=\"canonical\" href=\"https:\/\/nuestrosescritores.com\/pedrocarbajal\/poesias\/\" \/>\n<meta property=\"og:locale\" content=\"es_ES\" \/>\n<meta property=\"og:type\" content=\"article\" \/>\n<meta property=\"og:title\" content=\"POES\u00cdAS\" \/>\n<meta property=\"og:description\" content=\"Poes\u00eda del libro HOGAR DE NINFAS el escritor PEDRO CARBAJAL GARC\u00cdA, nos da una muestra tras publicar su libro con la Editorial Poes\u00eda eres t\u00fa\" \/>\n<meta property=\"og:url\" content=\"https:\/\/nuestrosescritores.com\/pedrocarbajal\/poesias\/\" \/>\n<meta property=\"og:site_name\" content=\"Pedro Carbajal Garc\u00eda\" \/>\n<meta property=\"article:modified_time\" content=\"2025-09-14T15:12:16+00:00\" \/>\n<meta property=\"og:image\" content=\"http:\/\/nuestrosescritores.com\/pedrocarbajal\/wp-content\/uploads\/sites\/214\/2025\/09\/acc4f4cc-86f0-423a-8dba-4d0320ab7769.webp\" \/>\n\t<meta property=\"og:image:width\" content=\"1536\" \/>\n\t<meta property=\"og:image:height\" content=\"1024\" \/>\n\t<meta property=\"og:image:type\" content=\"image\/webp\" \/>\n<meta name=\"twitter:card\" content=\"summary_large_image\" \/>\n<meta name=\"twitter:label1\" content=\"Tiempo de lectura\" \/>\n\t<meta name=\"twitter:data1\" content=\"3 minutos\" \/>\n<script type=\"application\/ld+json\" class=\"yoast-schema-graph\">{\"@context\":\"https:\\\/\\\/schema.org\",\"@graph\":[{\"@type\":\"WebPage\",\"@id\":\"https:\\\/\\\/nuestrosescritores.com\\\/pedrocarbajal\\\/poesias\\\/\",\"url\":\"https:\\\/\\\/nuestrosescritores.com\\\/pedrocarbajal\\\/poesias\\\/\",\"name\":\"POES\u00cdAS - Pedro Carbajal Garc\u00eda\",\"isPartOf\":{\"@id\":\"https:\\\/\\\/nuestrosescritores.com\\\/pedrocarbajal\\\/#website\"},\"primaryImageOfPage\":{\"@id\":\"https:\\\/\\\/nuestrosescritores.com\\\/pedrocarbajal\\\/poesias\\\/#primaryimage\"},\"image\":{\"@id\":\"https:\\\/\\\/nuestrosescritores.com\\\/pedrocarbajal\\\/poesias\\\/#primaryimage\"},\"thumbnailUrl\":\"https:\\\/\\\/nuestrosescritores.com\\\/pedrocarbajal\\\/wp-content\\\/uploads\\\/sites\\\/214\\\/2025\\\/09\\\/acc4f4cc-86f0-423a-8dba-4d0320ab7769.webp\",\"datePublished\":\"2025-09-14T11:49:08+00:00\",\"dateModified\":\"2025-09-14T15:12:16+00:00\",\"description\":\"Poes\u00eda del libro HOGAR DE NINFAS el escritor PEDRO CARBAJAL GARC\u00cdA, nos da una muestra tras publicar su libro con la Editorial Poes\u00eda eres t\u00fa\",\"breadcrumb\":{\"@id\":\"https:\\\/\\\/nuestrosescritores.com\\\/pedrocarbajal\\\/poesias\\\/#breadcrumb\"},\"inLanguage\":\"es\",\"potentialAction\":[{\"@type\":\"ReadAction\",\"target\":[\"https:\\\/\\\/nuestrosescritores.com\\\/pedrocarbajal\\\/poesias\\\/\"]}]},{\"@type\":\"ImageObject\",\"inLanguage\":\"es\",\"@id\":\"https:\\\/\\\/nuestrosescritores.com\\\/pedrocarbajal\\\/poesias\\\/#primaryimage\",\"url\":\"https:\\\/\\\/nuestrosescritores.com\\\/pedrocarbajal\\\/wp-content\\\/uploads\\\/sites\\\/214\\\/2025\\\/09\\\/acc4f4cc-86f0-423a-8dba-4d0320ab7769.webp\",\"contentUrl\":\"https:\\\/\\\/nuestrosescritores.com\\\/pedrocarbajal\\\/wp-content\\\/uploads\\\/sites\\\/214\\\/2025\\\/09\\\/acc4f4cc-86f0-423a-8dba-4d0320ab7769.webp\",\"width\":1536,\"height\":1024},{\"@type\":\"BreadcrumbList\",\"@id\":\"https:\\\/\\\/nuestrosescritores.com\\\/pedrocarbajal\\\/poesias\\\/#breadcrumb\",\"itemListElement\":[{\"@type\":\"ListItem\",\"position\":1,\"name\":\"Portada\",\"item\":\"https:\\\/\\\/nuestrosescritores.com\\\/pedrocarbajal\\\/\"},{\"@type\":\"ListItem\",\"position\":2,\"name\":\"POES\u00cdAS\"}]},{\"@type\":\"WebSite\",\"@id\":\"https:\\\/\\\/nuestrosescritores.com\\\/pedrocarbajal\\\/#website\",\"url\":\"https:\\\/\\\/nuestrosescritores.com\\\/pedrocarbajal\\\/\",\"name\":\"Nuestros escritores\",\"description\":\"Escritor\",\"potentialAction\":[{\"@type\":\"SearchAction\",\"target\":{\"@type\":\"EntryPoint\",\"urlTemplate\":\"https:\\\/\\\/nuestrosescritores.com\\\/pedrocarbajal\\\/?s={search_term_string}\"},\"query-input\":{\"@type\":\"PropertyValueSpecification\",\"valueRequired\":true,\"valueName\":\"search_term_string\"}}],\"inLanguage\":\"es\"}]}<\/script>\n<!-- \/ Yoast SEO Premium plugin. -->","yoast_head_json":{"title":"POES\u00cdAS - Pedro Carbajal Garc\u00eda","description":"Poes\u00eda del libro HOGAR DE NINFAS el escritor PEDRO CARBAJAL GARC\u00cdA, nos da una muestra tras publicar su libro con la Editorial Poes\u00eda eres t\u00fa","robots":{"index":"index","follow":"follow","max-snippet":"max-snippet:-1","max-image-preview":"max-image-preview:large","max-video-preview":"max-video-preview:-1"},"canonical":"https:\/\/nuestrosescritores.com\/pedrocarbajal\/poesias\/","og_locale":"es_ES","og_type":"article","og_title":"POES\u00cdAS","og_description":"Poes\u00eda del libro HOGAR DE NINFAS el escritor PEDRO CARBAJAL GARC\u00cdA, nos da una muestra tras publicar su libro con la Editorial Poes\u00eda eres t\u00fa","og_url":"https:\/\/nuestrosescritores.com\/pedrocarbajal\/poesias\/","og_site_name":"Pedro Carbajal Garc\u00eda","article_modified_time":"2025-09-14T15:12:16+00:00","og_image":[{"width":1536,"height":1024,"url":"http:\/\/nuestrosescritores.com\/pedrocarbajal\/wp-content\/uploads\/sites\/214\/2025\/09\/acc4f4cc-86f0-423a-8dba-4d0320ab7769.webp","type":"image\/webp"}],"twitter_card":"summary_large_image","twitter_misc":{"Tiempo de lectura":"3 minutos"},"schema":{"@context":"https:\/\/schema.org","@graph":[{"@type":"WebPage","@id":"https:\/\/nuestrosescritores.com\/pedrocarbajal\/poesias\/","url":"https:\/\/nuestrosescritores.com\/pedrocarbajal\/poesias\/","name":"POES\u00cdAS - Pedro Carbajal Garc\u00eda","isPartOf":{"@id":"https:\/\/nuestrosescritores.com\/pedrocarbajal\/#website"},"primaryImageOfPage":{"@id":"https:\/\/nuestrosescritores.com\/pedrocarbajal\/poesias\/#primaryimage"},"image":{"@id":"https:\/\/nuestrosescritores.com\/pedrocarbajal\/poesias\/#primaryimage"},"thumbnailUrl":"https:\/\/nuestrosescritores.com\/pedrocarbajal\/wp-content\/uploads\/sites\/214\/2025\/09\/acc4f4cc-86f0-423a-8dba-4d0320ab7769.webp","datePublished":"2025-09-14T11:49:08+00:00","dateModified":"2025-09-14T15:12:16+00:00","description":"Poes\u00eda del libro HOGAR DE NINFAS el escritor PEDRO CARBAJAL GARC\u00cdA, nos da una muestra tras publicar su libro con la Editorial Poes\u00eda eres t\u00fa","breadcrumb":{"@id":"https:\/\/nuestrosescritores.com\/pedrocarbajal\/poesias\/#breadcrumb"},"inLanguage":"es","potentialAction":[{"@type":"ReadAction","target":["https:\/\/nuestrosescritores.com\/pedrocarbajal\/poesias\/"]}]},{"@type":"ImageObject","inLanguage":"es","@id":"https:\/\/nuestrosescritores.com\/pedrocarbajal\/poesias\/#primaryimage","url":"https:\/\/nuestrosescritores.com\/pedrocarbajal\/wp-content\/uploads\/sites\/214\/2025\/09\/acc4f4cc-86f0-423a-8dba-4d0320ab7769.webp","contentUrl":"https:\/\/nuestrosescritores.com\/pedrocarbajal\/wp-content\/uploads\/sites\/214\/2025\/09\/acc4f4cc-86f0-423a-8dba-4d0320ab7769.webp","width":1536,"height":1024},{"@type":"BreadcrumbList","@id":"https:\/\/nuestrosescritores.com\/pedrocarbajal\/poesias\/#breadcrumb","itemListElement":[{"@type":"ListItem","position":1,"name":"Portada","item":"https:\/\/nuestrosescritores.com\/pedrocarbajal\/"},{"@type":"ListItem","position":2,"name":"POES\u00cdAS"}]},{"@type":"WebSite","@id":"https:\/\/nuestrosescritores.com\/pedrocarbajal\/#website","url":"https:\/\/nuestrosescritores.com\/pedrocarbajal\/","name":"Nuestros escritores","description":"Escritor","potentialAction":[{"@type":"SearchAction","target":{"@type":"EntryPoint","urlTemplate":"https:\/\/nuestrosescritores.com\/pedrocarbajal\/?s={search_term_string}"},"query-input":{"@type":"PropertyValueSpecification","valueRequired":true,"valueName":"search_term_string"}}],"inLanguage":"es"}]}},"_links":{"self":[{"href":"https:\/\/nuestrosescritores.com\/pedrocarbajal\/wp-json\/wp\/v2\/pages\/158","targetHints":{"allow":["GET"]}}],"collection":[{"href":"https:\/\/nuestrosescritores.com\/pedrocarbajal\/wp-json\/wp\/v2\/pages"}],"about":[{"href":"https:\/\/nuestrosescritores.com\/pedrocarbajal\/wp-json\/wp\/v2\/types\/page"}],"author":[{"embeddable":true,"href":"https:\/\/nuestrosescritores.com\/pedrocarbajal\/wp-json\/wp\/v2\/users\/1"}],"replies":[{"embeddable":true,"href":"https:\/\/nuestrosescritores.com\/pedrocarbajal\/wp-json\/wp\/v2\/comments?post=158"}],"version-history":[{"count":0,"href":"https:\/\/nuestrosescritores.com\/pedrocarbajal\/wp-json\/wp\/v2\/pages\/158\/revisions"}],"wp:featuredmedia":[{"embeddable":true,"href":"https:\/\/nuestrosescritores.com\/pedrocarbajal\/wp-json\/wp\/v2\/media\/23"}],"wp:attachment":[{"href":"https:\/\/nuestrosescritores.com\/pedrocarbajal\/wp-json\/wp\/v2\/media?parent=158"}],"curies":[{"name":"wp","href":"https:\/\/api.w.org\/{rel}","templated":true}]}}