{"id":97,"date":"2021-06-14T17:35:31","date_gmt":"2021-06-14T17:35:31","guid":{"rendered":"https:\/\/nuestrosescritores.com\/pablogarrido\/?page_id=97"},"modified":"2021-06-19T15:48:24","modified_gmt":"2021-06-19T15:48:24","slug":"poesia","status":"publish","type":"page","link":"https:\/\/nuestrosescritores.com\/pablogarrido\/poesia\/","title":{"rendered":"Poes\u00eda"},"content":{"rendered":"<div class=\"wpb-content-wrapper\">[vc_row full_width=&#8221;stretch_row_content_no_spaces&#8221;][vc_column extend=&#8221;false&#8221;]<div class='gambit_parallax_row' data-bg-align='' data-direction='fixed' data-opacity='100' data-velocity='-0.3' data-mobile-enabled='' data-bg-height='1067' data-bg-width='1600' data-bg-image='https:\/\/nuestrosescritores.com\/pablogarrido\/wp-content\/uploads\/sites\/95\/2021\/06\/yl8q6ntzpwa.jpg' data-bg-repeat='false' data-id='' style='display: none'><\/div><div class=\"gambit_fullheight_row\" data-content-location=\"center\" style=\"display: none\"><\/div>[\/vc_column][\/vc_row][vc_row][vc_column extend=&#8221;false&#8221;][vc_column_text]\n<h1>&nbsp;<\/h1>\n<h1><a name=\"_Toc71223736\"><\/a>1. Dioses en vida<\/h1>\n<p>&nbsp;<\/p>\n<p>Crecimiento el tuyo lento al tener que generar en combinaci\u00f3n magistral todo elemento para formar en soluci\u00f3n las vuestras estructuras de sustentaci\u00f3n. Milenarios seres de espectacular porte, fuente de usos, de los elementos y de vida soporte. Supervivientes planetarios, alma del sistema vivo, de funciones y usos varios, los vuestros beneficios describo:<\/p>\n<p>&nbsp;<\/p>\n<p>A la tierra am\u00e1is profundamente, traduci\u00e9ndose vuestro amor en un abrazo a ella permanente.<\/p>\n<p>&nbsp;<\/p>\n<p>Al aire dais vida, al producir preciados elementos contribu-yendo a sustentar la existencia conocida.<\/p>\n<p>&nbsp;<\/p>\n<p>El agua extra\u00e9is del inalcanzable suelo, y para nuestro consuelo, expuls\u00e1is de forma gaseosa del vuelo, el actual precursor de nuestro clima.<\/p>\n<p>&nbsp;<\/p>\n<p>Como materia, hab\u00e9is aliado vuestra suerte al permitir vuestro uso consuetudinariamente. Agradecidas civilizaciones miles por vuestra generosidad infinita, construidos imperios viles sabientes vos de su posterior ca\u00edda prescrita.<\/p>\n<p>&nbsp;<\/p>\n<p>Con las fuerzas naturales acostumbr\u00e1is al uso vuestra compa\u00f1\u00eda, si bien el fuego os reclama, en intr\u00ednseca armon\u00eda ofrec\u00e9is vuestra vida a cambio de restablecer la calma.<\/p>\n<p>&nbsp;<\/p>\n<p>Alimento de lo inerte, de nuestros miedos, del subconsciente.<\/p>\n<p>Dioses sois de la vida, mas por nuestra ignorancia raramente permitida vuestra magistral longevidad, ha admirado y admira cualquier humana civilizaci\u00f3n conocida.<\/p>\n<p>&nbsp;<\/p>\n<p>&nbsp;<\/p>\n<p>&nbsp;<\/p>\n<p>Fuente de sabidur\u00eda vital, pues de forma sinigual, extra\u00e9is energ\u00eda de la fuente eterna para crear, compartir y distribuir tales esenciales de forma alterna, en funci\u00f3n de la necesidad del ser en cuesti\u00f3n, mediante vuestros procesos de generaci\u00f3n de energ\u00eda y altruista transmisi\u00f3n de sabidur\u00eda.<\/p>\n<p>&nbsp;<\/p>\n<p>\u00bfAprender\u00e1 esta humanidad a escuchar y percibir la vuestra verdad?<\/p>\n<p>&nbsp;<\/p>\n<p>&nbsp;<\/p>\n<p>&nbsp;<\/p>\n<p>Pokhara, Nepal<\/p>\n<p>&nbsp;<\/p>\n<span class='bctt-click-to-tweet'><span class='bctt-ctt-text'><a href='https:\/\/x.com\/intent\/tweet?url=https%3A%2F%2Fnuestrosescritores.com%2Fpablogarrido%2Fpoesia%2F&#038;text=1.%20Dioses%20en%20vida%20del%20libro%20VIDA%20DE%20VIDAS%20A%20life%20journey%20de%20PABLO%20GARRIDO&#038;via=poesiaerestu&#038;related=poesiaerestu' target='_blank'rel=\"noopener noreferrer\">1. Dioses en vida del libro VIDA DE VIDAS A life journey de PABLO GARRIDO <\/a><\/span><a href='https:\/\/x.com\/intent\/tweet?url=https%3A%2F%2Fnuestrosescritores.com%2Fpablogarrido%2Fpoesia%2F&#038;text=1.%20Dioses%20en%20vida%20del%20libro%20VIDA%20DE%20VIDAS%20A%20life%20journey%20de%20PABLO%20GARRIDO&#038;via=poesiaerestu&#038;related=poesiaerestu' target='_blank' class='bctt-ctt-btn'rel=\"noopener noreferrer\">Compartir en X<\/a><\/span>[\/vc_column_text][\/vc_column][\/vc_row][vc_row full_width=&#8221;stretch_row_content_no_spaces&#8221;][vc_column extend=&#8221;false&#8221;]<div class='gambit_parallax_row' data-bg-align='' data-direction='fixed' data-opacity='100' data-velocity='-0.3' data-mobile-enabled='' data-bg-height='1067' data-bg-width='1600' data-bg-image='https:\/\/nuestrosescritores.com\/pablogarrido\/wp-content\/uploads\/sites\/95\/2021\/06\/7acmusyrzpu.jpg' data-bg-repeat='false' data-id='' style='display: none'><\/div><div class=\"gambit_fullheight_row\" data-content-location=\"center\" style=\"display: none\"><\/div>[\/vc_column][\/vc_row][vc_row][vc_column extend=&#8221;false&#8221;][vc_column_text]\n<h1>&nbsp;<\/h1>\n<h1><a name=\"_Toc71223738\"><\/a>Re-definici\u00f3n conceptual<\/h1>\n<p>&nbsp;<\/p>\n<p>&nbsp;<\/p>\n<h1><a name=\"_Toc71223739\"><\/a>3. Belleza<\/h1>\n<p>&nbsp;<\/p>\n<p>Expresi\u00f3n suprema de equilibrio natural en consciente transmisi\u00f3n de la m\u00e1s pura expresi\u00f3n de energ\u00eda vital. Energ\u00eda transformadora, cambiante, arm\u00f3nica; flujo divino de opuestos equilibrado, hol\u00edstica fuente de un todo, planeta aunado.<\/p>\n<span class='bctt-click-to-tweet'><span class='bctt-ctt-text'><a href='https:\/\/x.com\/intent\/tweet?url=https%3A%2F%2Fnuestrosescritores.com%2Fpablogarrido%2Fpoesia%2F&#038;text=3.%20Belleza%20del%20libro%20VIDA%20DE%20VIDAS.%20A%20life%20journey%20de%20PABLO%20GARRIDO&#038;via=poesiaerestu&#038;related=poesiaerestu' target='_blank'rel=\"noopener noreferrer\">3. Belleza del libro VIDA DE VIDAS. A life journey de PABLO GARRIDO <\/a><\/span><a href='https:\/\/x.com\/intent\/tweet?url=https%3A%2F%2Fnuestrosescritores.com%2Fpablogarrido%2Fpoesia%2F&#038;text=3.%20Belleza%20del%20libro%20VIDA%20DE%20VIDAS.%20A%20life%20journey%20de%20PABLO%20GARRIDO&#038;via=poesiaerestu&#038;related=poesiaerestu' target='_blank' class='bctt-ctt-btn'rel=\"noopener noreferrer\">Compartir en X<\/a><\/span>\n<p>&nbsp;<\/p>\n<p>&nbsp;[\/vc_column_text][\/vc_column][\/vc_row][vc_row][vc_column extend=&#8221;false&#8221;]<div class='gambit_parallax_row' data-bg-align='' data-direction='fixed' data-opacity='100' data-velocity='-0.3' data-mobile-enabled='' data-bg-height='1200' data-bg-width='900' data-bg-image='https:\/\/nuestrosescritores.com\/pablogarrido\/wp-content\/uploads\/sites\/95\/2021\/06\/8daddmmcjna.jpg' data-bg-repeat='false' data-id='' style='display: none'><\/div><div class=\"gambit_fullheight_row\" data-content-location=\"center\" style=\"display: none\"><\/div>[\/vc_column][\/vc_row][vc_row][vc_column extend=&#8221;false&#8221;][vc_column_text]\n<h1><a name=\"_Toc66730089\"><\/a><\/h1>\n<h1>&nbsp;<\/h1>\n<p>&nbsp;<\/p>\n<h1>&nbsp;<\/h1>\n<h1><a name=\"_Toc68806697\"><\/a><\/h1>\n<h1><a name=\"_Toc68808797\"><\/a><\/h1>\n<h1><a name=\"_Toc69056939\"><\/a><\/h1>\n<p>Aquel maravilloso momento en el resurgir de la historia. Esa que acallas entre el crepitar de la llama que todo lo inunda en la melanc\u00f3lica tempestiva noche y el trazo de un \u00c9RASE UNA VEZ tras el cual se suceden las horas.<\/p>\n<p>&nbsp;<\/p>\n<h1><a name=\"_Toc62554132\"><\/a><a name=\"_Toc64402236\"><\/a><a name=\"_Toc69670843\"><\/a><\/h1>\n<h1><a name=\"_Toc71223740\"><\/a>4. Amor<\/h1>\n<p><strong>&nbsp;<\/strong><\/p>\n<p>Expresi\u00f3n \u00faltima de energ\u00eda humana. Ausencia de barreras, transmisi\u00f3n liviana. Fuente de energ\u00eda interna, calidad humana.<\/p>\n<p>&nbsp;<\/p>\n<p>&nbsp;<\/p>\n<p>&nbsp;<\/p>\n<span class='bctt-click-to-tweet'><span class='bctt-ctt-text'><a href='https:\/\/x.com\/intent\/tweet?url=https%3A%2F%2Fnuestrosescritores.com%2Fpablogarrido%2Fpoesia%2F&#038;text=4.%20Amor%20del%20libro%20VIDA%20DE%20VIDAS.%20A%20life%20journey%20de%20PABLO%20GARRIDO&#038;via=poesiaerestu&#038;related=poesiaerestu' target='_blank'rel=\"noopener noreferrer\">4. Amor del libro VIDA DE VIDAS. A life journey de PABLO GARRIDO <\/a><\/span><a href='https:\/\/x.com\/intent\/tweet?url=https%3A%2F%2Fnuestrosescritores.com%2Fpablogarrido%2Fpoesia%2F&#038;text=4.%20Amor%20del%20libro%20VIDA%20DE%20VIDAS.%20A%20life%20journey%20de%20PABLO%20GARRIDO&#038;via=poesiaerestu&#038;related=poesiaerestu' target='_blank' class='bctt-ctt-btn'rel=\"noopener noreferrer\">Compartir en X<\/a><\/span>[\/vc_column_text][\/vc_column][\/vc_row][vc_row][vc_column extend=&#8221;false&#8221;]<div class='gambit_parallax_row' data-bg-align='' data-direction='fixed' data-opacity='100' data-velocity='-0.3' data-mobile-enabled='' data-bg-height='1200' data-bg-width='800' data-bg-image='https:\/\/nuestrosescritores.com\/pablogarrido\/wp-content\/uploads\/sites\/95\/2021\/06\/z5hrjtzmlpw.jpg' data-bg-repeat='false' data-id='' style='display: none'><\/div><div class=\"gambit_fullheight_row\" data-content-location=\"center\" style=\"display: none\"><\/div>[\/vc_column][\/vc_row][vc_row][vc_column extend=&#8221;false&#8221;][vc_column_text]<a name=\"_Toc67933181\"><\/a><\/p>\n<h1><a name=\"_Toc71223746\"><\/a>10. Involuci\u00f3n<\/h1>\n<p>&nbsp;<\/p>\n<p>Infinita desdicha en ignorancia personalizada,<\/p>\n<p>dicha del pobre de necesidad encumbrada,<\/p>\n<p>ceguera permitida y facilitada,<\/p>\n<p>en nuestra supuesta sociedad evolucionada.<\/p>\n<p>&nbsp;<\/p>\n<p>&nbsp;<\/p>\n<span class='bctt-click-to-tweet'><span class='bctt-ctt-text'><a href='https:\/\/x.com\/intent\/tweet?url=https%3A%2F%2Fnuestrosescritores.com%2Fpablogarrido%2Fpoesia%2F&#038;text=Enamorar%28te%29%20del%20libro%20VIDA%20DE%20VIDAS.%20A%20life%20journey%20de%20PABLO%20GARRIDO&#038;via=poesiaerestu&#038;related=poesiaerestu' target='_blank'rel=\"noopener noreferrer\">Enamorar(te) del libro VIDA DE VIDAS. A life journey de PABLO GARRIDO <\/a><\/span><a href='https:\/\/x.com\/intent\/tweet?url=https%3A%2F%2Fnuestrosescritores.com%2Fpablogarrido%2Fpoesia%2F&#038;text=Enamorar%28te%29%20del%20libro%20VIDA%20DE%20VIDAS.%20A%20life%20journey%20de%20PABLO%20GARRIDO&#038;via=poesiaerestu&#038;related=poesiaerestu' target='_blank' class='bctt-ctt-btn'rel=\"noopener noreferrer\">Compartir en X<\/a><\/span>[\/vc_column_text][\/vc_column][\/vc_row][vc_row][vc_column extend=&#8221;false&#8221;]<div class='gambit_parallax_row' data-bg-align='' data-direction='fixed' data-opacity='100' data-velocity='-0.3' data-mobile-enabled='' data-bg-height='1200' data-bg-width='800' data-bg-image='https:\/\/nuestrosescritores.com\/pablogarrido\/wp-content\/uploads\/sites\/95\/2021\/06\/yh24bp4ryia.jpg' data-bg-repeat='false' data-id='' style='display: none'><\/div><div class=\"gambit_fullheight_row\" data-content-location=\"center\" style=\"display: none\"><\/div>[\/vc_column][\/vc_row][vc_row][vc_column extend=&#8221;false&#8221;][vc_column_text]\n<h1>&nbsp;<\/h1>\n<h1><a name=\"_Toc67238204\"><\/a><a name=\"_Toc68029894\"><\/a><\/h1>\n<h1>&nbsp;<\/h1>\n<h1>&nbsp;<\/h1>\n<h1><a name=\"_Toc71223749\"><\/a>13.<\/h1>\n<p>&nbsp;<\/p>\n<p>La ausencia de impuesta necesidad,<\/p>\n<p>subyace de pret\u00e9rita y radiante claridad,<\/p>\n<p>aborta la vida de ensue\u00f1o e irrealidad<\/p>\n<p>e impulsa un caminar con naturalidad.<\/p>\n<p>&nbsp;<\/p>\n<span class='bctt-click-to-tweet'><span class='bctt-ctt-text'><a href='https:\/\/x.com\/intent\/tweet?url=https%3A%2F%2Fnuestrosescritores.com%2Fpablogarrido%2Fpoesia%2F&#038;text=13%C2%A0del%20libro%20VIDA%20DE%20VIDAS.%20A%20life%20journey%20de%20PABLO%20GARRIDO&#038;via=poesiaerestu&#038;related=poesiaerestu' target='_blank'rel=\"noopener noreferrer\">13&nbsp;del libro VIDA DE VIDAS. A life journey de PABLO GARRIDO <\/a><\/span><a href='https:\/\/x.com\/intent\/tweet?url=https%3A%2F%2Fnuestrosescritores.com%2Fpablogarrido%2Fpoesia%2F&#038;text=13%C2%A0del%20libro%20VIDA%20DE%20VIDAS.%20A%20life%20journey%20de%20PABLO%20GARRIDO&#038;via=poesiaerestu&#038;related=poesiaerestu' target='_blank' class='bctt-ctt-btn'rel=\"noopener noreferrer\">Compartir en X<\/a><\/span>[\/vc_column_text][\/vc_column][\/vc_row][vc_row][vc_column extend=&#8221;false&#8221;]<div class='gambit_parallax_row' data-bg-align='' data-direction='fixed' data-opacity='100' data-velocity='-0.3' data-mobile-enabled='' data-bg-height='1200' data-bg-width='1600' data-bg-image='https:\/\/nuestrosescritores.com\/pablogarrido\/wp-content\/uploads\/sites\/95\/2021\/06\/45sfskai4q4.jpg' data-bg-repeat='false' data-id='' style='display: none'><\/div><div class=\"gambit_fullheight_row\" data-content-location=\"center\" style=\"display: none\"><\/div>[vc_column_text]\n<p style=\"text-align: center;\"><a class=\"fasc-button fasc-size-xlarge fasc-type-glossy fasc-rounded-medium\" style=\"background-color: #33809e; color: #ffffff;\" href=\"https:\/\/librodepoesia.com\/producto\/vida-de-vidas-a-life-journey-pablo-garrido\/\">Comprar el libro<\/a><\/p>\n[\/vc_column_text][\/vc_column][\/vc_row]\n<\/div>","protected":false},"excerpt":{"rendered":"<p>[vc_row full_width=&#8221;stretch_row_content_no_spaces&#8221;][vc_column extend=&#8221;false&#8221;][\/vc_column][\/vc_row][vc_row][vc_column extend=&#8221;false&#8221;][vc_column_text] &nbsp; 1. Dioses en vida &nbsp; Crecimiento el tuyo lento al tener que generar en combinaci\u00f3n magistral todo elemento para formar en soluci\u00f3n las vuestras estructuras de sustentaci\u00f3n. Milenarios seres de espectacular porte, fuente de usos, de los elementos y de vida soporte. Supervivientes planetarios, alma del sistema vivo, de funciones [&hellip;]<\/p>\n","protected":false},"author":1,"featured_media":0,"parent":0,"menu_order":0,"comment_status":"closed","ping_status":"closed","template":"","meta":{"_acf_changed":false,"footnotes":""},"class_list":["post-97","page","type-page","status-publish","hentry"],"acf":[],"yoast_head":"<!-- This site is optimized with the Yoast SEO Premium plugin v24.7 (Yoast SEO v27.4) - https:\/\/yoast.com\/product\/yoast-seo-premium-wordpress\/ -->\n<title>Poes\u00eda - Pablo Garrido<\/title>\n<meta name=\"description\" content=\"Poes\u00eda de Pablo Garrido, el autor nos da una muestra tras publicar un libro con la Editorial Poes\u00eda eres t\u00fa 2021.\" \/>\n<meta name=\"robots\" content=\"index, follow, max-snippet:-1, max-image-preview:large, max-video-preview:-1\" \/>\n<link rel=\"canonical\" href=\"https:\/\/nuestrosescritores.com\/pablogarrido\/poesia\/\" \/>\n<meta property=\"og:locale\" content=\"es_ES\" \/>\n<meta property=\"og:type\" content=\"article\" \/>\n<meta property=\"og:title\" content=\"Poes\u00eda\" \/>\n<meta property=\"og:description\" content=\"Poes\u00eda de Pablo Garrido, el autor nos da una muestra tras publicar un libro con la Editorial Poes\u00eda eres t\u00fa 2021.\" \/>\n<meta property=\"og:url\" content=\"https:\/\/nuestrosescritores.com\/pablogarrido\/poesia\/\" \/>\n<meta property=\"og:site_name\" content=\"Pablo Garrido\" \/>\n<meta property=\"article:modified_time\" content=\"2021-06-19T15:48:24+00:00\" \/>\n<meta name=\"twitter:card\" content=\"summary_large_image\" \/>\n<meta name=\"twitter:label1\" content=\"Tiempo de lectura\" \/>\n\t<meta name=\"twitter:data1\" content=\"3 minutos\" \/>\n<script type=\"application\/ld+json\" class=\"yoast-schema-graph\">{\"@context\":\"https:\\\/\\\/schema.org\",\"@graph\":[{\"@type\":\"WebPage\",\"@id\":\"https:\\\/\\\/nuestrosescritores.com\\\/pablogarrido\\\/poesia\\\/\",\"url\":\"https:\\\/\\\/nuestrosescritores.com\\\/pablogarrido\\\/poesia\\\/\",\"name\":\"Poes\u00eda - Pablo Garrido\",\"isPartOf\":{\"@id\":\"https:\\\/\\\/nuestrosescritores.com\\\/pablogarrido\\\/#website\"},\"datePublished\":\"2021-06-14T17:35:31+00:00\",\"dateModified\":\"2021-06-19T15:48:24+00:00\",\"description\":\"Poes\u00eda de Pablo Garrido, el autor nos da una muestra tras publicar un libro con la Editorial Poes\u00eda eres t\u00fa 2021.\",\"breadcrumb\":{\"@id\":\"https:\\\/\\\/nuestrosescritores.com\\\/pablogarrido\\\/poesia\\\/#breadcrumb\"},\"inLanguage\":\"es\",\"potentialAction\":[{\"@type\":\"ReadAction\",\"target\":[\"https:\\\/\\\/nuestrosescritores.com\\\/pablogarrido\\\/poesia\\\/\"]}]},{\"@type\":\"BreadcrumbList\",\"@id\":\"https:\\\/\\\/nuestrosescritores.com\\\/pablogarrido\\\/poesia\\\/#breadcrumb\",\"itemListElement\":[{\"@type\":\"ListItem\",\"position\":1,\"name\":\"Portada\",\"item\":\"https:\\\/\\\/nuestrosescritores.com\\\/pablogarrido\\\/\"},{\"@type\":\"ListItem\",\"position\":2,\"name\":\"Poes\u00eda\"}]},{\"@type\":\"WebSite\",\"@id\":\"https:\\\/\\\/nuestrosescritores.com\\\/pablogarrido\\\/#website\",\"url\":\"https:\\\/\\\/nuestrosescritores.com\\\/pablogarrido\\\/\",\"name\":\"Nuestros escritores\",\"description\":\"Escritor\",\"potentialAction\":[{\"@type\":\"SearchAction\",\"target\":{\"@type\":\"EntryPoint\",\"urlTemplate\":\"https:\\\/\\\/nuestrosescritores.com\\\/pablogarrido\\\/?s={search_term_string}\"},\"query-input\":{\"@type\":\"PropertyValueSpecification\",\"valueRequired\":true,\"valueName\":\"search_term_string\"}}],\"inLanguage\":\"es\"}]}<\/script>\n<!-- \/ Yoast SEO Premium plugin. -->","yoast_head_json":{"title":"Poes\u00eda - Pablo Garrido","description":"Poes\u00eda de Pablo Garrido, el autor nos da una muestra tras publicar un libro con la Editorial Poes\u00eda eres t\u00fa 2021.","robots":{"index":"index","follow":"follow","max-snippet":"max-snippet:-1","max-image-preview":"max-image-preview:large","max-video-preview":"max-video-preview:-1"},"canonical":"https:\/\/nuestrosescritores.com\/pablogarrido\/poesia\/","og_locale":"es_ES","og_type":"article","og_title":"Poes\u00eda","og_description":"Poes\u00eda de Pablo Garrido, el autor nos da una muestra tras publicar un libro con la Editorial Poes\u00eda eres t\u00fa 2021.","og_url":"https:\/\/nuestrosescritores.com\/pablogarrido\/poesia\/","og_site_name":"Pablo Garrido","article_modified_time":"2021-06-19T15:48:24+00:00","twitter_card":"summary_large_image","twitter_misc":{"Tiempo de lectura":"3 minutos"},"schema":{"@context":"https:\/\/schema.org","@graph":[{"@type":"WebPage","@id":"https:\/\/nuestrosescritores.com\/pablogarrido\/poesia\/","url":"https:\/\/nuestrosescritores.com\/pablogarrido\/poesia\/","name":"Poes\u00eda - Pablo Garrido","isPartOf":{"@id":"https:\/\/nuestrosescritores.com\/pablogarrido\/#website"},"datePublished":"2021-06-14T17:35:31+00:00","dateModified":"2021-06-19T15:48:24+00:00","description":"Poes\u00eda de Pablo Garrido, el autor nos da una muestra tras publicar un libro con la Editorial Poes\u00eda eres t\u00fa 2021.","breadcrumb":{"@id":"https:\/\/nuestrosescritores.com\/pablogarrido\/poesia\/#breadcrumb"},"inLanguage":"es","potentialAction":[{"@type":"ReadAction","target":["https:\/\/nuestrosescritores.com\/pablogarrido\/poesia\/"]}]},{"@type":"BreadcrumbList","@id":"https:\/\/nuestrosescritores.com\/pablogarrido\/poesia\/#breadcrumb","itemListElement":[{"@type":"ListItem","position":1,"name":"Portada","item":"https:\/\/nuestrosescritores.com\/pablogarrido\/"},{"@type":"ListItem","position":2,"name":"Poes\u00eda"}]},{"@type":"WebSite","@id":"https:\/\/nuestrosescritores.com\/pablogarrido\/#website","url":"https:\/\/nuestrosescritores.com\/pablogarrido\/","name":"Nuestros escritores","description":"Escritor","potentialAction":[{"@type":"SearchAction","target":{"@type":"EntryPoint","urlTemplate":"https:\/\/nuestrosescritores.com\/pablogarrido\/?s={search_term_string}"},"query-input":{"@type":"PropertyValueSpecification","valueRequired":true,"valueName":"search_term_string"}}],"inLanguage":"es"}]}},"_links":{"self":[{"href":"https:\/\/nuestrosescritores.com\/pablogarrido\/wp-json\/wp\/v2\/pages\/97","targetHints":{"allow":["GET"]}}],"collection":[{"href":"https:\/\/nuestrosescritores.com\/pablogarrido\/wp-json\/wp\/v2\/pages"}],"about":[{"href":"https:\/\/nuestrosescritores.com\/pablogarrido\/wp-json\/wp\/v2\/types\/page"}],"author":[{"embeddable":true,"href":"https:\/\/nuestrosescritores.com\/pablogarrido\/wp-json\/wp\/v2\/users\/1"}],"replies":[{"embeddable":true,"href":"https:\/\/nuestrosescritores.com\/pablogarrido\/wp-json\/wp\/v2\/comments?post=97"}],"version-history":[{"count":0,"href":"https:\/\/nuestrosescritores.com\/pablogarrido\/wp-json\/wp\/v2\/pages\/97\/revisions"}],"wp:attachment":[{"href":"https:\/\/nuestrosescritores.com\/pablogarrido\/wp-json\/wp\/v2\/media?parent=97"}],"curies":[{"name":"wp","href":"https:\/\/api.w.org\/{rel}","templated":true}]}}