{"id":10,"date":"2022-05-15T06:06:55","date_gmt":"2022-05-15T06:06:55","guid":{"rendered":"https:\/\/nuestrosescritores.com\/oscarsantiuste\/?page_id=10"},"modified":"2022-05-15T08:41:22","modified_gmt":"2022-05-15T08:41:22","slug":"escritor","status":"publish","type":"page","link":"https:\/\/nuestrosescritores.com\/oscarsantiuste\/","title":{"rendered":"Escritor"},"content":{"rendered":"<div class=\"wpb-content-wrapper\">[vc_row full_width=&#8221;stretch_row_content_no_spaces&#8221;][vc_column extend=&#8221;false&#8221;][layerslider_vc id=&#8221;1&#8243;][\/vc_column][\/vc_row][vc_row extend=&#8221;false&#8221; design__empty_1=&#8221;&#8221; background=&#8221;&#8221; background_image_type=&#8221;static&#8221; background_image__effect=&#8221;&#8221; bg_size=&#8221;initial&#8221; bg_position=&#8221;center-center&#8221; row_bg_image=&#8221;&#8221; bg_repeat=&#8221;no-repeat&#8221; background_image_type__bg_color=&#8221;rgba(255, 255, 255, 1)&#8221; row_bg_parallax_images=&#8221;&#8221; row_bg_slideshow_images=&#8221;&#8221; background_video_type=&#8221;youtube&#8221; background_video__youtube__url=&#8221;&#8221; background_video__youtube__parallax=&#8221;&#8221; background_video__youtube__options=&#8221;&#8221; background_video__youtube__fallback_image=&#8221;&#8221; background_video__hosted__mp4=&#8221;&#8221; background_video__hosted__webm=&#8221;&#8221; background_video__hosted__ogv=&#8221;&#8221; background_video__hosted__parallax=&#8221;&#8221; background_video__hosted__options=&#8221;&#8221; background_video__hosted__fallback_image=&#8221;&#8221; background_color_type=&#8221;color&#8221; bg__empty_1=&#8221;&#8221; background_color_type__gradient_color1=&#8221;rgba(44, 74, 228, 1)&#8221; background_color_type__gradient_color2=&#8221;rgba(44, 74, 228, 1)&#8221; background_color_type__color_color1=&#8221;rgba(44, 74, 228, 1)&#8221; bg__empty_2=&#8221;&#8221; background_color__effect=&#8221;&#8221; background_color__direction=&#8221;left-to-right&#8221; settings__tag_1=&#8221;&#8221; viewport_lg=&#8221;&#8221; viewport_md=&#8221;&#8221; viewport_sm=&#8221;&#8221; viewport_xs=&#8221;&#8221; settings__empty_1=&#8221;&#8221; version=&#8221;1&#8243;][vc_column width=&#8221;1\/2&#8243; extend=&#8221;false&#8221;]<div class=\"ult-content-box-container \" >\t\t<div class=\"ult-content-box\" style=\"background-color:rgba(255,255,255,0.49);box-shadow: px px 8px px #f2f2f2 none;border-style:none;-webkit-transition: all 700ms ease;-moz-transition: all 700ms ease;-ms-transition: all 700ms ease;-o-transition: all 700ms ease;transition: all 700ms ease;\"  data-hover_box_shadow=\"none\"     data-bg=\"rgba(255,255,255,0.49)\"  data-border_color=\"\" >[vc_column_text css=&#8221;.vc_custom_1652594295734{padding-top: 15% !important;padding-right: 15% !important;padding-bottom: 15% !important;padding-left: 15% !important;}&#8221;]\u00d3scar Santiuste. Nacido en Valladolid, actualmente reside en Madrid, donde ejerce como profesor universitario. Anteriormente, ocup\u00f3 diversos puestos de responsabilidad en la empresa privada.<\/p>\n<p>&nbsp;<\/p>\n<p>Firme partidario de vivir antes de escribir, ha publicado varios libros de distinta tem\u00e1tica, entre ellos dos novelas: <em>La Flor de la Zarza<\/em> (2006) y ahora <em>En Busca del Pladur<\/em> (2022), obra con la que espera dar continuidad a su faceta de escritor.<\/p>\n<p>&nbsp;<\/p>\n<p>&nbsp;<\/p>\n<p>&nbsp;<\/p>\n<span class='bctt-click-to-tweet'><span class='bctt-ctt-text'><a href='https:\/\/x.com\/intent\/tweet?url=https%3A%2F%2Fnuestrosescritores.com%2Foscarsantiuste%2F&#038;text=%C3%93SCAR%20SANTIUSTE.%20Escritor.&#038;related' target='_blank'rel=\"noopener noreferrer\">\u00d3SCAR SANTIUSTE. Escritor. <\/a><\/span><a href='https:\/\/x.com\/intent\/tweet?url=https%3A%2F%2Fnuestrosescritores.com%2Foscarsantiuste%2F&#038;text=%C3%93SCAR%20SANTIUSTE.%20Escritor.&#038;related' target='_blank' class='bctt-ctt-btn'rel=\"noopener noreferrer\">Compartir en X<\/a><\/span>[\/vc_column_text]\t\t<\/div><\/div>[\/vc_column][vc_column width=&#8221;1\/2&#8243; extend=&#8221;false&#8221;]<div class=\"gambit_fullheight_row\" data-content-location=\"center\" style=\"display: none\"><\/div><div id=\"rowvcpt-row-settings\" class=\"rowvcpt-row-set RowVcPt-row-setting69eb592c6cf5a \" data-no=\"RowVcPt-row-setting69eb592c6cf5a\"><div  id=\"bgGallaryslide69eb592c6cf5f\" class=\"rowvcpt-slideshow \"><\/div><script type=\"text\/javascript\">\n(function($) {\n$(\"#bgGallaryslide69eb592c6cf5f\").vegas({\n        overlay: \"https:\/\/nuestrosescritores.com\/oscarsantiuste\/wp-content\/plugins\/ultimate-row-background\/css\/overlays\/0'.esc_attr(1.png).'\",\n        transitionDuration: 4e3,\n        delay: 7000,\n        slides: [{src: \"https:\/\/nuestrosescritores.com\/oscarsantiuste\/wp-content\/uploads\/sites\/129\/2022\/05\/11741441.jpg\",transition: \"fade2\",transitionDuration: 5000},{src: \"https:\/\/nuestrosescritores.com\/oscarsantiuste\/wp-content\/uploads\/sites\/129\/2022\/05\/11826095.jpg\",transition: \"fade2\",transitionDuration: 5000},{src: \"https:\/\/nuestrosescritores.com\/oscarsantiuste\/wp-content\/uploads\/sites\/129\/2022\/05\/y39c88u_v_o.jpg\",transition: \"fade2\",transitionDuration: 5000},{src: \"https:\/\/nuestrosescritores.com\/oscarsantiuste\/wp-content\/uploads\/sites\/129\/2022\/05\/7118843.jpg\",transition: \"fade2\",transitionDuration: 5000},]\n    });\t\t\n})(jQuery);\n<\/script><div class=\"rowvcpt-overlay\" style=\"background:rgba(255,255,255,0.69)\"><\/div><\/div>[vc_single_image image=&#8221;11&#8243; img_size=&#8221;full&#8221; alignment=&#8221;center&#8221;][\/vc_column][\/vc_row][vc_row full_height=&#8221;yes&#8221; equal_height=&#8221;yes&#8221; content_placement=&#8221;middle&#8221; css_animation=&#8221;appear&#8221; css=&#8221;.vc_custom_1638093275611{background-position: center !important;background-repeat: no-repeat !important;background-size: cover !important;}&#8221;][vc_column extend=&#8221;false&#8221;]<div class=\"ult-spacer spacer-69eb592c6dbbf\" data-id=\"69eb592c6dbbf\" data-height=\"500\" data-height-mobile=\"500\" data-height-tab=\"500\" data-height-tab-portrait=\"\" data-height-mobile-landscape=\"\" style=\"clear:both;display:block;\"><\/div><div id=\"rowvcpt-row-settings\" class=\"rowvcpt-row-set RowVcPt-row-setting69eb592c6dbda \" data-no=\"RowVcPt-row-setting69eb592c6dbda\"><div class=\"columns-bg-wrap columns-bg-anim-colors columns-bg-image  columns_simple_image\" id=\"RowVcPt-image-bg-69eb592c6dbd9\"   data-parallax_sense=\"30\" src=\"https:\/\/nuestrosescritores.com\/oscarsantiuste\/wp-content\/uploads\/sites\/129\/2022\/05\/7152189.jpg\" style=\"background-image: url(https:\/\/nuestrosescritores.com\/oscarsantiuste\/wp-content\/uploads\/sites\/129\/2022\/05\/7152189.jpg);background-position: center center;background-size: cover;background-attachment: fixed;\"><\/div><\/div>[\/vc_column][\/vc_row][vc_row full_width=&#8221;stretch_row_content_no_spaces&#8221; full_height=&#8221;yes&#8221; content_placement=&#8221;middle&#8221;][vc_column extend=&#8221;false&#8221;]<div class=\"gambit_fullheight_row\" data-content-location=\"center\" style=\"display: none\"><\/div><div id=\"rowvcpt-row-settings\" class=\"rowvcpt-row-set RowVcPt-row-setting69eb592c6df01 \" data-no=\"RowVcPt-row-setting69eb592c6df01\"><div  id=\"bgGallaryslide69eb592c6df05\" class=\"rowvcpt-slideshow \"><\/div><script type=\"text\/javascript\">\n(function($) {\n$(\"#bgGallaryslide69eb592c6df05\").vegas({\n        overlay: \"https:\/\/nuestrosescritores.com\/oscarsantiuste\/wp-content\/plugins\/ultimate-row-background\/css\/overlays\/0'.esc_attr(2.png).'\",\n        transitionDuration: 4e3,\n        delay: 7000,\n        slides: [{src: \"https:\/\/nuestrosescritores.com\/oscarsantiuste\/wp-content\/uploads\/sites\/129\/2022\/05\/11741441.jpg\",transition: \"fade2\",transitionDuration: 5000},{src: \"https:\/\/nuestrosescritores.com\/oscarsantiuste\/wp-content\/uploads\/sites\/129\/2022\/05\/11826095.jpg\",transition: \"fade2\",transitionDuration: 5000},{src: \"https:\/\/nuestrosescritores.com\/oscarsantiuste\/wp-content\/uploads\/sites\/129\/2022\/05\/7118843.jpg\",transition: \"fade2\",transitionDuration: 5000},{src: \"https:\/\/nuestrosescritores.com\/oscarsantiuste\/wp-content\/uploads\/sites\/129\/2022\/05\/7091641.jpg\",transition: \"fade2\",transitionDuration: 5000},]\n    });\t\t\n})(jQuery);\n<\/script><div class=\"rowvcpt-overlay\" style=\"background:rgba(255,255,255,0.69)\"><\/div><\/div><div id=\"uvc-type-wrap-8757\"  data-ultimate-target='#uvc-type-wrap-8757'  data-responsive-json-new='{\"font-size\":\"\",\"line-height\":\"\"}'  class=\"uvc-type-wrap vc_custom_1652594769284 ult-adjust-bottom-margin ult-responsive  uvc-type-align-center uvc-type-no-prefix uvc-wrap-100340859769eb592c6e289\" style=\"text-align:center;\"><span id=\"typed-100340859769eb592c6e289\" class=\"ultimate-typed-main \" style=\" font-weight:bold; text-transform: unset;\"><\/span><script type=\"text\/javascript\">\n\t\t\t\t\t\tjQuery(function($){ \n\t\t\t\t\t\t\t$(document).ready(function(){\n\t\t\t\t\t\t\t\tif( typeof jQuery(\"#typed-100340859769eb592c6e289\").typed == \"function\"){\n\t\t\t\t\t\t\t\t\t$(\"#typed-100340859769eb592c6e289\").typed({\n\t\t\t\t\t\t\t\t\t\tstrings: [\"Durante su a\u00f1o sab\u00e1tico, un profesor universitario reci\u00e9n divorciado decide colaborar con una fundaci\u00f3n dedicada a la formaci\u00f3n de personas inmigrantes. All\u00ed se sumerge en un mundo completamente desconocido para \u00e9l, donde vive experiencias que cambian su perspectiva anterior.\",\"Ambientada en el Madrid de principios de siglo, el de la burbuja inmobiliaria y el dinero f\u00e1cil, la novela narra dos historias de amor que convergen en una larga cr\u00f3nica de soledad. Amor y soledad, dos caras de la misma moneda, que tienen como tel\u00f3n de fondo una ciudad en plena transformaci\u00f3n, llena de personas que luchan por salir adelante y mejorar su vida como sea.\",\"Escrito de forma introspectiva, el relato mezcla cuestiones tan diferentes como las relaciones de conveniencia, la b\u00fasqueda de la felicidad o la fortaleza frente a situaciones imposibles, con las que el lector va a sentirse identificado. El resultado es un retrato contempor\u00e1neo de la inmigraci\u00f3n, que muestra la importancia de ayudar a los dem\u00e1s en la medida de las propias posibilidades.\"],\n\t\t\t\t\t\t\t\t\t\ttypeSpeed: 35,\n\t\t\t\t\t\t\t\t\t\tbackSpeed: 0,\n\t\t\t\t\t\t\t\t\t\tstartDelay: \"200\",\n\t\t\t\t\t\t\t\t\t\tbackDelay: \"1500\",\n\t\t\t\t\t\t\t\t\t\tloop: true,\n\t\t\t\t\t\t\t\t\t\tloopCount: false,\n\t\t\t\t\t\t\t\t\t\tshowCursor: true,\n\t\t\t\t\t\t\t\t\t\tcursorChar: \"|\",\n\t\t\t\t\t\t\t\t\t\tattr: null\n\t\t\t\t\t\t\t\t\t});\n\t\t\t\t\t\t\t\t}\n\t\t\t\t\t\t\t});\n\t\t\t\t\t\t});\n\t\t\t\t\t<\/script><\/div>[\/vc_column][\/vc_row][vc_row full_height=&#8221;yes&#8221; content_placement=&#8221;middle&#8221; parallax=&#8221;content-moving&#8221; parallax_image=&#8221;86&#8243; css_animation=&#8221;appear&#8221; bg_type=&#8221;image&#8221; css=&#8221;.vc_custom_1634746787147{background-image: url(https:\/\/nuestrosescritores.com\/tinahernandezherrero\/wp-content\/uploads\/sites\/107\/2021\/10\/TinaHernandezHerrero-Mediano.jpg?id=86) !important;}&#8221;][vc_column extend=&#8221;false&#8221;][vc_empty_space height=&#8221;150px&#8221;]<div id=\"rowvcpt-row-settings\" class=\"rowvcpt-row-set RowVcPt-row-setting69eb592c6e506 \" data-no=\"RowVcPt-row-setting69eb592c6e506\"><div class=\"columns-bg-wrap columns-bg-anim-colors columns-bg-image  columns_simple_image\" id=\"RowVcPt-image-bg-69eb592c6e505\"   data-parallax_sense=\"30\" src=\"https:\/\/nuestrosescritores.com\/oscarsantiuste\/wp-content\/uploads\/sites\/129\/2022\/05\/y39c88u_v_o.jpg\" style=\"background-image: url(https:\/\/nuestrosescritores.com\/oscarsantiuste\/wp-content\/uploads\/sites\/129\/2022\/05\/y39c88u_v_o.jpg);background-position: center center;background-size: cover;background-attachment: fixed;\"><\/div><\/div>[vc_column_text]\n<p style=\"text-align: center;\"><a class=\"fasc-button fasc-size-xlarge fasc-type-glossy fasc-rounded-medium\" style=\"background-color: #2b3336; color: #ffffff;\" href=\"https:\/\/gepa.es\/producto\/en-busca-del-pladur-oscar-santiuste\/\">COMPRA SUS LIBROS<\/a><\/p>\n[\/vc_column_text][\/vc_column][\/vc_row][vc_row][vc_column]<div id=\"rowvcpt-row-settings\" class=\"rowvcpt-row-set RowVcPt-row-setting69eb592c6e55c \" data-no=\"RowVcPt-row-setting69eb592c6e55c\"><div class=\"columns-bg-wrap columns-bg-anim-colors\" style=\"opacity: 1;background: -moz-linear-gradient(top, #e0e0e0 0%, #f7f7f7 100%);background: -webkit-gradient(linear, left top, left bottom, color-stop(0%,#e0e0e0), color-stop(100%,#f7f7f7));background: -webkit-linear-gradient(top, #e0e0e0 0%,#f7f7f7 100%);background: -o-linear-gradient(top, #e0e0e0 0%,#f7f7f7 100%);background: -ms-linear-gradient(top, #e0e0e0 0%,#f7f7f7 100%);background: linear-gradient(to bottom, #e0e0e0 0%,#f7f7f7 100%);\"><\/div><\/div>[vc_column_text css=&#8221;.vc_custom_1643365975895{padding-top: 5% !important;padding-right: 5% !important;padding-bottom: 5% !important;padding-left: 5% !important;background-color: rgba(206,206,206,0.01) !important;*background-color: rgb(206,206,206) !important;border-radius: 1px !important;}&#8221;]Esta p\u00e1gina web est\u00e1 realizada por el GRUPO EDITORIAL P\u00c9REZ-AYALA para el escritor \u00d3SCAR SANTIUSTE porque acaba de publicar un libro en una de las siguientes <a href=\"https:\/\/editorialesdepoesia.com\">editoriales de poes\u00eda<\/a>:<br \/>\n<a href=\"https:\/\/poesiaerestu.com\">Editorial Poes\u00eda eres t\u00fa<\/a>: Una editorial para poetas contempor\u00e1neos, con un cat\u00e1logo diverso de las diferentes tendencias de la poes\u00eda.<br \/>\n<a href=\"https:\/\/edicionesrilke.com\">Ediciones Rilke<\/a>: Una colecci\u00f3n de poes\u00eda cl\u00e1sica con poetas contempor\u00e1neos de gran trayectoria.<br \/>\n<a href=\"https:\/\/edicionesazorin.com\">Ediciones Azor\u00edn<\/a>: Una editorial para escritores y temas de Alicante y Murcia, un sello regional a nivel nacional.<br \/>\nContamos tambi\u00e9n con editoriales de narrativa como <a href=\"https:\/\/edicionesamaniel.com\">Ediciones Amaniel<\/a> y una editorial de autoedici\u00f3n como la <a href=\"https:\/\/agenciadellibro.com\">Editorial Agencia del libro<\/a> y un sistema de <a href=\"https:\/\/crowdfundingdelibros.com\">crowdfunding de libros<\/a> para que los nuevos escritores puedan <a href=\"https:\/\/crowdfundingdelibros.com\/\">publicar un libro gratis<\/a>.<br \/>\nInformaci\u00f3n tras publicar un libro: EN BUSCA DEL PLADUR de \u00d3SCAR SANTIUSTE con la editorial Ediciones Amaniel.<br \/>\n\u00d3SCAR SANTIUSTE logra publicar un libro, EN BUSCA DEL PLADUR, tras un proceso de selecci\u00f3n de obras con la Editorial Ediciones Amaniel.<br \/>\nTodos los derechos del libro EN BUSCA DEL PLADUR pertenecen a \u00d3SCAR SANTIUSTE tras publicar un libro con la Editorial Ediciones Amaniel.<br \/>\nPublicar un libro de poes\u00eda como EN BUSCA DEL PLADUR de \u00d3SCAR SANTIUSTE es posible gracias al trabajo de todo el equipo de la Editorial Ediciones Amaniel.<br \/>\nToda la promoci\u00f3n del libro EN BUSCA DEL PLADUR la puedes ver en la p\u00e1gina de la Editorial Ediciones Amaniel y en la web que la editorial le hace a \u00d3SCAR SANTIUSTE tras publicar un libro.<br \/>\n\u00d3SCAR SANTIUSTE agradece a la Editorial Ediciones Amaniel y la Agencia del libro por facilitar el trabajo de <a href=\"https:\/\/agenciadellibro.com\">publicar un libro<\/a>: EN BUSCA DEL PLADUR.<br \/>\nLa Editorial Ediciones Amaniel y \u00d3SCAR SANTIUSTE agradecen la colaboraci\u00f3n de los poetas, que han conseguido publicar un libro, y lectores del libro EN BUSCA DEL PLADUR por su colaboraci\u00f3n en la promoci\u00f3n y difusi\u00f3n de la obra.[\/vc_column_text][\/vc_column][\/vc_row]\n<\/div>","protected":false},"excerpt":{"rendered":"<p>[vc_row full_width=&#8221;stretch_row_content_no_spaces&#8221;][vc_column extend=&#8221;false&#8221;][layerslider_vc id=&#8221;1&#8243;][\/vc_column][\/vc_row][vc_row extend=&#8221;false&#8221; design__empty_1=&#8221;&#8221; background=&#8221;&#8221; background_image_type=&#8221;static&#8221; background_image__effect=&#8221;&#8221; bg_size=&#8221;initial&#8221; bg_position=&#8221;center-center&#8221; row_bg_image=&#8221;&#8221; bg_repeat=&#8221;no-repeat&#8221; background_image_type__bg_color=&#8221;rgba(255, 255, 255, 1)&#8221; row_bg_parallax_images=&#8221;&#8221; row_bg_slideshow_images=&#8221;&#8221; background_video_type=&#8221;youtube&#8221; background_video__youtube__url=&#8221;&#8221; background_video__youtube__parallax=&#8221;&#8221; background_video__youtube__options=&#8221;&#8221; background_video__youtube__fallback_image=&#8221;&#8221; background_video__hosted__mp4=&#8221;&#8221; background_video__hosted__webm=&#8221;&#8221; background_video__hosted__ogv=&#8221;&#8221; background_video__hosted__parallax=&#8221;&#8221; background_video__hosted__options=&#8221;&#8221; background_video__hosted__fallback_image=&#8221;&#8221; background_color_type=&#8221;color&#8221; bg__empty_1=&#8221;&#8221; background_color_type__gradient_color1=&#8221;rgba(44, 74, 228, 1)&#8221; background_color_type__gradient_color2=&#8221;rgba(44, 74, 228, 1)&#8221; background_color_type__color_color1=&#8221;rgba(44, 74, 228, 1)&#8221; bg__empty_2=&#8221;&#8221; background_color__effect=&#8221;&#8221; background_color__direction=&#8221;left-to-right&#8221; settings__tag_1=&#8221;&#8221; viewport_lg=&#8221;&#8221; viewport_md=&#8221;&#8221; viewport_sm=&#8221;&#8221; viewport_xs=&#8221;&#8221; settings__empty_1=&#8221;&#8221; version=&#8221;1&#8243;][vc_column width=&#8221;1\/2&#8243; [&hellip;]<\/p>\n","protected":false},"author":1,"featured_media":0,"parent":0,"menu_order":0,"comment_status":"closed","ping_status":"closed","template":"","meta":{"_acf_changed":false,"footnotes":""},"class_list":["post-10","page","type-page","status-publish","hentry"],"acf":[],"yoast_head":"<!-- This site is optimized with the Yoast SEO Premium plugin v24.7 (Yoast SEO v27.4) - https:\/\/yoast.com\/product\/yoast-seo-premium-wordpress\/ -->\n<title>Escritor - \u00d3scar Santiuste<\/title>\n<meta name=\"description\" content=\"\u00d3SCAR SANTIUSTE es el escritor del libro EN BUSCA DEL PLADUR. Acaba de publicar un libro de poes\u00eda con la Editorial Ediciones Amaniel\" \/>\n<meta name=\"robots\" content=\"index, follow, max-snippet:-1, max-image-preview:large, max-video-preview:-1\" \/>\n<link rel=\"canonical\" href=\"https:\/\/nuestrosescritores.com\/oscarsantiuste\/\" \/>\n<meta property=\"og:locale\" content=\"es_ES\" \/>\n<meta property=\"og:type\" content=\"article\" \/>\n<meta property=\"og:title\" content=\"Escritor\" \/>\n<meta property=\"og:description\" content=\"\u00d3SCAR SANTIUSTE es el escritor del libro EN BUSCA DEL PLADUR. Acaba de publicar un libro de poes\u00eda con la Editorial Ediciones Amaniel\" \/>\n<meta property=\"og:url\" content=\"https:\/\/nuestrosescritores.com\/oscarsantiuste\/\" \/>\n<meta property=\"og:site_name\" content=\"\u00d3scar Santiuste\" \/>\n<meta property=\"article:modified_time\" content=\"2022-05-15T08:41:22+00:00\" \/>\n<meta name=\"twitter:card\" content=\"summary_large_image\" \/>\n<meta name=\"twitter:label1\" content=\"Tiempo de lectura\" \/>\n\t<meta name=\"twitter:data1\" content=\"4 minutos\" \/>\n<script type=\"application\/ld+json\" class=\"yoast-schema-graph\">{\"@context\":\"https:\\\/\\\/schema.org\",\"@graph\":[{\"@type\":\"WebPage\",\"@id\":\"https:\\\/\\\/nuestrosescritores.com\\\/oscarsantiuste\\\/\",\"url\":\"https:\\\/\\\/nuestrosescritores.com\\\/oscarsantiuste\\\/\",\"name\":\"Escritor - \u00d3scar Santiuste\",\"isPartOf\":{\"@id\":\"https:\\\/\\\/nuestrosescritores.com\\\/oscarsantiuste\\\/#website\"},\"datePublished\":\"2022-05-15T06:06:55+00:00\",\"dateModified\":\"2022-05-15T08:41:22+00:00\",\"description\":\"\u00d3SCAR SANTIUSTE es el escritor del libro EN BUSCA DEL PLADUR. Acaba de publicar un libro de poes\u00eda con la Editorial Ediciones Amaniel\",\"breadcrumb\":{\"@id\":\"https:\\\/\\\/nuestrosescritores.com\\\/oscarsantiuste\\\/#breadcrumb\"},\"inLanguage\":\"es\",\"potentialAction\":[{\"@type\":\"ReadAction\",\"target\":[\"https:\\\/\\\/nuestrosescritores.com\\\/oscarsantiuste\\\/\"]}]},{\"@type\":\"BreadcrumbList\",\"@id\":\"https:\\\/\\\/nuestrosescritores.com\\\/oscarsantiuste\\\/#breadcrumb\",\"itemListElement\":[{\"@type\":\"ListItem\",\"position\":1,\"name\":\"Portada\",\"item\":\"https:\\\/\\\/nuestrosescritores.com\\\/oscarsantiuste\\\/\"},{\"@type\":\"ListItem\",\"position\":2,\"name\":\"Escritor\"}]},{\"@type\":\"WebSite\",\"@id\":\"https:\\\/\\\/nuestrosescritores.com\\\/oscarsantiuste\\\/#website\",\"url\":\"https:\\\/\\\/nuestrosescritores.com\\\/oscarsantiuste\\\/\",\"name\":\"Nuestros escritores\",\"description\":\"Escritor\",\"potentialAction\":[{\"@type\":\"SearchAction\",\"target\":{\"@type\":\"EntryPoint\",\"urlTemplate\":\"https:\\\/\\\/nuestrosescritores.com\\\/oscarsantiuste\\\/?s={search_term_string}\"},\"query-input\":{\"@type\":\"PropertyValueSpecification\",\"valueRequired\":true,\"valueName\":\"search_term_string\"}}],\"inLanguage\":\"es\"}]}<\/script>\n<!-- \/ Yoast SEO Premium plugin. -->","yoast_head_json":{"title":"Escritor - \u00d3scar Santiuste","description":"\u00d3SCAR SANTIUSTE es el escritor del libro EN BUSCA DEL PLADUR. Acaba de publicar un libro de poes\u00eda con la Editorial Ediciones Amaniel","robots":{"index":"index","follow":"follow","max-snippet":"max-snippet:-1","max-image-preview":"max-image-preview:large","max-video-preview":"max-video-preview:-1"},"canonical":"https:\/\/nuestrosescritores.com\/oscarsantiuste\/","og_locale":"es_ES","og_type":"article","og_title":"Escritor","og_description":"\u00d3SCAR SANTIUSTE es el escritor del libro EN BUSCA DEL PLADUR. Acaba de publicar un libro de poes\u00eda con la Editorial Ediciones Amaniel","og_url":"https:\/\/nuestrosescritores.com\/oscarsantiuste\/","og_site_name":"\u00d3scar Santiuste","article_modified_time":"2022-05-15T08:41:22+00:00","twitter_card":"summary_large_image","twitter_misc":{"Tiempo de lectura":"4 minutos"},"schema":{"@context":"https:\/\/schema.org","@graph":[{"@type":"WebPage","@id":"https:\/\/nuestrosescritores.com\/oscarsantiuste\/","url":"https:\/\/nuestrosescritores.com\/oscarsantiuste\/","name":"Escritor - \u00d3scar Santiuste","isPartOf":{"@id":"https:\/\/nuestrosescritores.com\/oscarsantiuste\/#website"},"datePublished":"2022-05-15T06:06:55+00:00","dateModified":"2022-05-15T08:41:22+00:00","description":"\u00d3SCAR SANTIUSTE es el escritor del libro EN BUSCA DEL PLADUR. Acaba de publicar un libro de poes\u00eda con la Editorial Ediciones Amaniel","breadcrumb":{"@id":"https:\/\/nuestrosescritores.com\/oscarsantiuste\/#breadcrumb"},"inLanguage":"es","potentialAction":[{"@type":"ReadAction","target":["https:\/\/nuestrosescritores.com\/oscarsantiuste\/"]}]},{"@type":"BreadcrumbList","@id":"https:\/\/nuestrosescritores.com\/oscarsantiuste\/#breadcrumb","itemListElement":[{"@type":"ListItem","position":1,"name":"Portada","item":"https:\/\/nuestrosescritores.com\/oscarsantiuste\/"},{"@type":"ListItem","position":2,"name":"Escritor"}]},{"@type":"WebSite","@id":"https:\/\/nuestrosescritores.com\/oscarsantiuste\/#website","url":"https:\/\/nuestrosescritores.com\/oscarsantiuste\/","name":"Nuestros escritores","description":"Escritor","potentialAction":[{"@type":"SearchAction","target":{"@type":"EntryPoint","urlTemplate":"https:\/\/nuestrosescritores.com\/oscarsantiuste\/?s={search_term_string}"},"query-input":{"@type":"PropertyValueSpecification","valueRequired":true,"valueName":"search_term_string"}}],"inLanguage":"es"}]}},"_links":{"self":[{"href":"https:\/\/nuestrosescritores.com\/oscarsantiuste\/wp-json\/wp\/v2\/pages\/10","targetHints":{"allow":["GET"]}}],"collection":[{"href":"https:\/\/nuestrosescritores.com\/oscarsantiuste\/wp-json\/wp\/v2\/pages"}],"about":[{"href":"https:\/\/nuestrosescritores.com\/oscarsantiuste\/wp-json\/wp\/v2\/types\/page"}],"author":[{"embeddable":true,"href":"https:\/\/nuestrosescritores.com\/oscarsantiuste\/wp-json\/wp\/v2\/users\/1"}],"replies":[{"embeddable":true,"href":"https:\/\/nuestrosescritores.com\/oscarsantiuste\/wp-json\/wp\/v2\/comments?post=10"}],"version-history":[{"count":0,"href":"https:\/\/nuestrosescritores.com\/oscarsantiuste\/wp-json\/wp\/v2\/pages\/10\/revisions"}],"wp:attachment":[{"href":"https:\/\/nuestrosescritores.com\/oscarsantiuste\/wp-json\/wp\/v2\/media?parent=10"}],"curies":[{"name":"wp","href":"https:\/\/api.w.org\/{rel}","templated":true}]}}