{"id":124,"date":"2025-11-01T08:45:26","date_gmt":"2025-11-01T07:45:26","guid":{"rendered":"https:\/\/nuestrosescritores.com\/nuria-gazquez-y-cecilia-guiter\/?page_id=124"},"modified":"2025-11-18T21:00:17","modified_gmt":"2025-11-18T20:00:17","slug":"poesia","status":"publish","type":"page","link":"https:\/\/nuestrosescritores.com\/nuria-gazquez-y-cecilia-guiter\/poesia\/","title":{"rendered":"POES\u00cdA"},"content":{"rendered":"<div class=\"wpb-content-wrapper\">[vc_row full_width=&#8221;stretch_row_content_no_spaces&#8221;][vc_column extend=&#8221;false&#8221;]<div class='gambit_parallax_row' data-bg-align='' data-direction='fixed' data-opacity='100' data-velocity='-0.3' data-mobile-enabled='' data-bg-height='1200' data-bg-width='800' data-bg-image='https:\/\/nuestrosescritores.com\/nuria-gazquez-y-cecilia-guiter\/wp-content\/uploads\/sites\/219\/2025\/10\/jv23clc9bqc.jpg' data-bg-repeat='false' data-id='' style='display: none'><\/div><div class=\"gambit_fullheight_row\" data-content-location=\"center\" style=\"display: none\"><\/div>[\/vc_column][\/vc_row][vc_row][vc_column extend=&#8221;false&#8221;][vc_column_text css=&#8221;.vc_custom_1761983107889{padding: 5% !important;}&#8221;]<a name=\"_Toc209539969\"><\/a><strong>Mar muerto<\/strong><\/p>\n<p>&nbsp;<\/p>\n<p>Sus cinco puntas se estiran,<\/p>\n<p>no alcanzan sus dedos<\/p>\n<p>aquel trocito de espejo<\/p>\n<p>en que las olas se miran.<\/p>\n<p>&nbsp;<\/p>\n<p>Un rostro de madreperla<\/p>\n<p>no olvida que naci\u00f3 de la sal;<\/p>\n<p>suspira, a\u00f1ora el agua,<\/p>\n<p>se consuela recreando sonidos de mar.<\/p>\n<p>&nbsp;<\/p>\n<p>Cinco puntas, cinco dedos,<\/p>\n<p>vuelven a cantar saetas,<\/p>\n<p>riendo blancas risas<\/p>\n<p>que suben hacia el puerto.<\/p>\n<p>&nbsp;<\/p>\n<p>De n\u00e1car su costra irisada,<\/p>\n<p>dormidas en su c\u00e1rcel descansan<\/p>\n<p>tras ecos de sonidos azules,<\/p>\n<p>secan sus pieles al sol.<\/p>\n<p>Fuera, las cigarras con sus canciones<\/p>\n<p>ara\u00f1an los prados de amapolas<\/p>\n<p>y forjan en oto\u00f1o un nuevo invierno.<\/p>\n<p>mientras el verano recuerda primaveras.<\/p>\n<p>&nbsp;<\/p>\n<p>Olas quietas en urna de cristal,<\/p>\n<p>vecinas de desventura,<\/p>\n<p>caracola, estrella y coral,<\/p>\n<p>ya no dan guerra bajo el mar,<\/p>\n<p>sino que guardan su casa,<\/p>\n<p>limpia a fuerza de cal.<\/p>\n<p>&nbsp;<\/p>\n<p>&nbsp;<\/p>\n<p><strong>Cecilia Guiter<\/strong><\/p>\n<p>&nbsp;<\/p>\n<span class='bctt-click-to-tweet'><span class='bctt-ctt-text'><a href='https:\/\/x.com\/intent\/tweet?url=https%3A%2F%2Fnuestrosescritores.com%2Fnuria-gazquez-y-cecilia-guiter%2Fpoesia%2F&#038;text=Mar%20muerto%20del%20libro%20UN%20FIRMAMENTO%20DE%20PECES%20de%20CECILIA%20GUITER&#038;via=poesiaerestu&#038;related=poesiaerestu' target='_blank'rel=\"noopener noreferrer\">Mar muerto del libro UN FIRMAMENTO DE PECES de CECILIA GUITER <\/a><\/span><a href='https:\/\/x.com\/intent\/tweet?url=https%3A%2F%2Fnuestrosescritores.com%2Fnuria-gazquez-y-cecilia-guiter%2Fpoesia%2F&#038;text=Mar%20muerto%20del%20libro%20UN%20FIRMAMENTO%20DE%20PECES%20de%20CECILIA%20GUITER&#038;via=poesiaerestu&#038;related=poesiaerestu' target='_blank' class='bctt-ctt-btn'rel=\"noopener noreferrer\">Compartir en X<\/a><\/span>\n<p>&nbsp;<\/p>\n<p>&nbsp;[\/vc_column_text][\/vc_column][\/vc_row][vc_row][vc_column extend=&#8221;false&#8221;]<div class='gambit_parallax_row' data-bg-align='' data-direction='fixed' data-opacity='100' data-velocity='-0.3' data-mobile-enabled='' data-bg-height='1200' data-bg-width='800' data-bg-image='https:\/\/nuestrosescritores.com\/nuria-gazquez-y-cecilia-guiter\/wp-content\/uploads\/sites\/219\/2025\/10\/o-v4cerbexe.jpg' data-bg-repeat='false' data-id='' style='display: none'><\/div><div class=\"gambit_fullheight_row\" data-content-location=\"center\" style=\"display: none\"><\/div>[\/vc_column][\/vc_row][vc_row][vc_column extend=&#8221;false&#8221; css=&#8221;.vc_custom_1761983092841{padding: 5% !important;}&#8221;][vc_column_text]\n<h1>&nbsp;<\/h1>\n<p><a name=\"_Toc209539975\"><\/a><strong>Seamos<\/strong><\/p>\n<p>&nbsp;<\/p>\n<p>Imaginar quiero saber que existes,<\/p>\n<p>al igual que un d\u00eda<\/p>\n<p>no sabr\u00e9 si quiero verte;<\/p>\n<p>a estas alturas un ser y no ser,<\/p>\n<p>un somos y no hemos sido,<\/p>\n<p>imaginar quiero\u2026<\/p>\n<p>&nbsp;<\/p>\n<p>Un amor perenne,<\/p>\n<p>puro en aroma de n\u00e9ctar \u00e1cido.<\/p>\n<p>&nbsp;<\/p>\n<p>Un amor de pepitas<\/p>\n<p>que mastica el pasado,<\/p>\n<p>cubierto de manto blanco.<\/p>\n<p>&nbsp;<\/p>\n<p>Un amor constante,<\/p>\n<p>que riega de azahar y sal<\/p>\n<p>los pies cansados.<\/p>\n<p>&nbsp;<\/p>\n<p>Ese amor de ramas con espinas<\/p>\n<p>que los a\u00f1os sostienen sobre la tierra,<\/p>\n<p>entre mis manos anida.<\/p>\n<p>&nbsp;<\/p>\n<p>&nbsp;<\/p>\n<p><strong>Nuria G\u00e1zquez<\/strong><\/p>\n<p>&nbsp;<\/p>\n<p>&nbsp;<\/p>\n<p>&nbsp;<\/p>\n<p>&nbsp;<\/p>\n<span class='bctt-click-to-tweet'><span class='bctt-ctt-text'><a href='https:\/\/x.com\/intent\/tweet?url=https%3A%2F%2Fnuestrosescritores.com%2Fnuria-gazquez-y-cecilia-guiter%2Fpoesia%2F&#038;text=Seamos%20del%20libro%20UN%20FIRMAMENTO%20DE%20PECES%20de%20NURIA%20G%C3%81ZQUEZ&#038;via=poesiaerestu&#038;related=poesiaerestu' target='_blank'rel=\"noopener noreferrer\">Seamos del libro UN FIRMAMENTO DE PECES de NURIA G\u00c1ZQUEZ <\/a><\/span><a href='https:\/\/x.com\/intent\/tweet?url=https%3A%2F%2Fnuestrosescritores.com%2Fnuria-gazquez-y-cecilia-guiter%2Fpoesia%2F&#038;text=Seamos%20del%20libro%20UN%20FIRMAMENTO%20DE%20PECES%20de%20NURIA%20G%C3%81ZQUEZ&#038;via=poesiaerestu&#038;related=poesiaerestu' target='_blank' class='bctt-ctt-btn'rel=\"noopener noreferrer\">Compartir en X<\/a><\/span>[\/vc_column_text][\/vc_column][\/vc_row][vc_row][vc_column extend=&#8221;false&#8221;]<div class='gambit_parallax_row' data-bg-align='' data-direction='fixed' data-opacity='100' data-velocity='-0.3' data-mobile-enabled='' data-bg-height='1200' data-bg-width='735' data-bg-image='https:\/\/nuestrosescritores.com\/nuria-gazquez-y-cecilia-guiter\/wp-content\/uploads\/sites\/219\/2025\/10\/bxefe0t4c0c-1.jpg' data-bg-repeat='false' data-id='' style='display: none'><\/div><div class=\"gambit_fullheight_row\" data-content-location=\"center\" style=\"display: none\"><\/div>[\/vc_column][\/vc_row][vc_row][vc_column extend=&#8221;false&#8221;][vc_column_text css=&#8221;.vc_custom_1761983077818{padding: 5% !important;}&#8221;]\n<h1><a name=\"_Toc50565535\"><\/a><\/h1>\n<p><a name=\"_Toc209539983\"><\/a><strong>Besos sueltos<\/strong><\/p>\n<p>&nbsp;<\/p>\n<p>El d\u00eda nace,<\/p>\n<p>bajo mis pies navega el viento,<\/p>\n<p>revuelto de encantos que levanta,<\/p>\n<p>hasta llegar al cielo.<\/p>\n<p>&nbsp;<\/p>\n<p>Atracando en la orilla,<\/p>\n<p>frente al mar, se sueltan los andares,<\/p>\n<p>que trepan hasta los balcones<\/p>\n<p>con sus lunas y soles.<\/p>\n<p>&nbsp;<\/p>\n<p>Somos paseos<\/p>\n<p>que rompen amaneceres,<\/p>\n<p>que cuentan historias<\/p>\n<p>de paz y tempestad sobre las olas.<\/p>\n<p>&nbsp;<\/p>\n<p>\u00a1Ay, patito, amado m\u00edo!<\/p>\n<p>Entre nosotros baila nuestro abrazo<\/p>\n<p>hasta que dure la vida.<\/p>\n<p>&nbsp;<\/p>\n<p>Tus manos sostienen mis dedos<\/p>\n<p>como una prolongaci\u00f3n de mi cuerpo.<\/p>\n<p>Mi bast\u00f3n, un anclaje,<\/p>\n<p>un cabo suelto, una columna<\/p>\n<p>para que descanse mi aliento,<\/p>\n<p>tocar tu risa con besos sueltos.<\/p>\n<p>&nbsp;<\/p>\n<p>Me llevas junto a los versos ciegos,<\/p>\n<p>a un lugar cerca de mi entresuelo,<\/p>\n<p>sin rumbo ni br\u00fajula,<\/p>\n<p>m\u00e1s all\u00e1 de mi tiempo.<\/p>\n<p>&nbsp;<\/p>\n<p>Brindemos por los besos<\/p>\n<p>que se instalan en nuestras caricias,<\/p>\n<p>tirados en la orilla,<\/p>\n<p>buscando piedras de corazones.<\/p>\n<p>&nbsp;<\/p>\n<p>Icemos las velas<\/p>\n<p>vestidos de aire fresco,<\/p>\n<p>en este mar que se rinde a la noche,<\/p>\n<p>mientras se refleja la luna<\/p>\n<p>y rondan los sue\u00f1os.<\/p>\n<p>&nbsp;<\/p>\n<p>&nbsp;<\/p>\n<p><strong>Nuria G\u00e1zquez<\/strong><\/p>\n<p>&nbsp;<\/p>\n<span class='bctt-click-to-tweet'><span class='bctt-ctt-text'><a href='https:\/\/x.com\/intent\/tweet?url=https%3A%2F%2Fnuestrosescritores.com%2Fnuria-gazquez-y-cecilia-guiter%2Fpoesia%2F&#038;text=POES%C3%8DA&#038;via=poesiaerestu&#038;related=poesiaerestu' target='_blank'rel=\"noopener noreferrer\">POES\u00cdA <\/a><\/span><a href='https:\/\/x.com\/intent\/tweet?url=https%3A%2F%2Fnuestrosescritores.com%2Fnuria-gazquez-y-cecilia-guiter%2Fpoesia%2F&#038;text=POES%C3%8DA&#038;via=poesiaerestu&#038;related=poesiaerestu' target='_blank' class='bctt-ctt-btn'rel=\"noopener noreferrer\">Compartir en X<\/a><\/span>[\/vc_column_text][\/vc_column][\/vc_row][vc_row][vc_column extend=&#8221;false&#8221;]<div class='gambit_parallax_row' data-bg-align='' data-direction='fixed' data-opacity='100' data-velocity='-0.3' data-mobile-enabled='' data-bg-height='1200' data-bg-width='800' data-bg-image='https:\/\/nuestrosescritores.com\/nuria-gazquez-y-cecilia-guiter\/wp-content\/uploads\/sites\/219\/2025\/10\/1awqemyhula.jpg' data-bg-repeat='false' data-id='' style='display: none'><\/div><div class=\"gambit_fullheight_row\" data-content-location=\"center\" style=\"display: none\"><\/div>[\/vc_column][\/vc_row][vc_row][vc_column extend=&#8221;false&#8221;][vc_column_text css=&#8221;.vc_custom_1761983054332{padding: 5% !important;}&#8221;]\n<h1><a name=\"_Toc29236770\"><\/a><\/h1>\n<h1><a name=\"_Toc50565544\"><\/a><\/h1>\n<p><a name=\"_Toc209539998\"><\/a><strong>Ocultos en su murmullo<\/strong><\/p>\n<p>&nbsp;<\/p>\n<p>Me levanto tarde,<\/p>\n<p>olvid\u00e9 las llaves junto al cuaderno,<\/p>\n<p>acumulo historias<\/p>\n<p>que m\u00e1s tarde no encuentro.<\/p>\n<p>&nbsp;<\/p>\n<p>Tu voluntad se transforma,<\/p>\n<p>nada funciona como quisieras,<\/p>\n<p>custodias tus lamentos<\/p>\n<p>y con una pizca te conformas.<\/p>\n<p>&nbsp;<\/p>\n<p>Las memorias se pelean en los cajones,<\/p>\n<p>con sus voceos te aturden,<\/p>\n<p>fastidiosas, necias,<\/p>\n<p>rescatando viejos amores.<\/p>\n<p>&nbsp;<\/p>\n<p>Como ej\u00e9rcitos trastocados<\/p>\n<p>no se dejan domar,<\/p>\n<p>cuando te miran de frente,<\/p>\n<p>dejas las despedidas atr\u00e1s.<\/p>\n<p>&nbsp;<\/p>\n<p>\u00bfQu\u00e9 hay detr\u00e1s de la raz\u00f3n?<\/p>\n<p>no recuerdo las caras,<\/p>\n<p>confundo los nombres,<\/p>\n<p>no reconozco las casas,<\/p>\n<p>ni las calles en invierno.<\/p>\n<p>&nbsp;<\/p>\n<p>Juguetes a los que dar cuerda,<\/p>\n<p>ocultos en su murmullo<\/p>\n<p>se pierden en tu cabeza,<\/p>\n<p>no sabes lo que piensas,<\/p>\n<p>ya nada es como era.<\/p>\n<p>&nbsp;<\/p>\n<p>Los p\u00e1rpados hoy callan,<\/p>\n<p>mi casa est\u00e1 cerrada,<\/p>\n<p>ya no canta mi canario<\/p>\n<p>junto a la persiana entornada,<\/p>\n<p>las flores siguen quietas,<\/p>\n<p>el pasado, pasado.<\/p>\n<p>&nbsp;<\/p>\n<p>Recordar algo quer\u00eda,<\/p>\n<p>mas solo recuerdo un olvido,<\/p>\n<p>y ese olvido me recuerda<\/p>\n<p>algo que no sab\u00eda.<\/p>\n<p>&nbsp;<\/p>\n<p>&nbsp;<\/p>\n<p><strong>Cecilia Guiter<\/strong><\/p>\n<p>&nbsp;<\/p>\n<p>&nbsp;<\/p>\n<p>&nbsp;<\/p>\n<p>&nbsp;<\/p>\n<p>&nbsp;<\/p>\n<p>&nbsp;<\/p>\n<span class='bctt-click-to-tweet'><span class='bctt-ctt-text'><a href='https:\/\/x.com\/intent\/tweet?url=https%3A%2F%2Fnuestrosescritores.com%2Fnuria-gazquez-y-cecilia-guiter%2Fpoesia%2F&#038;text=Ocultos%20en%20su%20murmullo%20del%20libro%20UN%20FIRMAMENTO%20DE%20PECES%20de%20CECILIA%20GUITER&#038;via=poesiaerestu&#038;related=poesiaerestu' target='_blank'rel=\"noopener noreferrer\">Ocultos en su murmullo del libro UN FIRMAMENTO DE PECES de CECILIA GUITER <\/a><\/span><a href='https:\/\/x.com\/intent\/tweet?url=https%3A%2F%2Fnuestrosescritores.com%2Fnuria-gazquez-y-cecilia-guiter%2Fpoesia%2F&#038;text=Ocultos%20en%20su%20murmullo%20del%20libro%20UN%20FIRMAMENTO%20DE%20PECES%20de%20CECILIA%20GUITER&#038;via=poesiaerestu&#038;related=poesiaerestu' target='_blank' class='bctt-ctt-btn'rel=\"noopener noreferrer\">Compartir en X<\/a><\/span>[\/vc_column_text][\/vc_column][\/vc_row][vc_row][vc_column extend=&#8221;false&#8221;]<div class='gambit_parallax_row' data-bg-align='' data-direction='fixed' data-opacity='100' data-velocity='-0.3' data-mobile-enabled='' data-bg-height='1200' data-bg-width='801' data-bg-image='https:\/\/nuestrosescritores.com\/nuria-gazquez-y-cecilia-guiter\/wp-content\/uploads\/sites\/219\/2025\/10\/rrhhzityizg.jpg' data-bg-repeat='false' data-id='' style='display: none'><\/div><div class=\"gambit_fullheight_row\" data-content-location=\"center\" style=\"display: none\"><\/div>[vc_column_text css=&#8221;&#8221;]\n<p style=\"text-align: center;\"><a class=\"fasc-button fasc-size-xlarge fasc-type-glossy fasc-rounded-medium\" style=\"background-color: #33809e; color: #ffffff;\" href=\"https:\/\/librodepoesia.com\/libro\/un-firmamento-de-peces-nuria-gazquez-cecilia-guiter\/\">Comprar el libro<\/a><\/p>\n[\/vc_column_text][\/vc_column][\/vc_row]\n<\/div>","protected":false},"excerpt":{"rendered":"<p>[vc_row full_width=&#8221;stretch_row_content_no_spaces&#8221;][vc_column extend=&#8221;false&#8221;][\/vc_column][\/vc_row][vc_row][vc_column extend=&#8221;false&#8221;][vc_column_text css=&#8221;.vc_custom_1761983107889{padding: 5% !important;}&#8221;]Mar muerto &nbsp; Sus cinco puntas se estiran, no alcanzan sus dedos aquel trocito de espejo en que las olas se miran. &nbsp; Un rostro de madreperla no olvida que naci\u00f3 de la sal; suspira, a\u00f1ora el agua, se consuela recreando sonidos de mar. &nbsp; Cinco puntas, cinco dedos, [&hellip;]<\/p>\n","protected":false},"author":1,"featured_media":72,"parent":0,"menu_order":0,"comment_status":"closed","ping_status":"closed","template":"","meta":{"_acf_changed":false,"footnotes":""},"class_list":["post-124","page","type-page","status-publish","has-post-thumbnail","hentry"],"acf":[],"yoast_head":"<!-- This site is optimized with the Yoast SEO Premium plugin v24.7 (Yoast SEO v27.5) - https:\/\/yoast.com\/product\/yoast-seo-premium-wordpress\/ -->\n<title>POES\u00cdA - Nuria G\u00e1zquez y Cecila Guitter<\/title>\n<meta name=\"description\" content=\"Poes\u00edas del libro Un firmamento lleno de peces de NURIA G\u00c1ZQUEZ y CECILIA GUITER, las escritoras nos dan una muestra tras publicar su libro.\" \/>\n<meta name=\"robots\" content=\"index, follow, max-snippet:-1, max-image-preview:large, max-video-preview:-1\" \/>\n<link rel=\"canonical\" href=\"https:\/\/nuestrosescritores.com\/nuria-gazquez-y-cecilia-guiter\/poesia\/\" \/>\n<meta property=\"og:locale\" content=\"es_ES\" \/>\n<meta property=\"og:type\" content=\"article\" \/>\n<meta property=\"og:title\" content=\"POES\u00cdA\" \/>\n<meta property=\"og:description\" content=\"Poes\u00edas del libro Un firmamento lleno de peces de NURIA G\u00c1ZQUEZ y CECILIA GUITER, las escritoras nos dan una muestra tras publicar su libro.\" \/>\n<meta property=\"og:url\" content=\"https:\/\/nuestrosescritores.com\/nuria-gazquez-y-cecilia-guiter\/poesia\/\" \/>\n<meta property=\"og:site_name\" content=\"Nuria G\u00e1zquez y Cecila Guitter\" \/>\n<meta property=\"article:modified_time\" content=\"2025-11-18T20:00:17+00:00\" \/>\n<meta property=\"og:image\" content=\"http:\/\/nuestrosescritores.com\/nuria-gazquez-y-cecilia-guiter\/wp-content\/uploads\/sites\/219\/2025\/10\/book2.png\" \/>\n\t<meta property=\"og:image:width\" content=\"839\" \/>\n\t<meta property=\"og:image:height\" content=\"794\" \/>\n\t<meta property=\"og:image:type\" content=\"image\/png\" \/>\n<meta name=\"twitter:card\" content=\"summary_large_image\" \/>\n<meta name=\"twitter:label1\" content=\"Tiempo de lectura\" \/>\n\t<meta name=\"twitter:data1\" content=\"5 minutos\" \/>\n<script type=\"application\/ld+json\" class=\"yoast-schema-graph\">{\"@context\":\"https:\\\/\\\/schema.org\",\"@graph\":[{\"@type\":\"WebPage\",\"@id\":\"https:\\\/\\\/nuestrosescritores.com\\\/nuria-gazquez-y-cecilia-guiter\\\/poesia\\\/\",\"url\":\"https:\\\/\\\/nuestrosescritores.com\\\/nuria-gazquez-y-cecilia-guiter\\\/poesia\\\/\",\"name\":\"POES\u00cdA - Nuria G\u00e1zquez y Cecila Guitter\",\"isPartOf\":{\"@id\":\"https:\\\/\\\/nuestrosescritores.com\\\/nuria-gazquez-y-cecilia-guiter\\\/#website\"},\"primaryImageOfPage\":{\"@id\":\"https:\\\/\\\/nuestrosescritores.com\\\/nuria-gazquez-y-cecilia-guiter\\\/poesia\\\/#primaryimage\"},\"image\":{\"@id\":\"https:\\\/\\\/nuestrosescritores.com\\\/nuria-gazquez-y-cecilia-guiter\\\/poesia\\\/#primaryimage\"},\"thumbnailUrl\":\"https:\\\/\\\/nuestrosescritores.com\\\/nuria-gazquez-y-cecilia-guiter\\\/wp-content\\\/uploads\\\/sites\\\/219\\\/2025\\\/10\\\/book2.png\",\"datePublished\":\"2025-11-01T07:45:26+00:00\",\"dateModified\":\"2025-11-18T20:00:17+00:00\",\"description\":\"Poes\u00edas del libro Un firmamento lleno de peces de NURIA G\u00c1ZQUEZ y CECILIA GUITER, las escritoras nos dan una muestra tras publicar su libro.\",\"breadcrumb\":{\"@id\":\"https:\\\/\\\/nuestrosescritores.com\\\/nuria-gazquez-y-cecilia-guiter\\\/poesia\\\/#breadcrumb\"},\"inLanguage\":\"es\",\"potentialAction\":[{\"@type\":\"ReadAction\",\"target\":[\"https:\\\/\\\/nuestrosescritores.com\\\/nuria-gazquez-y-cecilia-guiter\\\/poesia\\\/\"]}]},{\"@type\":\"ImageObject\",\"inLanguage\":\"es\",\"@id\":\"https:\\\/\\\/nuestrosescritores.com\\\/nuria-gazquez-y-cecilia-guiter\\\/poesia\\\/#primaryimage\",\"url\":\"https:\\\/\\\/nuestrosescritores.com\\\/nuria-gazquez-y-cecilia-guiter\\\/wp-content\\\/uploads\\\/sites\\\/219\\\/2025\\\/10\\\/book2.png\",\"contentUrl\":\"https:\\\/\\\/nuestrosescritores.com\\\/nuria-gazquez-y-cecilia-guiter\\\/wp-content\\\/uploads\\\/sites\\\/219\\\/2025\\\/10\\\/book2.png\",\"width\":839,\"height\":794},{\"@type\":\"BreadcrumbList\",\"@id\":\"https:\\\/\\\/nuestrosescritores.com\\\/nuria-gazquez-y-cecilia-guiter\\\/poesia\\\/#breadcrumb\",\"itemListElement\":[{\"@type\":\"ListItem\",\"position\":1,\"name\":\"Portada\",\"item\":\"https:\\\/\\\/nuestrosescritores.com\\\/nuria-gazquez-y-cecilia-guiter\\\/\"},{\"@type\":\"ListItem\",\"position\":2,\"name\":\"POES\u00cdA\"}]},{\"@type\":\"WebSite\",\"@id\":\"https:\\\/\\\/nuestrosescritores.com\\\/nuria-gazquez-y-cecilia-guiter\\\/#website\",\"url\":\"https:\\\/\\\/nuestrosescritores.com\\\/nuria-gazquez-y-cecilia-guiter\\\/\",\"name\":\"Nuestros escritores\",\"description\":\"Escritoras\",\"potentialAction\":[{\"@type\":\"SearchAction\",\"target\":{\"@type\":\"EntryPoint\",\"urlTemplate\":\"https:\\\/\\\/nuestrosescritores.com\\\/nuria-gazquez-y-cecilia-guiter\\\/?s={search_term_string}\"},\"query-input\":{\"@type\":\"PropertyValueSpecification\",\"valueRequired\":true,\"valueName\":\"search_term_string\"}}],\"inLanguage\":\"es\"}]}<\/script>\n<!-- \/ Yoast SEO Premium plugin. -->","yoast_head_json":{"title":"POES\u00cdA - Nuria G\u00e1zquez y Cecila Guitter","description":"Poes\u00edas del libro Un firmamento lleno de peces de NURIA G\u00c1ZQUEZ y CECILIA GUITER, las escritoras nos dan una muestra tras publicar su libro.","robots":{"index":"index","follow":"follow","max-snippet":"max-snippet:-1","max-image-preview":"max-image-preview:large","max-video-preview":"max-video-preview:-1"},"canonical":"https:\/\/nuestrosescritores.com\/nuria-gazquez-y-cecilia-guiter\/poesia\/","og_locale":"es_ES","og_type":"article","og_title":"POES\u00cdA","og_description":"Poes\u00edas del libro Un firmamento lleno de peces de NURIA G\u00c1ZQUEZ y CECILIA GUITER, las escritoras nos dan una muestra tras publicar su libro.","og_url":"https:\/\/nuestrosescritores.com\/nuria-gazquez-y-cecilia-guiter\/poesia\/","og_site_name":"Nuria G\u00e1zquez y Cecila Guitter","article_modified_time":"2025-11-18T20:00:17+00:00","og_image":[{"width":839,"height":794,"url":"http:\/\/nuestrosescritores.com\/nuria-gazquez-y-cecilia-guiter\/wp-content\/uploads\/sites\/219\/2025\/10\/book2.png","type":"image\/png"}],"twitter_card":"summary_large_image","twitter_misc":{"Tiempo de lectura":"5 minutos"},"schema":{"@context":"https:\/\/schema.org","@graph":[{"@type":"WebPage","@id":"https:\/\/nuestrosescritores.com\/nuria-gazquez-y-cecilia-guiter\/poesia\/","url":"https:\/\/nuestrosescritores.com\/nuria-gazquez-y-cecilia-guiter\/poesia\/","name":"POES\u00cdA - Nuria G\u00e1zquez y Cecila Guitter","isPartOf":{"@id":"https:\/\/nuestrosescritores.com\/nuria-gazquez-y-cecilia-guiter\/#website"},"primaryImageOfPage":{"@id":"https:\/\/nuestrosescritores.com\/nuria-gazquez-y-cecilia-guiter\/poesia\/#primaryimage"},"image":{"@id":"https:\/\/nuestrosescritores.com\/nuria-gazquez-y-cecilia-guiter\/poesia\/#primaryimage"},"thumbnailUrl":"https:\/\/nuestrosescritores.com\/nuria-gazquez-y-cecilia-guiter\/wp-content\/uploads\/sites\/219\/2025\/10\/book2.png","datePublished":"2025-11-01T07:45:26+00:00","dateModified":"2025-11-18T20:00:17+00:00","description":"Poes\u00edas del libro Un firmamento lleno de peces de NURIA G\u00c1ZQUEZ y CECILIA GUITER, las escritoras nos dan una muestra tras publicar su libro.","breadcrumb":{"@id":"https:\/\/nuestrosescritores.com\/nuria-gazquez-y-cecilia-guiter\/poesia\/#breadcrumb"},"inLanguage":"es","potentialAction":[{"@type":"ReadAction","target":["https:\/\/nuestrosescritores.com\/nuria-gazquez-y-cecilia-guiter\/poesia\/"]}]},{"@type":"ImageObject","inLanguage":"es","@id":"https:\/\/nuestrosescritores.com\/nuria-gazquez-y-cecilia-guiter\/poesia\/#primaryimage","url":"https:\/\/nuestrosescritores.com\/nuria-gazquez-y-cecilia-guiter\/wp-content\/uploads\/sites\/219\/2025\/10\/book2.png","contentUrl":"https:\/\/nuestrosescritores.com\/nuria-gazquez-y-cecilia-guiter\/wp-content\/uploads\/sites\/219\/2025\/10\/book2.png","width":839,"height":794},{"@type":"BreadcrumbList","@id":"https:\/\/nuestrosescritores.com\/nuria-gazquez-y-cecilia-guiter\/poesia\/#breadcrumb","itemListElement":[{"@type":"ListItem","position":1,"name":"Portada","item":"https:\/\/nuestrosescritores.com\/nuria-gazquez-y-cecilia-guiter\/"},{"@type":"ListItem","position":2,"name":"POES\u00cdA"}]},{"@type":"WebSite","@id":"https:\/\/nuestrosescritores.com\/nuria-gazquez-y-cecilia-guiter\/#website","url":"https:\/\/nuestrosescritores.com\/nuria-gazquez-y-cecilia-guiter\/","name":"Nuestros escritores","description":"Escritoras","potentialAction":[{"@type":"SearchAction","target":{"@type":"EntryPoint","urlTemplate":"https:\/\/nuestrosescritores.com\/nuria-gazquez-y-cecilia-guiter\/?s={search_term_string}"},"query-input":{"@type":"PropertyValueSpecification","valueRequired":true,"valueName":"search_term_string"}}],"inLanguage":"es"}]}},"_links":{"self":[{"href":"https:\/\/nuestrosescritores.com\/nuria-gazquez-y-cecilia-guiter\/wp-json\/wp\/v2\/pages\/124","targetHints":{"allow":["GET"]}}],"collection":[{"href":"https:\/\/nuestrosescritores.com\/nuria-gazquez-y-cecilia-guiter\/wp-json\/wp\/v2\/pages"}],"about":[{"href":"https:\/\/nuestrosescritores.com\/nuria-gazquez-y-cecilia-guiter\/wp-json\/wp\/v2\/types\/page"}],"author":[{"embeddable":true,"href":"https:\/\/nuestrosescritores.com\/nuria-gazquez-y-cecilia-guiter\/wp-json\/wp\/v2\/users\/1"}],"replies":[{"embeddable":true,"href":"https:\/\/nuestrosescritores.com\/nuria-gazquez-y-cecilia-guiter\/wp-json\/wp\/v2\/comments?post=124"}],"version-history":[{"count":0,"href":"https:\/\/nuestrosescritores.com\/nuria-gazquez-y-cecilia-guiter\/wp-json\/wp\/v2\/pages\/124\/revisions"}],"wp:featuredmedia":[{"embeddable":true,"href":"https:\/\/nuestrosescritores.com\/nuria-gazquez-y-cecilia-guiter\/wp-json\/wp\/v2\/media\/72"}],"wp:attachment":[{"href":"https:\/\/nuestrosescritores.com\/nuria-gazquez-y-cecilia-guiter\/wp-json\/wp\/v2\/media?parent=124"}],"curies":[{"name":"wp","href":"https:\/\/api.w.org\/{rel}","templated":true}]}}