{"id":79,"date":"2021-12-11T18:08:53","date_gmt":"2021-12-11T18:08:53","guid":{"rendered":"https:\/\/nuestrosescritores.com\/momodiaz\/?page_id=79"},"modified":"2021-12-12T09:29:23","modified_gmt":"2021-12-12T09:29:23","slug":"poesia","status":"publish","type":"page","link":"https:\/\/nuestrosescritores.com\/momodiaz\/poesia\/","title":{"rendered":"Poes\u00eda"},"content":{"rendered":"<div class=\"wpb-content-wrapper\">[vc_row full_width=&#8221;stretch_row_content_no_spaces&#8221; full_height=&#8221;yes&#8221; equal_height=&#8221;yes&#8221;][vc_column extend=&#8221;false&#8221;]<div id=\"rowvcpt-row-settings\" class=\"rowvcpt-row-set RowVcPt-row-setting69e1e43c63050 \" data-no=\"RowVcPt-row-setting69e1e43c63050\"><div class=\"columns-bg-wrap columns-bg-anim-colors columns-bg-image  columns_simple_image\" id=\"RowVcPt-image-bg-69e1e43c6304f\"   data-parallax_sense=\"30\" src=\"https:\/\/nuestrosescritores.com\/momodiaz\/wp-content\/uploads\/sites\/114\/2021\/12\/szc8pjjltt0.jpg\" style=\"background-image: url(https:\/\/nuestrosescritores.com\/momodiaz\/wp-content\/uploads\/sites\/114\/2021\/12\/szc8pjjltt0.jpg);background-position: center center;background-size: cover;background-attachment: fixed;\"><\/div><\/div>[\/vc_column][\/vc_row][vc_row][vc_column extend=&#8221;false&#8221;][vc_column_text]\n<h1>&nbsp;<\/h1>\n<h1><a name=\"_Toc72690508\"><\/a><\/h1>\n<h1><a name=\"_Toc77778611\"><\/a><\/h1>\n<p><a name=\"_Toc79672692\"><\/a><a name=\"_Toc85047620\"><\/a><\/p>\n<h1><a name=\"_Toc86081162\"><\/a><\/h1>\n<h1><a name=\"_Toc87903018\"><\/a><\/h1>\n<h1><a name=\"_Toc88154446\"><\/a><strong>1.<\/strong><\/h1>\n<p>&nbsp;<\/p>\n<p>Delimito mi \u00edndice y coraz\u00f3n<\/p>\n<p>al contorno de tu tersa y pulida figura,<\/p>\n<p>desde el avismo de tu barbilla<\/p>\n<p>dejando atr\u00e1s tu manantial rojizo<\/p>\n<p>desciendo al valle de tu garganta.<\/p>\n<p>&nbsp;<\/p>\n<p>Fuerte y a la vez de seda<\/p>\n<p>es el hueso c\u00f3ncavo donde descansan tus hombros,<\/p>\n<p>llego a una laguna estrecha y c\u00e1lida<\/p>\n<p>rodeada por dos gemelas perfectas monta\u00f1as<\/p>\n<p>de terciopelo hasta el seno de la vida,<\/p>\n<p>acaricio tu c\u00edrculo de textura rosada y dilatada,<\/p>\n<p>recorriendo la ca\u00edda en curva envidiada por tantas l\u00edneas.<\/p>\n<p>&nbsp;<\/p>\n<p>Tu vientre, recreo pulcro de mis mayores deseos,<\/p>\n<p>como mis dedos se deslizan<\/p>\n<p>sin sentir ya mi cuerpo,<\/p>\n<p>y palpo latente hasta tu elixir m\u00e1s divino,<\/p>\n<p>aqui muere toda energ\u00eda,<\/p>\n<p>aqu\u00ed nace toda la vida,<\/p>\n<p>y me adentro con mis ganas<\/p>\n<p>hasta la total oscuridad que invitan tus entra\u00f1as,<\/p>\n<p>toda una lluv\u00eda de oro<\/p>\n<p>recorre mi alma,<\/p>\n<p>yo muero mi lengua<\/p>\n<p>a toda sal de tu piel,<\/p>\n<p>y me abrazo firme a tu muslo<\/p>\n<p>de carne paradisiaca.<\/p>\n<p>&nbsp;<\/p>\n<p>Un rayo de luz ha atravesado mi cuerpo,<\/p>\n<p>mis sentidos se quedan sordos,<\/p>\n<p>me alejo de mis extremidades,<\/p>\n<p>me desprendo as\u00ed de m\u00ed,<\/p>\n<p>&nbsp;<\/p>\n<p>anatom\u00eda de vivir.<\/p>\n<p>&nbsp;<\/p>\n<span class='bctt-click-to-tweet'><span class='bctt-ctt-text'><a href='https:\/\/x.com\/intent\/tweet?url=https%3A%2F%2Fnuestrosescritores.com%2Fmomodiaz%2Fpoesia%2F&#038;text=1%20del%20libro%20ANATOM%C3%8DA%20DE%20MI%20SER%20de%20MOMO%20D%C3%8DAZ&#038;via=poesiaerestu&#038;related=poesiaerestu' target='_blank'rel=\"noopener noreferrer\">1 del libro ANATOM\u00cdA DE MI SER de MOMO D\u00cdAZ <\/a><\/span><a href='https:\/\/x.com\/intent\/tweet?url=https%3A%2F%2Fnuestrosescritores.com%2Fmomodiaz%2Fpoesia%2F&#038;text=1%20del%20libro%20ANATOM%C3%8DA%20DE%20MI%20SER%20de%20MOMO%20D%C3%8DAZ&#038;via=poesiaerestu&#038;related=poesiaerestu' target='_blank' class='bctt-ctt-btn'rel=\"noopener noreferrer\">Compartir en X<\/a><\/span>[\/vc_column_text][\/vc_column][\/vc_row][vc_row full_width=&#8221;stretch_row_content_no_spaces&#8221; full_height=&#8221;yes&#8221; equal_height=&#8221;yes&#8221;][vc_column extend=&#8221;false&#8221;]<div id=\"rowvcpt-row-settings\" class=\"rowvcpt-row-set RowVcPt-row-setting69e1e43c63607 \" data-no=\"RowVcPt-row-setting69e1e43c63607\"><div class=\"columns-bg-wrap columns-bg-anim-colors columns-bg-image  columns_simple_image\" id=\"RowVcPt-image-bg-69e1e43c63606\"   data-parallax_sense=\"30\" src=\"https:\/\/nuestrosescritores.com\/momodiaz\/wp-content\/uploads\/sites\/114\/2021\/12\/nkkakeevibk.jpg\" style=\"background-image: url(https:\/\/nuestrosescritores.com\/momodiaz\/wp-content\/uploads\/sites\/114\/2021\/12\/nkkakeevibk.jpg);background-position: center center;background-size: cover;background-attachment: fixed;\"><\/div><\/div>[\/vc_column][\/vc_row][vc_row][vc_column extend=&#8221;false&#8221;][vc_column_text]\n<h1><a name=\"_Toc77778617\"><\/a><\/h1>\n<h1><a name=\"_Toc77014564\"><\/a><\/h1>\n<h1><a name=\"_Toc78567357\"><\/a><\/h1>\n<h1><a name=\"_Toc85385607\"><\/a><\/h1>\n<h1><a name=\"_Toc83400462\"><\/a><\/h1>\n<h1><a name=\"_Toc85047630\"><\/a><\/h1>\n<h1><a name=\"_Toc86081169\"><\/a><\/h1>\n<h1><a name=\"_Toc87903031\"><\/a><\/h1>\n<h1><a name=\"_Toc88154452\"><\/a><strong>17.<\/strong><\/h1>\n<p>&nbsp;<\/p>\n<p>Una rayo de luz<\/p>\n<p>fugaz por la ventana,<\/p>\n<p>delimita tu silueta de porcelana,<\/p>\n<p>arraigada en los sue\u00f1os,<\/p>\n<p>&nbsp;<\/p>\n<p>igual que mis miedos<\/p>\n<p>brilla tu contorno sobre tu lado oscuro,<\/p>\n<p>y se esconden detr\u00e1s de ti,<\/p>\n<p>en esta sombra que proyectas.<\/p>\n<p>&nbsp;<\/p>\n<p>Agazapado y contemplando tu respiraci\u00f3n,<\/p>\n<p>espero a que caiga el sol.<\/p>\n<p>&nbsp;<\/p>\n<p>&nbsp;<\/p>\n<h1><span style=\"font-size: 16px;\">.<\/span><\/h1>\n<p>&nbsp;<\/p>\n<span class='bctt-click-to-tweet'><span class='bctt-ctt-text'><a href='https:\/\/x.com\/intent\/tweet?url=https%3A%2F%2Fnuestrosescritores.com%2Fmomodiaz%2Fpoesia%2F&#038;text=17%20del%20libro%20ANATOM%C3%8DA%20DE%20MI%20SER%20de%20MOMO%20D%C3%8DAZ&#038;via=poesiaerestu&#038;related=poesiaerestu' target='_blank'rel=\"noopener noreferrer\">17 del libro ANATOM\u00cdA DE MI SER de MOMO D\u00cdAZ <\/a><\/span><a href='https:\/\/x.com\/intent\/tweet?url=https%3A%2F%2Fnuestrosescritores.com%2Fmomodiaz%2Fpoesia%2F&#038;text=17%20del%20libro%20ANATOM%C3%8DA%20DE%20MI%20SER%20de%20MOMO%20D%C3%8DAZ&#038;via=poesiaerestu&#038;related=poesiaerestu' target='_blank' class='bctt-ctt-btn'rel=\"noopener noreferrer\">Compartir en X<\/a><\/span>\n<p>&nbsp;<\/p>\n<p>&nbsp;[\/vc_column_text][\/vc_column][\/vc_row][vc_row full_height=&#8221;yes&#8221;][vc_column extend=&#8221;false&#8221;]<div id=\"rowvcpt-row-settings\" class=\"rowvcpt-row-set RowVcPt-row-setting69e1e43c639d8 \" data-no=\"RowVcPt-row-setting69e1e43c639d8\"><div class=\"columns-bg-wrap columns-bg-anim-colors columns-bg-image  columns_simple_image\" id=\"RowVcPt-image-bg-69e1e43c639d7\"   data-parallax_sense=\"30\" src=\"https:\/\/nuestrosescritores.com\/momodiaz\/wp-content\/uploads\/sites\/114\/2021\/12\/ujwoif8splm.jpg\" style=\"background-image: url(https:\/\/nuestrosescritores.com\/momodiaz\/wp-content\/uploads\/sites\/114\/2021\/12\/ujwoif8splm.jpg);background-position: center top;background-size: cover;background-attachment: fixed;\"><\/div><\/div>[\/vc_column][\/vc_row][vc_row][vc_column extend=&#8221;false&#8221;][vc_column_text]\n<h1><a name=\"_Toc77778628\"><\/a><\/h1>\n<h1><a name=\"_Toc78567364\"><\/a><\/h1>\n<h1><a name=\"_Toc85385623\"><\/a><\/h1>\n<h1><a name=\"_Toc83400468\"><\/a><\/h1>\n<h1><a name=\"_Toc87903054\"><\/a><\/h1>\n<h1><a name=\"_Toc88154483\"><\/a><strong>38.<\/strong><\/h1>\n<p>&nbsp;<\/p>\n<p>Este aire fr\u00edo se abraza a m\u00ed,<\/p>\n<p>la soledad se retorna perdida,<\/p>\n<p>decir te amo es dejar la vida,<\/p>\n<p>dejar esta vida y vivir por ti.<\/p>\n<p>&nbsp;<\/p>\n<p>Deja todo y cada cosa sea as\u00ed,<\/p>\n<p>abandonar tu alma que olvida,<\/p>\n<p>inclinada postrada a ti vencida,<\/p>\n<p>a tu suerte llegara y morir aqu\u00ed.<\/p>\n<p>&nbsp;<\/p>\n<p>El reino de mariposas en el altar,<\/p>\n<p>el beso en la herida de curaci\u00f3n,<\/p>\n<p>el tercer escal\u00f3n a puertas de entrar.<\/p>\n<p>&nbsp;<\/p>\n<p>Pisa el manto terciopelo del perd\u00f3n,<\/p>\n<p>cae esta lluvia que duele hasta matar,<\/p>\n<p>serena, directa y fugaz al coraz\u00f3n.<\/p>\n<p>&nbsp;<\/p>\n<p>&nbsp;<\/p>\n<p>&nbsp;<\/p>\n<span class='bctt-click-to-tweet'><span class='bctt-ctt-text'><a href='https:\/\/x.com\/intent\/tweet?url=https%3A%2F%2Fnuestrosescritores.com%2Fmomodiaz%2Fpoesia%2F&#038;text=38%20del%20libro%20ANATOM%C3%8DA%20DE%20MI%20SER%20de%20MOMO%20D%C3%8DAZ&#038;via=poesiaerestu&#038;related=poesiaerestu' target='_blank'rel=\"noopener noreferrer\">38 del libro ANATOM\u00cdA DE MI SER de MOMO D\u00cdAZ <\/a><\/span><a href='https:\/\/x.com\/intent\/tweet?url=https%3A%2F%2Fnuestrosescritores.com%2Fmomodiaz%2Fpoesia%2F&#038;text=38%20del%20libro%20ANATOM%C3%8DA%20DE%20MI%20SER%20de%20MOMO%20D%C3%8DAZ&#038;via=poesiaerestu&#038;related=poesiaerestu' target='_blank' class='bctt-ctt-btn'rel=\"noopener noreferrer\">Compartir en X<\/a><\/span>[\/vc_column_text][\/vc_column][\/vc_row][vc_row full_height=&#8221;yes&#8221; equal_height=&#8221;yes&#8221;][vc_column extend=&#8221;false&#8221;]<div id=\"rowvcpt-row-settings\" class=\"rowvcpt-row-set RowVcPt-row-setting69e1e43c63dcd \" data-no=\"RowVcPt-row-setting69e1e43c63dcd\"><div class=\"columns-bg-wrap columns-bg-anim-colors columns-bg-image  columns_simple_image\" id=\"RowVcPt-image-bg-69e1e43c63dcc\"   data-parallax_sense=\"30\" src=\"https:\/\/nuestrosescritores.com\/momodiaz\/wp-content\/uploads\/sites\/114\/2021\/12\/wfxjjwyexkg.jpg\" style=\"background-image: url(https:\/\/nuestrosescritores.com\/momodiaz\/wp-content\/uploads\/sites\/114\/2021\/12\/wfxjjwyexkg.jpg);background-position: center center;background-size: cover;background-attachment: fixed;\"><\/div><\/div>[\/vc_column][\/vc_row][vc_row][vc_column extend=&#8221;false&#8221;][vc_column_text]\n<h1><a name=\"_Toc77778637\"><\/a><\/h1>\n<h1><a name=\"_Toc77014591\"><\/a><\/h1>\n<h1>&nbsp;<\/h1>\n<h1>&nbsp;<\/h1>\n<h1><a name=\"_Toc86081188\"><\/a><\/h1>\n<h1><a name=\"_Toc88154503\"><\/a><strong>58.<\/strong><\/h1>\n<p>&nbsp;<\/p>\n<p>Al final del t\u00fanel no vi tu sombra,<\/p>\n<p>ibas de negro con piel de cuervo<\/p>\n<p>siempre vuelvo aqu\u00ed pens\u00e1ndote y hiervo<\/p>\n<p>nunca conceb\u00ed un rubi de hembra,<\/p>\n<p>&nbsp;<\/p>\n<p>tu coraz\u00f3n siempre ol\u00eda a ginebra<\/p>\n<p>me arrastr\u00e9 a tus pies como siervo,<\/p>\n<p>ahora cada noche la luna observo<\/p>\n<p>que no brilles tampoco me quiebra,<\/p>\n<p>&nbsp;<\/p>\n<p>cogi tu barbilla para fijarme<\/p>\n<p>si eran tus ojos los que brillan<\/p>\n<p>te soltaste del brazo para dejarme,<\/p>\n<p>&nbsp;<\/p>\n<p>no son m\u00e1s que tus celos los que chillan,<\/p>\n<p>y tu mirada quiere apu\u00f1alarme,<\/p>\n<p>volv\u00edas otra vez a los que se arrodillan.<\/p>\n<p>&nbsp;<\/p>\n<p>&nbsp;<\/p>\n<span class='bctt-click-to-tweet'><span class='bctt-ctt-text'><a href='https:\/\/x.com\/intent\/tweet?url=https%3A%2F%2Fnuestrosescritores.com%2Fmomodiaz%2Fpoesia%2F&#038;text=58%20del%20libro%20ANATOM%C3%8DA%20DE%20MI%20SER%20de%20MOMO%20D%C3%8DAZ&#038;via=poesiaerestu&#038;related=poesiaerestu' target='_blank'rel=\"noopener noreferrer\">58 del libro ANATOM\u00cdA DE MI SER de MOMO D\u00cdAZ <\/a><\/span><a href='https:\/\/x.com\/intent\/tweet?url=https%3A%2F%2Fnuestrosescritores.com%2Fmomodiaz%2Fpoesia%2F&#038;text=58%20del%20libro%20ANATOM%C3%8DA%20DE%20MI%20SER%20de%20MOMO%20D%C3%8DAZ&#038;via=poesiaerestu&#038;related=poesiaerestu' target='_blank' class='bctt-ctt-btn'rel=\"noopener noreferrer\">Compartir en X<\/a><\/span>[\/vc_column_text][\/vc_column][\/vc_row][vc_row full_height=&#8221;yes&#8221; equal_height=&#8221;yes&#8221;][vc_column extend=&#8221;false&#8221;]<div id=\"rowvcpt-row-settings\" class=\"rowvcpt-row-set RowVcPt-row-setting69e1e43c64190 \" data-no=\"RowVcPt-row-setting69e1e43c64190\"><div class=\"columns-bg-wrap columns-bg-anim-colors columns-bg-image  columns_simple_image\" id=\"RowVcPt-image-bg-69e1e43c6418f\"   data-parallax_sense=\"30\" src=\"https:\/\/nuestrosescritores.com\/momodiaz\/wp-content\/uploads\/sites\/114\/2021\/12\/9kbrosvznm8.jpg\" style=\"background-image: url(https:\/\/nuestrosescritores.com\/momodiaz\/wp-content\/uploads\/sites\/114\/2021\/12\/9kbrosvznm8.jpg);background-position: center center;background-size: cover;background-attachment: fixed;\"><\/div><\/div>[\/vc_column][\/vc_row][vc_row][vc_column extend=&#8221;false&#8221;][vc_column_text]\n<h1><a name=\"_Toc77778642\"><\/a><\/h1>\n<h1><a name=\"_Toc77014596\"><\/a><\/h1>\n<h1>&nbsp;<\/h1>\n<p><a name=\"_Toc85385695\"><\/a><\/p>\n<h1><a name=\"_Toc83400482\"><\/a><\/h1>\n<h1><a name=\"_Toc85047655\"><\/a><\/h1>\n<h1><a name=\"_Toc86081199\"><\/a><\/h1>\n<h1><a name=\"_Toc88154518\"><\/a><strong>73.<\/strong><\/h1>\n<p>&nbsp;<\/p>\n<p>De no haber sido por tu trata imp\u00eda,<\/p>\n<p>de la raz\u00f3n tenaz de quien desea estar vivo,<\/p>\n<p>de no por quien dar la vida,<\/p>\n<p>y la vida acabase en el verbo ir,<\/p>\n<p>&nbsp;<\/p>\n<p>hab\u00eda olor de muerte en la calle donde jugabas,<\/p>\n<p>y los que caminaban, lo hac\u00edan encima,<\/p>\n<p>se regocijaban en sus pisadas,<\/p>\n<p>&nbsp;<\/p>\n<p>como queriendo ser parte de aquella multitud,<\/p>\n<p>se abrazaban sin tocarse,<\/p>\n<p>se miraban sin m\u00e1s ojos que las garras de estos cuervos en los hombros,<\/p>\n<p>&nbsp;<\/p>\n<p>se dol\u00edan no del dolor que es la vida,<\/p>\n<p>sino de sus mentes cual les atormentaban<\/p>\n<p>&nbsp;<\/p>\n<p>y se lamentaban sin pausa<\/p>\n<p>y con testigos,<\/p>\n<p>que fuimos precisamente sus hijos.<\/p>\n<p>&nbsp;<\/p>\n<p>&nbsp;<\/p>\n<p>&nbsp;<\/p>\n<span class='bctt-click-to-tweet'><span class='bctt-ctt-text'><a href='https:\/\/x.com\/intent\/tweet?url=https%3A%2F%2Fnuestrosescritores.com%2Fmomodiaz%2Fpoesia%2F&#038;text=73%C2%A0del%20libro%20ANATOM%C3%8DA%20DE%20MI%20SER%20de%20MOMO%20D%C3%8DAZ&#038;via=poesiaerestu&#038;related=poesiaerestu' target='_blank'rel=\"noopener noreferrer\">73&nbsp;del libro ANATOM\u00cdA DE MI SER de MOMO D\u00cdAZ <\/a><\/span><a href='https:\/\/x.com\/intent\/tweet?url=https%3A%2F%2Fnuestrosescritores.com%2Fmomodiaz%2Fpoesia%2F&#038;text=73%C2%A0del%20libro%20ANATOM%C3%8DA%20DE%20MI%20SER%20de%20MOMO%20D%C3%8DAZ&#038;via=poesiaerestu&#038;related=poesiaerestu' target='_blank' class='bctt-ctt-btn'rel=\"noopener noreferrer\">Compartir en X<\/a><\/span>[\/vc_column_text][\/vc_column][\/vc_row][vc_row full_height=&#8221;yes&#8221; equal_height=&#8221;yes&#8221;][vc_column extend=&#8221;false&#8221;]<div id=\"rowvcpt-row-settings\" class=\"rowvcpt-row-set RowVcPt-row-setting69e1e43c6456b \" data-no=\"RowVcPt-row-setting69e1e43c6456b\"><div class=\"columns-bg-wrap columns-bg-anim-colors columns-bg-image  columns_simple_image\" id=\"RowVcPt-image-bg-69e1e43c6456a\"   data-parallax_sense=\"30\" src=\"https:\/\/nuestrosescritores.com\/momodiaz\/wp-content\/uploads\/sites\/114\/2021\/12\/MomoDiazEscritorAnatomiademiser.png\" style=\"background-image: url(https:\/\/nuestrosescritores.com\/momodiaz\/wp-content\/uploads\/sites\/114\/2021\/12\/MomoDiazEscritorAnatomiademiser.png);background-position: center center;background-size: cover;background-attachment: fixed;\"><\/div><\/div><div class=\"ult-spacer spacer-69e1e43c64877\" data-id=\"69e1e43c64877\" data-height=\"150\" data-height-mobile=\"150\" data-height-tab=\"150\" data-height-tab-portrait=\"\" data-height-mobile-landscape=\"\" style=\"clear:both;display:block;\"><\/div>[vc_column_text]\n<p style=\"text-align: center;\"><a class=\"fasc-button fasc-size-xlarge fasc-type-glossy fasc-rounded-medium\" style=\"background-color: #33809e; color: #ffffff;\" href=\"https:\/\/librodepoesia.com\/libro\/anatomia-de-mi-ser-momo-diaz\/\">Comprar el libro<\/a><\/p>\n[\/vc_column_text][\/vc_column][\/vc_row][vc_row][vc_column][vc_column_text]\n<p><a name=\"_Toc85047636\"><\/a><\/p>\n<p><a name=\"_Toc85385647\"><\/a><\/p>\n<p><a name=\"_Toc83400473\"><\/a>[\/vc_column_text][\/vc_column][\/vc_row]\n<\/div>","protected":false},"excerpt":{"rendered":"<p>[vc_row full_width=&#8221;stretch_row_content_no_spaces&#8221; full_height=&#8221;yes&#8221; equal_height=&#8221;yes&#8221;][vc_column extend=&#8221;false&#8221;][\/vc_column][\/vc_row][vc_row][vc_column extend=&#8221;false&#8221;][vc_column_text] &nbsp; 1. &nbsp; Delimito mi \u00edndice y coraz\u00f3n al contorno de tu tersa y pulida figura, desde el avismo de tu barbilla dejando atr\u00e1s tu manantial rojizo desciendo al valle de tu garganta. &nbsp; Fuerte y a la vez de seda es el hueso c\u00f3ncavo donde descansan tus hombros, [&hellip;]<\/p>\n","protected":false},"author":1,"featured_media":0,"parent":0,"menu_order":0,"comment_status":"closed","ping_status":"closed","template":"","meta":{"_acf_changed":false,"footnotes":""},"class_list":["post-79","page","type-page","status-publish","hentry"],"acf":[],"yoast_head":"<!-- This site is optimized with the Yoast SEO Premium plugin v24.7 (Yoast SEO v27.4) - https:\/\/yoast.com\/product\/yoast-seo-premium-wordpress\/ -->\n<title>Poes\u00eda - Momo D\u00edaz<\/title>\n<meta name=\"description\" content=\"Poes\u00eda del libro ANATOMIA DE MI SER de MOMO D\u00cdAZ, el autor nos da una muestra tras publicar un libro con la Editorial Poes\u00eda eres t\u00fa 2021.\" \/>\n<meta name=\"robots\" content=\"index, follow, max-snippet:-1, max-image-preview:large, max-video-preview:-1\" \/>\n<link rel=\"canonical\" href=\"https:\/\/nuestrosescritores.com\/momodiaz\/poesia\/\" \/>\n<meta property=\"og:locale\" content=\"es_ES\" \/>\n<meta property=\"og:type\" content=\"article\" \/>\n<meta property=\"og:title\" content=\"Poes\u00eda\" \/>\n<meta property=\"og:description\" content=\"Poes\u00eda del libro ANATOMIA DE MI SER de MOMO D\u00cdAZ, el autor nos da una muestra tras publicar un libro con la Editorial Poes\u00eda eres t\u00fa 2021.\" \/>\n<meta property=\"og:url\" content=\"https:\/\/nuestrosescritores.com\/momodiaz\/poesia\/\" \/>\n<meta property=\"og:site_name\" content=\"Momo D\u00edaz\" \/>\n<meta property=\"article:modified_time\" content=\"2021-12-12T09:29:23+00:00\" \/>\n<meta name=\"twitter:card\" content=\"summary_large_image\" \/>\n<meta name=\"twitter:label1\" content=\"Tiempo de lectura\" \/>\n\t<meta name=\"twitter:data1\" content=\"4 minutos\" \/>\n<script type=\"application\/ld+json\" class=\"yoast-schema-graph\">{\"@context\":\"https:\\\/\\\/schema.org\",\"@graph\":[{\"@type\":\"WebPage\",\"@id\":\"https:\\\/\\\/nuestrosescritores.com\\\/momodiaz\\\/poesia\\\/\",\"url\":\"https:\\\/\\\/nuestrosescritores.com\\\/momodiaz\\\/poesia\\\/\",\"name\":\"Poes\u00eda - Momo D\u00edaz\",\"isPartOf\":{\"@id\":\"https:\\\/\\\/nuestrosescritores.com\\\/momodiaz\\\/#website\"},\"datePublished\":\"2021-12-11T18:08:53+00:00\",\"dateModified\":\"2021-12-12T09:29:23+00:00\",\"description\":\"Poes\u00eda del libro ANATOMIA DE MI SER de MOMO D\u00cdAZ, el autor nos da una muestra tras publicar un libro con la Editorial Poes\u00eda eres t\u00fa 2021.\",\"breadcrumb\":{\"@id\":\"https:\\\/\\\/nuestrosescritores.com\\\/momodiaz\\\/poesia\\\/#breadcrumb\"},\"inLanguage\":\"es\",\"potentialAction\":[{\"@type\":\"ReadAction\",\"target\":[\"https:\\\/\\\/nuestrosescritores.com\\\/momodiaz\\\/poesia\\\/\"]}]},{\"@type\":\"BreadcrumbList\",\"@id\":\"https:\\\/\\\/nuestrosescritores.com\\\/momodiaz\\\/poesia\\\/#breadcrumb\",\"itemListElement\":[{\"@type\":\"ListItem\",\"position\":1,\"name\":\"Portada\",\"item\":\"https:\\\/\\\/nuestrosescritores.com\\\/momodiaz\\\/\"},{\"@type\":\"ListItem\",\"position\":2,\"name\":\"Poes\u00eda\"}]},{\"@type\":\"WebSite\",\"@id\":\"https:\\\/\\\/nuestrosescritores.com\\\/momodiaz\\\/#website\",\"url\":\"https:\\\/\\\/nuestrosescritores.com\\\/momodiaz\\\/\",\"name\":\"Nuestros escritores\",\"description\":\"Escritor\",\"potentialAction\":[{\"@type\":\"SearchAction\",\"target\":{\"@type\":\"EntryPoint\",\"urlTemplate\":\"https:\\\/\\\/nuestrosescritores.com\\\/momodiaz\\\/?s={search_term_string}\"},\"query-input\":{\"@type\":\"PropertyValueSpecification\",\"valueRequired\":true,\"valueName\":\"search_term_string\"}}],\"inLanguage\":\"es\"}]}<\/script>\n<!-- \/ Yoast SEO Premium plugin. -->","yoast_head_json":{"title":"Poes\u00eda - Momo D\u00edaz","description":"Poes\u00eda del libro ANATOMIA DE MI SER de MOMO D\u00cdAZ, el autor nos da una muestra tras publicar un libro con la Editorial Poes\u00eda eres t\u00fa 2021.","robots":{"index":"index","follow":"follow","max-snippet":"max-snippet:-1","max-image-preview":"max-image-preview:large","max-video-preview":"max-video-preview:-1"},"canonical":"https:\/\/nuestrosescritores.com\/momodiaz\/poesia\/","og_locale":"es_ES","og_type":"article","og_title":"Poes\u00eda","og_description":"Poes\u00eda del libro ANATOMIA DE MI SER de MOMO D\u00cdAZ, el autor nos da una muestra tras publicar un libro con la Editorial Poes\u00eda eres t\u00fa 2021.","og_url":"https:\/\/nuestrosescritores.com\/momodiaz\/poesia\/","og_site_name":"Momo D\u00edaz","article_modified_time":"2021-12-12T09:29:23+00:00","twitter_card":"summary_large_image","twitter_misc":{"Tiempo de lectura":"4 minutos"},"schema":{"@context":"https:\/\/schema.org","@graph":[{"@type":"WebPage","@id":"https:\/\/nuestrosescritores.com\/momodiaz\/poesia\/","url":"https:\/\/nuestrosescritores.com\/momodiaz\/poesia\/","name":"Poes\u00eda - Momo D\u00edaz","isPartOf":{"@id":"https:\/\/nuestrosescritores.com\/momodiaz\/#website"},"datePublished":"2021-12-11T18:08:53+00:00","dateModified":"2021-12-12T09:29:23+00:00","description":"Poes\u00eda del libro ANATOMIA DE MI SER de MOMO D\u00cdAZ, el autor nos da una muestra tras publicar un libro con la Editorial Poes\u00eda eres t\u00fa 2021.","breadcrumb":{"@id":"https:\/\/nuestrosescritores.com\/momodiaz\/poesia\/#breadcrumb"},"inLanguage":"es","potentialAction":[{"@type":"ReadAction","target":["https:\/\/nuestrosescritores.com\/momodiaz\/poesia\/"]}]},{"@type":"BreadcrumbList","@id":"https:\/\/nuestrosescritores.com\/momodiaz\/poesia\/#breadcrumb","itemListElement":[{"@type":"ListItem","position":1,"name":"Portada","item":"https:\/\/nuestrosescritores.com\/momodiaz\/"},{"@type":"ListItem","position":2,"name":"Poes\u00eda"}]},{"@type":"WebSite","@id":"https:\/\/nuestrosescritores.com\/momodiaz\/#website","url":"https:\/\/nuestrosescritores.com\/momodiaz\/","name":"Nuestros escritores","description":"Escritor","potentialAction":[{"@type":"SearchAction","target":{"@type":"EntryPoint","urlTemplate":"https:\/\/nuestrosescritores.com\/momodiaz\/?s={search_term_string}"},"query-input":{"@type":"PropertyValueSpecification","valueRequired":true,"valueName":"search_term_string"}}],"inLanguage":"es"}]}},"_links":{"self":[{"href":"https:\/\/nuestrosescritores.com\/momodiaz\/wp-json\/wp\/v2\/pages\/79","targetHints":{"allow":["GET"]}}],"collection":[{"href":"https:\/\/nuestrosescritores.com\/momodiaz\/wp-json\/wp\/v2\/pages"}],"about":[{"href":"https:\/\/nuestrosescritores.com\/momodiaz\/wp-json\/wp\/v2\/types\/page"}],"author":[{"embeddable":true,"href":"https:\/\/nuestrosescritores.com\/momodiaz\/wp-json\/wp\/v2\/users\/1"}],"replies":[{"embeddable":true,"href":"https:\/\/nuestrosescritores.com\/momodiaz\/wp-json\/wp\/v2\/comments?post=79"}],"version-history":[{"count":0,"href":"https:\/\/nuestrosescritores.com\/momodiaz\/wp-json\/wp\/v2\/pages\/79\/revisions"}],"wp:attachment":[{"href":"https:\/\/nuestrosescritores.com\/momodiaz\/wp-json\/wp\/v2\/media?parent=79"}],"curies":[{"name":"wp","href":"https:\/\/api.w.org\/{rel}","templated":true}]}}