{"id":10,"date":"2021-12-11T17:12:14","date_gmt":"2021-12-11T17:12:14","guid":{"rendered":"https:\/\/nuestrosescritores.com\/momodiaz\/?page_id=10"},"modified":"2021-12-12T09:25:58","modified_gmt":"2021-12-12T09:25:58","slug":"momo-diaz","status":"publish","type":"page","link":"https:\/\/nuestrosescritores.com\/momodiaz\/","title":{"rendered":"MOMO D\u00cdAZ"},"content":{"rendered":"<div class=\"wpb-content-wrapper\">[vc_row full_width=&#8221;stretch_row_content_no_spaces&#8221;][vc_column extend=&#8221;false&#8221;][layerslider_vc id=&#8221;1&#8243;][\/vc_column][\/vc_row][vc_row extend=&#8221;false&#8221; design__empty_1=&#8221;&#8221; background=&#8221;&#8221; background_image_type=&#8221;static&#8221; background_image__effect=&#8221;&#8221; bg_size=&#8221;initial&#8221; bg_position=&#8221;center-center&#8221; row_bg_image=&#8221;&#8221; bg_repeat=&#8221;no-repeat&#8221; background_image_type__bg_color=&#8221;rgba(255, 255, 255, 1)&#8221; row_bg_parallax_images=&#8221;&#8221; row_bg_slideshow_images=&#8221;&#8221; background_video_type=&#8221;youtube&#8221; background_video__youtube__url=&#8221;&#8221; background_video__youtube__parallax=&#8221;&#8221; background_video__youtube__options=&#8221;&#8221; background_video__youtube__fallback_image=&#8221;&#8221; background_video__hosted__mp4=&#8221;&#8221; background_video__hosted__webm=&#8221;&#8221; background_video__hosted__ogv=&#8221;&#8221; background_video__hosted__parallax=&#8221;&#8221; background_video__hosted__options=&#8221;&#8221; background_video__hosted__fallback_image=&#8221;&#8221; background_color_type=&#8221;color&#8221; bg__empty_1=&#8221;&#8221; background_color_type__gradient_color1=&#8221;rgba(44, 74, 228, 1)&#8221; background_color_type__gradient_color2=&#8221;rgba(44, 74, 228, 1)&#8221; background_color_type__color_color1=&#8221;rgba(44, 74, 228, 1)&#8221; bg__empty_2=&#8221;&#8221; background_color__effect=&#8221;&#8221; background_color__direction=&#8221;left-to-right&#8221; settings__tag_1=&#8221;&#8221; viewport_lg=&#8221;&#8221; viewport_md=&#8221;&#8221; viewport_sm=&#8221;&#8221; viewport_xs=&#8221;&#8221; settings__empty_1=&#8221;&#8221; version=&#8221;1&#8243;][vc_column width=&#8221;1\/2&#8243; extend=&#8221;false&#8221;]<div class=\"ult-content-box-container \" >\t\t<div class=\"ult-content-box\" style=\"background-color:rgba(255,255,255,0.49);box-shadow: px px 8px px #f2f2f2 none;border-style:none;-webkit-transition: all 700ms ease;-moz-transition: all 700ms ease;-ms-transition: all 700ms ease;-o-transition: all 700ms ease;transition: all 700ms ease;\"  data-hover_box_shadow=\"none\"     data-bg=\"rgba(255,255,255,0.49)\"  data-border_color=\"\" >[vc_column_text css=&#8221;.vc_custom_1639242232198{padding-top: 15% !important;padding-right: 15% !important;padding-bottom: 15% !important;padding-left: 15% !important;}&#8221;]Momo D\u00edaz, (Miguel \u00c1ngel Olivera D\u00edaz. Madrid, 1981) empresario y artista multidisciplinario destacando en los campos de la escritura y la fotogaf\u00eda. Reside en Berl\u00edn desde 2009.<\/p>\n<p>&nbsp;<\/p>\n<p>Obras publicadas:<\/p>\n<p>Poes\u00eda y fotograf\u00eda &#8211; Namaste, la fusi\u00f3n entre India y Nepal (Exlibric, 2014).<\/p>\n<p>Novela &#8211; Dona, duende (Circulo rojo, 2013).<\/p>\n<p>Fotograf\u00eda y poes\u00eda &#8211; Indiscreet! Discover India (Obrapropia, 2012).<\/p>\n<p>Fotogaf\u00eda &#8211; Kaberlincola (Obrapropia 2010).<\/p>\n<p><strong>&nbsp;<\/strong><\/p>\n<p>&nbsp;<\/p>\n<p>&nbsp;<\/p>\n<span class='bctt-click-to-tweet'><span class='bctt-ctt-text'><a href='https:\/\/x.com\/intent\/tweet?url=https%3A%2F%2Fnuestrosescritores.com%2Fmomodiaz%2F&#038;text=MOMO%20D%C3%8DAZ.%20Escritor.&#038;related' target='_blank'rel=\"noopener noreferrer\">MOMO D\u00cdAZ. Escritor. <\/a><\/span><a href='https:\/\/x.com\/intent\/tweet?url=https%3A%2F%2Fnuestrosescritores.com%2Fmomodiaz%2F&#038;text=MOMO%20D%C3%8DAZ.%20Escritor.&#038;related' target='_blank' class='bctt-ctt-btn'rel=\"noopener noreferrer\">Compartir en X<\/a><\/span>[\/vc_column_text]\t\t<\/div><\/div>[\/vc_column][vc_column width=&#8221;1\/2&#8243; extend=&#8221;false&#8221;]<div class=\"gambit_fullheight_row\" data-content-location=\"center\" style=\"display: none\"><\/div><div id=\"rowvcpt-row-settings\" class=\"rowvcpt-row-set RowVcPt-row-setting69e1d11cd59ec \" data-no=\"RowVcPt-row-setting69e1d11cd59ec\"><div  id=\"bgGallaryslide69e1d11cd59f1\" class=\"rowvcpt-slideshow \"><\/div><script type=\"text\/javascript\">\n(function($) {\n$(\"#bgGallaryslide69e1d11cd59f1\").vegas({\n        overlay: \"https:\/\/nuestrosescritores.com\/momodiaz\/wp-content\/plugins\/ultimate-row-background\/css\/overlays\/0'.esc_attr(1.png).'\",\n        transitionDuration: 4e3,\n        delay: 7000,\n        slides: [{src: \"https:\/\/nuestrosescritores.com\/momodiaz\/wp-content\/uploads\/sites\/114\/2021\/12\/nkkakeevibk.jpg\",transition: \"fade2\",transitionDuration: 5000},{src: \"https:\/\/nuestrosescritores.com\/momodiaz\/wp-content\/uploads\/sites\/114\/2021\/12\/wbbl4vo50xm.jpg\",transition: \"fade2\",transitionDuration: 5000},{src: \"https:\/\/nuestrosescritores.com\/momodiaz\/wp-content\/uploads\/sites\/114\/2021\/12\/wfxjjwyexkg.jpg\",transition: \"fade2\",transitionDuration: 5000},{src: \"https:\/\/nuestrosescritores.com\/momodiaz\/wp-content\/uploads\/sites\/114\/2021\/12\/ausmlu8wioq.jpg\",transition: \"fade2\",transitionDuration: 5000},]\n    });\t\t\n})(jQuery);\n<\/script><div class=\"rowvcpt-overlay\" style=\"background:rgba(255,255,255,0.69)\"><\/div><\/div>[vc_single_image image=&#8221;11&#8243; img_size=&#8221;full&#8221; alignment=&#8221;center&#8221;][\/vc_column][\/vc_row][vc_row full_height=&#8221;yes&#8221; equal_height=&#8221;yes&#8221; content_placement=&#8221;middle&#8221; css_animation=&#8221;appear&#8221; css=&#8221;.vc_custom_1638093275611{background-position: center !important;background-repeat: no-repeat !important;background-size: cover !important;}&#8221;][vc_column extend=&#8221;false&#8221;]<div class=\"ult-spacer spacer-69e1d11cd656a\" data-id=\"69e1d11cd656a\" data-height=\"500\" data-height-mobile=\"500\" data-height-tab=\"500\" data-height-tab-portrait=\"\" data-height-mobile-landscape=\"\" style=\"clear:both;display:block;\"><\/div><div id=\"rowvcpt-row-settings\" class=\"rowvcpt-row-set RowVcPt-row-setting69e1d11cd658a \" data-no=\"RowVcPt-row-setting69e1d11cd658a\"><div class=\"columns-bg-wrap columns-bg-anim-colors columns-bg-image  columns_animated_bg columns-right-animation\" id=\"RowVcPt-image-bg-69e1d11cd6589\"   data-direction=\"right\" data-parallax_sense=\"30\" src=\"https:\/\/nuestrosescritores.com\/momodiaz\/wp-content\/uploads\/sites\/114\/2021\/12\/mfdymcjlovq.jpg\" style=\"background-image: url(https:\/\/nuestrosescritores.com\/momodiaz\/wp-content\/uploads\/sites\/114\/2021\/12\/mfdymcjlovq.jpg);background-position: center center;background-size: cover;background-attachment: fixed;\"><\/div><\/div>[\/vc_column][\/vc_row][vc_row full_width=&#8221;stretch_row_content_no_spaces&#8221; full_height=&#8221;yes&#8221; content_placement=&#8221;middle&#8221;][vc_column extend=&#8221;false&#8221;]<div class=\"gambit_fullheight_row\" data-content-location=\"center\" style=\"display: none\"><\/div><div id=\"rowvcpt-row-settings\" class=\"rowvcpt-row-set RowVcPt-row-setting69e1d11cd68a5 \" data-no=\"RowVcPt-row-setting69e1d11cd68a5\"><div  id=\"bgGallaryslide69e1d11cd68a8\" class=\"rowvcpt-slideshow \"><\/div><script type=\"text\/javascript\">\n(function($) {\n$(\"#bgGallaryslide69e1d11cd68a8\").vegas({\n        overlay: \"https:\/\/nuestrosescritores.com\/momodiaz\/wp-content\/plugins\/ultimate-row-background\/css\/overlays\/0'.esc_attr(2.png).'\",\n        transitionDuration: 4e3,\n        delay: 7000,\n        slides: [{src: \"https:\/\/nuestrosescritores.com\/momodiaz\/wp-content\/uploads\/sites\/114\/2021\/12\/wbbl4vo50xm.jpg\",transition: \"fade2\",transitionDuration: 5000},{src: \"https:\/\/nuestrosescritores.com\/momodiaz\/wp-content\/uploads\/sites\/114\/2021\/12\/nkkakeevibk.jpg\",transition: \"fade2\",transitionDuration: 5000},{src: \"https:\/\/nuestrosescritores.com\/momodiaz\/wp-content\/uploads\/sites\/114\/2021\/12\/ausmlu8wioq.jpg\",transition: \"fade2\",transitionDuration: 5000},{src: \"https:\/\/nuestrosescritores.com\/momodiaz\/wp-content\/uploads\/sites\/114\/2021\/12\/0qowvtkqg0s.jpg\",transition: \"fade2\",transitionDuration: 5000},]\n    });\t\t\n})(jQuery);\n<\/script><div class=\"rowvcpt-overlay\" style=\"background:rgba(255,255,255,0.69)\"><\/div><\/div><div id=\"uvc-type-wrap-5421\"  data-ultimate-target='#uvc-type-wrap-5421'  data-responsive-json-new='{\"font-size\":\"\",\"line-height\":\"\"}'  class=\"uvc-type-wrap vc_custom_1639242590596 ult-adjust-bottom-margin ult-responsive  uvc-type-align-center uvc-type-no-prefix uvc-wrap-222182402469e1d11cd6bed\" style=\"text-align:center;\"><span id=\"typed-222182402469e1d11cd6bed\" class=\"ultimate-typed-main \" style=\" font-weight:bold; text-transform: unset;\"><\/span><script type=\"text\/javascript\">\n\t\t\t\t\t\tjQuery(function($){ \n\t\t\t\t\t\t\t$(document).ready(function(){\n\t\t\t\t\t\t\t\tif( typeof jQuery(\"#typed-222182402469e1d11cd6bed\").typed == \"function\"){\n\t\t\t\t\t\t\t\t\t$(\"#typed-222182402469e1d11cd6bed\").typed({\n\t\t\t\t\t\t\t\t\t\tstrings: [\"Dentro de la obra literaria de Momo D\u00edaz, Anatom\u00eda de mi ser recoge una antolog\u00eda de versos de amor de sus m\u00e1s \u00edntimas experiencias en esta parcela, alcanzando sin duda su estilo m\u00e1s personal entre sus publicaciones, correspondiente a su poes\u00eda. Esta colecci\u00f3n recoge su tema m\u00e1s introvertido; el amor. Algunos poemas, abarcan la \u00f3rbita del f\u00edsico, lo carnal y pasional unidos al dolor, la ruptura o la soledad. La colecci\u00f3n tambi\u00e9n recoge algunos sonetos, as\u00ed como haikus, dedicados en su estilo de profundidad a los sentimientos y la pasi\u00f3n, y finalmente, versos m\u00e1s m\u00edsticos entrecruzando incluso el amor fraternal y maternal, manteniendo la constante en todo el manuscrito del amor y sus declives.\"],\n\t\t\t\t\t\t\t\t\t\ttypeSpeed: 35,\n\t\t\t\t\t\t\t\t\t\tbackSpeed: 0,\n\t\t\t\t\t\t\t\t\t\tstartDelay: \"200\",\n\t\t\t\t\t\t\t\t\t\tbackDelay: \"1500\",\n\t\t\t\t\t\t\t\t\t\tloop: true,\n\t\t\t\t\t\t\t\t\t\tloopCount: false,\n\t\t\t\t\t\t\t\t\t\tshowCursor: true,\n\t\t\t\t\t\t\t\t\t\tcursorChar: \"|\",\n\t\t\t\t\t\t\t\t\t\tattr: null\n\t\t\t\t\t\t\t\t\t});\n\t\t\t\t\t\t\t\t}\n\t\t\t\t\t\t\t});\n\t\t\t\t\t\t});\n\t\t\t\t\t<\/script><\/div>[\/vc_column][\/vc_row][vc_row full_height=&#8221;yes&#8221; content_placement=&#8221;middle&#8221; parallax=&#8221;content-moving&#8221; parallax_image=&#8221;86&#8243; css_animation=&#8221;appear&#8221; bg_type=&#8221;image&#8221; css=&#8221;.vc_custom_1634746787147{background-image: url(https:\/\/nuestrosescritores.com\/tinahernandezherrero\/wp-content\/uploads\/sites\/107\/2021\/10\/TinaHernandezHerrero-Mediano.jpg?id=86) !important;}&#8221;][vc_column extend=&#8221;false&#8221;][vc_empty_space height=&#8221;150px&#8221;]<div id=\"rowvcpt-row-settings\" class=\"rowvcpt-row-set RowVcPt-row-setting69e1d11cd705c \" data-no=\"RowVcPt-row-setting69e1d11cd705c\"><div class=\"columns-bg-wrap columns-bg-anim-colors columns-bg-image  columns_simple_image\" id=\"RowVcPt-image-bg-69e1d11cd705b\"   data-parallax_sense=\"30\" src=\"https:\/\/nuestrosescritores.com\/momodiaz\/wp-content\/uploads\/sites\/114\/2021\/12\/MomoDiazEscritorAnatomiademiser.png\" style=\"background-image: url(https:\/\/nuestrosescritores.com\/momodiaz\/wp-content\/uploads\/sites\/114\/2021\/12\/MomoDiazEscritorAnatomiademiser.png);background-position: center center;background-size: cover;background-attachment: fixed;\"><\/div><\/div>[vc_column_text]\n<p style=\"text-align: center;\"><a class=\"fasc-button fasc-size-xlarge fasc-type-glossy fasc-rounded-medium\" style=\"background-color: #2b3336; color: #ffffff;\" href=\"https:\/\/librodepoesia.com\/libro\/anatomia-de-mi-ser-momo-diaz\/\">COMPRA SUS LIBROS<\/a><\/p>\n[\/vc_column_text][\/vc_column][\/vc_row][vc_row][vc_column]<div id=\"rowvcpt-row-settings\" class=\"rowvcpt-row-set RowVcPt-row-setting69e1d11cd7441 \" data-no=\"RowVcPt-row-setting69e1d11cd7441\"><div class=\"columns-bg-wrap columns-bg-anim-colors\" style=\"opacity: 1;background: -moz-linear-gradient(top, #e0e0e0 0%, #f7f7f7 100%);background: -webkit-gradient(linear, left top, left bottom, color-stop(0%,#e0e0e0), color-stop(100%,#f7f7f7));background: -webkit-linear-gradient(top, #e0e0e0 0%,#f7f7f7 100%);background: -o-linear-gradient(top, #e0e0e0 0%,#f7f7f7 100%);background: -ms-linear-gradient(top, #e0e0e0 0%,#f7f7f7 100%);background: linear-gradient(to bottom, #e0e0e0 0%,#f7f7f7 100%);\"><\/div><\/div>[vc_column_text css=&#8221;.vc_custom_1638093465381{padding-top: 5% !important;padding-right: 5% !important;padding-bottom: 5% !important;padding-left: 5% !important;background-color: rgba(206,206,206,0.01) !important;*background-color: rgb(206,206,206) !important;border-radius: 1px !important;}&#8221;]Esta p\u00e1gina web est\u00e1 realizada por el GRUPO EDITORIAL P\u00c9REZ-AYALA para el escritor MOMO D\u00cdAZ porque acaba de publicar un libro en una de las siguientes <a href=\"https:\/\/editorialesdepoesia.com\">editoriales de poes\u00eda<\/a>:<br \/>\n<a href=\"https:\/\/poesiaerestu.com\">Editorial Poes\u00eda eres t\u00fa<\/a>: Una editorial para poetas contempor\u00e1neos, con un cat\u00e1logo diverso de las diferentes tendencias de la poes\u00eda.<br \/>\n<a href=\"https:\/\/edicionesrilke.com\">Ediciones Rilke<\/a>: Una colecci\u00f3n de poes\u00eda cl\u00e1sica con poetas contempor\u00e1neos de gran trayectoria.<br \/>\n<a href=\"https:\/\/edicionesazorin.com\">Ediciones Azor\u00edn<\/a>: Una editorial para escritores y temas de Alicante y Murcia, un sello regional a nivel nacional.<br \/>\nContamos tambi\u00e9n con editoriales de narrativa como <a href=\"https:\/\/edicionesamaniel.com\">Ediciones Amaniel<\/a> y una editorial de autoedici\u00f3n como la <a href=\"https:\/\/agenciadellibro.com\">Editorial Agencia del libro<\/a> y un sistema de <a href=\"https:\/\/crowdfundingdelibros.com\">crowdfunding de libros<\/a> para que los nuevos escritores puedan <a href=\"https:\/\/crowdfundingdelibros.com\/\">publicar un libro gratis<\/a>.<br \/>\nInformaci\u00f3n tras publicar un libro: ANATOM\u00cdA DE MI SER de MOMO D\u00cdAZ con la editorial de poes\u00eda Editorial Poes\u00eda eres t\u00fa.<br \/>\nMOMO D\u00cdAZ logra publicar un libro de poes\u00eda, ANATOM\u00cdA DE MI SER, tras un proceso de selecci\u00f3n de obras con la Editorial Poes\u00eda eres t\u00fa.<br \/>\nTodos los derechos del libro ANATOM\u00cdA DE MI SER pertenecen a MOMO D\u00cdAZ tras publicar un libro con la Editorial Poes\u00eda eres t\u00fa.<br \/>\nPublicar un libro de poes\u00eda como ANATOM\u00cdA DE MI SER de MOMO D\u00cdAZ es posible gracias al trabajo de todo el equipo de la Editorial Poes\u00eda eres t\u00fa.<br \/>\nToda la promoci\u00f3n del libro ANATOM\u00cdA DE MI SER la puedes ver en la p\u00e1gina de la Editorial Poes\u00eda eres t\u00fa y en la web que la editorial le hace a MOMO D\u00cdAZ tras publicar un libro.<br \/>\nMOMO D\u00cdAZ agradece a la Editorial Poes\u00eda eres t\u00fa y la Agencia del libro por facilitar el trabajo de <a href=\"https:\/\/agenciadellibro.com\">publicar un libro<\/a>: ANATOM\u00cdA DE MI SER.<br \/>\nLa Editorial Poes\u00eda eres t\u00fa y MOMO D\u00cdAZ agradecen la colaboraci\u00f3n de los poetas, que han conseguido publicar un libro, y lectores del libro ANATOM\u00cdA DE MI SER por su colaboraci\u00f3n en la promoci\u00f3n y difusi\u00f3n de la obra.[\/vc_column_text][\/vc_column][\/vc_row]\n<\/div>","protected":false},"excerpt":{"rendered":"<p>[vc_row full_width=&#8221;stretch_row_content_no_spaces&#8221;][vc_column extend=&#8221;false&#8221;][layerslider_vc id=&#8221;1&#8243;][\/vc_column][\/vc_row][vc_row extend=&#8221;false&#8221; design__empty_1=&#8221;&#8221; background=&#8221;&#8221; background_image_type=&#8221;static&#8221; background_image__effect=&#8221;&#8221; bg_size=&#8221;initial&#8221; bg_position=&#8221;center-center&#8221; row_bg_image=&#8221;&#8221; bg_repeat=&#8221;no-repeat&#8221; background_image_type__bg_color=&#8221;rgba(255, 255, 255, 1)&#8221; row_bg_parallax_images=&#8221;&#8221; row_bg_slideshow_images=&#8221;&#8221; background_video_type=&#8221;youtube&#8221; background_video__youtube__url=&#8221;&#8221; background_video__youtube__parallax=&#8221;&#8221; background_video__youtube__options=&#8221;&#8221; background_video__youtube__fallback_image=&#8221;&#8221; background_video__hosted__mp4=&#8221;&#8221; background_video__hosted__webm=&#8221;&#8221; background_video__hosted__ogv=&#8221;&#8221; background_video__hosted__parallax=&#8221;&#8221; background_video__hosted__options=&#8221;&#8221; background_video__hosted__fallback_image=&#8221;&#8221; background_color_type=&#8221;color&#8221; bg__empty_1=&#8221;&#8221; background_color_type__gradient_color1=&#8221;rgba(44, 74, 228, 1)&#8221; background_color_type__gradient_color2=&#8221;rgba(44, 74, 228, 1)&#8221; background_color_type__color_color1=&#8221;rgba(44, 74, 228, 1)&#8221; bg__empty_2=&#8221;&#8221; background_color__effect=&#8221;&#8221; background_color__direction=&#8221;left-to-right&#8221; settings__tag_1=&#8221;&#8221; viewport_lg=&#8221;&#8221; viewport_md=&#8221;&#8221; viewport_sm=&#8221;&#8221; viewport_xs=&#8221;&#8221; settings__empty_1=&#8221;&#8221; version=&#8221;1&#8243;][vc_column width=&#8221;1\/2&#8243; [&hellip;]<\/p>\n","protected":false},"author":1,"featured_media":0,"parent":0,"menu_order":0,"comment_status":"closed","ping_status":"closed","template":"","meta":{"_acf_changed":false,"footnotes":""},"class_list":["post-10","page","type-page","status-publish","hentry"],"acf":[],"yoast_head":"<!-- This site is optimized with the Yoast SEO Premium plugin v24.7 (Yoast SEO v27.4) - https:\/\/yoast.com\/product\/yoast-seo-premium-wordpress\/ -->\n<title>MOMO D\u00cdAZ - Momo D\u00edaz<\/title>\n<meta name=\"description\" content=\"Momo D\u00edaz es el escritor del libro Anatom\u00eda de mi ser. El escritor acaba de publicar un libro de poes\u00eda con la Editorial Poes\u00eda eres t\u00fa 2021.\" \/>\n<meta name=\"robots\" content=\"index, follow, max-snippet:-1, max-image-preview:large, max-video-preview:-1\" \/>\n<link rel=\"canonical\" href=\"https:\/\/nuestrosescritores.com\/momodiaz\/\" \/>\n<meta property=\"og:locale\" content=\"es_ES\" \/>\n<meta property=\"og:type\" content=\"article\" \/>\n<meta property=\"og:title\" content=\"MOMO D\u00cdAZ\" \/>\n<meta property=\"og:description\" content=\"Momo D\u00edaz es el escritor del libro Anatom\u00eda de mi ser. El escritor acaba de publicar un libro de poes\u00eda con la Editorial Poes\u00eda eres t\u00fa 2021.\" \/>\n<meta property=\"og:url\" content=\"https:\/\/nuestrosescritores.com\/momodiaz\/\" \/>\n<meta property=\"og:site_name\" content=\"Momo D\u00edaz\" \/>\n<meta property=\"article:modified_time\" content=\"2021-12-12T09:25:58+00:00\" \/>\n<meta name=\"twitter:card\" content=\"summary_large_image\" \/>\n<meta name=\"twitter:label1\" content=\"Tiempo de lectura\" \/>\n\t<meta name=\"twitter:data1\" content=\"3 minutos\" \/>\n<script type=\"application\/ld+json\" class=\"yoast-schema-graph\">{\"@context\":\"https:\\\/\\\/schema.org\",\"@graph\":[{\"@type\":\"WebPage\",\"@id\":\"https:\\\/\\\/nuestrosescritores.com\\\/momodiaz\\\/\",\"url\":\"https:\\\/\\\/nuestrosescritores.com\\\/momodiaz\\\/\",\"name\":\"MOMO D\u00cdAZ - Momo D\u00edaz\",\"isPartOf\":{\"@id\":\"https:\\\/\\\/nuestrosescritores.com\\\/momodiaz\\\/#website\"},\"datePublished\":\"2021-12-11T17:12:14+00:00\",\"dateModified\":\"2021-12-12T09:25:58+00:00\",\"description\":\"Momo D\u00edaz es el escritor del libro Anatom\u00eda de mi ser. El escritor acaba de publicar un libro de poes\u00eda con la Editorial Poes\u00eda eres t\u00fa 2021.\",\"breadcrumb\":{\"@id\":\"https:\\\/\\\/nuestrosescritores.com\\\/momodiaz\\\/#breadcrumb\"},\"inLanguage\":\"es\",\"potentialAction\":[{\"@type\":\"ReadAction\",\"target\":[\"https:\\\/\\\/nuestrosescritores.com\\\/momodiaz\\\/\"]}]},{\"@type\":\"BreadcrumbList\",\"@id\":\"https:\\\/\\\/nuestrosescritores.com\\\/momodiaz\\\/#breadcrumb\",\"itemListElement\":[{\"@type\":\"ListItem\",\"position\":1,\"name\":\"Portada\",\"item\":\"https:\\\/\\\/nuestrosescritores.com\\\/momodiaz\\\/\"},{\"@type\":\"ListItem\",\"position\":2,\"name\":\"MOMO D\u00cdAZ\"}]},{\"@type\":\"WebSite\",\"@id\":\"https:\\\/\\\/nuestrosescritores.com\\\/momodiaz\\\/#website\",\"url\":\"https:\\\/\\\/nuestrosescritores.com\\\/momodiaz\\\/\",\"name\":\"Nuestros escritores\",\"description\":\"Escritor\",\"potentialAction\":[{\"@type\":\"SearchAction\",\"target\":{\"@type\":\"EntryPoint\",\"urlTemplate\":\"https:\\\/\\\/nuestrosescritores.com\\\/momodiaz\\\/?s={search_term_string}\"},\"query-input\":{\"@type\":\"PropertyValueSpecification\",\"valueRequired\":true,\"valueName\":\"search_term_string\"}}],\"inLanguage\":\"es\"}]}<\/script>\n<!-- \/ Yoast SEO Premium plugin. -->","yoast_head_json":{"title":"MOMO D\u00cdAZ - Momo D\u00edaz","description":"Momo D\u00edaz es el escritor del libro Anatom\u00eda de mi ser. El escritor acaba de publicar un libro de poes\u00eda con la Editorial Poes\u00eda eres t\u00fa 2021.","robots":{"index":"index","follow":"follow","max-snippet":"max-snippet:-1","max-image-preview":"max-image-preview:large","max-video-preview":"max-video-preview:-1"},"canonical":"https:\/\/nuestrosescritores.com\/momodiaz\/","og_locale":"es_ES","og_type":"article","og_title":"MOMO D\u00cdAZ","og_description":"Momo D\u00edaz es el escritor del libro Anatom\u00eda de mi ser. El escritor acaba de publicar un libro de poes\u00eda con la Editorial Poes\u00eda eres t\u00fa 2021.","og_url":"https:\/\/nuestrosescritores.com\/momodiaz\/","og_site_name":"Momo D\u00edaz","article_modified_time":"2021-12-12T09:25:58+00:00","twitter_card":"summary_large_image","twitter_misc":{"Tiempo de lectura":"3 minutos"},"schema":{"@context":"https:\/\/schema.org","@graph":[{"@type":"WebPage","@id":"https:\/\/nuestrosescritores.com\/momodiaz\/","url":"https:\/\/nuestrosescritores.com\/momodiaz\/","name":"MOMO D\u00cdAZ - Momo D\u00edaz","isPartOf":{"@id":"https:\/\/nuestrosescritores.com\/momodiaz\/#website"},"datePublished":"2021-12-11T17:12:14+00:00","dateModified":"2021-12-12T09:25:58+00:00","description":"Momo D\u00edaz es el escritor del libro Anatom\u00eda de mi ser. El escritor acaba de publicar un libro de poes\u00eda con la Editorial Poes\u00eda eres t\u00fa 2021.","breadcrumb":{"@id":"https:\/\/nuestrosescritores.com\/momodiaz\/#breadcrumb"},"inLanguage":"es","potentialAction":[{"@type":"ReadAction","target":["https:\/\/nuestrosescritores.com\/momodiaz\/"]}]},{"@type":"BreadcrumbList","@id":"https:\/\/nuestrosescritores.com\/momodiaz\/#breadcrumb","itemListElement":[{"@type":"ListItem","position":1,"name":"Portada","item":"https:\/\/nuestrosescritores.com\/momodiaz\/"},{"@type":"ListItem","position":2,"name":"MOMO D\u00cdAZ"}]},{"@type":"WebSite","@id":"https:\/\/nuestrosescritores.com\/momodiaz\/#website","url":"https:\/\/nuestrosescritores.com\/momodiaz\/","name":"Nuestros escritores","description":"Escritor","potentialAction":[{"@type":"SearchAction","target":{"@type":"EntryPoint","urlTemplate":"https:\/\/nuestrosescritores.com\/momodiaz\/?s={search_term_string}"},"query-input":{"@type":"PropertyValueSpecification","valueRequired":true,"valueName":"search_term_string"}}],"inLanguage":"es"}]}},"_links":{"self":[{"href":"https:\/\/nuestrosescritores.com\/momodiaz\/wp-json\/wp\/v2\/pages\/10","targetHints":{"allow":["GET"]}}],"collection":[{"href":"https:\/\/nuestrosescritores.com\/momodiaz\/wp-json\/wp\/v2\/pages"}],"about":[{"href":"https:\/\/nuestrosescritores.com\/momodiaz\/wp-json\/wp\/v2\/types\/page"}],"author":[{"embeddable":true,"href":"https:\/\/nuestrosescritores.com\/momodiaz\/wp-json\/wp\/v2\/users\/1"}],"replies":[{"embeddable":true,"href":"https:\/\/nuestrosescritores.com\/momodiaz\/wp-json\/wp\/v2\/comments?post=10"}],"version-history":[{"count":0,"href":"https:\/\/nuestrosescritores.com\/momodiaz\/wp-json\/wp\/v2\/pages\/10\/revisions"}],"wp:attachment":[{"href":"https:\/\/nuestrosescritores.com\/momodiaz\/wp-json\/wp\/v2\/media?parent=10"}],"curies":[{"name":"wp","href":"https:\/\/api.w.org\/{rel}","templated":true}]}}