{"id":12,"date":"2024-03-23T11:33:32","date_gmt":"2024-03-23T10:33:32","guid":{"rendered":"https:\/\/nuestrosescritores.com\/mikelromeo\/?page_id=12"},"modified":"2024-03-24T17:48:24","modified_gmt":"2024-03-24T16:48:24","slug":"mikel-romeo-martinez","status":"publish","type":"page","link":"https:\/\/nuestrosescritores.com\/mikelromeo\/","title":{"rendered":"MIKEL ROMEO MART\u00cdNEZ"},"content":{"rendered":"\t\t<div data-elementor-type=\"wp-page\" data-elementor-id=\"12\" class=\"elementor elementor-12\">\n\t\t\t\t\t\t<section class=\"elementor-section elementor-top-section elementor-element elementor-element-264c2a5c elementor-section-boxed elementor-section-height-default elementor-section-height-default\" data-id=\"264c2a5c\" data-element_type=\"section\" data-e-type=\"section\">\n\t\t\t\t\t\t<div class=\"elementor-container elementor-column-gap-default\">\n\t\t\t\t\t<div class=\"aux-parallax-section elementor-column elementor-col-100 elementor-top-column elementor-element elementor-element-672f2bc2\" data-id=\"672f2bc2\" data-element_type=\"column\" data-e-type=\"column\">\n\t\t\t<div class=\"elementor-widget-wrap elementor-element-populated\">\n\t\t\t\t\t\t<div class=\"elementor-element elementor-element-ec58d1e elementor-widget elementor-widget-layerslider\" data-id=\"ec58d1e\" data-element_type=\"widget\" data-e-type=\"widget\" data-widget_type=\"layerslider.default\">\n\t\t\t\t<div class=\"elementor-widget-container\">\n\t\t\t\t\t<script type=\"text\/javascript\">jQuery(function() { _initLayerSlider( '#layerslider_1_11rvb600qb233', {createdWith: '7.10.0', sliderVersion: '7.14.4', skin: 'v6', useSrcset: true, skinsPath: 'https:\/\/nuestrosescritores.com\/mikelromeo\/wp-content\/plugins\/LayerSlider\/assets\/static\/layerslider\/skins\/', performanceMode: true}); });<\/script><div id=\"layerslider_1_11rvb600qb233\"  class=\"ls-wp-container fitvidsignore\" style=\"width:1280px;height:720px;margin:0 auto;\"><div class=\"ls-slide\" ><ls-layer style=\"width:1282px;height:721px;top:0px;left:0px;\" class=\"ls-l ls-media-layer\" data-ls=\"autoplay:instant;showinfo:enabled;controls:enabled;muted:enabled;\"><iframe width=\"560\" height=\"315\" frameborder=\"0\" allowfullscreen data-src=\"https:\/\/www.youtube.com\/embed\/XynfifE2Bbk\"><\/iframe><\/ls-layer><\/div><div class=\"ls-slide\" ><ls-layer style=\"width:1282px;height:721px;top:0px;left:0px;\" class=\"ls-l ls-media-layer\" data-ls=\"autoplay:instant;showinfo:enabled;controls:enabled;muted:enabled;\"><iframe width=\"560\" height=\"315\" frameborder=\"0\" allowfullscreen data-src=\"https:\/\/www.youtube.com\/embed\/XynfifE2Bbk\"><\/iframe><\/ls-layer><\/div><\/div>\t\t\t\t<\/div>\n\t\t\t\t<\/div>\n\t\t\t\t\t<\/div>\n\t\t<\/div>\n\t\t\t\t\t<\/div>\n\t\t<\/section>\n\t\t\t\t<section class=\"elementor-section elementor-top-section elementor-element elementor-element-7cf6fc25 elementor-section-full_width elementor-section-height-full elementor-section-height-default elementor-section-items-middle\" data-id=\"7cf6fc25\" data-element_type=\"section\" data-e-type=\"section\" data-settings=\"{&quot;background_background&quot;:&quot;slideshow&quot;,&quot;background_slideshow_gallery&quot;:[{&quot;id&quot;:15,&quot;url&quot;:&quot;http:\\\/\\\/nuestrosescritores.com\\\/mikelromeo\\\/wp-content\\\/uploads\\\/sites\\\/174\\\/2024\\\/03\\\/i2vjsirklty.jpg&quot;},{&quot;id&quot;:16,&quot;url&quot;:&quot;http:\\\/\\\/nuestrosescritores.com\\\/mikelromeo\\\/wp-content\\\/uploads\\\/sites\\\/174\\\/2024\\\/03\\\/5e4tij8culg.jpg&quot;},{&quot;id&quot;:17,&quot;url&quot;:&quot;http:\\\/\\\/nuestrosescritores.com\\\/mikelromeo\\\/wp-content\\\/uploads\\\/sites\\\/174\\\/2024\\\/03\\\/dngibpz90tg.jpg&quot;},{&quot;id&quot;:18,&quot;url&quot;:&quot;http:\\\/\\\/nuestrosescritores.com\\\/mikelromeo\\\/wp-content\\\/uploads\\\/sites\\\/174\\\/2024\\\/03\\\/ppbu4tc9ho.jpg&quot;}],&quot;background_slideshow_ken_burns&quot;:&quot;yes&quot;,&quot;background_slideshow_loop&quot;:&quot;yes&quot;,&quot;background_slideshow_slide_duration&quot;:5000,&quot;background_slideshow_slide_transition&quot;:&quot;fade&quot;,&quot;background_slideshow_transition_duration&quot;:500,&quot;background_slideshow_ken_burns_zoom_direction&quot;:&quot;in&quot;}\">\n\t\t\t\t\t\t\t<div class=\"elementor-background-overlay\"><\/div>\n\t\t\t\t\t\t\t<div class=\"elementor-container elementor-column-gap-no\">\n\t\t\t\t\t<div class=\"aux-parallax-section elementor-column elementor-col-50 elementor-top-column elementor-element elementor-element-124cd304\" data-id=\"124cd304\" data-element_type=\"column\" data-e-type=\"column\">\n\t\t\t<div class=\"elementor-widget-wrap elementor-element-populated\">\n\t\t\t\t\t\t<div class=\"elementor-element elementor-element-7c8a0c8f elementor-invisible elementor-widget elementor-widget-text-editor\" data-id=\"7c8a0c8f\" data-element_type=\"widget\" data-e-type=\"widget\" data-settings=\"{&quot;_animation&quot;:&quot;fadeIn&quot;,&quot;_animation_delay&quot;:20}\" data-widget_type=\"text-editor.default\">\n\t\t\t\t<div class=\"elementor-widget-container\">\n\t\t\t\t\t\t\t\t\t<p>\u00a0<\/p><p><span class='bctt-click-to-tweet'><span class='bctt-ctt-text'><a href='https:\/\/x.com\/intent\/tweet?url=https%3A%2F%2Fnuestrosescritores.com%2Fmikelromeo%2F&#038;text=Mikel%20Romeo%20Mart%C3%ADnez.%20Escritor%2C%20poeta.&#038;related' target='_blank'rel=\"noopener noreferrer\">Mikel Romeo Mart\u00ednez. Escritor, poeta. <\/a><\/span><a href='https:\/\/x.com\/intent\/tweet?url=https%3A%2F%2Fnuestrosescritores.com%2Fmikelromeo%2F&#038;text=Mikel%20Romeo%20Mart%C3%ADnez.%20Escritor%2C%20poeta.&#038;related' target='_blank' class='bctt-ctt-btn'rel=\"noopener noreferrer\">Compartir en X<\/a><\/span><\/p>\t\t\t\t\t\t\t\t<\/div>\n\t\t\t\t<\/div>\n\t\t\t\t\t<\/div>\n\t\t<\/div>\n\t\t\t\t<div class=\"aux-parallax-section elementor-column elementor-col-50 elementor-top-column elementor-element elementor-element-6f64e0f8\" data-id=\"6f64e0f8\" data-element_type=\"column\" data-e-type=\"column\">\n\t\t\t<div class=\"elementor-widget-wrap\">\n\t\t\t\t\t\t\t<\/div>\n\t\t<\/div>\n\t\t\t\t\t<\/div>\n\t\t<\/section>\n\t\t\t\t<section class=\"elementor-section elementor-top-section elementor-element elementor-element-605d0346 elementor-section-full_width elementor-section-height-full aux-page-cover-wrapper elementor-section-height-default elementor-section-items-middle\" data-id=\"605d0346\" data-element_type=\"section\" data-e-type=\"section\">\n\t\t\t\t\t\t<div class=\"elementor-container elementor-column-gap-no\">\n\t\t\t\t\t<div class=\"aux-parallax-section elementor-column elementor-col-100 elementor-top-column elementor-element elementor-element-62a17d9b\" data-id=\"62a17d9b\" data-element_type=\"column\" data-e-type=\"column\">\n\t\t\t<div class=\"elementor-widget-wrap\">\n\t\t\t\t\t\t\t<\/div>\n\t\t<\/div>\n\t\t\t\t\t<\/div>\n\t\t<\/section>\n\t\t\t\t<section class=\"elementor-section elementor-top-section elementor-element elementor-element-463498a0 elementor-section-full_width elementor-section-height-full elementor-section-content-middle elementor-section-stretched back elementor-section-height-default elementor-section-items-middle\" data-id=\"463498a0\" data-element_type=\"section\" data-e-type=\"section\" data-settings=\"{&quot;background_background&quot;:&quot;classic&quot;,&quot;stretch_section&quot;:&quot;section-stretched&quot;}\">\n\t\t\t\t\t\t<div class=\"elementor-container elementor-column-gap-default\">\n\t\t\t\t\t<div class=\"aux-parallax-section elementor-column elementor-col-100 elementor-top-column elementor-element elementor-element-7942fc28\" data-id=\"7942fc28\" data-element_type=\"column\" data-e-type=\"column\" data-settings=\"{&quot;background_background&quot;:&quot;classic&quot;}\">\n\t\t\t<div class=\"elementor-widget-wrap\">\n\t\t\t\t\t\t\t<\/div>\n\t\t<\/div>\n\t\t\t\t\t<\/div>\n\t\t<\/section>\n\t\t\t\t<section class=\"elementor-section elementor-top-section elementor-element elementor-element-5d7a8f2a elementor-section-full_width elementor-section-height-full elementor-section-stretched elementor-section-height-default elementor-section-items-middle\" data-id=\"5d7a8f2a\" data-element_type=\"section\" data-e-type=\"section\" data-settings=\"{&quot;stretch_section&quot;:&quot;section-stretched&quot;,&quot;background_background&quot;:&quot;slideshow&quot;,&quot;background_slideshow_gallery&quot;:[{&quot;id&quot;:20,&quot;url&quot;:&quot;http:\\\/\\\/nuestrosescritores.com\\\/mikelromeo\\\/wp-content\\\/uploads\\\/sites\\\/174\\\/2024\\\/03\\\/iy59i0m7op4.jpg&quot;},{&quot;id&quot;:21,&quot;url&quot;:&quot;http:\\\/\\\/nuestrosescritores.com\\\/mikelromeo\\\/wp-content\\\/uploads\\\/sites\\\/174\\\/2024\\\/03\\\/746ced84az4.jpg&quot;},{&quot;id&quot;:22,&quot;url&quot;:&quot;http:\\\/\\\/nuestrosescritores.com\\\/mikelromeo\\\/wp-content\\\/uploads\\\/sites\\\/174\\\/2024\\\/03\\\/mfgs1uadyac.jpg&quot;}],&quot;background_slideshow_ken_burns&quot;:&quot;yes&quot;,&quot;background_slideshow_loop&quot;:&quot;yes&quot;,&quot;background_slideshow_slide_duration&quot;:5000,&quot;background_slideshow_slide_transition&quot;:&quot;fade&quot;,&quot;background_slideshow_transition_duration&quot;:500,&quot;background_slideshow_ken_burns_zoom_direction&quot;:&quot;in&quot;}\">\n\t\t\t\t\t\t\t<div class=\"elementor-background-overlay\"><\/div>\n\t\t\t\t\t\t\t<div class=\"elementor-container elementor-column-gap-no\">\n\t\t\t\t\t<div class=\"aux-parallax-section elementor-column elementor-col-100 elementor-top-column elementor-element elementor-element-166ad6c8\" data-id=\"166ad6c8\" data-element_type=\"column\" data-e-type=\"column\">\n\t\t\t<div class=\"elementor-widget-wrap elementor-element-populated\">\n\t\t\t\t\t\t<div class=\"elementor-element elementor-element-3e8bcac4 elementor-widget__width-inherit elementor-widget elementor-widget-text-editor\" data-id=\"3e8bcac4\" data-element_type=\"widget\" data-e-type=\"widget\" data-settings=\"{&quot;_animation&quot;:&quot;none&quot;}\" data-widget_type=\"text-editor.default\">\n\t\t\t\t<div class=\"elementor-widget-container\">\n\t\t\t\t\t\t\t\t\t<p>Soy lo que sobrevivi\u00f3 de nosotros: los besos de aquel invierno roto en Berl\u00edn, los aplausos insonoros e indoloros tras el tel\u00f3n, las cicatrices de tus pu\u00f1ales al alba.<\/p><p>\u00a0<\/p><p>Soy una sinopsis de un libro que te quiso tanto como \u00e9l, que te extra\u00f1a con cada hoja de su cuerpo, y a la que le duele en la misma medida el coraz\u00f3n.<\/p><p>\u00a0<\/p><p>Soy los poemas de un enamorado, las estrofas de un coraz\u00f3n roto y los versos del delirio de un escritor.<\/p><p>\u00a0<\/p><p>Soy muchas cosas, pero:<\/p><p>\u00a0<\/p><p><em>\u201cEsta es mi manera de decirte \u201cte quiero\u201d, pues alguien dijo una vez que \u201cla admiraci\u00f3n es una de las formas m\u00e1s bellas de amar\u201d, y yo admiro mi lirio\u201d.<\/em><\/p>\t\t\t\t\t\t\t\t<\/div>\n\t\t\t\t<\/div>\n\t\t\t\t\t<\/div>\n\t\t<\/div>\n\t\t\t\t\t<\/div>\n\t\t<\/section>\n\t\t\t\t<section class=\"elementor-section elementor-top-section elementor-element elementor-element-645e875d elementor-section-full_width elementor-section-height-full elementor-section-content-middle back elementor-section-height-default elementor-section-items-middle\" data-id=\"645e875d\" data-element_type=\"section\" data-e-type=\"section\" data-settings=\"{&quot;background_background&quot;:&quot;classic&quot;}\">\n\t\t\t\t\t\t<div class=\"elementor-container elementor-column-gap-no\">\n\t\t\t\t\t<div class=\"aux-parallax-section elementor-column elementor-col-100 elementor-top-column elementor-element elementor-element-4eb4442d\" data-id=\"4eb4442d\" data-element_type=\"column\" data-e-type=\"column\">\n\t\t\t<div class=\"elementor-widget-wrap elementor-element-populated\">\n\t\t\t\t\t\t<div class=\"elementor-element elementor-element-2e9b242a elementor-widget elementor-widget-text-editor\" data-id=\"2e9b242a\" data-element_type=\"widget\" data-e-type=\"widget\" data-widget_type=\"text-editor.default\">\n\t\t\t\t<div class=\"elementor-widget-container\">\n\t\t\t\t\t\t\t\t\t<p style=\"text-align: center;\"><a class=\"fasc-button fasc-size-xlarge fasc-type-glossy fasc-rounded-medium fasc-style-bold\" style=\"background-color: #339e5a; color: #ffffff;\" href=\"https:\/\/librodepoesia.com\/libro\/un-jardin-delirios-rojos-mikel-romeo-martinez\/\">COMPRA SUS LIBROS<\/a><\/p>\t\t\t\t\t\t\t\t<\/div>\n\t\t\t\t<\/div>\n\t\t\t\t\t<\/div>\n\t\t<\/div>\n\t\t\t\t\t<\/div>\n\t\t<\/section>\n\t\t\t\t<section class=\"elementor-section elementor-top-section elementor-element elementor-element-6454847a elementor-section-full_width elementor-section-height-full elementor-section-height-default elementor-section-items-middle\" data-id=\"6454847a\" data-element_type=\"section\" data-e-type=\"section\" data-settings=\"{&quot;shape_divider_top&quot;:&quot;mountains&quot;,&quot;shape_divider_bottom&quot;:&quot;mountains&quot;}\">\n\t\t\t\t\t\t\t<div class=\"elementor-background-overlay\"><\/div>\n\t\t\t\t\t\t<div class=\"elementor-shape elementor-shape-top\" aria-hidden=\"true\" data-negative=\"false\">\n\t\t\t<svg xmlns=\"http:\/\/www.w3.org\/2000\/svg\" viewBox=\"0 0 1000 100\" preserveAspectRatio=\"none\">\n\t<path class=\"elementor-shape-fill\" opacity=\"0.33\" d=\"M473,67.3c-203.9,88.3-263.1-34-320.3,0C66,119.1,0,59.7,0,59.7V0h1000v59.7 c0,0-62.1,26.1-94.9,29.3c-32.8,3.3-62.8-12.3-75.8-22.1C806,49.6,745.3,8.7,694.9,4.7S492.4,59,473,67.3z\"\/>\n\t<path class=\"elementor-shape-fill\" opacity=\"0.66\" d=\"M734,67.3c-45.5,0-77.2-23.2-129.1-39.1c-28.6-8.7-150.3-10.1-254,39.1 s-91.7-34.4-149.2,0C115.7,118.3,0,39.8,0,39.8V0h1000v36.5c0,0-28.2-18.5-92.1-18.5C810.2,18.1,775.7,67.3,734,67.3z\"\/>\n\t<path class=\"elementor-shape-fill\" d=\"M766.1,28.9c-200-57.5-266,65.5-395.1,19.5C242,1.8,242,5.4,184.8,20.6C128,35.8,132.3,44.9,89.9,52.5C28.6,63.7,0,0,0,0 h1000c0,0-9.9,40.9-83.6,48.1S829.6,47,766.1,28.9z\"\/>\n<\/svg>\t\t<\/div>\n\t\t\t\t<div class=\"elementor-shape elementor-shape-bottom\" aria-hidden=\"true\" data-negative=\"false\">\n\t\t\t<svg xmlns=\"http:\/\/www.w3.org\/2000\/svg\" viewBox=\"0 0 1000 100\" preserveAspectRatio=\"none\">\n\t<path class=\"elementor-shape-fill\" opacity=\"0.33\" d=\"M473,67.3c-203.9,88.3-263.1-34-320.3,0C66,119.1,0,59.7,0,59.7V0h1000v59.7 c0,0-62.1,26.1-94.9,29.3c-32.8,3.3-62.8-12.3-75.8-22.1C806,49.6,745.3,8.7,694.9,4.7S492.4,59,473,67.3z\"\/>\n\t<path class=\"elementor-shape-fill\" opacity=\"0.66\" d=\"M734,67.3c-45.5,0-77.2-23.2-129.1-39.1c-28.6-8.7-150.3-10.1-254,39.1 s-91.7-34.4-149.2,0C115.7,118.3,0,39.8,0,39.8V0h1000v36.5c0,0-28.2-18.5-92.1-18.5C810.2,18.1,775.7,67.3,734,67.3z\"\/>\n\t<path class=\"elementor-shape-fill\" d=\"M766.1,28.9c-200-57.5-266,65.5-395.1,19.5C242,1.8,242,5.4,184.8,20.6C128,35.8,132.3,44.9,89.9,52.5C28.6,63.7,0,0,0,0 h1000c0,0-9.9,40.9-83.6,48.1S829.6,47,766.1,28.9z\"\/>\n<\/svg>\t\t<\/div>\n\t\t\t\t\t<div class=\"elementor-container elementor-column-gap-default\">\n\t\t\t\t\t<div class=\"aux-parallax-section elementor-column elementor-col-100 elementor-top-column elementor-element elementor-element-7874bab9\" data-id=\"7874bab9\" data-element_type=\"column\" data-e-type=\"column\">\n\t\t\t<div class=\"elementor-widget-wrap elementor-element-populated\">\n\t\t\t\t\t\t<div class=\"elementor-element elementor-element-46ecaccf elementor-widget__width-inherit elementor-widget elementor-widget-text-editor\" data-id=\"46ecaccf\" data-element_type=\"widget\" data-e-type=\"widget\" data-widget_type=\"text-editor.default\">\n\t\t\t\t<div class=\"elementor-widget-container\">\n\t\t\t\t\t\t\t\t\t<p>Esta p\u00e1gina web est\u00e1 realizada por el GRUPO EDITORIAL P\u00c9REZ-AYALA para el escritor JES\u00daS S\u00c1NCHEZ RIVAS porque acaba de publicar un libro en una de las siguientes editoriales de poes\u00eda:<br \/>Editorial Poes\u00eda eres t\u00fa: Una editorial para poetas contempor\u00e1neos, con un cat\u00e1logo diverso de las diferentes tendencias de la poes\u00eda.<br \/>Ediciones Rilke: Una colecci\u00f3n de poes\u00eda cl\u00e1sica con poetas contempor\u00e1neos de gran trayectoria.<br \/>Ediciones Azor\u00edn: Una editorial para escritores y temas de Alicante y Murcia, un sello regional a nivel nacional.<br \/>Contamos tambi\u00e9n con editoriales de narrativa como Ediciones Amaniel y una editorial de autoedici\u00f3n como la Editorial Agencia del libro y un sistema de crowdfunding de libros para que los nuevos escritores puedan publicar un libro gratis.<br \/>Informaci\u00f3n tras publicar un libro: DONDE T\u00da EST\u00c1S de JES\u00daS S\u00c1NCHEZ RIVAS con la editorial de poes\u00eda Editorial Poes\u00eda eres t\u00fa.<br \/>JES\u00daS S\u00c1NCHEZ RIVAS logra publicar un libro de poes\u00eda, DONDE T\u00da EST\u00c1S, tras un proceso de selecci\u00f3n de obras con la Editorial Poes\u00eda eres t\u00fa.<br \/>Todos los derechos del libro DONDE T\u00da EST\u00c1S pertenecen a JES\u00daS S\u00c1NCHEZ RIVAS tras publicar un libro con la Editorial Poes\u00eda eres t\u00fa.<br \/>Publicar un libro de poes\u00eda como DONDE T\u00da EST\u00c1S de JES\u00daS S\u00c1NCHEZ RIVAS es posible gracias al trabajo de todo el equipo de la Editorial Poes\u00eda eres t\u00fa.<br \/>Toda la promoci\u00f3n del libro DONDE T\u00da EST\u00c1S la puedes ver en la p\u00e1gina de la Editorial Poes\u00eda eres t\u00fa y en la web que la editorial le hace a JES\u00daS S\u00c1NCHEZ RIVAS tras publicar un libro.<br \/>JES\u00daS S\u00c1NCHEZ RIVAS agradece a la Editorial Poes\u00eda eres t\u00fa y la Agencia del libro por facilitar el trabajo de publicar un libro: DONDE T\u00da EST\u00c1S.<br \/>La Editorial Poes\u00eda eres t\u00fa y JES\u00daS S\u00c1NCHEZ RIVAS agradecen la colaboraci\u00f3n de los poetas, que han conseguido publicar un libro, y lectores del libro DONDE T\u00da EST\u00c1S por su colaboraci\u00f3n en la promoci\u00f3n y difusi\u00f3n de la obra.<\/p>\t\t\t\t\t\t\t\t<\/div>\n\t\t\t\t<\/div>\n\t\t\t\t\t<\/div>\n\t\t<\/div>\n\t\t\t\t\t<\/div>\n\t\t<\/section>\n\t\t\t\t<\/div>\n\t\t","protected":false},"excerpt":{"rendered":"<p>\u00a0 Soy lo que sobrevivi\u00f3 de nosotros: los besos de aquel invierno roto en Berl\u00edn, los aplausos insonoros e indoloros tras el tel\u00f3n, las cicatrices de tus pu\u00f1ales al alba. \u00a0 Soy una sinopsis de un libro que te quiso tanto como \u00e9l, que te extra\u00f1a con cada hoja de su cuerpo, y a la [&hellip;]<\/p>\n","protected":false},"author":1,"featured_media":0,"parent":0,"menu_order":0,"comment_status":"closed","ping_status":"closed","template":"","meta":{"_acf_changed":false,"footnotes":""},"class_list":["post-12","page","type-page","status-publish","hentry"],"acf":[],"yoast_head":"<!-- This site is optimized with the Yoast SEO Premium plugin v24.7 (Yoast SEO v27.4) - https:\/\/yoast.com\/product\/yoast-seo-premium-wordpress\/ -->\n<title>MIKEL ROMEO MART\u00cdNEZ - Mikel Romeo Mart\u00ednez<\/title>\n<meta name=\"description\" content=\"MIKEL ROMEO MART\u00cdNEZ es el escritor del libro UN JARD\u00cdN, DELIRIOS ROJOS, acaba de publicar un libro con la Editorial Poes\u00eda eres t\u00fa 2024.\" \/>\n<meta name=\"robots\" content=\"index, follow, max-snippet:-1, max-image-preview:large, max-video-preview:-1\" \/>\n<link rel=\"canonical\" href=\"https:\/\/nuestrosescritores.com\/mikelromeo\/\" \/>\n<meta property=\"og:locale\" content=\"es_ES\" \/>\n<meta property=\"og:type\" content=\"article\" \/>\n<meta property=\"og:title\" content=\"MIKEL ROMEO MART\u00cdNEZ\" \/>\n<meta property=\"og:description\" content=\"MIKEL ROMEO MART\u00cdNEZ es el escritor del libro UN JARD\u00cdN, DELIRIOS ROJOS, acaba de publicar un libro con la Editorial Poes\u00eda eres t\u00fa 2024.\" \/>\n<meta property=\"og:url\" content=\"https:\/\/nuestrosescritores.com\/mikelromeo\/\" \/>\n<meta property=\"og:site_name\" content=\"Mikel Romeo Mart\u00ednez\" \/>\n<meta property=\"article:modified_time\" content=\"2024-03-24T16:48:24+00:00\" \/>\n<meta name=\"twitter:card\" content=\"summary_large_image\" \/>\n<meta name=\"twitter:label1\" content=\"Tiempo de lectura\" \/>\n\t<meta name=\"twitter:data1\" content=\"3 minutos\" \/>\n<script type=\"application\/ld+json\" class=\"yoast-schema-graph\">{\"@context\":\"https:\\\/\\\/schema.org\",\"@graph\":[{\"@type\":\"WebPage\",\"@id\":\"https:\\\/\\\/nuestrosescritores.com\\\/mikelromeo\\\/\",\"url\":\"https:\\\/\\\/nuestrosescritores.com\\\/mikelromeo\\\/\",\"name\":\"MIKEL ROMEO MART\u00cdNEZ - Mikel Romeo Mart\u00ednez\",\"isPartOf\":{\"@id\":\"https:\\\/\\\/nuestrosescritores.com\\\/mikelromeo\\\/#website\"},\"datePublished\":\"2024-03-23T10:33:32+00:00\",\"dateModified\":\"2024-03-24T16:48:24+00:00\",\"description\":\"MIKEL ROMEO MART\u00cdNEZ es el escritor del libro UN JARD\u00cdN, DELIRIOS ROJOS, acaba de publicar un libro con la Editorial Poes\u00eda eres t\u00fa 2024.\",\"breadcrumb\":{\"@id\":\"https:\\\/\\\/nuestrosescritores.com\\\/mikelromeo\\\/#breadcrumb\"},\"inLanguage\":\"es\",\"potentialAction\":[{\"@type\":\"ReadAction\",\"target\":[\"https:\\\/\\\/nuestrosescritores.com\\\/mikelromeo\\\/\"]}]},{\"@type\":\"BreadcrumbList\",\"@id\":\"https:\\\/\\\/nuestrosescritores.com\\\/mikelromeo\\\/#breadcrumb\",\"itemListElement\":[{\"@type\":\"ListItem\",\"position\":1,\"name\":\"Portada\",\"item\":\"https:\\\/\\\/nuestrosescritores.com\\\/mikelromeo\\\/\"},{\"@type\":\"ListItem\",\"position\":2,\"name\":\"MIKEL ROMEO MART\u00cdNEZ\"}]},{\"@type\":\"WebSite\",\"@id\":\"https:\\\/\\\/nuestrosescritores.com\\\/mikelromeo\\\/#website\",\"url\":\"https:\\\/\\\/nuestrosescritores.com\\\/mikelromeo\\\/\",\"name\":\"Nuestros escritores\",\"description\":\"Escritor\",\"potentialAction\":[{\"@type\":\"SearchAction\",\"target\":{\"@type\":\"EntryPoint\",\"urlTemplate\":\"https:\\\/\\\/nuestrosescritores.com\\\/mikelromeo\\\/?s={search_term_string}\"},\"query-input\":{\"@type\":\"PropertyValueSpecification\",\"valueRequired\":true,\"valueName\":\"search_term_string\"}}],\"inLanguage\":\"es\"}]}<\/script>\n<!-- \/ Yoast SEO Premium plugin. -->","yoast_head_json":{"title":"MIKEL ROMEO MART\u00cdNEZ - Mikel Romeo Mart\u00ednez","description":"MIKEL ROMEO MART\u00cdNEZ es el escritor del libro UN JARD\u00cdN, DELIRIOS ROJOS, acaba de publicar un libro con la Editorial Poes\u00eda eres t\u00fa 2024.","robots":{"index":"index","follow":"follow","max-snippet":"max-snippet:-1","max-image-preview":"max-image-preview:large","max-video-preview":"max-video-preview:-1"},"canonical":"https:\/\/nuestrosescritores.com\/mikelromeo\/","og_locale":"es_ES","og_type":"article","og_title":"MIKEL ROMEO MART\u00cdNEZ","og_description":"MIKEL ROMEO MART\u00cdNEZ es el escritor del libro UN JARD\u00cdN, DELIRIOS ROJOS, acaba de publicar un libro con la Editorial Poes\u00eda eres t\u00fa 2024.","og_url":"https:\/\/nuestrosescritores.com\/mikelromeo\/","og_site_name":"Mikel Romeo Mart\u00ednez","article_modified_time":"2024-03-24T16:48:24+00:00","twitter_card":"summary_large_image","twitter_misc":{"Tiempo de lectura":"3 minutos"},"schema":{"@context":"https:\/\/schema.org","@graph":[{"@type":"WebPage","@id":"https:\/\/nuestrosescritores.com\/mikelromeo\/","url":"https:\/\/nuestrosescritores.com\/mikelromeo\/","name":"MIKEL ROMEO MART\u00cdNEZ - Mikel Romeo Mart\u00ednez","isPartOf":{"@id":"https:\/\/nuestrosescritores.com\/mikelromeo\/#website"},"datePublished":"2024-03-23T10:33:32+00:00","dateModified":"2024-03-24T16:48:24+00:00","description":"MIKEL ROMEO MART\u00cdNEZ es el escritor del libro UN JARD\u00cdN, DELIRIOS ROJOS, acaba de publicar un libro con la Editorial Poes\u00eda eres t\u00fa 2024.","breadcrumb":{"@id":"https:\/\/nuestrosescritores.com\/mikelromeo\/#breadcrumb"},"inLanguage":"es","potentialAction":[{"@type":"ReadAction","target":["https:\/\/nuestrosescritores.com\/mikelromeo\/"]}]},{"@type":"BreadcrumbList","@id":"https:\/\/nuestrosescritores.com\/mikelromeo\/#breadcrumb","itemListElement":[{"@type":"ListItem","position":1,"name":"Portada","item":"https:\/\/nuestrosescritores.com\/mikelromeo\/"},{"@type":"ListItem","position":2,"name":"MIKEL ROMEO MART\u00cdNEZ"}]},{"@type":"WebSite","@id":"https:\/\/nuestrosescritores.com\/mikelromeo\/#website","url":"https:\/\/nuestrosescritores.com\/mikelromeo\/","name":"Nuestros escritores","description":"Escritor","potentialAction":[{"@type":"SearchAction","target":{"@type":"EntryPoint","urlTemplate":"https:\/\/nuestrosescritores.com\/mikelromeo\/?s={search_term_string}"},"query-input":{"@type":"PropertyValueSpecification","valueRequired":true,"valueName":"search_term_string"}}],"inLanguage":"es"}]}},"_links":{"self":[{"href":"https:\/\/nuestrosescritores.com\/mikelromeo\/wp-json\/wp\/v2\/pages\/12","targetHints":{"allow":["GET"]}}],"collection":[{"href":"https:\/\/nuestrosescritores.com\/mikelromeo\/wp-json\/wp\/v2\/pages"}],"about":[{"href":"https:\/\/nuestrosescritores.com\/mikelromeo\/wp-json\/wp\/v2\/types\/page"}],"author":[{"embeddable":true,"href":"https:\/\/nuestrosescritores.com\/mikelromeo\/wp-json\/wp\/v2\/users\/1"}],"replies":[{"embeddable":true,"href":"https:\/\/nuestrosescritores.com\/mikelromeo\/wp-json\/wp\/v2\/comments?post=12"}],"version-history":[{"count":0,"href":"https:\/\/nuestrosescritores.com\/mikelromeo\/wp-json\/wp\/v2\/pages\/12\/revisions"}],"wp:attachment":[{"href":"https:\/\/nuestrosescritores.com\/mikelromeo\/wp-json\/wp\/v2\/media?parent=12"}],"curies":[{"name":"wp","href":"https:\/\/api.w.org\/{rel}","templated":true}]}}