{"id":78,"date":"2020-01-26T11:51:27","date_gmt":"2020-01-26T11:51:27","guid":{"rendered":"https:\/\/nuestrosescritores.com\/miguelserranomartin\/?page_id=78"},"modified":"2020-01-26T12:05:27","modified_gmt":"2020-01-26T12:05:27","slug":"poesia","status":"publish","type":"page","link":"https:\/\/nuestrosescritores.com\/miguelserranomartin\/poesia\/","title":{"rendered":"Poes\u00eda"},"content":{"rendered":"<div class=\"wpb-content-wrapper\">[vc_row][vc_column extend=&#8221;false&#8221;][vc_column_text css=&#8221;.vc_custom_1574620857038{margin-top: -30000px !important;}&#8221;]\n<h1><strong><em><u>Poes\u00eda del libro ANCLADO de MIGUEL SERRANO MART\u00cdN. El escritor nos da una muestra tras publicar un libro.<\/u><\/em><\/strong><\/h1>\n<h2><strong><em><u><img fetchpriority=\"high\" decoding=\"async\" class=\"alignnone size-full wp-image-49\" src=\"https:\/\/nuestrosescritores.com\/miguelserranomartin\/wp-content\/uploads\/sites\/23\/2020\/01\/0_Portada_Anclado-1.jpg\" alt=\"\" width=\"559\" height=\"794\">Poes\u00eda del libro ANCLADO de MIGUEL SERRANO MART\u00cdN El poeta nos da una muestra tras publicar un libro.<\/u><\/em><\/strong><\/h2>\n<h3><strong><em><u>Poes\u00eda del libro ANCLADO de MIGUEL SERRANO MART\u00cdN El autor nos da una muestra tras publicar un libro.<\/u><\/em><\/strong><\/h3>\n<h4><strong><em><u>Poes\u00eda del libro ANCLADO de MIGUEL SERRANO MART\u00cdN El autor nos da una muestra tras publicar un libro.<\/u><\/em><\/strong><\/h4>\n<h5><strong><em><u>Poes\u00eda del libro ANCLADO de MIGUEL SERRANO MART\u00cdN El autor nos da una muestra tras publicar un libro.<\/u><\/em><\/strong><\/h5>\n[\/vc_column_text][\/vc_column][\/vc_row][vc_row full_width=&#8221;stretch_row_content_no_spaces&#8221;][vc_column extend=&#8221;false&#8221;]<div class='gambit_parallax_row' data-bg-align='' data-direction='fixed' data-opacity='100' data-velocity='-0.3' data-mobile-enabled='' data-bg-height='1068' data-bg-width='1600' data-bg-image='https:\/\/nuestrosescritores.com\/miguelserranomartin\/wp-content\/uploads\/sites\/23\/2020\/01\/esq0ovry-zs.jpg' data-bg-repeat='false' data-id='' style='display: none'><\/div><div class=\"gambit_fullheight_row\" data-content-location=\"center\" style=\"display: none\"><\/div>[\/vc_column][\/vc_row][vc_row][vc_column extend=&#8221;false&#8221;][vc_column_text]\n<h1>Ten\u00eda que volver a hacerlo<\/h1>\n<p>Dije que no volver\u00eda a plasmar(te) mis sentimientos, dije que no porque ser\u00eda un acto suicida y ya he tenido bastantes tendencias suicidas.<\/p>\n<p>Es ir\u00f3nico ver c\u00f3mo eres mi cuchilla y a la vez la voz que dice \u201cno lo hagas, t\u00fa puedes\u201d. Y sin hacerlo, tengo el coraz\u00f3n cortado en mil pedazos, roto y vaya trozos, pero qu\u00e9 manos tienes y espinas, que sabes coserme a la perfecci\u00f3n y qu\u00e9 bien sientas. Aunque sabes descoser y eso es un gran problema.<\/p>\n<p>Y lo s\u00e9.<\/p>\n<p>&nbsp;<\/p>\n<p>&nbsp;<\/p>\n<span class='bctt-click-to-tweet'><span class='bctt-ctt-text'><a href='https:\/\/x.com\/intent\/tweet?url=https%3A%2F%2Fnuestrosescritores.com%2Fmiguelserranomartin%2Fpoesia%2F&#038;text=Ten%C3%ADa%20que%20volver%20a%20hacerlo%C2%A0del%20libro%20ANCLADO%20de%20MIGUEL%20SERRANO%20MART%C3%8DN&#038;via=poesiaerestu&#038;related=poesiaerestu' target='_blank'rel=\"noopener noreferrer\">Ten\u00eda que volver a hacerlo&nbsp;del libro ANCLADO de MIGUEL SERRANO MART\u00cdN <\/a><\/span><a href='https:\/\/x.com\/intent\/tweet?url=https%3A%2F%2Fnuestrosescritores.com%2Fmiguelserranomartin%2Fpoesia%2F&#038;text=Ten%C3%ADa%20que%20volver%20a%20hacerlo%C2%A0del%20libro%20ANCLADO%20de%20MIGUEL%20SERRANO%20MART%C3%8DN&#038;via=poesiaerestu&#038;related=poesiaerestu' target='_blank' class='bctt-ctt-btn'rel=\"noopener noreferrer\">Compartir en X<\/a><\/span>\n<p>&nbsp;[\/vc_column_text][\/vc_column][\/vc_row][vc_row full_width=&#8221;stretch_row_content_no_spaces&#8221;][vc_column extend=&#8221;false&#8221;]<div class='gambit_parallax_row' data-bg-align='' data-direction='fixed' data-opacity='100' data-velocity='-0.3' data-mobile-enabled='' data-bg-height='1200' data-bg-width='797' data-bg-image='https:\/\/nuestrosescritores.com\/miguelserranomartin\/wp-content\/uploads\/sites\/23\/2020\/01\/6dtqbgj1hws.jpg' data-bg-repeat='false' data-id='' style='display: none'><\/div><div class=\"gambit_fullheight_row\" data-content-location=\"center\" style=\"display: none\"><\/div>[\/vc_column][\/vc_row][vc_row][vc_column extend=&#8221;false&#8221;][vc_column_text]\n<h1><a name=\"_Toc29838859\"><\/a><a name=\"_Toc29462477\"><\/a><strong>Mundo<\/strong><\/h1>\n<p>&nbsp;<\/p>\n<p>Cada uno en una punta del mundo y a la vez tan cerca y si no fuera por la focalizaci\u00f3n me llamar\u00eda protagonista de la historia, aunque no el principal, tambi\u00e9n est\u00e1s t\u00fa.<\/p>\n<p>&nbsp;<\/p>\n<p>Digamos que no vuelves a buscarme despu\u00e9s de un le\u00eddo, digamos que no te caliento el Nesquik al desayunar o que no te doy un beso de buenos d\u00edas.<\/p>\n<p>&nbsp;<\/p>\n<p>Entre otras cosas cabe destacar que cuando me besas se me derrite el coraz\u00f3n y eso que no lo haces desde hace tiempo, pero aun as\u00ed mis labios recuerdan los tuyos, lo mucho que te gustaba mord\u00e9rmelos. Tambi\u00e9n te gusta que te abrace cuando duermes y a m\u00ed me gusta hacerlo, no s\u00e9 por qu\u00e9 ser\u00e1, pero te juro que las mariposas estaban excitadas en ese momento e incluso nos envidiaban los dioses de verte en mis brazos, con mi camiseta de tirantes.<\/p>\n<p>&nbsp;<\/p>\n<p>Me he convertido en narrador protagonista y lo siento, pero solo quiero hablar de ti conmigo.<\/p>\n<span class='bctt-click-to-tweet'><span class='bctt-ctt-text'><a href='https:\/\/x.com\/intent\/tweet?url=https%3A%2F%2Fnuestrosescritores.com%2Fmiguelserranomartin%2Fpoesia%2F&#038;text=Mundo%20del%20libro%20ANCLADO%20de%20MIGUEL%20SERRANO%20MART%C3%8DN&#038;via=poesiaerestu&#038;related=poesiaerestu' target='_blank'rel=\"noopener noreferrer\">Mundo del libro ANCLADO de MIGUEL SERRANO MART\u00cdN <\/a><\/span><a href='https:\/\/x.com\/intent\/tweet?url=https%3A%2F%2Fnuestrosescritores.com%2Fmiguelserranomartin%2Fpoesia%2F&#038;text=Mundo%20del%20libro%20ANCLADO%20de%20MIGUEL%20SERRANO%20MART%C3%8DN&#038;via=poesiaerestu&#038;related=poesiaerestu' target='_blank' class='bctt-ctt-btn'rel=\"noopener noreferrer\">Compartir en X<\/a><\/span>\n<p>&nbsp;<\/p>\n<p>&nbsp;[\/vc_column_text][\/vc_column][\/vc_row][vc_row][vc_column extend=&#8221;false&#8221;]<div class='gambit_parallax_row' data-bg-align='' data-direction='fixed' data-opacity='100' data-velocity='-0.3' data-mobile-enabled='' data-bg-height='1200' data-bg-width='800' data-bg-image='https:\/\/nuestrosescritores.com\/miguelserranomartin\/wp-content\/uploads\/sites\/23\/2020\/01\/8irlhndhh2w.jpg' data-bg-repeat='false' data-id='' style='display: none'><\/div><div class=\"gambit_fullheight_row\" data-content-location=\"center\" style=\"display: none\"><\/div>[\/vc_column][\/vc_row][vc_row][vc_column extend=&#8221;false&#8221;][vc_column_text]\n<h1><a name=\"_Toc29838864\"><\/a><a name=\"_Toc29462481\"><\/a><strong>El hurac\u00e1n de un pesta\u00f1eo<\/strong><\/h1>\n<p>&nbsp;<\/p>\n<p>Ahora entiendo eso de que un simple pesta\u00f1eo puede traer un hurac\u00e1n. Ahora que has arrasado con lo poco que ten\u00eda de m\u00ed y me has dejado patas arriba y con unas composiciones a medias que iban para ti.<\/p>\n<p>&nbsp;<\/p>\n<p>Ahora que te has ido, entiendo el porqu\u00e9 y el porqu\u00e9 de estar malherido despu\u00e9s de haber visto c\u00f3mo te apoyabas en mi pecho para dormir o para romperle a\u00fan m\u00e1s. Tranquila, que si tu mayor preocupaci\u00f3n es volver a verme no lo har\u00e1s, pero te escribir\u00e9, le escribir\u00e9 a esa chica que con un simple pesta\u00f1eo hizo que vinieran a m\u00ed las mariposas para luego mandar un hurac\u00e1n que arrase con ellas.<\/p>\n<p>&nbsp;<\/p>\n<p>&nbsp;<\/p>\n<p>&nbsp;<\/p>\n<p>&nbsp;<\/p>\n<p>&nbsp;<\/p>\n<span class='bctt-click-to-tweet'><span class='bctt-ctt-text'><a href='https:\/\/x.com\/intent\/tweet?url=https%3A%2F%2Fnuestrosescritores.com%2Fmiguelserranomartin%2Fpoesia%2F&#038;text=El%20hurac%C3%A1n%20de%20un%20pesta%C3%B1eo%20del%20libro%20ANCLADO%20de%20MIGUEL%20SERRANO%20MART%C3%8DN&#038;via=poesiaerestu&#038;related=poesiaerestu' target='_blank'rel=\"noopener noreferrer\">El hurac\u00e1n de un pesta\u00f1eo del libro ANCLADO de MIGUEL SERRANO MART\u00cdN <\/a><\/span><a href='https:\/\/x.com\/intent\/tweet?url=https%3A%2F%2Fnuestrosescritores.com%2Fmiguelserranomartin%2Fpoesia%2F&#038;text=El%20hurac%C3%A1n%20de%20un%20pesta%C3%B1eo%20del%20libro%20ANCLADO%20de%20MIGUEL%20SERRANO%20MART%C3%8DN&#038;via=poesiaerestu&#038;related=poesiaerestu' target='_blank' class='bctt-ctt-btn'rel=\"noopener noreferrer\">Compartir en X<\/a><\/span>[\/vc_column_text][\/vc_column][\/vc_row][vc_row][vc_column extend=&#8221;false&#8221;]<div class='gambit_parallax_row' data-bg-align='' data-direction='fixed' data-opacity='100' data-velocity='-0.3' data-mobile-enabled='' data-bg-height='1068' data-bg-width='1600' data-bg-image='https:\/\/nuestrosescritores.com\/miguelserranomartin\/wp-content\/uploads\/sites\/23\/2020\/01\/yiro6z_ksws.jpg' data-bg-repeat='false' data-id='' style='display: none'><\/div><div class=\"gambit_fullheight_row\" data-content-location=\"center\" style=\"display: none\"><\/div>[\/vc_column][\/vc_row][vc_row][vc_column extend=&#8221;false&#8221;][vc_column_text]\n<h1><a name=\"_Toc29838874\"><\/a><a name=\"_Toc29462490\"><\/a><strong>Art\u00edculo<\/strong><\/h1>\n<p>&nbsp;<\/p>\n<p>Podr\u00eda escribir sobre la gilipollez y seguro que me quedar\u00eda un texto, bueno, art\u00edculo buen\u00edsimo, pero prefiero hablar de lo gilipollas que soy siendo as\u00ed y este as\u00ed no s\u00e9 si refiere a mi parte emocional o cerebral. El caso es que paso de embellecer la palabra gilipollas y usarla para m\u00ed como un apelativo cari\u00f1oso, como si me quisiera cuando no es as\u00ed. Me estoy poniendo estas baladas para escribir todo lo que llevo dentro, para ser escritor, cuando puede que por no estudiar me quede como asignatura pendiente lengua. Me duele hablarte de esto cuando lo que busco es hablar conmigo para que me d\u00e9 alguna explicaci\u00f3n, para que verbalice que me est\u00e1 matando, para poder dejar de morir en silencio, para escucharle.<\/p>\n<p>&nbsp;<\/p>\n<p>&nbsp;<\/p>\n<p>&nbsp;<\/p>\n<p>&nbsp;<\/p>\n<p>&nbsp;<\/p>\n<span class='bctt-click-to-tweet'><span class='bctt-ctt-text'><a href='https:\/\/x.com\/intent\/tweet?url=https%3A%2F%2Fnuestrosescritores.com%2Fmiguelserranomartin%2Fpoesia%2F&#038;text=Art%C3%ADculo%20del%20libro%20ANCLADO%20de%20MIGUEL%20SERRANO%20MART%C3%8DN&#038;via=poesiaerestu&#038;related=poesiaerestu' target='_blank'rel=\"noopener noreferrer\">Art\u00edculo del libro ANCLADO de MIGUEL SERRANO MART\u00cdN <\/a><\/span><a href='https:\/\/x.com\/intent\/tweet?url=https%3A%2F%2Fnuestrosescritores.com%2Fmiguelserranomartin%2Fpoesia%2F&#038;text=Art%C3%ADculo%20del%20libro%20ANCLADO%20de%20MIGUEL%20SERRANO%20MART%C3%8DN&#038;via=poesiaerestu&#038;related=poesiaerestu' target='_blank' class='bctt-ctt-btn'rel=\"noopener noreferrer\">Compartir en X<\/a><\/span>[\/vc_column_text][\/vc_column][\/vc_row][vc_row][vc_column extend=&#8221;false&#8221;]<div class='gambit_parallax_row' data-bg-align='' data-direction='fixed' data-opacity='100' data-velocity='-0.3' data-mobile-enabled='' data-bg-height='900' data-bg-width='1600' data-bg-image='https:\/\/nuestrosescritores.com\/miguelserranomartin\/wp-content\/uploads\/sites\/23\/2020\/01\/wjffzqpgmxq.jpg' data-bg-repeat='false' data-id='' style='display: none'><\/div><div class=\"gambit_fullheight_row\" data-content-location=\"center\" style=\"display: none\"><\/div>[\/vc_column][\/vc_row][vc_row][vc_column extend=&#8221;false&#8221;][vc_column_text]\n<h1><a name=\"_Toc7199268\"><\/a><\/h1>\n<h1><a name=\"_Toc29838881\"><\/a><a name=\"_Toc29462495\"><\/a><strong>1\u00ba<\/strong><\/h1>\n<p>&nbsp;<\/p>\n<p>Ella solo quer\u00eda que le bajasen la luna, \u00e9l se hab\u00eda estrellado de bruces con la realidad.<\/p>\n<p>&nbsp;<\/p>\n<p>Viv\u00edan en una realidad paralela en la que ella viv\u00eda en el mundo de la fantas\u00eda en la que Disney existe y la realidad s\u00ed supera a la ficci\u00f3n.<\/p>\n<p>&nbsp;<\/p>\n<p>\u00c9l mientras tanto se hab\u00eda convertido en astronauta solo para hacerla sonre\u00edr. Hab\u00eda dejado la realidad para cogerle la mano a ella.<\/p>\n<p>&nbsp;<\/p>\n<p>Finalmente, no le baj\u00f3 la luna, pero s\u00ed la ayud\u00f3 a alcanzarla.<\/p>\n<p>&nbsp;<\/p>\n<p>&nbsp;<\/p>\n<p>&nbsp;<\/p>\n<p>&nbsp;<\/p>\n<p>&nbsp;<\/p>\n<p>&nbsp;<\/p>\n<span class='bctt-click-to-tweet'><span class='bctt-ctt-text'><a href='https:\/\/x.com\/intent\/tweet?url=https%3A%2F%2Fnuestrosescritores.com%2Fmiguelserranomartin%2Fpoesia%2F&#038;text=1%C2%BA%20del%20libro%20ANCLADO%20de%20MIGUEL%20SERRANO%20MART%C3%8DN&#038;via=poesiaerestu&#038;related=poesiaerestu' target='_blank'rel=\"noopener noreferrer\">1\u00ba del libro ANCLADO de MIGUEL SERRANO MART\u00cdN <\/a><\/span><a href='https:\/\/x.com\/intent\/tweet?url=https%3A%2F%2Fnuestrosescritores.com%2Fmiguelserranomartin%2Fpoesia%2F&#038;text=1%C2%BA%20del%20libro%20ANCLADO%20de%20MIGUEL%20SERRANO%20MART%C3%8DN&#038;via=poesiaerestu&#038;related=poesiaerestu' target='_blank' class='bctt-ctt-btn'rel=\"noopener noreferrer\">Compartir en X<\/a><\/span>[\/vc_column_text][\/vc_column][\/vc_row][vc_row][vc_column extend=&#8221;false&#8221;]<div class='gambit_parallax_row' data-bg-align='' data-direction='fixed' data-opacity='100' data-velocity='-0.3' data-mobile-enabled='' data-bg-height='399' data-bg-width='1366' data-bg-image='https:\/\/nuestrosescritores.com\/miguelserranomartin\/wp-content\/uploads\/sites\/23\/2020\/01\/MG_4047_VectorArt_SSquare_ALARGADO-Mediano.jpg' data-bg-repeat='false' data-id='' style='display: none'><\/div><div class=\"gambit_fullheight_row\" data-content-location=\"center\" style=\"display: none\"><\/div>[vc_column_text]\n<p style=\"text-align: center;\"><a class=\"fasc-button fasc-size-xlarge fasc-type-glossy fasc-rounded-medium\" style=\"background-color: #33809e; color: #ffffff;\" href=\"https:\/\/librodepoesia.com\/producto\/anclado-miguel-serrano-martin\/\">Comprar el libro<\/a><\/p>\n[\/vc_column_text][\/vc_column][\/vc_row][vc_row][vc_column extend=&#8221;false&#8221;][vc_column_text css=&#8221;.vc_custom_1549215104378{margin-top: -30000px !important;}&#8221;]\n<h1><strong><em><u>Poes\u00eda del libro ANCLADO de MIGUEL SERRANO MART\u00cdN. El escritor nos da una muestra tras publicar un libro.<\/u><\/em><\/strong><\/h1>\n<h2><strong><em><u>Poes\u00eda del libro ANCLADO de MIGUEL SERRANO MART\u00cdN El poeta nos da una muestra tras publicar un libro.<\/u><\/em><\/strong><\/h2>\n<h3><strong><em><u>Poes\u00eda del libro ANCLADO de MIGUEL SERRANO MART\u00cdN El autor nos da una muestra tras publicar un libro.<\/u><\/em><\/strong><\/h3>\n<h4><strong><em><u>Poes\u00eda del libro ANCLADO de MIGUEL SERRANO MART\u00cdN El autor nos da una muestra tras publicar un libro.<\/u><\/em><\/strong><\/h4>\n<h5><strong><em><u>Poes\u00eda del libro ANCLADO de MIGUEL SERRANO MART\u00cdN El autor nos da una muestra tras publicar un libro.<\/u><\/em><\/strong><\/h5>\n[\/vc_column_text][\/vc_column][\/vc_row]\n<\/div>","protected":false},"excerpt":{"rendered":"<p>[vc_row][vc_column extend=&#8221;false&#8221;][vc_column_text css=&#8221;.vc_custom_1574620857038{margin-top: -30000px !important;}&#8221;] Poes\u00eda del libro ANCLADO de MIGUEL SERRANO MART\u00cdN. El escritor nos da una muestra tras publicar un libro. Poes\u00eda del libro ANCLADO de MIGUEL SERRANO MART\u00cdN El poeta nos da una muestra tras publicar un libro. Poes\u00eda del libro ANCLADO de MIGUEL SERRANO MART\u00cdN El autor nos da una muestra [&hellip;]<\/p>\n","protected":false},"author":1,"featured_media":0,"parent":0,"menu_order":3,"comment_status":"closed","ping_status":"closed","template":"","meta":{"_acf_changed":false,"footnotes":""},"class_list":["post-78","page","type-page","status-publish","hentry"],"acf":[],"yoast_head":"<!-- This site is optimized with the Yoast SEO Premium plugin v24.7 (Yoast SEO v27.6) - https:\/\/yoast.com\/product\/yoast-seo-premium-wordpress\/ -->\n<title>Poes\u00eda - Miguel Serrano Mart\u00edn<\/title>\n<meta name=\"description\" content=\"Poes\u00eda del libro ANCLADO el autor Miguel Serrano Mart\u00edn nos da una muestra tras publicar un libro con la Editorial Poes\u00eda eres t\u00fa en el a\u00f1o 2020.\" \/>\n<meta name=\"robots\" content=\"index, follow, max-snippet:-1, max-image-preview:large, max-video-preview:-1\" \/>\n<link rel=\"canonical\" href=\"https:\/\/nuestrosescritores.com\/miguelserranomartin\/poesia\/\" \/>\n<meta property=\"og:locale\" content=\"es_ES\" \/>\n<meta property=\"og:type\" content=\"article\" \/>\n<meta property=\"og:title\" content=\"Poes\u00eda\" \/>\n<meta property=\"og:description\" content=\"Poes\u00eda del libro ANCLADO el autor Miguel Serrano Mart\u00edn nos da una muestra tras publicar un libro con la Editorial Poes\u00eda eres t\u00fa en el a\u00f1o 2020.\" \/>\n<meta property=\"og:url\" content=\"https:\/\/nuestrosescritores.com\/miguelserranomartin\/poesia\/\" \/>\n<meta property=\"og:site_name\" content=\"Miguel Serrano Mart\u00edn\" \/>\n<meta property=\"article:modified_time\" content=\"2020-01-26T12:05:27+00:00\" \/>\n<meta property=\"og:image\" content=\"https:\/\/nuestrosescritores.com\/miguelserranomartin\/wp-content\/uploads\/sites\/23\/2020\/01\/0_Portada_Anclado-1.jpg\" \/>\n<meta name=\"twitter:card\" content=\"summary_large_image\" \/>\n<meta name=\"twitter:label1\" content=\"Tiempo de lectura\" \/>\n\t<meta name=\"twitter:data1\" content=\"6 minutos\" \/>\n<script type=\"application\/ld+json\" class=\"yoast-schema-graph\">{\"@context\":\"https:\\\/\\\/schema.org\",\"@graph\":[{\"@type\":\"WebPage\",\"@id\":\"https:\\\/\\\/nuestrosescritores.com\\\/miguelserranomartin\\\/poesia\\\/\",\"url\":\"https:\\\/\\\/nuestrosescritores.com\\\/miguelserranomartin\\\/poesia\\\/\",\"name\":\"Poes\u00eda - Miguel Serrano Mart\u00edn\",\"isPartOf\":{\"@id\":\"https:\\\/\\\/nuestrosescritores.com\\\/miguelserranomartin\\\/#website\"},\"primaryImageOfPage\":{\"@id\":\"https:\\\/\\\/nuestrosescritores.com\\\/miguelserranomartin\\\/poesia\\\/#primaryimage\"},\"image\":{\"@id\":\"https:\\\/\\\/nuestrosescritores.com\\\/miguelserranomartin\\\/poesia\\\/#primaryimage\"},\"thumbnailUrl\":\"https:\\\/\\\/nuestrosescritores.com\\\/miguelserranomartin\\\/wp-content\\\/uploads\\\/sites\\\/23\\\/2020\\\/01\\\/0_Portada_Anclado-1.jpg\",\"datePublished\":\"2020-01-26T11:51:27+00:00\",\"dateModified\":\"2020-01-26T12:05:27+00:00\",\"description\":\"Poes\u00eda del libro ANCLADO el autor Miguel Serrano Mart\u00edn nos da una muestra tras publicar un libro con la Editorial Poes\u00eda eres t\u00fa en el a\u00f1o 2020.\",\"breadcrumb\":{\"@id\":\"https:\\\/\\\/nuestrosescritores.com\\\/miguelserranomartin\\\/poesia\\\/#breadcrumb\"},\"inLanguage\":\"es\",\"potentialAction\":[{\"@type\":\"ReadAction\",\"target\":[\"https:\\\/\\\/nuestrosescritores.com\\\/miguelserranomartin\\\/poesia\\\/\"]}]},{\"@type\":\"ImageObject\",\"inLanguage\":\"es\",\"@id\":\"https:\\\/\\\/nuestrosescritores.com\\\/miguelserranomartin\\\/poesia\\\/#primaryimage\",\"url\":\"https:\\\/\\\/nuestrosescritores.com\\\/miguelserranomartin\\\/wp-content\\\/uploads\\\/sites\\\/23\\\/2020\\\/01\\\/0_Portada_Anclado-1.jpg\",\"contentUrl\":\"https:\\\/\\\/nuestrosescritores.com\\\/miguelserranomartin\\\/wp-content\\\/uploads\\\/sites\\\/23\\\/2020\\\/01\\\/0_Portada_Anclado-1.jpg\",\"width\":559,\"height\":794},{\"@type\":\"BreadcrumbList\",\"@id\":\"https:\\\/\\\/nuestrosescritores.com\\\/miguelserranomartin\\\/poesia\\\/#breadcrumb\",\"itemListElement\":[{\"@type\":\"ListItem\",\"position\":1,\"name\":\"Portada\",\"item\":\"https:\\\/\\\/nuestrosescritores.com\\\/miguelserranomartin\\\/\"},{\"@type\":\"ListItem\",\"position\":2,\"name\":\"Poes\u00eda\"}]},{\"@type\":\"WebSite\",\"@id\":\"https:\\\/\\\/nuestrosescritores.com\\\/miguelserranomartin\\\/#website\",\"url\":\"https:\\\/\\\/nuestrosescritores.com\\\/miguelserranomartin\\\/\",\"name\":\"Nuestros escritores\",\"description\":\"Escritor\",\"potentialAction\":[{\"@type\":\"SearchAction\",\"target\":{\"@type\":\"EntryPoint\",\"urlTemplate\":\"https:\\\/\\\/nuestrosescritores.com\\\/miguelserranomartin\\\/?s={search_term_string}\"},\"query-input\":{\"@type\":\"PropertyValueSpecification\",\"valueRequired\":true,\"valueName\":\"search_term_string\"}}],\"inLanguage\":\"es\"}]}<\/script>\n<!-- \/ Yoast SEO Premium plugin. -->","yoast_head_json":{"title":"Poes\u00eda - Miguel Serrano Mart\u00edn","description":"Poes\u00eda del libro ANCLADO el autor Miguel Serrano Mart\u00edn nos da una muestra tras publicar un libro con la Editorial Poes\u00eda eres t\u00fa en el a\u00f1o 2020.","robots":{"index":"index","follow":"follow","max-snippet":"max-snippet:-1","max-image-preview":"max-image-preview:large","max-video-preview":"max-video-preview:-1"},"canonical":"https:\/\/nuestrosescritores.com\/miguelserranomartin\/poesia\/","og_locale":"es_ES","og_type":"article","og_title":"Poes\u00eda","og_description":"Poes\u00eda del libro ANCLADO el autor Miguel Serrano Mart\u00edn nos da una muestra tras publicar un libro con la Editorial Poes\u00eda eres t\u00fa en el a\u00f1o 2020.","og_url":"https:\/\/nuestrosescritores.com\/miguelserranomartin\/poesia\/","og_site_name":"Miguel Serrano Mart\u00edn","article_modified_time":"2020-01-26T12:05:27+00:00","og_image":[{"url":"https:\/\/nuestrosescritores.com\/miguelserranomartin\/wp-content\/uploads\/sites\/23\/2020\/01\/0_Portada_Anclado-1.jpg","type":"","width":"","height":""}],"twitter_card":"summary_large_image","twitter_misc":{"Tiempo de lectura":"6 minutos"},"schema":{"@context":"https:\/\/schema.org","@graph":[{"@type":"WebPage","@id":"https:\/\/nuestrosescritores.com\/miguelserranomartin\/poesia\/","url":"https:\/\/nuestrosescritores.com\/miguelserranomartin\/poesia\/","name":"Poes\u00eda - Miguel Serrano Mart\u00edn","isPartOf":{"@id":"https:\/\/nuestrosescritores.com\/miguelserranomartin\/#website"},"primaryImageOfPage":{"@id":"https:\/\/nuestrosescritores.com\/miguelserranomartin\/poesia\/#primaryimage"},"image":{"@id":"https:\/\/nuestrosescritores.com\/miguelserranomartin\/poesia\/#primaryimage"},"thumbnailUrl":"https:\/\/nuestrosescritores.com\/miguelserranomartin\/wp-content\/uploads\/sites\/23\/2020\/01\/0_Portada_Anclado-1.jpg","datePublished":"2020-01-26T11:51:27+00:00","dateModified":"2020-01-26T12:05:27+00:00","description":"Poes\u00eda del libro ANCLADO el autor Miguel Serrano Mart\u00edn nos da una muestra tras publicar un libro con la Editorial Poes\u00eda eres t\u00fa en el a\u00f1o 2020.","breadcrumb":{"@id":"https:\/\/nuestrosescritores.com\/miguelserranomartin\/poesia\/#breadcrumb"},"inLanguage":"es","potentialAction":[{"@type":"ReadAction","target":["https:\/\/nuestrosescritores.com\/miguelserranomartin\/poesia\/"]}]},{"@type":"ImageObject","inLanguage":"es","@id":"https:\/\/nuestrosescritores.com\/miguelserranomartin\/poesia\/#primaryimage","url":"https:\/\/nuestrosescritores.com\/miguelserranomartin\/wp-content\/uploads\/sites\/23\/2020\/01\/0_Portada_Anclado-1.jpg","contentUrl":"https:\/\/nuestrosescritores.com\/miguelserranomartin\/wp-content\/uploads\/sites\/23\/2020\/01\/0_Portada_Anclado-1.jpg","width":559,"height":794},{"@type":"BreadcrumbList","@id":"https:\/\/nuestrosescritores.com\/miguelserranomartin\/poesia\/#breadcrumb","itemListElement":[{"@type":"ListItem","position":1,"name":"Portada","item":"https:\/\/nuestrosescritores.com\/miguelserranomartin\/"},{"@type":"ListItem","position":2,"name":"Poes\u00eda"}]},{"@type":"WebSite","@id":"https:\/\/nuestrosescritores.com\/miguelserranomartin\/#website","url":"https:\/\/nuestrosescritores.com\/miguelserranomartin\/","name":"Nuestros escritores","description":"Escritor","potentialAction":[{"@type":"SearchAction","target":{"@type":"EntryPoint","urlTemplate":"https:\/\/nuestrosescritores.com\/miguelserranomartin\/?s={search_term_string}"},"query-input":{"@type":"PropertyValueSpecification","valueRequired":true,"valueName":"search_term_string"}}],"inLanguage":"es"}]}},"_links":{"self":[{"href":"https:\/\/nuestrosescritores.com\/miguelserranomartin\/wp-json\/wp\/v2\/pages\/78","targetHints":{"allow":["GET"]}}],"collection":[{"href":"https:\/\/nuestrosescritores.com\/miguelserranomartin\/wp-json\/wp\/v2\/pages"}],"about":[{"href":"https:\/\/nuestrosescritores.com\/miguelserranomartin\/wp-json\/wp\/v2\/types\/page"}],"author":[{"embeddable":true,"href":"https:\/\/nuestrosescritores.com\/miguelserranomartin\/wp-json\/wp\/v2\/users\/1"}],"replies":[{"embeddable":true,"href":"https:\/\/nuestrosescritores.com\/miguelserranomartin\/wp-json\/wp\/v2\/comments?post=78"}],"version-history":[{"count":0,"href":"https:\/\/nuestrosescritores.com\/miguelserranomartin\/wp-json\/wp\/v2\/pages\/78\/revisions"}],"wp:attachment":[{"href":"https:\/\/nuestrosescritores.com\/miguelserranomartin\/wp-json\/wp\/v2\/media?parent=78"}],"curies":[{"name":"wp","href":"https:\/\/api.w.org\/{rel}","templated":true}]}}