{"id":45,"date":"2026-03-22T10:20:59","date_gmt":"2026-03-22T09:20:59","guid":{"rendered":"https:\/\/nuestrosescritores.com\/miareig\/?page_id=45"},"modified":"2026-03-22T12:51:16","modified_gmt":"2026-03-22T11:51:16","slug":"mia-reig","status":"publish","type":"page","link":"https:\/\/nuestrosescritores.com\/miareig\/","title":{"rendered":"Mia Reig"},"content":{"rendered":"<div class=\"wpb-content-wrapper\">[vc_row full_width=&#8221;stretch_row_content_no_spaces&#8221; full_height=&#8221;yes&#8221; equal_height=&#8221;yes&#8221;][vc_column extend=&#8221;false&#8221;][layerslider_vc id=&#8221;3&#8243;][layerslider_vc id=&#8221;1&#8243;][\/vc_column][\/vc_row][vc_row extend=&#8221;false&#8221; design__empty_1=&#8221;&#8221; background=&#8221;&#8221; background_image_type=&#8221;static&#8221; background_image__effect=&#8221;&#8221; bg_size=&#8221;initial&#8221; bg_position=&#8221;center-center&#8221; row_bg_image=&#8221;&#8221; bg_repeat=&#8221;no-repeat&#8221; background_image_type__bg_color=&#8221;rgba(255, 255, 255, 1)&#8221; row_bg_parallax_images=&#8221;&#8221; row_bg_slideshow_images=&#8221;&#8221; background_video_type=&#8221;youtube&#8221; background_video__youtube__url=&#8221;&#8221; background_video__youtube__parallax=&#8221;&#8221; background_video__youtube__options=&#8221;&#8221; background_video__youtube__fallback_image=&#8221;&#8221; background_video__hosted__mp4=&#8221;&#8221; background_video__hosted__webm=&#8221;&#8221; background_video__hosted__ogv=&#8221;&#8221; background_video__hosted__parallax=&#8221;&#8221; background_video__hosted__options=&#8221;&#8221; background_video__hosted__fallback_image=&#8221;&#8221; background_color_type=&#8221;color&#8221; bg__empty_1=&#8221;&#8221; background_color_type__gradient_color1=&#8221;rgba(44, 74, 228, 1)&#8221; background_color_type__gradient_color2=&#8221;rgba(44, 74, 228, 1)&#8221; background_color_type__color_color1=&#8221;rgba(44, 74, 228, 1)&#8221; bg__empty_2=&#8221;&#8221; background_color__effect=&#8221;&#8221; background_color__direction=&#8221;left-to-right&#8221; settings__tag_1=&#8221;&#8221; viewport_lg=&#8221;&#8221; viewport_md=&#8221;&#8221; viewport_sm=&#8221;&#8221; viewport_xs=&#8221;&#8221; settings__empty_1=&#8221;&#8221; version=&#8221;1&#8243;][vc_column width=&#8221;1\/2&#8243; extend=&#8221;false&#8221;]<div class=\"ult-content-box-container \" >\t\t<div class=\"ult-content-box\" style=\"background-color:rgba(255,255,255,0.49);box-shadow: px px 8px px #f2f2f2 none;border-style:none;-webkit-transition: all 700ms ease;-moz-transition: all 700ms ease;-ms-transition: all 700ms ease;-o-transition: all 700ms ease;transition: all 700ms ease;\"  data-hover_box_shadow=\"none\"     data-bg=\"rgba(255,255,255,0.49)\"  data-border_color=\"\" >[vc_column_text css=&#8221;.vc_custom_1774128063296{padding-top: 15% !important;padding-right: 15% !important;padding-bottom: 15% !important;padding-left: 15% !important;}&#8221;]<strong>MIA REIG<\/strong><\/p>\n<p>Hay escritores que publican su primer libro cuando todav\u00eda est\u00e1n aprendiendo a mirar. Mia Reig no. Cuando <em>Parajes Impares<\/em> llega a las librer\u00edas en 2026, la autora trae consigo m\u00e1s de dos d\u00e9cadas de trabajo en educaci\u00f3n inclusiva y pedagog\u00eda terap\u00e9utica \u2014un oficio que exige, antes que ninguna otra cosa, saber escuchar sin sustituir la experiencia del otro\u2014. Esa formaci\u00f3n no aparece en el poemario como tema declarado. Aparece como m\u00e9todo: como la decisi\u00f3n de no afirmar nunca una emoci\u00f3n sin antes encontrar el dato f\u00edsico que la hace irrefutable.<\/p>\n<p>Reig firma el libro bajo seud\u00f3nimo \u2014M. R. Reig Catal\u00e1 en los derechos de autor, Mia Reig en portada\u2014, lo que sugiere una voluntad de separar la persona civil de la voz po\u00e9tica. Pero el libro mismo traza coordenadas reconocibles: el Mediterr\u00e1neo valenciano, el olor a fresias blancas de un enero con sol, un limonero guardado para el padre, el amanecer de la Drova. Su mundo propio es el paraje liminal \u2014entre la p\u00e9rdida y la continuidad, entre la memoria privada y la justicia hist\u00f3rica\u2014 y ese territorio aparece en el libro con la precisi\u00f3n de quien lo conoce desde adentro, no desde la imaginaci\u00f3n. Su perfil completo puede consultarse en <a href=\"http:\/\/nuestrosescritores.com\/mia-reig\/\">nuestrosescritores.com\/mia-reig\/<\/a> <em>(enlace en verificaci\u00f3n)<\/em>.<\/p>\n<p>Lo que distingue a Mia Reig en el panorama actual de la poes\u00eda espa\u00f1ola no es la ruptura formal ni la voluntad de esc\u00e1ndalo: es la coherencia entre lo que sabe y c\u00f3mo lo dice. Escribi\u00f3, en uno de los poemas m\u00e1s personales del libro, que lo escribi\u00f3 <em>&#8220;en un pergamino de agua \/ para que se borre enseguida, \/ pues temo fracturar mi alma&#8221;<\/em> \u2014y sin embargo el libro existe, est\u00e1 encuadernado, tiene \u00edndice. Esa tensi\u00f3n entre el gesto fr\u00e1gil de la escritura y la permanencia de la publicaci\u00f3n define a una autora que no escribe para s\u00ed misma sino para que alguien que carga algo sin nombre encuentre la frase exacta que le faltaba.<\/p>\n<p>El libro cierra con un homenaje a Marga Gil Ro\u00ebsset, artista de la Generaci\u00f3n del 27 que muri\u00f3 a los veinticuatro a\u00f1os sin recibir el \u00fanico beso que ped\u00eda. Cerrar un debut con el rescate de otra mujer, en lugar de con un cierre sobre el yo po\u00e9tico, dice algo sobre qui\u00e9n escribe: alguien para quien la poes\u00eda no es exhibici\u00f3n sino custodio. Esa decisi\u00f3n, al final, es el retrato m\u00e1s fiel de Mia Reig.[\/vc_column_text][vc_column_text]\n<audio class=\"wp-audio-shortcode\" id=\"audio-45-1\" preload=\"none\" style=\"width: 100%;\" controls=\"controls\"><source type=\"audio\/mpeg\" src=\"https:\/\/nuestrosescritores.com\/miareig\/wp-content\/uploads\/sites\/235\/2026\/03\/Mia_Reig_y_su_debut_Parajes_Impares.mp3?_=1\" \/><a href=\"https:\/\/nuestrosescritores.com\/miareig\/wp-content\/uploads\/sites\/235\/2026\/03\/Mia_Reig_y_su_debut_Parajes_Impares.mp3\">https:\/\/nuestrosescritores.com\/miareig\/wp-content\/uploads\/sites\/235\/2026\/03\/Mia_Reig_y_su_debut_Parajes_Impares.mp3<\/a><\/audio>\n[\/vc_column_text]\t\t<\/div><\/div>[\/vc_column][vc_column width=&#8221;1\/2&#8243; extend=&#8221;false&#8221;]<div class=\"gambit_fullheight_row\" data-content-location=\"center\" style=\"display: none\"><\/div><div id=\"rowvcpt-row-settings\" class=\"rowvcpt-row-set RowVcPt-row-setting69fc6bc8a053e \" data-no=\"RowVcPt-row-setting69fc6bc8a053e\"><div  id=\"bgGallaryslide69fc6bc8a0542\" class=\"rowvcpt-slideshow \"><\/div><script type=\"text\/javascript\">\n(function($) {\n$(\"#bgGallaryslide69fc6bc8a0542\").vegas({\n        overlay: \"https:\/\/nuestrosescritores.com\/miareig\/wp-content\/plugins\/ultimate-row-background\/css\/overlays\/0'.esc_attr(1.png).'\",\n        transitionDuration: 4e3,\n        delay: 7000,\n        slides: [{src: \"https:\/\/nuestrosescritores.com\/miareig\/wp-content\/uploads\/sites\/235\/2026\/03\/ft_wn-k5yh8.jpg\",transition: \"fade2\",transitionDuration: 5000},{src: \"https:\/\/nuestrosescritores.com\/miareig\/wp-content\/uploads\/sites\/235\/2026\/03\/luguctvlk1q.jpg\",transition: \"fade2\",transitionDuration: 5000},{src: \"https:\/\/nuestrosescritores.com\/miareig\/wp-content\/uploads\/sites\/235\/2026\/03\/xoc43oalrhm.jpg\",transition: \"fade2\",transitionDuration: 5000},{src: \"https:\/\/nuestrosescritores.com\/miareig\/wp-content\/uploads\/sites\/235\/2026\/03\/uakr6ulqd7c.jpg\",transition: \"fade2\",transitionDuration: 5000},]\n    });\t\t\n})(jQuery);\n<\/script><div class=\"rowvcpt-overlay\" style=\"background:rgba(255,255,255,0.69)\"><\/div><\/div>[vc_single_image image=&#8221;46&#8243; img_size=&#8221;full&#8221; alignment=&#8221;center&#8221; css=&#8221;&#8221;][\/vc_column][\/vc_row][vc_row full_height=&#8221;yes&#8221; equal_height=&#8221;yes&#8221;][vc_column extend=&#8221;false&#8221;]<div id=\"rowvcpt-row-settings\" class=\"rowvcpt-row-set RowVcPt-row-setting69fc6bc8a1222 \" data-no=\"RowVcPt-row-setting69fc6bc8a1222\"><div class=\"columns-bg-wrap columns-bg-anim-colors columns-bg-image  columns_simple_image\" id=\"RowVcPt-image-bg-69fc6bc8a1221\"   data-parallax_sense=\"30\" src=\"https:\/\/nuestrosescritores.com\/miareig\/wp-content\/uploads\/sites\/235\/2026\/03\/1842261.jpg\" style=\"background-image: url(https:\/\/nuestrosescritores.com\/miareig\/wp-content\/uploads\/sites\/235\/2026\/03\/1842261.jpg);background-size: cover;background-attachment: fixed;\"><\/div><\/div>[\/vc_column][\/vc_row][vc_row][vc_column extend=&#8221;false&#8221;]<div class=\"gambit_fullheight_row\" data-content-location=\"center\" style=\"display: none\"><\/div><div id=\"rowvcpt-row-settings\" class=\"rowvcpt-row-set RowVcPt-row-setting69fc6bc8a14e5 \" data-no=\"RowVcPt-row-setting69fc6bc8a14e5\"><div  id=\"bgGallaryslide69fc6bc8a14e8\" class=\"rowvcpt-slideshow \"><\/div><script type=\"text\/javascript\">\n(function($) {\n$(\"#bgGallaryslide69fc6bc8a14e8\").vegas({\n        overlay: \"https:\/\/nuestrosescritores.com\/miareig\/wp-content\/plugins\/ultimate-row-background\/css\/overlays\/0'.esc_attr(1.png).'\",\n        transitionDuration: 4e3,\n        delay: 7000,\n        slides: [{src: \"https:\/\/nuestrosescritores.com\/miareig\/wp-content\/uploads\/sites\/235\/2026\/03\/2553425.jpeg\",transition: \"fade2\",transitionDuration: 5000},{src: \"https:\/\/nuestrosescritores.com\/miareig\/wp-content\/uploads\/sites\/235\/2026\/03\/7692084.jpeg\",transition: \"fade2\",transitionDuration: 5000},{src: \"https:\/\/nuestrosescritores.com\/miareig\/wp-content\/uploads\/sites\/235\/2026\/03\/36495159.jpeg\",transition: \"fade2\",transitionDuration: 5000},{src: \"https:\/\/nuestrosescritores.com\/miareig\/wp-content\/uploads\/sites\/235\/2026\/03\/31272389.jpeg\",transition: \"fade2\",transitionDuration: 5000},{src: \"https:\/\/nuestrosescritores.com\/miareig\/wp-content\/uploads\/sites\/235\/2026\/03\/1842261.jpg\",transition: \"fade2\",transitionDuration: 5000},]\n    });\t\t\n})(jQuery);\n<\/script><div class=\"rowvcpt-overlay\" style=\"background:rgba(255,255,255,0.69)\"><\/div><\/div><div id=\"uvc-type-wrap-4567\"  data-ultimate-target='#uvc-type-wrap-4567'  data-responsive-json-new='{\"font-size\":\"\",\"line-height\":\"\"}'  class=\"uvc-type-wrap vc_custom_1774128882605 ult-adjust-bottom-margin ult-responsive  uvc-type-align-center uvc-type-no-prefix uvc-wrap-213415651069fc6bc8a1fa7\" style=\"text-align:center;\"><span id=\"typed-213415651069fc6bc8a1fa7\" class=\"ultimate-typed-main \" style=\" font-weight:bold; text-transform: unset;\"><\/span><script type=\"text\/javascript\">\n\t\t\t\t\t\tjQuery(function($){ \n\t\t\t\t\t\t\t$(document).ready(function(){\n\t\t\t\t\t\t\t\tif( typeof jQuery(\"#typed-213415651069fc6bc8a1fa7\").typed == \"function\"){\n\t\t\t\t\t\t\t\t\t$(\"#typed-213415651069fc6bc8a1fa7\").typed({\n\t\t\t\t\t\t\t\t\t\tstrings: [\"Mia Reig (Gand\u00eda, la Safor) ha dedicado su vida profesional a la formaci\u00f3n en distintas etapas del sistema educativo y en diversos \u00e1mbitos. Su labor se ha centrado especialmente en la formaci\u00f3n de personas adultas, campo en el que ha desarrollado una amplia trayectoria docente.\",\"Su especializaci\u00f3n en pedagog\u00eda terap\u00e9utica la ha orientado tambi\u00e9n hacia la atenci\u00f3n educativa en el \u00e1mbito de la educaci\u00f3n inclusiva.\",\"Tras m\u00e1s de dos d\u00e9cadas dedicada a la vida acad\u00e9mica Parajes Impares es su primera incursi\u00f3n en la poes\u00eda.\"],\n\t\t\t\t\t\t\t\t\t\ttypeSpeed: 35,\n\t\t\t\t\t\t\t\t\t\tbackSpeed: 0,\n\t\t\t\t\t\t\t\t\t\tstartDelay: \"200\",\n\t\t\t\t\t\t\t\t\t\tbackDelay: \"1500\",\n\t\t\t\t\t\t\t\t\t\tloop: true,\n\t\t\t\t\t\t\t\t\t\tloopCount: false,\n\t\t\t\t\t\t\t\t\t\tshowCursor: true,\n\t\t\t\t\t\t\t\t\t\tcursorChar: \"|\",\n\t\t\t\t\t\t\t\t\t\tattr: null\n\t\t\t\t\t\t\t\t\t});\n\t\t\t\t\t\t\t\t}\n\t\t\t\t\t\t\t});\n\t\t\t\t\t\t});\n\t\t\t\t\t<\/script><\/div>[\/vc_column][\/vc_row][vc_row full_height=&#8221;yes&#8221; equal_height=&#8221;yes&#8221;][vc_column extend=&#8221;false&#8221;]<div id=\"rowvcpt-row-settings\" class=\"rowvcpt-row-set RowVcPt-row-setting69fc6bc8a21d9 \" data-no=\"RowVcPt-row-setting69fc6bc8a21d9\"><div class=\"columns-bg-wrap columns-bg-anim-colors columns-bg-image  columns_simple_image\" id=\"RowVcPt-image-bg-69fc6bc8a21d8\"   data-parallax_sense=\"30\" src=\"https:\/\/nuestrosescritores.com\/miareig\/wp-content\/uploads\/sites\/235\/2026\/03\/ft_wn-k5yh8.jpg\" style=\"background-image: url(https:\/\/nuestrosescritores.com\/miareig\/wp-content\/uploads\/sites\/235\/2026\/03\/ft_wn-k5yh8.jpg);background-position: left center;background-size: cover;background-attachment: fixed;\"><\/div><\/div>[vc_column_text css=&#8221;&#8221;]\n<p style=\"text-align: center;\"><a class=\"fasc-button fasc-size-xlarge fasc-type-glossy fasc-rounded-medium\" style=\"background-color: #2f9e38; color: #ffffff;\" href=\"https:\/\/librodepoesia.com\/libro\/parajes-impares-mia-reig\/\">COMPRA SUS LIBROS<\/a><\/p>\n[\/vc_column_text][\/vc_column][\/vc_row][vc_column extend=&#8221;false&#8221;][\/vc_column]\n<\/div>","protected":false},"excerpt":{"rendered":"<p>[vc_row full_width=&#8221;stretch_row_content_no_spaces&#8221; full_height=&#8221;yes&#8221; equal_height=&#8221;yes&#8221;][vc_column extend=&#8221;false&#8221;][layerslider_vc id=&#8221;3&#8243;][layerslider_vc id=&#8221;1&#8243;][\/vc_column][\/vc_row][vc_row extend=&#8221;false&#8221; design__empty_1=&#8221;&#8221; background=&#8221;&#8221; background_image_type=&#8221;static&#8221; background_image__effect=&#8221;&#8221; bg_size=&#8221;initial&#8221; bg_position=&#8221;center-center&#8221; row_bg_image=&#8221;&#8221; bg_repeat=&#8221;no-repeat&#8221; background_image_type__bg_color=&#8221;rgba(255, 255, 255, 1)&#8221; row_bg_parallax_images=&#8221;&#8221; row_bg_slideshow_images=&#8221;&#8221; background_video_type=&#8221;youtube&#8221; background_video__youtube__url=&#8221;&#8221; background_video__youtube__parallax=&#8221;&#8221; background_video__youtube__options=&#8221;&#8221; background_video__youtube__fallback_image=&#8221;&#8221; background_video__hosted__mp4=&#8221;&#8221; background_video__hosted__webm=&#8221;&#8221; background_video__hosted__ogv=&#8221;&#8221; background_video__hosted__parallax=&#8221;&#8221; background_video__hosted__options=&#8221;&#8221; background_video__hosted__fallback_image=&#8221;&#8221; background_color_type=&#8221;color&#8221; bg__empty_1=&#8221;&#8221; background_color_type__gradient_color1=&#8221;rgba(44, 74, 228, 1)&#8221; background_color_type__gradient_color2=&#8221;rgba(44, 74, 228, 1)&#8221; background_color_type__color_color1=&#8221;rgba(44, 74, 228, 1)&#8221; bg__empty_2=&#8221;&#8221; background_color__effect=&#8221;&#8221; background_color__direction=&#8221;left-to-right&#8221; settings__tag_1=&#8221;&#8221; viewport_lg=&#8221;&#8221; viewport_md=&#8221;&#8221; viewport_sm=&#8221;&#8221; viewport_xs=&#8221;&#8221; [&hellip;]<\/p>\n","protected":false},"author":1,"featured_media":46,"parent":0,"menu_order":0,"comment_status":"closed","ping_status":"closed","template":"","meta":{"_acf_changed":false,"footnotes":""},"class_list":["post-45","page","type-page","status-publish","has-post-thumbnail","hentry"],"acf":[],"yoast_head":"<!-- This site is optimized with the Yoast SEO Premium plugin v24.7 (Yoast SEO v27.5) - https:\/\/yoast.com\/product\/yoast-seo-premium-wordpress\/ -->\n<title>Mia Reig - Mia Reig<\/title>\n<meta name=\"robots\" content=\"index, follow, max-snippet:-1, max-image-preview:large, max-video-preview:-1\" \/>\n<link rel=\"canonical\" href=\"https:\/\/nuestrosescritores.com\/miareig\/\" \/>\n<meta property=\"og:locale\" content=\"es_ES\" \/>\n<meta property=\"og:type\" content=\"article\" \/>\n<meta property=\"og:title\" content=\"Mia Reig\" \/>\n<meta property=\"og:description\" content=\"[vc_row full_width=&#8221;stretch_row_content_no_spaces&#8221; full_height=&#8221;yes&#8221; equal_height=&#8221;yes&#8221;][vc_column extend=&#8221;false&#8221;][layerslider_vc id=&#8221;3&#8243;][layerslider_vc id=&#8221;1&#8243;][\/vc_column][\/vc_row][vc_row extend=&#8221;false&#8221; design__empty_1=&#8221;&#8221; background=&#8221;&#8221; background_image_type=&#8221;static&#8221; background_image__effect=&#8221;&#8221; bg_size=&#8221;initial&#8221; bg_position=&#8221;center-center&#8221; row_bg_image=&#8221;&#8221; bg_repeat=&#8221;no-repeat&#8221; background_image_type__bg_color=&#8221;rgba(255, 255, 255, 1)&#8221; row_bg_parallax_images=&#8221;&#8221; row_bg_slideshow_images=&#8221;&#8221; background_video_type=&#8221;youtube&#8221; background_video__youtube__url=&#8221;&#8221; background_video__youtube__parallax=&#8221;&#8221; background_video__youtube__options=&#8221;&#8221; background_video__youtube__fallback_image=&#8221;&#8221; background_video__hosted__mp4=&#8221;&#8221; background_video__hosted__webm=&#8221;&#8221; background_video__hosted__ogv=&#8221;&#8221; background_video__hosted__parallax=&#8221;&#8221; background_video__hosted__options=&#8221;&#8221; background_video__hosted__fallback_image=&#8221;&#8221; background_color_type=&#8221;color&#8221; bg__empty_1=&#8221;&#8221; background_color_type__gradient_color1=&#8221;rgba(44, 74, 228, 1)&#8221; background_color_type__gradient_color2=&#8221;rgba(44, 74, 228, 1)&#8221; background_color_type__color_color1=&#8221;rgba(44, 74, 228, 1)&#8221; bg__empty_2=&#8221;&#8221; background_color__effect=&#8221;&#8221; background_color__direction=&#8221;left-to-right&#8221; settings__tag_1=&#8221;&#8221; viewport_lg=&#8221;&#8221; viewport_md=&#8221;&#8221; viewport_sm=&#8221;&#8221; viewport_xs=&#8221;&#8221; [&hellip;]\" \/>\n<meta property=\"og:url\" content=\"https:\/\/nuestrosescritores.com\/miareig\/\" \/>\n<meta property=\"og:site_name\" content=\"Mia Reig\" \/>\n<meta property=\"article:modified_time\" content=\"2026-03-22T11:51:16+00:00\" \/>\n<meta property=\"og:image\" content=\"http:\/\/nuestrosescritores.com\/miareig\/wp-content\/uploads\/sites\/235\/2026\/03\/Firefly_Cambia-el-fondo-de-la-imagen-pon-un-fondo-claro-degradado-995208-Mediana.png\" \/>\n\t<meta property=\"og:image:width\" content=\"512\" \/>\n\t<meta property=\"og:image:height\" content=\"768\" \/>\n\t<meta property=\"og:image:type\" content=\"image\/png\" \/>\n<meta name=\"twitter:card\" content=\"summary_large_image\" \/>\n<meta name=\"twitter:label1\" content=\"Tiempo de lectura\" \/>\n\t<meta name=\"twitter:data1\" content=\"6 minutos\" \/>\n<script type=\"application\/ld+json\" class=\"yoast-schema-graph\">{\"@context\":\"https:\\\/\\\/schema.org\",\"@graph\":[{\"@type\":\"WebPage\",\"@id\":\"https:\\\/\\\/nuestrosescritores.com\\\/miareig\\\/\",\"url\":\"https:\\\/\\\/nuestrosescritores.com\\\/miareig\\\/\",\"name\":\"Mia Reig - Mia Reig\",\"isPartOf\":{\"@id\":\"https:\\\/\\\/nuestrosescritores.com\\\/miareig\\\/#website\"},\"primaryImageOfPage\":{\"@id\":\"https:\\\/\\\/nuestrosescritores.com\\\/miareig\\\/#primaryimage\"},\"image\":{\"@id\":\"https:\\\/\\\/nuestrosescritores.com\\\/miareig\\\/#primaryimage\"},\"thumbnailUrl\":\"https:\\\/\\\/nuestrosescritores.com\\\/miareig\\\/wp-content\\\/uploads\\\/sites\\\/235\\\/2026\\\/03\\\/Firefly_Cambia-el-fondo-de-la-imagen-pon-un-fondo-claro-degradado-995208-Mediana.png\",\"datePublished\":\"2026-03-22T09:20:59+00:00\",\"dateModified\":\"2026-03-22T11:51:16+00:00\",\"breadcrumb\":{\"@id\":\"https:\\\/\\\/nuestrosescritores.com\\\/miareig\\\/#breadcrumb\"},\"inLanguage\":\"es\",\"potentialAction\":[{\"@type\":\"ReadAction\",\"target\":[\"https:\\\/\\\/nuestrosescritores.com\\\/miareig\\\/\"]}]},{\"@type\":\"ImageObject\",\"inLanguage\":\"es\",\"@id\":\"https:\\\/\\\/nuestrosescritores.com\\\/miareig\\\/#primaryimage\",\"url\":\"https:\\\/\\\/nuestrosescritores.com\\\/miareig\\\/wp-content\\\/uploads\\\/sites\\\/235\\\/2026\\\/03\\\/Firefly_Cambia-el-fondo-de-la-imagen-pon-un-fondo-claro-degradado-995208-Mediana.png\",\"contentUrl\":\"https:\\\/\\\/nuestrosescritores.com\\\/miareig\\\/wp-content\\\/uploads\\\/sites\\\/235\\\/2026\\\/03\\\/Firefly_Cambia-el-fondo-de-la-imagen-pon-un-fondo-claro-degradado-995208-Mediana.png\",\"width\":512,\"height\":768},{\"@type\":\"BreadcrumbList\",\"@id\":\"https:\\\/\\\/nuestrosescritores.com\\\/miareig\\\/#breadcrumb\",\"itemListElement\":[{\"@type\":\"ListItem\",\"position\":1,\"name\":\"Portada\",\"item\":\"https:\\\/\\\/nuestrosescritores.com\\\/miareig\\\/\"},{\"@type\":\"ListItem\",\"position\":2,\"name\":\"Mia Reig\"}]},{\"@type\":\"WebSite\",\"@id\":\"https:\\\/\\\/nuestrosescritores.com\\\/miareig\\\/#website\",\"url\":\"https:\\\/\\\/nuestrosescritores.com\\\/miareig\\\/\",\"name\":\"Nuestros escritores\",\"description\":\"Escritora\",\"potentialAction\":[{\"@type\":\"SearchAction\",\"target\":{\"@type\":\"EntryPoint\",\"urlTemplate\":\"https:\\\/\\\/nuestrosescritores.com\\\/miareig\\\/?s={search_term_string}\"},\"query-input\":{\"@type\":\"PropertyValueSpecification\",\"valueRequired\":true,\"valueName\":\"search_term_string\"}}],\"inLanguage\":\"es\"}]}<\/script>\n<!-- \/ Yoast SEO Premium plugin. -->","yoast_head_json":{"title":"Mia Reig - Mia Reig","robots":{"index":"index","follow":"follow","max-snippet":"max-snippet:-1","max-image-preview":"max-image-preview:large","max-video-preview":"max-video-preview:-1"},"canonical":"https:\/\/nuestrosescritores.com\/miareig\/","og_locale":"es_ES","og_type":"article","og_title":"Mia Reig","og_description":"[vc_row full_width=&#8221;stretch_row_content_no_spaces&#8221; full_height=&#8221;yes&#8221; equal_height=&#8221;yes&#8221;][vc_column extend=&#8221;false&#8221;][layerslider_vc id=&#8221;3&#8243;][layerslider_vc id=&#8221;1&#8243;][\/vc_column][\/vc_row][vc_row extend=&#8221;false&#8221; design__empty_1=&#8221;&#8221; background=&#8221;&#8221; background_image_type=&#8221;static&#8221; background_image__effect=&#8221;&#8221; bg_size=&#8221;initial&#8221; bg_position=&#8221;center-center&#8221; row_bg_image=&#8221;&#8221; bg_repeat=&#8221;no-repeat&#8221; background_image_type__bg_color=&#8221;rgba(255, 255, 255, 1)&#8221; row_bg_parallax_images=&#8221;&#8221; row_bg_slideshow_images=&#8221;&#8221; background_video_type=&#8221;youtube&#8221; background_video__youtube__url=&#8221;&#8221; background_video__youtube__parallax=&#8221;&#8221; background_video__youtube__options=&#8221;&#8221; background_video__youtube__fallback_image=&#8221;&#8221; background_video__hosted__mp4=&#8221;&#8221; background_video__hosted__webm=&#8221;&#8221; background_video__hosted__ogv=&#8221;&#8221; background_video__hosted__parallax=&#8221;&#8221; background_video__hosted__options=&#8221;&#8221; background_video__hosted__fallback_image=&#8221;&#8221; background_color_type=&#8221;color&#8221; bg__empty_1=&#8221;&#8221; background_color_type__gradient_color1=&#8221;rgba(44, 74, 228, 1)&#8221; background_color_type__gradient_color2=&#8221;rgba(44, 74, 228, 1)&#8221; background_color_type__color_color1=&#8221;rgba(44, 74, 228, 1)&#8221; bg__empty_2=&#8221;&#8221; background_color__effect=&#8221;&#8221; background_color__direction=&#8221;left-to-right&#8221; settings__tag_1=&#8221;&#8221; viewport_lg=&#8221;&#8221; viewport_md=&#8221;&#8221; viewport_sm=&#8221;&#8221; viewport_xs=&#8221;&#8221; [&hellip;]","og_url":"https:\/\/nuestrosescritores.com\/miareig\/","og_site_name":"Mia Reig","article_modified_time":"2026-03-22T11:51:16+00:00","og_image":[{"width":512,"height":768,"url":"http:\/\/nuestrosescritores.com\/miareig\/wp-content\/uploads\/sites\/235\/2026\/03\/Firefly_Cambia-el-fondo-de-la-imagen-pon-un-fondo-claro-degradado-995208-Mediana.png","type":"image\/png"}],"twitter_card":"summary_large_image","twitter_misc":{"Tiempo de lectura":"6 minutos"},"schema":{"@context":"https:\/\/schema.org","@graph":[{"@type":"WebPage","@id":"https:\/\/nuestrosescritores.com\/miareig\/","url":"https:\/\/nuestrosescritores.com\/miareig\/","name":"Mia Reig - Mia Reig","isPartOf":{"@id":"https:\/\/nuestrosescritores.com\/miareig\/#website"},"primaryImageOfPage":{"@id":"https:\/\/nuestrosescritores.com\/miareig\/#primaryimage"},"image":{"@id":"https:\/\/nuestrosescritores.com\/miareig\/#primaryimage"},"thumbnailUrl":"https:\/\/nuestrosescritores.com\/miareig\/wp-content\/uploads\/sites\/235\/2026\/03\/Firefly_Cambia-el-fondo-de-la-imagen-pon-un-fondo-claro-degradado-995208-Mediana.png","datePublished":"2026-03-22T09:20:59+00:00","dateModified":"2026-03-22T11:51:16+00:00","breadcrumb":{"@id":"https:\/\/nuestrosescritores.com\/miareig\/#breadcrumb"},"inLanguage":"es","potentialAction":[{"@type":"ReadAction","target":["https:\/\/nuestrosescritores.com\/miareig\/"]}]},{"@type":"ImageObject","inLanguage":"es","@id":"https:\/\/nuestrosescritores.com\/miareig\/#primaryimage","url":"https:\/\/nuestrosescritores.com\/miareig\/wp-content\/uploads\/sites\/235\/2026\/03\/Firefly_Cambia-el-fondo-de-la-imagen-pon-un-fondo-claro-degradado-995208-Mediana.png","contentUrl":"https:\/\/nuestrosescritores.com\/miareig\/wp-content\/uploads\/sites\/235\/2026\/03\/Firefly_Cambia-el-fondo-de-la-imagen-pon-un-fondo-claro-degradado-995208-Mediana.png","width":512,"height":768},{"@type":"BreadcrumbList","@id":"https:\/\/nuestrosescritores.com\/miareig\/#breadcrumb","itemListElement":[{"@type":"ListItem","position":1,"name":"Portada","item":"https:\/\/nuestrosescritores.com\/miareig\/"},{"@type":"ListItem","position":2,"name":"Mia Reig"}]},{"@type":"WebSite","@id":"https:\/\/nuestrosescritores.com\/miareig\/#website","url":"https:\/\/nuestrosescritores.com\/miareig\/","name":"Nuestros escritores","description":"Escritora","potentialAction":[{"@type":"SearchAction","target":{"@type":"EntryPoint","urlTemplate":"https:\/\/nuestrosescritores.com\/miareig\/?s={search_term_string}"},"query-input":{"@type":"PropertyValueSpecification","valueRequired":true,"valueName":"search_term_string"}}],"inLanguage":"es"}]}},"_links":{"self":[{"href":"https:\/\/nuestrosescritores.com\/miareig\/wp-json\/wp\/v2\/pages\/45","targetHints":{"allow":["GET"]}}],"collection":[{"href":"https:\/\/nuestrosescritores.com\/miareig\/wp-json\/wp\/v2\/pages"}],"about":[{"href":"https:\/\/nuestrosescritores.com\/miareig\/wp-json\/wp\/v2\/types\/page"}],"author":[{"embeddable":true,"href":"https:\/\/nuestrosescritores.com\/miareig\/wp-json\/wp\/v2\/users\/1"}],"replies":[{"embeddable":true,"href":"https:\/\/nuestrosescritores.com\/miareig\/wp-json\/wp\/v2\/comments?post=45"}],"version-history":[{"count":0,"href":"https:\/\/nuestrosescritores.com\/miareig\/wp-json\/wp\/v2\/pages\/45\/revisions"}],"wp:featuredmedia":[{"embeddable":true,"href":"https:\/\/nuestrosescritores.com\/miareig\/wp-json\/wp\/v2\/media\/46"}],"wp:attachment":[{"href":"https:\/\/nuestrosescritores.com\/miareig\/wp-json\/wp\/v2\/media?parent=45"}],"curies":[{"name":"wp","href":"https:\/\/api.w.org\/{rel}","templated":true}]}}