{"id":78,"date":"2019-11-24T18:52:39","date_gmt":"2019-11-24T18:52:39","guid":{"rendered":"https:\/\/nuestrosescritores.com\/mercedesmonserratcruz\/?page_id=78"},"modified":"2019-11-24T19:50:53","modified_gmt":"2019-11-24T19:50:53","slug":"poesia","status":"publish","type":"page","link":"https:\/\/nuestrosescritores.com\/mercedesmonserratcruz\/poesia\/","title":{"rendered":"Poes\u00eda"},"content":{"rendered":"<div class=\"wpb-content-wrapper\">[vc_row][vc_column extend=&#8221;false&#8221;][vc_column_text css=&#8221;.vc_custom_1574620857038{margin-top: -30000px !important;}&#8221;]\n<h1><strong><em><u>Poes\u00eda del libro 40 LEGUAS DE VIAJE SUBJETIVO de MERCEDES MONSERRAT CRUZ. El escritor nos da una muestra tras publicar un libro.<\/u><\/em><\/strong><\/h1>\n<h2><strong><em><u><img fetchpriority=\"high\" decoding=\"async\" class=\"alignnone size-full wp-image-8\" src=\"https:\/\/nuestrosescritores.com\/mercedesmonserratcruz\/wp-content\/uploads\/sites\/15\/2019\/11\/0_Portada40Leguasdeviaje.jpg\" alt=\"\" width=\"559\" height=\"794\">Poes\u00eda del libro 40 LEGUAS DE VIAJE SUBJETIVO de MERCEDES MONSERRAT CRUZ El poeta nos da una muestra tras publicar un libro.<\/u><\/em><\/strong><\/h2>\n<h3><strong><em><u>Poes\u00eda del libro 40 LEGUAS DE VIAJE SUBJETIVO de MERCEDES MONSERRAT CRUZ El autor nos da una muestra tras publicar un libro.<\/u><\/em><\/strong><\/h3>\n<h4><strong><em><u>Poes\u00eda del libro 40 LEGUAS DE VIAJE SUBJETIVO de MERCEDES MONSERRAT CRUZ El autor nos da una muestra tras publicar un libro.<\/u><\/em><\/strong><\/h4>\n<h5><strong><em><u>Poes\u00eda del libro 40 LEGUAS DE VIAJE SUBJETIVO de MERCEDES MONSERRAT CRUZ El autor nos da una muestra tras publicar un libro.<\/u><\/em><\/strong><\/h5>\n[\/vc_column_text][\/vc_column][\/vc_row][vc_row full_width=&#8221;stretch_row_content_no_spaces&#8221;][vc_column extend=&#8221;false&#8221;]<div class='gambit_parallax_row' data-bg-align='' data-direction='fixed' data-opacity='100' data-velocity='-0.3' data-mobile-enabled='' data-bg-height='1200' data-bg-width='675' data-bg-image='https:\/\/nuestrosescritores.com\/mercedesmonserratcruz\/wp-content\/uploads\/sites\/15\/2019\/11\/loulsoxl81c.jpg' data-bg-repeat='false' data-id='' style='display: none'><\/div><div class=\"gambit_fullheight_row\" data-content-location=\"center\" style=\"display: none\"><\/div>[\/vc_column][\/vc_row][vc_row][vc_column extend=&#8221;false&#8221;][vc_column_text]\n<h1><a name=\"_Toc23420944\"><\/a>NO PUEDES<\/h1>\n<p><strong>&nbsp;<\/strong><\/p>\n<p>Lo mejor que puedes hacerle a una mujer,<\/p>\n<p>no es darle flores o decirle lo guapa que es.<\/p>\n<p>Lo mejor que puedes hacer por ella,<\/p>\n<p>es decirle que no puede.<\/p>\n<p>Porque entonces,<\/p>\n<p>har\u00e1 lo imposible<\/p>\n<p>por demostrar que est\u00e1s equivocado.<\/p>\n<p>&nbsp;<\/p>\n<span class='bctt-click-to-tweet'><span class='bctt-ctt-text'><a href='https:\/\/x.com\/intent\/tweet?url=https%3A%2F%2Fnuestrosescritores.com%2Fmercedesmonserratcruz%2Fpoesia%2F&#038;text=NO%20PUEDES%C2%A0del%20libro%2040%20LEGUAS%20DE%20VIAJE%20SUBJETIVO%20de%20MERCEDES%20MONSERRAT%20CRUZ&#038;via=poesiaerestu&#038;related=poesiaerestu' target='_blank'rel=\"noopener noreferrer\">NO PUEDES&nbsp;del libro 40 LEGUAS DE VIAJE SUBJETIVO de MERCEDES MONSERRAT CRUZ <\/a><\/span><a href='https:\/\/x.com\/intent\/tweet?url=https%3A%2F%2Fnuestrosescritores.com%2Fmercedesmonserratcruz%2Fpoesia%2F&#038;text=NO%20PUEDES%C2%A0del%20libro%2040%20LEGUAS%20DE%20VIAJE%20SUBJETIVO%20de%20MERCEDES%20MONSERRAT%20CRUZ&#038;via=poesiaerestu&#038;related=poesiaerestu' target='_blank' class='bctt-ctt-btn'rel=\"noopener noreferrer\">Compartir en X<\/a><\/span>\n<p>&nbsp;[\/vc_column_text][\/vc_column][\/vc_row][vc_row full_width=&#8221;stretch_row_content_no_spaces&#8221;][vc_column extend=&#8221;false&#8221;]<div class='gambit_parallax_row' data-bg-align='' data-direction='fixed' data-opacity='100' data-velocity='-0.3' data-mobile-enabled='' data-bg-height='2534' data-bg-width='2560' data-bg-image='https:\/\/nuestrosescritores.com\/mercedesmonserratcruz\/wp-content\/uploads\/sites\/15\/2019\/11\/No-puedes-scaled.png' data-bg-repeat='false' data-id='' style='display: none'><\/div><div class=\"gambit_fullheight_row\" data-content-location=\"center\" style=\"display: none\"><\/div>[\/vc_column][\/vc_row][vc_row][vc_column extend=&#8221;false&#8221;][vc_column_text]\n<h1>&nbsp;<\/h1>\n<h1><a name=\"_Toc23420946\"><\/a>BRUJAS<\/h1>\n<p>&nbsp;<\/p>\n<p>Como ya dijo Ame Soler:<\/p>\n<p>\u201csomos las nietas de las brujas<\/p>\n<p>que no pudisteis quemar\u201d.<\/p>\n<p>Vivimos en una sociedad<\/p>\n<p>moderna,<\/p>\n<p>progresista<\/p>\n<p>y avanzada.<\/p>\n<p>Una sociedad<\/p>\n<p>que te silba por la calle.<\/p>\n<p>Una sociedad<\/p>\n<p>que no ve m\u00e1s all\u00e1 de tus tetas.<\/p>\n<p>Una sociedad que,<\/p>\n<p>cuando una manada de bestias<\/p>\n<p>viola a una ni\u00f1a,<\/p>\n<p>lo llama abuso.<\/p>\n<p>Vivimos en un mundo<\/p>\n<p>en el que todos hemos visto<\/p>\n<p>un letrero de<\/p>\n<p>\u201cse busca dependienta\u201d,<\/p>\n<p>pero no hay carteles de<\/p>\n<p>\u201cse busca carpintera\u201d.<\/p>\n<p>Un mundo en el que,<\/p>\n<p>antes de gritar por tus derechos,<\/p>\n<p>debes pedir permiso.<\/p>\n<p>Pero nadie te pedir\u00e1 tu permiso<\/p>\n<p>para masacrarte desde dentro.<\/p>\n<p>Hoy no es 8 de marzo.<\/p>\n<p>No ha salido ning\u00fan caso sorprendente<\/p>\n<p>en las noticias.<\/p>\n<p>Hoy es un d\u00eda m\u00e1s<\/p>\n<p>para las que seguimos vivas.<\/p>\n<p>&nbsp;<\/p>\n<p>Pero un d\u00eda menos<\/p>\n<p>para todos los ni\u00f1os sin madre,<\/p>\n<p>los padres sin hija,<\/p>\n<p>y todas las mujeres que<\/p>\n<p>nunca<\/p>\n<p>tendr\u00e1n otra oportunidad.<\/p>\n<p>Yo, hoy,<\/p>\n<p>voy a elegir gritar<\/p>\n<p>sin permiso,<\/p>\n<p>y luego, tal vez, pedir\u00e9 perd\u00f3n.<\/p>\n<p>Porque si no pudisteis quemarlas a ellas,<\/p>\n<p>no vais a quemarme a m\u00ed.<\/p>\n<p>&nbsp;<\/p>\n<span class='bctt-click-to-tweet'><span class='bctt-ctt-text'><a href='https:\/\/x.com\/intent\/tweet?url=https%3A%2F%2Fnuestrosescritores.com%2Fmercedesmonserratcruz%2Fpoesia%2F&#038;text=BRUJAS%C2%A0del%20libro%2040%20LEGUAS%20DE%20VIAJE%20SUBJETIVO%20de%20MERCEDES%20MONSERRAT%20CRUZ&#038;via=poesiaerestu&#038;related=poesiaerestu' target='_blank'rel=\"noopener noreferrer\">BRUJAS&nbsp;del libro 40 LEGUAS DE VIAJE SUBJETIVO de MERCEDES MONSERRAT CRUZ <\/a><\/span><a href='https:\/\/x.com\/intent\/tweet?url=https%3A%2F%2Fnuestrosescritores.com%2Fmercedesmonserratcruz%2Fpoesia%2F&#038;text=BRUJAS%C2%A0del%20libro%2040%20LEGUAS%20DE%20VIAJE%20SUBJETIVO%20de%20MERCEDES%20MONSERRAT%20CRUZ&#038;via=poesiaerestu&#038;related=poesiaerestu' target='_blank' class='bctt-ctt-btn'rel=\"noopener noreferrer\">Compartir en X<\/a><\/span>\n<p>&nbsp;<\/p>\n<p>&nbsp;[\/vc_column_text][\/vc_column][\/vc_row][vc_row][vc_column extend=&#8221;false&#8221;]<div class='gambit_parallax_row' data-bg-align='' data-direction='fixed' data-opacity='100' data-velocity='-0.3' data-mobile-enabled='' data-bg-height='2534' data-bg-width='2560' data-bg-image='https:\/\/nuestrosescritores.com\/mercedesmonserratcruz\/wp-content\/uploads\/sites\/15\/2019\/11\/Brujas-scaled.png' data-bg-repeat='false' data-id='' style='display: none'><\/div><div class=\"gambit_fullheight_row\" data-content-location=\"center\" style=\"display: none\"><\/div>[\/vc_column][\/vc_row][vc_row][vc_column extend=&#8221;false&#8221;][vc_column_text]\n<h1><a name=\"_Toc23420949\"><\/a>ALGUIEN<\/h1>\n<p>&nbsp;<\/p>\n<p>B\u00fascate a alguien<\/p>\n<p>capaz de provocarte<\/p>\n<p>escalofr\u00edos<\/p>\n<p>en medio de un incendio.<\/p>\n<p>Alguien que te d\u00e9 ox\u00edgeno<\/p>\n<p>cuando el agua<\/p>\n<p>te cubra por completo.<\/p>\n<p>Busca a alguien<\/p>\n<p>que te haga re\u00edr entre el llanto,<\/p>\n<p>y llorar de la risa.<\/p>\n<p>Alguien que no te levante del suelo,<\/p>\n<p>sino que se siente a tu lado<\/p>\n<p>hasta que est\u00e9s lista para seguir.<\/p>\n<p>Busca a una persona<\/p>\n<p>que no te lleve a hoteles<\/p>\n<p>de cinco o siete estrellas,<\/p>\n<p>sino que elija<\/p>\n<p>dormir bajo ellas<\/p>\n<p>contigo.<\/p>\n<p>No necesitas<\/p>\n<p>a alguien que te salve.<\/p>\n<p>Necesitas a alguien<\/p>\n<p>que te vea<\/p>\n<p>como tu propia s\u00faper hero\u00edna<\/p>\n<p>y que tenga claro<\/p>\n<p>que no lo necesitas,<\/p>\n<p>sino que, libremente,<\/p>\n<p>lo eliges.<\/p>\n<p>&nbsp;<\/p>\n<p>&nbsp;<\/p>\n<p>&nbsp;<\/p>\n<p>&nbsp;<\/p>\n<p>Porque,<\/p>\n<p>\u00bfsabes una cosa?<\/p>\n<p>La \u00fanica persona<\/p>\n<p>a la que necesitas<\/p>\n<p>es a ti misma.<\/p>\n<p>Lo dem\u00e1s,<\/p>\n<p>viene de regalo.<\/p>\n<p>&nbsp;<\/p>\n<p>&nbsp;<\/p>\n<p>&nbsp;<\/p>\n<span class='bctt-click-to-tweet'><span class='bctt-ctt-text'><a href='https:\/\/x.com\/intent\/tweet?url=https%3A%2F%2Fnuestrosescritores.com%2Fmercedesmonserratcruz%2Fpoesia%2F&#038;text=ALGUIEN%20del%20libro%2040%20LEGUAS%20DE%20VIAJE%20SUBJETIVO%20de%20MERCEDES%20MONSERRAT%20CRUZ&#038;via=poesiaerestu&#038;related=poesiaerestu' target='_blank'rel=\"noopener noreferrer\">ALGUIEN del libro 40 LEGUAS DE VIAJE SUBJETIVO de MERCEDES MONSERRAT CRUZ <\/a><\/span><a href='https:\/\/x.com\/intent\/tweet?url=https%3A%2F%2Fnuestrosescritores.com%2Fmercedesmonserratcruz%2Fpoesia%2F&#038;text=ALGUIEN%20del%20libro%2040%20LEGUAS%20DE%20VIAJE%20SUBJETIVO%20de%20MERCEDES%20MONSERRAT%20CRUZ&#038;via=poesiaerestu&#038;related=poesiaerestu' target='_blank' class='bctt-ctt-btn'rel=\"noopener noreferrer\">Compartir en X<\/a><\/span>[\/vc_column_text][\/vc_column][\/vc_row][vc_row][vc_column extend=&#8221;false&#8221;]<div class='gambit_parallax_row' data-bg-align='' data-direction='fixed' data-opacity='100' data-velocity='-0.3' data-mobile-enabled='' data-bg-height='2534' data-bg-width='2560' data-bg-image='https:\/\/nuestrosescritores.com\/mercedesmonserratcruz\/wp-content\/uploads\/sites\/15\/2019\/11\/Resurrecci\u00f3n-scaled.png' data-bg-repeat='false' data-id='' style='display: none'><\/div><div class=\"gambit_fullheight_row\" data-content-location=\"center\" style=\"display: none\"><\/div>[\/vc_column][\/vc_row][vc_row][vc_column extend=&#8221;false&#8221;][vc_column_text]\n<h1><a name=\"_Toc23420953\"><\/a>RESURRECCI\u00d3N<\/h1>\n<p>&nbsp;<\/p>\n<p>Cantar por la calle,<\/p>\n<p>re\u00edr sin motivo.<\/p>\n<p>Escribir<\/p>\n<p>en la servilleta de un bar.<\/p>\n<p>Apostarlo todo<\/p>\n<p>y salir ganando.<\/p>\n<p>La lluvia<\/p>\n<p>tras los incendios del verano,<\/p>\n<p>o el sol tras el crudo invierno.<\/p>\n<p>Qu\u00e9 bonito es<\/p>\n<p>cuando no te importa nada<\/p>\n<p>y eres capaz de sonre\u00edrle<\/p>\n<p>al mism\u00edsimo diablo,<\/p>\n<p>en medio de tanto infierno.<\/p>\n<p>&nbsp;<\/p>\n<p>&nbsp;<\/p>\n<p>&nbsp;<\/p>\n<span class='bctt-click-to-tweet'><span class='bctt-ctt-text'><a href='https:\/\/x.com\/intent\/tweet?url=https%3A%2F%2Fnuestrosescritores.com%2Fmercedesmonserratcruz%2Fpoesia%2F&#038;text=RESURRECCI%C3%93N%20del%20libro%2040%20LEGUAS%20DE%20VIAJE%20SUBJETIVO%20de%20MERCEDES%20MONSERRAT%20CRUZ&#038;via=poesiaerestu&#038;related=poesiaerestu' target='_blank'rel=\"noopener noreferrer\">RESURRECCI\u00d3N del libro 40 LEGUAS DE VIAJE SUBJETIVO de MERCEDES MONSERRAT CRUZ <\/a><\/span><a href='https:\/\/x.com\/intent\/tweet?url=https%3A%2F%2Fnuestrosescritores.com%2Fmercedesmonserratcruz%2Fpoesia%2F&#038;text=RESURRECCI%C3%93N%20del%20libro%2040%20LEGUAS%20DE%20VIAJE%20SUBJETIVO%20de%20MERCEDES%20MONSERRAT%20CRUZ&#038;via=poesiaerestu&#038;related=poesiaerestu' target='_blank' class='bctt-ctt-btn'rel=\"noopener noreferrer\">Compartir en X<\/a><\/span>[\/vc_column_text][\/vc_column][\/vc_row][vc_row][vc_column extend=&#8221;false&#8221;]<div class='gambit_parallax_row' data-bg-align='' data-direction='fixed' data-opacity='100' data-velocity='-0.3' data-mobile-enabled='' data-bg-height='535' data-bg-width='1366' data-bg-image='https:\/\/nuestrosescritores.com\/mercedesmonserratcruz\/wp-content\/uploads\/sites\/15\/2019\/11\/OPCI\u00d3N-3_VectorSketch_banner-Mediano.jpg' data-bg-repeat='false' data-id='' style='display: none'><\/div><div class=\"gambit_fullheight_row\" data-content-location=\"center\" style=\"display: none\"><\/div>[vc_column_text]\n<p style=\"text-align: center;\"><a class=\"fasc-button fasc-size-xlarge fasc-type-glossy fasc-rounded-medium\" style=\"background-color: #33809e; color: #ffffff;\" href=\"https:\/\/librodepoesia.com\/producto\/40-leguas-de-viaje-subjetivo-mercedes-monserrat-cruz\/\">Comprar el libro<\/a><\/p>\n[\/vc_column_text][\/vc_column][\/vc_row][vc_row][vc_column extend=&#8221;false&#8221;][vc_column_text css=&#8221;.vc_custom_1549215104378{margin-top: -30000px !important;}&#8221;]\n<h1><strong><em><u>Poes\u00eda del libro 40 LEGUAS DE VIAJE SUBJETIVO de MERCEDES MONSERRAT CRUZ. El escritor nos da una muestra tras publicar un libro.<\/u><\/em><\/strong><\/h1>\n<h2><strong><em><u>Poes\u00eda del libro 40 LEGUAS DE VIAJE SUBJETIVO de MERCEDES MONSERRAT CRUZ El poeta nos da una muestra tras publicar un libro.<\/u><\/em><\/strong><\/h2>\n<h3><strong><em><u>Poes\u00eda del libro 40 LEGUAS DE VIAJE SUBJETIVO de MERCEDES MONSERRAT CRUZ El autor nos da una muestra tras publicar un libro.<\/u><\/em><\/strong><\/h3>\n<h4><strong><em><u>Poes\u00eda del libro 40 LEGUAS DE VIAJE SUBJETIVO de MERCEDES MONSERRAT CRUZ El autor nos da una muestra tras publicar un libro.<\/u><\/em><\/strong><\/h4>\n<h5><strong><em><u>Poes\u00eda del libro 40 LEGUAS DE VIAJE SUBJETIVO de MERCEDES MONSERRAT CRUZ El autor nos da una muestra tras publicar un libro.<\/u><\/em><\/strong><\/h5>\n[\/vc_column_text][\/vc_column][\/vc_row]\n<\/div>","protected":false},"excerpt":{"rendered":"<p>[vc_row][vc_column extend=&#8221;false&#8221;][vc_column_text css=&#8221;.vc_custom_1574620857038{margin-top: -30000px !important;}&#8221;] Poes\u00eda del libro 40 LEGUAS DE VIAJE SUBJETIVO de MERCEDES MONSERRAT CRUZ. El escritor nos da una muestra tras publicar un libro. Poes\u00eda del libro 40 LEGUAS DE VIAJE SUBJETIVO de MERCEDES MONSERRAT CRUZ El poeta nos da una muestra tras publicar un libro. Poes\u00eda del libro 40 LEGUAS DE [&hellip;]<\/p>\n","protected":false},"author":1,"featured_media":0,"parent":0,"menu_order":3,"comment_status":"closed","ping_status":"closed","template":"","meta":{"_acf_changed":false,"footnotes":""},"class_list":["post-78","page","type-page","status-publish","hentry"],"acf":[],"yoast_head":"<!-- This site is optimized with the Yoast SEO Premium plugin v24.7 (Yoast SEO v27.4) - https:\/\/yoast.com\/product\/yoast-seo-premium-wordpress\/ -->\n<title>Poes\u00eda - Mercedes Monserrat Cruz<\/title>\n<meta name=\"description\" content=\"Poes\u00eda del libro 40 LEGUAS DE VIAJE SUBJETIVO de MERCEDES MONSERRAT CRUZ publicado por la Editorial Poes\u00eda eres t\u00fa en el a\u00f1o 2019.\" \/>\n<meta name=\"robots\" content=\"index, follow, max-snippet:-1, max-image-preview:large, max-video-preview:-1\" \/>\n<link rel=\"canonical\" href=\"https:\/\/nuestrosescritores.com\/mercedesmonserratcruz\/poesia\/\" \/>\n<meta property=\"og:locale\" content=\"es_ES\" \/>\n<meta property=\"og:type\" content=\"article\" \/>\n<meta property=\"og:title\" content=\"Poes\u00eda\" \/>\n<meta property=\"og:description\" content=\"Poes\u00eda del libro 40 LEGUAS DE VIAJE SUBJETIVO de MERCEDES MONSERRAT CRUZ publicado por la Editorial Poes\u00eda eres t\u00fa en el a\u00f1o 2019.\" \/>\n<meta property=\"og:url\" content=\"https:\/\/nuestrosescritores.com\/mercedesmonserratcruz\/poesia\/\" \/>\n<meta property=\"og:site_name\" content=\"Mercedes Monserrat Cruz\" \/>\n<meta property=\"article:modified_time\" content=\"2019-11-24T19:50:53+00:00\" \/>\n<meta property=\"og:image\" content=\"https:\/\/nuestrosescritores.com\/mercedesmonserratcruz\/wp-content\/uploads\/sites\/15\/2019\/11\/0_Portada40Leguasdeviaje.jpg\" \/>\n<meta name=\"twitter:card\" content=\"summary_large_image\" \/>\n<meta name=\"twitter:label1\" content=\"Tiempo de lectura\" \/>\n\t<meta name=\"twitter:data1\" content=\"5 minutos\" \/>\n<script type=\"application\/ld+json\" class=\"yoast-schema-graph\">{\"@context\":\"https:\\\/\\\/schema.org\",\"@graph\":[{\"@type\":\"WebPage\",\"@id\":\"https:\\\/\\\/nuestrosescritores.com\\\/mercedesmonserratcruz\\\/poesia\\\/\",\"url\":\"https:\\\/\\\/nuestrosescritores.com\\\/mercedesmonserratcruz\\\/poesia\\\/\",\"name\":\"Poes\u00eda - Mercedes Monserrat Cruz\",\"isPartOf\":{\"@id\":\"https:\\\/\\\/nuestrosescritores.com\\\/mercedesmonserratcruz\\\/#website\"},\"primaryImageOfPage\":{\"@id\":\"https:\\\/\\\/nuestrosescritores.com\\\/mercedesmonserratcruz\\\/poesia\\\/#primaryimage\"},\"image\":{\"@id\":\"https:\\\/\\\/nuestrosescritores.com\\\/mercedesmonserratcruz\\\/poesia\\\/#primaryimage\"},\"thumbnailUrl\":\"https:\\\/\\\/nuestrosescritores.com\\\/mercedesmonserratcruz\\\/wp-content\\\/uploads\\\/sites\\\/15\\\/2019\\\/11\\\/0_Portada40Leguasdeviaje.jpg\",\"datePublished\":\"2019-11-24T18:52:39+00:00\",\"dateModified\":\"2019-11-24T19:50:53+00:00\",\"description\":\"Poes\u00eda del libro 40 LEGUAS DE VIAJE SUBJETIVO de MERCEDES MONSERRAT CRUZ publicado por la Editorial Poes\u00eda eres t\u00fa en el a\u00f1o 2019.\",\"breadcrumb\":{\"@id\":\"https:\\\/\\\/nuestrosescritores.com\\\/mercedesmonserratcruz\\\/poesia\\\/#breadcrumb\"},\"inLanguage\":\"es\",\"potentialAction\":[{\"@type\":\"ReadAction\",\"target\":[\"https:\\\/\\\/nuestrosescritores.com\\\/mercedesmonserratcruz\\\/poesia\\\/\"]}]},{\"@type\":\"ImageObject\",\"inLanguage\":\"es\",\"@id\":\"https:\\\/\\\/nuestrosescritores.com\\\/mercedesmonserratcruz\\\/poesia\\\/#primaryimage\",\"url\":\"https:\\\/\\\/nuestrosescritores.com\\\/mercedesmonserratcruz\\\/wp-content\\\/uploads\\\/sites\\\/15\\\/2019\\\/11\\\/0_Portada40Leguasdeviaje.jpg\",\"contentUrl\":\"https:\\\/\\\/nuestrosescritores.com\\\/mercedesmonserratcruz\\\/wp-content\\\/uploads\\\/sites\\\/15\\\/2019\\\/11\\\/0_Portada40Leguasdeviaje.jpg\",\"width\":559,\"height\":794},{\"@type\":\"BreadcrumbList\",\"@id\":\"https:\\\/\\\/nuestrosescritores.com\\\/mercedesmonserratcruz\\\/poesia\\\/#breadcrumb\",\"itemListElement\":[{\"@type\":\"ListItem\",\"position\":1,\"name\":\"Portada\",\"item\":\"https:\\\/\\\/nuestrosescritores.com\\\/mercedesmonserratcruz\\\/\"},{\"@type\":\"ListItem\",\"position\":2,\"name\":\"Poes\u00eda\"}]},{\"@type\":\"WebSite\",\"@id\":\"https:\\\/\\\/nuestrosescritores.com\\\/mercedesmonserratcruz\\\/#website\",\"url\":\"https:\\\/\\\/nuestrosescritores.com\\\/mercedesmonserratcruz\\\/\",\"name\":\"Nuestros escritores\",\"description\":\"Escritora\",\"potentialAction\":[{\"@type\":\"SearchAction\",\"target\":{\"@type\":\"EntryPoint\",\"urlTemplate\":\"https:\\\/\\\/nuestrosescritores.com\\\/mercedesmonserratcruz\\\/?s={search_term_string}\"},\"query-input\":{\"@type\":\"PropertyValueSpecification\",\"valueRequired\":true,\"valueName\":\"search_term_string\"}}],\"inLanguage\":\"es\"}]}<\/script>\n<!-- \/ Yoast SEO Premium plugin. -->","yoast_head_json":{"title":"Poes\u00eda - Mercedes Monserrat Cruz","description":"Poes\u00eda del libro 40 LEGUAS DE VIAJE SUBJETIVO de MERCEDES MONSERRAT CRUZ publicado por la Editorial Poes\u00eda eres t\u00fa en el a\u00f1o 2019.","robots":{"index":"index","follow":"follow","max-snippet":"max-snippet:-1","max-image-preview":"max-image-preview:large","max-video-preview":"max-video-preview:-1"},"canonical":"https:\/\/nuestrosescritores.com\/mercedesmonserratcruz\/poesia\/","og_locale":"es_ES","og_type":"article","og_title":"Poes\u00eda","og_description":"Poes\u00eda del libro 40 LEGUAS DE VIAJE SUBJETIVO de MERCEDES MONSERRAT CRUZ publicado por la Editorial Poes\u00eda eres t\u00fa en el a\u00f1o 2019.","og_url":"https:\/\/nuestrosescritores.com\/mercedesmonserratcruz\/poesia\/","og_site_name":"Mercedes Monserrat Cruz","article_modified_time":"2019-11-24T19:50:53+00:00","og_image":[{"url":"https:\/\/nuestrosescritores.com\/mercedesmonserratcruz\/wp-content\/uploads\/sites\/15\/2019\/11\/0_Portada40Leguasdeviaje.jpg","type":"","width":"","height":""}],"twitter_card":"summary_large_image","twitter_misc":{"Tiempo de lectura":"5 minutos"},"schema":{"@context":"https:\/\/schema.org","@graph":[{"@type":"WebPage","@id":"https:\/\/nuestrosescritores.com\/mercedesmonserratcruz\/poesia\/","url":"https:\/\/nuestrosescritores.com\/mercedesmonserratcruz\/poesia\/","name":"Poes\u00eda - Mercedes Monserrat Cruz","isPartOf":{"@id":"https:\/\/nuestrosescritores.com\/mercedesmonserratcruz\/#website"},"primaryImageOfPage":{"@id":"https:\/\/nuestrosescritores.com\/mercedesmonserratcruz\/poesia\/#primaryimage"},"image":{"@id":"https:\/\/nuestrosescritores.com\/mercedesmonserratcruz\/poesia\/#primaryimage"},"thumbnailUrl":"https:\/\/nuestrosescritores.com\/mercedesmonserratcruz\/wp-content\/uploads\/sites\/15\/2019\/11\/0_Portada40Leguasdeviaje.jpg","datePublished":"2019-11-24T18:52:39+00:00","dateModified":"2019-11-24T19:50:53+00:00","description":"Poes\u00eda del libro 40 LEGUAS DE VIAJE SUBJETIVO de MERCEDES MONSERRAT CRUZ publicado por la Editorial Poes\u00eda eres t\u00fa en el a\u00f1o 2019.","breadcrumb":{"@id":"https:\/\/nuestrosescritores.com\/mercedesmonserratcruz\/poesia\/#breadcrumb"},"inLanguage":"es","potentialAction":[{"@type":"ReadAction","target":["https:\/\/nuestrosescritores.com\/mercedesmonserratcruz\/poesia\/"]}]},{"@type":"ImageObject","inLanguage":"es","@id":"https:\/\/nuestrosescritores.com\/mercedesmonserratcruz\/poesia\/#primaryimage","url":"https:\/\/nuestrosescritores.com\/mercedesmonserratcruz\/wp-content\/uploads\/sites\/15\/2019\/11\/0_Portada40Leguasdeviaje.jpg","contentUrl":"https:\/\/nuestrosescritores.com\/mercedesmonserratcruz\/wp-content\/uploads\/sites\/15\/2019\/11\/0_Portada40Leguasdeviaje.jpg","width":559,"height":794},{"@type":"BreadcrumbList","@id":"https:\/\/nuestrosescritores.com\/mercedesmonserratcruz\/poesia\/#breadcrumb","itemListElement":[{"@type":"ListItem","position":1,"name":"Portada","item":"https:\/\/nuestrosescritores.com\/mercedesmonserratcruz\/"},{"@type":"ListItem","position":2,"name":"Poes\u00eda"}]},{"@type":"WebSite","@id":"https:\/\/nuestrosescritores.com\/mercedesmonserratcruz\/#website","url":"https:\/\/nuestrosescritores.com\/mercedesmonserratcruz\/","name":"Nuestros escritores","description":"Escritora","potentialAction":[{"@type":"SearchAction","target":{"@type":"EntryPoint","urlTemplate":"https:\/\/nuestrosescritores.com\/mercedesmonserratcruz\/?s={search_term_string}"},"query-input":{"@type":"PropertyValueSpecification","valueRequired":true,"valueName":"search_term_string"}}],"inLanguage":"es"}]}},"_links":{"self":[{"href":"https:\/\/nuestrosescritores.com\/mercedesmonserratcruz\/wp-json\/wp\/v2\/pages\/78","targetHints":{"allow":["GET"]}}],"collection":[{"href":"https:\/\/nuestrosescritores.com\/mercedesmonserratcruz\/wp-json\/wp\/v2\/pages"}],"about":[{"href":"https:\/\/nuestrosescritores.com\/mercedesmonserratcruz\/wp-json\/wp\/v2\/types\/page"}],"author":[{"embeddable":true,"href":"https:\/\/nuestrosescritores.com\/mercedesmonserratcruz\/wp-json\/wp\/v2\/users\/1"}],"replies":[{"embeddable":true,"href":"https:\/\/nuestrosescritores.com\/mercedesmonserratcruz\/wp-json\/wp\/v2\/comments?post=78"}],"version-history":[{"count":0,"href":"https:\/\/nuestrosescritores.com\/mercedesmonserratcruz\/wp-json\/wp\/v2\/pages\/78\/revisions"}],"wp:attachment":[{"href":"https:\/\/nuestrosescritores.com\/mercedesmonserratcruz\/wp-json\/wp\/v2\/media?parent=78"}],"curies":[{"name":"wp","href":"https:\/\/api.w.org\/{rel}","templated":true}]}}