{"id":318,"date":"2025-08-25T18:25:46","date_gmt":"2025-08-25T16:25:46","guid":{"rendered":"https:\/\/nuestrosescritores.com\/martinlorenzoparedesaparicio\/?page_id=318"},"modified":"2025-08-25T18:25:46","modified_gmt":"2025-08-25T16:25:46","slug":"poesias","status":"publish","type":"page","link":"https:\/\/nuestrosescritores.com\/martinlorenzoparedesaparicio\/poesias\/","title":{"rendered":"Poes\u00edas"},"content":{"rendered":"<p><!-- Puedes pegar esto en un bloque HTML personalizado de WordPress --><\/p>\n<div style=\"text-align: center; font-family: Arial,sans-serif;\">\n<h2>Poes\u00edas de Mart\u00edn Lorenzo Paredes Aparicio<\/h2>\n<p><a style=\"display: block; width: 80%; max-width: 380px; margin: 18px auto; padding: 15px 0; font-size: 1.1em; background: #286090; color: #fff; text-decoration: none; border-radius: 7px; transition: background .2s;\" href=\"https:\/\/nuestrosescritores.com\/martinlorenzoparedesaparicio\/poesias-de-vivir-en-tu-invierno\/\" target=\"_blank\" rel=\"noopener\">Poes\u00edas de Vivir en tu Invierno<\/a><br \/>\n<a style=\"display: block; width: 80%; max-width: 380px; margin: 18px auto; padding: 15px 0; font-size: 1.1em; background: #286090; color: #fff; text-decoration: none; border-radius: 7px; transition: background .2s;\" href=\"https:\/\/nuestrosescritores.com\/martinlorenzoparedesaparicio\/poesias-de-nana-a-una-madre\/\" target=\"_blank\" rel=\"noopener\">Poes\u00edas de Nana a una Madre<\/a><br \/>\n<a style=\"display: block; width: 80%; max-width: 380px; margin: 18px auto; padding: 15px 0; font-size: 1.1em; background: #286090; color: #fff; text-decoration: none; border-radius: 7px; transition: background .2s;\" href=\"https:\/\/nuestrosescritores.com\/martinlorenzoparedesaparicio\/poesias-de-7-cruces-y-un-nazareno\/\" target=\"_blank\" rel=\"noopener\">Poes\u00edas de 7 Cruces y un Nazareno<\/a><br \/>\n<a style=\"display: block; width: 80%; max-width: 380px; margin: 18px auto; padding: 15px 0; font-size: 1.1em; background: #286090; color: #fff; text-decoration: none; border-radius: 7px; transition: background .2s;\" href=\"https:\/\/nuestrosescritores.com\/martinlorenzoparedesaparicio\/poesias-de-la-voz-de-los-callados\/\" target=\"_blank\" rel=\"noopener\">Poes\u00edas de la Voz de los Callados<\/a><\/p>\n<\/div>\n","protected":false},"excerpt":{"rendered":"<p>Poes\u00edas de Mart\u00edn Lorenzo Paredes Aparicio Poes\u00edas de Vivir en tu Invierno Poes\u00edas de Nana a una Madre Poes\u00edas de 7 Cruces y un Nazareno Poes\u00edas de la Voz de los Callados<\/p>\n","protected":false},"author":1,"featured_media":270,"parent":0,"menu_order":0,"comment_status":"closed","ping_status":"closed","template":"","meta":{"_acf_changed":false,"footnotes":""},"class_list":["post-318","page","type-page","status-publish","has-post-thumbnail","hentry"],"acf":[],"yoast_head":"<!-- This site is optimized with the Yoast SEO Premium plugin v24.7 (Yoast SEO v27.5) - https:\/\/yoast.com\/product\/yoast-seo-premium-wordpress\/ -->\n<title>Poes\u00edas - Mart\u00edn Lorenzo Paredes Aparicio<\/title>\n<meta name=\"robots\" content=\"index, follow, max-snippet:-1, max-image-preview:large, max-video-preview:-1\" \/>\n<link rel=\"canonical\" href=\"https:\/\/nuestrosescritores.com\/martinlorenzoparedesaparicio\/poesias\/\" \/>\n<meta property=\"og:locale\" content=\"es_ES\" \/>\n<meta property=\"og:type\" content=\"article\" \/>\n<meta property=\"og:title\" content=\"Poes\u00edas\" \/>\n<meta property=\"og:description\" content=\"Poes\u00edas de Mart\u00edn Lorenzo Paredes Aparicio Poes\u00edas de Vivir en tu Invierno Poes\u00edas de Nana a una Madre Poes\u00edas de 7 Cruces y un Nazareno Poes\u00edas de la Voz de los Callados\" \/>\n<meta property=\"og:url\" content=\"https:\/\/nuestrosescritores.com\/martinlorenzoparedesaparicio\/poesias\/\" \/>\n<meta property=\"og:site_name\" content=\"Mart\u00edn Lorenzo Paredes Aparicio\" \/>\n<meta property=\"og:image\" content=\"http:\/\/nuestrosescritores.com\/martinlorenzoparedesaparicio\/wp-content\/uploads\/sites\/193\/2025\/01\/MartinLorenzoParedesAparicio_AVATAR-Mediano.png\" \/>\n\t<meta property=\"og:image:width\" content=\"768\" \/>\n\t<meta property=\"og:image:height\" content=\"786\" \/>\n\t<meta property=\"og:image:type\" content=\"image\/png\" \/>\n<meta name=\"twitter:card\" content=\"summary_large_image\" \/>\n<meta name=\"twitter:label1\" content=\"Tiempo de lectura\" \/>\n\t<meta name=\"twitter:data1\" content=\"1 minuto\" \/>\n<script type=\"application\/ld+json\" class=\"yoast-schema-graph\">{\"@context\":\"https:\\\/\\\/schema.org\",\"@graph\":[{\"@type\":\"WebPage\",\"@id\":\"https:\\\/\\\/nuestrosescritores.com\\\/martinlorenzoparedesaparicio\\\/poesias\\\/\",\"url\":\"https:\\\/\\\/nuestrosescritores.com\\\/martinlorenzoparedesaparicio\\\/poesias\\\/\",\"name\":\"Poes\u00edas - Mart\u00edn Lorenzo Paredes Aparicio\",\"isPartOf\":{\"@id\":\"https:\\\/\\\/nuestrosescritores.com\\\/martinlorenzoparedesaparicio\\\/#website\"},\"primaryImageOfPage\":{\"@id\":\"https:\\\/\\\/nuestrosescritores.com\\\/martinlorenzoparedesaparicio\\\/poesias\\\/#primaryimage\"},\"image\":{\"@id\":\"https:\\\/\\\/nuestrosescritores.com\\\/martinlorenzoparedesaparicio\\\/poesias\\\/#primaryimage\"},\"thumbnailUrl\":\"https:\\\/\\\/nuestrosescritores.com\\\/martinlorenzoparedesaparicio\\\/wp-content\\\/uploads\\\/sites\\\/193\\\/2025\\\/01\\\/MartinLorenzoParedesAparicio_AVATAR-Mediano.png\",\"datePublished\":\"2025-08-25T16:25:46+00:00\",\"breadcrumb\":{\"@id\":\"https:\\\/\\\/nuestrosescritores.com\\\/martinlorenzoparedesaparicio\\\/poesias\\\/#breadcrumb\"},\"inLanguage\":\"es\",\"potentialAction\":[{\"@type\":\"ReadAction\",\"target\":[\"https:\\\/\\\/nuestrosescritores.com\\\/martinlorenzoparedesaparicio\\\/poesias\\\/\"]}]},{\"@type\":\"ImageObject\",\"inLanguage\":\"es\",\"@id\":\"https:\\\/\\\/nuestrosescritores.com\\\/martinlorenzoparedesaparicio\\\/poesias\\\/#primaryimage\",\"url\":\"https:\\\/\\\/nuestrosescritores.com\\\/martinlorenzoparedesaparicio\\\/wp-content\\\/uploads\\\/sites\\\/193\\\/2025\\\/01\\\/MartinLorenzoParedesAparicio_AVATAR-Mediano.png\",\"contentUrl\":\"https:\\\/\\\/nuestrosescritores.com\\\/martinlorenzoparedesaparicio\\\/wp-content\\\/uploads\\\/sites\\\/193\\\/2025\\\/01\\\/MartinLorenzoParedesAparicio_AVATAR-Mediano.png\",\"width\":768,\"height\":786},{\"@type\":\"BreadcrumbList\",\"@id\":\"https:\\\/\\\/nuestrosescritores.com\\\/martinlorenzoparedesaparicio\\\/poesias\\\/#breadcrumb\",\"itemListElement\":[{\"@type\":\"ListItem\",\"position\":1,\"name\":\"Portada\",\"item\":\"https:\\\/\\\/nuestrosescritores.com\\\/martinlorenzoparedesaparicio\\\/\"},{\"@type\":\"ListItem\",\"position\":2,\"name\":\"Poes\u00edas\"}]},{\"@type\":\"WebSite\",\"@id\":\"https:\\\/\\\/nuestrosescritores.com\\\/martinlorenzoparedesaparicio\\\/#website\",\"url\":\"https:\\\/\\\/nuestrosescritores.com\\\/martinlorenzoparedesaparicio\\\/\",\"name\":\"Nuestros escritores\",\"description\":\"\",\"potentialAction\":[{\"@type\":\"SearchAction\",\"target\":{\"@type\":\"EntryPoint\",\"urlTemplate\":\"https:\\\/\\\/nuestrosescritores.com\\\/martinlorenzoparedesaparicio\\\/?s={search_term_string}\"},\"query-input\":{\"@type\":\"PropertyValueSpecification\",\"valueRequired\":true,\"valueName\":\"search_term_string\"}}],\"inLanguage\":\"es\"}]}<\/script>\n<!-- \/ Yoast SEO Premium plugin. -->","yoast_head_json":{"title":"Poes\u00edas - Mart\u00edn Lorenzo Paredes Aparicio","robots":{"index":"index","follow":"follow","max-snippet":"max-snippet:-1","max-image-preview":"max-image-preview:large","max-video-preview":"max-video-preview:-1"},"canonical":"https:\/\/nuestrosescritores.com\/martinlorenzoparedesaparicio\/poesias\/","og_locale":"es_ES","og_type":"article","og_title":"Poes\u00edas","og_description":"Poes\u00edas de Mart\u00edn Lorenzo Paredes Aparicio Poes\u00edas de Vivir en tu Invierno Poes\u00edas de Nana a una Madre Poes\u00edas de 7 Cruces y un Nazareno Poes\u00edas de la Voz de los Callados","og_url":"https:\/\/nuestrosescritores.com\/martinlorenzoparedesaparicio\/poesias\/","og_site_name":"Mart\u00edn Lorenzo Paredes Aparicio","og_image":[{"width":768,"height":786,"url":"http:\/\/nuestrosescritores.com\/martinlorenzoparedesaparicio\/wp-content\/uploads\/sites\/193\/2025\/01\/MartinLorenzoParedesAparicio_AVATAR-Mediano.png","type":"image\/png"}],"twitter_card":"summary_large_image","twitter_misc":{"Tiempo de lectura":"1 minuto"},"schema":{"@context":"https:\/\/schema.org","@graph":[{"@type":"WebPage","@id":"https:\/\/nuestrosescritores.com\/martinlorenzoparedesaparicio\/poesias\/","url":"https:\/\/nuestrosescritores.com\/martinlorenzoparedesaparicio\/poesias\/","name":"Poes\u00edas - Mart\u00edn Lorenzo Paredes Aparicio","isPartOf":{"@id":"https:\/\/nuestrosescritores.com\/martinlorenzoparedesaparicio\/#website"},"primaryImageOfPage":{"@id":"https:\/\/nuestrosescritores.com\/martinlorenzoparedesaparicio\/poesias\/#primaryimage"},"image":{"@id":"https:\/\/nuestrosescritores.com\/martinlorenzoparedesaparicio\/poesias\/#primaryimage"},"thumbnailUrl":"https:\/\/nuestrosescritores.com\/martinlorenzoparedesaparicio\/wp-content\/uploads\/sites\/193\/2025\/01\/MartinLorenzoParedesAparicio_AVATAR-Mediano.png","datePublished":"2025-08-25T16:25:46+00:00","breadcrumb":{"@id":"https:\/\/nuestrosescritores.com\/martinlorenzoparedesaparicio\/poesias\/#breadcrumb"},"inLanguage":"es","potentialAction":[{"@type":"ReadAction","target":["https:\/\/nuestrosescritores.com\/martinlorenzoparedesaparicio\/poesias\/"]}]},{"@type":"ImageObject","inLanguage":"es","@id":"https:\/\/nuestrosescritores.com\/martinlorenzoparedesaparicio\/poesias\/#primaryimage","url":"https:\/\/nuestrosescritores.com\/martinlorenzoparedesaparicio\/wp-content\/uploads\/sites\/193\/2025\/01\/MartinLorenzoParedesAparicio_AVATAR-Mediano.png","contentUrl":"https:\/\/nuestrosescritores.com\/martinlorenzoparedesaparicio\/wp-content\/uploads\/sites\/193\/2025\/01\/MartinLorenzoParedesAparicio_AVATAR-Mediano.png","width":768,"height":786},{"@type":"BreadcrumbList","@id":"https:\/\/nuestrosescritores.com\/martinlorenzoparedesaparicio\/poesias\/#breadcrumb","itemListElement":[{"@type":"ListItem","position":1,"name":"Portada","item":"https:\/\/nuestrosescritores.com\/martinlorenzoparedesaparicio\/"},{"@type":"ListItem","position":2,"name":"Poes\u00edas"}]},{"@type":"WebSite","@id":"https:\/\/nuestrosescritores.com\/martinlorenzoparedesaparicio\/#website","url":"https:\/\/nuestrosescritores.com\/martinlorenzoparedesaparicio\/","name":"Nuestros escritores","description":"","potentialAction":[{"@type":"SearchAction","target":{"@type":"EntryPoint","urlTemplate":"https:\/\/nuestrosescritores.com\/martinlorenzoparedesaparicio\/?s={search_term_string}"},"query-input":{"@type":"PropertyValueSpecification","valueRequired":true,"valueName":"search_term_string"}}],"inLanguage":"es"}]}},"_links":{"self":[{"href":"https:\/\/nuestrosescritores.com\/martinlorenzoparedesaparicio\/wp-json\/wp\/v2\/pages\/318","targetHints":{"allow":["GET"]}}],"collection":[{"href":"https:\/\/nuestrosescritores.com\/martinlorenzoparedesaparicio\/wp-json\/wp\/v2\/pages"}],"about":[{"href":"https:\/\/nuestrosescritores.com\/martinlorenzoparedesaparicio\/wp-json\/wp\/v2\/types\/page"}],"author":[{"embeddable":true,"href":"https:\/\/nuestrosescritores.com\/martinlorenzoparedesaparicio\/wp-json\/wp\/v2\/users\/1"}],"replies":[{"embeddable":true,"href":"https:\/\/nuestrosescritores.com\/martinlorenzoparedesaparicio\/wp-json\/wp\/v2\/comments?post=318"}],"version-history":[{"count":0,"href":"https:\/\/nuestrosescritores.com\/martinlorenzoparedesaparicio\/wp-json\/wp\/v2\/pages\/318\/revisions"}],"wp:featuredmedia":[{"embeddable":true,"href":"https:\/\/nuestrosescritores.com\/martinlorenzoparedesaparicio\/wp-json\/wp\/v2\/media\/270"}],"wp:attachment":[{"href":"https:\/\/nuestrosescritores.com\/martinlorenzoparedesaparicio\/wp-json\/wp\/v2\/media?parent=318"}],"curies":[{"name":"wp","href":"https:\/\/api.w.org\/{rel}","templated":true}]}}