{"id":315,"date":"2025-08-25T18:22:08","date_gmt":"2025-08-25T16:22:08","guid":{"rendered":"https:\/\/nuestrosescritores.com\/martinlorenzoparedesaparicio\/?page_id=315"},"modified":"2025-08-25T18:22:08","modified_gmt":"2025-08-25T16:22:08","slug":"poesias-de-la-voz-de-los-callados","status":"publish","type":"page","link":"https:\/\/nuestrosescritores.com\/martinlorenzoparedesaparicio\/poesias-de-la-voz-de-los-callados\/","title":{"rendered":"Poes\u00edas de la voz de los callados"},"content":{"rendered":"<div class=\"wpb-content-wrapper\">[vc_row full_width=&#8221;stretch_row_content_no_spaces&#8221;][vc_column extend=&#8221;false&#8221;]<div class='gambit_parallax_row' data-bg-align='' data-direction='fixed' data-opacity='100' data-velocity='-0.3' data-mobile-enabled='' data-bg-height='1200' data-bg-width='1600' data-bg-image='https:\/\/nuestrosescritores.com\/martinlorenzoparedesaparicio\/wp-content\/uploads\/sites\/193\/2025\/01\/2z6wz6nr1m4.jpg' data-bg-repeat='false' data-id='' style='display: none'><\/div><div class=\"gambit_fullheight_row\" data-content-location=\"center\" style=\"display: none\"><\/div>[\/vc_column][\/vc_row][vc_row][vc_column extend=&#8221;false&#8221;][vc_column_text]\n<h1><a name=\"puesta-de-sol\"><\/a><strong>Puesta de sol (I)<\/strong><\/h1>\n<p>Te derramas en el mar. Frente a m\u00ed. Luz de mi \u00faltimo suspiro.<br \/>\nUn hombre camina ciego por la orilla.<br \/>\nEl perro corre, sin entender.<br \/>\nLa luz deja paso a la noche, aunque no se ven las estrellas.<br \/>\nEs verdad que se ve el cielo y la luna asciende sin prisa.<br \/>\nSangre creciente que enciende los \u00faltimos sue\u00f1os de la tarde.<br \/>\nA\u00fan existe la esperanza: el hombre ciego quiz\u00e1 pueda ver.<br \/>\nNo hay luz m\u00e1s fuerte que la de este poema.<br \/>\n<span class='bctt-click-to-tweet'><span class='bctt-ctt-text'><a href='https:\/\/x.com\/intent\/tweet?url=https%3A%2F%2Fnuestrosescritores.com%2Fmartinlorenzoparedesaparicio%2Fpoesias-de-la-voz-de-los-callados%2F&#038;text=Puesta%20de%20sol%20%28I%29%20-%20La%20voz%20de%20los%20callados%20de%20Mart%C3%ADn%20Paredes%20Aparicio&#038;via=poesiaerestu&#038;related=poesiaerestu' target='_blank'rel=\"noopener noreferrer\">Puesta de sol (I) - La voz de los callados de Mart\u00edn Paredes Aparicio <\/a><\/span><a href='https:\/\/x.com\/intent\/tweet?url=https%3A%2F%2Fnuestrosescritores.com%2Fmartinlorenzoparedesaparicio%2Fpoesias-de-la-voz-de-los-callados%2F&#038;text=Puesta%20de%20sol%20%28I%29%20-%20La%20voz%20de%20los%20callados%20de%20Mart%C3%ADn%20Paredes%20Aparicio&#038;via=poesiaerestu&#038;related=poesiaerestu' target='_blank' class='bctt-ctt-btn'rel=\"noopener noreferrer\">Compartir en X<\/a><\/span>\n[\/vc_column_text][\/vc_column][\/vc_row]\n[vc_row full_width=&#8221;stretch_row_content_no_spaces&#8221;][vc_column extend=&#8221;false&#8221;]<div class='gambit_parallax_row' data-bg-align='' data-direction='fixed' data-opacity='100' data-velocity='-0.3' data-mobile-enabled='' data-bg-height='1200' data-bg-width='800' data-bg-image='https:\/\/nuestrosescritores.com\/martinlorenzoparedesaparicio\/wp-content\/uploads\/sites\/193\/2025\/01\/rk-svi0zqvm.jpg' data-bg-repeat='false' data-id='' style='display: none'><\/div><div class=\"gambit_fullheight_row\" data-content-location=\"center\" style=\"display: none\"><\/div>[\/vc_column][\/vc_row][vc_row][vc_column extend=&#8221;false&#8221;][vc_column_text]\n<h1><a name=\"invierno\"><\/a><strong>Invierno<\/strong><\/h1>\n<p>En este invierno sin piel, sin huesos, sin nieve que ver.<br \/>\nSin palabra.<br \/>\nSin voz.<br \/>\nSolo con este poema.<br \/>\nEscribiendo mi soledad.<br \/>\n<span class='bctt-click-to-tweet'><span class='bctt-ctt-text'><a href='https:\/\/x.com\/intent\/tweet?url=https%3A%2F%2Fnuestrosescritores.com%2Fmartinlorenzoparedesaparicio%2Fpoesias-de-la-voz-de-los-callados%2F&#038;text=Invierno%20-%20La%20voz%20de%20los%20callados%20de%20Mart%C3%ADn%20Paredes%20Aparicio&#038;via=poesiaerestu&#038;related=poesiaerestu' target='_blank'rel=\"noopener noreferrer\">Invierno - La voz de los callados de Mart\u00edn Paredes Aparicio <\/a><\/span><a href='https:\/\/x.com\/intent\/tweet?url=https%3A%2F%2Fnuestrosescritores.com%2Fmartinlorenzoparedesaparicio%2Fpoesias-de-la-voz-de-los-callados%2F&#038;text=Invierno%20-%20La%20voz%20de%20los%20callados%20de%20Mart%C3%ADn%20Paredes%20Aparicio&#038;via=poesiaerestu&#038;related=poesiaerestu' target='_blank' class='bctt-ctt-btn'rel=\"noopener noreferrer\">Compartir en X<\/a><\/span>\n[\/vc_column_text][\/vc_column][\/vc_row]\n[vc_row full_width=&#8221;stretch_row_content_no_spaces&#8221;][vc_column extend=&#8221;false&#8221;]<div class='gambit_parallax_row' data-bg-align='' data-direction='fixed' data-opacity='100' data-velocity='-0.3' data-mobile-enabled='' data-bg-height='1060' data-bg-width='1600' data-bg-image='https:\/\/nuestrosescritores.com\/martinlorenzoparedesaparicio\/wp-content\/uploads\/sites\/193\/2025\/01\/zu4lgbf_7fq.jpg' data-bg-repeat='false' data-id='' style='display: none'><\/div><div class=\"gambit_fullheight_row\" data-content-location=\"center\" style=\"display: none\"><\/div>[\/vc_column][\/vc_row][vc_row][vc_column extend=&#8221;false&#8221;][vc_column_text]\n<h1><a name=\"hipocritas\"><\/a><strong>Hip\u00f3critas<\/strong><\/h1>\n<p>\u00a1No maldigas m\u00e1s!<br \/>\n\u00a1No desfallezcas!<br \/>\nEl problema no eres t\u00fa.<br \/>\nEl problema son los otros.<br \/>\nMientras abres tu coraz\u00f3n,<br \/>\nte cercenan las arterias y beben tu sangre.<br \/>\n\u00a1Ellos no sufren!<br \/>\nBailan como vampiros bajo la melod\u00eda de una luna negra.<br \/>\nY se esconden, como putas rom\u00e1nticas, en las aceras.<br \/>\nPara entonces no decir nada.<br \/>\nY pasar desapercibidos, mientras t\u00fa mueres, antes que tus entra\u00f1as.<br \/>\n<span class='bctt-click-to-tweet'><span class='bctt-ctt-text'><a href='https:\/\/x.com\/intent\/tweet?url=https%3A%2F%2Fnuestrosescritores.com%2Fmartinlorenzoparedesaparicio%2Fpoesias-de-la-voz-de-los-callados%2F&#038;text=Hip%C3%B3critas%20-%20La%20voz%20de%20los%20callados%20de%20Mart%C3%ADn%20Paredes%20Aparicio&#038;via=poesiaerestu&#038;related=poesiaerestu' target='_blank'rel=\"noopener noreferrer\">Hip\u00f3critas - La voz de los callados de Mart\u00edn Paredes Aparicio <\/a><\/span><a href='https:\/\/x.com\/intent\/tweet?url=https%3A%2F%2Fnuestrosescritores.com%2Fmartinlorenzoparedesaparicio%2Fpoesias-de-la-voz-de-los-callados%2F&#038;text=Hip%C3%B3critas%20-%20La%20voz%20de%20los%20callados%20de%20Mart%C3%ADn%20Paredes%20Aparicio&#038;via=poesiaerestu&#038;related=poesiaerestu' target='_blank' class='bctt-ctt-btn'rel=\"noopener noreferrer\">Compartir en X<\/a><\/span>\n[\/vc_column_text][\/vc_column][\/vc_row]\n[vc_row full_width=&#8221;stretch_row_content_no_spaces&#8221;][vc_column extend=&#8221;false&#8221;]<div class='gambit_parallax_row' data-bg-align='' data-direction='fixed' data-opacity='100' data-velocity='-0.3' data-mobile-enabled='' data-bg-height='1280' data-bg-width='802' data-bg-image='https:\/\/nuestrosescritores.com\/martinlorenzoparedesaparicio\/wp-content\/uploads\/sites\/193\/2025\/01\/378903.jpg' data-bg-repeat='false' data-id='' style='display: none'><\/div><div class=\"gambit_fullheight_row\" data-content-location=\"center\" style=\"display: none\"><\/div>[\/vc_column][\/vc_row][vc_row][vc_column extend=&#8221;false&#8221;][vc_column_text]\n<h1><a name=\"invisible\"><\/a><strong>Invisible<\/strong><\/h1>\n<p>Agazapado en tu banco. Solo con un litro que calma la sed de tu alma.<br \/>\nNadie repara en ti. Y eso te duele.<br \/>\nSer invisible es tu destino.<br \/>\nLa plaza en la que descansas es un cuadro que nadie mira.<br \/>\nHay l\u00e1grimas en tu rostro. Y una arruga eterna cuyo surco no compadece ni al coraz\u00f3n m\u00e1s d\u00e9bil.<br \/>\nY t\u00fa que siempre has buscado rosas en el coraz\u00f3n de los que amas, siempre te han dado espinas.<br \/>\nPara que soportes el dolor y la indiferencia de una sociedad que ni a s\u00ed misma se soporta.<br \/>\n<span class='bctt-click-to-tweet'><span class='bctt-ctt-text'><a href='https:\/\/x.com\/intent\/tweet?url=https%3A%2F%2Fnuestrosescritores.com%2Fmartinlorenzoparedesaparicio%2Fpoesias-de-la-voz-de-los-callados%2F&#038;text=Invisible%20-%20La%20voz%20de%20los%20callados%20de%20Mart%C3%ADn%20Paredes%20Aparicio&#038;via=poesiaerestu&#038;related=poesiaerestu' target='_blank'rel=\"noopener noreferrer\">Invisible - La voz de los callados de Mart\u00edn Paredes Aparicio <\/a><\/span><a href='https:\/\/x.com\/intent\/tweet?url=https%3A%2F%2Fnuestrosescritores.com%2Fmartinlorenzoparedesaparicio%2Fpoesias-de-la-voz-de-los-callados%2F&#038;text=Invisible%20-%20La%20voz%20de%20los%20callados%20de%20Mart%C3%ADn%20Paredes%20Aparicio&#038;via=poesiaerestu&#038;related=poesiaerestu' target='_blank' class='bctt-ctt-btn'rel=\"noopener noreferrer\">Compartir en X<\/a><\/span>\n[\/vc_column_text][\/vc_column][\/vc_row]\n[vc_row full_width=&#8221;stretch_row_content_no_spaces&#8221;][vc_column extend=&#8221;false&#8221;]<div class='gambit_parallax_row' data-bg-align='' data-direction='fixed' data-opacity='100' data-velocity='-0.3' data-mobile-enabled='' data-bg-height='794' data-bg-width='559' data-bg-image='https:\/\/nuestrosescritores.com\/martinlorenzoparedesaparicio\/wp-content\/uploads\/sites\/193\/2025\/01\/0PortadaLavozdeloscallados.jpg' data-bg-repeat='false' data-id='' style='display: none'><\/div><div class=\"gambit_fullheight_row\" data-content-location=\"center\" style=\"display: none\"><\/div>[\/vc_column][\/vc_row][vc_row][vc_column extend=&#8221;false&#8221;][vc_column_text]\n<h1><a name=\"voz-cobarde\"><\/a><strong>Voz cobarde<\/strong><\/h1>\n<p>Hay una voz que calla y unos ojos que no miran el sufrimiento del que sufre.<br \/>\nUna voz injusta que no condena el asesinato de la mujer, del hombre, del emigrante, del refugiado. Una voz invisible a la muerte del ser humano. Y esa voz es una voz furtiva.<br \/>\nSe esconde en la luz tenue de la noche y no es capaz de hablar.<br \/>\nSiempre agazapada tras el ocaso.<br \/>\nNo se atreve a mirar al p\u00e1jaro que canta en la rama, cuando las flores crecen tiernas en los d\u00edas luminosos del mes de Mayo.<br \/>\nUna voz inerte que se olvida del lamento de las piedras que desaparecen r\u00e1pido como las hojas que caen de los \u00e1rboles cuando el mes se llama Noviembre y es amarillo. Es una voz temerosa de transformarse, de hablar.<br \/>\nEsta voz sigue asustada por el miedo fabricado por unos cuantos que nos dominan. Esta voz es tambi\u00e9n, nuestra voz, atrapada en el coraz\u00f3n. Y se retuerce en el pecho, ahogada, esperando un impulso para salir.<br \/>\nEs una voz, que es ciertamente tuya, silenciosa, angustiada, por no poder gritar y levantar los ojos.<br \/>\nPero llegar\u00e1 el d\u00eda y la voz muda se convertir\u00e1 en Esperanza.<br \/>\nY ser\u00e1 una voz viva y declamar\u00e1 libre y su eco ser\u00e1 tan veloz como el ave que vuela.<br \/>\n<span class='bctt-click-to-tweet'><span class='bctt-ctt-text'><a href='https:\/\/x.com\/intent\/tweet?url=https%3A%2F%2Fnuestrosescritores.com%2Fmartinlorenzoparedesaparicio%2Fpoesias-de-la-voz-de-los-callados%2F&#038;text=Voz%20cobarde%20-%20La%20voz%20de%20los%20callados%20de%20Mart%C3%ADn%20Paredes%20Aparicio&#038;via=poesiaerestu&#038;related=poesiaerestu' target='_blank'rel=\"noopener noreferrer\">Voz cobarde - La voz de los callados de Mart\u00edn Paredes Aparicio <\/a><\/span><a href='https:\/\/x.com\/intent\/tweet?url=https%3A%2F%2Fnuestrosescritores.com%2Fmartinlorenzoparedesaparicio%2Fpoesias-de-la-voz-de-los-callados%2F&#038;text=Voz%20cobarde%20-%20La%20voz%20de%20los%20callados%20de%20Mart%C3%ADn%20Paredes%20Aparicio&#038;via=poesiaerestu&#038;related=poesiaerestu' target='_blank' class='bctt-ctt-btn'rel=\"noopener noreferrer\">Compartir en X<\/a><\/span>\n[\/vc_column_text][\/vc_column][\/vc_row]\n[vc_row full_width=&#8221;stretch_row_content_no_spaces&#8221;][vc_column extend=&#8221;false&#8221;]<div class='gambit_parallax_row' data-bg-align='' data-direction='fixed' data-opacity='100' data-velocity='-0.3' data-mobile-enabled='' data-bg-height='853' data-bg-width='1280' data-bg-image='https:\/\/nuestrosescritores.com\/martinlorenzoparedesaparicio\/wp-content\/uploads\/sites\/193\/2025\/01\/4547785.jpg' data-bg-repeat='false' data-id='' style='display: none'><\/div><div class=\"gambit_fullheight_row\" data-content-location=\"center\" style=\"display: none\"><\/div>[\/vc_column][\/vc_row][vc_row][vc_column extend=&#8221;false&#8221;][vc_column_text]\n<h1><a name=\"maldita-guerra\"><\/a><strong>Maldita guerra<\/strong><\/h1>\n<p>La guerra existe porque el hombre la ha inventado. No va a la guerra el hombre viejo. Este decide quedarse en su castillo de piedra y jugar a general.<br \/>\nEs entonces cuando llaman a los hombres j\u00f3venes y todav\u00eda buenos. Y van a la batalla y comienzan a caer igual que caen las hojas de un \u00e1rbol en un oto\u00f1o triste y melanc\u00f3lico.<br \/>\nEl hombre viejo, les habla de banderas, de soles dorados que nunca se apagan. Y otra vez el hombre joven e ingenuo se lo cree. Y va a la guerra y su misi\u00f3n se convierte para \u00e9l en divina.<br \/>\nLa guerra no es una palabra bella. Es sangre y martirio. Es vanidad y gloria para el hombre viejo. Bebe la sangre del hombre joven e ingenuo para postergar su poder y existencia.<br \/>\nFuera las guerras y las banderas. Sigamos el dulce camino de la libertad, donde s\u00ed habr\u00e1 soles dorados que se apagar\u00e1n para renacer otro d\u00eda.<br \/>\nY brillar\u00e1n cuando el hombre sepa escribir la palabra paz.<br \/>\n<span class='bctt-click-to-tweet'><span class='bctt-ctt-text'><a href='https:\/\/x.com\/intent\/tweet?url=https%3A%2F%2Fnuestrosescritores.com%2Fmartinlorenzoparedesaparicio%2Fpoesias-de-la-voz-de-los-callados%2F&#038;text=Maldita%20guerra%20-%20La%20voz%20de%20los%20callados%20de%20Mart%C3%ADn%20Paredes%20Aparicio&#038;via=poesiaerestu&#038;related=poesiaerestu' target='_blank'rel=\"noopener noreferrer\">Maldita guerra - La voz de los callados de Mart\u00edn Paredes Aparicio <\/a><\/span><a href='https:\/\/x.com\/intent\/tweet?url=https%3A%2F%2Fnuestrosescritores.com%2Fmartinlorenzoparedesaparicio%2Fpoesias-de-la-voz-de-los-callados%2F&#038;text=Maldita%20guerra%20-%20La%20voz%20de%20los%20callados%20de%20Mart%C3%ADn%20Paredes%20Aparicio&#038;via=poesiaerestu&#038;related=poesiaerestu' target='_blank' class='bctt-ctt-btn'rel=\"noopener noreferrer\">Compartir en X<\/a><\/span>\n[\/vc_column_text][\/vc_column][\/vc_row]\n[vc_row full_width=&#8221;stretch_row_content_no_spaces&#8221;][vc_column extend=&#8221;false&#8221;]<div class='gambit_parallax_row' data-bg-align='' data-direction='fixed' data-opacity='100' data-velocity='-0.3' data-mobile-enabled='' data-bg-height='1134' data-bg-width='1600' data-bg-image='https:\/\/nuestrosescritores.com\/martinlorenzoparedesaparicio\/wp-content\/uploads\/sites\/193\/2025\/08\/wx_zbzixcla.jpg' data-bg-repeat='false' data-id='' style='display: none'><\/div><div class=\"gambit_fullheight_row\" data-content-location=\"center\" style=\"display: none\"><\/div>[\/vc_column][\/vc_row][vc_row][vc_column extend=&#8221;false&#8221;][vc_column_text]\n<h1><a name=\"yo-i\"><\/a><strong>Yo (I)<\/strong><\/h1>\n<p>Los dientes a veces muerden manzanas.<br \/>\nPero tambi\u00e9n existen dientes que cercenan el coraz\u00f3n; lo atraviesan sin fisuras, como la luz amarilla del oto\u00f1o se confunde con el \u00e1rbol.<br \/>\nPero m\u00e1s terrible son las palabras que nunca dices por miedo al miedo, por no ser valiente y olvidar, pues no hay mayor enemigo del tiempo que el perd\u00f3n.<br \/>\nSolo una palabra amable, un gesto, aunque no lo termines, curan igual que la luz fondea en el mar.<br \/>\nLa tarde acaba de comenzar, no tengas prisa por leer este poema, d\u00e9jalo que madure. No hay nada m\u00e1s bello que mirar la luna para enterrar las penas.<br \/>\n<span class='bctt-click-to-tweet'><span class='bctt-ctt-text'><a href='https:\/\/x.com\/intent\/tweet?url=https%3A%2F%2Fnuestrosescritores.com%2Fmartinlorenzoparedesaparicio%2Fpoesias-de-la-voz-de-los-callados%2F&#038;text=Yo%20%28I%29%20-%20La%20voz%20de%20los%20callados%20de%20Mart%C3%ADn%20Paredes%20Aparicio&#038;via=poesiaerestu&#038;related=poesiaerestu' target='_blank'rel=\"noopener noreferrer\">Yo (I) - La voz de los callados de Mart\u00edn Paredes Aparicio <\/a><\/span><a href='https:\/\/x.com\/intent\/tweet?url=https%3A%2F%2Fnuestrosescritores.com%2Fmartinlorenzoparedesaparicio%2Fpoesias-de-la-voz-de-los-callados%2F&#038;text=Yo%20%28I%29%20-%20La%20voz%20de%20los%20callados%20de%20Mart%C3%ADn%20Paredes%20Aparicio&#038;via=poesiaerestu&#038;related=poesiaerestu' target='_blank' class='bctt-ctt-btn'rel=\"noopener noreferrer\">Compartir en X<\/a><\/span>\n[\/vc_column_text][\/vc_column][\/vc_row]\n[vc_row full_width=&#8221;stretch_row_content_no_spaces&#8221;][vc_column extend=&#8221;false&#8221;]<div class='gambit_parallax_row' data-bg-align='' data-direction='fixed' data-opacity='100' data-velocity='-0.3' data-mobile-enabled='' data-bg-height='853' data-bg-width='1280' data-bg-image='https:\/\/nuestrosescritores.com\/martinlorenzoparedesaparicio\/wp-content\/uploads\/sites\/193\/2025\/08\/5433432.jpg' data-bg-repeat='false' data-id='' style='display: none'><\/div><div class=\"gambit_fullheight_row\" data-content-location=\"center\" style=\"display: none\"><\/div>[vc_column_text]\n<p style=\"text-align: center;\"><a class=\"fasc-button fasc-size-xlarge fasc-type-glossy fasc-rounded-medium\" style=\"background-color: #33809e; color: #ffffff;\" href=\"https:\/\/librodepoesia.com\/producto\/la-voz-de-los-callados-martin-paredes-aparicio\/\">Comprar el libro<\/a><\/p>\n[\/vc_column_text][\/vc_column][\/vc_row]\n<\/div>","protected":false},"excerpt":{"rendered":"<p>[vc_row full_width=&#8221;stretch_row_content_no_spaces&#8221;][vc_column extend=&#8221;false&#8221;][\/vc_column][\/vc_row][vc_row][vc_column extend=&#8221;false&#8221;][vc_column_text] Puesta de sol (I) Te derramas en el mar. Frente a m\u00ed. Luz de mi \u00faltimo suspiro. Un hombre camina ciego por la orilla. El perro corre, sin entender. La luz deja paso a la noche, aunque no se ven las estrellas. Es verdad que se ve el cielo y la [&hellip;]<\/p>\n","protected":false},"author":1,"featured_media":0,"parent":0,"menu_order":0,"comment_status":"closed","ping_status":"closed","template":"","meta":{"_acf_changed":false,"footnotes":""},"class_list":["post-315","page","type-page","status-publish","hentry"],"acf":[],"yoast_head":"<!-- This site is optimized with the Yoast SEO Premium plugin v24.7 (Yoast SEO v27.5) - https:\/\/yoast.com\/product\/yoast-seo-premium-wordpress\/ -->\n<title>Poes\u00edas de la voz de los callados - Mart\u00edn Lorenzo Paredes Aparicio<\/title>\n<meta name=\"robots\" content=\"index, follow, max-snippet:-1, max-image-preview:large, max-video-preview:-1\" \/>\n<link rel=\"canonical\" href=\"https:\/\/nuestrosescritores.com\/martinlorenzoparedesaparicio\/poesias-de-la-voz-de-los-callados\/\" \/>\n<meta property=\"og:locale\" content=\"es_ES\" \/>\n<meta property=\"og:type\" content=\"article\" \/>\n<meta property=\"og:title\" content=\"Poes\u00edas de la voz de los callados\" \/>\n<meta property=\"og:description\" content=\"[vc_row full_width=&#8221;stretch_row_content_no_spaces&#8221;][vc_column extend=&#8221;false&#8221;][\/vc_column][\/vc_row][vc_row][vc_column extend=&#8221;false&#8221;][vc_column_text] Puesta de sol (I) Te derramas en el mar. Frente a m\u00ed. Luz de mi \u00faltimo suspiro. Un hombre camina ciego por la orilla. El perro corre, sin entender. La luz deja paso a la noche, aunque no se ven las estrellas. Es verdad que se ve el cielo y la [&hellip;]\" \/>\n<meta property=\"og:url\" content=\"https:\/\/nuestrosescritores.com\/martinlorenzoparedesaparicio\/poesias-de-la-voz-de-los-callados\/\" \/>\n<meta property=\"og:site_name\" content=\"Mart\u00edn Lorenzo Paredes Aparicio\" \/>\n<meta name=\"twitter:card\" content=\"summary_large_image\" \/>\n<script type=\"application\/ld+json\" class=\"yoast-schema-graph\">{\"@context\":\"https:\\\/\\\/schema.org\",\"@graph\":[{\"@type\":\"WebPage\",\"@id\":\"https:\\\/\\\/nuestrosescritores.com\\\/martinlorenzoparedesaparicio\\\/poesias-de-la-voz-de-los-callados\\\/\",\"url\":\"https:\\\/\\\/nuestrosescritores.com\\\/martinlorenzoparedesaparicio\\\/poesias-de-la-voz-de-los-callados\\\/\",\"name\":\"Poes\u00edas de la voz de los callados - Mart\u00edn Lorenzo Paredes Aparicio\",\"isPartOf\":{\"@id\":\"https:\\\/\\\/nuestrosescritores.com\\\/martinlorenzoparedesaparicio\\\/#website\"},\"datePublished\":\"2025-08-25T16:22:08+00:00\",\"breadcrumb\":{\"@id\":\"https:\\\/\\\/nuestrosescritores.com\\\/martinlorenzoparedesaparicio\\\/poesias-de-la-voz-de-los-callados\\\/#breadcrumb\"},\"inLanguage\":\"es\",\"potentialAction\":[{\"@type\":\"ReadAction\",\"target\":[\"https:\\\/\\\/nuestrosescritores.com\\\/martinlorenzoparedesaparicio\\\/poesias-de-la-voz-de-los-callados\\\/\"]}]},{\"@type\":\"BreadcrumbList\",\"@id\":\"https:\\\/\\\/nuestrosescritores.com\\\/martinlorenzoparedesaparicio\\\/poesias-de-la-voz-de-los-callados\\\/#breadcrumb\",\"itemListElement\":[{\"@type\":\"ListItem\",\"position\":1,\"name\":\"Portada\",\"item\":\"https:\\\/\\\/nuestrosescritores.com\\\/martinlorenzoparedesaparicio\\\/\"},{\"@type\":\"ListItem\",\"position\":2,\"name\":\"Poes\u00edas de la voz de los callados\"}]},{\"@type\":\"WebSite\",\"@id\":\"https:\\\/\\\/nuestrosescritores.com\\\/martinlorenzoparedesaparicio\\\/#website\",\"url\":\"https:\\\/\\\/nuestrosescritores.com\\\/martinlorenzoparedesaparicio\\\/\",\"name\":\"Nuestros escritores\",\"description\":\"\",\"potentialAction\":[{\"@type\":\"SearchAction\",\"target\":{\"@type\":\"EntryPoint\",\"urlTemplate\":\"https:\\\/\\\/nuestrosescritores.com\\\/martinlorenzoparedesaparicio\\\/?s={search_term_string}\"},\"query-input\":{\"@type\":\"PropertyValueSpecification\",\"valueRequired\":true,\"valueName\":\"search_term_string\"}}],\"inLanguage\":\"es\"}]}<\/script>\n<!-- \/ Yoast SEO Premium plugin. -->","yoast_head_json":{"title":"Poes\u00edas de la voz de los callados - Mart\u00edn Lorenzo Paredes Aparicio","robots":{"index":"index","follow":"follow","max-snippet":"max-snippet:-1","max-image-preview":"max-image-preview:large","max-video-preview":"max-video-preview:-1"},"canonical":"https:\/\/nuestrosescritores.com\/martinlorenzoparedesaparicio\/poesias-de-la-voz-de-los-callados\/","og_locale":"es_ES","og_type":"article","og_title":"Poes\u00edas de la voz de los callados","og_description":"[vc_row full_width=&#8221;stretch_row_content_no_spaces&#8221;][vc_column extend=&#8221;false&#8221;][\/vc_column][\/vc_row][vc_row][vc_column extend=&#8221;false&#8221;][vc_column_text] Puesta de sol (I) Te derramas en el mar. Frente a m\u00ed. Luz de mi \u00faltimo suspiro. Un hombre camina ciego por la orilla. El perro corre, sin entender. La luz deja paso a la noche, aunque no se ven las estrellas. Es verdad que se ve el cielo y la [&hellip;]","og_url":"https:\/\/nuestrosescritores.com\/martinlorenzoparedesaparicio\/poesias-de-la-voz-de-los-callados\/","og_site_name":"Mart\u00edn Lorenzo Paredes Aparicio","twitter_card":"summary_large_image","schema":{"@context":"https:\/\/schema.org","@graph":[{"@type":"WebPage","@id":"https:\/\/nuestrosescritores.com\/martinlorenzoparedesaparicio\/poesias-de-la-voz-de-los-callados\/","url":"https:\/\/nuestrosescritores.com\/martinlorenzoparedesaparicio\/poesias-de-la-voz-de-los-callados\/","name":"Poes\u00edas de la voz de los callados - Mart\u00edn Lorenzo Paredes Aparicio","isPartOf":{"@id":"https:\/\/nuestrosescritores.com\/martinlorenzoparedesaparicio\/#website"},"datePublished":"2025-08-25T16:22:08+00:00","breadcrumb":{"@id":"https:\/\/nuestrosescritores.com\/martinlorenzoparedesaparicio\/poesias-de-la-voz-de-los-callados\/#breadcrumb"},"inLanguage":"es","potentialAction":[{"@type":"ReadAction","target":["https:\/\/nuestrosescritores.com\/martinlorenzoparedesaparicio\/poesias-de-la-voz-de-los-callados\/"]}]},{"@type":"BreadcrumbList","@id":"https:\/\/nuestrosescritores.com\/martinlorenzoparedesaparicio\/poesias-de-la-voz-de-los-callados\/#breadcrumb","itemListElement":[{"@type":"ListItem","position":1,"name":"Portada","item":"https:\/\/nuestrosescritores.com\/martinlorenzoparedesaparicio\/"},{"@type":"ListItem","position":2,"name":"Poes\u00edas de la voz de los callados"}]},{"@type":"WebSite","@id":"https:\/\/nuestrosescritores.com\/martinlorenzoparedesaparicio\/#website","url":"https:\/\/nuestrosescritores.com\/martinlorenzoparedesaparicio\/","name":"Nuestros escritores","description":"","potentialAction":[{"@type":"SearchAction","target":{"@type":"EntryPoint","urlTemplate":"https:\/\/nuestrosescritores.com\/martinlorenzoparedesaparicio\/?s={search_term_string}"},"query-input":{"@type":"PropertyValueSpecification","valueRequired":true,"valueName":"search_term_string"}}],"inLanguage":"es"}]}},"_links":{"self":[{"href":"https:\/\/nuestrosescritores.com\/martinlorenzoparedesaparicio\/wp-json\/wp\/v2\/pages\/315","targetHints":{"allow":["GET"]}}],"collection":[{"href":"https:\/\/nuestrosescritores.com\/martinlorenzoparedesaparicio\/wp-json\/wp\/v2\/pages"}],"about":[{"href":"https:\/\/nuestrosescritores.com\/martinlorenzoparedesaparicio\/wp-json\/wp\/v2\/types\/page"}],"author":[{"embeddable":true,"href":"https:\/\/nuestrosescritores.com\/martinlorenzoparedesaparicio\/wp-json\/wp\/v2\/users\/1"}],"replies":[{"embeddable":true,"href":"https:\/\/nuestrosescritores.com\/martinlorenzoparedesaparicio\/wp-json\/wp\/v2\/comments?post=315"}],"version-history":[{"count":0,"href":"https:\/\/nuestrosescritores.com\/martinlorenzoparedesaparicio\/wp-json\/wp\/v2\/pages\/315\/revisions"}],"wp:attachment":[{"href":"https:\/\/nuestrosescritores.com\/martinlorenzoparedesaparicio\/wp-json\/wp\/v2\/media?parent=315"}],"curies":[{"name":"wp","href":"https:\/\/api.w.org\/{rel}","templated":true}]}}