{"id":308,"date":"2025-08-25T18:09:03","date_gmt":"2025-08-25T16:09:03","guid":{"rendered":"https:\/\/nuestrosescritores.com\/martinlorenzoparedesaparicio\/?page_id=308"},"modified":"2025-08-25T18:09:03","modified_gmt":"2025-08-25T16:09:03","slug":"poesias-de-nana-a-una-madre","status":"publish","type":"page","link":"https:\/\/nuestrosescritores.com\/martinlorenzoparedesaparicio\/poesias-de-nana-a-una-madre\/","title":{"rendered":"Poes\u00edas de Nana a una madre"},"content":{"rendered":"<div class=\"wpb-content-wrapper\">[vc_row full_width=&#8221;stretch_row_content_no_spaces&#8221;][vc_column extend=&#8221;false&#8221;]<div class='gambit_parallax_row' data-bg-align='' data-direction='fixed' data-opacity='100' data-velocity='-0.3' data-mobile-enabled='' data-bg-height='1200' data-bg-width='1600' data-bg-image='https:\/\/nuestrosescritores.com\/martinlorenzoparedesaparicio\/wp-content\/uploads\/sites\/193\/2025\/01\/2z6wz6nr1m4.jpg' data-bg-repeat='false' data-id='' style='display: none'><\/div><div class=\"gambit_fullheight_row\" data-content-location=\"center\" style=\"display: none\"><\/div>[\/vc_column][\/vc_row][vc_row][vc_column extend=&#8221;false&#8221;][vc_column_text]\n<h1><a name=\"i\"><\/a><strong>I<\/strong><\/h1>\n<p>Quiz\u00e1 no pueda en un tiempo<br \/>\nolvidarme de la voz<br \/>\ndel mar.<br \/>\nDe su arena, tranquila y fina,<br \/>\ndonde los aromas se desplazan<br \/>\ny circundan unos sentidos<br \/>\nque tenemos dormidos.<br \/>\nHay palabras nacidas de las olas,<br \/>\nde la mirada eterna hacia un punto<br \/>\ninfinito, hac\u00eda el linde de un<br \/>\nhorizonte cautivo.<br \/>\nSin volver atr\u00e1s, pensamos en una<br \/>\ntranquilidad pausada, distante.<br \/>\nCelebramos el sonido del agua<br \/>\nigual que la campana replica en<br \/>\nla noche, sin importarle si alguien<br \/>\nduerme el m\u00e1s hermoso<br \/>\nde sus sue\u00f1os.<br \/>\nHay, en esta playa, alma, una<br \/>\nquietud diferente, solo alterada<br \/>\npor la m\u00fasica sencilla de los<br \/>\nca\u00f1averales.<br \/>\nEsperamos, ansiosos, el desembarco<br \/>\nde una nueva botella, con su mensaje<br \/>\nolvidado, buscando la historia de ese<br \/>\nalguien que, aunque no conocemos,<br \/>\nya forma parte de nosotros, de nuestra<br \/>\nvida.<\/p>\n<span class='bctt-click-to-tweet'><span class='bctt-ctt-text'><a href='https:\/\/x.com\/intent\/tweet?url=https%3A%2F%2Fnuestrosescritores.com%2Fmartinlorenzoparedesaparicio%2Fpoesias-de-nana-a-una-madre%2F&#038;text=I%20del%20libro%20Nana%20a%20una%20madre%20de%20Mart%C3%ADn%20Paredes%20Aparicio&#038;via=poesiaerestu&#038;related=poesiaerestu' target='_blank'rel=\"noopener noreferrer\">I del libro Nana a una madre de Mart\u00edn Paredes Aparicio <\/a><\/span><a href='https:\/\/x.com\/intent\/tweet?url=https%3A%2F%2Fnuestrosescritores.com%2Fmartinlorenzoparedesaparicio%2Fpoesias-de-nana-a-una-madre%2F&#038;text=I%20del%20libro%20Nana%20a%20una%20madre%20de%20Mart%C3%ADn%20Paredes%20Aparicio&#038;via=poesiaerestu&#038;related=poesiaerestu' target='_blank' class='bctt-ctt-btn'rel=\"noopener noreferrer\">Compartir en X<\/a><\/span>\n[\/vc_column_text][\/vc_column][\/vc_row]\n[vc_row full_width=&#8221;stretch_row_content_no_spaces&#8221;][vc_column extend=&#8221;false&#8221;]<div class='gambit_parallax_row' data-bg-align='' data-direction='fixed' data-opacity='100' data-velocity='-0.3' data-mobile-enabled='' data-bg-height='1200' data-bg-width='800' data-bg-image='https:\/\/nuestrosescritores.com\/martinlorenzoparedesaparicio\/wp-content\/uploads\/sites\/193\/2025\/01\/rk-svi0zqvm.jpg' data-bg-repeat='false' data-id='' style='display: none'><\/div><div class=\"gambit_fullheight_row\" data-content-location=\"center\" style=\"display: none\"><\/div>[\/vc_column][\/vc_row][vc_row][vc_column extend=&#8221;false&#8221;][vc_column_text]\n<h1><a name=\"ii\"><\/a><strong>II<\/strong><\/h1>\n<p>Ya solo nos queda la luz de este<br \/>\npoema para volver a reconocernos.<br \/>\nHan pasado tantos d\u00edas y tantas<br \/>\nnoches.<br \/>\nEl \u00e1rbol ha brotado de una tierra<br \/>\nroja y profunda, ra\u00edz imperecedera de una<br \/>\nvida que ser\u00e1 larga y pr\u00f3spera.<br \/>\nEl oto\u00f1o, distra\u00eddo en mis hojas amarillas,<br \/>\nha intercedido por los dos y ha vuelto<br \/>\na colocarnos en el mismo camino de<br \/>\npartida, en la misma encrucijada, donde<br \/>\nnos dimos el \u00faltimo beso. All\u00ed, nos dijimos<br \/>\nun adi\u00f3s quiz\u00e1 prematuro.<br \/>\nPero hemos vuelto a encontrarnos, para saber<br \/>\nvertebrar un amor que pensamos que era<br \/>\ninvertebrado. Sin emoci\u00f3n, solo con algo<br \/>\nde pureza, aunque siempre de verdad.<br \/>\nY esa verdad, tan alta como la luz<br \/>\ndel cielo, ha propiciado esta uni\u00f3n<br \/>\nque ya pens\u00e1bamos que no iba a producirse.<br \/>\n\u00bfAcaso no hay algo m\u00e1s bonito, m\u00e1s hermoso<br \/>\nque el crep\u00fasculo de los enamorados?<br \/>\nEl comienzo de una nueva ma\u00f1ana, de una<br \/>\naurora repartida por los brazos celestes.<br \/>\npor las nubes sonoras que siempre<br \/>\nvuelven a nuestra monta\u00f1a.<br \/>\nA mi lado, cuando tu mirada golpea<br \/>\nmi rostro, fuerte, igual que la luz<br \/>\nhiere a la ma\u00f1ana, qu\u00e9 feliz soy, oh amor<br \/>\nm\u00edo.<\/p>\n<span class='bctt-click-to-tweet'><span class='bctt-ctt-text'><a href='https:\/\/x.com\/intent\/tweet?url=https%3A%2F%2Fnuestrosescritores.com%2Fmartinlorenzoparedesaparicio%2Fpoesias-de-nana-a-una-madre%2F&#038;text=II%20del%20libro%20Nana%20a%20una%20madre%20de%20Mart%C3%ADn%20Paredes%20Aparicio&#038;via=poesiaerestu&#038;related=poesiaerestu' target='_blank'rel=\"noopener noreferrer\">II del libro Nana a una madre de Mart\u00edn Paredes Aparicio <\/a><\/span><a href='https:\/\/x.com\/intent\/tweet?url=https%3A%2F%2Fnuestrosescritores.com%2Fmartinlorenzoparedesaparicio%2Fpoesias-de-nana-a-una-madre%2F&#038;text=II%20del%20libro%20Nana%20a%20una%20madre%20de%20Mart%C3%ADn%20Paredes%20Aparicio&#038;via=poesiaerestu&#038;related=poesiaerestu' target='_blank' class='bctt-ctt-btn'rel=\"noopener noreferrer\">Compartir en X<\/a><\/span>\n[\/vc_column_text][\/vc_column][\/vc_row]\n[vc_row full_width=&#8221;stretch_row_content_no_spaces&#8221;][vc_column extend=&#8221;false&#8221;]<div class='gambit_parallax_row' data-bg-align='' data-direction='fixed' data-opacity='100' data-velocity='-0.3' data-mobile-enabled='' data-bg-height='1060' data-bg-width='1600' data-bg-image='https:\/\/nuestrosescritores.com\/martinlorenzoparedesaparicio\/wp-content\/uploads\/sites\/193\/2025\/01\/zu4lgbf_7fq.jpg' data-bg-repeat='false' data-id='' style='display: none'><\/div><div class=\"gambit_fullheight_row\" data-content-location=\"center\" style=\"display: none\"><\/div>[\/vc_column][\/vc_row][vc_row][vc_column extend=&#8221;false&#8221;][vc_column_text]\n<h1><a name=\"iv\"><\/a><strong>IV<\/strong><\/h1>\n<p>No dejar\u00e9 de mirarte mientras<br \/>\nexista el sol.<br \/>\nBuscar\u00e9 en silencio la voz<br \/>\ncon la que me llamas, como un<br \/>\nespectro distra\u00eddo, desde ese pl\u00e1cido<br \/>\nrinc\u00f3n donde te esp\u00edo.<br \/>\nLlegar\u00e9 tan pronto como el<br \/>\noto\u00f1o me lo permita, dej\u00e1ndome<br \/>\napadrinar por la melancol\u00eda de esas<br \/>\nhojas amarillas arrastradas por el<br \/>\nviento de la vida.<br \/>\nY entonces miraremos desde nuestro<br \/>\nbalc\u00f3n la mar tranquila, nadie la amenaza<br \/>\nya en la orilla.<br \/>\nY volveremos sin prisa, otra vez,<br \/>\nsin saber por qu\u00e9, a esa playa tuya, ah\u00ed<br \/>\nla luz brilla altiva y compite sonrojada<br \/>\ncon el azul de tu mirada que se escapa<br \/>\npor el cielo.<\/p>\n<span class='bctt-click-to-tweet'><span class='bctt-ctt-text'><a href='https:\/\/x.com\/intent\/tweet?url=https%3A%2F%2Fnuestrosescritores.com%2Fmartinlorenzoparedesaparicio%2Fpoesias-de-nana-a-una-madre%2F&#038;text=IV%20del%20libro%20Nana%20a%20una%20madre%20de%20Mart%C3%ADn%20Paredes%20Aparicio&#038;via=poesiaerestu&#038;related=poesiaerestu' target='_blank'rel=\"noopener noreferrer\">IV del libro Nana a una madre de Mart\u00edn Paredes Aparicio <\/a><\/span><a href='https:\/\/x.com\/intent\/tweet?url=https%3A%2F%2Fnuestrosescritores.com%2Fmartinlorenzoparedesaparicio%2Fpoesias-de-nana-a-una-madre%2F&#038;text=IV%20del%20libro%20Nana%20a%20una%20madre%20de%20Mart%C3%ADn%20Paredes%20Aparicio&#038;via=poesiaerestu&#038;related=poesiaerestu' target='_blank' class='bctt-ctt-btn'rel=\"noopener noreferrer\">Compartir en X<\/a><\/span>\n[\/vc_column_text][\/vc_column][\/vc_row]\n[vc_row full_width=&#8221;stretch_row_content_no_spaces&#8221;][vc_column extend=&#8221;false&#8221;]<div class='gambit_parallax_row' data-bg-align='' data-direction='fixed' data-opacity='100' data-velocity='-0.3' data-mobile-enabled='' data-bg-height='1280' data-bg-width='802' data-bg-image='https:\/\/nuestrosescritores.com\/martinlorenzoparedesaparicio\/wp-content\/uploads\/sites\/193\/2025\/01\/378903.jpg' data-bg-repeat='false' data-id='' style='display: none'><\/div><div class=\"gambit_fullheight_row\" data-content-location=\"center\" style=\"display: none\"><\/div>[\/vc_column][\/vc_row][vc_row][vc_column extend=&#8221;false&#8221;][vc_column_text]\n<h1><a name=\"vii\"><\/a><strong>VII<\/strong><\/h1>\n<p>Es ligero y aut\u00e9ntico el rubor<br \/>\nde un mar que azorado te<br \/>\nmira.<br \/>\nLa playa, diamante convertido en<br \/>\narena, zozobra sin complejos a<br \/>\nla deriva de una brisa firme, sin<br \/>\nhostilidad.<br \/>\nExiste algo en tu mente que te invita a<br \/>\nnadar entre las olas, a cubrirte con esa<br \/>\nmar, tuya, y a la que solo t\u00fa puedes<br \/>\nentrar.<br \/>\nMientras, en la orilla, yo te espero,<br \/>\nen una ausencia son\u00e1mbula.<br \/>\nY sin demora, te derrumbas y caes<br \/>\nlenta en el espejo m\u00e1gico de la<br \/>\norilla. Desnuda, sin m\u00e1s pudor, solo<br \/>\nel tuyo propio.<br \/>\nY me arrastras hasta un fondo invisible.<br \/>\nY pierdo la conciencia.<\/p>\n<span class='bctt-click-to-tweet'><span class='bctt-ctt-text'><a href='https:\/\/x.com\/intent\/tweet?url=https%3A%2F%2Fnuestrosescritores.com%2Fmartinlorenzoparedesaparicio%2Fpoesias-de-nana-a-una-madre%2F&#038;text=VII%20del%20libro%20Nana%20a%20una%20madre%20de%20Mart%C3%ADn%20Paredes%20Aparicio&#038;via=poesiaerestu&#038;related=poesiaerestu' target='_blank'rel=\"noopener noreferrer\">VII del libro Nana a una madre de Mart\u00edn Paredes Aparicio <\/a><\/span><a href='https:\/\/x.com\/intent\/tweet?url=https%3A%2F%2Fnuestrosescritores.com%2Fmartinlorenzoparedesaparicio%2Fpoesias-de-nana-a-una-madre%2F&#038;text=VII%20del%20libro%20Nana%20a%20una%20madre%20de%20Mart%C3%ADn%20Paredes%20Aparicio&#038;via=poesiaerestu&#038;related=poesiaerestu' target='_blank' class='bctt-ctt-btn'rel=\"noopener noreferrer\">Compartir en X<\/a><\/span>\n[\/vc_column_text][\/vc_column][\/vc_row]\n[vc_row full_width=&#8221;stretch_row_content_no_spaces&#8221;][vc_column extend=&#8221;false&#8221;]<div class='gambit_parallax_row' data-bg-align='' data-direction='fixed' data-opacity='100' data-velocity='-0.3' data-mobile-enabled='' data-bg-height='794' data-bg-width='559' data-bg-image='https:\/\/nuestrosescritores.com\/martinlorenzoparedesaparicio\/wp-content\/uploads\/sites\/193\/2025\/01\/0PortadaLavozdeloscallados.jpg' data-bg-repeat='false' data-id='' style='display: none'><\/div><div class=\"gambit_fullheight_row\" data-content-location=\"center\" style=\"display: none\"><\/div>[\/vc_column][\/vc_row][vc_row][vc_column extend=&#8221;false&#8221;][vc_column_text]\n<h1><a name=\"xv\"><\/a><strong>XV<\/strong><\/h1>\n<p>Tengo miedo a que no haya algo despu\u00e9s de m\u00ed.<br \/>\nPero sobre todo tengo miedo a que no existas despu\u00e9s de m\u00ed.<br \/>\nAl no verte cuando cruces a eso que llaman el otro lado.<br \/>\nTengo miedo a ser Manuel, m\u00e1rtir, a no rezarte, Dios m\u00edo.<br \/>\nAunque m\u00e1s miedo tengo a que alguien alg\u00fan d\u00eda me robe tus<br \/>\nabrazos.<\/p>\n<span class='bctt-click-to-tweet'><span class='bctt-ctt-text'><a href='https:\/\/x.com\/intent\/tweet?url=https%3A%2F%2Fnuestrosescritores.com%2Fmartinlorenzoparedesaparicio%2Fpoesias-de-nana-a-una-madre%2F&#038;text=XV%20del%20libro%20Nana%20a%20una%20madre%20de%20Mart%C3%ADn%20Paredes%20Aparicio&#038;via=poesiaerestu&#038;related=poesiaerestu' target='_blank'rel=\"noopener noreferrer\">XV del libro Nana a una madre de Mart\u00edn Paredes Aparicio <\/a><\/span><a href='https:\/\/x.com\/intent\/tweet?url=https%3A%2F%2Fnuestrosescritores.com%2Fmartinlorenzoparedesaparicio%2Fpoesias-de-nana-a-una-madre%2F&#038;text=XV%20del%20libro%20Nana%20a%20una%20madre%20de%20Mart%C3%ADn%20Paredes%20Aparicio&#038;via=poesiaerestu&#038;related=poesiaerestu' target='_blank' class='bctt-ctt-btn'rel=\"noopener noreferrer\">Compartir en X<\/a><\/span>\n[\/vc_column_text][\/vc_column][\/vc_row]\n[vc_row full_width=&#8221;stretch_row_content_no_spaces&#8221;][vc_column extend=&#8221;false&#8221;]<div class='gambit_parallax_row' data-bg-align='' data-direction='fixed' data-opacity='100' data-velocity='-0.3' data-mobile-enabled='' data-bg-height='853' data-bg-width='1280' data-bg-image='https:\/\/nuestrosescritores.com\/martinlorenzoparedesaparicio\/wp-content\/uploads\/sites\/193\/2025\/01\/4547785.jpg' data-bg-repeat='false' data-id='' style='display: none'><\/div><div class=\"gambit_fullheight_row\" data-content-location=\"center\" style=\"display: none\"><\/div>[\/vc_column][\/vc_row][vc_row][vc_column extend=&#8221;false&#8221;][vc_column_text]\n<h1><a name=\"xvii\"><\/a><strong>XVII<\/strong><\/h1>\n<p>Hoy he vuelto a llorar como antes.<br \/>\nMe he asomado a la ventana y los pozos ya no son de arena.<br \/>\nLa voz de la fuente discurre apacible entre las veredas verdes<br \/>\nde la plaza.<br \/>\nHan matado al verano, sin tiempo a claudicar.<br \/>\nLa tierra ha olvidado su sed.<\/p>\n<p>Y t\u00fa atrapada en un sue\u00f1o invisible,<br \/>\nen la quietud dorada de la tarde, asumes la llegada de la v\u00edspera<br \/>\ndel fr\u00edo y de la sangre.<br \/>\nDesnuda, sin \u00e1nimo de despertarte, piel tuya, escarcha que te<br \/>\ncubre; y a veces arde.<\/p>\n<span class='bctt-click-to-tweet'><span class='bctt-ctt-text'><a href='https:\/\/x.com\/intent\/tweet?url=https%3A%2F%2Fnuestrosescritores.com%2Fmartinlorenzoparedesaparicio%2Fpoesias-de-nana-a-una-madre%2F&#038;text=XVII%20del%20libro%20Nana%20a%20una%20madre%20de%20Mart%C3%ADn%20Paredes%20Aparicio&#038;via=poesiaerestu&#038;related=poesiaerestu' target='_blank'rel=\"noopener noreferrer\">XVII del libro Nana a una madre de Mart\u00edn Paredes Aparicio <\/a><\/span><a href='https:\/\/x.com\/intent\/tweet?url=https%3A%2F%2Fnuestrosescritores.com%2Fmartinlorenzoparedesaparicio%2Fpoesias-de-nana-a-una-madre%2F&#038;text=XVII%20del%20libro%20Nana%20a%20una%20madre%20de%20Mart%C3%ADn%20Paredes%20Aparicio&#038;via=poesiaerestu&#038;related=poesiaerestu' target='_blank' class='bctt-ctt-btn'rel=\"noopener noreferrer\">Compartir en X<\/a><\/span>\n[\/vc_column_text][\/vc_column][\/vc_row]\n[vc_row full_width=&#8221;stretch_row_content_no_spaces&#8221;][vc_column extend=&#8221;false&#8221;]<div class='gambit_parallax_row' data-bg-align='' data-direction='fixed' data-opacity='100' data-velocity='-0.3' data-mobile-enabled='' data-bg-height='1134' data-bg-width='1600' data-bg-image='https:\/\/nuestrosescritores.com\/martinlorenzoparedesaparicio\/wp-content\/uploads\/sites\/193\/2025\/08\/wx_zbzixcla.jpg' data-bg-repeat='false' data-id='' style='display: none'><\/div><div class=\"gambit_fullheight_row\" data-content-location=\"center\" style=\"display: none\"><\/div>[\/vc_column][\/vc_row][vc_row][vc_column extend=&#8221;false&#8221;][vc_column_text]\n<h1><a name=\"xlix\"><\/a><strong>XLIX<\/strong><\/h1>\n<p>Deja descansar ese pecho tuyo<br \/>\npor un instante.<br \/>\nArroja esa joven boca a la hechura<br \/>\ntierna de tu vientre.<br \/>\nNo demores m\u00e1s tu suspiro y reposa<br \/>\nesos ojos de vida que no paran de<br \/>\nllamarte: s\u00e9 fuerte y deja un momento<br \/>\nde pronunciar su nombre.<br \/>\nDeja que el incienso de tu recuerdos<br \/>\nnavegue pl\u00e1cido por el mar de la noche<br \/>\ny s\u00e9 capaz de replegar las velas de su llanto.<br \/>\nPero no dudes y recorre el espacio<br \/>\nque te reclama.<br \/>\nD\u00e9jame ver esa carne, esa que a m\u00ed tambi\u00e9n<br \/>\nme pertenece.<br \/>\nSon muchas noches ya sin sentir<br \/>\ntu aliento: deja libre ese pecho solo<br \/>\npor un instante.<\/p>\n<span class='bctt-click-to-tweet'><span class='bctt-ctt-text'><a href='https:\/\/x.com\/intent\/tweet?url=https%3A%2F%2Fnuestrosescritores.com%2Fmartinlorenzoparedesaparicio%2Fpoesias-de-nana-a-una-madre%2F&#038;text=XLIX%20del%20libro%20Nana%20a%20una%20madre%20de%20Mart%C3%ADn%20Paredes%20Aparicio&#038;via=poesiaerestu&#038;related=poesiaerestu' target='_blank'rel=\"noopener noreferrer\">XLIX del libro Nana a una madre de Mart\u00edn Paredes Aparicio <\/a><\/span><a href='https:\/\/x.com\/intent\/tweet?url=https%3A%2F%2Fnuestrosescritores.com%2Fmartinlorenzoparedesaparicio%2Fpoesias-de-nana-a-una-madre%2F&#038;text=XLIX%20del%20libro%20Nana%20a%20una%20madre%20de%20Mart%C3%ADn%20Paredes%20Aparicio&#038;via=poesiaerestu&#038;related=poesiaerestu' target='_blank' class='bctt-ctt-btn'rel=\"noopener noreferrer\">Compartir en X<\/a><\/span>\n[\/vc_column_text][\/vc_column][\/vc_row][vc_row full_width=&#8221;stretch_row_content_no_spaces&#8221;][vc_column extend=&#8221;false&#8221;]<div class='gambit_parallax_row' data-bg-align='' data-direction='fixed' data-opacity='100' data-velocity='-0.3' data-mobile-enabled='' data-bg-height='853' data-bg-width='1280' data-bg-image='https:\/\/nuestrosescritores.com\/martinlorenzoparedesaparicio\/wp-content\/uploads\/sites\/193\/2025\/08\/5433432.jpg' data-bg-repeat='false' data-id='' style='display: none'><\/div><div class=\"gambit_fullheight_row\" data-content-location=\"center\" style=\"display: none\"><\/div>[vc_column_text]\n<p style=\"text-align: center;\"><a class=\"fasc-button fasc-size-xlarge fasc-type-glossy fasc-rounded-medium\" style=\"background-color: #33809e; color: #ffffff;\" href=\"https:\/\/librodepoesia.com\/producto\/nana-a-una-madre-martin-paredes-aparicio\/\">Comprar el libro<\/a><\/p>\n[\/vc_column_text][\/vc_column][\/vc_row]\n<\/div>","protected":false},"excerpt":{"rendered":"<p>[vc_row full_width=&#8221;stretch_row_content_no_spaces&#8221;][vc_column extend=&#8221;false&#8221;][\/vc_column][\/vc_row][vc_row][vc_column extend=&#8221;false&#8221;][vc_column_text] I Quiz\u00e1 no pueda en un tiempo olvidarme de la voz del mar. De su arena, tranquila y fina, donde los aromas se desplazan y circundan unos sentidos que tenemos dormidos. Hay palabras nacidas de las olas, de la mirada eterna hacia un punto infinito, hac\u00eda el linde de un horizonte [&hellip;]<\/p>\n","protected":false},"author":1,"featured_media":0,"parent":0,"menu_order":0,"comment_status":"closed","ping_status":"closed","template":"","meta":{"_acf_changed":false,"footnotes":""},"class_list":["post-308","page","type-page","status-publish","hentry"],"acf":[],"yoast_head":"<!-- This site is optimized with the Yoast SEO Premium plugin v24.7 (Yoast SEO v27.5) - https:\/\/yoast.com\/product\/yoast-seo-premium-wordpress\/ -->\n<title>Poes\u00edas de Nana a una madre - Mart\u00edn Lorenzo Paredes Aparicio<\/title>\n<meta name=\"robots\" content=\"index, follow, max-snippet:-1, max-image-preview:large, max-video-preview:-1\" \/>\n<link rel=\"canonical\" href=\"https:\/\/nuestrosescritores.com\/martinlorenzoparedesaparicio\/poesias-de-nana-a-una-madre\/\" \/>\n<meta property=\"og:locale\" content=\"es_ES\" \/>\n<meta property=\"og:type\" content=\"article\" \/>\n<meta property=\"og:title\" content=\"Poes\u00edas de Nana a una madre\" \/>\n<meta property=\"og:description\" content=\"[vc_row full_width=&#8221;stretch_row_content_no_spaces&#8221;][vc_column extend=&#8221;false&#8221;][\/vc_column][\/vc_row][vc_row][vc_column extend=&#8221;false&#8221;][vc_column_text] I Quiz\u00e1 no pueda en un tiempo olvidarme de la voz del mar. De su arena, tranquila y fina, donde los aromas se desplazan y circundan unos sentidos que tenemos dormidos. Hay palabras nacidas de las olas, de la mirada eterna hacia un punto infinito, hac\u00eda el linde de un horizonte [&hellip;]\" \/>\n<meta property=\"og:url\" content=\"https:\/\/nuestrosescritores.com\/martinlorenzoparedesaparicio\/poesias-de-nana-a-una-madre\/\" \/>\n<meta property=\"og:site_name\" content=\"Mart\u00edn Lorenzo Paredes Aparicio\" \/>\n<meta name=\"twitter:card\" content=\"summary_large_image\" \/>\n<meta name=\"twitter:label1\" content=\"Tiempo de lectura\" \/>\n\t<meta name=\"twitter:data1\" content=\"5 minutos\" \/>\n<script type=\"application\/ld+json\" class=\"yoast-schema-graph\">{\"@context\":\"https:\\\/\\\/schema.org\",\"@graph\":[{\"@type\":\"WebPage\",\"@id\":\"https:\\\/\\\/nuestrosescritores.com\\\/martinlorenzoparedesaparicio\\\/poesias-de-nana-a-una-madre\\\/\",\"url\":\"https:\\\/\\\/nuestrosescritores.com\\\/martinlorenzoparedesaparicio\\\/poesias-de-nana-a-una-madre\\\/\",\"name\":\"Poes\u00edas de Nana a una madre - Mart\u00edn Lorenzo Paredes Aparicio\",\"isPartOf\":{\"@id\":\"https:\\\/\\\/nuestrosescritores.com\\\/martinlorenzoparedesaparicio\\\/#website\"},\"datePublished\":\"2025-08-25T16:09:03+00:00\",\"breadcrumb\":{\"@id\":\"https:\\\/\\\/nuestrosescritores.com\\\/martinlorenzoparedesaparicio\\\/poesias-de-nana-a-una-madre\\\/#breadcrumb\"},\"inLanguage\":\"es\",\"potentialAction\":[{\"@type\":\"ReadAction\",\"target\":[\"https:\\\/\\\/nuestrosescritores.com\\\/martinlorenzoparedesaparicio\\\/poesias-de-nana-a-una-madre\\\/\"]}]},{\"@type\":\"BreadcrumbList\",\"@id\":\"https:\\\/\\\/nuestrosescritores.com\\\/martinlorenzoparedesaparicio\\\/poesias-de-nana-a-una-madre\\\/#breadcrumb\",\"itemListElement\":[{\"@type\":\"ListItem\",\"position\":1,\"name\":\"Portada\",\"item\":\"https:\\\/\\\/nuestrosescritores.com\\\/martinlorenzoparedesaparicio\\\/\"},{\"@type\":\"ListItem\",\"position\":2,\"name\":\"Poes\u00edas de Nana a una madre\"}]},{\"@type\":\"WebSite\",\"@id\":\"https:\\\/\\\/nuestrosescritores.com\\\/martinlorenzoparedesaparicio\\\/#website\",\"url\":\"https:\\\/\\\/nuestrosescritores.com\\\/martinlorenzoparedesaparicio\\\/\",\"name\":\"Nuestros escritores\",\"description\":\"\",\"potentialAction\":[{\"@type\":\"SearchAction\",\"target\":{\"@type\":\"EntryPoint\",\"urlTemplate\":\"https:\\\/\\\/nuestrosescritores.com\\\/martinlorenzoparedesaparicio\\\/?s={search_term_string}\"},\"query-input\":{\"@type\":\"PropertyValueSpecification\",\"valueRequired\":true,\"valueName\":\"search_term_string\"}}],\"inLanguage\":\"es\"}]}<\/script>\n<!-- \/ Yoast SEO Premium plugin. -->","yoast_head_json":{"title":"Poes\u00edas de Nana a una madre - Mart\u00edn Lorenzo Paredes Aparicio","robots":{"index":"index","follow":"follow","max-snippet":"max-snippet:-1","max-image-preview":"max-image-preview:large","max-video-preview":"max-video-preview:-1"},"canonical":"https:\/\/nuestrosescritores.com\/martinlorenzoparedesaparicio\/poesias-de-nana-a-una-madre\/","og_locale":"es_ES","og_type":"article","og_title":"Poes\u00edas de Nana a una madre","og_description":"[vc_row full_width=&#8221;stretch_row_content_no_spaces&#8221;][vc_column extend=&#8221;false&#8221;][\/vc_column][\/vc_row][vc_row][vc_column extend=&#8221;false&#8221;][vc_column_text] I Quiz\u00e1 no pueda en un tiempo olvidarme de la voz del mar. De su arena, tranquila y fina, donde los aromas se desplazan y circundan unos sentidos que tenemos dormidos. Hay palabras nacidas de las olas, de la mirada eterna hacia un punto infinito, hac\u00eda el linde de un horizonte [&hellip;]","og_url":"https:\/\/nuestrosescritores.com\/martinlorenzoparedesaparicio\/poesias-de-nana-a-una-madre\/","og_site_name":"Mart\u00edn Lorenzo Paredes Aparicio","twitter_card":"summary_large_image","twitter_misc":{"Tiempo de lectura":"5 minutos"},"schema":{"@context":"https:\/\/schema.org","@graph":[{"@type":"WebPage","@id":"https:\/\/nuestrosescritores.com\/martinlorenzoparedesaparicio\/poesias-de-nana-a-una-madre\/","url":"https:\/\/nuestrosescritores.com\/martinlorenzoparedesaparicio\/poesias-de-nana-a-una-madre\/","name":"Poes\u00edas de Nana a una madre - Mart\u00edn Lorenzo Paredes Aparicio","isPartOf":{"@id":"https:\/\/nuestrosescritores.com\/martinlorenzoparedesaparicio\/#website"},"datePublished":"2025-08-25T16:09:03+00:00","breadcrumb":{"@id":"https:\/\/nuestrosescritores.com\/martinlorenzoparedesaparicio\/poesias-de-nana-a-una-madre\/#breadcrumb"},"inLanguage":"es","potentialAction":[{"@type":"ReadAction","target":["https:\/\/nuestrosescritores.com\/martinlorenzoparedesaparicio\/poesias-de-nana-a-una-madre\/"]}]},{"@type":"BreadcrumbList","@id":"https:\/\/nuestrosescritores.com\/martinlorenzoparedesaparicio\/poesias-de-nana-a-una-madre\/#breadcrumb","itemListElement":[{"@type":"ListItem","position":1,"name":"Portada","item":"https:\/\/nuestrosescritores.com\/martinlorenzoparedesaparicio\/"},{"@type":"ListItem","position":2,"name":"Poes\u00edas de Nana a una madre"}]},{"@type":"WebSite","@id":"https:\/\/nuestrosescritores.com\/martinlorenzoparedesaparicio\/#website","url":"https:\/\/nuestrosescritores.com\/martinlorenzoparedesaparicio\/","name":"Nuestros escritores","description":"","potentialAction":[{"@type":"SearchAction","target":{"@type":"EntryPoint","urlTemplate":"https:\/\/nuestrosescritores.com\/martinlorenzoparedesaparicio\/?s={search_term_string}"},"query-input":{"@type":"PropertyValueSpecification","valueRequired":true,"valueName":"search_term_string"}}],"inLanguage":"es"}]}},"_links":{"self":[{"href":"https:\/\/nuestrosescritores.com\/martinlorenzoparedesaparicio\/wp-json\/wp\/v2\/pages\/308","targetHints":{"allow":["GET"]}}],"collection":[{"href":"https:\/\/nuestrosescritores.com\/martinlorenzoparedesaparicio\/wp-json\/wp\/v2\/pages"}],"about":[{"href":"https:\/\/nuestrosescritores.com\/martinlorenzoparedesaparicio\/wp-json\/wp\/v2\/types\/page"}],"author":[{"embeddable":true,"href":"https:\/\/nuestrosescritores.com\/martinlorenzoparedesaparicio\/wp-json\/wp\/v2\/users\/1"}],"replies":[{"embeddable":true,"href":"https:\/\/nuestrosescritores.com\/martinlorenzoparedesaparicio\/wp-json\/wp\/v2\/comments?post=308"}],"version-history":[{"count":0,"href":"https:\/\/nuestrosescritores.com\/martinlorenzoparedesaparicio\/wp-json\/wp\/v2\/pages\/308\/revisions"}],"wp:attachment":[{"href":"https:\/\/nuestrosescritores.com\/martinlorenzoparedesaparicio\/wp-json\/wp\/v2\/media?parent=308"}],"curies":[{"name":"wp","href":"https:\/\/api.w.org\/{rel}","templated":true}]}}