{"id":301,"date":"2025-08-25T18:02:04","date_gmt":"2025-08-25T16:02:04","guid":{"rendered":"https:\/\/nuestrosescritores.com\/martinlorenzoparedesaparicio\/?page_id=301"},"modified":"2025-08-25T18:02:04","modified_gmt":"2025-08-25T16:02:04","slug":"poesias-de-vivir-en-tu-invierno","status":"publish","type":"page","link":"https:\/\/nuestrosescritores.com\/martinlorenzoparedesaparicio\/poesias-de-vivir-en-tu-invierno\/","title":{"rendered":"Poes\u00edas de Vivir en tu invierno"},"content":{"rendered":"<div class=\"wpb-content-wrapper\">[vc_row full_width=&#8221;stretch_row_content_no_spaces&#8221;][vc_column extend=&#8221;false&#8221;]<div class='gambit_parallax_row' data-bg-align='' data-direction='fixed' data-opacity='100' data-velocity='-0.3' data-mobile-enabled='' data-bg-height='1200' data-bg-width='1600' data-bg-image='https:\/\/nuestrosescritores.com\/martinlorenzoparedesaparicio\/wp-content\/uploads\/sites\/193\/2025\/01\/2z6wz6nr1m4.jpg' data-bg-repeat='false' data-id='' style='display: none'><\/div><div class=\"gambit_fullheight_row\" data-content-location=\"center\" style=\"display: none\"><\/div>[\/vc_column][\/vc_row][vc_row][vc_column extend=&#8221;false&#8221;][vc_column_text]\n<h1><a name=\"camino\"><\/a><strong>Camino<\/strong><\/h1>\n<p>La primavera cruza las postrimer\u00edas del invierno y los vencejos<br \/>\nreniegan de su condici\u00f3n de emigrantes. Como todos los d\u00edas,<br \/>\ndesde aquellos de Lisboa, vas al hospital.<br \/>\nLos pasillos ya saben tu nombre y la luz filtrada por las ventanas<br \/>\nescolta la paciencia de tus ojos.<br \/>\nVas contenta, con tu traje de enfermera.<br \/>\nLa devoci\u00f3n al Dios, que t\u00fa admiras, empieza en la sala de quimioterapia.<br \/>\nLos primeros pacientes del d\u00eda se encomiendan a la habilidad<br \/>\nde tus manos y al consejo de la experiencia.<br \/>\n\u201c<em>No tengan miedo, todo va a salir bien. Pronto volver\u00e1n a la ternura de sus hogares. La llama de la victoria destruir\u00e1 las c\u00e9lulas del miedo<\/em>\u201d. Les dices.<br \/>\n<span class='bctt-click-to-tweet'><span class='bctt-ctt-text'><a href='https:\/\/x.com\/intent\/tweet?url=https%3A%2F%2Fnuestrosescritores.com%2Fmartinlorenzoparedesaparicio%2Fpoesias-de-vivir-en-tu-invierno%2F&#038;text=Camino%2C%20del%20libro%20Vivir%20en%20tu%20invierno%20de%20Mart%C3%ADn%20Lorenzo%20Paredes%20Aparicio&#038;via=poesiaerestu&#038;related=poesiaerestu' target='_blank'rel=\"noopener noreferrer\">Camino, del libro Vivir en tu invierno de Mart\u00edn Lorenzo Paredes Aparicio <\/a><\/span><a href='https:\/\/x.com\/intent\/tweet?url=https%3A%2F%2Fnuestrosescritores.com%2Fmartinlorenzoparedesaparicio%2Fpoesias-de-vivir-en-tu-invierno%2F&#038;text=Camino%2C%20del%20libro%20Vivir%20en%20tu%20invierno%20de%20Mart%C3%ADn%20Lorenzo%20Paredes%20Aparicio&#038;via=poesiaerestu&#038;related=poesiaerestu' target='_blank' class='bctt-ctt-btn'rel=\"noopener noreferrer\">Compartir en X<\/a><\/span>\n[\/vc_column_text][\/vc_column][\/vc_row][vc_row full_width=&#8221;stretch_row_content_no_spaces&#8221;][vc_column extend=&#8221;false&#8221;]<div class='gambit_parallax_row' data-bg-align='' data-direction='fixed' data-opacity='100' data-velocity='-0.3' data-mobile-enabled='' data-bg-height='1200' data-bg-width='800' data-bg-image='https:\/\/nuestrosescritores.com\/martinlorenzoparedesaparicio\/wp-content\/uploads\/sites\/193\/2025\/01\/rk-svi0zqvm.jpg' data-bg-repeat='false' data-id='' style='display: none'><\/div><div class=\"gambit_fullheight_row\" data-content-location=\"center\" style=\"display: none\"><\/div>[\/vc_column][\/vc_row][vc_row][vc_column extend=&#8221;false&#8221;][vc_column_text]\n<h1><a name=\"solsticioii\"><\/a><strong>SOLTISCIO. II<\/strong><\/h1>\n<p>El amor existe porque<br \/>\nt\u00fa lo has inventado.<br \/>\n<span class='bctt-click-to-tweet'><span class='bctt-ctt-text'><a href='https:\/\/x.com\/intent\/tweet?url=https%3A%2F%2Fnuestrosescritores.com%2Fmartinlorenzoparedesaparicio%2Fpoesias-de-vivir-en-tu-invierno%2F&#038;text=II%20del%20libro%20Vivir%20en%20tu%20invierno%20de%20Mart%C3%ADn%20Lorenzo%20Paredes%20Aparicio&#038;via=poesiaerestu&#038;related=poesiaerestu' target='_blank'rel=\"noopener noreferrer\">II del libro Vivir en tu invierno de Mart\u00edn Lorenzo Paredes Aparicio <\/a><\/span><a href='https:\/\/x.com\/intent\/tweet?url=https%3A%2F%2Fnuestrosescritores.com%2Fmartinlorenzoparedesaparicio%2Fpoesias-de-vivir-en-tu-invierno%2F&#038;text=II%20del%20libro%20Vivir%20en%20tu%20invierno%20de%20Mart%C3%ADn%20Lorenzo%20Paredes%20Aparicio&#038;via=poesiaerestu&#038;related=poesiaerestu' target='_blank' class='bctt-ctt-btn'rel=\"noopener noreferrer\">Compartir en X<\/a><\/span>\n[\/vc_column_text][\/vc_column][\/vc_row][vc_row full_width=&#8221;stretch_row_content_no_spaces&#8221;][vc_column extend=&#8221;false&#8221;]<div class='gambit_parallax_row' data-bg-align='' data-direction='fixed' data-opacity='100' data-velocity='-0.3' data-mobile-enabled='' data-bg-height='1060' data-bg-width='1600' data-bg-image='https:\/\/nuestrosescritores.com\/martinlorenzoparedesaparicio\/wp-content\/uploads\/sites\/193\/2025\/01\/zu4lgbf_7fq.jpg' data-bg-repeat='false' data-id='' style='display: none'><\/div><div class=\"gambit_fullheight_row\" data-content-location=\"center\" style=\"display: none\"><\/div>[\/vc_column][\/vc_row][vc_row][vc_column extend=&#8221;false&#8221;][vc_column_text]\n<h1><a name=\"xiii\"><\/a><strong>XIII<\/strong><\/h1>\n<p>Cubrir deseo<br \/>\nlas horas en las que te vas.<br \/>\nY desespero al mirar el sal\u00f3n,<br \/>\ny no verte.<br \/>\nAs\u00ed transcurren las ma\u00f1anas,<br \/>\npesadas y lentas.<br \/>\nEsa caridad y paz<br \/>\nque en el hospital das<br \/>\ncomo nuestras quisiera sentirlas.<br \/>\n<span class='bctt-click-to-tweet'><span class='bctt-ctt-text'><a href='https:\/\/x.com\/intent\/tweet?url=https%3A%2F%2Fnuestrosescritores.com%2Fmartinlorenzoparedesaparicio%2Fpoesias-de-vivir-en-tu-invierno%2F&#038;text=XIII%20del%20libro%20Vivir%20en%20tu%20invierno%20de%20Mart%C3%ADn%20Lorenzo%20Paredes%20Aparicio&#038;via=poesiaerestu&#038;related=poesiaerestu' target='_blank'rel=\"noopener noreferrer\">XIII del libro Vivir en tu invierno de Mart\u00edn Lorenzo Paredes Aparicio <\/a><\/span><a href='https:\/\/x.com\/intent\/tweet?url=https%3A%2F%2Fnuestrosescritores.com%2Fmartinlorenzoparedesaparicio%2Fpoesias-de-vivir-en-tu-invierno%2F&#038;text=XIII%20del%20libro%20Vivir%20en%20tu%20invierno%20de%20Mart%C3%ADn%20Lorenzo%20Paredes%20Aparicio&#038;via=poesiaerestu&#038;related=poesiaerestu' target='_blank' class='bctt-ctt-btn'rel=\"noopener noreferrer\">Compartir en X<\/a><\/span>\n[\/vc_column_text][\/vc_column][\/vc_row][vc_row full_width=&#8221;stretch_row_content_no_spaces&#8221;][vc_column extend=&#8221;false&#8221;]<div class='gambit_parallax_row' data-bg-align='' data-direction='fixed' data-opacity='100' data-velocity='-0.3' data-mobile-enabled='' data-bg-height='1280' data-bg-width='802' data-bg-image='https:\/\/nuestrosescritores.com\/martinlorenzoparedesaparicio\/wp-content\/uploads\/sites\/193\/2025\/01\/378903.jpg' data-bg-repeat='false' data-id='' style='display: none'><\/div><div class=\"gambit_fullheight_row\" data-content-location=\"center\" style=\"display: none\"><\/div>[\/vc_column][\/vc_row][vc_row][vc_column extend=&#8221;false&#8221;][vc_column_text]\n<h1><a name=\"xix\"><\/a><strong>XIX<\/strong><\/h1>\n<p>Vuelve el animal sus ojos<br \/>\na la penumbra<br \/>\nde la noche.<br \/>\nSu mirada serena, con tu selva.<br \/>\nMi mano en tu muslo.<br \/>\nComo una huella en la playa.<br \/>\nEn las noches de noviembre,<br \/>\nsiempre te deber\u00e9 varias disculpas.<br \/>\nLa puerta del dormitorio,<br \/>\nabierta.<br \/>\nY en la cama leo<br \/>\nen el diario de tus ojos.<br \/>\nSiempre un oto\u00f1o habr\u00e1<br \/>\ncon su libro de hojas<br \/>\namarillas.<br \/>\n<span class='bctt-click-to-tweet'><span class='bctt-ctt-text'><a href='https:\/\/x.com\/intent\/tweet?url=https%3A%2F%2Fnuestrosescritores.com%2Fmartinlorenzoparedesaparicio%2Fpoesias-de-vivir-en-tu-invierno%2F&#038;text=XIX%20del%20libro%20Vivir%20en%20tu%20invierno%20de%20Mart%C3%ADn%20Lorenzo%20Paredes%20Aparicio&#038;via=poesiaerestu&#038;related=poesiaerestu' target='_blank'rel=\"noopener noreferrer\">XIX del libro Vivir en tu invierno de Mart\u00edn Lorenzo Paredes Aparicio <\/a><\/span><a href='https:\/\/x.com\/intent\/tweet?url=https%3A%2F%2Fnuestrosescritores.com%2Fmartinlorenzoparedesaparicio%2Fpoesias-de-vivir-en-tu-invierno%2F&#038;text=XIX%20del%20libro%20Vivir%20en%20tu%20invierno%20de%20Mart%C3%ADn%20Lorenzo%20Paredes%20Aparicio&#038;via=poesiaerestu&#038;related=poesiaerestu' target='_blank' class='bctt-ctt-btn'rel=\"noopener noreferrer\">Compartir en X<\/a><\/span>\n[\/vc_column_text][\/vc_column][\/vc_row][vc_row full_width=&#8221;stretch_row_content_no_spaces&#8221;][vc_column extend=&#8221;false&#8221;]<div class='gambit_parallax_row' data-bg-align='' data-direction='fixed' data-opacity='100' data-velocity='-0.3' data-mobile-enabled='' data-bg-height='794' data-bg-width='559' data-bg-image='https:\/\/nuestrosescritores.com\/martinlorenzoparedesaparicio\/wp-content\/uploads\/sites\/193\/2025\/01\/0PortadaLavozdeloscallados.jpg' data-bg-repeat='false' data-id='' style='display: none'><\/div><div class=\"gambit_fullheight_row\" data-content-location=\"center\" style=\"display: none\"><\/div>[\/vc_column][\/vc_row][vc_row][vc_column extend=&#8221;false&#8221;][vc_column_text]\n<h1><a name=\"xxxv\"><\/a><strong>XXXV<\/strong><\/h1>\n<p>\u00bfC\u00f3mo se salva una vida?<br \/>\nTe lo imaginabas.<br \/>\nPero hoy lo has sabido.<br \/>\nEl hombre, sin pulso.<br \/>\nLa reacci\u00f3n, muy r\u00e1pida.<br \/>\nLo tiras al suelo y tus manos fuertes<br \/>\nagarran su coraz\u00f3n.<br \/>\nTe encomiendas<br \/>\na la mec\u00e1nica de la experiencia<br \/>\nde un curso que hiciste<br \/>\nen una tarde de verano.<br \/>\nEl paciente parece querer subir<br \/>\ncon su alma al cielo.<br \/>\nNo lo dejas. Su vida<br \/>\ncon tus brazos sujetas.<br \/>\nEl poema contin\u00faa.<br \/>\n\u00c9l, todav\u00eda, no tiene permiso<br \/>\npara partir.<br \/>\nDesde hoy, te llamar\u00e1n<br \/>\nhero\u00edna, quiz\u00e1.<br \/>\nAmar es tu vocaci\u00f3n, tu flor<br \/>\nm\u00e1s hermosa.<br \/>\n<span class='bctt-click-to-tweet'><span class='bctt-ctt-text'><a href='https:\/\/x.com\/intent\/tweet?url=https%3A%2F%2Fnuestrosescritores.com%2Fmartinlorenzoparedesaparicio%2Fpoesias-de-vivir-en-tu-invierno%2F&#038;text=XXXV%20del%20libro%20Vivir%20en%20tu%20invierno%20de%20Mart%C3%ADn%20Lorenzo%20Paredes%20Aparicio&#038;via=poesiaerestu&#038;related=poesiaerestu' target='_blank'rel=\"noopener noreferrer\">XXXV del libro Vivir en tu invierno de Mart\u00edn Lorenzo Paredes Aparicio <\/a><\/span><a href='https:\/\/x.com\/intent\/tweet?url=https%3A%2F%2Fnuestrosescritores.com%2Fmartinlorenzoparedesaparicio%2Fpoesias-de-vivir-en-tu-invierno%2F&#038;text=XXXV%20del%20libro%20Vivir%20en%20tu%20invierno%20de%20Mart%C3%ADn%20Lorenzo%20Paredes%20Aparicio&#038;via=poesiaerestu&#038;related=poesiaerestu' target='_blank' class='bctt-ctt-btn'rel=\"noopener noreferrer\">Compartir en X<\/a><\/span>\n[\/vc_column_text][\/vc_column][\/vc_row][vc_row full_width=&#8221;stretch_row_content_no_spaces&#8221;][vc_column extend=&#8221;false&#8221;]<div class='gambit_parallax_row' data-bg-align='' data-direction='fixed' data-opacity='100' data-velocity='-0.3' data-mobile-enabled='' data-bg-height='853' data-bg-width='1280' data-bg-image='https:\/\/nuestrosescritores.com\/martinlorenzoparedesaparicio\/wp-content\/uploads\/sites\/193\/2025\/01\/4547785.jpg' data-bg-repeat='false' data-id='' style='display: none'><\/div><div class=\"gambit_fullheight_row\" data-content-location=\"center\" style=\"display: none\"><\/div>[\/vc_column][\/vc_row][vc_row][vc_column extend=&#8221;false&#8221;][vc_column_text]\n<h1><a name=\"xliii\"><\/a><strong>XLIII<br \/>\nA mi hija de cuatro a\u00f1os<\/strong><\/h1>\n<p>Acu\u00e9rdate, Julia,<br \/>\nde la luz del<br \/>\nMediterr\u00e1neo.<br \/>\nCon dos a\u00f1os, ya lo hab\u00edas visto.<br \/>\nEras valiente, tocar siempre el mar<br \/>\nquer\u00edas.<br \/>\nTodav\u00eda sigues haci\u00e9ndolo.<br \/>\nSalvar vidas en el azul<br \/>\nes el hilo de tu destino.<br \/>\nLas primeras palabras de este poema<br \/>\nson muy ciertas.<br \/>\nSin embargo, tus veranos son cuatro.<br \/>\nS\u00e9 que tu ventura<br \/>\nser\u00e1 entrar en el mar de tu infancia,<br \/>\ndonde las olas<br \/>\npronuncian con alegr\u00eda tu nombre.<br \/>\n<span class='bctt-click-to-tweet'><span class='bctt-ctt-text'><a href='https:\/\/x.com\/intent\/tweet?url=https%3A%2F%2Fnuestrosescritores.com%2Fmartinlorenzoparedesaparicio%2Fpoesias-de-vivir-en-tu-invierno%2F&#038;text=XLIII%20del%20libro%20Vivir%20en%20tu%20invierno%20de%20Mart%C3%ADn%20Lorenzo%20Paredes%20Aparicio&#038;via=poesiaerestu&#038;related=poesiaerestu' target='_blank'rel=\"noopener noreferrer\">XLIII del libro Vivir en tu invierno de Mart\u00edn Lorenzo Paredes Aparicio <\/a><\/span><a href='https:\/\/x.com\/intent\/tweet?url=https%3A%2F%2Fnuestrosescritores.com%2Fmartinlorenzoparedesaparicio%2Fpoesias-de-vivir-en-tu-invierno%2F&#038;text=XLIII%20del%20libro%20Vivir%20en%20tu%20invierno%20de%20Mart%C3%ADn%20Lorenzo%20Paredes%20Aparicio&#038;via=poesiaerestu&#038;related=poesiaerestu' target='_blank' class='bctt-ctt-btn'rel=\"noopener noreferrer\">Compartir en X<\/a><\/span>\n[\/vc_column_text][\/vc_column][\/vc_row][vc_row full_width=&#8221;stretch_row_content_no_spaces&#8221;][vc_column extend=&#8221;false&#8221;]<div class='gambit_parallax_row' data-bg-align='' data-direction='fixed' data-opacity='100' data-velocity='-0.3' data-mobile-enabled='' data-bg-height='1134' data-bg-width='1600' data-bg-image='https:\/\/nuestrosescritores.com\/martinlorenzoparedesaparicio\/wp-content\/uploads\/sites\/193\/2025\/08\/wx_zbzixcla.jpg' data-bg-repeat='false' data-id='' style='display: none'><\/div><div class=\"gambit_fullheight_row\" data-content-location=\"center\" style=\"display: none\"><\/div>[\/vc_column][\/vc_row][vc_row][vc_column extend=&#8221;false&#8221;][vc_column_text]\n<h1><a name=\"poemas_julia_emma\"><\/a><strong>Poemas de Julia y Emma&#8230; Noche I<\/strong><\/h1>\n<p>Los recuerdos vuelven y en la oscuridad se ven claros como las<br \/>\nestrellas.<br \/>\nLa noche est\u00e1 siendo un reloj sin cuerda; apenas consigo dormir.<br \/>\nEl tiempo es prisionero de los \u00e1rboles de la plaza.<br \/>\nVuelve r\u00e1pido del hospital de los milagros.<br \/>\nY deja un poco de amor; que sea la paz que cura a los que all\u00ed luchan.<br \/>\nNo temas, madre, a despertarme.<br \/>\n<span class='bctt-click-to-tweet'><span class='bctt-ctt-text'><a href='https:\/\/x.com\/intent\/tweet?url=https%3A%2F%2Fnuestrosescritores.com%2Fmartinlorenzoparedesaparicio%2Fpoesias-de-vivir-en-tu-invierno%2F&#038;text=Noche%20I%20del%20libro%20Vivir%20en%20tu%20invierno%20de%20Mart%C3%ADn%20Lorenzo%20Paredes%20Aparicio&#038;via=poesiaerestu&#038;related=poesiaerestu' target='_blank'rel=\"noopener noreferrer\">Noche I del libro Vivir en tu invierno de Mart\u00edn Lorenzo Paredes Aparicio <\/a><\/span><a href='https:\/\/x.com\/intent\/tweet?url=https%3A%2F%2Fnuestrosescritores.com%2Fmartinlorenzoparedesaparicio%2Fpoesias-de-vivir-en-tu-invierno%2F&#038;text=Noche%20I%20del%20libro%20Vivir%20en%20tu%20invierno%20de%20Mart%C3%ADn%20Lorenzo%20Paredes%20Aparicio&#038;via=poesiaerestu&#038;related=poesiaerestu' target='_blank' class='bctt-ctt-btn'rel=\"noopener noreferrer\">Compartir en X<\/a><\/span>\n[\/vc_column_text][\/vc_column][\/vc_row][vc_row full_width=&#8221;stretch_row_content_no_spaces&#8221;][vc_column extend=&#8221;false&#8221;]<div class='gambit_parallax_row' data-bg-align='' data-direction='fixed' data-opacity='100' data-velocity='-0.3' data-mobile-enabled='' data-bg-height='853' data-bg-width='1280' data-bg-image='https:\/\/nuestrosescritores.com\/martinlorenzoparedesaparicio\/wp-content\/uploads\/sites\/193\/2025\/08\/5433432.jpg' data-bg-repeat='false' data-id='' style='display: none'><\/div><div class=\"gambit_fullheight_row\" data-content-location=\"center\" style=\"display: none\"><\/div>[vc_column_text]\n<p style=\"text-align: center;\"><a class=\"fasc-button fasc-size-xlarge fasc-type-glossy fasc-rounded-medium\" style=\"background-color: #33809e; color: #ffffff;\" href=\"https:\/\/librodepoesia.com\/producto\/vivir-en-tu-invierno-martin-lorenzo-paredes-aparicio\/\">Comprar el libro<\/a><\/p>\n[\/vc_column_text][\/vc_column][\/vc_row]\n<\/div>","protected":false},"excerpt":{"rendered":"<p>[vc_row full_width=&#8221;stretch_row_content_no_spaces&#8221;][vc_column extend=&#8221;false&#8221;][\/vc_column][\/vc_row][vc_row][vc_column extend=&#8221;false&#8221;][vc_column_text] Camino La primavera cruza las postrimer\u00edas del invierno y los vencejos reniegan de su condici\u00f3n de emigrantes. Como todos los d\u00edas, desde aquellos de Lisboa, vas al hospital. Los pasillos ya saben tu nombre y la luz filtrada por las ventanas escolta la paciencia de tus ojos. Vas contenta, con tu [&hellip;]<\/p>\n","protected":false},"author":1,"featured_media":251,"parent":0,"menu_order":0,"comment_status":"closed","ping_status":"closed","template":"","meta":{"_acf_changed":false,"footnotes":""},"class_list":["post-301","page","type-page","status-publish","has-post-thumbnail","hentry"],"acf":[],"yoast_head":"<!-- This site is optimized with the Yoast SEO Premium plugin v24.7 (Yoast SEO v27.5) - https:\/\/yoast.com\/product\/yoast-seo-premium-wordpress\/ -->\n<title>Poes\u00edas de Vivir en tu invierno - Mart\u00edn Lorenzo Paredes Aparicio<\/title>\n<meta name=\"robots\" content=\"index, follow, max-snippet:-1, max-image-preview:large, max-video-preview:-1\" \/>\n<link rel=\"canonical\" href=\"https:\/\/nuestrosescritores.com\/martinlorenzoparedesaparicio\/poesias-de-vivir-en-tu-invierno\/\" \/>\n<meta property=\"og:locale\" content=\"es_ES\" \/>\n<meta property=\"og:type\" content=\"article\" \/>\n<meta property=\"og:title\" content=\"Poes\u00edas de Vivir en tu invierno\" \/>\n<meta property=\"og:description\" content=\"[vc_row full_width=&#8221;stretch_row_content_no_spaces&#8221;][vc_column extend=&#8221;false&#8221;][\/vc_column][\/vc_row][vc_row][vc_column extend=&#8221;false&#8221;][vc_column_text] Camino La primavera cruza las postrimer\u00edas del invierno y los vencejos reniegan de su condici\u00f3n de emigrantes. Como todos los d\u00edas, desde aquellos de Lisboa, vas al hospital. Los pasillos ya saben tu nombre y la luz filtrada por las ventanas escolta la paciencia de tus ojos. Vas contenta, con tu [&hellip;]\" \/>\n<meta property=\"og:url\" content=\"https:\/\/nuestrosescritores.com\/martinlorenzoparedesaparicio\/poesias-de-vivir-en-tu-invierno\/\" \/>\n<meta property=\"og:site_name\" content=\"Mart\u00edn Lorenzo Paredes Aparicio\" \/>\n<meta property=\"og:image\" content=\"http:\/\/nuestrosescritores.com\/martinlorenzoparedesaparicio\/wp-content\/uploads\/sites\/193\/2025\/01\/0_Portada_Vivir-en-tu-invierno-1.jpg\" \/>\n\t<meta property=\"og:image:width\" content=\"420\" \/>\n\t<meta property=\"og:image:height\" content=\"595\" \/>\n\t<meta property=\"og:image:type\" content=\"image\/jpeg\" \/>\n<meta name=\"twitter:card\" content=\"summary_large_image\" \/>\n<meta name=\"twitter:label1\" content=\"Tiempo de lectura\" \/>\n\t<meta name=\"twitter:data1\" content=\"5 minutos\" \/>\n<script type=\"application\/ld+json\" class=\"yoast-schema-graph\">{\"@context\":\"https:\\\/\\\/schema.org\",\"@graph\":[{\"@type\":\"WebPage\",\"@id\":\"https:\\\/\\\/nuestrosescritores.com\\\/martinlorenzoparedesaparicio\\\/poesias-de-vivir-en-tu-invierno\\\/\",\"url\":\"https:\\\/\\\/nuestrosescritores.com\\\/martinlorenzoparedesaparicio\\\/poesias-de-vivir-en-tu-invierno\\\/\",\"name\":\"Poes\u00edas de Vivir en tu invierno - Mart\u00edn Lorenzo Paredes Aparicio\",\"isPartOf\":{\"@id\":\"https:\\\/\\\/nuestrosescritores.com\\\/martinlorenzoparedesaparicio\\\/#website\"},\"primaryImageOfPage\":{\"@id\":\"https:\\\/\\\/nuestrosescritores.com\\\/martinlorenzoparedesaparicio\\\/poesias-de-vivir-en-tu-invierno\\\/#primaryimage\"},\"image\":{\"@id\":\"https:\\\/\\\/nuestrosescritores.com\\\/martinlorenzoparedesaparicio\\\/poesias-de-vivir-en-tu-invierno\\\/#primaryimage\"},\"thumbnailUrl\":\"https:\\\/\\\/nuestrosescritores.com\\\/martinlorenzoparedesaparicio\\\/wp-content\\\/uploads\\\/sites\\\/193\\\/2025\\\/01\\\/0_Portada_Vivir-en-tu-invierno-1.jpg\",\"datePublished\":\"2025-08-25T16:02:04+00:00\",\"breadcrumb\":{\"@id\":\"https:\\\/\\\/nuestrosescritores.com\\\/martinlorenzoparedesaparicio\\\/poesias-de-vivir-en-tu-invierno\\\/#breadcrumb\"},\"inLanguage\":\"es\",\"potentialAction\":[{\"@type\":\"ReadAction\",\"target\":[\"https:\\\/\\\/nuestrosescritores.com\\\/martinlorenzoparedesaparicio\\\/poesias-de-vivir-en-tu-invierno\\\/\"]}]},{\"@type\":\"ImageObject\",\"inLanguage\":\"es\",\"@id\":\"https:\\\/\\\/nuestrosescritores.com\\\/martinlorenzoparedesaparicio\\\/poesias-de-vivir-en-tu-invierno\\\/#primaryimage\",\"url\":\"https:\\\/\\\/nuestrosescritores.com\\\/martinlorenzoparedesaparicio\\\/wp-content\\\/uploads\\\/sites\\\/193\\\/2025\\\/01\\\/0_Portada_Vivir-en-tu-invierno-1.jpg\",\"contentUrl\":\"https:\\\/\\\/nuestrosescritores.com\\\/martinlorenzoparedesaparicio\\\/wp-content\\\/uploads\\\/sites\\\/193\\\/2025\\\/01\\\/0_Portada_Vivir-en-tu-invierno-1.jpg\",\"width\":420,\"height\":595},{\"@type\":\"BreadcrumbList\",\"@id\":\"https:\\\/\\\/nuestrosescritores.com\\\/martinlorenzoparedesaparicio\\\/poesias-de-vivir-en-tu-invierno\\\/#breadcrumb\",\"itemListElement\":[{\"@type\":\"ListItem\",\"position\":1,\"name\":\"Portada\",\"item\":\"https:\\\/\\\/nuestrosescritores.com\\\/martinlorenzoparedesaparicio\\\/\"},{\"@type\":\"ListItem\",\"position\":2,\"name\":\"Poes\u00edas de Vivir en tu invierno\"}]},{\"@type\":\"WebSite\",\"@id\":\"https:\\\/\\\/nuestrosescritores.com\\\/martinlorenzoparedesaparicio\\\/#website\",\"url\":\"https:\\\/\\\/nuestrosescritores.com\\\/martinlorenzoparedesaparicio\\\/\",\"name\":\"Nuestros escritores\",\"description\":\"\",\"potentialAction\":[{\"@type\":\"SearchAction\",\"target\":{\"@type\":\"EntryPoint\",\"urlTemplate\":\"https:\\\/\\\/nuestrosescritores.com\\\/martinlorenzoparedesaparicio\\\/?s={search_term_string}\"},\"query-input\":{\"@type\":\"PropertyValueSpecification\",\"valueRequired\":true,\"valueName\":\"search_term_string\"}}],\"inLanguage\":\"es\"}]}<\/script>\n<!-- \/ Yoast SEO Premium plugin. -->","yoast_head_json":{"title":"Poes\u00edas de Vivir en tu invierno - Mart\u00edn Lorenzo Paredes Aparicio","robots":{"index":"index","follow":"follow","max-snippet":"max-snippet:-1","max-image-preview":"max-image-preview:large","max-video-preview":"max-video-preview:-1"},"canonical":"https:\/\/nuestrosescritores.com\/martinlorenzoparedesaparicio\/poesias-de-vivir-en-tu-invierno\/","og_locale":"es_ES","og_type":"article","og_title":"Poes\u00edas de Vivir en tu invierno","og_description":"[vc_row full_width=&#8221;stretch_row_content_no_spaces&#8221;][vc_column extend=&#8221;false&#8221;][\/vc_column][\/vc_row][vc_row][vc_column extend=&#8221;false&#8221;][vc_column_text] Camino La primavera cruza las postrimer\u00edas del invierno y los vencejos reniegan de su condici\u00f3n de emigrantes. Como todos los d\u00edas, desde aquellos de Lisboa, vas al hospital. Los pasillos ya saben tu nombre y la luz filtrada por las ventanas escolta la paciencia de tus ojos. Vas contenta, con tu [&hellip;]","og_url":"https:\/\/nuestrosescritores.com\/martinlorenzoparedesaparicio\/poesias-de-vivir-en-tu-invierno\/","og_site_name":"Mart\u00edn Lorenzo Paredes Aparicio","og_image":[{"width":420,"height":595,"url":"http:\/\/nuestrosescritores.com\/martinlorenzoparedesaparicio\/wp-content\/uploads\/sites\/193\/2025\/01\/0_Portada_Vivir-en-tu-invierno-1.jpg","type":"image\/jpeg"}],"twitter_card":"summary_large_image","twitter_misc":{"Tiempo de lectura":"5 minutos"},"schema":{"@context":"https:\/\/schema.org","@graph":[{"@type":"WebPage","@id":"https:\/\/nuestrosescritores.com\/martinlorenzoparedesaparicio\/poesias-de-vivir-en-tu-invierno\/","url":"https:\/\/nuestrosescritores.com\/martinlorenzoparedesaparicio\/poesias-de-vivir-en-tu-invierno\/","name":"Poes\u00edas de Vivir en tu invierno - Mart\u00edn Lorenzo Paredes Aparicio","isPartOf":{"@id":"https:\/\/nuestrosescritores.com\/martinlorenzoparedesaparicio\/#website"},"primaryImageOfPage":{"@id":"https:\/\/nuestrosescritores.com\/martinlorenzoparedesaparicio\/poesias-de-vivir-en-tu-invierno\/#primaryimage"},"image":{"@id":"https:\/\/nuestrosescritores.com\/martinlorenzoparedesaparicio\/poesias-de-vivir-en-tu-invierno\/#primaryimage"},"thumbnailUrl":"https:\/\/nuestrosescritores.com\/martinlorenzoparedesaparicio\/wp-content\/uploads\/sites\/193\/2025\/01\/0_Portada_Vivir-en-tu-invierno-1.jpg","datePublished":"2025-08-25T16:02:04+00:00","breadcrumb":{"@id":"https:\/\/nuestrosescritores.com\/martinlorenzoparedesaparicio\/poesias-de-vivir-en-tu-invierno\/#breadcrumb"},"inLanguage":"es","potentialAction":[{"@type":"ReadAction","target":["https:\/\/nuestrosescritores.com\/martinlorenzoparedesaparicio\/poesias-de-vivir-en-tu-invierno\/"]}]},{"@type":"ImageObject","inLanguage":"es","@id":"https:\/\/nuestrosescritores.com\/martinlorenzoparedesaparicio\/poesias-de-vivir-en-tu-invierno\/#primaryimage","url":"https:\/\/nuestrosescritores.com\/martinlorenzoparedesaparicio\/wp-content\/uploads\/sites\/193\/2025\/01\/0_Portada_Vivir-en-tu-invierno-1.jpg","contentUrl":"https:\/\/nuestrosescritores.com\/martinlorenzoparedesaparicio\/wp-content\/uploads\/sites\/193\/2025\/01\/0_Portada_Vivir-en-tu-invierno-1.jpg","width":420,"height":595},{"@type":"BreadcrumbList","@id":"https:\/\/nuestrosescritores.com\/martinlorenzoparedesaparicio\/poesias-de-vivir-en-tu-invierno\/#breadcrumb","itemListElement":[{"@type":"ListItem","position":1,"name":"Portada","item":"https:\/\/nuestrosescritores.com\/martinlorenzoparedesaparicio\/"},{"@type":"ListItem","position":2,"name":"Poes\u00edas de Vivir en tu invierno"}]},{"@type":"WebSite","@id":"https:\/\/nuestrosescritores.com\/martinlorenzoparedesaparicio\/#website","url":"https:\/\/nuestrosescritores.com\/martinlorenzoparedesaparicio\/","name":"Nuestros escritores","description":"","potentialAction":[{"@type":"SearchAction","target":{"@type":"EntryPoint","urlTemplate":"https:\/\/nuestrosescritores.com\/martinlorenzoparedesaparicio\/?s={search_term_string}"},"query-input":{"@type":"PropertyValueSpecification","valueRequired":true,"valueName":"search_term_string"}}],"inLanguage":"es"}]}},"_links":{"self":[{"href":"https:\/\/nuestrosescritores.com\/martinlorenzoparedesaparicio\/wp-json\/wp\/v2\/pages\/301","targetHints":{"allow":["GET"]}}],"collection":[{"href":"https:\/\/nuestrosescritores.com\/martinlorenzoparedesaparicio\/wp-json\/wp\/v2\/pages"}],"about":[{"href":"https:\/\/nuestrosescritores.com\/martinlorenzoparedesaparicio\/wp-json\/wp\/v2\/types\/page"}],"author":[{"embeddable":true,"href":"https:\/\/nuestrosescritores.com\/martinlorenzoparedesaparicio\/wp-json\/wp\/v2\/users\/1"}],"replies":[{"embeddable":true,"href":"https:\/\/nuestrosescritores.com\/martinlorenzoparedesaparicio\/wp-json\/wp\/v2\/comments?post=301"}],"version-history":[{"count":0,"href":"https:\/\/nuestrosescritores.com\/martinlorenzoparedesaparicio\/wp-json\/wp\/v2\/pages\/301\/revisions"}],"wp:featuredmedia":[{"embeddable":true,"href":"https:\/\/nuestrosescritores.com\/martinlorenzoparedesaparicio\/wp-json\/wp\/v2\/media\/251"}],"wp:attachment":[{"href":"https:\/\/nuestrosescritores.com\/martinlorenzoparedesaparicio\/wp-json\/wp\/v2\/media?parent=301"}],"curies":[{"name":"wp","href":"https:\/\/api.w.org\/{rel}","templated":true}]}}