{"id":296,"date":"2025-08-25T17:37:58","date_gmt":"2025-08-25T15:37:58","guid":{"rendered":"https:\/\/nuestrosescritores.com\/martinlorenzoparedesaparicio\/?page_id=296"},"modified":"2026-02-01T10:31:35","modified_gmt":"2026-02-01T09:31:35","slug":"libros","status":"publish","type":"page","link":"https:\/\/nuestrosescritores.com\/martinlorenzoparedesaparicio\/libros\/","title":{"rendered":"Libros"},"content":{"rendered":"<p><!-- P\u00e1gina HTML con todos los botones del mismo color para Mart\u00edn Lorenzo Paredes Aparicio --><\/p>\n<div style=\"max-width: 600px; margin: auto; font-family: 'Segoe UI', 'Arial', sans-serif;\">\n<h2 style=\"text-align: center; color: #444;\">Obras de Mart\u00edn Lorenzo Paredes Aparicio<\/h2>\n<div style=\"display: flex; flex-direction: column; gap: 16px; margin-top: 24px;\"><a class=\"libro-btn\" style=\"background: #27527b; color: #fff; text-decoration: none; text-align: center; padding: 12px 0; border-radius: 8px; font-size: 18px; font-weight: 600; display: block;\" href=\"https:\/\/nuestrosescritores.com\/martinlorenzoparedesaparicio\/la-voz-de-los-callados\/\">La voz de los callados<\/a><br \/>\n<a class=\"libro-btn\" style=\"background: #27527b; color: #fff; text-decoration: none; text-align: center; padding: 12px 0; border-radius: 8px; font-size: 18px; font-weight: 600; display: block;\" href=\"https:\/\/nuestrosescritores.com\/martinlorenzoparedesaparicio\/siete-cruces-y-un-nazareno\/\">Siete cruces y un nazareno<\/a><br \/>\n<a class=\"libro-btn\" style=\"background: #27527b; color: #fff; text-decoration: none; text-align: center; padding: 12px 0; border-radius: 8px; font-size: 18px; font-weight: 600; display: block;\" href=\"https:\/\/nuestrosescritores.com\/martinlorenzoparedesaparicio\/nana-a-una-madre\/\">Nana a una madre<\/a><br \/>\n<a class=\"libro-btn\" style=\"background: #27527b; color: #fff; text-decoration: none; text-align: center; padding: 12px 0; border-radius: 8px; font-size: 18px; font-weight: 600; display: block;\" href=\"https:\/\/nuestrosescritores.com\/martinlorenzoparedesaparicio\/cuentos-y-cronicas-del-lagarto-de-jaen\/\">Cuentos y Cr\u00f3nicas del Lagarto de Ja\u00e9n<\/a><br \/>\n<a class=\"libro-btn\" style=\"background: #27527b; color: #fff; text-decoration: none; text-align: center; padding: 12px 0; border-radius: 8px; font-size: 18px; font-weight: 600; display: block;\" href=\"https:\/\/nuestrosescritores.com\/martinlorenzoparedesaparicio\/vivir-en-tu-invierno\/\">Vivir en tu invierno<\/a><br \/>\n<a class=\"libro-btn\" style=\"background: #27527b; color: #fff; text-decoration: none; text-align: center; padding: 12px 0; border-radius: 8px; font-size: 18px; font-weight: 600; display: block;\" href=\"https:\/\/nuestrosescritores.com\/martinlorenzoparedesaparicio\/cuentos-para-un-destierro-digno\/\">Cuentos para un destierro digno<\/a><br \/>\n<a class=\"libro-btn\" style=\"background: #ba842b; color: #fff; text-decoration: none; text-align: center; padding: 12px 0; border-radius: 8px; font-size: 18px; font-weight: 600; display: block;\" href=\"https:\/\/librodepoesia.com\/autor\/martin-paredes-aparicio\/\">Compra sus libros<\/a><\/div>\n<\/div>\n<p><!-- Todos los botones de libros van en #27527b. Solo el de \"Compra sus libros\" mantiene el color distinto (puedes cambiarlo si quieres un\u00edficar a\u00fan m\u00e1s). --><\/p>\n","protected":false},"excerpt":{"rendered":"<p>Obras de Mart\u00edn Lorenzo Paredes Aparicio La voz de los callados Siete cruces y un nazareno Nana a una madre Cuentos y Cr\u00f3nicas del Lagarto de Ja\u00e9n Vivir en tu invierno Cuentos para un destierro digno Compra sus libros<\/p>\n","protected":false},"author":1,"featured_media":0,"parent":0,"menu_order":0,"comment_status":"closed","ping_status":"closed","template":"","meta":{"_acf_changed":false,"footnotes":""},"class_list":["post-296","page","type-page","status-publish","hentry"],"acf":[],"yoast_head":"<!-- This site is optimized with the Yoast SEO Premium plugin v24.7 (Yoast SEO v27.5) - https:\/\/yoast.com\/product\/yoast-seo-premium-wordpress\/ -->\n<title>Libros - Mart\u00edn Lorenzo Paredes Aparicio<\/title>\n<meta name=\"robots\" content=\"index, follow, max-snippet:-1, max-image-preview:large, max-video-preview:-1\" \/>\n<link rel=\"canonical\" href=\"https:\/\/nuestrosescritores.com\/martinlorenzoparedesaparicio\/libros\/\" \/>\n<meta property=\"og:locale\" content=\"es_ES\" \/>\n<meta property=\"og:type\" content=\"article\" \/>\n<meta property=\"og:title\" content=\"Libros\" \/>\n<meta property=\"og:description\" content=\"Obras de Mart\u00edn Lorenzo Paredes Aparicio La voz de los callados Siete cruces y un nazareno Nana a una madre Cuentos y Cr\u00f3nicas del Lagarto de Ja\u00e9n Vivir en tu invierno Cuentos para un destierro digno Compra sus libros\" \/>\n<meta property=\"og:url\" content=\"https:\/\/nuestrosescritores.com\/martinlorenzoparedesaparicio\/libros\/\" \/>\n<meta property=\"og:site_name\" content=\"Mart\u00edn Lorenzo Paredes Aparicio\" \/>\n<meta property=\"article:modified_time\" content=\"2026-02-01T09:31:35+00:00\" \/>\n<meta name=\"twitter:card\" content=\"summary_large_image\" \/>\n<meta name=\"twitter:label1\" content=\"Tiempo de lectura\" \/>\n\t<meta name=\"twitter:data1\" content=\"1 minuto\" \/>\n<script type=\"application\/ld+json\" class=\"yoast-schema-graph\">{\"@context\":\"https:\\\/\\\/schema.org\",\"@graph\":[{\"@type\":\"WebPage\",\"@id\":\"https:\\\/\\\/nuestrosescritores.com\\\/martinlorenzoparedesaparicio\\\/libros\\\/\",\"url\":\"https:\\\/\\\/nuestrosescritores.com\\\/martinlorenzoparedesaparicio\\\/libros\\\/\",\"name\":\"Libros - Mart\u00edn Lorenzo Paredes Aparicio\",\"isPartOf\":{\"@id\":\"https:\\\/\\\/nuestrosescritores.com\\\/martinlorenzoparedesaparicio\\\/#website\"},\"datePublished\":\"2025-08-25T15:37:58+00:00\",\"dateModified\":\"2026-02-01T09:31:35+00:00\",\"breadcrumb\":{\"@id\":\"https:\\\/\\\/nuestrosescritores.com\\\/martinlorenzoparedesaparicio\\\/libros\\\/#breadcrumb\"},\"inLanguage\":\"es\",\"potentialAction\":[{\"@type\":\"ReadAction\",\"target\":[\"https:\\\/\\\/nuestrosescritores.com\\\/martinlorenzoparedesaparicio\\\/libros\\\/\"]}]},{\"@type\":\"BreadcrumbList\",\"@id\":\"https:\\\/\\\/nuestrosescritores.com\\\/martinlorenzoparedesaparicio\\\/libros\\\/#breadcrumb\",\"itemListElement\":[{\"@type\":\"ListItem\",\"position\":1,\"name\":\"Portada\",\"item\":\"https:\\\/\\\/nuestrosescritores.com\\\/martinlorenzoparedesaparicio\\\/\"},{\"@type\":\"ListItem\",\"position\":2,\"name\":\"Libros\"}]},{\"@type\":\"WebSite\",\"@id\":\"https:\\\/\\\/nuestrosescritores.com\\\/martinlorenzoparedesaparicio\\\/#website\",\"url\":\"https:\\\/\\\/nuestrosescritores.com\\\/martinlorenzoparedesaparicio\\\/\",\"name\":\"Nuestros escritores\",\"description\":\"\",\"potentialAction\":[{\"@type\":\"SearchAction\",\"target\":{\"@type\":\"EntryPoint\",\"urlTemplate\":\"https:\\\/\\\/nuestrosescritores.com\\\/martinlorenzoparedesaparicio\\\/?s={search_term_string}\"},\"query-input\":{\"@type\":\"PropertyValueSpecification\",\"valueRequired\":true,\"valueName\":\"search_term_string\"}}],\"inLanguage\":\"es\"}]}<\/script>\n<!-- \/ Yoast SEO Premium plugin. -->","yoast_head_json":{"title":"Libros - Mart\u00edn Lorenzo Paredes Aparicio","robots":{"index":"index","follow":"follow","max-snippet":"max-snippet:-1","max-image-preview":"max-image-preview:large","max-video-preview":"max-video-preview:-1"},"canonical":"https:\/\/nuestrosescritores.com\/martinlorenzoparedesaparicio\/libros\/","og_locale":"es_ES","og_type":"article","og_title":"Libros","og_description":"Obras de Mart\u00edn Lorenzo Paredes Aparicio La voz de los callados Siete cruces y un nazareno Nana a una madre Cuentos y Cr\u00f3nicas del Lagarto de Ja\u00e9n Vivir en tu invierno Cuentos para un destierro digno Compra sus libros","og_url":"https:\/\/nuestrosescritores.com\/martinlorenzoparedesaparicio\/libros\/","og_site_name":"Mart\u00edn Lorenzo Paredes Aparicio","article_modified_time":"2026-02-01T09:31:35+00:00","twitter_card":"summary_large_image","twitter_misc":{"Tiempo de lectura":"1 minuto"},"schema":{"@context":"https:\/\/schema.org","@graph":[{"@type":"WebPage","@id":"https:\/\/nuestrosescritores.com\/martinlorenzoparedesaparicio\/libros\/","url":"https:\/\/nuestrosescritores.com\/martinlorenzoparedesaparicio\/libros\/","name":"Libros - Mart\u00edn Lorenzo Paredes Aparicio","isPartOf":{"@id":"https:\/\/nuestrosescritores.com\/martinlorenzoparedesaparicio\/#website"},"datePublished":"2025-08-25T15:37:58+00:00","dateModified":"2026-02-01T09:31:35+00:00","breadcrumb":{"@id":"https:\/\/nuestrosescritores.com\/martinlorenzoparedesaparicio\/libros\/#breadcrumb"},"inLanguage":"es","potentialAction":[{"@type":"ReadAction","target":["https:\/\/nuestrosescritores.com\/martinlorenzoparedesaparicio\/libros\/"]}]},{"@type":"BreadcrumbList","@id":"https:\/\/nuestrosescritores.com\/martinlorenzoparedesaparicio\/libros\/#breadcrumb","itemListElement":[{"@type":"ListItem","position":1,"name":"Portada","item":"https:\/\/nuestrosescritores.com\/martinlorenzoparedesaparicio\/"},{"@type":"ListItem","position":2,"name":"Libros"}]},{"@type":"WebSite","@id":"https:\/\/nuestrosescritores.com\/martinlorenzoparedesaparicio\/#website","url":"https:\/\/nuestrosescritores.com\/martinlorenzoparedesaparicio\/","name":"Nuestros escritores","description":"","potentialAction":[{"@type":"SearchAction","target":{"@type":"EntryPoint","urlTemplate":"https:\/\/nuestrosescritores.com\/martinlorenzoparedesaparicio\/?s={search_term_string}"},"query-input":{"@type":"PropertyValueSpecification","valueRequired":true,"valueName":"search_term_string"}}],"inLanguage":"es"}]}},"_links":{"self":[{"href":"https:\/\/nuestrosescritores.com\/martinlorenzoparedesaparicio\/wp-json\/wp\/v2\/pages\/296","targetHints":{"allow":["GET"]}}],"collection":[{"href":"https:\/\/nuestrosescritores.com\/martinlorenzoparedesaparicio\/wp-json\/wp\/v2\/pages"}],"about":[{"href":"https:\/\/nuestrosescritores.com\/martinlorenzoparedesaparicio\/wp-json\/wp\/v2\/types\/page"}],"author":[{"embeddable":true,"href":"https:\/\/nuestrosescritores.com\/martinlorenzoparedesaparicio\/wp-json\/wp\/v2\/users\/1"}],"replies":[{"embeddable":true,"href":"https:\/\/nuestrosescritores.com\/martinlorenzoparedesaparicio\/wp-json\/wp\/v2\/comments?post=296"}],"version-history":[{"count":0,"href":"https:\/\/nuestrosescritores.com\/martinlorenzoparedesaparicio\/wp-json\/wp\/v2\/pages\/296\/revisions"}],"wp:attachment":[{"href":"https:\/\/nuestrosescritores.com\/martinlorenzoparedesaparicio\/wp-json\/wp\/v2\/media?parent=296"}],"curies":[{"name":"wp","href":"https:\/\/api.w.org\/{rel}","templated":true}]}}