{"id":83,"date":"2019-10-06T19:40:03","date_gmt":"2019-10-06T17:40:03","guid":{"rendered":"https:\/\/nuestrosescritores.com\/martindiezdeponga\/?page_id=83"},"modified":"2019-10-06T20:47:13","modified_gmt":"2019-10-06T18:47:13","slug":"poesia","status":"publish","type":"page","link":"https:\/\/nuestrosescritores.com\/martindiezdeponga\/poesia\/","title":{"rendered":"Poes\u00eda"},"content":{"rendered":"<div class=\"wpb-content-wrapper\">[vc_row][vc_column extend=&#8221;false&#8221;][vc_column_text css=&#8221;.vc_custom_1570383087157{margin-top: -30000px !important;}&#8221;]\n<h1><strong><em><u>Poes\u00eda del libro LOS FRUTOS DEL \u00c1RBOL SECO de R. MART\u00cdN DIEZ DE PONGA. El escritor nos da una muestra tras publicar un libro.<\/u><\/em><\/strong><\/h1>\n<h2><strong><em><u><img fetchpriority=\"high\" decoding=\"async\" class=\"alignnone size-full wp-image-5\" src=\"https:\/\/nuestrosescritores.com\/martindiezdeponga\/wp-content\/uploads\/sites\/8\/2019\/10\/CubiertaLosfrutosdelarbolseco.jpg\" alt=\"\" width=\"559\" height=\"794\" srcset=\"https:\/\/nuestrosescritores.com\/martindiezdeponga\/wp-content\/uploads\/sites\/8\/2019\/10\/CubiertaLosfrutosdelarbolseco.jpg 559w, https:\/\/nuestrosescritores.com\/martindiezdeponga\/wp-content\/uploads\/sites\/8\/2019\/10\/CubiertaLosfrutosdelarbolseco-211x300.jpg 211w\" sizes=\"(max-width: 559px) 100vw, 559px\" \/>Poes\u00eda del libro LOS FRUTOS DEL \u00c1RBOL SECO de R. MART\u00cdN DIEZ DE PONGA El poeta nos da una muestra tras publicar un libro.<\/u><\/em><\/strong><\/h2>\n<h3><strong><em><u>Poes\u00eda del libro LOS FRUTOS DEL \u00c1RBOL SECO de R. MART\u00cdN DIEZ DE PONGA El autor nos da una muestra tras publicar un libro.<\/u><\/em><\/strong><\/h3>\n<h4><strong><em><u>Poes\u00eda del libro LOS FRUTOS DEL \u00c1RBOL SECO de R. MART\u00cdN DIEZ DE PONGA El autor nos da una muestra tras publicar un libro.<\/u><\/em><\/strong><\/h4>\n<h5><strong><em><u>Poes\u00eda del libro LOS FRUTOS DEL \u00c1RBOL SECO de R. MART\u00cdN DIEZ DE PONGA El autor nos da una muestra tras publicar un libro.<\/u><\/em><\/strong><\/h5>\n[\/vc_column_text][\/vc_column][\/vc_row][vc_row full_width=&#8221;stretch_row_content_no_spaces&#8221;][vc_column extend=&#8221;false&#8221;]<div class='gambit_parallax_row' data-bg-align='' data-direction='fixed' data-opacity='100' data-velocity='-0.3' data-mobile-enabled='' data-bg-height='1200' data-bg-width='800' data-bg-image='https:\/\/nuestrosescritores.com\/martindiezdeponga\/wp-content\/uploads\/sites\/8\/2019\/10\/_b1bftvb8qs.jpg' data-bg-repeat='false' data-id='' style='display: none'><\/div><div class=\"gambit_fullheight_row\" data-content-location=\"center\" style=\"display: none\"><\/div>[\/vc_column][\/vc_row][vc_row][vc_column extend=&#8221;false&#8221;][vc_column_text]\n<h1><a name=\"_Toc18510423\"><\/a><strong>A LO LARGO DE MI SOMBRA<\/strong><\/h1>\n<p>&nbsp;<\/p>\n<p>A lo largo de mi sombra,<\/p>\n<p>que un Sol cayente tras mi espalda<\/p>\n<p>proyecta sobre el suelo,<\/p>\n<p>hay un charco rebosante<\/p>\n<p>del agua vomitada por la tormenta<\/p>\n<p>que dej\u00f3 rota la tarde.<\/p>\n<p>&nbsp;<\/p>\n<p>Un peque\u00f1o montoncito de hojas,<\/p>\n<p>arrancadas de sus ramas:<\/p>\n<p>pronta muerte<\/p>\n<p>sin verse marchitadas,<\/p>\n<p>al aliento de Eolo sucumbieron<\/p>\n<p>y sin piedad alguna,<\/p>\n<p>fueron derribadas.<\/p>\n<p>&nbsp;<\/p>\n<p>Tambi\u00e9n cruza mi sombra<\/p>\n<p>a pleno vuelo,<\/p>\n<p>una peque\u00f1a y colorida mariposa,<\/p>\n<p>convertida en bella bailarina,<\/p>\n<p>dise\u00f1a cabriolas<\/p>\n<p>que la juntan con el suelo,<\/p>\n<p>y un instante despu\u00e9s parecen elevarla<\/p>\n<p>hasta el cielo.<\/p>\n<p>&nbsp;<\/p>\n<p>Ahora mi sombra<\/p>\n<p>se proyecta a\u00fan m\u00e1s larga,<\/p>\n<p>se vuelve tenue y difusa<\/p>\n<p>y empieza a diluirse en este suelo:<\/p>\n<p>la noche despierta de su siesta,<\/p>\n<p>para comenzar a te\u00f1ir<\/p>\n<p>de profundo negro el cielo.<\/p>\n<p>&nbsp;<\/p>\n<p>Parece que las estrellas,<\/p>\n<p>se convirtieran en luci\u00e9rnagas tenuemente,<\/p>\n<p>esparcidos tintineos<\/p>\n<p>que abarcan el espacio,<\/p>\n<p>que impregnan de belleza<\/p>\n<p>el manto oscuro.<\/p>\n<p>&nbsp;<\/p>\n<p>Yo las miro fijamente,<\/p>\n<p>las lanzo un beso<\/p>\n<p>de mis labios<\/p>\n<p>y siento mi coraz\u00f3n<\/p>\n<p>ahora m\u00e1s puro.<\/p>\n<p>&nbsp;<\/p>\n<span class='bctt-click-to-tweet'><span class='bctt-ctt-text'><a href='https:\/\/x.com\/intent\/tweet?url=https%3A%2F%2Fnuestrosescritores.com%2Fmartindiezdeponga%2Fpoesia%2F&#038;text=A%20LO%20LARGO%20DE%20MI%20SOMBRA%C2%A0del%20libro%20LOS%20FRUTOS%20DEL%20%C3%81RBOL%20SECO%20de%20R.%20MART%C3%8DN%20DIEZ%20DE%20PONGA&#038;via=poesiaerestu&#038;related=poesiaerestu' target='_blank'rel=\"noopener noreferrer\">A LO LARGO DE MI SOMBRA&nbsp;del libro LOS FRUTOS DEL \u00c1RBOL SECO de R. MART\u00cdN DIEZ DE PONGA <\/a><\/span><a href='https:\/\/x.com\/intent\/tweet?url=https%3A%2F%2Fnuestrosescritores.com%2Fmartindiezdeponga%2Fpoesia%2F&#038;text=A%20LO%20LARGO%20DE%20MI%20SOMBRA%C2%A0del%20libro%20LOS%20FRUTOS%20DEL%20%C3%81RBOL%20SECO%20de%20R.%20MART%C3%8DN%20DIEZ%20DE%20PONGA&#038;via=poesiaerestu&#038;related=poesiaerestu' target='_blank' class='bctt-ctt-btn'rel=\"noopener noreferrer\">Compartir en X<\/a><\/span>\n<p>&nbsp;[\/vc_column_text][\/vc_column][\/vc_row][vc_row full_width=&#8221;stretch_row_content_no_spaces&#8221;][vc_column extend=&#8221;false&#8221;]<div class='gambit_parallax_row' data-bg-align='' data-direction='fixed' data-opacity='100' data-velocity='-0.3' data-mobile-enabled='' data-bg-height='1143' data-bg-width='1600' data-bg-image='https:\/\/nuestrosescritores.com\/martindiezdeponga\/wp-content\/uploads\/sites\/8\/2019\/10\/y1w0n6losqq.jpg' data-bg-repeat='false' data-id='' style='display: none'><\/div><div class=\"gambit_fullheight_row\" data-content-location=\"center\" style=\"display: none\"><\/div>[\/vc_column][\/vc_row][vc_row][vc_column extend=&#8221;false&#8221;][vc_column_text]\n<h1><a name=\"_Toc18510433\"><\/a><strong>LOS FRUTOS DEL \u00c1RBOL SECO<\/strong><\/h1>\n<p>&nbsp;<\/p>\n<p>Los frutos del \u00e1rbol seco,<\/p>\n<p>esparcieron la desolaci\u00f3n<\/p>\n<p>sobre el suelo en que cayeron;<\/p>\n<p>se pudri\u00f3 el fruto<\/p>\n<p>sobre la hierba,<\/p>\n<p>se pudri\u00f3 la hierba<\/p>\n<p>sobre la tierra,<\/p>\n<p>se pudri\u00f3 la tierra hasta lo profundo;<\/p>\n<p>se quem\u00f3 cada ra\u00edz<\/p>\n<p>con el veneno putrefacto<\/p>\n<p>que encerraba cada semilla,<\/p>\n<p>y la seca muerte<\/p>\n<p>se propag\u00f3 por el tronco hasta las ramas,<\/p>\n<p>alcanzando a destruir<\/p>\n<p>el verde color de cada hoja,<\/p>\n<p>retorci\u00e9ndolas en la danza macabra<\/p>\n<p>que las convirti\u00f3 en pocos d\u00edas<\/p>\n<p>en el ocre y yermo polvo,<\/p>\n<p>sobre el polvo inerte<\/p>\n<p>de esa tierra oscura,<\/p>\n<p>incapaz como es de amamantarse<\/p>\n<p>con el barro en que la convierte,<\/p>\n<p>al batirla en su ca\u00edda<\/p>\n<p>el agua de lluvia.<\/p>\n<p>&nbsp;<\/p>\n<p>&nbsp;<\/p>\n<p>&nbsp;<\/p>\n<span class='bctt-click-to-tweet'><span class='bctt-ctt-text'><a href='https:\/\/x.com\/intent\/tweet?url=https%3A%2F%2Fnuestrosescritores.com%2Fmartindiezdeponga%2Fpoesia%2F&#038;text=LOS%20FRUTOS%20DEL%20%C3%81RBOL%20SECO%C2%A0del%20libro%20LOS%20FRUTOS%20DEL%20%C3%81RBOL%20SECO%20de%20R.%20MART%C3%8DN%20DIEZ%20DE%20PONGA&#038;via=poesiaerestu&#038;related=poesiaerestu' target='_blank'rel=\"noopener noreferrer\">LOS FRUTOS DEL \u00c1RBOL SECO&nbsp;del libro LOS FRUTOS DEL \u00c1RBOL SECO de R. MART\u00cdN DIEZ DE PONGA <\/a><\/span><a href='https:\/\/x.com\/intent\/tweet?url=https%3A%2F%2Fnuestrosescritores.com%2Fmartindiezdeponga%2Fpoesia%2F&#038;text=LOS%20FRUTOS%20DEL%20%C3%81RBOL%20SECO%C2%A0del%20libro%20LOS%20FRUTOS%20DEL%20%C3%81RBOL%20SECO%20de%20R.%20MART%C3%8DN%20DIEZ%20DE%20PONGA&#038;via=poesiaerestu&#038;related=poesiaerestu' target='_blank' class='bctt-ctt-btn'rel=\"noopener noreferrer\">Compartir en X<\/a><\/span>\n<p>&nbsp;<\/p>\n<p>&nbsp;[\/vc_column_text][\/vc_column][\/vc_row][vc_row][vc_column extend=&#8221;false&#8221;]<div class='gambit_parallax_row' data-bg-align='' data-direction='fixed' data-opacity='100' data-velocity='-0.3' data-mobile-enabled='' data-bg-height='1200' data-bg-width='800' data-bg-image='https:\/\/nuestrosescritores.com\/martindiezdeponga\/wp-content\/uploads\/sites\/8\/2019\/10\/slo1hur149y.jpg' data-bg-repeat='false' data-id='' style='display: none'><\/div><div class=\"gambit_fullheight_row\" data-content-location=\"center\" style=\"display: none\"><\/div>[\/vc_column][\/vc_row][vc_row][vc_column extend=&#8221;false&#8221;][vc_column_text]\n<h1>&nbsp;<\/h1>\n<h1><a name=\"_Toc18510446\"><\/a><strong>CAEN COMO LA ESCARCHA<\/strong><\/h1>\n<p>&nbsp;<\/p>\n<p>Emboscados<\/p>\n<p>en las esquinas m\u00e1s traidoras<\/p>\n<p>que construyen el destino,<\/p>\n<p>esperan su momento helador<\/p>\n<p>los mantos tr\u00e1gicos y oscuros.<\/p>\n<p>&nbsp;<\/p>\n<p>Caen como la escarcha en la noche<\/p>\n<p>sobre nuestro sol de rayos limitados;<\/p>\n<p>humedecen y apagan el tenue brillo<\/p>\n<p>que habita en cada uno y su mirada.<\/p>\n<p>&nbsp;<\/p>\n<p>El alma sobre el pecho confiada<\/p>\n<p>recibe como un rayo la zozobra;<\/p>\n<p>el castillo de naipes y de halagos<\/p>\n<p>que so\u00f1amos construir<\/p>\n<p>con las cartas de los d\u00edas venideros,<\/p>\n<p>explota convertido en metralla,<\/p>\n<p>hiriendo de muerte nuestra fe,<\/p>\n<p>enterrando entre cascotes<\/p>\n<p>la esperanza.<\/p>\n<p>&nbsp;<\/p>\n<p>La puerta de lo oscuro irracional<\/p>\n<p>queda a m\u00e1s oscuridad abierta,<\/p>\n<p>y por mucho que se mira m\u00e1s all\u00e1,<\/p>\n<p>solo el brillo negro de la noche<\/p>\n<p>rebosa de nuestros ojos<\/p>\n<p>las compuertas.<\/p>\n<p>&nbsp;<\/p>\n<p>El negro manto cubre ya<\/p>\n<p>el espacio donde habita<\/p>\n<p>nuestro anhelo;<\/p>\n<p>caminamos entre brasas del infierno<\/p>\n<p>pisando los trozos inservibles<\/p>\n<p>en que se rompi\u00f3 lo que hasta hace poco<\/p>\n<p>era nuestro cielo.<\/p>\n<p>&nbsp;<\/p>\n<p>&nbsp;<\/p>\n<span class='bctt-click-to-tweet'><span class='bctt-ctt-text'><a href='https:\/\/x.com\/intent\/tweet?url=https%3A%2F%2Fnuestrosescritores.com%2Fmartindiezdeponga%2Fpoesia%2F&#038;text=CAEN%20COMO%20LA%20ESCARCHA%C2%A0del%20libro%20LOS%20FRUTOS%20DEL%20%C3%81RBOL%20SECO%20de%20R.%20MART%C3%8DN%20DIEZ%20DE%20PONGA&#038;via=poesiaerestu&#038;related=poesiaerestu' target='_blank'rel=\"noopener noreferrer\">CAEN COMO LA ESCARCHA&nbsp;del libro LOS FRUTOS DEL \u00c1RBOL SECO de R. MART\u00cdN DIEZ DE PONGA <\/a><\/span><a href='https:\/\/x.com\/intent\/tweet?url=https%3A%2F%2Fnuestrosescritores.com%2Fmartindiezdeponga%2Fpoesia%2F&#038;text=CAEN%20COMO%20LA%20ESCARCHA%C2%A0del%20libro%20LOS%20FRUTOS%20DEL%20%C3%81RBOL%20SECO%20de%20R.%20MART%C3%8DN%20DIEZ%20DE%20PONGA&#038;via=poesiaerestu&#038;related=poesiaerestu' target='_blank' class='bctt-ctt-btn'rel=\"noopener noreferrer\">Compartir en X<\/a><\/span>[\/vc_column_text][\/vc_column][\/vc_row][vc_row][vc_column extend=&#8221;false&#8221;]<div class='gambit_parallax_row' data-bg-align='' data-direction='fixed' data-opacity='100' data-velocity='-0.3' data-mobile-enabled='' data-bg-height='607' data-bg-width='1366' data-bg-image='https:\/\/nuestrosescritores.com\/martindiezdeponga\/wp-content\/uploads\/sites\/8\/2019\/10\/IMG_20190904_203909_SSQuare_Enlarged-Mediano.jpg' data-bg-repeat='false' data-id='' style='display: none'><\/div><div class=\"gambit_fullheight_row\" data-content-location=\"center\" style=\"display: none\"><\/div>[vc_column_text]\n<p style=\"text-align: center;\"><a class=\"fasc-button fasc-size-xlarge fasc-type-glossy fasc-rounded-medium\" style=\"background-color: #33809e; color: #ffffff;\" href=\"https:\/\/librodepoesia.com\/producto\/imperfecciones-en-prosa-santiago-pedrosa-barrachina\/\">Comprar el libro<\/a><\/p>\n[\/vc_column_text][\/vc_column][\/vc_row][vc_row][vc_column extend=&#8221;false&#8221;][vc_column_text css=&#8221;.vc_custom_1549215104378{margin-top: -30000px !important;}&#8221;]\n<h1><strong><em><u>Poes\u00eda del libro LOS FRUTOS DEL \u00c1RBOL SECO de R. MART\u00cdN DIEZ DE PONGA. El escritor nos da una muestra tras publicar un libro.<\/u><\/em><\/strong><\/h1>\n<h2><strong><em><u>Poes\u00eda del libro LOS FRUTOS DEL \u00c1RBOL SECO de R. MART\u00cdN DIEZ DE PONGA El poeta nos da una muestra tras publicar un libro.<\/u><\/em><\/strong><\/h2>\n<h3><strong><em><u>Poes\u00eda del libro LOS FRUTOS DEL \u00c1RBOL SECO de R. MART\u00cdN DIEZ DE PONGA El autor nos da una muestra tras publicar un libro.<\/u><\/em><\/strong><\/h3>\n<h4><strong><em><u>Poes\u00eda del libro LOS FRUTOS DEL \u00c1RBOL SECO de R. MART\u00cdN DIEZ DE PONGA El autor nos da una muestra tras publicar un libro.<\/u><\/em><\/strong><\/h4>\n<h5><strong><em><u>Poes\u00eda del libro LOS FRUTOS DEL \u00c1RBOL SECO de R. MART\u00cdN DIEZ DE PONGA El autor nos da una muestra tras publicar un libro.<\/u><\/em><\/strong><\/h5>\n[\/vc_column_text][\/vc_column][\/vc_row]\n<\/div>","protected":false},"excerpt":{"rendered":"<p>[vc_row][vc_column extend=&#8221;false&#8221;][vc_column_text css=&#8221;.vc_custom_1570383087157{margin-top: -30000px !important;}&#8221;] Poes\u00eda del libro LOS FRUTOS DEL \u00c1RBOL SECO de R. MART\u00cdN DIEZ DE PONGA. El escritor nos da una muestra tras publicar un libro. Poes\u00eda del libro LOS FRUTOS DEL \u00c1RBOL SECO de R. MART\u00cdN DIEZ DE PONGA El poeta nos da una muestra tras publicar un libro. Poes\u00eda del [&hellip;]<\/p>\n","protected":false},"author":1,"featured_media":0,"parent":0,"menu_order":3,"comment_status":"closed","ping_status":"closed","template":"","meta":{"_acf_changed":false,"footnotes":""},"class_list":["post-83","page","type-page","status-publish","hentry"],"acf":[],"yoast_head":"<!-- This site is optimized with the Yoast SEO Premium plugin v24.7 (Yoast SEO v27.3) - https:\/\/yoast.com\/product\/yoast-seo-premium-wordpress\/ -->\n<title>Poes\u00eda - R. Mart\u00edn Diez de Ponga<\/title>\n<meta name=\"robots\" content=\"index, follow, max-snippet:-1, max-image-preview:large, max-video-preview:-1\" \/>\n<link rel=\"canonical\" href=\"https:\/\/nuestrosescritores.com\/martindiezdeponga\/poesia\/\" \/>\n<meta property=\"og:locale\" content=\"es_ES\" \/>\n<meta property=\"og:type\" content=\"article\" \/>\n<meta property=\"og:title\" content=\"Poes\u00eda\" \/>\n<meta property=\"og:description\" content=\"[vc_row][vc_column extend=&#8221;false&#8221;][vc_column_text css=&#8221;.vc_custom_1570383087157{margin-top: -30000px !important;}&#8221;] Poes\u00eda del libro LOS FRUTOS DEL \u00c1RBOL SECO de R. MART\u00cdN DIEZ DE PONGA. El escritor nos da una muestra tras publicar un libro. Poes\u00eda del libro LOS FRUTOS DEL \u00c1RBOL SECO de R. MART\u00cdN DIEZ DE PONGA El poeta nos da una muestra tras publicar un libro. Poes\u00eda del [&hellip;]\" \/>\n<meta property=\"og:url\" content=\"https:\/\/nuestrosescritores.com\/martindiezdeponga\/poesia\/\" \/>\n<meta property=\"og:site_name\" content=\"R. Mart\u00edn Diez de Ponga\" \/>\n<meta property=\"article:modified_time\" content=\"2019-10-06T18:47:13+00:00\" \/>\n<meta property=\"og:image\" content=\"https:\/\/nuestrosescritores.com\/martindiezdeponga\/wp-content\/uploads\/sites\/8\/2019\/10\/CubiertaLosfrutosdelarbolseco.jpg\" \/>\n<meta name=\"twitter:card\" content=\"summary_large_image\" \/>\n<meta name=\"twitter:label1\" content=\"Tiempo de lectura\" \/>\n\t<meta name=\"twitter:data1\" content=\"5 minutos\" \/>\n<script type=\"application\/ld+json\" class=\"yoast-schema-graph\">{\"@context\":\"https:\\\/\\\/schema.org\",\"@graph\":[{\"@type\":\"WebPage\",\"@id\":\"https:\\\/\\\/nuestrosescritores.com\\\/martindiezdeponga\\\/poesia\\\/\",\"url\":\"https:\\\/\\\/nuestrosescritores.com\\\/martindiezdeponga\\\/poesia\\\/\",\"name\":\"Poes\u00eda - R. Mart\u00edn Diez de Ponga\",\"isPartOf\":{\"@id\":\"https:\\\/\\\/nuestrosescritores.com\\\/martindiezdeponga\\\/#website\"},\"primaryImageOfPage\":{\"@id\":\"https:\\\/\\\/nuestrosescritores.com\\\/martindiezdeponga\\\/poesia\\\/#primaryimage\"},\"image\":{\"@id\":\"https:\\\/\\\/nuestrosescritores.com\\\/martindiezdeponga\\\/poesia\\\/#primaryimage\"},\"thumbnailUrl\":\"https:\\\/\\\/nuestrosescritores.com\\\/martindiezdeponga\\\/wp-content\\\/uploads\\\/sites\\\/8\\\/2019\\\/10\\\/CubiertaLosfrutosdelarbolseco.jpg\",\"datePublished\":\"2019-10-06T17:40:03+00:00\",\"dateModified\":\"2019-10-06T18:47:13+00:00\",\"breadcrumb\":{\"@id\":\"https:\\\/\\\/nuestrosescritores.com\\\/martindiezdeponga\\\/poesia\\\/#breadcrumb\"},\"inLanguage\":\"es\",\"potentialAction\":[{\"@type\":\"ReadAction\",\"target\":[\"https:\\\/\\\/nuestrosescritores.com\\\/martindiezdeponga\\\/poesia\\\/\"]}]},{\"@type\":\"ImageObject\",\"inLanguage\":\"es\",\"@id\":\"https:\\\/\\\/nuestrosescritores.com\\\/martindiezdeponga\\\/poesia\\\/#primaryimage\",\"url\":\"https:\\\/\\\/nuestrosescritores.com\\\/martindiezdeponga\\\/wp-content\\\/uploads\\\/sites\\\/8\\\/2019\\\/10\\\/CubiertaLosfrutosdelarbolseco.jpg\",\"contentUrl\":\"https:\\\/\\\/nuestrosescritores.com\\\/martindiezdeponga\\\/wp-content\\\/uploads\\\/sites\\\/8\\\/2019\\\/10\\\/CubiertaLosfrutosdelarbolseco.jpg\",\"width\":559,\"height\":794},{\"@type\":\"BreadcrumbList\",\"@id\":\"https:\\\/\\\/nuestrosescritores.com\\\/martindiezdeponga\\\/poesia\\\/#breadcrumb\",\"itemListElement\":[{\"@type\":\"ListItem\",\"position\":1,\"name\":\"Portada\",\"item\":\"https:\\\/\\\/nuestrosescritores.com\\\/martindiezdeponga\\\/\"},{\"@type\":\"ListItem\",\"position\":2,\"name\":\"Poes\u00eda\"}]},{\"@type\":\"WebSite\",\"@id\":\"https:\\\/\\\/nuestrosescritores.com\\\/martindiezdeponga\\\/#website\",\"url\":\"https:\\\/\\\/nuestrosescritores.com\\\/martindiezdeponga\\\/\",\"name\":\"Nuestros escritores\",\"description\":\"escritor\",\"potentialAction\":[{\"@type\":\"SearchAction\",\"target\":{\"@type\":\"EntryPoint\",\"urlTemplate\":\"https:\\\/\\\/nuestrosescritores.com\\\/martindiezdeponga\\\/?s={search_term_string}\"},\"query-input\":{\"@type\":\"PropertyValueSpecification\",\"valueRequired\":true,\"valueName\":\"search_term_string\"}}],\"inLanguage\":\"es\"}]}<\/script>\n<!-- \/ Yoast SEO Premium plugin. -->","yoast_head_json":{"title":"Poes\u00eda - R. Mart\u00edn Diez de Ponga","robots":{"index":"index","follow":"follow","max-snippet":"max-snippet:-1","max-image-preview":"max-image-preview:large","max-video-preview":"max-video-preview:-1"},"canonical":"https:\/\/nuestrosescritores.com\/martindiezdeponga\/poesia\/","og_locale":"es_ES","og_type":"article","og_title":"Poes\u00eda","og_description":"[vc_row][vc_column extend=&#8221;false&#8221;][vc_column_text css=&#8221;.vc_custom_1570383087157{margin-top: -30000px !important;}&#8221;] Poes\u00eda del libro LOS FRUTOS DEL \u00c1RBOL SECO de R. MART\u00cdN DIEZ DE PONGA. El escritor nos da una muestra tras publicar un libro. Poes\u00eda del libro LOS FRUTOS DEL \u00c1RBOL SECO de R. MART\u00cdN DIEZ DE PONGA El poeta nos da una muestra tras publicar un libro. Poes\u00eda del [&hellip;]","og_url":"https:\/\/nuestrosescritores.com\/martindiezdeponga\/poesia\/","og_site_name":"R. Mart\u00edn Diez de Ponga","article_modified_time":"2019-10-06T18:47:13+00:00","og_image":[{"url":"https:\/\/nuestrosescritores.com\/martindiezdeponga\/wp-content\/uploads\/sites\/8\/2019\/10\/CubiertaLosfrutosdelarbolseco.jpg","type":"","width":"","height":""}],"twitter_card":"summary_large_image","twitter_misc":{"Tiempo de lectura":"5 minutos"},"schema":{"@context":"https:\/\/schema.org","@graph":[{"@type":"WebPage","@id":"https:\/\/nuestrosescritores.com\/martindiezdeponga\/poesia\/","url":"https:\/\/nuestrosescritores.com\/martindiezdeponga\/poesia\/","name":"Poes\u00eda - R. Mart\u00edn Diez de Ponga","isPartOf":{"@id":"https:\/\/nuestrosescritores.com\/martindiezdeponga\/#website"},"primaryImageOfPage":{"@id":"https:\/\/nuestrosescritores.com\/martindiezdeponga\/poesia\/#primaryimage"},"image":{"@id":"https:\/\/nuestrosescritores.com\/martindiezdeponga\/poesia\/#primaryimage"},"thumbnailUrl":"https:\/\/nuestrosescritores.com\/martindiezdeponga\/wp-content\/uploads\/sites\/8\/2019\/10\/CubiertaLosfrutosdelarbolseco.jpg","datePublished":"2019-10-06T17:40:03+00:00","dateModified":"2019-10-06T18:47:13+00:00","breadcrumb":{"@id":"https:\/\/nuestrosescritores.com\/martindiezdeponga\/poesia\/#breadcrumb"},"inLanguage":"es","potentialAction":[{"@type":"ReadAction","target":["https:\/\/nuestrosescritores.com\/martindiezdeponga\/poesia\/"]}]},{"@type":"ImageObject","inLanguage":"es","@id":"https:\/\/nuestrosescritores.com\/martindiezdeponga\/poesia\/#primaryimage","url":"https:\/\/nuestrosescritores.com\/martindiezdeponga\/wp-content\/uploads\/sites\/8\/2019\/10\/CubiertaLosfrutosdelarbolseco.jpg","contentUrl":"https:\/\/nuestrosescritores.com\/martindiezdeponga\/wp-content\/uploads\/sites\/8\/2019\/10\/CubiertaLosfrutosdelarbolseco.jpg","width":559,"height":794},{"@type":"BreadcrumbList","@id":"https:\/\/nuestrosescritores.com\/martindiezdeponga\/poesia\/#breadcrumb","itemListElement":[{"@type":"ListItem","position":1,"name":"Portada","item":"https:\/\/nuestrosescritores.com\/martindiezdeponga\/"},{"@type":"ListItem","position":2,"name":"Poes\u00eda"}]},{"@type":"WebSite","@id":"https:\/\/nuestrosescritores.com\/martindiezdeponga\/#website","url":"https:\/\/nuestrosescritores.com\/martindiezdeponga\/","name":"Nuestros escritores","description":"escritor","potentialAction":[{"@type":"SearchAction","target":{"@type":"EntryPoint","urlTemplate":"https:\/\/nuestrosescritores.com\/martindiezdeponga\/?s={search_term_string}"},"query-input":{"@type":"PropertyValueSpecification","valueRequired":true,"valueName":"search_term_string"}}],"inLanguage":"es"}]}},"_links":{"self":[{"href":"https:\/\/nuestrosescritores.com\/martindiezdeponga\/wp-json\/wp\/v2\/pages\/83","targetHints":{"allow":["GET"]}}],"collection":[{"href":"https:\/\/nuestrosescritores.com\/martindiezdeponga\/wp-json\/wp\/v2\/pages"}],"about":[{"href":"https:\/\/nuestrosescritores.com\/martindiezdeponga\/wp-json\/wp\/v2\/types\/page"}],"author":[{"embeddable":true,"href":"https:\/\/nuestrosescritores.com\/martindiezdeponga\/wp-json\/wp\/v2\/users\/1"}],"replies":[{"embeddable":true,"href":"https:\/\/nuestrosescritores.com\/martindiezdeponga\/wp-json\/wp\/v2\/comments?post=83"}],"version-history":[{"count":0,"href":"https:\/\/nuestrosescritores.com\/martindiezdeponga\/wp-json\/wp\/v2\/pages\/83\/revisions"}],"wp:attachment":[{"href":"https:\/\/nuestrosescritores.com\/martindiezdeponga\/wp-json\/wp\/v2\/media?parent=83"}],"curies":[{"name":"wp","href":"https:\/\/api.w.org\/{rel}","templated":true}]}}