{"id":79,"date":"2021-06-16T10:28:26","date_gmt":"2021-06-16T10:28:26","guid":{"rendered":"https:\/\/nuestrosescritores.com\/mariaortiztomas\/?page_id=79"},"modified":"2021-06-19T15:37:18","modified_gmt":"2021-06-19T15:37:18","slug":"fragmentos","status":"publish","type":"page","link":"https:\/\/nuestrosescritores.com\/mariaortiztomas\/fragmentos\/","title":{"rendered":"FRAGMENTOS"},"content":{"rendered":"<div class=\"wpb-content-wrapper\">[vc_row full_width=&#8221;stretch_row_content_no_spaces&#8221;][vc_column extend=&#8221;false&#8221;]<div class='gambit_parallax_row' data-bg-align='' data-direction='fixed' data-opacity='100' data-velocity='-0.3' data-mobile-enabled='' data-bg-height='1067' data-bg-width='1600' data-bg-image='https:\/\/nuestrosescritores.com\/mariaortiztomas\/wp-content\/uploads\/sites\/94\/2021\/06\/nreufpxxm8o.jpg' data-bg-repeat='false' data-id='' style='display: none'><\/div><div class=\"gambit_fullheight_row\" data-content-location=\"center\" style=\"display: none\"><\/div>[\/vc_column][\/vc_row][vc_row][vc_column extend=&#8221;false&#8221;][vc_column_text]\n<h1>&nbsp;<\/h1>\n<h1><a name=\"_Toc69141032\"><\/a><\/h1>\n<h1><a name=\"_Toc69056907\"><\/a><\/h1>\n<h1><a name=\"_Toc71137783\"><\/a>Cap\u00edtulo I<br \/>\nEl chico misterioso<\/h1>\n<p>&nbsp;<\/p>\n<p>Nora, de veinticinco a\u00f1os, hab\u00eda vivido con sus padres y hermana menor en un piso de un pr\u00f3spero pueblo hasta hac\u00eda seis a\u00f1os, cuando se mud\u00f3 a una ciudad m\u00e1s grande para estudiar. All\u00ed, hab\u00eda alquilado un pisito con una desconocida que se hab\u00eda acabado convirtiendo en su mejor amiga.<\/p>\n<p>Ahora se encontraba de vuelta en su lugar natal para recoger algunas de sus pertenencias. Debido a la falta de espacio en su vivienda familiar, sus padres hab\u00edan adquirido una cochera junto al portal de entrada al edificio para usarlo como trastero. Su madre, Olga, siempre obsesionada con el orden y a lo que ella misma se refer\u00eda como \u201cquitar trastos de en medio\u201d, hab\u00eda trasladado varios a\u00f1os atr\u00e1s las cosas que Nora hab\u00eda dejado en su habitaci\u00f3n para hacer de esta un gimnasio en casa.<\/p>\n<p>La joven sol\u00eda volver algunos d\u00edas o \u00e9pocas festivas del a\u00f1o, pero esta vez, era primera hora de la tarde de un domingo cualquiera de un fin de semana en el que ten\u00eda tiempo para mirar m\u00e1s a fondo entre las cosas que dej\u00f3 olvidadas a\u00f1os atr\u00e1s. Su madre hab\u00eda querido acompa\u00f1arla y, aunque no dijo nada, Nora estaba segura de que lo hac\u00eda para asegurarse de que todo quedaba ordenado.<\/p>\n<p>(&#8230;)<\/p>\n<span class='bctt-click-to-tweet'><span class='bctt-ctt-text'><a href='https:\/\/x.com\/intent\/tweet?url=https%3A%2F%2Fnuestrosescritores.com%2Fmariaortiztomas%2Ffragmentos%2F&#038;text=El%20chico%20misterioso%20del%20libro%20EL%20DEMONIO%20GUARDIAN%20%28EL%20LIBRO%20DE%20ZAREK%29%20de%20Mar%C3%ADa%20ORTIZ%20TOM%C3%81S&#038;via=poesiaerestu&#038;related=poesiaerestu' target='_blank'rel=\"noopener noreferrer\">El chico misterioso del libro EL DEMONIO GUARDIAN (EL LIBRO DE ZAREK) de Mar\u00eda ORTIZ TOM\u00c1S <\/a><\/span><a href='https:\/\/x.com\/intent\/tweet?url=https%3A%2F%2Fnuestrosescritores.com%2Fmariaortiztomas%2Ffragmentos%2F&#038;text=El%20chico%20misterioso%20del%20libro%20EL%20DEMONIO%20GUARDIAN%20%28EL%20LIBRO%20DE%20ZAREK%29%20de%20Mar%C3%ADa%20ORTIZ%20TOM%C3%81S&#038;via=poesiaerestu&#038;related=poesiaerestu' target='_blank' class='bctt-ctt-btn'rel=\"noopener noreferrer\">Compartir en X<\/a><\/span>[\/vc_column_text][\/vc_column][\/vc_row][vc_row full_width=&#8221;stretch_row_content_no_spaces&#8221;][vc_column extend=&#8221;false&#8221;]<div class='gambit_parallax_row' data-bg-align='' data-direction='fixed' data-opacity='100' data-velocity='-0.3' data-mobile-enabled='' data-bg-height='1200' data-bg-width='1598' data-bg-image='https:\/\/nuestrosescritores.com\/mariaortiztomas\/wp-content\/uploads\/sites\/94\/2021\/06\/y02jex_b0o0.jpg' data-bg-repeat='false' data-id='' style='display: none'><\/div><div class=\"gambit_fullheight_row\" data-content-location=\"center\" style=\"display: none\"><\/div>[\/vc_column][\/vc_row][vc_row][vc_column extend=&#8221;false&#8221;][vc_column_text]\n<h1><a name=\"_Toc66730071\"><\/a><\/h1>\n<p><a name=\"_Toc68806683\"><\/a>(&#8230;)<\/p>\n<p>\u2014Muchacha, \u00bfqu\u00e9 te ha pasado ah\u00ed? \u2014pregunt\u00f3 preocupada se\u00f1alando el lugar.<\/p>\n<p>\u2014Nada nada \u2014hab\u00eda contestado sin mucha convicci\u00f3n.<\/p>\n<p>\u2014Eso no lo ten\u00edas antes.<\/p>\n<p>Nora se mir\u00f3 el brazo y descubri\u00f3 que la zona de piel donde el misterioso joven la hab\u00eda agarrado se le hab\u00eda puesto roja, parec\u00eda que llevara puesto un brazalete. Como si hubiera esperado que aquello fuera s\u00f3lo un mal sue\u00f1o, abri\u00f3 mucho los ojos sin dar cr\u00e9dito a lo que ve\u00eda.<\/p>\n<p>\u2014Mmm\u2026 me\u2026 h\u2026e golpeado con el perchero.<\/p>\n<p>Olga intent\u00f3 tocarle aquel lugar pero Nora, r\u00e1pidamente, se apart\u00f3 quit\u00e1ndole hierro al asunto.<\/p>\n<p>\u2014En serio, no es nada.<\/p>\n<p>Se despidi\u00f3 de su madre asegurando que ten\u00eda prisa puesto que quer\u00eda poder marcharse de all\u00ed cuanto antes. Esta se mostr\u00f3 molesta porque no subiera a despedirse de su padre y hermana. Pero bueno, al fin y al cabo era Nora, pens\u00f3, aquel era el tipo de cosas que sol\u00eda hacer antes, \u00bfno?<\/p>\n<p>Puesto que Isabel le hab\u00eda dejado el coche no le quedaba m\u00e1s remedio que conducir de vuelta al piso y, antes de ponerse en marcha, tuvo que quedarse unos minutos dando grandes bocanadas de aire mientras agarraba el volante para calmarse.<\/p>\n<p>&nbsp;<\/p>\n<p>(&#8230;)<\/p>\n<span class='bctt-click-to-tweet'><span class='bctt-ctt-text'><a href='https:\/\/x.com\/intent\/tweet?url=https%3A%2F%2Fnuestrosescritores.com%2Fmariaortiztomas%2Ffragmentos%2F&#038;text=Cap%C3%ADtulo%20II%20Zarek%20del%20libro%20EL%20DEMONIO%20GUARDIAN%20%28EL%20LIBRO%20DE%20ZAREK%29%20de%20Mar%C3%ADa%20ORTIZ%20TOM%C3%81S&#038;via=poesiaerestu&#038;related=poesiaerestu' target='_blank'rel=\"noopener noreferrer\">Cap\u00edtulo II Zarek del libro EL DEMONIO GUARDIAN (EL LIBRO DE ZAREK) de Mar\u00eda ORTIZ TOM\u00c1S <\/a><\/span><a href='https:\/\/x.com\/intent\/tweet?url=https%3A%2F%2Fnuestrosescritores.com%2Fmariaortiztomas%2Ffragmentos%2F&#038;text=Cap%C3%ADtulo%20II%20Zarek%20del%20libro%20EL%20DEMONIO%20GUARDIAN%20%28EL%20LIBRO%20DE%20ZAREK%29%20de%20Mar%C3%ADa%20ORTIZ%20TOM%C3%81S&#038;via=poesiaerestu&#038;related=poesiaerestu' target='_blank' class='bctt-ctt-btn'rel=\"noopener noreferrer\">Compartir en X<\/a><\/span>\n<p>&nbsp;<\/p>\n<p>&nbsp;[\/vc_column_text][\/vc_column][\/vc_row][vc_row][vc_column extend=&#8221;false&#8221;]<div class='gambit_parallax_row' data-bg-align='' data-direction='fixed' data-opacity='100' data-velocity='-0.3' data-mobile-enabled='' data-bg-height='1199' data-bg-width='1600' data-bg-image='https:\/\/nuestrosescritores.com\/mariaortiztomas\/wp-content\/uploads\/sites\/94\/2021\/06\/wfjpgvnawr0.jpg' data-bg-repeat='false' data-id='' style='display: none'><\/div><div class=\"gambit_fullheight_row\" data-content-location=\"center\" style=\"display: none\"><\/div>[\/vc_column][\/vc_row][vc_row][vc_column extend=&#8221;false&#8221;][vc_column_text]\n<h1>&nbsp;<\/h1>\n<p>(&#8230;)<\/p>\n<p>Visto y no visto, Zarek se hab\u00eda puesto de rodillas sobre la cama y sujetaba ambas mu\u00f1ecas de Nora sobre su cabeza con una mano. La levant\u00f3 tanto que apenas alcanzaba a estar de puntillas.<\/p>\n<p>\u2014\u00bfTe has atrevido a golpearme de nuevo? \u2014pregunt\u00f3 haci\u00e9ndose el dolido.<\/p>\n<p>\u2014Bueno, alguien me dijo que la vida necesitaba un poco de emoci\u00f3n \u2014declar\u00f3 cortadamente.<\/p>\n<p>\u2014Mira bonita \u2014dijo acarici\u00e1ndole la mejilla con la mano libre\u2014. Si quisiera abusar de ti, como puede que est\u00e9s pensando, podr\u00eda hacerlo sin pesta\u00f1ear. \u00bfEntiendes?<\/p>\n<p>La miraba directamente a los ojos y, mostrando una inquietante sonrisa, acerc\u00f3 su rostro hasta quedar apenas a unos cent\u00edmetros. Ella quer\u00eda asentir para confirmar que lo entend\u00eda, pero apenas pudo tragar saliva.<\/p>\n<p>\u2014Te dije que era un demonio guardi\u00e1n y hay ciertos l\u00edmites que no puedo cruzar. As\u00ed que, como dije antes, tienes dos opciones. T\u00fa eliges \u2014coment\u00f3 divertido.<\/p>\n<p>Solt\u00f3 a Nora que se qued\u00f3 plantada frente a \u00e9l masaje\u00e1ndose las mu\u00f1ecas sin apartarle la mirada. Zarek suspir\u00f3 sonoramente haciendo un movimiento de resignaci\u00f3n con los ojos.<\/p>\n<p>(&#8230;)<\/p>\n<h1>&nbsp;<\/h1>\n<h1><a name=\"_Toc68806697\"><\/a><\/h1>\n<h1><a name=\"_Toc68808797\"><\/a><\/h1>\n<h1><a name=\"_Toc69056939\"><\/a><\/h1>\n<p>&nbsp;<\/p>\n<p>&nbsp;<\/p>\n<p>&nbsp;<\/p>\n<span class='bctt-click-to-tweet'><span class='bctt-ctt-text'><a href='https:\/\/x.com\/intent\/tweet?url=https%3A%2F%2Fnuestrosescritores.com%2Fmariaortiztomas%2Ffragmentos%2F&#038;text=Cap%C3%ADtulo%20III%20Hay%20un%20demonio%20en%20mi%20habitaci%C3%B3n%20el%20libro%20EL%20DEMONIO%20GUARDIAN%20%28EL%20LIBRO%20DE%20ZAREK%29%20de%20Mar%C3%ADa%20ORTIZ%20TOM%C3%81S&#038;via=poesiaerestu&#038;related=poesiaerestu' target='_blank'rel=\"noopener noreferrer\">Cap\u00edtulo III Hay un demonio en mi habitaci\u00f3n el libro EL DEMONIO GUARDIAN (EL LIBRO DE ZAREK) de Mar\u00eda ORTIZ TOM\u00c1S <\/a><\/span><a href='https:\/\/x.com\/intent\/tweet?url=https%3A%2F%2Fnuestrosescritores.com%2Fmariaortiztomas%2Ffragmentos%2F&#038;text=Cap%C3%ADtulo%20III%20Hay%20un%20demonio%20en%20mi%20habitaci%C3%B3n%20el%20libro%20EL%20DEMONIO%20GUARDIAN%20%28EL%20LIBRO%20DE%20ZAREK%29%20de%20Mar%C3%ADa%20ORTIZ%20TOM%C3%81S&#038;via=poesiaerestu&#038;related=poesiaerestu' target='_blank' class='bctt-ctt-btn'rel=\"noopener noreferrer\">Compartir en X<\/a><\/span>[\/vc_column_text][\/vc_column][\/vc_row][vc_row][vc_column extend=&#8221;false&#8221;]<div class='gambit_parallax_row' data-bg-align='' data-direction='fixed' data-opacity='100' data-velocity='-0.3' data-mobile-enabled='' data-bg-height='1200' data-bg-width='1474' data-bg-image='https:\/\/nuestrosescritores.com\/mariaortiztomas\/wp-content\/uploads\/sites\/94\/2021\/06\/skhrnnkw740.jpg' data-bg-repeat='false' data-id='' style='display: none'><\/div><div class=\"gambit_fullheight_row\" data-content-location=\"center\" style=\"display: none\"><\/div>[\/vc_column][\/vc_row][vc_row][vc_column extend=&#8221;false&#8221;][vc_column_text]<a name=\"_Toc67933181\"><\/a>Somos extra\u00f1os,<\/p>\n<p>&nbsp;<\/p>\n<h1>&nbsp;<\/h1>\n<p>(&#8230;)<a name=\"_Toc67238204\"><\/a><a name=\"_Toc68029894\"><\/a><\/p>\n<h1><a name=\"_Toc68806707\"><\/a><\/h1>\n<h1><a name=\"_Toc68808799\"><\/a><\/h1>\n<p>Entr\u00f3 en la habitaci\u00f3n con aquellos pensamientos y vio que Zarek ocupaba ya su sitio en la cama. Parec\u00eda dormido boca arriba, aunque con \u00e9l nunca se sab\u00eda. Lo que s\u00ed ten\u00eda claro es que \u00e9l necesitaba dormir por mucho que no lo admitiera, no se olvidaba de las grandes ojeras que mostraba. Por si acaso, cerr\u00f3 la puerta y se guio a tientas para no despertarlo. El demonio no se inmut\u00f3 cuando se meti\u00f3 en la cama.<\/p>\n<p>Encendi\u00f3 el m\u00f3vil, principalmente porque ten\u00eda que desactivar la alarma del d\u00eda siguiente ya que no ten\u00eda que ir a trabajar. Ten\u00eda llamadas y mensajes de Isabel, su madre, varios familiares (que ya estar\u00edan al d\u00eda) y Nicol\u00e1s, quien se llevaba el premio a m\u00e1s mensajes enviados. Pero en aquel momento no le apetec\u00eda ponerse a contestar al \u00fanico que seguir\u00eda esperando respuesta, si es que no le hab\u00eda dicho Isabel algo ya.<\/p>\n<p>Notaba la respiraci\u00f3n regular de Zarek a su lado y, curiosa, se volvi\u00f3 a mirarlo. Pod\u00eda apreciar c\u00f3mo su pecho sub\u00eda y bajaba y se fij\u00f3 en sus ojos cerrados. Esta vez parec\u00eda dormir de verdad y, como hab\u00eda hecho tiempo atr\u00e1s susurr\u00f3.<\/p>\n<p>\u2014Definitivamente, est\u00e1 mejor cuando duerme.<\/p>\n<p>Esta vez no obtuvo respuesta ni expresiones faciales.<\/p>\n<p>&nbsp;<\/p>\n<p>Nora se despert\u00f3 temprano y Zarek continuaba dormido a su lado. Ahora, con m\u00e1s luz que la noche anterior, pudo apreciar c\u00f3mo su cara estaba relajada y se ve\u00eda tranquilo. Se qued\u00f3 mir\u00e1ndolo durante unos segundos cuando de pronto abri\u00f3 los ojos y los dirigi\u00f3 a ella con una expresi\u00f3n traviesa.<\/p>\n<p>(&#8230;)<\/p>\n<span class='bctt-click-to-tweet'><span class='bctt-ctt-text'><a href='https:\/\/x.com\/intent\/tweet?url=https%3A%2F%2Fnuestrosescritores.com%2Fmariaortiztomas%2Ffragmentos%2F&#038;text=Cap%C3%ADtulo%20IX%20Visita%20del%20libro%20EL%20DEMONIO%20GUARDIAN%20%28EL%20LIBRO%20DE%20ZAREK%29%20de%20Mar%C3%ADa%20ORTIZ%20TOM%C3%81S&#038;via=poesiaerestu&#038;related=poesiaerestu' target='_blank'rel=\"noopener noreferrer\">Cap\u00edtulo IX Visita del libro EL DEMONIO GUARDIAN (EL LIBRO DE ZAREK) de Mar\u00eda ORTIZ TOM\u00c1S <\/a><\/span><a href='https:\/\/x.com\/intent\/tweet?url=https%3A%2F%2Fnuestrosescritores.com%2Fmariaortiztomas%2Ffragmentos%2F&#038;text=Cap%C3%ADtulo%20IX%20Visita%20del%20libro%20EL%20DEMONIO%20GUARDIAN%20%28EL%20LIBRO%20DE%20ZAREK%29%20de%20Mar%C3%ADa%20ORTIZ%20TOM%C3%81S&#038;via=poesiaerestu&#038;related=poesiaerestu' target='_blank' class='bctt-ctt-btn'rel=\"noopener noreferrer\">Compartir en X<\/a><\/span>[\/vc_column_text][\/vc_column][\/vc_row][vc_row][vc_column extend=&#8221;false&#8221;]<div class='gambit_parallax_row' data-bg-align='' data-direction='fixed' data-opacity='100' data-velocity='-0.3' data-mobile-enabled='' data-bg-height='1200' data-bg-width='807' data-bg-image='https:\/\/nuestrosescritores.com\/mariaortiztomas\/wp-content\/uploads\/sites\/94\/2021\/06\/ftngfpycpgm.jpg' data-bg-repeat='false' data-id='' style='display: none'><\/div><div class=\"gambit_fullheight_row\" data-content-location=\"center\" style=\"display: none\"><\/div>[\/vc_column][\/vc_row][vc_row][vc_column extend=&#8221;false&#8221;][vc_column_text]\n<h1>&nbsp;<\/h1>\n<h1>&nbsp;<\/h1>\n<h1><a name=\"_Toc68806714\"><\/a><\/h1>\n<p><a name=\"_Toc69056972\"><\/a>(&#8230;)<\/p>\n<p>\u2014Roxana, sabes bien d\u00f3nde est\u00e1 el papel de un demonio guardi\u00e1n. No puedo permitir que toques un pelo a mi protegida \u2014declar\u00f3 con aquella voz melosa que sol\u00eda utilizar a veces.<\/p>\n<p>\u2014\u00a1Qu\u00e9 aburrido! \u2014Exclam\u00f3 la aludida siguiendo con el tonito de voz\u2014. Ya pensar\u00e9 algo para divertirte.<\/p>\n<p>\u2014As\u00ed que, Roxana, ya eres libre \u2014coment\u00f3 Nassor haciendo que la demonio se girara a \u00e9l\u2014. Son muchos siglos sin saber de ti.<\/p>\n<p>Zarek aprovech\u00f3 ese momento para volverse hacia Nora con una expresi\u00f3n grave abriendo mucho los ojos como si fuera una se\u00f1al de advertencia. Levant\u00f3 el brazo que sangraba y ella pudo apreciar c\u00f3mo las heridas se cerraban y desaparec\u00edan hasta dejar su piel totalmente lisa. Nora no estaba prestando atenci\u00f3n a lo que conversaban Nassor y Roxana, sino que mir\u00f3 a Zarek incr\u00e9dula sin poder creer lo que acababa de ver.<\/p>\n<p>(&#8230;)<\/p>\n<span class='bctt-click-to-tweet'><span class='bctt-ctt-text'><a href='https:\/\/x.com\/intent\/tweet?url=https%3A%2F%2Fnuestrosescritores.com%2Fmariaortiztomas%2Ffragmentos%2F&#038;text=Cap%C3%ADtulo%20XIX%20Roxana%C2%A0del%20libro%20EL%20DEMONIO%20GUARDIAN%20%28EL%20LIBRO%20DE%20ZAREK%29%20de%20Mar%C3%ADa%20ORTIZ%20TOM%C3%81S&#038;via=poesiaerestu&#038;related=poesiaerestu' target='_blank'rel=\"noopener noreferrer\">Cap\u00edtulo XIX Roxana&nbsp;del libro EL DEMONIO GUARDIAN (EL LIBRO DE ZAREK) de Mar\u00eda ORTIZ TOM\u00c1S <\/a><\/span><a href='https:\/\/x.com\/intent\/tweet?url=https%3A%2F%2Fnuestrosescritores.com%2Fmariaortiztomas%2Ffragmentos%2F&#038;text=Cap%C3%ADtulo%20XIX%20Roxana%C2%A0del%20libro%20EL%20DEMONIO%20GUARDIAN%20%28EL%20LIBRO%20DE%20ZAREK%29%20de%20Mar%C3%ADa%20ORTIZ%20TOM%C3%81S&#038;via=poesiaerestu&#038;related=poesiaerestu' target='_blank' class='bctt-ctt-btn'rel=\"noopener noreferrer\">Compartir en X<\/a><\/span>[\/vc_column_text][\/vc_column][\/vc_row][vc_row][vc_column extend=&#8221;false&#8221;]<div class='gambit_parallax_row' data-bg-align='' data-direction='fixed' data-opacity='100' data-velocity='-0.3' data-mobile-enabled='' data-bg-height='1200' data-bg-width='900' data-bg-image='https:\/\/nuestrosescritores.com\/mariaortiztomas\/wp-content\/uploads\/sites\/94\/2021\/06\/mn-re4in7so.jpg' data-bg-repeat='false' data-id='' style='display: none'><\/div><div class=\"gambit_fullheight_row\" data-content-location=\"center\" style=\"display: none\"><\/div>[vc_column_text]\n<p style=\"text-align: center;\"><a class=\"fasc-button fasc-size-xlarge fasc-type-glossy fasc-rounded-medium\" style=\"background-color: #33809e; color: #ffffff;\" href=\"https:\/\/gepa.es\/producto\/el-demonio-guardian-el-libro-de-zarek-maria-ortiz-tomas\/\">Comprar el libro<\/a><\/p>\n[\/vc_column_text][\/vc_column][\/vc_row]\n<\/div>","protected":false},"excerpt":{"rendered":"<p>[vc_row full_width=&#8221;stretch_row_content_no_spaces&#8221;][vc_column extend=&#8221;false&#8221;][\/vc_column][\/vc_row][vc_row][vc_column extend=&#8221;false&#8221;][vc_column_text] &nbsp; Cap\u00edtulo I El chico misterioso &nbsp; Nora, de veinticinco a\u00f1os, hab\u00eda vivido con sus padres y hermana menor en un piso de un pr\u00f3spero pueblo hasta hac\u00eda seis a\u00f1os, cuando se mud\u00f3 a una ciudad m\u00e1s grande para estudiar. All\u00ed, hab\u00eda alquilado un pisito con una desconocida que se hab\u00eda [&hellip;]<\/p>\n","protected":false},"author":1,"featured_media":0,"parent":0,"menu_order":0,"comment_status":"closed","ping_status":"closed","template":"","meta":{"_acf_changed":false,"footnotes":""},"class_list":["post-79","page","type-page","status-publish","hentry"],"acf":[],"yoast_head":"<!-- This site is optimized with the Yoast SEO Premium plugin v24.7 (Yoast SEO v27.5) - https:\/\/yoast.com\/product\/yoast-seo-premium-wordpress\/ -->\n<title>FRAGMENTOS - Mar\u00eda Ortiz Tom\u00e1s<\/title>\n<meta name=\"description\" content=\"Fragmentos del libro EL DEMONIO GUARDIAN de Mar\u00eda Ortiz Tom\u00e1s. La novela ha sido publicada por Ediciones Amaniel en el a\u00f1o 2021.\" \/>\n<meta name=\"robots\" content=\"index, follow, max-snippet:-1, max-image-preview:large, max-video-preview:-1\" \/>\n<link rel=\"canonical\" href=\"https:\/\/nuestrosescritores.com\/mariaortiztomas\/fragmentos\/\" \/>\n<meta property=\"og:locale\" content=\"es_ES\" \/>\n<meta property=\"og:type\" content=\"article\" \/>\n<meta property=\"og:title\" content=\"FRAGMENTOS\" \/>\n<meta property=\"og:description\" content=\"Fragmentos del libro EL DEMONIO GUARDIAN de Mar\u00eda Ortiz Tom\u00e1s. La novela ha sido publicada por Ediciones Amaniel en el a\u00f1o 2021.\" \/>\n<meta property=\"og:url\" content=\"https:\/\/nuestrosescritores.com\/mariaortiztomas\/fragmentos\/\" \/>\n<meta property=\"og:site_name\" content=\"Mar\u00eda Ortiz Tom\u00e1s\" \/>\n<meta property=\"article:modified_time\" content=\"2021-06-19T15:37:18+00:00\" \/>\n<meta name=\"twitter:card\" content=\"summary_large_image\" \/>\n<meta name=\"twitter:label1\" content=\"Tiempo de lectura\" \/>\n\t<meta name=\"twitter:data1\" content=\"5 minutos\" \/>\n<script type=\"application\/ld+json\" class=\"yoast-schema-graph\">{\"@context\":\"https:\\\/\\\/schema.org\",\"@graph\":[{\"@type\":\"WebPage\",\"@id\":\"https:\\\/\\\/nuestrosescritores.com\\\/mariaortiztomas\\\/fragmentos\\\/\",\"url\":\"https:\\\/\\\/nuestrosescritores.com\\\/mariaortiztomas\\\/fragmentos\\\/\",\"name\":\"FRAGMENTOS - Mar\u00eda Ortiz Tom\u00e1s\",\"isPartOf\":{\"@id\":\"https:\\\/\\\/nuestrosescritores.com\\\/mariaortiztomas\\\/#website\"},\"datePublished\":\"2021-06-16T10:28:26+00:00\",\"dateModified\":\"2021-06-19T15:37:18+00:00\",\"description\":\"Fragmentos del libro EL DEMONIO GUARDIAN de Mar\u00eda Ortiz Tom\u00e1s. La novela ha sido publicada por Ediciones Amaniel en el a\u00f1o 2021.\",\"breadcrumb\":{\"@id\":\"https:\\\/\\\/nuestrosescritores.com\\\/mariaortiztomas\\\/fragmentos\\\/#breadcrumb\"},\"inLanguage\":\"es\",\"potentialAction\":[{\"@type\":\"ReadAction\",\"target\":[\"https:\\\/\\\/nuestrosescritores.com\\\/mariaortiztomas\\\/fragmentos\\\/\"]}]},{\"@type\":\"BreadcrumbList\",\"@id\":\"https:\\\/\\\/nuestrosescritores.com\\\/mariaortiztomas\\\/fragmentos\\\/#breadcrumb\",\"itemListElement\":[{\"@type\":\"ListItem\",\"position\":1,\"name\":\"Portada\",\"item\":\"https:\\\/\\\/nuestrosescritores.com\\\/mariaortiztomas\\\/\"},{\"@type\":\"ListItem\",\"position\":2,\"name\":\"FRAGMENTOS\"}]},{\"@type\":\"WebSite\",\"@id\":\"https:\\\/\\\/nuestrosescritores.com\\\/mariaortiztomas\\\/#website\",\"url\":\"https:\\\/\\\/nuestrosescritores.com\\\/mariaortiztomas\\\/\",\"name\":\"Nuestros escritores\",\"description\":\"Escritora\",\"potentialAction\":[{\"@type\":\"SearchAction\",\"target\":{\"@type\":\"EntryPoint\",\"urlTemplate\":\"https:\\\/\\\/nuestrosescritores.com\\\/mariaortiztomas\\\/?s={search_term_string}\"},\"query-input\":{\"@type\":\"PropertyValueSpecification\",\"valueRequired\":true,\"valueName\":\"search_term_string\"}}],\"inLanguage\":\"es\"}]}<\/script>\n<!-- \/ Yoast SEO Premium plugin. -->","yoast_head_json":{"title":"FRAGMENTOS - Mar\u00eda Ortiz Tom\u00e1s","description":"Fragmentos del libro EL DEMONIO GUARDIAN de Mar\u00eda Ortiz Tom\u00e1s. La novela ha sido publicada por Ediciones Amaniel en el a\u00f1o 2021.","robots":{"index":"index","follow":"follow","max-snippet":"max-snippet:-1","max-image-preview":"max-image-preview:large","max-video-preview":"max-video-preview:-1"},"canonical":"https:\/\/nuestrosescritores.com\/mariaortiztomas\/fragmentos\/","og_locale":"es_ES","og_type":"article","og_title":"FRAGMENTOS","og_description":"Fragmentos del libro EL DEMONIO GUARDIAN de Mar\u00eda Ortiz Tom\u00e1s. La novela ha sido publicada por Ediciones Amaniel en el a\u00f1o 2021.","og_url":"https:\/\/nuestrosescritores.com\/mariaortiztomas\/fragmentos\/","og_site_name":"Mar\u00eda Ortiz Tom\u00e1s","article_modified_time":"2021-06-19T15:37:18+00:00","twitter_card":"summary_large_image","twitter_misc":{"Tiempo de lectura":"5 minutos"},"schema":{"@context":"https:\/\/schema.org","@graph":[{"@type":"WebPage","@id":"https:\/\/nuestrosescritores.com\/mariaortiztomas\/fragmentos\/","url":"https:\/\/nuestrosescritores.com\/mariaortiztomas\/fragmentos\/","name":"FRAGMENTOS - Mar\u00eda Ortiz Tom\u00e1s","isPartOf":{"@id":"https:\/\/nuestrosescritores.com\/mariaortiztomas\/#website"},"datePublished":"2021-06-16T10:28:26+00:00","dateModified":"2021-06-19T15:37:18+00:00","description":"Fragmentos del libro EL DEMONIO GUARDIAN de Mar\u00eda Ortiz Tom\u00e1s. La novela ha sido publicada por Ediciones Amaniel en el a\u00f1o 2021.","breadcrumb":{"@id":"https:\/\/nuestrosescritores.com\/mariaortiztomas\/fragmentos\/#breadcrumb"},"inLanguage":"es","potentialAction":[{"@type":"ReadAction","target":["https:\/\/nuestrosescritores.com\/mariaortiztomas\/fragmentos\/"]}]},{"@type":"BreadcrumbList","@id":"https:\/\/nuestrosescritores.com\/mariaortiztomas\/fragmentos\/#breadcrumb","itemListElement":[{"@type":"ListItem","position":1,"name":"Portada","item":"https:\/\/nuestrosescritores.com\/mariaortiztomas\/"},{"@type":"ListItem","position":2,"name":"FRAGMENTOS"}]},{"@type":"WebSite","@id":"https:\/\/nuestrosescritores.com\/mariaortiztomas\/#website","url":"https:\/\/nuestrosescritores.com\/mariaortiztomas\/","name":"Nuestros escritores","description":"Escritora","potentialAction":[{"@type":"SearchAction","target":{"@type":"EntryPoint","urlTemplate":"https:\/\/nuestrosescritores.com\/mariaortiztomas\/?s={search_term_string}"},"query-input":{"@type":"PropertyValueSpecification","valueRequired":true,"valueName":"search_term_string"}}],"inLanguage":"es"}]}},"_links":{"self":[{"href":"https:\/\/nuestrosescritores.com\/mariaortiztomas\/wp-json\/wp\/v2\/pages\/79","targetHints":{"allow":["GET"]}}],"collection":[{"href":"https:\/\/nuestrosescritores.com\/mariaortiztomas\/wp-json\/wp\/v2\/pages"}],"about":[{"href":"https:\/\/nuestrosescritores.com\/mariaortiztomas\/wp-json\/wp\/v2\/types\/page"}],"author":[{"embeddable":true,"href":"https:\/\/nuestrosescritores.com\/mariaortiztomas\/wp-json\/wp\/v2\/users\/1"}],"replies":[{"embeddable":true,"href":"https:\/\/nuestrosescritores.com\/mariaortiztomas\/wp-json\/wp\/v2\/comments?post=79"}],"version-history":[{"count":0,"href":"https:\/\/nuestrosescritores.com\/mariaortiztomas\/wp-json\/wp\/v2\/pages\/79\/revisions"}],"wp:attachment":[{"href":"https:\/\/nuestrosescritores.com\/mariaortiztomas\/wp-json\/wp\/v2\/media?parent=79"}],"curies":[{"name":"wp","href":"https:\/\/api.w.org\/{rel}","templated":true}]}}