{"id":11,"date":"2021-06-13T15:34:02","date_gmt":"2021-06-13T15:34:02","guid":{"rendered":"https:\/\/nuestrosescritores.com\/mariaortiztomas\/?page_id=11"},"modified":"2021-12-03T18:29:44","modified_gmt":"2021-12-03T18:29:44","slug":"escritora","status":"publish","type":"page","link":"https:\/\/nuestrosescritores.com\/mariaortiztomas\/","title":{"rendered":"ESCRITORA"},"content":{"rendered":"<div class=\"wpb-content-wrapper\">[vc_row full_width=&#8221;stretch_row_content_no_spaces&#8221;][vc_column extend=&#8221;false&#8221;][layerslider_vc id=&#8221;1&#8243;][\/vc_column][\/vc_row][vc_row extend=&#8221;false&#8221; design__empty_1=&#8221;&#8221; background=&#8221;&#8221; background_image_type=&#8221;static&#8221; background_image__effect=&#8221;&#8221; bg_size=&#8221;initial&#8221; bg_position=&#8221;center-center&#8221; row_bg_image=&#8221;&#8221; bg_repeat=&#8221;no-repeat&#8221; background_image_type__bg_color=&#8221;rgba(255, 255, 255, 1)&#8221; row_bg_parallax_images=&#8221;&#8221; row_bg_slideshow_images=&#8221;&#8221; background_video_type=&#8221;youtube&#8221; background_video__youtube__url=&#8221;&#8221; background_video__youtube__parallax=&#8221;&#8221; background_video__youtube__options=&#8221;&#8221; background_video__youtube__fallback_image=&#8221;&#8221; background_video__hosted__mp4=&#8221;&#8221; background_video__hosted__webm=&#8221;&#8221; background_video__hosted__ogv=&#8221;&#8221; background_video__hosted__parallax=&#8221;&#8221; background_video__hosted__options=&#8221;&#8221; background_video__hosted__fallback_image=&#8221;&#8221; background_color_type=&#8221;color&#8221; bg__empty_1=&#8221;&#8221; background_color_type__gradient_color1=&#8221;rgba(44, 74, 228, 1)&#8221; background_color_type__gradient_color2=&#8221;rgba(44, 74, 228, 1)&#8221; background_color_type__color_color1=&#8221;rgba(44, 74, 228, 1)&#8221; bg__empty_2=&#8221;&#8221; background_color__effect=&#8221;&#8221; background_color__direction=&#8221;left-to-right&#8221; settings__tag_1=&#8221;&#8221; viewport_lg=&#8221;&#8221; viewport_md=&#8221;&#8221; viewport_sm=&#8221;&#8221; viewport_xs=&#8221;&#8221; settings__empty_1=&#8221;&#8221; version=&#8221;1&#8243;][vc_column width=&#8221;1\/2&#8243; extend=&#8221;false&#8221;]<div class=\"ult-content-box-container \" >\t\t<div class=\"ult-content-box\" style=\"background-color:rgba(255,255,255,0.49);box-shadow: px px 8px px #f2f2f2 none;border-style:none;-webkit-transition: all 700ms ease;-moz-transition: all 700ms ease;-ms-transition: all 700ms ease;-o-transition: all 700ms ease;transition: all 700ms ease;\"  data-hover_box_shadow=\"none\"     data-bg=\"rgba(255,255,255,0.49)\"  data-border_color=\"\" >[vc_column_text css=&#8221;.vc_custom_1623597999268{padding-top: 15% !important;padding-right: 15% !important;padding-bottom: 15% !important;padding-left: 15% !important;}&#8221;]<strong>Mar\u00eda Ortiz Tom\u00e1s (Jumilla, 1992)<\/strong> es graduada en Estudios Ingleses y posee el m\u00e1ster universitario en Formaci\u00f3n de Profesorado. Aficionada a la literatura fant\u00e1stica desde muy joven, <em>El demonio guardi\u00e1n (El libro de Zarek) <\/em>es el primero de sus proyectos que ve la luz.<\/p>\n<p>&nbsp;<\/p>\n<p>&nbsp;<\/p>\n<span class='bctt-click-to-tweet'><span class='bctt-ctt-text'><a href='https:\/\/x.com\/intent\/tweet?url=https%3A%2F%2Fnuestrosescritores.com%2Fmariaortiztomas%2F&#038;text=MAR%C3%8DA%20ORTIZ%20TOM%C3%81S.%20Escritor.&#038;related' target='_blank'rel=\"noopener noreferrer\">MAR\u00cdA ORTIZ TOM\u00c1S. Escritor. <\/a><\/span><a href='https:\/\/x.com\/intent\/tweet?url=https%3A%2F%2Fnuestrosescritores.com%2Fmariaortiztomas%2F&#038;text=MAR%C3%8DA%20ORTIZ%20TOM%C3%81S.%20Escritor.&#038;related' target='_blank' class='bctt-ctt-btn'rel=\"noopener noreferrer\">Compartir en X<\/a><\/span>[\/vc_column_text]\t\t<\/div><\/div>[\/vc_column][vc_column width=&#8221;1\/2&#8243; extend=&#8221;false&#8221;]<div class=\"gambit_fullheight_row\" data-content-location=\"center\" style=\"display: none\"><\/div><div id=\"rowvcpt-row-settings\" class=\"rowvcpt-row-set RowVcPt-row-setting69e4ea2b8fcb8 \" data-no=\"RowVcPt-row-setting69e4ea2b8fcb8\"><div  id=\"bgGallaryslide69e4ea2b8fcbc\" class=\"rowvcpt-slideshow \"><\/div><script type=\"text\/javascript\">\n(function($) {\n$(\"#bgGallaryslide69e4ea2b8fcbc\").vegas({\n        overlay: \"https:\/\/nuestrosescritores.com\/mariaortiztomas\/wp-content\/plugins\/ultimate-row-background\/css\/overlays\/0'.esc_attr(1.png).'\",\n        transitionDuration: 4e3,\n        delay: 7000,\n        slides: [{src: \"https:\/\/nuestrosescritores.com\/mariaortiztomas\/wp-content\/uploads\/sites\/94\/2021\/06\/skhrnnkw740.jpg\",transition: \"fade2\",transitionDuration: 5000},{src: \"https:\/\/nuestrosescritores.com\/mariaortiztomas\/wp-content\/uploads\/sites\/94\/2021\/06\/q2si-omncsk.jpg\",transition: \"fade2\",transitionDuration: 5000},{src: \"https:\/\/nuestrosescritores.com\/mariaortiztomas\/wp-content\/uploads\/sites\/94\/2021\/06\/ua9q_yaab6g.jpg\",transition: \"fade2\",transitionDuration: 5000},{src: \"https:\/\/nuestrosescritores.com\/mariaortiztomas\/wp-content\/uploads\/sites\/94\/2021\/06\/yuugzxkifty.jpg\",transition: \"fade2\",transitionDuration: 5000},]\n    });\t\t\n})(jQuery);\n<\/script><div class=\"rowvcpt-overlay\" style=\"background:rgba(255,255,255,0.69)\"><\/div><\/div>[vc_single_image image=&#8221;39&#8243; img_size=&#8221;full&#8221; alignment=&#8221;center&#8221;][\/vc_column][\/vc_row][vc_row full_height=&#8221;yes&#8221;][vc_column extend=&#8221;false&#8221;]<div id=\"rowvcpt-row-settings\" class=\"rowvcpt-row-set RowVcPt-row-setting69e4ea2b90735 \" data-no=\"RowVcPt-row-setting69e4ea2b90735\"><div class=\"columns-bg-wrap columns-bg-anim-colors columns-bg-image  columns_simple_image\" id=\"RowVcPt-image-bg-69e4ea2b90734\"   data-parallax_sense=\"30\" src=\"https:\/\/nuestrosescritores.com\/mariaortiztomas\/wp-content\/uploads\/sites\/94\/2021\/06\/aoeeti6onh4.jpg\" style=\"background-image: url(https:\/\/nuestrosescritores.com\/mariaortiztomas\/wp-content\/uploads\/sites\/94\/2021\/06\/aoeeti6onh4.jpg);background-size: cover;background-attachment: fixed;\"><\/div><div class=\"rowvcpt-overlay\" style=\"background:rgba(255,255,255,0.69)\"><\/div><\/div>[\/vc_column][\/vc_row][vc_row][vc_column extend=&#8221;false&#8221;]<div class=\"gambit_fullheight_row\" data-content-location=\"center\" style=\"display: none\"><\/div><div id=\"rowvcpt-row-settings\" class=\"rowvcpt-row-set RowVcPt-row-setting69e4ea2b90996 \" data-no=\"RowVcPt-row-setting69e4ea2b90996\"><div  id=\"bgGallaryslide69e4ea2b90998\" class=\"rowvcpt-slideshow \"><\/div><script type=\"text\/javascript\">\n(function($) {\n$(\"#bgGallaryslide69e4ea2b90998\").vegas({\n        overlay: \"\",\n        transitionDuration: 4e3,\n        delay: 7000,\n        slides: [{src: \"https:\/\/nuestrosescritores.com\/mariaortiztomas\/wp-content\/uploads\/sites\/94\/2021\/06\/bbi7f45fbxc.jpg\",transition: \"fade2\",transitionDuration: 5000},{src: \"https:\/\/nuestrosescritores.com\/mariaortiztomas\/wp-content\/uploads\/sites\/94\/2021\/06\/aloehp7-rma.jpg\",transition: \"fade2\",transitionDuration: 5000},{src: \"https:\/\/nuestrosescritores.com\/mariaortiztomas\/wp-content\/uploads\/sites\/94\/2021\/06\/2afp6ewws58.jpg\",transition: \"fade2\",transitionDuration: 5000},{src: \"https:\/\/nuestrosescritores.com\/mariaortiztomas\/wp-content\/uploads\/sites\/94\/2021\/06\/uimyv23wvda.jpg\",transition: \"fade2\",transitionDuration: 5000},{src: \"https:\/\/nuestrosescritores.com\/mariaortiztomas\/wp-content\/uploads\/sites\/94\/2021\/06\/e0spm6xxn2y.jpg\",transition: \"fade2\",transitionDuration: 5000},]\n    });\t\t\n})(jQuery);\n<\/script><div class=\"rowvcpt-overlay\" style=\"background:rgba(255,255,255,0.69)\"><\/div><\/div><div id=\"uvc-type-wrap-7621\"  data-ultimate-target='#uvc-type-wrap-7621'  data-responsive-json-new='{\"font-size\":\"\",\"line-height\":\"\"}'  class=\"uvc-type-wrap vc_custom_1623598345737 ult-adjust-bottom-margin ult-responsive  uvc-type-align-center uvc-type-no-prefix uvc-wrap-210059022269e4ea2b9154f\" style=\"text-align:center;\"><span id=\"typed-210059022269e4ea2b9154f\" class=\"ultimate-typed-main \" style=\" font-weight:bold; text-transform: unset;\"><\/span><script type=\"text\/javascript\">\n\t\t\t\t\t\tjQuery(function($){ \n\t\t\t\t\t\t\t$(document).ready(function(){\n\t\t\t\t\t\t\t\tif( typeof jQuery(\"#typed-210059022269e4ea2b9154f\").typed == \"function\"){\n\t\t\t\t\t\t\t\t\t$(\"#typed-210059022269e4ea2b9154f\").typed({\n\t\t\t\t\t\t\t\t\t\tstrings: [\"Nora, de 25 a\u00f1os, hace su vida como cualquier joven de su edad. Pero esto cambiar\u00e1 con la aparici\u00f3n de Zarek, un joven peculiar que dice ser su demonio guardi\u00e1n. Nora, envuelta en extra\u00f1as situaciones, ans\u00eda su vuelta a la normalidad pero, \u00bflograr\u00e1 su deseo o ceder\u00e1 al nuevo mundo que se abre ante ella?\"],\n\t\t\t\t\t\t\t\t\t\ttypeSpeed: 35,\n\t\t\t\t\t\t\t\t\t\tbackSpeed: 0,\n\t\t\t\t\t\t\t\t\t\tstartDelay: \"200\",\n\t\t\t\t\t\t\t\t\t\tbackDelay: \"1500\",\n\t\t\t\t\t\t\t\t\t\tloop: true,\n\t\t\t\t\t\t\t\t\t\tloopCount: false,\n\t\t\t\t\t\t\t\t\t\tshowCursor: true,\n\t\t\t\t\t\t\t\t\t\tcursorChar: \"|\",\n\t\t\t\t\t\t\t\t\t\tattr: null\n\t\t\t\t\t\t\t\t\t});\n\t\t\t\t\t\t\t\t}\n\t\t\t\t\t\t\t});\n\t\t\t\t\t\t});\n\t\t\t\t\t<\/script><\/div>[\/vc_column][\/vc_row][vc_row full_height=&#8221;yes&#8221; content_placement=&#8221;middle&#8221;][vc_column extend=&#8221;false&#8221;]<div id=\"rowvcpt-row-settings\" class=\"rowvcpt-row-set RowVcPt-row-setting69e4ea2b9174f \" data-no=\"RowVcPt-row-setting69e4ea2b9174f\"><div class=\"columns-bg-wrap columns-bg-anim-colors columns-bg-image  columns_simple_image\" id=\"RowVcPt-image-bg-69e4ea2b9174e\"   data-parallax_sense=\"30\" src=\"https:\/\/nuestrosescritores.com\/mariaortiztomas\/wp-content\/uploads\/sites\/94\/2021\/06\/MariaOrtiz_SSquare_Alargado-Mediano.png\" style=\"background-image: url(https:\/\/nuestrosescritores.com\/mariaortiztomas\/wp-content\/uploads\/sites\/94\/2021\/06\/MariaOrtiz_SSquare_Alargado-Mediano.png);background-size: cover;background-attachment: fixed;\"><\/div><\/div>[vc_column_text]\n<p style=\"text-align: center;\"><a class=\"fasc-button fasc-size-xlarge fasc-type-glossy fasc-rounded-medium\" style=\"background-color: #2b3336; color: #ffffff;\" href=\"https:\/\/gepa.es\/producto\/el-demonio-guardian-el-libro-de-zarek-maria-ortiz-tomas\/\">COMPRA SUS LIBROS<\/a><\/p>\n[\/vc_column_text][\/vc_column][\/vc_row]\n<\/div>","protected":false},"excerpt":{"rendered":"<p>[vc_row full_width=&#8221;stretch_row_content_no_spaces&#8221;][vc_column extend=&#8221;false&#8221;][layerslider_vc id=&#8221;1&#8243;][\/vc_column][\/vc_row][vc_row extend=&#8221;false&#8221; design__empty_1=&#8221;&#8221; background=&#8221;&#8221; background_image_type=&#8221;static&#8221; background_image__effect=&#8221;&#8221; bg_size=&#8221;initial&#8221; bg_position=&#8221;center-center&#8221; row_bg_image=&#8221;&#8221; bg_repeat=&#8221;no-repeat&#8221; background_image_type__bg_color=&#8221;rgba(255, 255, 255, 1)&#8221; row_bg_parallax_images=&#8221;&#8221; row_bg_slideshow_images=&#8221;&#8221; background_video_type=&#8221;youtube&#8221; background_video__youtube__url=&#8221;&#8221; background_video__youtube__parallax=&#8221;&#8221; background_video__youtube__options=&#8221;&#8221; background_video__youtube__fallback_image=&#8221;&#8221; background_video__hosted__mp4=&#8221;&#8221; background_video__hosted__webm=&#8221;&#8221; background_video__hosted__ogv=&#8221;&#8221; background_video__hosted__parallax=&#8221;&#8221; background_video__hosted__options=&#8221;&#8221; background_video__hosted__fallback_image=&#8221;&#8221; background_color_type=&#8221;color&#8221; bg__empty_1=&#8221;&#8221; background_color_type__gradient_color1=&#8221;rgba(44, 74, 228, 1)&#8221; background_color_type__gradient_color2=&#8221;rgba(44, 74, 228, 1)&#8221; background_color_type__color_color1=&#8221;rgba(44, 74, 228, 1)&#8221; bg__empty_2=&#8221;&#8221; background_color__effect=&#8221;&#8221; background_color__direction=&#8221;left-to-right&#8221; settings__tag_1=&#8221;&#8221; viewport_lg=&#8221;&#8221; viewport_md=&#8221;&#8221; viewport_sm=&#8221;&#8221; viewport_xs=&#8221;&#8221; settings__empty_1=&#8221;&#8221; version=&#8221;1&#8243;][vc_column width=&#8221;1\/2&#8243; [&hellip;]<\/p>\n","protected":false},"author":1,"featured_media":0,"parent":0,"menu_order":0,"comment_status":"closed","ping_status":"closed","template":"","meta":{"_acf_changed":false,"footnotes":""},"class_list":["post-11","page","type-page","status-publish","hentry"],"acf":[],"yoast_head":"<!-- This site is optimized with the Yoast SEO Premium plugin v24.7 (Yoast SEO v27.4) - https:\/\/yoast.com\/product\/yoast-seo-premium-wordpress\/ -->\n<title>ESCRITORA - Mar\u00eda Ortiz Tom\u00e1s<\/title>\n<meta name=\"description\" content=\"Mar\u00eda Ortiz Tom\u00e1s (Jumilla, 1992) es la escritora del libro EL DEMONIO GUARDI\u00c1N (EL LIBRO DE ZAREK) publicado por Ediciones Amaniel 2021.\" \/>\n<meta name=\"robots\" content=\"index, follow, max-snippet:-1, max-image-preview:large, max-video-preview:-1\" \/>\n<link rel=\"canonical\" href=\"https:\/\/nuestrosescritores.com\/mariaortiztomas\/\" \/>\n<meta property=\"og:locale\" content=\"es_ES\" \/>\n<meta property=\"og:type\" content=\"article\" \/>\n<meta property=\"og:title\" content=\"ESCRITORA\" \/>\n<meta property=\"og:description\" content=\"Mar\u00eda Ortiz Tom\u00e1s (Jumilla, 1992) es la escritora del libro EL DEMONIO GUARDI\u00c1N (EL LIBRO DE ZAREK) publicado por Ediciones Amaniel 2021.\" \/>\n<meta property=\"og:url\" content=\"https:\/\/nuestrosescritores.com\/mariaortiztomas\/\" \/>\n<meta property=\"og:site_name\" content=\"Mar\u00eda Ortiz Tom\u00e1s\" \/>\n<meta property=\"article:modified_time\" content=\"2021-12-03T18:29:44+00:00\" \/>\n<meta name=\"twitter:card\" content=\"summary_large_image\" \/>\n<meta name=\"twitter:label1\" content=\"Tiempo de lectura\" \/>\n\t<meta name=\"twitter:data1\" content=\"1 minuto\" \/>\n<script type=\"application\/ld+json\" class=\"yoast-schema-graph\">{\"@context\":\"https:\\\/\\\/schema.org\",\"@graph\":[{\"@type\":\"WebPage\",\"@id\":\"https:\\\/\\\/nuestrosescritores.com\\\/mariaortiztomas\\\/\",\"url\":\"https:\\\/\\\/nuestrosescritores.com\\\/mariaortiztomas\\\/\",\"name\":\"ESCRITORA - Mar\u00eda Ortiz Tom\u00e1s\",\"isPartOf\":{\"@id\":\"https:\\\/\\\/nuestrosescritores.com\\\/mariaortiztomas\\\/#website\"},\"datePublished\":\"2021-06-13T15:34:02+00:00\",\"dateModified\":\"2021-12-03T18:29:44+00:00\",\"description\":\"Mar\u00eda Ortiz Tom\u00e1s (Jumilla, 1992) es la escritora del libro EL DEMONIO GUARDI\u00c1N (EL LIBRO DE ZAREK) publicado por Ediciones Amaniel 2021.\",\"breadcrumb\":{\"@id\":\"https:\\\/\\\/nuestrosescritores.com\\\/mariaortiztomas\\\/#breadcrumb\"},\"inLanguage\":\"es\",\"potentialAction\":[{\"@type\":\"ReadAction\",\"target\":[\"https:\\\/\\\/nuestrosescritores.com\\\/mariaortiztomas\\\/\"]}]},{\"@type\":\"BreadcrumbList\",\"@id\":\"https:\\\/\\\/nuestrosescritores.com\\\/mariaortiztomas\\\/#breadcrumb\",\"itemListElement\":[{\"@type\":\"ListItem\",\"position\":1,\"name\":\"Portada\",\"item\":\"https:\\\/\\\/nuestrosescritores.com\\\/mariaortiztomas\\\/\"},{\"@type\":\"ListItem\",\"position\":2,\"name\":\"ESCRITORA\"}]},{\"@type\":\"WebSite\",\"@id\":\"https:\\\/\\\/nuestrosescritores.com\\\/mariaortiztomas\\\/#website\",\"url\":\"https:\\\/\\\/nuestrosescritores.com\\\/mariaortiztomas\\\/\",\"name\":\"Nuestros escritores\",\"description\":\"Escritora\",\"potentialAction\":[{\"@type\":\"SearchAction\",\"target\":{\"@type\":\"EntryPoint\",\"urlTemplate\":\"https:\\\/\\\/nuestrosescritores.com\\\/mariaortiztomas\\\/?s={search_term_string}\"},\"query-input\":{\"@type\":\"PropertyValueSpecification\",\"valueRequired\":true,\"valueName\":\"search_term_string\"}}],\"inLanguage\":\"es\"}]}<\/script>\n<!-- \/ Yoast SEO Premium plugin. -->","yoast_head_json":{"title":"ESCRITORA - Mar\u00eda Ortiz Tom\u00e1s","description":"Mar\u00eda Ortiz Tom\u00e1s (Jumilla, 1992) es la escritora del libro EL DEMONIO GUARDI\u00c1N (EL LIBRO DE ZAREK) publicado por Ediciones Amaniel 2021.","robots":{"index":"index","follow":"follow","max-snippet":"max-snippet:-1","max-image-preview":"max-image-preview:large","max-video-preview":"max-video-preview:-1"},"canonical":"https:\/\/nuestrosescritores.com\/mariaortiztomas\/","og_locale":"es_ES","og_type":"article","og_title":"ESCRITORA","og_description":"Mar\u00eda Ortiz Tom\u00e1s (Jumilla, 1992) es la escritora del libro EL DEMONIO GUARDI\u00c1N (EL LIBRO DE ZAREK) publicado por Ediciones Amaniel 2021.","og_url":"https:\/\/nuestrosescritores.com\/mariaortiztomas\/","og_site_name":"Mar\u00eda Ortiz Tom\u00e1s","article_modified_time":"2021-12-03T18:29:44+00:00","twitter_card":"summary_large_image","twitter_misc":{"Tiempo de lectura":"1 minuto"},"schema":{"@context":"https:\/\/schema.org","@graph":[{"@type":"WebPage","@id":"https:\/\/nuestrosescritores.com\/mariaortiztomas\/","url":"https:\/\/nuestrosescritores.com\/mariaortiztomas\/","name":"ESCRITORA - Mar\u00eda Ortiz Tom\u00e1s","isPartOf":{"@id":"https:\/\/nuestrosescritores.com\/mariaortiztomas\/#website"},"datePublished":"2021-06-13T15:34:02+00:00","dateModified":"2021-12-03T18:29:44+00:00","description":"Mar\u00eda Ortiz Tom\u00e1s (Jumilla, 1992) es la escritora del libro EL DEMONIO GUARDI\u00c1N (EL LIBRO DE ZAREK) publicado por Ediciones Amaniel 2021.","breadcrumb":{"@id":"https:\/\/nuestrosescritores.com\/mariaortiztomas\/#breadcrumb"},"inLanguage":"es","potentialAction":[{"@type":"ReadAction","target":["https:\/\/nuestrosescritores.com\/mariaortiztomas\/"]}]},{"@type":"BreadcrumbList","@id":"https:\/\/nuestrosescritores.com\/mariaortiztomas\/#breadcrumb","itemListElement":[{"@type":"ListItem","position":1,"name":"Portada","item":"https:\/\/nuestrosescritores.com\/mariaortiztomas\/"},{"@type":"ListItem","position":2,"name":"ESCRITORA"}]},{"@type":"WebSite","@id":"https:\/\/nuestrosescritores.com\/mariaortiztomas\/#website","url":"https:\/\/nuestrosescritores.com\/mariaortiztomas\/","name":"Nuestros escritores","description":"Escritora","potentialAction":[{"@type":"SearchAction","target":{"@type":"EntryPoint","urlTemplate":"https:\/\/nuestrosescritores.com\/mariaortiztomas\/?s={search_term_string}"},"query-input":{"@type":"PropertyValueSpecification","valueRequired":true,"valueName":"search_term_string"}}],"inLanguage":"es"}]}},"_links":{"self":[{"href":"https:\/\/nuestrosescritores.com\/mariaortiztomas\/wp-json\/wp\/v2\/pages\/11","targetHints":{"allow":["GET"]}}],"collection":[{"href":"https:\/\/nuestrosescritores.com\/mariaortiztomas\/wp-json\/wp\/v2\/pages"}],"about":[{"href":"https:\/\/nuestrosescritores.com\/mariaortiztomas\/wp-json\/wp\/v2\/types\/page"}],"author":[{"embeddable":true,"href":"https:\/\/nuestrosescritores.com\/mariaortiztomas\/wp-json\/wp\/v2\/users\/1"}],"replies":[{"embeddable":true,"href":"https:\/\/nuestrosescritores.com\/mariaortiztomas\/wp-json\/wp\/v2\/comments?post=11"}],"version-history":[{"count":0,"href":"https:\/\/nuestrosescritores.com\/mariaortiztomas\/wp-json\/wp\/v2\/pages\/11\/revisions"}],"wp:attachment":[{"href":"https:\/\/nuestrosescritores.com\/mariaortiztomas\/wp-json\/wp\/v2\/media?parent=11"}],"curies":[{"name":"wp","href":"https:\/\/api.w.org\/{rel}","templated":true}]}}