{"id":148,"date":"2025-12-01T08:41:09","date_gmt":"2025-12-01T07:41:09","guid":{"rendered":"https:\/\/nuestrosescritores.com\/marianavas\/?page_id=148"},"modified":"2025-12-01T09:02:42","modified_gmt":"2025-12-01T08:02:42","slug":"poesia","status":"publish","type":"page","link":"https:\/\/nuestrosescritores.com\/marianavas\/poesia\/","title":{"rendered":"POES\u00cdA"},"content":{"rendered":"<div class=\"wpb-content-wrapper\">[vc_row full_width=&#8221;stretch_row_content_no_spaces&#8221;][vc_column extend=&#8221;false&#8221;]<div class='gambit_parallax_row' data-bg-align='' data-direction='fixed' data-opacity='100' data-velocity='-0.3' data-mobile-enabled='' data-bg-height='864' data-bg-width='1184' data-bg-image='https:\/\/nuestrosescritores.com\/marianavas\/wp-content\/uploads\/sites\/225\/2025\/12\/Firefly_Gemini-Flash_Haz-que-sobresalga-del-bolso-un-libro-de-bolsillo-negro-cuyo-titulo-sea-POEMAS-EN-EL-166653.webp' data-bg-repeat='false' data-id='' style='display: none'><\/div><div class=\"gambit_fullheight_row\" data-content-location=\"center\" style=\"display: none\"><\/div>[\/vc_column][\/vc_row][vc_row][vc_column extend=&#8221;false&#8221;][vc_column_text css=&#8221;&#8221;]\n<h1><a name=\"_Toc25777144\"><\/a><\/h1>\n<h1><strong>A VECES<\/strong><\/h1>\n<p>A veces la vida te irrita la piel.<br \/>\nYo, a menudo, sue\u00f1o con forrar mi piel de acero<br \/>\npara no sentir cuchillas.<br \/>\nDeseo una dermis bien gorda,<br \/>\ngruesa, como de campo.<br \/>\nDe lajas de pizarra<br \/>\nque brillen al sol.<br \/>\nAs\u00ed parecer\u00e9 una mujer con aguante,<br \/>\nde las que pueden con todo<br \/>\ny duermen de un tir\u00f3n.<br \/>\nPero mi piel es de uva,<br \/>\ncon un roce se desuella.<br \/>\nQuiero ser como el roble,<br \/>\napacible, de grandes ramas.<br \/>\n\u00a1Qu\u00e9 tristes son los tallos<br \/>\nde las amapolas!<\/p>\n<p>&nbsp;<\/p>\n<p>&nbsp;<\/p>\n<span class='bctt-click-to-tweet'><span class='bctt-ctt-text'><a href='https:\/\/x.com\/intent\/tweet?url=https%3A%2F%2Fnuestrosescritores.com%2Fmarianavas%2Fpoesia%2F&#038;text=A%20VECES%C2%A0del%20libro%20POEMAS%20EN%20EL%20BOLSO%20de%20MAR%C3%8DA%20NAVAS&#038;via=poesiaerestu&#038;related=poesiaerestu' target='_blank'rel=\"noopener noreferrer\">A VECES&nbsp;del libro POEMAS EN EL BOLSO de MAR\u00cdA NAVAS <\/a><\/span><a href='https:\/\/x.com\/intent\/tweet?url=https%3A%2F%2Fnuestrosescritores.com%2Fmarianavas%2Fpoesia%2F&#038;text=A%20VECES%C2%A0del%20libro%20POEMAS%20EN%20EL%20BOLSO%20de%20MAR%C3%8DA%20NAVAS&#038;via=poesiaerestu&#038;related=poesiaerestu' target='_blank' class='bctt-ctt-btn'rel=\"noopener noreferrer\">Compartir en X<\/a><\/span>\n<p>&nbsp;[\/vc_column_text][\/vc_column][\/vc_row][vc_row full_width=&#8221;stretch_row_content_no_spaces&#8221;][vc_column extend=&#8221;false&#8221;]<div class='gambit_parallax_row' data-bg-align='' data-direction='fixed' data-opacity='100' data-velocity='-0.3' data-mobile-enabled='' data-bg-height='864' data-bg-width='1184' data-bg-image='https:\/\/nuestrosescritores.com\/marianavas\/wp-content\/uploads\/sites\/225\/2025\/12\/Firefly_Gemini-Flash_Haz-que-sobresalga-del-bolso-un-libro-de-bolsillo-negro-cuyo-titulo-sea-POEMAS-EN-EL-692147.webp' data-bg-repeat='false' data-id='' style='display: none'><\/div><div class=\"gambit_fullheight_row\" data-content-location=\"center\" style=\"display: none\"><\/div>[\/vc_column][\/vc_row][vc_row][vc_column extend=&#8221;false&#8221;][vc_column_text]\n<h1><a name=\"_Toc25777147\"><\/a><\/h1>\n<h1><strong>POEMAS EN EL BOLSO<\/strong><\/h1>\n<p>Llevo unos poemas en el bolso,<br \/>\nrevueltos entre mis cosas, a medio terminar.<br \/>\nMis versos descansan tranquilos en un forro de raso descosido,<br \/>\njunto a un chicle rancio y un caramelo.<br \/>\nTransitan las rimas<br \/>\nlibres por mi mochila,<br \/>\ncomo polizones a punto de hundirse en el oc\u00e9ano de basura<br \/>\nde un contenedor, en Sainz de Baranda.<br \/>\nSi se pierden las palabras,<br \/>\n\u00bfolvidar\u00e9 la emoci\u00f3n?<br \/>\n\u00bfSe perder\u00e1 lo vivido, si no conservo las palabras?<br \/>\nPasar\u00e1 con ellas lo mismo que con esas fotos<br \/>\nque duermen en la nube<br \/>\ny el dios del algoritmo<br \/>\ndespierta de a\u00f1o en lustro.<br \/>\nVolar\u00e1n mis palabras por el cami\u00f3n de la basura.<br \/>\nAs\u00ed, los poemas que hablaban de tanto<br \/>\ny viajaban conmigo a muchas partes<br \/>\nbuscar\u00e1n los o\u00eddos de las cucarachas<br \/>\npara recitarse a s\u00ed mismos,<br \/>\ncomo versos que se resisten a morir.<br \/>\nHallar\u00e1n, seguro, quien los cuide.<br \/>\nEncontrar\u00e1n acomodo mis poemas<br \/>\nen alg\u00fan vertedero,<br \/>\na las afueras de Madrid.<\/p>\n<p>&nbsp;<\/p>\n<p>&nbsp;<\/p>\n<span class='bctt-click-to-tweet'><span class='bctt-ctt-text'><a href='https:\/\/x.com\/intent\/tweet?url=https%3A%2F%2Fnuestrosescritores.com%2Fmarianavas%2Fpoesia%2F&#038;text=POEMAS%20EN%20EL%20BOLSO%20del%20libro%20POEMAS%20EN%20EL%20BOLSO%20de%20MAR%C3%8DA%20NAVAS&#038;via=poesiaerestu&#038;related=poesiaerestu' target='_blank'rel=\"noopener noreferrer\">POEMAS EN EL BOLSO del libro POEMAS EN EL BOLSO de MAR\u00cdA NAVAS <\/a><\/span><a href='https:\/\/x.com\/intent\/tweet?url=https%3A%2F%2Fnuestrosescritores.com%2Fmarianavas%2Fpoesia%2F&#038;text=POEMAS%20EN%20EL%20BOLSO%20del%20libro%20POEMAS%20EN%20EL%20BOLSO%20de%20MAR%C3%8DA%20NAVAS&#038;via=poesiaerestu&#038;related=poesiaerestu' target='_blank' class='bctt-ctt-btn'rel=\"noopener noreferrer\">Compartir en X<\/a><\/span>\n<p>&nbsp;<\/p>\n<p>&nbsp;[\/vc_column_text][\/vc_column][\/vc_row][vc_row][vc_column extend=&#8221;false&#8221;]<div class='gambit_parallax_row' data-bg-align='' data-direction='fixed' data-opacity='100' data-velocity='-0.3' data-mobile-enabled='' data-bg-height='2560' data-bg-width='1440' data-bg-image='https:\/\/nuestrosescritores.com\/marianavas\/wp-content\/uploads\/sites\/225\/2025\/12\/Firefly_Crea-una-imagen-de-bolso-de-mujer-de-cuero-entreabierto-del-que-sobresale-un-libro-cu-422170-4.webp' data-bg-repeat='false' data-id='' style='display: none'><\/div><div class=\"gambit_fullheight_row\" data-content-location=\"center\" style=\"display: none\"><\/div>[\/vc_column][\/vc_row][vc_row][vc_column extend=&#8221;false&#8221;][vc_column_text css=&#8221;&#8221;]\n<h1><a name=\"_Toc25777151\"><\/a><\/h1>\n<h1><strong>AHORA CALLO<\/strong><\/h1>\n<p>Llevo una vida intentando no hacer ruido.<br \/>\nSimulando ser distante y misteriosa,<br \/>\ncon esa pose atractiva que nos libra<br \/>\ndel veredicto ajeno y sus disparos.<br \/>\n\u00a1C\u00e1llate, ni\u00f1a, c\u00e1llate ya!<br \/>\nNo pod\u00eda,<br \/>\ncuesta mucho alzarse sin ser vista.<br \/>\nAhora callo.<br \/>\nY no lo hago por gusto,<br \/>\nes que no puedo hablar.<br \/>\nMe trago las palabras, las escupo hacia dentro,<br \/>\nconteniendo los eructos de este callar indigesto.<br \/>\nEllas circulan solas, de mi cabeza al est\u00f3mago,<br \/>\nsin detenerse en los labios.<br \/>\nUna tras otra, se atropellan, discuten, pelean.<br \/>\nAra\u00f1an los tejidos en puro desconcierto,<br \/>\ncasi escapan por el ombligo a tomar el aire.<br \/>\nIntentan ordenarse para pedir auxilio,<br \/>\npara decir:<br \/>\nSiento\u2026 Quiero&#8230; Necesito\u2026<br \/>\n\u00bfPero qui\u00e9n atiende un balbuceo?<br \/>\nTengo muchas palabras.<br \/>\nLo que no tengo es voz.<\/p>\n<p>&nbsp;<\/p>\n<p>&nbsp;<\/p>\n<p>&nbsp;<\/p>\n<p>&nbsp;<\/p>\n<span class='bctt-click-to-tweet'><span class='bctt-ctt-text'><a href='https:\/\/x.com\/intent\/tweet?url=https%3A%2F%2Fnuestrosescritores.com%2Fmarianavas%2Fpoesia%2F&#038;text=AHORA%20CALLO%20del%20libro%20POEMAS%20EN%20EL%20BOLSO%20de%20MAR%C3%8DA%20NAVAS&#038;via=poesiaerestu&#038;related=poesiaerestu' target='_blank'rel=\"noopener noreferrer\">AHORA CALLO del libro POEMAS EN EL BOLSO de MAR\u00cdA NAVAS <\/a><\/span><a href='https:\/\/x.com\/intent\/tweet?url=https%3A%2F%2Fnuestrosescritores.com%2Fmarianavas%2Fpoesia%2F&#038;text=AHORA%20CALLO%20del%20libro%20POEMAS%20EN%20EL%20BOLSO%20de%20MAR%C3%8DA%20NAVAS&#038;via=poesiaerestu&#038;related=poesiaerestu' target='_blank' class='bctt-ctt-btn'rel=\"noopener noreferrer\">Compartir en X<\/a><\/span>[\/vc_column_text][\/vc_column][\/vc_row][vc_row][vc_column extend=&#8221;false&#8221;]<div class='gambit_parallax_row' data-bg-align='' data-direction='fixed' data-opacity='100' data-velocity='-0.3' data-mobile-enabled='' data-bg-height='2560' data-bg-width='1440' data-bg-image='https:\/\/nuestrosescritores.com\/marianavas\/wp-content\/uploads\/sites\/225\/2025\/12\/Firefly_Crea-una-imagen-de-bolso-de-mujer-de-cuero-entreabierto-del-que-sobresale-un-libro-cu-422170-2.webp' data-bg-repeat='false' data-id='' style='display: none'><\/div><div class=\"gambit_fullheight_row\" data-content-location=\"center\" style=\"display: none\"><\/div>[\/vc_column][\/vc_row][vc_row][vc_column extend=&#8221;false&#8221;][vc_column_text css=&#8221;&#8221;]\n<h1><a name=\"_Toc25777157\"><\/a><\/h1>\n<h1><strong>BUSCANDO VERANOS<\/strong><\/h1>\n<p>En las tardes de verano,<br \/>\nyo buscaba el rosa de las rosas rosas<br \/>\nen el jard\u00edn de mi abuela Margarita.<br \/>\nMe recuerdo lamiendo mi taza de chocolate<br \/>\nen un jard\u00edn del sur, donde soplaba el terral de vez en cuando.<br \/>\nCalculo que la felicidad consiste, casi siempre,<br \/>\nen revivir la infancia imaginada.<br \/>\nLa felicidad es una ni\u00f1a chica que aprende a nadar en los<br \/>\nbrazos de su padre.<br \/>\nEl pataleo de unos muslos infantiles entre crestas de espuma,<br \/>\neso debe ser.<\/p>\n<p>&nbsp;<\/p>\n<p>&nbsp;<\/p>\n<p>&nbsp;<\/p>\n<p>&nbsp;<\/p>\n<p>&nbsp;<\/p>\n<span class='bctt-click-to-tweet'><span class='bctt-ctt-text'><a href='https:\/\/x.com\/intent\/tweet?url=https%3A%2F%2Fnuestrosescritores.com%2Fmarianavas%2Fpoesia%2F&#038;text=BUSCANDO%20VERANOS%20del%20libro%20POEMAS%20EN%20EL%20BOLSO%20de%20MAR%C3%8DA%20NAVAS&#038;via=poesiaerestu&#038;related=poesiaerestu' target='_blank'rel=\"noopener noreferrer\">BUSCANDO VERANOS del libro POEMAS EN EL BOLSO de MAR\u00cdA NAVAS <\/a><\/span><a href='https:\/\/x.com\/intent\/tweet?url=https%3A%2F%2Fnuestrosescritores.com%2Fmarianavas%2Fpoesia%2F&#038;text=BUSCANDO%20VERANOS%20del%20libro%20POEMAS%20EN%20EL%20BOLSO%20de%20MAR%C3%8DA%20NAVAS&#038;via=poesiaerestu&#038;related=poesiaerestu' target='_blank' class='bctt-ctt-btn'rel=\"noopener noreferrer\">Compartir en X<\/a><\/span>[\/vc_column_text][\/vc_column][\/vc_row][vc_row][vc_column extend=&#8221;false&#8221;]<div class='gambit_parallax_row' data-bg-align='' data-direction='fixed' data-opacity='100' data-velocity='-0.3' data-mobile-enabled='' data-bg-height='1184' data-bg-width='864' data-bg-image='https:\/\/nuestrosescritores.com\/marianavas\/wp-content\/uploads\/sites\/225\/2025\/12\/Firefly_Gemini-Flash_Haz-que-sobresalga-del-bolso-un-libro-de-bolsillo-negro-cuyo-titulo-sea-POEMAS-EN-EL-413930.webp' data-bg-repeat='false' data-id='' style='display: none'><\/div><div class=\"gambit_fullheight_row\" data-content-location=\"center\" style=\"display: none\"><\/div>[vc_column_text css=&#8221;&#8221;]\n<p style=\"text-align: center;\"><a class=\"fasc-button fasc-size-xlarge fasc-type-glossy fasc-rounded-medium\" style=\"background-color: #33809e; color: #ffffff;\" href=\"https:\/\/gepa.es\/producto\/poemas-en-el-bolso-maria-navas\/\">Comprar el libro<\/a><\/p>\n[\/vc_column_text][\/vc_column][\/vc_row]\n<\/div>","protected":false},"excerpt":{"rendered":"<p>[vc_row full_width=&#8221;stretch_row_content_no_spaces&#8221;][vc_column extend=&#8221;false&#8221;][\/vc_column][\/vc_row][vc_row][vc_column extend=&#8221;false&#8221;][vc_column_text css=&#8221;&#8221;] A VECES A veces la vida te irrita la piel. Yo, a menudo, sue\u00f1o con forrar mi piel de acero para no sentir cuchillas. Deseo una dermis bien gorda, gruesa, como de campo. De lajas de pizarra que brillen al sol. As\u00ed parecer\u00e9 una mujer con aguante, de las que [&hellip;]<\/p>\n","protected":false},"author":1,"featured_media":88,"parent":0,"menu_order":0,"comment_status":"closed","ping_status":"closed","template":"","meta":{"_acf_changed":false,"footnotes":""},"class_list":["post-148","page","type-page","status-publish","has-post-thumbnail","hentry"],"acf":[],"yoast_head":"<!-- This site is optimized with the Yoast SEO Premium plugin v24.7 (Yoast SEO v27.4) - https:\/\/yoast.com\/product\/yoast-seo-premium-wordpress\/ -->\n<title>POES\u00cdA - Mar\u00eda Navas<\/title>\n<meta name=\"description\" content=\"Poes\u00edas del libro Poemas en el bolso de Mar\u00eda Navas, la escritora nos da una muestra tras publicar su libro.\" \/>\n<meta name=\"robots\" content=\"index, follow, max-snippet:-1, max-image-preview:large, max-video-preview:-1\" \/>\n<link rel=\"canonical\" href=\"https:\/\/nuestrosescritores.com\/marianavas\/poesia\/\" \/>\n<meta property=\"og:locale\" content=\"es_ES\" \/>\n<meta property=\"og:type\" content=\"article\" \/>\n<meta property=\"og:title\" content=\"POES\u00cdA\" \/>\n<meta property=\"og:description\" content=\"Poes\u00edas del libro Poemas en el bolso de Mar\u00eda Navas, la escritora nos da una muestra tras publicar su libro.\" \/>\n<meta property=\"og:url\" content=\"https:\/\/nuestrosescritores.com\/marianavas\/poesia\/\" \/>\n<meta property=\"og:site_name\" content=\"Mar\u00eda Navas\" \/>\n<meta property=\"article:modified_time\" content=\"2025-12-01T08:02:42+00:00\" \/>\n<meta property=\"og:image\" content=\"http:\/\/nuestrosescritores.com\/marianavas\/wp-content\/uploads\/sites\/225\/2025\/12\/Firefly_Gemini-Flash_Haz-que-sobresalga-del-bolso-un-libro-de-bolsillo-negro-cuyo-titulo-sea-POEMAS-EN-EL-932761.webp\" \/>\n\t<meta property=\"og:image:width\" content=\"1184\" \/>\n\t<meta property=\"og:image:height\" content=\"864\" \/>\n\t<meta property=\"og:image:type\" content=\"image\/webp\" \/>\n<meta name=\"twitter:card\" content=\"summary_large_image\" \/>\n<meta name=\"twitter:label1\" content=\"Tiempo de lectura\" \/>\n\t<meta name=\"twitter:data1\" content=\"3 minutos\" \/>\n<script type=\"application\/ld+json\" class=\"yoast-schema-graph\">{\"@context\":\"https:\\\/\\\/schema.org\",\"@graph\":[{\"@type\":\"WebPage\",\"@id\":\"https:\\\/\\\/nuestrosescritores.com\\\/marianavas\\\/poesia\\\/\",\"url\":\"https:\\\/\\\/nuestrosescritores.com\\\/marianavas\\\/poesia\\\/\",\"name\":\"POES\u00cdA - Mar\u00eda Navas\",\"isPartOf\":{\"@id\":\"https:\\\/\\\/nuestrosescritores.com\\\/marianavas\\\/#website\"},\"primaryImageOfPage\":{\"@id\":\"https:\\\/\\\/nuestrosescritores.com\\\/marianavas\\\/poesia\\\/#primaryimage\"},\"image\":{\"@id\":\"https:\\\/\\\/nuestrosescritores.com\\\/marianavas\\\/poesia\\\/#primaryimage\"},\"thumbnailUrl\":\"https:\\\/\\\/nuestrosescritores.com\\\/marianavas\\\/wp-content\\\/uploads\\\/sites\\\/225\\\/2025\\\/12\\\/Firefly_Gemini-Flash_Haz-que-sobresalga-del-bolso-un-libro-de-bolsillo-negro-cuyo-titulo-sea-POEMAS-EN-EL-932761.webp\",\"datePublished\":\"2025-12-01T07:41:09+00:00\",\"dateModified\":\"2025-12-01T08:02:42+00:00\",\"description\":\"Poes\u00edas del libro Poemas en el bolso de Mar\u00eda Navas, la escritora nos da una muestra tras publicar su libro.\",\"breadcrumb\":{\"@id\":\"https:\\\/\\\/nuestrosescritores.com\\\/marianavas\\\/poesia\\\/#breadcrumb\"},\"inLanguage\":\"es\",\"potentialAction\":[{\"@type\":\"ReadAction\",\"target\":[\"https:\\\/\\\/nuestrosescritores.com\\\/marianavas\\\/poesia\\\/\"]}]},{\"@type\":\"ImageObject\",\"inLanguage\":\"es\",\"@id\":\"https:\\\/\\\/nuestrosescritores.com\\\/marianavas\\\/poesia\\\/#primaryimage\",\"url\":\"https:\\\/\\\/nuestrosescritores.com\\\/marianavas\\\/wp-content\\\/uploads\\\/sites\\\/225\\\/2025\\\/12\\\/Firefly_Gemini-Flash_Haz-que-sobresalga-del-bolso-un-libro-de-bolsillo-negro-cuyo-titulo-sea-POEMAS-EN-EL-932761.webp\",\"contentUrl\":\"https:\\\/\\\/nuestrosescritores.com\\\/marianavas\\\/wp-content\\\/uploads\\\/sites\\\/225\\\/2025\\\/12\\\/Firefly_Gemini-Flash_Haz-que-sobresalga-del-bolso-un-libro-de-bolsillo-negro-cuyo-titulo-sea-POEMAS-EN-EL-932761.webp\",\"width\":1184,\"height\":864},{\"@type\":\"BreadcrumbList\",\"@id\":\"https:\\\/\\\/nuestrosescritores.com\\\/marianavas\\\/poesia\\\/#breadcrumb\",\"itemListElement\":[{\"@type\":\"ListItem\",\"position\":1,\"name\":\"Portada\",\"item\":\"https:\\\/\\\/nuestrosescritores.com\\\/marianavas\\\/\"},{\"@type\":\"ListItem\",\"position\":2,\"name\":\"POES\u00cdA\"}]},{\"@type\":\"WebSite\",\"@id\":\"https:\\\/\\\/nuestrosescritores.com\\\/marianavas\\\/#website\",\"url\":\"https:\\\/\\\/nuestrosescritores.com\\\/marianavas\\\/\",\"name\":\"Nuestros escritores\",\"description\":\"Escritora\",\"potentialAction\":[{\"@type\":\"SearchAction\",\"target\":{\"@type\":\"EntryPoint\",\"urlTemplate\":\"https:\\\/\\\/nuestrosescritores.com\\\/marianavas\\\/?s={search_term_string}\"},\"query-input\":{\"@type\":\"PropertyValueSpecification\",\"valueRequired\":true,\"valueName\":\"search_term_string\"}}],\"inLanguage\":\"es\"}]}<\/script>\n<!-- \/ Yoast SEO Premium plugin. -->","yoast_head_json":{"title":"POES\u00cdA - Mar\u00eda Navas","description":"Poes\u00edas del libro Poemas en el bolso de Mar\u00eda Navas, la escritora nos da una muestra tras publicar su libro.","robots":{"index":"index","follow":"follow","max-snippet":"max-snippet:-1","max-image-preview":"max-image-preview:large","max-video-preview":"max-video-preview:-1"},"canonical":"https:\/\/nuestrosescritores.com\/marianavas\/poesia\/","og_locale":"es_ES","og_type":"article","og_title":"POES\u00cdA","og_description":"Poes\u00edas del libro Poemas en el bolso de Mar\u00eda Navas, la escritora nos da una muestra tras publicar su libro.","og_url":"https:\/\/nuestrosescritores.com\/marianavas\/poesia\/","og_site_name":"Mar\u00eda Navas","article_modified_time":"2025-12-01T08:02:42+00:00","og_image":[{"width":1184,"height":864,"url":"http:\/\/nuestrosescritores.com\/marianavas\/wp-content\/uploads\/sites\/225\/2025\/12\/Firefly_Gemini-Flash_Haz-que-sobresalga-del-bolso-un-libro-de-bolsillo-negro-cuyo-titulo-sea-POEMAS-EN-EL-932761.webp","type":"image\/webp"}],"twitter_card":"summary_large_image","twitter_misc":{"Tiempo de lectura":"3 minutos"},"schema":{"@context":"https:\/\/schema.org","@graph":[{"@type":"WebPage","@id":"https:\/\/nuestrosescritores.com\/marianavas\/poesia\/","url":"https:\/\/nuestrosescritores.com\/marianavas\/poesia\/","name":"POES\u00cdA - Mar\u00eda Navas","isPartOf":{"@id":"https:\/\/nuestrosescritores.com\/marianavas\/#website"},"primaryImageOfPage":{"@id":"https:\/\/nuestrosescritores.com\/marianavas\/poesia\/#primaryimage"},"image":{"@id":"https:\/\/nuestrosescritores.com\/marianavas\/poesia\/#primaryimage"},"thumbnailUrl":"https:\/\/nuestrosescritores.com\/marianavas\/wp-content\/uploads\/sites\/225\/2025\/12\/Firefly_Gemini-Flash_Haz-que-sobresalga-del-bolso-un-libro-de-bolsillo-negro-cuyo-titulo-sea-POEMAS-EN-EL-932761.webp","datePublished":"2025-12-01T07:41:09+00:00","dateModified":"2025-12-01T08:02:42+00:00","description":"Poes\u00edas del libro Poemas en el bolso de Mar\u00eda Navas, la escritora nos da una muestra tras publicar su libro.","breadcrumb":{"@id":"https:\/\/nuestrosescritores.com\/marianavas\/poesia\/#breadcrumb"},"inLanguage":"es","potentialAction":[{"@type":"ReadAction","target":["https:\/\/nuestrosescritores.com\/marianavas\/poesia\/"]}]},{"@type":"ImageObject","inLanguage":"es","@id":"https:\/\/nuestrosescritores.com\/marianavas\/poesia\/#primaryimage","url":"https:\/\/nuestrosescritores.com\/marianavas\/wp-content\/uploads\/sites\/225\/2025\/12\/Firefly_Gemini-Flash_Haz-que-sobresalga-del-bolso-un-libro-de-bolsillo-negro-cuyo-titulo-sea-POEMAS-EN-EL-932761.webp","contentUrl":"https:\/\/nuestrosescritores.com\/marianavas\/wp-content\/uploads\/sites\/225\/2025\/12\/Firefly_Gemini-Flash_Haz-que-sobresalga-del-bolso-un-libro-de-bolsillo-negro-cuyo-titulo-sea-POEMAS-EN-EL-932761.webp","width":1184,"height":864},{"@type":"BreadcrumbList","@id":"https:\/\/nuestrosescritores.com\/marianavas\/poesia\/#breadcrumb","itemListElement":[{"@type":"ListItem","position":1,"name":"Portada","item":"https:\/\/nuestrosescritores.com\/marianavas\/"},{"@type":"ListItem","position":2,"name":"POES\u00cdA"}]},{"@type":"WebSite","@id":"https:\/\/nuestrosescritores.com\/marianavas\/#website","url":"https:\/\/nuestrosescritores.com\/marianavas\/","name":"Nuestros escritores","description":"Escritora","potentialAction":[{"@type":"SearchAction","target":{"@type":"EntryPoint","urlTemplate":"https:\/\/nuestrosescritores.com\/marianavas\/?s={search_term_string}"},"query-input":{"@type":"PropertyValueSpecification","valueRequired":true,"valueName":"search_term_string"}}],"inLanguage":"es"}]}},"_links":{"self":[{"href":"https:\/\/nuestrosescritores.com\/marianavas\/wp-json\/wp\/v2\/pages\/148","targetHints":{"allow":["GET"]}}],"collection":[{"href":"https:\/\/nuestrosescritores.com\/marianavas\/wp-json\/wp\/v2\/pages"}],"about":[{"href":"https:\/\/nuestrosescritores.com\/marianavas\/wp-json\/wp\/v2\/types\/page"}],"author":[{"embeddable":true,"href":"https:\/\/nuestrosescritores.com\/marianavas\/wp-json\/wp\/v2\/users\/1"}],"replies":[{"embeddable":true,"href":"https:\/\/nuestrosescritores.com\/marianavas\/wp-json\/wp\/v2\/comments?post=148"}],"version-history":[{"count":0,"href":"https:\/\/nuestrosescritores.com\/marianavas\/wp-json\/wp\/v2\/pages\/148\/revisions"}],"wp:featuredmedia":[{"embeddable":true,"href":"https:\/\/nuestrosescritores.com\/marianavas\/wp-json\/wp\/v2\/media\/88"}],"wp:attachment":[{"href":"https:\/\/nuestrosescritores.com\/marianavas\/wp-json\/wp\/v2\/media?parent=148"}],"curies":[{"name":"wp","href":"https:\/\/api.w.org\/{rel}","templated":true}]}}