{"id":86,"date":"2020-05-10T16:25:03","date_gmt":"2020-05-10T16:25:03","guid":{"rendered":"https:\/\/nuestrosescritores.com\/mariacibran\/?page_id=86"},"modified":"2020-05-10T16:28:47","modified_gmt":"2020-05-10T16:28:47","slug":"poesia","status":"publish","type":"page","link":"https:\/\/nuestrosescritores.com\/mariacibran\/poesia\/","title":{"rendered":"Poes\u00eda"},"content":{"rendered":"<div class=\"wpb-content-wrapper\">[vc_row][vc_column extend=&#8221;false&#8221;][vc_column_text css=&#8221;.vc_custom_1582373099134{margin-top: -30000px !important;}&#8221;]\n<h1><strong><em><u>Poes\u00eda del libro MI MANIA (MANERA) DE QUERER de MAR\u00cdA CIBR\u00c1N FREIRE. El escritor nos da una muestra tras publicar un libro.<\/u><\/em><\/strong><\/h1>\n<h2><strong><em><u><img fetchpriority=\"high\" decoding=\"async\" class=\"alignnone size-full wp-image-52\" src=\"https:\/\/nuestrosescritores.com\/mariacibran\/wp-content\/uploads\/sites\/38\/2020\/05\/0_Portada_Mimania.jpg\" alt=\"\" width=\"559\" height=\"794\">Poes\u00eda del libro MI MANIA (MANERA) DE QUERER de MAR\u00cdA CIBR\u00c1N FREIRE El poeta nos da una muestra tras publicar un libro.<\/u><\/em><\/strong><\/h2>\n<h3><strong><em><u>Poes\u00eda del libro MI MANIA (MANERA) DE QUERER de MAR\u00cdA CIBR\u00c1N FREIRE El autor nos da una muestra tras publicar un libro.<\/u><\/em><\/strong><\/h3>\n<h4><strong><em><u>Poes\u00eda del libro MI MANIA (MANERA) DE QUERER de MAR\u00cdA CIBR\u00c1N FREIRE El autor nos da una muestra tras publicar un libro.<\/u><\/em><\/strong><\/h4>\n<h5><strong><em><u>Poes\u00eda del libro MI MANIA (MANERA) DE QUERER de MAR\u00cdA CIBR\u00c1N FREIRE El autor nos da una muestra tras publicar un libro.<\/u><\/em><\/strong><\/h5>\n[\/vc_column_text][\/vc_column][\/vc_row][vc_row full_width=&#8221;stretch_row_content_no_spaces&#8221;][vc_column extend=&#8221;false&#8221;]<div class='gambit_parallax_row' data-bg-align='' data-direction='fixed' data-opacity='100' data-velocity='-0.3' data-mobile-enabled='' data-bg-height='2560' data-bg-width='1622' data-bg-image='https:\/\/nuestrosescritores.com\/mariacibran\/wp-content\/uploads\/sites\/38\/2020\/05\/hhmcijtlugy-scaled.jpg' data-bg-repeat='false' data-id='' style='display: none'><\/div><div class=\"gambit_fullheight_row\" data-content-location=\"center\" style=\"display: none\"><\/div>[\/vc_column][\/vc_row][vc_row][vc_column extend=&#8221;false&#8221;][vc_column_text]\n<h1>&nbsp;<\/h1>\n<h1><a name=\"_Toc33717376\"><\/a><strong>Sin due\u00f1o<\/strong><\/h1>\n<p>&nbsp;<\/p>\n<p>Qui\u00e9reme libre,<\/p>\n<p>con alas.<\/p>\n<p>&nbsp;<\/p>\n<p>Con la calma de saber<\/p>\n<p>que volver\u00e9 a tu puerto.<\/p>\n<p>&nbsp;<\/p>\n<p>Y que si no vuelvo,<\/p>\n<p>habr\u00e1 valido la pena<\/p>\n<p>amarme as\u00ed.<\/p>\n<p>&nbsp;<\/p>\n<p>Salvaje.<\/p>\n<p>&nbsp;<\/p>\n<p>&nbsp;<\/p>\n<span class='bctt-click-to-tweet'><span class='bctt-ctt-text'><a href='https:\/\/x.com\/intent\/tweet?url=https%3A%2F%2Fnuestrosescritores.com%2Fmariacibran%2Fpoesia%2F&#038;text=Sin%20due%C3%B1o%C2%A0del%20libro%20MI%20MANIA%20%28MANERA%29%20DE%20QUERER%20de%20MAR%C3%8DA%20CIBR%C3%81N%20FREIRE&#038;via=poesiaerestu&#038;related=poesiaerestu' target='_blank'rel=\"noopener noreferrer\">Sin due\u00f1o&nbsp;del libro MI MANIA (MANERA) DE QUERER de MAR\u00cdA CIBR\u00c1N FREIRE <\/a><\/span><a href='https:\/\/x.com\/intent\/tweet?url=https%3A%2F%2Fnuestrosescritores.com%2Fmariacibran%2Fpoesia%2F&#038;text=Sin%20due%C3%B1o%C2%A0del%20libro%20MI%20MANIA%20%28MANERA%29%20DE%20QUERER%20de%20MAR%C3%8DA%20CIBR%C3%81N%20FREIRE&#038;via=poesiaerestu&#038;related=poesiaerestu' target='_blank' class='bctt-ctt-btn'rel=\"noopener noreferrer\">Compartir en X<\/a><\/span>\n<p>&nbsp;[\/vc_column_text][\/vc_column][\/vc_row][vc_row full_width=&#8221;stretch_row_content_no_spaces&#8221;][vc_column extend=&#8221;false&#8221;]<div class='gambit_parallax_row' data-bg-align='' data-direction='fixed' data-opacity='100' data-velocity='-0.3' data-mobile-enabled='' data-bg-height='2560' data-bg-width='1709' data-bg-image='https:\/\/nuestrosescritores.com\/mariacibran\/wp-content\/uploads\/sites\/38\/2020\/05\/4rdca5hblcs-scaled.jpg' data-bg-repeat='false' data-id='' style='display: none'><\/div><div class=\"gambit_fullheight_row\" data-content-location=\"center\" style=\"display: none\"><\/div>[\/vc_column][\/vc_row][vc_row][vc_column extend=&#8221;false&#8221;][vc_column_text]\n<h1><a name=\"_Toc33717381\"><\/a><a name=\"_Toc32875898\"><\/a><strong>No te pongas c\u00f3modo<\/strong><\/h1>\n<p><em>&nbsp;<\/em><\/p>\n<p>\u00bfQu\u00e9 te parece si te<\/p>\n<p>abro la puerta y pasas?<\/p>\n<p>&nbsp;<\/p>\n<p>Pero no te acomodes,<\/p>\n<p>no muevas nada, a no ser,<\/p>\n<p>que prometas quedarte.<\/p>\n<p>&nbsp;<\/p>\n<p>No dejes tu olor<\/p>\n<p>en el sof\u00e1 y en mi cama;<\/p>\n<p>no abras un hueco en el armario,<\/p>\n<p>ni cepillo de dientes.<\/p>\n<p>&nbsp;<\/p>\n<p>\u00bfQu\u00e9 te parece si dejo<\/p>\n<p>la puerta abierta, por<\/p>\n<p>si decides marcharte?<\/p>\n<p>&nbsp;<\/p>\n<span class='bctt-click-to-tweet'><span class='bctt-ctt-text'><a href='https:\/\/x.com\/intent\/tweet?url=https%3A%2F%2Fnuestrosescritores.com%2Fmariacibran%2Fpoesia%2F&#038;text=No%20te%20pongas%20c%C3%B3modo%20del%20libro%20MI%20MANIA%20%28MANERA%29%20DE%20QUERER%20de%20MAR%C3%8DA%20CIBR%C3%81N%20FREIRE&#038;via=poesiaerestu&#038;related=poesiaerestu' target='_blank'rel=\"noopener noreferrer\">No te pongas c\u00f3modo del libro MI MANIA (MANERA) DE QUERER de MAR\u00cdA CIBR\u00c1N FREIRE <\/a><\/span><a href='https:\/\/x.com\/intent\/tweet?url=https%3A%2F%2Fnuestrosescritores.com%2Fmariacibran%2Fpoesia%2F&#038;text=No%20te%20pongas%20c%C3%B3modo%20del%20libro%20MI%20MANIA%20%28MANERA%29%20DE%20QUERER%20de%20MAR%C3%8DA%20CIBR%C3%81N%20FREIRE&#038;via=poesiaerestu&#038;related=poesiaerestu' target='_blank' class='bctt-ctt-btn'rel=\"noopener noreferrer\">Compartir en X<\/a><\/span>\n<p>&nbsp;<\/p>\n<p>&nbsp;[\/vc_column_text][\/vc_column][\/vc_row][vc_row][vc_column extend=&#8221;false&#8221;]<div class='gambit_parallax_row' data-bg-align='' data-direction='fixed' data-opacity='100' data-velocity='-0.3' data-mobile-enabled='' data-bg-height='1709' data-bg-width='2560' data-bg-image='https:\/\/nuestrosescritores.com\/mariacibran\/wp-content\/uploads\/sites\/38\/2020\/05\/oqmzwnd3thu-scaled.jpg' data-bg-repeat='false' data-id='' style='display: none'><\/div><div class=\"gambit_fullheight_row\" data-content-location=\"center\" style=\"display: none\"><\/div>[\/vc_column][\/vc_row][vc_row][vc_column extend=&#8221;false&#8221;][vc_column_text]\n<h1>&nbsp;<\/h1>\n<h1><a name=\"_Toc33717385\"><\/a><strong>Me derrotas<\/strong><\/h1>\n<p><em>&nbsp;<\/em><\/p>\n<p>Te advert\u00ed que recientes batallas<\/p>\n<p>perdidas hab\u00edan malherido<\/p>\n<p>mi escuadr\u00f3n de combate.<\/p>\n<p>&nbsp;<\/p>\n<p>Que retornaba en pie de guerra,<\/p>\n<p>sin intenci\u00f3n de caer por<\/p>\n<p>segunda vez.<\/p>\n<p>&nbsp;<\/p>\n<p>T\u00fa sin embargo,<\/p>\n<p>armaste a tu mejor cuadrilla<\/p>\n<p>neg\u00e1ndote a la rendici\u00f3n.<\/p>\n<p>Plantaste bandera en la misma<\/p>\n<p>frontera de mi coraz\u00f3n.<\/p>\n<p>&nbsp;<\/p>\n<p>Y yo no pude hacerlo,<\/p>\n<p>no pude negarte la entrada.<\/p>\n<p>&nbsp;<\/p>\n<p>Porque en realidad,<\/p>\n<p>deseaba que tiraras<\/p>\n<p>la puerta abajo.<\/p>\n<p>&nbsp;<\/p>\n<span class='bctt-click-to-tweet'><span class='bctt-ctt-text'><a href='https:\/\/x.com\/intent\/tweet?url=https%3A%2F%2Fnuestrosescritores.com%2Fmariacibran%2Fpoesia%2F&#038;text=Me%20derrotas%C2%A0del%20libro%20MI%20MANIA%20%28MANERA%29%20DE%20QUERER%20de%20MAR%C3%8DA%20CIBR%C3%81N%20FREIRE&#038;via=poesiaerestu&#038;related=poesiaerestu' target='_blank'rel=\"noopener noreferrer\">Me derrotas&nbsp;del libro MI MANIA (MANERA) DE QUERER de MAR\u00cdA CIBR\u00c1N FREIRE <\/a><\/span><a href='https:\/\/x.com\/intent\/tweet?url=https%3A%2F%2Fnuestrosescritores.com%2Fmariacibran%2Fpoesia%2F&#038;text=Me%20derrotas%C2%A0del%20libro%20MI%20MANIA%20%28MANERA%29%20DE%20QUERER%20de%20MAR%C3%8DA%20CIBR%C3%81N%20FREIRE&#038;via=poesiaerestu&#038;related=poesiaerestu' target='_blank' class='bctt-ctt-btn'rel=\"noopener noreferrer\">Compartir en X<\/a><\/span>[\/vc_column_text][\/vc_column][\/vc_row][vc_row][vc_column extend=&#8221;false&#8221;]<div class='gambit_parallax_row' data-bg-align='' data-direction='fixed' data-opacity='100' data-velocity='-0.3' data-mobile-enabled='' data-bg-height='1707' data-bg-width='2560' data-bg-image='https:\/\/nuestrosescritores.com\/mariacibran\/wp-content\/uploads\/sites\/38\/2020\/05\/o85h02qz24w-scaled.jpg' data-bg-repeat='false' data-id='' style='display: none'><\/div><div class=\"gambit_fullheight_row\" data-content-location=\"center\" style=\"display: none\"><\/div>[\/vc_column][\/vc_row][vc_row][vc_column extend=&#8221;false&#8221;][vc_column_text]\n<h1><a name=\"_Toc33717398\"><\/a><strong>Sin parar<\/strong><\/h1>\n<p>&nbsp;<\/p>\n<p>Quiero llevarte conmigo<\/p>\n<p>todos mis eneros.<\/p>\n<p>&nbsp;<\/p>\n<p>Que me enamores cada febrero.<\/p>\n<p>&nbsp;<\/p>\n<p>Que me des aliento en marzo<\/p>\n<p>y me suspires en abril.<\/p>\n<p>&nbsp;<\/p>\n<p>Yo te cubrir\u00e9 de flores en mayo,<\/p>\n<p>y encender\u00e9 tus hogueras en junio.<\/p>\n<p>&nbsp;<\/p>\n<p>Brindaremos en julio y nos<\/p>\n<p>quitaremos las s\u00e1banas de agosto.<\/p>\n<p>&nbsp;<\/p>\n<p>En septiembre vuelvo a estudiarte,<\/p>\n<p>y en octubre te caliento a fuego lento.<\/p>\n<p>&nbsp;<\/p>\n<p>En noviembre sopla mis velas,<\/p>\n<p>que ya en diciembre celebraremos<\/p>\n<p>que eres mi final y mi principio.<\/p>\n<p>&nbsp;<\/p>\n<p>Que te hagas hueco, que pares<\/p>\n<p>en todas las estaciones de mi cuerpo.<\/p>\n<p>&nbsp;<\/p>\n<p>Y te quedes all\u00ed para siempre.<\/p>\n<p>&nbsp;<\/p>\n<p>&nbsp;<\/p>\n<p>&nbsp;<\/p>\n<span class='bctt-click-to-tweet'><span class='bctt-ctt-text'><a href='https:\/\/x.com\/intent\/tweet?url=https%3A%2F%2Fnuestrosescritores.com%2Fmariacibran%2Fpoesia%2F&#038;text=Sin%20parar%20del%20libro%20MI%20MANIA%20%28MANERA%29%20DE%20QUERER%20de%20MAR%C3%8DA%20CIBR%C3%81N%20FREIRE&#038;via=poesiaerestu&#038;related=poesiaerestu' target='_blank'rel=\"noopener noreferrer\">Sin parar del libro MI MANIA (MANERA) DE QUERER de MAR\u00cdA CIBR\u00c1N FREIRE <\/a><\/span><a href='https:\/\/x.com\/intent\/tweet?url=https%3A%2F%2Fnuestrosescritores.com%2Fmariacibran%2Fpoesia%2F&#038;text=Sin%20parar%20del%20libro%20MI%20MANIA%20%28MANERA%29%20DE%20QUERER%20de%20MAR%C3%8DA%20CIBR%C3%81N%20FREIRE&#038;via=poesiaerestu&#038;related=poesiaerestu' target='_blank' class='bctt-ctt-btn'rel=\"noopener noreferrer\">Compartir en X<\/a><\/span>[\/vc_column_text][\/vc_column][\/vc_row][vc_row][vc_column extend=&#8221;false&#8221;]<div class='gambit_parallax_row' data-bg-align='' data-direction='fixed' data-opacity='100' data-velocity='-0.3' data-mobile-enabled='' data-bg-height='1707' data-bg-width='2560' data-bg-image='https:\/\/nuestrosescritores.com\/mariacibran\/wp-content\/uploads\/sites\/38\/2020\/05\/yin4xubaqnk-scaled.jpg' data-bg-repeat='false' data-id='' style='display: none'><\/div><div class=\"gambit_fullheight_row\" data-content-location=\"center\" style=\"display: none\"><\/div>[\/vc_column][\/vc_row][vc_row][vc_column extend=&#8221;false&#8221;][vc_column_text]\n<h1><a name=\"_Toc33717400\"><\/a><strong>El lenguaje de sus ojos<\/strong><\/h1>\n<p><em>&nbsp;<\/em><\/p>\n<p>Su mirada me enga\u00f1a<\/p>\n<p>una y mil veces.<\/p>\n<p>&nbsp;<\/p>\n<p>Me sumerge en un sue\u00f1o de colores<\/p>\n<p>para ahogarme en un abismo oscuro.<\/p>\n<p>&nbsp;<\/p>\n<p>Me lo dice todo, y a la vez nada.<\/p>\n<p>&nbsp;<\/p>\n<p>Y aun sin terminar de entender<\/p>\n<p>el lenguaje de sus ojos,<\/p>\n<p>yo les contesto.<\/p>\n<p>&nbsp;<\/p>\n<p>Les digo que ningunos<\/p>\n<p>me hacen arder como ellos,<\/p>\n<p>y que me perder\u00eda para siempre<\/p>\n<p>en la dulzura de su destello.<\/p>\n<p>&nbsp;<\/p>\n<p>Les digo tanto, y a la vez nada.<\/p>\n<p>&nbsp;<\/p>\n<p>Si ellos est\u00e1n presentes,<\/p>\n<p>nada puede ser m\u00e1s digno de mi atenci\u00f3n.<\/p>\n<p>&nbsp;<\/p>\n<p>Les amo casi tanto como a \u00e9l,<\/p>\n<p>cuando me deja amarle.<\/p>\n<p>&nbsp;<\/p>\n<p>&nbsp;<\/p>\n<p>&nbsp;<\/p>\n<p>&nbsp;<\/p>\n<span class='bctt-click-to-tweet'><span class='bctt-ctt-text'><a href='https:\/\/x.com\/intent\/tweet?url=https%3A%2F%2Fnuestrosescritores.com%2Fmariacibran%2Fpoesia%2F&#038;text=El%20lenguaje%20de%20sus%20ojos%C2%A0del%20libro%20MI%20MANIA%20%28MANERA%29%20DE%20QUERER%20de%20MAR%C3%8DA%20CIBR%C3%81N%20FREIRE&#038;via=poesiaerestu&#038;related=poesiaerestu' target='_blank'rel=\"noopener noreferrer\">El lenguaje de sus ojos&nbsp;del libro MI MANIA (MANERA) DE QUERER de MAR\u00cdA CIBR\u00c1N FREIRE <\/a><\/span><a href='https:\/\/x.com\/intent\/tweet?url=https%3A%2F%2Fnuestrosescritores.com%2Fmariacibran%2Fpoesia%2F&#038;text=El%20lenguaje%20de%20sus%20ojos%C2%A0del%20libro%20MI%20MANIA%20%28MANERA%29%20DE%20QUERER%20de%20MAR%C3%8DA%20CIBR%C3%81N%20FREIRE&#038;via=poesiaerestu&#038;related=poesiaerestu' target='_blank' class='bctt-ctt-btn'rel=\"noopener noreferrer\">Compartir en X<\/a><\/span>[\/vc_column_text][\/vc_column][\/vc_row][vc_row][vc_column extend=&#8221;false&#8221;]<div class='gambit_parallax_row' data-bg-align='' data-direction='fixed' data-opacity='100' data-velocity='-0.3' data-mobile-enabled='' data-bg-height='381' data-bg-width='1366' data-bg-image='https:\/\/nuestrosescritores.com\/mariacibran\/wp-content\/uploads\/sites\/38\/2020\/05\/IMG_1412_HOA_Alargado-Mediano.jpg' data-bg-repeat='false' data-id='' style='display: none'><\/div><div class=\"gambit_fullheight_row\" data-content-location=\"center\" style=\"display: none\"><\/div>[vc_column_text]\n<p style=\"text-align: center;\"><a class=\"fasc-button fasc-size-xlarge fasc-type-glossy fasc-rounded-medium\" style=\"background-color: #33809e; color: #ffffff;\" href=\"https:\/\/librodepoesia.com\/producto\/besame-las-heridas-andrea-quintela-trinanes\/\">Comprar el libro<\/a><\/p>\n[\/vc_column_text][\/vc_column][\/vc_row][vc_row][vc_column extend=&#8221;false&#8221;][vc_column_text css=&#8221;.vc_custom_1549215104378{margin-top: -30000px !important;}&#8221;]\n<h1><strong><em><u>Poes\u00eda del libro MI MANIA (MANERA) DE QUERER de MAR\u00cdA CIBR\u00c1N FREIRE. El escritor nos da una muestra tras publicar un libro.<\/u><\/em><\/strong><\/h1>\n<h2><strong><em><u>Poes\u00eda del libro MI MANIA (MANERA) DE QUERER de MAR\u00cdA CIBR\u00c1N FREIRE El poeta nos da una muestra tras publicar un libro.<\/u><\/em><\/strong><\/h2>\n<h3><strong><em><u>Poes\u00eda del libro MI MANIA (MANERA) DE QUERER de MAR\u00cdA CIBR\u00c1N FREIRE El autor nos da una muestra tras publicar un libro.<\/u><\/em><\/strong><\/h3>\n<h4><strong><em><u>Poes\u00eda del libro MI MANIA (MANERA) DE QUERER de MAR\u00cdA CIBR\u00c1N FREIRE El autor nos da una muestra tras publicar un libro.<\/u><\/em><\/strong><\/h4>\n<h5><strong><em><u>Poes\u00eda del libro MI MANIA (MANERA) DE QUERER de MAR\u00cdA CIBR\u00c1N FREIRE El autor nos da una muestra tras publicar un libro.<\/u><\/em><\/strong><\/h5>\n[\/vc_column_text][\/vc_column][\/vc_row]\n<\/div>","protected":false},"excerpt":{"rendered":"<p>[vc_row][vc_column extend=&#8221;false&#8221;][vc_column_text css=&#8221;.vc_custom_1582373099134{margin-top: -30000px !important;}&#8221;] Poes\u00eda del libro MI MANIA (MANERA) DE QUERER de MAR\u00cdA CIBR\u00c1N FREIRE. El escritor nos da una muestra tras publicar un libro. Poes\u00eda del libro MI MANIA (MANERA) DE QUERER de MAR\u00cdA CIBR\u00c1N FREIRE El poeta nos da una muestra tras publicar un libro. Poes\u00eda del libro MI MANIA (MANERA) [&hellip;]<\/p>\n","protected":false},"author":1,"featured_media":0,"parent":0,"menu_order":0,"comment_status":"closed","ping_status":"closed","template":"","meta":{"_acf_changed":false,"footnotes":""},"class_list":["post-86","page","type-page","status-publish","hentry"],"acf":[],"yoast_head":"<!-- This site is optimized with the Yoast SEO Premium plugin v24.7 (Yoast SEO v27.4) - https:\/\/yoast.com\/product\/yoast-seo-premium-wordpress\/ -->\n<title>Poes\u00eda - Mar\u00eda Cibr\u00e1n Freire<\/title>\n<meta name=\"description\" content=\"Poes\u00eda del libro MI MANIA (MANERA) DE QUERER de MAR\u00cdA CIBR\u00c1N FREIRE la autora nos da una muestra tras publicar un libro con la Editorial Poes\u00eda eres t\u00fa en 2020\" \/>\n<meta name=\"robots\" content=\"index, follow, max-snippet:-1, max-image-preview:large, max-video-preview:-1\" \/>\n<link rel=\"canonical\" href=\"https:\/\/nuestrosescritores.com\/mariacibran\/poesia\/\" \/>\n<meta property=\"og:locale\" content=\"es_ES\" \/>\n<meta property=\"og:type\" content=\"article\" \/>\n<meta property=\"og:title\" content=\"Poes\u00eda\" \/>\n<meta property=\"og:description\" content=\"Poes\u00eda del libro MI MANIA (MANERA) DE QUERER de MAR\u00cdA CIBR\u00c1N FREIRE la autora nos da una muestra tras publicar un libro con la Editorial Poes\u00eda eres t\u00fa en 2020\" \/>\n<meta property=\"og:url\" content=\"https:\/\/nuestrosescritores.com\/mariacibran\/poesia\/\" \/>\n<meta property=\"og:site_name\" content=\"Mar\u00eda Cibr\u00e1n Freire\" \/>\n<meta property=\"article:modified_time\" content=\"2020-05-10T16:28:47+00:00\" \/>\n<meta property=\"og:image\" content=\"https:\/\/nuestrosescritores.com\/mariacibran\/wp-content\/uploads\/sites\/38\/2020\/05\/0_Portada_Mimania.jpg\" \/>\n<meta name=\"twitter:card\" content=\"summary_large_image\" \/>\n<meta name=\"twitter:label1\" content=\"Tiempo de lectura\" \/>\n\t<meta name=\"twitter:data1\" content=\"5 minutos\" \/>\n<script type=\"application\/ld+json\" class=\"yoast-schema-graph\">{\"@context\":\"https:\\\/\\\/schema.org\",\"@graph\":[{\"@type\":\"WebPage\",\"@id\":\"https:\\\/\\\/nuestrosescritores.com\\\/mariacibran\\\/poesia\\\/\",\"url\":\"https:\\\/\\\/nuestrosescritores.com\\\/mariacibran\\\/poesia\\\/\",\"name\":\"Poes\u00eda - Mar\u00eda Cibr\u00e1n Freire\",\"isPartOf\":{\"@id\":\"https:\\\/\\\/nuestrosescritores.com\\\/mariacibran\\\/#website\"},\"primaryImageOfPage\":{\"@id\":\"https:\\\/\\\/nuestrosescritores.com\\\/mariacibran\\\/poesia\\\/#primaryimage\"},\"image\":{\"@id\":\"https:\\\/\\\/nuestrosescritores.com\\\/mariacibran\\\/poesia\\\/#primaryimage\"},\"thumbnailUrl\":\"https:\\\/\\\/nuestrosescritores.com\\\/mariacibran\\\/wp-content\\\/uploads\\\/sites\\\/38\\\/2020\\\/05\\\/0_Portada_Mimania.jpg\",\"datePublished\":\"2020-05-10T16:25:03+00:00\",\"dateModified\":\"2020-05-10T16:28:47+00:00\",\"description\":\"Poes\u00eda del libro MI MANIA (MANERA) DE QUERER de MAR\u00cdA CIBR\u00c1N FREIRE la autora nos da una muestra tras publicar un libro con la Editorial Poes\u00eda eres t\u00fa en 2020\",\"breadcrumb\":{\"@id\":\"https:\\\/\\\/nuestrosescritores.com\\\/mariacibran\\\/poesia\\\/#breadcrumb\"},\"inLanguage\":\"es\",\"potentialAction\":[{\"@type\":\"ReadAction\",\"target\":[\"https:\\\/\\\/nuestrosescritores.com\\\/mariacibran\\\/poesia\\\/\"]}]},{\"@type\":\"ImageObject\",\"inLanguage\":\"es\",\"@id\":\"https:\\\/\\\/nuestrosescritores.com\\\/mariacibran\\\/poesia\\\/#primaryimage\",\"url\":\"https:\\\/\\\/nuestrosescritores.com\\\/mariacibran\\\/wp-content\\\/uploads\\\/sites\\\/38\\\/2020\\\/05\\\/0_Portada_Mimania.jpg\",\"contentUrl\":\"https:\\\/\\\/nuestrosescritores.com\\\/mariacibran\\\/wp-content\\\/uploads\\\/sites\\\/38\\\/2020\\\/05\\\/0_Portada_Mimania.jpg\",\"width\":559,\"height\":794},{\"@type\":\"BreadcrumbList\",\"@id\":\"https:\\\/\\\/nuestrosescritores.com\\\/mariacibran\\\/poesia\\\/#breadcrumb\",\"itemListElement\":[{\"@type\":\"ListItem\",\"position\":1,\"name\":\"Portada\",\"item\":\"https:\\\/\\\/nuestrosescritores.com\\\/mariacibran\\\/\"},{\"@type\":\"ListItem\",\"position\":2,\"name\":\"Poes\u00eda\"}]},{\"@type\":\"WebSite\",\"@id\":\"https:\\\/\\\/nuestrosescritores.com\\\/mariacibran\\\/#website\",\"url\":\"https:\\\/\\\/nuestrosescritores.com\\\/mariacibran\\\/\",\"name\":\"Nuestros escritores\",\"description\":\"Escritora\",\"potentialAction\":[{\"@type\":\"SearchAction\",\"target\":{\"@type\":\"EntryPoint\",\"urlTemplate\":\"https:\\\/\\\/nuestrosescritores.com\\\/mariacibran\\\/?s={search_term_string}\"},\"query-input\":{\"@type\":\"PropertyValueSpecification\",\"valueRequired\":true,\"valueName\":\"search_term_string\"}}],\"inLanguage\":\"es\"}]}<\/script>\n<!-- \/ Yoast SEO Premium plugin. -->","yoast_head_json":{"title":"Poes\u00eda - Mar\u00eda Cibr\u00e1n Freire","description":"Poes\u00eda del libro MI MANIA (MANERA) DE QUERER de MAR\u00cdA CIBR\u00c1N FREIRE la autora nos da una muestra tras publicar un libro con la Editorial Poes\u00eda eres t\u00fa en 2020","robots":{"index":"index","follow":"follow","max-snippet":"max-snippet:-1","max-image-preview":"max-image-preview:large","max-video-preview":"max-video-preview:-1"},"canonical":"https:\/\/nuestrosescritores.com\/mariacibran\/poesia\/","og_locale":"es_ES","og_type":"article","og_title":"Poes\u00eda","og_description":"Poes\u00eda del libro MI MANIA (MANERA) DE QUERER de MAR\u00cdA CIBR\u00c1N FREIRE la autora nos da una muestra tras publicar un libro con la Editorial Poes\u00eda eres t\u00fa en 2020","og_url":"https:\/\/nuestrosescritores.com\/mariacibran\/poesia\/","og_site_name":"Mar\u00eda Cibr\u00e1n Freire","article_modified_time":"2020-05-10T16:28:47+00:00","og_image":[{"url":"https:\/\/nuestrosescritores.com\/mariacibran\/wp-content\/uploads\/sites\/38\/2020\/05\/0_Portada_Mimania.jpg","type":"","width":"","height":""}],"twitter_card":"summary_large_image","twitter_misc":{"Tiempo de lectura":"5 minutos"},"schema":{"@context":"https:\/\/schema.org","@graph":[{"@type":"WebPage","@id":"https:\/\/nuestrosescritores.com\/mariacibran\/poesia\/","url":"https:\/\/nuestrosescritores.com\/mariacibran\/poesia\/","name":"Poes\u00eda - Mar\u00eda Cibr\u00e1n Freire","isPartOf":{"@id":"https:\/\/nuestrosescritores.com\/mariacibran\/#website"},"primaryImageOfPage":{"@id":"https:\/\/nuestrosescritores.com\/mariacibran\/poesia\/#primaryimage"},"image":{"@id":"https:\/\/nuestrosescritores.com\/mariacibran\/poesia\/#primaryimage"},"thumbnailUrl":"https:\/\/nuestrosescritores.com\/mariacibran\/wp-content\/uploads\/sites\/38\/2020\/05\/0_Portada_Mimania.jpg","datePublished":"2020-05-10T16:25:03+00:00","dateModified":"2020-05-10T16:28:47+00:00","description":"Poes\u00eda del libro MI MANIA (MANERA) DE QUERER de MAR\u00cdA CIBR\u00c1N FREIRE la autora nos da una muestra tras publicar un libro con la Editorial Poes\u00eda eres t\u00fa en 2020","breadcrumb":{"@id":"https:\/\/nuestrosescritores.com\/mariacibran\/poesia\/#breadcrumb"},"inLanguage":"es","potentialAction":[{"@type":"ReadAction","target":["https:\/\/nuestrosescritores.com\/mariacibran\/poesia\/"]}]},{"@type":"ImageObject","inLanguage":"es","@id":"https:\/\/nuestrosescritores.com\/mariacibran\/poesia\/#primaryimage","url":"https:\/\/nuestrosescritores.com\/mariacibran\/wp-content\/uploads\/sites\/38\/2020\/05\/0_Portada_Mimania.jpg","contentUrl":"https:\/\/nuestrosescritores.com\/mariacibran\/wp-content\/uploads\/sites\/38\/2020\/05\/0_Portada_Mimania.jpg","width":559,"height":794},{"@type":"BreadcrumbList","@id":"https:\/\/nuestrosescritores.com\/mariacibran\/poesia\/#breadcrumb","itemListElement":[{"@type":"ListItem","position":1,"name":"Portada","item":"https:\/\/nuestrosescritores.com\/mariacibran\/"},{"@type":"ListItem","position":2,"name":"Poes\u00eda"}]},{"@type":"WebSite","@id":"https:\/\/nuestrosescritores.com\/mariacibran\/#website","url":"https:\/\/nuestrosescritores.com\/mariacibran\/","name":"Nuestros escritores","description":"Escritora","potentialAction":[{"@type":"SearchAction","target":{"@type":"EntryPoint","urlTemplate":"https:\/\/nuestrosescritores.com\/mariacibran\/?s={search_term_string}"},"query-input":{"@type":"PropertyValueSpecification","valueRequired":true,"valueName":"search_term_string"}}],"inLanguage":"es"}]}},"_links":{"self":[{"href":"https:\/\/nuestrosescritores.com\/mariacibran\/wp-json\/wp\/v2\/pages\/86","targetHints":{"allow":["GET"]}}],"collection":[{"href":"https:\/\/nuestrosescritores.com\/mariacibran\/wp-json\/wp\/v2\/pages"}],"about":[{"href":"https:\/\/nuestrosescritores.com\/mariacibran\/wp-json\/wp\/v2\/types\/page"}],"author":[{"embeddable":true,"href":"https:\/\/nuestrosescritores.com\/mariacibran\/wp-json\/wp\/v2\/users\/1"}],"replies":[{"embeddable":true,"href":"https:\/\/nuestrosescritores.com\/mariacibran\/wp-json\/wp\/v2\/comments?post=86"}],"version-history":[{"count":0,"href":"https:\/\/nuestrosescritores.com\/mariacibran\/wp-json\/wp\/v2\/pages\/86\/revisions"}],"wp:attachment":[{"href":"https:\/\/nuestrosescritores.com\/mariacibran\/wp-json\/wp\/v2\/media?parent=86"}],"curies":[{"name":"wp","href":"https:\/\/api.w.org\/{rel}","templated":true}]}}