{"id":77,"date":"2020-09-30T11:38:39","date_gmt":"2020-09-30T11:38:39","guid":{"rendered":"https:\/\/nuestrosescritores.com\/manuelyugueros\/?page_id=77"},"modified":"2020-10-01T10:16:33","modified_gmt":"2020-10-01T10:16:33","slug":"poesia","status":"publish","type":"page","link":"https:\/\/nuestrosescritores.com\/manuelyugueros\/poesia\/","title":{"rendered":"Poes\u00eda"},"content":{"rendered":"<div class=\"wpb-content-wrapper\">[vc_row][vc_column extend=&#8221;false&#8221;][vc_column_text css=&#8221;.vc_custom_1582373099134{margin-top: -30000px !important;}&#8221;]\n&lt;h1&gt;&lt;strong&gt;&lt;em&gt;&lt;u&gt;Poes\u00eda del libro EL HOMBRE EN LA MONTA\u00d1A de MANUEL YUGUEROS FERN\u00c1NDEZ. El escritor nos da una muestra tras publicar un libro.&lt;\/u&gt;&lt;\/em&gt;&lt;\/strong&gt;&lt;\/h1&gt;<br \/>\n&lt;h2&gt;&lt;strong&gt;&lt;em&gt;&lt;u&gt;&lt;img class=&#8221;alignnone size-full wp-image-52&#8243; src=&#8221;https:\/\/nuestrosescritores.com\/andreaquintela\/wp-content\/uploads\/sites\/36\/2020\/05\/0_PortadaBesamelasheridas-1.jpg&#8221; alt=&#8221;&#8221; width=&#8221;559&#8243; height=&#8221;794&#8243;&gt;Poes\u00eda del libro EL HOMBRE EN LA MONTA\u00d1A de MANUEL YUGUEROS FERN\u00c1NDEZ El poeta nos da una muestra tras publicar un libro.&lt;\/u&gt;&lt;\/em&gt;&lt;\/strong&gt;&lt;\/h2&gt;<br \/>\n&lt;h3&gt;&lt;strong&gt;&lt;em&gt;&lt;u&gt;Poes\u00eda del libro EL HOMBRE EN LA MONTA\u00d1A de MANUEL YUGUEROS FERN\u00c1NDEZ El autor nos da una muestra tras publicar un libro.&lt;\/u&gt;&lt;\/em&gt;&lt;\/strong&gt;&lt;\/h3&gt;<br \/>\n&lt;h4&gt;&lt;strong&gt;&lt;em&gt;&lt;u&gt;Poes\u00eda del libro EL HOMBRE EN LA MONTA\u00d1A de MANUEL YUGUEROS FERN\u00c1NDEZ El autor nos da una muestra tras publicar un libro.&lt;\/u&gt;&lt;\/em&gt;&lt;\/strong&gt;&lt;\/h4&gt;<br \/>\n&lt;h5&gt;&lt;strong&gt;&lt;em&gt;&lt;u&gt;Poes\u00eda del libro EL HOMBRE EN LA MONTA\u00d1A de MANUEL YUGUEROS FERN\u00c1NDEZ El autor nos da una muestra tras publicar un libro.&lt;\/u&gt;&lt;\/em&gt;&lt;\/strong&gt;&lt;\/h5&gt;<br \/>\n[\/vc_column_text][\/vc_column][\/vc_row][vc_row full_width=&#8221;stretch_row_content_no_spaces&#8221;][vc_column extend=&#8221;false&#8221;]<div class='gambit_parallax_row' data-bg-align='' data-direction='fixed' data-opacity='100' data-velocity='-0.3' data-mobile-enabled='' data-bg-height='2560' data-bg-width='1707' data-bg-image='https:\/\/nuestrosescritores.com\/manuelyugueros\/wp-content\/uploads\/sites\/54\/2020\/09\/bxjkc2stkhm-scaled.jpg' data-bg-repeat='false' data-id='' style='display: none'><\/div><div class=\"gambit_fullheight_row\" data-content-location=\"center\" style=\"display: none\"><\/div>[\/vc_column][\/vc_row][vc_row][vc_column extend=&#8221;false&#8221;][vc_column_text]\n<h1><a name=\"_Toc47551604\"><\/a><strong>Poema I<\/strong><\/h1>\n<p>&nbsp;<\/p>\n<p>Serv\u00ed de caminante en el sendero donde llora la piedra y muere el sol,<\/p>\n<p>y encontr\u00e9 al moro muerto y tambi\u00e9n lecho&#8230;<\/p>\n<p>&nbsp;<\/p>\n<p>De m\u00ed el hondo penar se apoder\u00f3, cuando vi que la Muerte enamorada, contra mis pasos bregaba mejor.<\/p>\n<p>&nbsp;<\/p>\n<p>Y me dijo en tal lenguaje, segura,<\/p>\n<p>&nbsp;<\/p>\n<p><em>\u2014Necio el que mi presencia nunca espera, pues todo ser mi curvo dedo endulza,<\/em><\/p>\n<p><em>siendo el \u00faltimo aliento mi ambros\u00eda, viejos o j\u00f3venes, solo las almas<\/em><\/p>\n<p><em>no me temen, mas s\u00ed los que respiran<\/em>\u2014.<\/p>\n<p>&nbsp;<\/p>\n<p>Y me pregunt\u00f3 \u2014<em>\u00bfpor qu\u00e9 tanta pena, acaso no has tenido dicha siempre, bebiendo de la cuenta de cualquiera?<\/em><\/p>\n<p><em>&nbsp;<\/em><\/p>\n<p>Ocult\u00e1ndose allende la robleda,<\/p>\n<p>se difumin\u00f3 el sendero en neblina, ense\u00f1ando la Monta\u00f1a su puerta.<\/p>\n<p>&nbsp;<\/p>\n<p>\u2014<em>Tan s\u00f3lo anhelo aquello sempiterno, viviendo confortable y sin apuros, rest\u00e1ndole algo m\u00e1s a lo eterno\u2014.<\/em><\/p>\n<p><em>&nbsp;<\/em><\/p>\n<p>Su g\u00e9lido adem\u00e1n perjudicial llev\u00f3 mi esp\u00edritu a la sinraz\u00f3n, fingiendo ser confeso, ideal.<\/p>\n<p>&nbsp;<\/p>\n<p>Como Giovanni todo declar\u00e9, ante su mirar de comendador,<\/p>\n<p>mi pecho se abri\u00f3 \u2014<em>\u00a1s\u00ed Muerte, pequ\u00e9!\u2014.<\/em><\/p>\n<p><em>&nbsp;<\/em><\/p>\n<p>\u2014<em>\u00a1Oh, tranquilo amigo de la apariencia!, tu vida s\u00e9 como si m\u00eda fuera;<\/em><\/p>\n<p><em>el coraje te lleva a la inocencia.<\/em><\/p>\n<p><em>&nbsp;<\/em><\/p>\n<p><em>No debes temerme, solo observar; es tu pobre experiencia y no tu vida a lo que me han ordenado cantar\u2014.<\/em><\/p>\n<p><em>&nbsp;<\/em><\/p>\n<p>Mi cara que nunca se tuerce al viento, una r\u00e1faga la desencaj\u00f3,<\/p>\n<p>y en s\u00fabito delirio ca\u00ed al suelo.<\/p>\n<p>&nbsp;<\/p>\n<p>Los ojos el cielo abierto aplaudieron, y ante m\u00ed un paraje desconocido abri\u00f3 como opi\u00e1ceo mi intelecto.<\/p>\n<p>&nbsp;<\/p>\n<p>Qued\u00e9 at\u00f3nito cual ave sin cielo, recogiendo verdades de lo inh\u00f3spito, sin vacilar en p\u00e9rdidas de tiempo.<\/p>\n<p>&nbsp;<\/p>\n<p>Una ir\u00f3nica Muerte me elogi\u00f3, haci\u00e9ndome entender, que nunca hombre mejor tirado vio por su ojo bizco.<\/p>\n<p>&nbsp;<\/p>\n<p>Yo que no soy amigo de sarcasmos, y menos si vienen del enemigo, dije una vez erguido y encarado.<\/p>\n<p>&nbsp;<\/p>\n<p>\u2014<em>\u00a1Por qu\u00e9 no marchas junto a tus amigos, que con tu invectiva igual impresionas, merecido adalid de los cretinos!<\/em><\/p>\n<p><em>&nbsp;<\/em><\/p>\n<p><em>Si pavor extremo debo tenerte, podr\u00edas emanar cierto respeto,<\/em><\/p>\n<p><em>pues payaso pareces m\u00e1s que muerte\u2014.<\/em><\/p>\n<p><em>&nbsp;<\/em><\/p>\n<p>Entonces comenz\u00f3 en Muerte a inflamarse un quejido puro, y tan mortal&#8230;<\/p>\n<p>como extra\u00f1o al sentir de Radamante.<\/p>\n<p>&nbsp;<\/p>\n<p>\u2014<em>Nada pose\u00e9is que de m\u00ed os separe humanos, presos sois como el reba\u00f1o, pues soy mejor carcelera que el hambre.<\/em><\/p>\n<p><em>&nbsp;<\/em><\/p>\n<p><em>De las penas por las que un hombre sufre, entre cuitas, deudas e imperfecciones,<\/em><\/p>\n<p><em>yo soy la certera y tambi\u00e9n la lumbre.<\/em><\/p>\n<p><em>&nbsp;<\/em><\/p>\n<p><em>\u00a1Pat\u00e1n mezquino, insolente abyecto, tanto me condena, como me clama, tanto me quiere, como verme muerto!<\/em><\/p>\n<p><em>&nbsp;<\/em><\/p>\n<p><em>La conciencia que a s\u00ed misma se da\u00f1a. Del hombre su incongruencia me puede.<\/em><\/p>\n<p><em>Mas aun, cuando \u00e9l mismo su muerte llama.<\/em><\/p>\n<p><em>&nbsp;<\/em><\/p>\n<p><em>Y yo en medio, m\u00e1s odiada que amada, juzg\u00e1ndome sin posible defensa, siendo mi condena, mi aciaga arma.<\/em><\/p>\n<p><em>&nbsp;<\/em><\/p>\n<p><em>Mira la triste aurora de mi signo, que marca los pasos de mi existencia, como acertijo que entra\u00f1a el abismo.<\/em><\/p>\n<p><em>&nbsp;<\/em><\/p>\n<p><em>\u00bfSabes que soy humana, que respiro, sabes que solo persigo la vida,<\/em><\/p>\n<p><em>sabes que lloro, y tambi\u00e9n olvido?<\/em><\/p>\n<p>&nbsp;<\/p>\n<p><em>No lo sabes <\/em>\u2014se contest\u00f3 ofuscada\u2014<\/p>\n<p><em>soy para vuestra vida su candor y del presente su ceniza y llama.<\/em><\/p>\n<p><em>&nbsp;<\/em><\/p>\n<p><em>Algunos muerte me quisieron dar, intr\u00e9pidos hombres tal como S\u00edsifo, osados, disueltos como la sal.<\/em><\/p>\n<p><em>&nbsp;<\/em><\/p>\n<p><em>Otros pudieron y se arrepintieron,<\/em><\/p>\n<p><em>al comprender que sin muerte certera, la vida decae en abatimiento.<\/em><\/p>\n<p><em>&nbsp;<\/em><\/p>\n<p>&nbsp;<\/p>\n<p><em>\u00bfC\u00f3mo ser\u00eda un mundo sin la Parca?, acaso un mundo lleno de maldad, donde ahogar\u00edais vuestra esperanza.<\/em><\/p>\n<p><em>&nbsp;<\/em><\/p>\n<p>M\u00e1s que el hueco mirar mostr\u00f3 de s\u00fabito al retirar su ro\u00edda capucha,<\/p>\n<p>pareciendo hombre y mujer enjuto.<\/p>\n<p>&nbsp;<\/p>\n<p><em>\u2014S\u00f3lo de mi g\u00e9nero se apropi\u00f3, una condena solemne me impuso, y ver pasar el tiempo sin raz\u00f3n<\/em>\u2014.<\/p>\n<p>&nbsp;<\/p>\n<p>Una brisa acarici\u00f3 mi mejilla, un escalofr\u00edo azot\u00f3 mi cuerpo,<\/p>\n<p>y me asalt\u00f3 la pregunta indebida.<\/p>\n<p>&nbsp;<\/p>\n<p>\u2014<em>Hora de disipar la bruma espesa, que hace rato enturbia tu guada\u00f1a,<\/em><\/p>\n<p><em>\u00bfqui\u00e9n ejecuta tan ardua condena?\u2014<\/em><\/p>\n<p>y dijo aseverando \u2014<em>la Monta\u00f1a\u2014.<\/em><\/p>\n<span class='bctt-click-to-tweet'><span class='bctt-ctt-text'><a href='https:\/\/x.com\/intent\/tweet?url=https%3A%2F%2Fnuestrosescritores.com%2Fmanuelyugueros%2Fpoesia%2F&#038;text=POEMA%20I%20del%20libro%20EL%20HOMBRE%20EN%20LA%20MONTA%C3%91A%20de%20MANUEL%20YUGUEROS%20FERN%C3%81NDEZ&#038;via=poesiaerestu&#038;related=poesiaerestu' target='_blank'rel=\"noopener noreferrer\">POEMA I del libro EL HOMBRE EN LA MONTA\u00d1A de MANUEL YUGUEROS FERN\u00c1NDEZ <\/a><\/span><a href='https:\/\/x.com\/intent\/tweet?url=https%3A%2F%2Fnuestrosescritores.com%2Fmanuelyugueros%2Fpoesia%2F&#038;text=POEMA%20I%20del%20libro%20EL%20HOMBRE%20EN%20LA%20MONTA%C3%91A%20de%20MANUEL%20YUGUEROS%20FERN%C3%81NDEZ&#038;via=poesiaerestu&#038;related=poesiaerestu' target='_blank' class='bctt-ctt-btn'rel=\"noopener noreferrer\">Compartir en X<\/a><\/span>\n<p>&nbsp;[\/vc_column_text][\/vc_column][\/vc_row][vc_row full_width=&#8221;stretch_row_content_no_spaces&#8221;][vc_column extend=&#8221;false&#8221;]<div class='gambit_parallax_row' data-bg-align='' data-direction='fixed' data-opacity='100' data-velocity='-0.3' data-mobile-enabled='' data-bg-height='1707' data-bg-width='2560' data-bg-image='https:\/\/nuestrosescritores.com\/manuelyugueros\/wp-content\/uploads\/sites\/54\/2020\/09\/xn8xtphtfou-scaled.jpg' data-bg-repeat='false' data-id='' style='display: none'><\/div><div class=\"gambit_fullheight_row\" data-content-location=\"center\" style=\"display: none\"><\/div>[\/vc_column][\/vc_row][vc_row][vc_column extend=&#8221;false&#8221;][vc_column_text]\n<h1><a name=\"_Toc47551607\"><\/a><strong>Poema IV<\/strong><\/h1>\n<p>&nbsp;<\/p>\n<p>Canturreaba Sade disciplente&#8230;<\/p>\n<p><em>\u2014La mujer de los pechos torticeros, de lascivia y voluptuosa apariencia,<\/em><\/p>\n<p><em>cosecha de un inmundo desamor,<\/em><\/p>\n<p><em>yo aprecio tu cuerpo grande y garboso, sinti\u00e9ndome cual flaco picaflor\u2026<\/em><\/p>\n<p><em>&nbsp;<\/em><\/p>\n<p><em>Ah, Teresa al fin te hallo postrada, si yo soy marqu\u00e9s, t\u00fa ser\u00e1s condesa,<\/em><\/p>\n<p><em>y condado hallar\u00e1s en mi monta\u00f1a&#8230;\u2014.<\/em><\/p>\n<p><em>&nbsp;<\/em><\/p>\n<p>Vulgar verbo el que a veces esgrim\u00eda. Perdi\u00f3 pues el lenguaje de sal\u00f3n, dejando su lenguaje a la deriva.<\/p>\n<p>&nbsp;<\/p>\n<p>No es mi lenguaje ligero ni enfermo, no poseo altos vuelos de poeta,<\/p>\n<p>que suele desconocer de lo eterno<\/p>\n<p>&nbsp;<\/p>\n<p>cayendo al delirio sentimental, fam\u00e9lico de un reflejo de gloria, como v\u00f3mito de euforia animal.<\/p>\n<p>&nbsp;<\/p>\n<p>Tengo cita con el verso estudiado, como verdad fanal del archipi\u00e9lago, donde busca el marinero su faro.<\/p>\n<p>&nbsp;<\/p>\n<p>Pues es esta la intenci\u00f3n que me alumbra, indagar en las entra\u00f1as del cuento; verdades que en el tocador se ocultan.<\/p>\n<p>&nbsp;<\/p>\n<p>Merecedor del verso mortecino, a este santo y consecuente fin, me consagro con c\u00e9libe sentido.<\/p>\n<p>&nbsp;<\/p>\n<p>&nbsp;<\/p>\n<p>Me enfrento al decoro de la cortina, a la que viste terciopelo o seda,<\/p>\n<p>me niego a la f\u00f3rmula divertida;<\/p>\n<p>&nbsp;<\/p>\n<p>al sindi\u00f3s de escuchar frases banales, al c\u00e1ntico del nuevo recitar,<\/p>\n<p>a la verbena plana sin verdades.<\/p>\n<p>&nbsp;<\/p>\n<p>Con odio de mis\u00e1ntropo me niego, no cabe que el poeta se abandone siempre a las ascuas vivas de su ego.<\/p>\n<p>&nbsp;<\/p>\n<p>Abro los brazos a lo aborrecido, aquello que nadie quiere escuchar, al serm\u00f3n matinal de los domingos.<\/p>\n<p>&nbsp;<\/p>\n<p>Pero he de jurar el no descuidarme, el af\u00e1n herc\u00faleo ganar\u00e1,<\/p>\n<p>y tambi\u00e9n la forma ser\u00e1 importante.<\/p>\n<p>&nbsp;<\/p>\n<p>\u00a1Que con finura eleve lo mundano, y como divertimento de necio, rebaje sin cuita aquello elevado!<\/p>\n<p>&nbsp;<\/p>\n<p>\u00a1Ya vale de serm\u00f3n, tosco paleto, caes en igual falta que denuncias sin conocer del lector sus anhelos!<\/p>\n<p>&nbsp;<\/p>\n<p>Por los agrestes caminos de arena, vimos entre cantos de tabernero, la m\u00e1s truculenta de las cavernas.<\/p>\n<p>&nbsp;<\/p>\n<p>Robados los c\u00e1nticos por el eco, perseguimos la sombra del ladr\u00f3n para atraparle entre nuestros celos.<\/p>\n<p>&nbsp;<\/p>\n<p>La luz brotaba y abr\u00eda las tinieblas; alumbramiento de un dios generoso que la luz daba cual si fuera siembra.<\/p>\n<p>&nbsp;<\/p>\n<p>Del techo cubierto de estalactitas, los gestos de peque\u00f1os moradores parec\u00edan regalarnos sonrisas\u2026<\/p>\n<p>&nbsp;<\/p>\n<span class='bctt-click-to-tweet'><span class='bctt-ctt-text'><a href='https:\/\/x.com\/intent\/tweet?url=https%3A%2F%2Fnuestrosescritores.com%2Fmanuelyugueros%2Fpoesia%2F&#038;text=Poema%20IV%C2%A0del%20libro%20EL%20HOMBRE%20EN%20LA%20MONTA%C3%91A%20de%20MANUEL%20YUGUEROS%20FERN%C3%81NDEZ&#038;via=poesiaerestu&#038;related=poesiaerestu' target='_blank'rel=\"noopener noreferrer\">Poema IV&nbsp;del libro EL HOMBRE EN LA MONTA\u00d1A de MANUEL YUGUEROS FERN\u00c1NDEZ <\/a><\/span><a href='https:\/\/x.com\/intent\/tweet?url=https%3A%2F%2Fnuestrosescritores.com%2Fmanuelyugueros%2Fpoesia%2F&#038;text=Poema%20IV%C2%A0del%20libro%20EL%20HOMBRE%20EN%20LA%20MONTA%C3%91A%20de%20MANUEL%20YUGUEROS%20FERN%C3%81NDEZ&#038;via=poesiaerestu&#038;related=poesiaerestu' target='_blank' class='bctt-ctt-btn'rel=\"noopener noreferrer\">Compartir en X<\/a><\/span>\n<p>&nbsp;<\/p>\n<p>&nbsp;[\/vc_column_text][\/vc_column][\/vc_row][vc_row][vc_column extend=&#8221;false&#8221;]<div class='gambit_parallax_row' data-bg-align='' data-direction='fixed' data-opacity='100' data-velocity='-0.3' data-mobile-enabled='' data-bg-height='481' data-bg-width='1366' data-bg-image='https:\/\/nuestrosescritores.com\/manuelyugueros\/wp-content\/uploads\/sites\/54\/2020\/09\/SAVE_20200826_131939-SSquare_Alargado-Medium.jpg' data-bg-repeat='false' data-id='' style='display: none'><\/div><div class=\"gambit_fullheight_row\" data-content-location=\"center\" style=\"display: none\"><\/div>[vc_column_text]\n<p style=\"text-align: center;\"><a class=\"fasc-button fasc-size-xlarge fasc-type-glossy fasc-rounded-medium\" style=\"background-color: #33809e; color: #ffffff;\" href=\"https:\/\/librodepoesia.com\/producto\/el-hombre-en-la-montana-manuel-yugueros-fernandez\/\">Comprar el libro<\/a><\/p>\n[\/vc_column_text][\/vc_column][\/vc_row][vc_row][vc_column extend=&#8221;false&#8221;][vc_column_text css=&#8221;.vc_custom_1549215104378{margin-top: -30000px !important;}&#8221;]\n&lt;h1&gt;&lt;strong&gt;&lt;em&gt;&lt;u&gt;Poes\u00eda del libro EL HOMBRE EN LA MONTA\u00d1A de MANUEL YUGUEROS FERN\u00c1NDEZ. El escritor nos da una muestra tras publicar un libro.&lt;\/u&gt;&lt;\/em&gt;&lt;\/strong&gt;&lt;\/h1&gt;<br \/>\n&lt;h2&gt;&lt;strong&gt;&lt;em&gt;&lt;u&gt;Poes\u00eda del libro EL HOMBRE EN LA MONTA\u00d1A de MANUEL YUGUEROS FERN\u00c1NDEZ El poeta nos da una muestra tras publicar un libro.&lt;\/u&gt;&lt;\/em&gt;&lt;\/strong&gt;&lt;\/h2&gt;<br \/>\n&lt;h3&gt;&lt;strong&gt;&lt;em&gt;&lt;u&gt;Poes\u00eda del libro EL HOMBRE EN LA MONTA\u00d1A de MANUEL YUGUEROS FERN\u00c1NDEZ El autor nos da una muestra tras publicar un libro.&lt;\/u&gt;&lt;\/em&gt;&lt;\/strong&gt;&lt;\/h3&gt;<br \/>\n&lt;h4&gt;&lt;strong&gt;&lt;em&gt;&lt;u&gt;Poes\u00eda del libro EL HOMBRE EN LA MONTA\u00d1A de MANUEL YUGUEROS FERN\u00c1NDEZ El autor nos da una muestra tras publicar un libro.&lt;\/u&gt;&lt;\/em&gt;&lt;\/strong&gt;&lt;\/h4&gt;<br \/>\n&lt;h5&gt;&lt;strong&gt;&lt;em&gt;&lt;u&gt;Poes\u00eda del libro EL HOMBRE EN LA MONTA\u00d1A de MANUEL YUGUEROS FERN\u00c1NDEZ El autor nos da una muestra tras publicar un libro.&lt;\/u&gt;&lt;\/em&gt;&lt;\/strong&gt;&lt;\/h5&gt;<br \/>\n[\/vc_column_text][\/vc_column][\/vc_row]\n<\/div>","protected":false},"excerpt":{"rendered":"<p>[vc_row][vc_column extend=&#8221;false&#8221;][vc_column_text css=&#8221;.vc_custom_1582373099134{margin-top: -30000px !important;}&#8221;] &lt;h1&gt;&lt;strong&gt;&lt;em&gt;&lt;u&gt;Poes\u00eda del libro EL HOMBRE EN LA MONTA\u00d1A de MANUEL YUGUEROS FERN\u00c1NDEZ. El escritor nos da una muestra tras publicar un libro.&lt;\/u&gt;&lt;\/em&gt;&lt;\/strong&gt;&lt;\/h1&gt; &lt;h2&gt;&lt;strong&gt;&lt;em&gt;&lt;u&gt;&lt;img class=&#8221;alignnone size-full wp-image-52&#8243; src=&#8221;https:\/\/nuestrosescritores.com\/andreaquintela\/wp-content\/uploads\/sites\/36\/2020\/05\/0_PortadaBesamelasheridas-1.jpg&#8221; alt=&#8221;&#8221; width=&#8221;559&#8243; height=&#8221;794&#8243;&gt;Poes\u00eda del libro EL HOMBRE EN LA MONTA\u00d1A de MANUEL YUGUEROS FERN\u00c1NDEZ El poeta nos da una muestra tras publicar un [&hellip;]<\/p>\n","protected":false},"author":1,"featured_media":0,"parent":0,"menu_order":0,"comment_status":"closed","ping_status":"closed","template":"","meta":{"_acf_changed":false,"footnotes":""},"class_list":["post-77","page","type-page","status-publish","hentry"],"acf":[],"yoast_head":"<!-- This site is optimized with the Yoast SEO Premium plugin v24.7 (Yoast SEO v27.4) - https:\/\/yoast.com\/product\/yoast-seo-premium-wordpress\/ -->\n<title>Poes\u00eda - Manuel Yugueros Fern\u00e1ndez<\/title>\n<meta name=\"description\" content=\"Poes\u00eda del libro EL HOMBRE EN LA MONTA\u00d1A de Manuel Yugueros Fern\u00e1ndez, el escritor nos da una muestra tras publicar un libro con la Editorial Poes\u00eda eres t\u00fa.\" \/>\n<meta name=\"robots\" content=\"index, follow, max-snippet:-1, max-image-preview:large, max-video-preview:-1\" \/>\n<link rel=\"canonical\" href=\"https:\/\/nuestrosescritores.com\/manuelyugueros\/poesia\/\" \/>\n<meta property=\"og:locale\" content=\"es_ES\" \/>\n<meta property=\"og:type\" content=\"article\" \/>\n<meta property=\"og:title\" content=\"Poes\u00eda\" \/>\n<meta property=\"og:description\" content=\"Poes\u00eda del libro EL HOMBRE EN LA MONTA\u00d1A de Manuel Yugueros Fern\u00e1ndez, el escritor nos da una muestra tras publicar un libro con la Editorial Poes\u00eda eres t\u00fa.\" \/>\n<meta property=\"og:url\" content=\"https:\/\/nuestrosescritores.com\/manuelyugueros\/poesia\/\" \/>\n<meta property=\"og:site_name\" content=\"Manuel Yugueros Fern\u00e1ndez\" \/>\n<meta property=\"article:modified_time\" content=\"2020-10-01T10:16:33+00:00\" \/>\n<meta name=\"twitter:card\" content=\"summary_large_image\" \/>\n<meta name=\"twitter:label1\" content=\"Tiempo de lectura\" \/>\n\t<meta name=\"twitter:data1\" content=\"9 minutos\" \/>\n<script type=\"application\/ld+json\" class=\"yoast-schema-graph\">{\"@context\":\"https:\\\/\\\/schema.org\",\"@graph\":[{\"@type\":\"WebPage\",\"@id\":\"https:\\\/\\\/nuestrosescritores.com\\\/manuelyugueros\\\/poesia\\\/\",\"url\":\"https:\\\/\\\/nuestrosescritores.com\\\/manuelyugueros\\\/poesia\\\/\",\"name\":\"Poes\u00eda - Manuel Yugueros Fern\u00e1ndez\",\"isPartOf\":{\"@id\":\"https:\\\/\\\/nuestrosescritores.com\\\/manuelyugueros\\\/#website\"},\"datePublished\":\"2020-09-30T11:38:39+00:00\",\"dateModified\":\"2020-10-01T10:16:33+00:00\",\"description\":\"Poes\u00eda del libro EL HOMBRE EN LA MONTA\u00d1A de Manuel Yugueros Fern\u00e1ndez, el escritor nos da una muestra tras publicar un libro con la Editorial Poes\u00eda eres t\u00fa.\",\"breadcrumb\":{\"@id\":\"https:\\\/\\\/nuestrosescritores.com\\\/manuelyugueros\\\/poesia\\\/#breadcrumb\"},\"inLanguage\":\"es\",\"potentialAction\":[{\"@type\":\"ReadAction\",\"target\":[\"https:\\\/\\\/nuestrosescritores.com\\\/manuelyugueros\\\/poesia\\\/\"]}]},{\"@type\":\"BreadcrumbList\",\"@id\":\"https:\\\/\\\/nuestrosescritores.com\\\/manuelyugueros\\\/poesia\\\/#breadcrumb\",\"itemListElement\":[{\"@type\":\"ListItem\",\"position\":1,\"name\":\"Portada\",\"item\":\"https:\\\/\\\/nuestrosescritores.com\\\/manuelyugueros\\\/\"},{\"@type\":\"ListItem\",\"position\":2,\"name\":\"Poes\u00eda\"}]},{\"@type\":\"WebSite\",\"@id\":\"https:\\\/\\\/nuestrosescritores.com\\\/manuelyugueros\\\/#website\",\"url\":\"https:\\\/\\\/nuestrosescritores.com\\\/manuelyugueros\\\/\",\"name\":\"Nuestros escritores\",\"description\":\"Escritor\",\"potentialAction\":[{\"@type\":\"SearchAction\",\"target\":{\"@type\":\"EntryPoint\",\"urlTemplate\":\"https:\\\/\\\/nuestrosescritores.com\\\/manuelyugueros\\\/?s={search_term_string}\"},\"query-input\":{\"@type\":\"PropertyValueSpecification\",\"valueRequired\":true,\"valueName\":\"search_term_string\"}}],\"inLanguage\":\"es\"}]}<\/script>\n<!-- \/ Yoast SEO Premium plugin. -->","yoast_head_json":{"title":"Poes\u00eda - Manuel Yugueros Fern\u00e1ndez","description":"Poes\u00eda del libro EL HOMBRE EN LA MONTA\u00d1A de Manuel Yugueros Fern\u00e1ndez, el escritor nos da una muestra tras publicar un libro con la Editorial Poes\u00eda eres t\u00fa.","robots":{"index":"index","follow":"follow","max-snippet":"max-snippet:-1","max-image-preview":"max-image-preview:large","max-video-preview":"max-video-preview:-1"},"canonical":"https:\/\/nuestrosescritores.com\/manuelyugueros\/poesia\/","og_locale":"es_ES","og_type":"article","og_title":"Poes\u00eda","og_description":"Poes\u00eda del libro EL HOMBRE EN LA MONTA\u00d1A de Manuel Yugueros Fern\u00e1ndez, el escritor nos da una muestra tras publicar un libro con la Editorial Poes\u00eda eres t\u00fa.","og_url":"https:\/\/nuestrosescritores.com\/manuelyugueros\/poesia\/","og_site_name":"Manuel Yugueros Fern\u00e1ndez","article_modified_time":"2020-10-01T10:16:33+00:00","twitter_card":"summary_large_image","twitter_misc":{"Tiempo de lectura":"9 minutos"},"schema":{"@context":"https:\/\/schema.org","@graph":[{"@type":"WebPage","@id":"https:\/\/nuestrosescritores.com\/manuelyugueros\/poesia\/","url":"https:\/\/nuestrosescritores.com\/manuelyugueros\/poesia\/","name":"Poes\u00eda - Manuel Yugueros Fern\u00e1ndez","isPartOf":{"@id":"https:\/\/nuestrosescritores.com\/manuelyugueros\/#website"},"datePublished":"2020-09-30T11:38:39+00:00","dateModified":"2020-10-01T10:16:33+00:00","description":"Poes\u00eda del libro EL HOMBRE EN LA MONTA\u00d1A de Manuel Yugueros Fern\u00e1ndez, el escritor nos da una muestra tras publicar un libro con la Editorial Poes\u00eda eres t\u00fa.","breadcrumb":{"@id":"https:\/\/nuestrosescritores.com\/manuelyugueros\/poesia\/#breadcrumb"},"inLanguage":"es","potentialAction":[{"@type":"ReadAction","target":["https:\/\/nuestrosescritores.com\/manuelyugueros\/poesia\/"]}]},{"@type":"BreadcrumbList","@id":"https:\/\/nuestrosescritores.com\/manuelyugueros\/poesia\/#breadcrumb","itemListElement":[{"@type":"ListItem","position":1,"name":"Portada","item":"https:\/\/nuestrosescritores.com\/manuelyugueros\/"},{"@type":"ListItem","position":2,"name":"Poes\u00eda"}]},{"@type":"WebSite","@id":"https:\/\/nuestrosescritores.com\/manuelyugueros\/#website","url":"https:\/\/nuestrosescritores.com\/manuelyugueros\/","name":"Nuestros escritores","description":"Escritor","potentialAction":[{"@type":"SearchAction","target":{"@type":"EntryPoint","urlTemplate":"https:\/\/nuestrosescritores.com\/manuelyugueros\/?s={search_term_string}"},"query-input":{"@type":"PropertyValueSpecification","valueRequired":true,"valueName":"search_term_string"}}],"inLanguage":"es"}]}},"_links":{"self":[{"href":"https:\/\/nuestrosescritores.com\/manuelyugueros\/wp-json\/wp\/v2\/pages\/77","targetHints":{"allow":["GET"]}}],"collection":[{"href":"https:\/\/nuestrosescritores.com\/manuelyugueros\/wp-json\/wp\/v2\/pages"}],"about":[{"href":"https:\/\/nuestrosescritores.com\/manuelyugueros\/wp-json\/wp\/v2\/types\/page"}],"author":[{"embeddable":true,"href":"https:\/\/nuestrosescritores.com\/manuelyugueros\/wp-json\/wp\/v2\/users\/1"}],"replies":[{"embeddable":true,"href":"https:\/\/nuestrosescritores.com\/manuelyugueros\/wp-json\/wp\/v2\/comments?post=77"}],"version-history":[{"count":0,"href":"https:\/\/nuestrosescritores.com\/manuelyugueros\/wp-json\/wp\/v2\/pages\/77\/revisions"}],"wp:attachment":[{"href":"https:\/\/nuestrosescritores.com\/manuelyugueros\/wp-json\/wp\/v2\/media?parent=77"}],"curies":[{"name":"wp","href":"https:\/\/api.w.org\/{rel}","templated":true}]}}