{"id":80,"date":"2020-09-13T15:42:29","date_gmt":"2020-09-13T15:42:29","guid":{"rendered":"https:\/\/nuestrosescritores.com\/lourdesmillan\/?page_id=80"},"modified":"2020-09-13T16:33:38","modified_gmt":"2020-09-13T16:33:38","slug":"poesia","status":"publish","type":"page","link":"https:\/\/nuestrosescritores.com\/lourdesmillan\/poesia\/","title":{"rendered":"Poes\u00eda"},"content":{"rendered":"<div class=\"wpb-content-wrapper\">[vc_row][vc_column extend=&#8221;false&#8221;][vc_column_text css=&#8221;.vc_custom_1582373099134{margin-top: -30000px !important;}&#8221;]\n&lt;h1&gt;&lt;strong&gt;&lt;em&gt;&lt;u&gt;Poes\u00eda del libro TODOS LOS COLORES DE LA LUNA de M. LOURDES MILL\u00c1N P\u00c9REZ. El escritor nos da una muestra tras publicar un libro.&lt;\/u&gt;&lt;\/em&gt;&lt;\/strong&gt;&lt;\/h1&gt;<br \/>\n&lt;h2&gt;&lt;strong&gt;&lt;em&gt;&lt;u&gt;&lt;img class=&#8221;alignnone size-full wp-image-52&#8243; src=&#8221;https:\/\/nuestrosescritores.com\/andreaquintela\/wp-content\/uploads\/sites\/36\/2020\/05\/0_PortadaBesamelasheridas-1.jpg&#8221; alt=&#8221;&#8221; width=&#8221;559&#8243; height=&#8221;794&#8243;&gt;Poes\u00eda del libro TODOS LOS COLORES DE LA LUNA de M. LOURDES MILL\u00c1N P\u00c9REZ El poeta nos da una muestra tras publicar un libro.&lt;\/u&gt;&lt;\/em&gt;&lt;\/strong&gt;&lt;\/h2&gt;<br \/>\n&lt;h3&gt;&lt;strong&gt;&lt;em&gt;&lt;u&gt;Poes\u00eda del libro TODOS LOS COLORES DE LA LUNA de M. LOURDES MILL\u00c1N P\u00c9REZ El autor nos da una muestra tras publicar un libro.&lt;\/u&gt;&lt;\/em&gt;&lt;\/strong&gt;&lt;\/h3&gt;<br \/>\n&lt;h4&gt;&lt;strong&gt;&lt;em&gt;&lt;u&gt;Poes\u00eda del libro TODOS LOS COLORES DE LA LUNA de M. LOURDES MILL\u00c1N P\u00c9REZ El autor nos da una muestra tras publicar un libro.&lt;\/u&gt;&lt;\/em&gt;&lt;\/strong&gt;&lt;\/h4&gt;<br \/>\n&lt;h5&gt;&lt;strong&gt;&lt;em&gt;&lt;u&gt;Poes\u00eda del libro TODOS LOS COLORES DE LA LUNA de M. LOURDES MILL\u00c1N P\u00c9REZ El autor nos da una muestra tras publicar un libro.&lt;\/u&gt;&lt;\/em&gt;&lt;\/strong&gt;&lt;\/h5&gt;<br \/>\n[\/vc_column_text][\/vc_column][\/vc_row][vc_row full_width=&#8221;stretch_row_content_no_spaces&#8221;][vc_column extend=&#8221;false&#8221;]<div class='gambit_parallax_row' data-bg-align='' data-direction='fixed' data-opacity='100' data-velocity='-0.3' data-mobile-enabled='' data-bg-height='2560' data-bg-width='2048' data-bg-image='https:\/\/nuestrosescritores.com\/lourdesmillan\/wp-content\/uploads\/sites\/53\/2020\/09\/sm0whiqa6xw-scaled.jpg' data-bg-repeat='false' data-id='' style='display: none'><\/div><div class=\"gambit_fullheight_row\" data-content-location=\"center\" style=\"display: none\"><\/div>[\/vc_column][\/vc_row][vc_row][vc_column extend=&#8221;false&#8221;][vc_column_text]\n<h1><a name=\"_Toc48386481\"><\/a><strong>Mi primera casa<\/strong><\/h1>\n<p>&nbsp;<\/p>\n<p>Me alejo en la memoria<\/p>\n<p>buscando los momentos<\/p>\n<p>de los viejos recuerdos<\/p>\n<p>de mis primeros a\u00f1os.<\/p>\n<p>&nbsp;<\/p>\n<p>Nuestra casa era grande<\/p>\n<p>de paredes blanqueadas,<\/p>\n<p>con amplios ventanales<\/p>\n<p>y soleados jardines,<\/p>\n<p>&nbsp;<\/p>\n<p>estaba siempre llena<\/p>\n<p>de risas y de juegos,<\/p>\n<p>tan solo \u00e9ramos ni\u00f1os<\/p>\n<p>aprendiendo a vivir.<\/p>\n<p>&nbsp;<\/p>\n<p>Al calor del verano,<\/p>\n<p>sombreados por los \u00e1rboles<\/p>\n<p>altos y centenarios<\/p>\n<p>del Parque del Retiro<\/p>\n<p>&nbsp;<\/p>\n<p>jug\u00e1bamos alegres<\/p>\n<p>en su estanque de plata<\/p>\n<p>ajenos a tristezas;<\/p>\n<p>&nbsp;<\/p>\n<p>fueron tiempos felices<\/p>\n<p>rodeados de cari\u00f1o<\/p>\n<p>y todos los deseos<\/p>\n<p>entonces se cumpl\u00edan.<\/p>\n<span class='bctt-click-to-tweet'><span class='bctt-ctt-text'><a href='https:\/\/x.com\/intent\/tweet?url=https%3A%2F%2Fnuestrosescritores.com%2Flourdesmillan%2Fpoesia%2F&#038;text=Mi%20primera%20casa%20del%20libro%20TODOS%20LOS%20COLORES%20DE%20LA%20LUNA%20de%20M.%20LOURDES%20MILL%C3%81N%20P%C3%89REZ&#038;via=poesiaerestu&#038;related=poesiaerestu' target='_blank'rel=\"noopener noreferrer\">Mi primera casa del libro TODOS LOS COLORES DE LA LUNA de M. LOURDES MILL\u00c1N P\u00c9REZ <\/a><\/span><a href='https:\/\/x.com\/intent\/tweet?url=https%3A%2F%2Fnuestrosescritores.com%2Flourdesmillan%2Fpoesia%2F&#038;text=Mi%20primera%20casa%20del%20libro%20TODOS%20LOS%20COLORES%20DE%20LA%20LUNA%20de%20M.%20LOURDES%20MILL%C3%81N%20P%C3%89REZ&#038;via=poesiaerestu&#038;related=poesiaerestu' target='_blank' class='bctt-ctt-btn'rel=\"noopener noreferrer\">Compartir en X<\/a><\/span>\n<p>&nbsp;[\/vc_column_text][\/vc_column][\/vc_row][vc_row full_width=&#8221;stretch_row_content_no_spaces&#8221;][vc_column extend=&#8221;false&#8221;]<div class='gambit_parallax_row' data-bg-align='' data-direction='fixed' data-opacity='100' data-velocity='-0.3' data-mobile-enabled='' data-bg-height='2560' data-bg-width='1707' data-bg-image='https:\/\/nuestrosescritores.com\/lourdesmillan\/wp-content\/uploads\/sites\/53\/2020\/09\/chktgwsotqg-scaled.jpg' data-bg-repeat='false' data-id='' style='display: none'><\/div><div class=\"gambit_fullheight_row\" data-content-location=\"center\" style=\"display: none\"><\/div>[\/vc_column][\/vc_row][vc_row][vc_column extend=&#8221;false&#8221;][vc_column_text]\n<h1>&nbsp;<\/h1>\n<h1><a name=\"_Toc48386492\"><\/a><strong>Sonido oto\u00f1al<\/strong><\/h1>\n<p>&nbsp;<\/p>\n<p>El r\u00edo adormece<\/p>\n<p>la tarde de oto\u00f1o,<\/p>\n<p>su cantar le presta<\/p>\n<p>sonido al silencio<\/p>\n<p>&nbsp;<\/p>\n<p>el sol a\u00fan calienta,<\/p>\n<p>se cuela discreto<\/p>\n<p>perfilando sombras<\/p>\n<p>entre los ramajes,<\/p>\n<p>&nbsp;<\/p>\n<p>los chopos desnudos<\/p>\n<p>han pintado un lienzo<\/p>\n<p>de tonos dorados,<\/p>\n<p>cobres, amarillos\u2026<\/p>\n<p>&nbsp;<\/p>\n<p>quedaron en mis ojos<\/p>\n<p>sus suaves pinceladas;<\/p>\n<p>colores de una vida,<\/p>\n<p>la vida por vivir,<\/p>\n<p>&nbsp;<\/p>\n<p>la tierra las recoge,<\/p>\n<p>las arrastra el viento<\/p>\n<p>y las vuelve cristal;<\/p>\n<p>&nbsp;<\/p>\n<p>sonidos de las hoces<\/p>\n<p>en el fr\u00edo oto\u00f1al.<\/p>\n<span class='bctt-click-to-tweet'><span class='bctt-ctt-text'><a href='https:\/\/x.com\/intent\/tweet?url=https%3A%2F%2Fnuestrosescritores.com%2Flourdesmillan%2Fpoesia%2F&#038;text=Sonido%20oto%C3%B1al%C2%A0del%20libro%20TODOS%20LOS%20COLORES%20DE%20LA%20LUNA%20de%20M.%20LOURDES%20MILL%C3%81N%20P%C3%89REZ&#038;via=poesiaerestu&#038;related=poesiaerestu' target='_blank'rel=\"noopener noreferrer\">Sonido oto\u00f1al&nbsp;del libro TODOS LOS COLORES DE LA LUNA de M. LOURDES MILL\u00c1N P\u00c9REZ <\/a><\/span><a href='https:\/\/x.com\/intent\/tweet?url=https%3A%2F%2Fnuestrosescritores.com%2Flourdesmillan%2Fpoesia%2F&#038;text=Sonido%20oto%C3%B1al%C2%A0del%20libro%20TODOS%20LOS%20COLORES%20DE%20LA%20LUNA%20de%20M.%20LOURDES%20MILL%C3%81N%20P%C3%89REZ&#038;via=poesiaerestu&#038;related=poesiaerestu' target='_blank' class='bctt-ctt-btn'rel=\"noopener noreferrer\">Compartir en X<\/a><\/span>\n<p>&nbsp;<\/p>\n<p>&nbsp;[\/vc_column_text][\/vc_column][\/vc_row][vc_row][vc_column extend=&#8221;false&#8221;]<div class='gambit_parallax_row' data-bg-align='' data-direction='fixed' data-opacity='100' data-velocity='-0.3' data-mobile-enabled='' data-bg-height='2560' data-bg-width='2048' data-bg-image='https:\/\/nuestrosescritores.com\/lourdesmillan\/wp-content\/uploads\/sites\/53\/2020\/09\/ir96vjhczjk-scaled.jpg' data-bg-repeat='false' data-id='' style='display: none'><\/div><div class=\"gambit_fullheight_row\" data-content-location=\"center\" style=\"display: none\"><\/div>[\/vc_column][\/vc_row][vc_row][vc_column extend=&#8221;false&#8221;][vc_column_text]\n<h1><a name=\"_Toc48386501\"><\/a><strong>En rosados reflejos<\/strong><\/h1>\n<p>&nbsp;<\/p>\n<p>Una rosa de luna vino a visitarme,<\/p>\n<p>era una noche oscura<\/p>\n<p>hab\u00eda una calma suave,<\/p>\n<p>&nbsp;<\/p>\n<p>su delicado halo reflej\u00f3 en mi retina<\/p>\n<p>sus p\u00e9talos rosados,<\/p>\n<p>y al instante<\/p>\n<p>su fragancia almizclada, tibia,<\/p>\n<p>distante, me cogi\u00f3 de la mano<\/p>\n<p>y me llev\u00f3 a su luna.<\/p>\n<p>&nbsp;<\/p>\n<p>Quise tocarla<\/p>\n<p>para sentir la seda fr\u00eda de su vestido,<\/p>\n<p>y al alcanzarla<\/p>\n<p>recorri\u00f3 suavemente mi cuerpo<\/p>\n<p>un nacarado y dulce escalofr\u00edo.<\/p>\n<p>&nbsp;<\/p>\n<p>El tiempo se detuvo.<\/p>\n<p>&nbsp;<\/p>\n<p>Si profunda era la sombra de la noche,<\/p>\n<p>en rosados reflejos<\/p>\n<p>la convirti\u00f3<\/p>\n<p>la luna con su brillo.<\/p>\n<p>&nbsp;<\/p>\n<span class='bctt-click-to-tweet'><span class='bctt-ctt-text'><a href='https:\/\/x.com\/intent\/tweet?url=https%3A%2F%2Fnuestrosescritores.com%2Flourdesmillan%2Fpoesia%2F&#038;text=En%20rosados%20reflejos%C2%A0del%20libro%20TODOS%20LOS%20COLORES%20DE%20LA%20LUNA%20de%20M.%20LOURDES%20MILL%C3%81N%20P%C3%89REZ&#038;via=poesiaerestu&#038;related=poesiaerestu' target='_blank'rel=\"noopener noreferrer\">En rosados reflejos&nbsp;del libro TODOS LOS COLORES DE LA LUNA de M. LOURDES MILL\u00c1N P\u00c9REZ <\/a><\/span><a href='https:\/\/x.com\/intent\/tweet?url=https%3A%2F%2Fnuestrosescritores.com%2Flourdesmillan%2Fpoesia%2F&#038;text=En%20rosados%20reflejos%C2%A0del%20libro%20TODOS%20LOS%20COLORES%20DE%20LA%20LUNA%20de%20M.%20LOURDES%20MILL%C3%81N%20P%C3%89REZ&#038;via=poesiaerestu&#038;related=poesiaerestu' target='_blank' class='bctt-ctt-btn'rel=\"noopener noreferrer\">Compartir en X<\/a><\/span>[\/vc_column_text][\/vc_column][\/vc_row][vc_row][vc_column extend=&#8221;false&#8221;]<div class='gambit_parallax_row' data-bg-align='' data-direction='fixed' data-opacity='100' data-velocity='-0.3' data-mobile-enabled='' data-bg-height='2560' data-bg-width='2049' data-bg-image='https:\/\/nuestrosescritores.com\/lourdesmillan\/wp-content\/uploads\/sites\/53\/2020\/09\/yjklqjkggac-scaled.jpg' data-bg-repeat='false' data-id='' style='display: none'><\/div><div class=\"gambit_fullheight_row\" data-content-location=\"center\" style=\"display: none\"><\/div>[\/vc_column][\/vc_row][vc_row][vc_column extend=&#8221;false&#8221;][vc_column_text]\n<h1><a name=\"_Toc48386517\"><\/a><strong>Verde salvia<\/strong><\/h1>\n<p>&nbsp;<\/p>\n<p>Se me ha vestido el alma de primavera<\/p>\n<p>de un verde claro que derrama frescura,<\/p>\n<p>&nbsp;<\/p>\n<p>las hojas de los \u00e1rboles<\/p>\n<p>le han devuelto a sus ramas la vida,<\/p>\n<p>en su alargada sombra verde esperanza<\/p>\n<p>se refugi\u00f3 la brisa.<\/p>\n<p>&nbsp;<\/p>\n<p>En los sauces,<\/p>\n<p>han tejido las hadas en verde puro<\/p>\n<p>una guirnalda entre los tibios rayos<\/p>\n<p>del sol de mayo<\/p>\n<p>&nbsp;<\/p>\n<p>y en verde lima los frescos manantiales<\/p>\n<p>reflejan en sus aguas ecos y risas.<\/p>\n<p>&nbsp;<\/p>\n<p>De primavera qued\u00f3 vestida mi alma,<\/p>\n<p>la ternura lleg\u00f3 en verde salvia.<\/p>\n<p>&nbsp;<\/p>\n<p>&nbsp;<\/p>\n<span class='bctt-click-to-tweet'><span class='bctt-ctt-text'><a href='https:\/\/x.com\/intent\/tweet?url=https%3A%2F%2Fnuestrosescritores.com%2Flourdesmillan%2Fpoesia%2F&#038;text=Verde%20salvia%C2%A0del%20libro%20TODOS%20LOS%20COLORES%20DE%20LA%20LUNA%20de%20M.%20LOURDES%20MILL%C3%81N%20P%C3%89REZ&#038;via=poesiaerestu&#038;related=poesiaerestu' target='_blank'rel=\"noopener noreferrer\">Verde salvia&nbsp;del libro TODOS LOS COLORES DE LA LUNA de M. LOURDES MILL\u00c1N P\u00c9REZ <\/a><\/span><a href='https:\/\/x.com\/intent\/tweet?url=https%3A%2F%2Fnuestrosescritores.com%2Flourdesmillan%2Fpoesia%2F&#038;text=Verde%20salvia%C2%A0del%20libro%20TODOS%20LOS%20COLORES%20DE%20LA%20LUNA%20de%20M.%20LOURDES%20MILL%C3%81N%20P%C3%89REZ&#038;via=poesiaerestu&#038;related=poesiaerestu' target='_blank' class='bctt-ctt-btn'rel=\"noopener noreferrer\">Compartir en X<\/a><\/span>[\/vc_column_text][\/vc_column][\/vc_row][vc_row][vc_column extend=&#8221;false&#8221;]<div class='gambit_parallax_row' data-bg-align='' data-direction='fixed' data-opacity='100' data-velocity='-0.3' data-mobile-enabled='' data-bg-height='2560' data-bg-width='1707' data-bg-image='https:\/\/nuestrosescritores.com\/lourdesmillan\/wp-content\/uploads\/sites\/53\/2020\/09\/ntyhevpnop4-scaled.jpg' data-bg-repeat='false' data-id='' style='display: none'><\/div><div class=\"gambit_fullheight_row\" data-content-location=\"center\" style=\"display: none\"><\/div>[\/vc_column][\/vc_row][vc_row][vc_column extend=&#8221;false&#8221;][vc_column_text]\n<h1><a name=\"_Toc48386526\"><\/a><strong>Me acostumbr\u00e9<\/strong><\/h1>\n<p>&nbsp;<\/p>\n<p>Me acostumbr\u00e9 a tu forma de mirarme<\/p>\n<p>necesidad se convirti\u00f3 en costumbre<\/p>\n<p>y el no verte fuera incertidumbre<\/p>\n<p>al no poder mis ojos contemplarte.<\/p>\n<p>&nbsp;<\/p>\n<p>Me acostumbr\u00e9 a tu forma de contarme<\/p>\n<p>las penas y alegr\u00edas de la vida<\/p>\n<p>y sin saber de ti estoy perdida,<\/p>\n<p>anochece y empiezas a faltarme.<\/p>\n<p>&nbsp;<\/p>\n<p>Me acostumbraste a tus besos y a tu piel<\/p>\n<p>a tu manera de coger mis manos<\/p>\n<p>me diste tu dulzura de aguamiel,<\/p>\n<p>&nbsp;<\/p>\n<p>amanece y ya espero encontraros.<\/p>\n<p>En un mal sue\u00f1o escuch\u00e9 de tus labios,<\/p>\n<p>ya, olvido solo, puedo daros.<\/p>\n<span class='bctt-click-to-tweet'><span class='bctt-ctt-text'><a href='https:\/\/x.com\/intent\/tweet?url=https%3A%2F%2Fnuestrosescritores.com%2Flourdesmillan%2Fpoesia%2F&#038;text=Me%20acostumbr%C3%A9%20del%20libro%20TODOS%20LOS%20COLORES%20DE%20LA%20LUNA%20de%20M.%20LOURDES%20MILL%C3%81N%20P%C3%89REZ&#038;via=poesiaerestu&#038;related=poesiaerestu' target='_blank'rel=\"noopener noreferrer\">Me acostumbr\u00e9 del libro TODOS LOS COLORES DE LA LUNA de M. LOURDES MILL\u00c1N P\u00c9REZ <\/a><\/span><a href='https:\/\/x.com\/intent\/tweet?url=https%3A%2F%2Fnuestrosescritores.com%2Flourdesmillan%2Fpoesia%2F&#038;text=Me%20acostumbr%C3%A9%20del%20libro%20TODOS%20LOS%20COLORES%20DE%20LA%20LUNA%20de%20M.%20LOURDES%20MILL%C3%81N%20P%C3%89REZ&#038;via=poesiaerestu&#038;related=poesiaerestu' target='_blank' class='bctt-ctt-btn'rel=\"noopener noreferrer\">Compartir en X<\/a><\/span>[\/vc_column_text][\/vc_column][\/vc_row][vc_row][vc_column extend=&#8221;false&#8221;]<div class='gambit_parallax_row' data-bg-align='' data-direction='fixed' data-opacity='100' data-velocity='-0.3' data-mobile-enabled='' data-bg-height='429' data-bg-width='1366' data-bg-image='https:\/\/nuestrosescritores.com\/lourdesmillan\/wp-content\/uploads\/sites\/53\/2020\/09\/fotos-editorial-1_Perfectum_Alargado-Medium-1.jpg' data-bg-repeat='false' data-id='' style='display: none'><\/div><div class=\"gambit_fullheight_row\" data-content-location=\"center\" style=\"display: none\"><\/div>[vc_column_text]\n<p style=\"text-align: center;\"><a class=\"fasc-button fasc-size-xlarge fasc-type-glossy fasc-rounded-medium\" style=\"background-color: #33809e; color: #ffffff;\" href=\"https:\/\/librodepoesia.com\/producto\/todos-los-colores-de-la-luna-m-lourdes-millan-perez\/\">Comprar el libro<\/a><\/p>\n[\/vc_column_text][\/vc_column][\/vc_row][vc_row][vc_column extend=&#8221;false&#8221;][vc_column_text css=&#8221;.vc_custom_1549215104378{margin-top: -30000px !important;}&#8221;]\n&lt;h1&gt;&lt;strong&gt;&lt;em&gt;&lt;u&gt;Poes\u00eda del libro TODOS LOS COLORES DE LA LUNA de M. LOURDES MILL\u00c1N P\u00c9REZ. El escritor nos da una muestra tras publicar un libro.&lt;\/u&gt;&lt;\/em&gt;&lt;\/strong&gt;&lt;\/h1&gt;<br \/>\n&lt;h2&gt;&lt;strong&gt;&lt;em&gt;&lt;u&gt;Poes\u00eda del libro TODOS LOS COLORES DE LA LUNA de M. LOURDES MILL\u00c1N P\u00c9REZ El poeta nos da una muestra tras publicar un libro.&lt;\/u&gt;&lt;\/em&gt;&lt;\/strong&gt;&lt;\/h2&gt;<br \/>\n&lt;h3&gt;&lt;strong&gt;&lt;em&gt;&lt;u&gt;Poes\u00eda del libro TODOS LOS COLORES DE LA LUNA de M. LOURDES MILL\u00c1N P\u00c9REZ El autor nos da una muestra tras publicar un libro.&lt;\/u&gt;&lt;\/em&gt;&lt;\/strong&gt;&lt;\/h3&gt;<br \/>\n&lt;h4&gt;&lt;strong&gt;&lt;em&gt;&lt;u&gt;Poes\u00eda del libro TODOS LOS COLORES DE LA LUNA de M. LOURDES MILL\u00c1N P\u00c9REZ El autor nos da una muestra tras publicar un libro.&lt;\/u&gt;&lt;\/em&gt;&lt;\/strong&gt;&lt;\/h4&gt;<br \/>\n&lt;h5&gt;&lt;strong&gt;&lt;em&gt;&lt;u&gt;Poes\u00eda del libro TODOS LOS COLORES DE LA LUNA de M. LOURDES MILL\u00c1N P\u00c9REZ El autor nos da una muestra tras publicar un libro.&lt;\/u&gt;&lt;\/em&gt;&lt;\/strong&gt;&lt;\/h5&gt;<br \/>\n[\/vc_column_text][\/vc_column][\/vc_row]\n<\/div>","protected":false},"excerpt":{"rendered":"<p>[vc_row][vc_column extend=&#8221;false&#8221;][vc_column_text css=&#8221;.vc_custom_1582373099134{margin-top: -30000px !important;}&#8221;] &lt;h1&gt;&lt;strong&gt;&lt;em&gt;&lt;u&gt;Poes\u00eda del libro TODOS LOS COLORES DE LA LUNA de M. LOURDES MILL\u00c1N P\u00c9REZ. El escritor nos da una muestra tras publicar un libro.&lt;\/u&gt;&lt;\/em&gt;&lt;\/strong&gt;&lt;\/h1&gt; &lt;h2&gt;&lt;strong&gt;&lt;em&gt;&lt;u&gt;&lt;img class=&#8221;alignnone size-full wp-image-52&#8243; src=&#8221;https:\/\/nuestrosescritores.com\/andreaquintela\/wp-content\/uploads\/sites\/36\/2020\/05\/0_PortadaBesamelasheridas-1.jpg&#8221; alt=&#8221;&#8221; width=&#8221;559&#8243; height=&#8221;794&#8243;&gt;Poes\u00eda del libro TODOS LOS COLORES DE LA LUNA de M. LOURDES MILL\u00c1N P\u00c9REZ El poeta nos da una [&hellip;]<\/p>\n","protected":false},"author":1,"featured_media":0,"parent":0,"menu_order":0,"comment_status":"closed","ping_status":"closed","template":"","meta":{"_acf_changed":false,"footnotes":""},"class_list":["post-80","page","type-page","status-publish","hentry"],"acf":[],"yoast_head":"<!-- This site is optimized with the Yoast SEO Premium plugin v24.7 (Yoast SEO v27.4) - https:\/\/yoast.com\/product\/yoast-seo-premium-wordpress\/ -->\n<title>Poes\u00eda - Lourdes Mill\u00e1n P\u00e9rez<\/title>\n<meta name=\"description\" content=\"Lourdes Mill\u00e1n es la escritora del libro de poes\u00eda Todos los colores de la luna publicado por la Editorial Poes\u00eda eres t\u00fa en el a\u00f1o 2020\" \/>\n<meta name=\"robots\" content=\"index, follow, max-snippet:-1, max-image-preview:large, max-video-preview:-1\" \/>\n<link rel=\"canonical\" href=\"https:\/\/nuestrosescritores.com\/lourdesmillan\/poesia\/\" \/>\n<meta property=\"og:locale\" content=\"es_ES\" \/>\n<meta property=\"og:type\" content=\"article\" \/>\n<meta property=\"og:title\" content=\"Poes\u00eda\" \/>\n<meta property=\"og:description\" content=\"Lourdes Mill\u00e1n es la escritora del libro de poes\u00eda Todos los colores de la luna publicado por la Editorial Poes\u00eda eres t\u00fa en el a\u00f1o 2020\" \/>\n<meta property=\"og:url\" content=\"https:\/\/nuestrosescritores.com\/lourdesmillan\/poesia\/\" \/>\n<meta property=\"og:site_name\" content=\"Lourdes Mill\u00e1n P\u00e9rez\" \/>\n<meta property=\"article:modified_time\" content=\"2020-09-13T16:33:38+00:00\" \/>\n<meta name=\"twitter:card\" content=\"summary_large_image\" \/>\n<meta name=\"twitter:label1\" content=\"Tiempo de lectura\" \/>\n\t<meta name=\"twitter:data1\" content=\"7 minutos\" \/>\n<script type=\"application\/ld+json\" class=\"yoast-schema-graph\">{\"@context\":\"https:\\\/\\\/schema.org\",\"@graph\":[{\"@type\":\"WebPage\",\"@id\":\"https:\\\/\\\/nuestrosescritores.com\\\/lourdesmillan\\\/poesia\\\/\",\"url\":\"https:\\\/\\\/nuestrosescritores.com\\\/lourdesmillan\\\/poesia\\\/\",\"name\":\"Poes\u00eda - Lourdes Mill\u00e1n P\u00e9rez\",\"isPartOf\":{\"@id\":\"https:\\\/\\\/nuestrosescritores.com\\\/lourdesmillan\\\/#website\"},\"datePublished\":\"2020-09-13T15:42:29+00:00\",\"dateModified\":\"2020-09-13T16:33:38+00:00\",\"description\":\"Lourdes Mill\u00e1n es la escritora del libro de poes\u00eda Todos los colores de la luna publicado por la Editorial Poes\u00eda eres t\u00fa en el a\u00f1o 2020\",\"breadcrumb\":{\"@id\":\"https:\\\/\\\/nuestrosescritores.com\\\/lourdesmillan\\\/poesia\\\/#breadcrumb\"},\"inLanguage\":\"es\",\"potentialAction\":[{\"@type\":\"ReadAction\",\"target\":[\"https:\\\/\\\/nuestrosescritores.com\\\/lourdesmillan\\\/poesia\\\/\"]}]},{\"@type\":\"BreadcrumbList\",\"@id\":\"https:\\\/\\\/nuestrosescritores.com\\\/lourdesmillan\\\/poesia\\\/#breadcrumb\",\"itemListElement\":[{\"@type\":\"ListItem\",\"position\":1,\"name\":\"Portada\",\"item\":\"https:\\\/\\\/nuestrosescritores.com\\\/lourdesmillan\\\/\"},{\"@type\":\"ListItem\",\"position\":2,\"name\":\"Poes\u00eda\"}]},{\"@type\":\"WebSite\",\"@id\":\"https:\\\/\\\/nuestrosescritores.com\\\/lourdesmillan\\\/#website\",\"url\":\"https:\\\/\\\/nuestrosescritores.com\\\/lourdesmillan\\\/\",\"name\":\"Nuestros escritores\",\"description\":\"Escritora\",\"potentialAction\":[{\"@type\":\"SearchAction\",\"target\":{\"@type\":\"EntryPoint\",\"urlTemplate\":\"https:\\\/\\\/nuestrosescritores.com\\\/lourdesmillan\\\/?s={search_term_string}\"},\"query-input\":{\"@type\":\"PropertyValueSpecification\",\"valueRequired\":true,\"valueName\":\"search_term_string\"}}],\"inLanguage\":\"es\"}]}<\/script>\n<!-- \/ Yoast SEO Premium plugin. -->","yoast_head_json":{"title":"Poes\u00eda - Lourdes Mill\u00e1n P\u00e9rez","description":"Lourdes Mill\u00e1n es la escritora del libro de poes\u00eda Todos los colores de la luna publicado por la Editorial Poes\u00eda eres t\u00fa en el a\u00f1o 2020","robots":{"index":"index","follow":"follow","max-snippet":"max-snippet:-1","max-image-preview":"max-image-preview:large","max-video-preview":"max-video-preview:-1"},"canonical":"https:\/\/nuestrosescritores.com\/lourdesmillan\/poesia\/","og_locale":"es_ES","og_type":"article","og_title":"Poes\u00eda","og_description":"Lourdes Mill\u00e1n es la escritora del libro de poes\u00eda Todos los colores de la luna publicado por la Editorial Poes\u00eda eres t\u00fa en el a\u00f1o 2020","og_url":"https:\/\/nuestrosescritores.com\/lourdesmillan\/poesia\/","og_site_name":"Lourdes Mill\u00e1n P\u00e9rez","article_modified_time":"2020-09-13T16:33:38+00:00","twitter_card":"summary_large_image","twitter_misc":{"Tiempo de lectura":"7 minutos"},"schema":{"@context":"https:\/\/schema.org","@graph":[{"@type":"WebPage","@id":"https:\/\/nuestrosescritores.com\/lourdesmillan\/poesia\/","url":"https:\/\/nuestrosescritores.com\/lourdesmillan\/poesia\/","name":"Poes\u00eda - Lourdes Mill\u00e1n P\u00e9rez","isPartOf":{"@id":"https:\/\/nuestrosescritores.com\/lourdesmillan\/#website"},"datePublished":"2020-09-13T15:42:29+00:00","dateModified":"2020-09-13T16:33:38+00:00","description":"Lourdes Mill\u00e1n es la escritora del libro de poes\u00eda Todos los colores de la luna publicado por la Editorial Poes\u00eda eres t\u00fa en el a\u00f1o 2020","breadcrumb":{"@id":"https:\/\/nuestrosescritores.com\/lourdesmillan\/poesia\/#breadcrumb"},"inLanguage":"es","potentialAction":[{"@type":"ReadAction","target":["https:\/\/nuestrosescritores.com\/lourdesmillan\/poesia\/"]}]},{"@type":"BreadcrumbList","@id":"https:\/\/nuestrosescritores.com\/lourdesmillan\/poesia\/#breadcrumb","itemListElement":[{"@type":"ListItem","position":1,"name":"Portada","item":"https:\/\/nuestrosescritores.com\/lourdesmillan\/"},{"@type":"ListItem","position":2,"name":"Poes\u00eda"}]},{"@type":"WebSite","@id":"https:\/\/nuestrosescritores.com\/lourdesmillan\/#website","url":"https:\/\/nuestrosescritores.com\/lourdesmillan\/","name":"Nuestros escritores","description":"Escritora","potentialAction":[{"@type":"SearchAction","target":{"@type":"EntryPoint","urlTemplate":"https:\/\/nuestrosescritores.com\/lourdesmillan\/?s={search_term_string}"},"query-input":{"@type":"PropertyValueSpecification","valueRequired":true,"valueName":"search_term_string"}}],"inLanguage":"es"}]}},"_links":{"self":[{"href":"https:\/\/nuestrosescritores.com\/lourdesmillan\/wp-json\/wp\/v2\/pages\/80","targetHints":{"allow":["GET"]}}],"collection":[{"href":"https:\/\/nuestrosescritores.com\/lourdesmillan\/wp-json\/wp\/v2\/pages"}],"about":[{"href":"https:\/\/nuestrosescritores.com\/lourdesmillan\/wp-json\/wp\/v2\/types\/page"}],"author":[{"embeddable":true,"href":"https:\/\/nuestrosescritores.com\/lourdesmillan\/wp-json\/wp\/v2\/users\/1"}],"replies":[{"embeddable":true,"href":"https:\/\/nuestrosescritores.com\/lourdesmillan\/wp-json\/wp\/v2\/comments?post=80"}],"version-history":[{"count":0,"href":"https:\/\/nuestrosescritores.com\/lourdesmillan\/wp-json\/wp\/v2\/pages\/80\/revisions"}],"wp:attachment":[{"href":"https:\/\/nuestrosescritores.com\/lourdesmillan\/wp-json\/wp\/v2\/media?parent=80"}],"curies":[{"name":"wp","href":"https:\/\/api.w.org\/{rel}","templated":true}]}}