{"id":11,"date":"2022-04-03T09:25:39","date_gmt":"2022-04-03T09:25:39","guid":{"rendered":"https:\/\/nuestrosescritores.com\/lmwhite\/?page_id=11"},"modified":"2025-04-26T15:54:28","modified_gmt":"2025-04-26T15:54:28","slug":"escritora","status":"publish","type":"page","link":"https:\/\/nuestrosescritores.com\/lmwhite\/","title":{"rendered":"ESCRITORA"},"content":{"rendered":"<div class=\"wpb-content-wrapper\">[vc_row full_width=&#8221;stretch_row_content_no_spaces&#8221;][vc_column extend=&#8221;false&#8221;][layerslider_vc id=&#8221;3&#8243;][\/vc_column][\/vc_row][vc_row full_width=&#8221;stretch_row_content_no_spaces&#8221;][vc_column extend=&#8221;false&#8221;][layerslider_vc id=&#8221;1&#8243;][\/vc_column][\/vc_row][vc_row extend=&#8221;false&#8221; design__empty_1=&#8221;&#8221; background=&#8221;&#8221; background_image_type=&#8221;static&#8221; background_image__effect=&#8221;&#8221; bg_size=&#8221;initial&#8221; bg_position=&#8221;center-center&#8221; row_bg_image=&#8221;&#8221; bg_repeat=&#8221;no-repeat&#8221; background_image_type__bg_color=&#8221;rgba(255, 255, 255, 1)&#8221; row_bg_parallax_images=&#8221;&#8221; row_bg_slideshow_images=&#8221;&#8221; background_video_type=&#8221;youtube&#8221; background_video__youtube__url=&#8221;&#8221; background_video__youtube__parallax=&#8221;&#8221; background_video__youtube__options=&#8221;&#8221; background_video__youtube__fallback_image=&#8221;&#8221; background_video__hosted__mp4=&#8221;&#8221; background_video__hosted__webm=&#8221;&#8221; background_video__hosted__ogv=&#8221;&#8221; background_video__hosted__parallax=&#8221;&#8221; background_video__hosted__options=&#8221;&#8221; background_video__hosted__fallback_image=&#8221;&#8221; background_color_type=&#8221;color&#8221; bg__empty_1=&#8221;&#8221; background_color_type__gradient_color1=&#8221;rgba(44, 74, 228, 1)&#8221; background_color_type__gradient_color2=&#8221;rgba(44, 74, 228, 1)&#8221; background_color_type__color_color1=&#8221;rgba(44, 74, 228, 1)&#8221; bg__empty_2=&#8221;&#8221; background_color__effect=&#8221;&#8221; background_color__direction=&#8221;left-to-right&#8221; settings__tag_1=&#8221;&#8221; viewport_lg=&#8221;&#8221; viewport_md=&#8221;&#8221; viewport_sm=&#8221;&#8221; viewport_xs=&#8221;&#8221; settings__empty_1=&#8221;&#8221; version=&#8221;1&#8243;][vc_column width=&#8221;1\/2&#8243; extend=&#8221;false&#8221;]<div class=\"ult-content-box-container \" >\t\t<div class=\"ult-content-box\" style=\"background-color:rgba(255,255,255,0.49);box-shadow: px px 8px px #f2f2f2 none;border-style:none;padding:10%;-webkit-transition: all 700ms ease;-moz-transition: all 700ms ease;-ms-transition: all 700ms ease;-o-transition: all 700ms ease;transition: all 700ms ease;\"  data-hover_box_shadow=\"none\"     data-bg=\"rgba(255,255,255,0.49)\"  data-border_color=\"\" >[vc_column_text css=&#8221;.vc_custom_1648976441289{padding-top: 15% !important;padding-right: 15% !important;padding-bottom: 15% !important;padding-left: 15% !important;}&#8221;]Lorena Blanco (Salamanca, 2003) escritora bajo el pseud\u00f3nimo de L.M.White, es estudiante de Magisterio de Educaci\u00f3n Primaria en la Universidad de Salamanca, jugadora del Club Deportivo Ribert y entrenadora de la escuela de f\u00fatbol de este mismo club.<br \/>\nCreci\u00f3 en las calles de un pueblo cercano a la ciudad, con su hermana y amigos, recorriendo cada rinc\u00f3n de aquel. Recibi\u00f3 su Educaci\u00f3n Primaria en el \u00fanico colegio del que el pueblo dispon\u00eda por aquel entonces, descubriendo su pasi\u00f3n por la escritura y por la ense\u00f1anza en los \u00faltimos cursos de la etapa.<br \/>\nDej\u00f3 el sue\u00f1o de ser poeta a un lado, pero mientras crec\u00eda iba saliendo cada vez m\u00e1s a la luz, optando por hacer caso a ese pensamiento.<br \/>\nDurante su corta vida ha experimentado numerosas vivencias que han marcado un antes y un despu\u00e9s en su forma de pensar y percibir el mundo que la rodea. Por ello decidi\u00f3 que nada le impedir\u00eda hacer lo que tanto tiempo so\u00f1\u00f3.<br \/>\nTras varios a\u00f1os intentando descubrir su estilo dentro del mundo de la escritura, comenz\u00f3 a escribir su primer libro de poes\u00eda con diecis\u00e9is a\u00f1os, cuando apenas hab\u00eda entrado en Bachillerato, siendo publicado en 2022 con dieciocho a\u00f1os.<br \/>\nEs una persona luchadora, algo t\u00edmida pero muy cercana con la gente correcta, comprensiva y ambiciosa a la hora de conseguir sus objetivos.<\/p>\n<span class='bctt-click-to-tweet'><span class='bctt-ctt-text'><a href='https:\/\/x.com\/intent\/tweet?url=https%3A%2F%2Fnuestrosescritores.com%2Flmwhite%2F&#038;text=L.M.WHITE.%20Escritora.&#038;related' target='_blank'rel=\"noopener noreferrer\">L.M.WHITE. Escritora. <\/a><\/span><a href='https:\/\/x.com\/intent\/tweet?url=https%3A%2F%2Fnuestrosescritores.com%2Flmwhite%2F&#038;text=L.M.WHITE.%20Escritora.&#038;related' target='_blank' class='bctt-ctt-btn'rel=\"noopener noreferrer\">Compartir en X<\/a><\/span>[\/vc_column_text][vc_column_text css=&#8221;&#8221;]\n<h2 id=\"semblanza-de-lm-white-poesa-joven-para-una-nueva-e\" class=\"mb-2 mt-6 text-lg font-&#091;500&#093; first:mt-0\">L.M. White: poes\u00eda joven para una nueva era<\/h2>\n<p class=\"my-0\">L.M. White, seud\u00f3nimo de Lorena Blanco L\u00f3pez (Salamanca, 2003), representa la voz de una generaci\u00f3n que ha crecido entre la inmediatez digital y la b\u00fasqueda de profundidad emocional. Graduada en Educaci\u00f3n Primaria por la Universidad de Salamanca, su trayectoria vital y literaria se ha forjado en el cruce de caminos entre la ense\u00f1anza, el deporte y la escritura, tres pasiones que han guiado su desarrollo personal y profesional.<\/p>\n<p class=\"my-0\">Desde su infancia en un peque\u00f1o pueblo salmantino, White descubri\u00f3 el poder de la palabra y el valor de la autenticidad, elementos que hoy definen su obra. Su primer poemario vio la luz cuando apenas alcanzaba la mayor\u00eda de edad, y con &#8220;Lo siento, te quiero. Cr\u00f3nicas de una mente desordenada&#8221; consolida una voz po\u00e9tica joven, pero profundamente sentida, capaz de dialogar con la tradici\u00f3n y, al mismo tiempo, romper con los moldes cl\u00e1sicos de la poes\u00eda espa\u00f1ola.<\/p>\n<p class=\"my-0\">La evoluci\u00f3n de la industria editorial y el auge de la poes\u00eda joven han encontrado en L.M. White una aliada natural. Su obra se publica en un contexto donde la poes\u00eda busca nuevas formas de llegar al p\u00fablico: desde la creaci\u00f3n de p\u00e1ginas web personalizadas y booktrailers hasta la participaci\u00f3n activa en presentaciones y recitales, estrategias que nuestra editorial ha impulsado para democratizar el acceso a la poes\u00eda y conectar con lectores no tradicionales. White ha sabido aprovechar estas iniciativas, integrando su presencia digital y f\u00edsica para acercar su poes\u00eda a nuevos p\u00fablicos y demostrar que el g\u00e9nero puede ser tan inmediato y emocionante como cualquier otro.<\/p>\n<p class=\"my-0\">En un momento en que la industria exige flexibilidad, innovaci\u00f3n y autenticidad, L.M. White destaca por su capacidad de adaptaci\u00f3n y su compromiso con la accesibilidad de la poes\u00eda. Su escritura, marcada por la sinceridad y el riesgo emocional, se convierte en espejo de una generaci\u00f3n que no teme mostrar sus heridas y busca, en la palabra, un refugio y una forma de resistencia. As\u00ed, White no solo es testigo de los cambios en el sector, sino tambi\u00e9n protagonista activa de una poes\u00eda renovada, m\u00e1s cercana, m\u00e1s humana y m\u00e1s viva que nunca.<\/p>\n[\/vc_column_text]\t\t<\/div><\/div>[\/vc_column][vc_column width=&#8221;1\/2&#8243; extend=&#8221;false&#8221;]<div class=\"gambit_fullheight_row\" data-content-location=\"center\" style=\"display: none\"><\/div><div id=\"rowvcpt-row-settings\" class=\"rowvcpt-row-set RowVcPt-row-setting69e4aefec1ccb \" data-no=\"RowVcPt-row-setting69e4aefec1ccb\"><div  id=\"bgGallaryslide69e4aefec1ccf\" class=\"rowvcpt-slideshow \"><\/div><script type=\"text\/javascript\">\n(function($) {\n$(\"#bgGallaryslide69e4aefec1ccf\").vegas({\n        overlay: \"https:\/\/nuestrosescritores.com\/lmwhite\/wp-content\/plugins\/ultimate-row-background\/css\/overlays\/0'.esc_attr(1.png).'\",\n        transitionDuration: 4e3,\n        delay: 7000,\n        slides: [{src: \"https:\/\/nuestrosescritores.com\/lmwhite\/wp-content\/uploads\/sites\/127\/2022\/04\/jfpxznihzkc.jpg\",transition: \"fade2\",transitionDuration: 5000},{src: \"https:\/\/nuestrosescritores.com\/lmwhite\/wp-content\/uploads\/sites\/127\/2022\/04\/ekep38ld4r8.jpg\",transition: \"fade2\",transitionDuration: 5000},{src: \"https:\/\/nuestrosescritores.com\/lmwhite\/wp-content\/uploads\/sites\/127\/2022\/04\/jx6s5yzqjxe.jpg\",transition: \"fade2\",transitionDuration: 5000},{src: \"https:\/\/nuestrosescritores.com\/lmwhite\/wp-content\/uploads\/sites\/127\/2022\/04\/sl3lnqkap_e.jpg\",transition: \"fade2\",transitionDuration: 5000},{src: \"https:\/\/nuestrosescritores.com\/lmwhite\/wp-content\/uploads\/sites\/127\/2022\/04\/bo4txbwmwsc.jpg\",transition: \"fade2\",transitionDuration: 5000},]\n    });\t\t\n})(jQuery);\n<\/script><div class=\"rowvcpt-overlay\" style=\"background:rgba(255,255,255,0.69)\"><\/div><\/div>[vc_single_image image=&#8221;13&#8243; img_size=&#8221;full&#8221; alignment=&#8221;center&#8221;][\/vc_column][\/vc_row][vc_row full_height=&#8221;yes&#8221; equal_height=&#8221;yes&#8221; content_placement=&#8221;middle&#8221; css_animation=&#8221;appear&#8221; css=&#8221;.vc_custom_1638093275611{background-position: center !important;background-repeat: no-repeat !important;background-size: cover !important;}&#8221;][vc_column extend=&#8221;false&#8221;]<div class=\"ult-spacer spacer-69e4aefec28fd\" data-id=\"69e4aefec28fd\" data-height=\"500\" data-height-mobile=\"500\" data-height-tab=\"500\" data-height-tab-portrait=\"\" data-height-mobile-landscape=\"\" style=\"clear:both;display:block;\"><\/div><div id=\"rowvcpt-row-settings\" class=\"rowvcpt-row-set RowVcPt-row-setting69e4aefec2911 \" data-no=\"RowVcPt-row-setting69e4aefec2911\"><div class=\"columns-bg-wrap columns-bg-anim-colors columns-bg-image  columns_simple_image\" id=\"RowVcPt-image-bg-69e4aefec2910\"   data-parallax_sense=\"30\" src=\"https:\/\/nuestrosescritores.com\/lmwhite\/wp-content\/uploads\/sites\/127\/2022\/04\/uq2q-azix9w.jpg\" style=\"background-image: url(https:\/\/nuestrosescritores.com\/lmwhite\/wp-content\/uploads\/sites\/127\/2022\/04\/uq2q-azix9w.jpg);background-position: center center;background-size: cover;background-attachment: fixed;\"><\/div><\/div>[\/vc_column][\/vc_row][vc_row full_width=&#8221;stretch_row_content_no_spaces&#8221; full_height=&#8221;yes&#8221; content_placement=&#8221;middle&#8221;][vc_column extend=&#8221;false&#8221;]<div class=\"gambit_fullheight_row\" data-content-location=\"center\" style=\"display: none\"><\/div><div id=\"rowvcpt-row-settings\" class=\"rowvcpt-row-set RowVcPt-row-setting69e4aefec2b88 \" data-no=\"RowVcPt-row-setting69e4aefec2b88\"><div  id=\"bgGallaryslide69e4aefec2b8a\" class=\"rowvcpt-slideshow \"><\/div><script type=\"text\/javascript\">\n(function($) {\n$(\"#bgGallaryslide69e4aefec2b8a\").vegas({\n        overlay: \"https:\/\/nuestrosescritores.com\/lmwhite\/wp-content\/plugins\/ultimate-row-background\/css\/overlays\/0'.esc_attr(2.png).'\",\n        transitionDuration: 4e3,\n        delay: 7000,\n        slides: [{src: \"https:\/\/nuestrosescritores.com\/lmwhite\/wp-content\/uploads\/sites\/127\/2022\/04\/mbcdicqgiic.jpg\",transition: \"fade2\",transitionDuration: 5000},{src: \"https:\/\/nuestrosescritores.com\/lmwhite\/wp-content\/uploads\/sites\/127\/2022\/04\/rtzuaxgeud4.jpg\",transition: \"fade2\",transitionDuration: 5000},{src: \"https:\/\/nuestrosescritores.com\/lmwhite\/wp-content\/uploads\/sites\/127\/2022\/04\/6862969.jpg\",transition: \"fade2\",transitionDuration: 5000},{src: \"https:\/\/nuestrosescritores.com\/lmwhite\/wp-content\/uploads\/sites\/127\/2022\/04\/uq2q-azix9w.jpg\",transition: \"fade2\",transitionDuration: 5000},]\n    });\t\t\n})(jQuery);\n<\/script><div class=\"rowvcpt-overlay\" style=\"background:rgba(255,255,255,0.69)\"><\/div><\/div><div id=\"uvc-type-wrap-3871\"  data-ultimate-target='#uvc-type-wrap-3871'  data-responsive-json-new='{\"font-size\":\"\",\"line-height\":\"\"}'  class=\"uvc-type-wrap vc_custom_1648976751766 ult-adjust-bottom-margin ult-responsive  uvc-type-align-center uvc-type-no-prefix uvc-wrap-144235232969e4aefec330e\" style=\"text-align:center;\"><span id=\"typed-144235232969e4aefec330e\" class=\"ultimate-typed-main \" style=\" font-weight:bold; text-transform: unset;\"><\/span><script type=\"text\/javascript\">\n\t\t\t\t\t\tjQuery(function($){ \n\t\t\t\t\t\t\t$(document).ready(function(){\n\t\t\t\t\t\t\t\tif( typeof jQuery(\"#typed-144235232969e4aefec330e\").typed == \"function\"){\n\t\t\t\t\t\t\t\t\t$(\"#typed-144235232969e4aefec330e\").typed({\n\t\t\t\t\t\t\t\t\t\tstrings: [\"Valent\u00eda, fuerza y amor propio. Vuela, sue\u00f1a, vive. Cr\u00f3nicas de una mente desordenada es un libro donde predomina la poes\u00eda, jugando con su forma y experimentando con ella, utilizando la prosa m\u00e1s l\u00edrica y el verso m\u00e1s narrativo, destruyendo la concepci\u00f3n cl\u00e1sica y tradicional de la poes\u00eda que en la literatura rom\u00e1ntica predomina.\",\"Temas como la inseguridad, el miedo o el desamor se desarrollan alrededor del tema principal, el crecimiento personal, plasm\u00e1ndose la evoluci\u00f3n gradual en cada una de las tres partes.\",\"Tres partes a trav\u00e9s de las cuales los sentimientos y vivencias que un adolescente experimenta son convertidas en poes\u00eda, convirtiendo en versos todo ello, consiguiendo conectar con el lector y con su parte m\u00e1s \u00edntima.\"],\n\t\t\t\t\t\t\t\t\t\ttypeSpeed: 35,\n\t\t\t\t\t\t\t\t\t\tbackSpeed: 0,\n\t\t\t\t\t\t\t\t\t\tstartDelay: \"200\",\n\t\t\t\t\t\t\t\t\t\tbackDelay: \"1500\",\n\t\t\t\t\t\t\t\t\t\tloop: true,\n\t\t\t\t\t\t\t\t\t\tloopCount: false,\n\t\t\t\t\t\t\t\t\t\tshowCursor: true,\n\t\t\t\t\t\t\t\t\t\tcursorChar: \"|\",\n\t\t\t\t\t\t\t\t\t\tattr: null\n\t\t\t\t\t\t\t\t\t});\n\t\t\t\t\t\t\t\t}\n\t\t\t\t\t\t\t});\n\t\t\t\t\t\t});\n\t\t\t\t\t<\/script><\/div>[\/vc_column][\/vc_row][vc_row full_height=&#8221;yes&#8221; content_placement=&#8221;middle&#8221; parallax=&#8221;content-moving&#8221; parallax_image=&#8221;86&#8243; css_animation=&#8221;appear&#8221; bg_type=&#8221;image&#8221; css=&#8221;.vc_custom_1634746787147{background-image: url(https:\/\/nuestrosescritores.com\/tinahernandezherrero\/wp-content\/uploads\/sites\/107\/2021\/10\/TinaHernandezHerrero-Mediano.jpg?id=86) !important;}&#8221;][vc_column extend=&#8221;false&#8221;][vc_empty_space height=&#8221;150px&#8221;]<div id=\"rowvcpt-row-settings\" class=\"rowvcpt-row-set RowVcPt-row-setting69e4aefec352e \" data-no=\"RowVcPt-row-setting69e4aefec352e\"><div class=\"columns-bg-wrap columns-bg-anim-colors columns-bg-image  columns_simple_image\" id=\"RowVcPt-image-bg-69e4aefec352d\"   data-parallax_sense=\"30\" src=\"https:\/\/nuestrosescritores.com\/lmwhite\/wp-content\/uploads\/sites\/127\/2022\/04\/L.M.WHITE_SSquare_Alargado-Mediano.png\" style=\"background-image: url(https:\/\/nuestrosescritores.com\/lmwhite\/wp-content\/uploads\/sites\/127\/2022\/04\/L.M.WHITE_SSquare_Alargado-Mediano.png);background-position: center center;background-size: cover;background-attachment: fixed;\"><\/div><\/div>[vc_column_text]\n<p style=\"text-align: center;\"><a class=\"fasc-button fasc-size-xlarge fasc-type-glossy fasc-rounded-medium\" style=\"background-color: #48565c; color: #ffffff;\" href=\"https:\/\/librodepoesia.com\/libro\/vuela-suena-vive-cronicas-de-una-mente-desordenada-lorena-blanco-lopez\/\">COMPRA SUS LIBROS<\/a><\/p>\n[\/vc_column_text][\/vc_column][\/vc_row][vc_row][vc_column]<div id=\"rowvcpt-row-settings\" class=\"rowvcpt-row-set RowVcPt-row-setting69e4aefec37a7 \" data-no=\"RowVcPt-row-setting69e4aefec37a7\"><div class=\"columns-bg-wrap columns-bg-anim-colors\" style=\"opacity: 1;background: -moz-linear-gradient(top, #e0e0e0 0%, #f7f7f7 100%);background: -webkit-gradient(linear, left top, left bottom, color-stop(0%,#e0e0e0), color-stop(100%,#f7f7f7));background: -webkit-linear-gradient(top, #e0e0e0 0%,#f7f7f7 100%);background: -o-linear-gradient(top, #e0e0e0 0%,#f7f7f7 100%);background: -ms-linear-gradient(top, #e0e0e0 0%,#f7f7f7 100%);background: linear-gradient(to bottom, #e0e0e0 0%,#f7f7f7 100%);\"><\/div><\/div>[vc_column_text css=&#8221;.vc_custom_1643365975895{padding-top: 5% !important;padding-right: 5% !important;padding-bottom: 5% !important;padding-left: 5% !important;background-color: rgba(206,206,206,0.01) !important;*background-color: rgb(206,206,206) !important;border-radius: 1px !important;}&#8221;]Esta p\u00e1gina web est\u00e1 realizada por el GRUPO EDITORIAL P\u00c9REZ-AYALA para el escritor L.M.WHITE porque acaba de publicar un libro en una de las siguientes editoriales de poes\u00eda:<br \/>\nEditorial Poes\u00eda eres t\u00fa: Una editorial para poetas contempor\u00e1neos, con un cat\u00e1logo diverso de las diferentes tendencias de la poes\u00eda.<br \/>\nEdiciones Rilke: Una colecci\u00f3n de poes\u00eda cl\u00e1sica con poetas contempor\u00e1neos de gran trayectoria.<br \/>\nEdiciones Azor\u00edn: Una editorial para escritores y temas de Alicante y Murcia, un sello regional a nivel nacional.<br \/>\nContamos tambi\u00e9n con editoriales de narrativa como Ediciones Amaniel y una editorial de autoedici\u00f3n como la Editorial Agencia del libro y un sistema de crowdfunding de libros para que los nuevos escritores puedan publicar un libro gratis.<br \/>\nInformaci\u00f3n tras publicar un libro: VUELA, SUE\u00d1A, VIVE. CR\u00d3NICAS DE UNA MENTE DESORDENADA de L.M.WHITE con la editorial de poes\u00eda Editorial Poes\u00eda eres t\u00fa.<br \/>\nL.M.WHITE logra publicar un libro de poes\u00eda, VUELA, SUE\u00d1A, VIVE. CR\u00d3NICAS DE UNA MENTE DESORDENADA, tras un proceso de selecci\u00f3n de obras con la Editorial Poes\u00eda eres t\u00fa.<br \/>\nTodos los derechos del libro VUELA, SUE\u00d1A, VIVE. CR\u00d3NICAS DE UNA MENTE DESORDENADA pertenecen a L.M.WHITE tras publicar un libro con la Editorial Poes\u00eda eres t\u00fa.<br \/>\nPublicar un libro de poes\u00eda como VUELA, SUE\u00d1A, VIVE. CR\u00d3NICAS DE UNA MENTE DESORDENADA de L.M.WHITE es posible gracias al trabajo de todo el equipo de la Editorial Poes\u00eda eres t\u00fa.<br \/>\nToda la promoci\u00f3n del libro VUELA, SUE\u00d1A, VIVE. CR\u00d3NICAS DE UNA MENTE DESORDENADA la puedes ver en la p\u00e1gina de la Editorial Poes\u00eda eres t\u00fa y en la web que la editorial le hace a L.M.WHITE tras publicar un libro.<br \/>\nL.M.WHITE agradece a la Editorial Poes\u00eda eres t\u00fa y la Agencia del libro por facilitar el trabajo de publicar un libro: VUELA, SUE\u00d1A, VIVE. CR\u00d3NICAS DE UNA MENTE DESORDENADA.<br \/>\nLa Editorial Poes\u00eda eres t\u00fa y L.M.WHITE agradecen la colaboraci\u00f3n de los poetas, que han conseguido publicar un libro, y lectores del libro VUELA, SUE\u00d1A, VIVE. CR\u00d3NICAS DE UNA MENTE DESORDENADA por su colaboraci\u00f3n en la promoci\u00f3n y difusi\u00f3n de la obra.[\/vc_column_text][\/vc_column][\/vc_row]\n<\/div>","protected":false},"excerpt":{"rendered":"<p>[vc_row full_width=&#8221;stretch_row_content_no_spaces&#8221;][vc_column extend=&#8221;false&#8221;][layerslider_vc id=&#8221;3&#8243;][\/vc_column][\/vc_row][vc_row full_width=&#8221;stretch_row_content_no_spaces&#8221;][vc_column extend=&#8221;false&#8221;][layerslider_vc id=&#8221;1&#8243;][\/vc_column][\/vc_row][vc_row extend=&#8221;false&#8221; design__empty_1=&#8221;&#8221; background=&#8221;&#8221; background_image_type=&#8221;static&#8221; background_image__effect=&#8221;&#8221; bg_size=&#8221;initial&#8221; bg_position=&#8221;center-center&#8221; row_bg_image=&#8221;&#8221; bg_repeat=&#8221;no-repeat&#8221; background_image_type__bg_color=&#8221;rgba(255, 255, 255, 1)&#8221; row_bg_parallax_images=&#8221;&#8221; row_bg_slideshow_images=&#8221;&#8221; background_video_type=&#8221;youtube&#8221; background_video__youtube__url=&#8221;&#8221; background_video__youtube__parallax=&#8221;&#8221; background_video__youtube__options=&#8221;&#8221; background_video__youtube__fallback_image=&#8221;&#8221; background_video__hosted__mp4=&#8221;&#8221; background_video__hosted__webm=&#8221;&#8221; background_video__hosted__ogv=&#8221;&#8221; background_video__hosted__parallax=&#8221;&#8221; background_video__hosted__options=&#8221;&#8221; background_video__hosted__fallback_image=&#8221;&#8221; background_color_type=&#8221;color&#8221; bg__empty_1=&#8221;&#8221; background_color_type__gradient_color1=&#8221;rgba(44, 74, 228, 1)&#8221; background_color_type__gradient_color2=&#8221;rgba(44, 74, 228, 1)&#8221; background_color_type__color_color1=&#8221;rgba(44, 74, 228, 1)&#8221; bg__empty_2=&#8221;&#8221; background_color__effect=&#8221;&#8221; background_color__direction=&#8221;left-to-right&#8221; settings__tag_1=&#8221;&#8221; viewport_lg=&#8221;&#8221; viewport_md=&#8221;&#8221; viewport_sm=&#8221;&#8221; viewport_xs=&#8221;&#8221; [&hellip;]<\/p>\n","protected":false},"author":1,"featured_media":0,"parent":0,"menu_order":0,"comment_status":"closed","ping_status":"closed","template":"","meta":{"_acf_changed":false,"footnotes":""},"class_list":["post-11","page","type-page","status-publish","hentry"],"acf":[],"yoast_head":"<!-- This site is optimized with the Yoast SEO Premium plugin v24.7 (Yoast SEO v27.4) - https:\/\/yoast.com\/product\/yoast-seo-premium-wordpress\/ -->\n<title>ESCRITORA - L. M. White<\/title>\n<meta name=\"description\" content=\"L.M.WHITE es la escritora del libro VUELA, SUE\u00d1A, VIVE. CR\u00d3NICAS DE UNA MENTE DESORDENADA. La escritora acaba de publicar un libro.\" \/>\n<meta name=\"robots\" content=\"index, follow, max-snippet:-1, max-image-preview:large, max-video-preview:-1\" \/>\n<link rel=\"canonical\" href=\"https:\/\/nuestrosescritores.com\/lmwhite\/\" \/>\n<meta property=\"og:locale\" content=\"es_ES\" \/>\n<meta property=\"og:type\" content=\"article\" \/>\n<meta property=\"og:title\" content=\"ESCRITORA\" \/>\n<meta property=\"og:description\" content=\"L.M.WHITE es la escritora del libro VUELA, SUE\u00d1A, VIVE. CR\u00d3NICAS DE UNA MENTE DESORDENADA. La escritora acaba de publicar un libro.\" \/>\n<meta property=\"og:url\" content=\"https:\/\/nuestrosescritores.com\/lmwhite\/\" \/>\n<meta property=\"og:site_name\" content=\"L. M. White\" \/>\n<meta property=\"article:modified_time\" content=\"2025-04-26T15:54:28+00:00\" \/>\n<meta name=\"twitter:card\" content=\"summary_large_image\" \/>\n<meta name=\"twitter:label1\" content=\"Tiempo de lectura\" \/>\n\t<meta name=\"twitter:data1\" content=\"8 minutos\" \/>\n<script type=\"application\/ld+json\" class=\"yoast-schema-graph\">{\"@context\":\"https:\\\/\\\/schema.org\",\"@graph\":[{\"@type\":\"WebPage\",\"@id\":\"https:\\\/\\\/nuestrosescritores.com\\\/lmwhite\\\/\",\"url\":\"https:\\\/\\\/nuestrosescritores.com\\\/lmwhite\\\/\",\"name\":\"ESCRITORA - L. M. White\",\"isPartOf\":{\"@id\":\"https:\\\/\\\/nuestrosescritores.com\\\/lmwhite\\\/#website\"},\"datePublished\":\"2022-04-03T09:25:39+00:00\",\"dateModified\":\"2025-04-26T15:54:28+00:00\",\"description\":\"L.M.WHITE es la escritora del libro VUELA, SUE\u00d1A, VIVE. CR\u00d3NICAS DE UNA MENTE DESORDENADA. La escritora acaba de publicar un libro.\",\"breadcrumb\":{\"@id\":\"https:\\\/\\\/nuestrosescritores.com\\\/lmwhite\\\/#breadcrumb\"},\"inLanguage\":\"es\",\"potentialAction\":[{\"@type\":\"ReadAction\",\"target\":[\"https:\\\/\\\/nuestrosescritores.com\\\/lmwhite\\\/\"]}]},{\"@type\":\"BreadcrumbList\",\"@id\":\"https:\\\/\\\/nuestrosescritores.com\\\/lmwhite\\\/#breadcrumb\",\"itemListElement\":[{\"@type\":\"ListItem\",\"position\":1,\"name\":\"Portada\",\"item\":\"https:\\\/\\\/nuestrosescritores.com\\\/lmwhite\\\/\"},{\"@type\":\"ListItem\",\"position\":2,\"name\":\"ESCRITORA\"}]},{\"@type\":\"WebSite\",\"@id\":\"https:\\\/\\\/nuestrosescritores.com\\\/lmwhite\\\/#website\",\"url\":\"https:\\\/\\\/nuestrosescritores.com\\\/lmwhite\\\/\",\"name\":\"Nuestros escritores\",\"description\":\"Escritora\",\"potentialAction\":[{\"@type\":\"SearchAction\",\"target\":{\"@type\":\"EntryPoint\",\"urlTemplate\":\"https:\\\/\\\/nuestrosescritores.com\\\/lmwhite\\\/?s={search_term_string}\"},\"query-input\":{\"@type\":\"PropertyValueSpecification\",\"valueRequired\":true,\"valueName\":\"search_term_string\"}}],\"inLanguage\":\"es\"}]}<\/script>\n<!-- \/ Yoast SEO Premium plugin. -->","yoast_head_json":{"title":"ESCRITORA - L. M. White","description":"L.M.WHITE es la escritora del libro VUELA, SUE\u00d1A, VIVE. CR\u00d3NICAS DE UNA MENTE DESORDENADA. La escritora acaba de publicar un libro.","robots":{"index":"index","follow":"follow","max-snippet":"max-snippet:-1","max-image-preview":"max-image-preview:large","max-video-preview":"max-video-preview:-1"},"canonical":"https:\/\/nuestrosescritores.com\/lmwhite\/","og_locale":"es_ES","og_type":"article","og_title":"ESCRITORA","og_description":"L.M.WHITE es la escritora del libro VUELA, SUE\u00d1A, VIVE. CR\u00d3NICAS DE UNA MENTE DESORDENADA. La escritora acaba de publicar un libro.","og_url":"https:\/\/nuestrosescritores.com\/lmwhite\/","og_site_name":"L. M. White","article_modified_time":"2025-04-26T15:54:28+00:00","twitter_card":"summary_large_image","twitter_misc":{"Tiempo de lectura":"8 minutos"},"schema":{"@context":"https:\/\/schema.org","@graph":[{"@type":"WebPage","@id":"https:\/\/nuestrosescritores.com\/lmwhite\/","url":"https:\/\/nuestrosescritores.com\/lmwhite\/","name":"ESCRITORA - L. M. White","isPartOf":{"@id":"https:\/\/nuestrosescritores.com\/lmwhite\/#website"},"datePublished":"2022-04-03T09:25:39+00:00","dateModified":"2025-04-26T15:54:28+00:00","description":"L.M.WHITE es la escritora del libro VUELA, SUE\u00d1A, VIVE. CR\u00d3NICAS DE UNA MENTE DESORDENADA. La escritora acaba de publicar un libro.","breadcrumb":{"@id":"https:\/\/nuestrosescritores.com\/lmwhite\/#breadcrumb"},"inLanguage":"es","potentialAction":[{"@type":"ReadAction","target":["https:\/\/nuestrosescritores.com\/lmwhite\/"]}]},{"@type":"BreadcrumbList","@id":"https:\/\/nuestrosescritores.com\/lmwhite\/#breadcrumb","itemListElement":[{"@type":"ListItem","position":1,"name":"Portada","item":"https:\/\/nuestrosescritores.com\/lmwhite\/"},{"@type":"ListItem","position":2,"name":"ESCRITORA"}]},{"@type":"WebSite","@id":"https:\/\/nuestrosescritores.com\/lmwhite\/#website","url":"https:\/\/nuestrosescritores.com\/lmwhite\/","name":"Nuestros escritores","description":"Escritora","potentialAction":[{"@type":"SearchAction","target":{"@type":"EntryPoint","urlTemplate":"https:\/\/nuestrosescritores.com\/lmwhite\/?s={search_term_string}"},"query-input":{"@type":"PropertyValueSpecification","valueRequired":true,"valueName":"search_term_string"}}],"inLanguage":"es"}]}},"_links":{"self":[{"href":"https:\/\/nuestrosescritores.com\/lmwhite\/wp-json\/wp\/v2\/pages\/11","targetHints":{"allow":["GET"]}}],"collection":[{"href":"https:\/\/nuestrosescritores.com\/lmwhite\/wp-json\/wp\/v2\/pages"}],"about":[{"href":"https:\/\/nuestrosescritores.com\/lmwhite\/wp-json\/wp\/v2\/types\/page"}],"author":[{"embeddable":true,"href":"https:\/\/nuestrosescritores.com\/lmwhite\/wp-json\/wp\/v2\/users\/1"}],"replies":[{"embeddable":true,"href":"https:\/\/nuestrosescritores.com\/lmwhite\/wp-json\/wp\/v2\/comments?post=11"}],"version-history":[{"count":0,"href":"https:\/\/nuestrosescritores.com\/lmwhite\/wp-json\/wp\/v2\/pages\/11\/revisions"}],"wp:attachment":[{"href":"https:\/\/nuestrosescritores.com\/lmwhite\/wp-json\/wp\/v2\/media?parent=11"}],"curies":[{"name":"wp","href":"https:\/\/api.w.org\/{rel}","templated":true}]}}