{"id":11,"date":"2022-02-20T08:37:40","date_gmt":"2022-02-20T08:37:40","guid":{"rendered":"https:\/\/nuestrosescritores.com\/laurajondanmartinez\/?page_id=11"},"modified":"2022-02-20T12:03:39","modified_gmt":"2022-02-20T12:03:39","slug":"escritora","status":"publish","type":"page","link":"https:\/\/nuestrosescritores.com\/laurajondanmartinez\/","title":{"rendered":"Escritora"},"content":{"rendered":"<div class=\"wpb-content-wrapper\">[vc_row full_width=&#8221;stretch_row_content_no_spaces&#8221;][vc_column extend=&#8221;false&#8221;][layerslider_vc id=&#8221;1&#8243;][\/vc_column][\/vc_row][vc_row extend=&#8221;false&#8221; design__empty_1=&#8221;&#8221; background=&#8221;&#8221; background_image_type=&#8221;static&#8221; background_image__effect=&#8221;&#8221; bg_size=&#8221;initial&#8221; bg_position=&#8221;center-center&#8221; row_bg_image=&#8221;&#8221; bg_repeat=&#8221;no-repeat&#8221; background_image_type__bg_color=&#8221;rgba(255, 255, 255, 1)&#8221; row_bg_parallax_images=&#8221;&#8221; row_bg_slideshow_images=&#8221;&#8221; background_video_type=&#8221;youtube&#8221; background_video__youtube__url=&#8221;&#8221; background_video__youtube__parallax=&#8221;&#8221; background_video__youtube__options=&#8221;&#8221; background_video__youtube__fallback_image=&#8221;&#8221; background_video__hosted__mp4=&#8221;&#8221; background_video__hosted__webm=&#8221;&#8221; background_video__hosted__ogv=&#8221;&#8221; background_video__hosted__parallax=&#8221;&#8221; background_video__hosted__options=&#8221;&#8221; background_video__hosted__fallback_image=&#8221;&#8221; background_color_type=&#8221;color&#8221; bg__empty_1=&#8221;&#8221; background_color_type__gradient_color1=&#8221;rgba(44, 74, 228, 1)&#8221; background_color_type__gradient_color2=&#8221;rgba(44, 74, 228, 1)&#8221; background_color_type__color_color1=&#8221;rgba(44, 74, 228, 1)&#8221; bg__empty_2=&#8221;&#8221; background_color__effect=&#8221;&#8221; background_color__direction=&#8221;left-to-right&#8221; settings__tag_1=&#8221;&#8221; viewport_lg=&#8221;&#8221; viewport_md=&#8221;&#8221; viewport_sm=&#8221;&#8221; viewport_xs=&#8221;&#8221; settings__empty_1=&#8221;&#8221; version=&#8221;1&#8243;][vc_column width=&#8221;1\/2&#8243; extend=&#8221;false&#8221;]<div class=\"ult-content-box-container \" >\t\t<div class=\"ult-content-box\" style=\"background-color:rgba(255,255,255,0.49);box-shadow: px px 8px px #f2f2f2 none;border-style:none;-webkit-transition: all 700ms ease;-moz-transition: all 700ms ease;-ms-transition: all 700ms ease;-o-transition: all 700ms ease;transition: all 700ms ease;\"  data-hover_box_shadow=\"none\"     data-bg=\"rgba(255,255,255,0.49)\"  data-border_color=\"\" >[vc_column_text css=&#8221;.vc_custom_1645345878797{padding-top: 15% !important;padding-right: 15% !important;padding-bottom: 15% !important;padding-left: 15% !important;}&#8221;]Laura Jord\u00e1n es una joven valenciana nacida en 1999 con entusiasmo por la literatura desde peque\u00f1a. Lectora empedernida, empez\u00f3 a escribir con once a\u00f1os libros de narrativa, y ha sido concursante en algunos cert\u00e1menes de literatura a nivel nacional y de la Universitat de Val\u00e8ncia, universidad en la cual se gradu\u00f3 en Derecho. Durante sus a\u00f1os de instituto, cont\u00f3 con el apoyo de varios profesores que le ense\u00f1aron t\u00e9cnicas de escritura. A d\u00eda de hoy, Laura sigue escribiendo, leyendo y estudiando.<\/p>\n<span class='bctt-click-to-tweet'><span class='bctt-ctt-text'><a href='https:\/\/x.com\/intent\/tweet?url=https%3A%2F%2Fnuestrosescritores.com%2Flaurajondanmartinez%2F&#038;text=LAURA%20JORD%C3%81N%20MART%C3%8DNEZ.%20Escritora.&#038;related' target='_blank'rel=\"noopener noreferrer\">LAURA JORD\u00c1N MART\u00cdNEZ. Escritora. <\/a><\/span><a href='https:\/\/x.com\/intent\/tweet?url=https%3A%2F%2Fnuestrosescritores.com%2Flaurajondanmartinez%2F&#038;text=LAURA%20JORD%C3%81N%20MART%C3%8DNEZ.%20Escritora.&#038;related' target='_blank' class='bctt-ctt-btn'rel=\"noopener noreferrer\">Compartir en X<\/a><\/span>[\/vc_column_text]\t\t<\/div><\/div>[\/vc_column][vc_column width=&#8221;1\/2&#8243; extend=&#8221;false&#8221;]<div class=\"gambit_fullheight_row\" data-content-location=\"center\" style=\"display: none\"><\/div><div id=\"rowvcpt-row-settings\" class=\"rowvcpt-row-set RowVcPt-row-setting69e1a052bd064 \" data-no=\"RowVcPt-row-setting69e1a052bd064\"><div  id=\"bgGallaryslide69e1a052bd068\" class=\"rowvcpt-slideshow \"><\/div><script type=\"text\/javascript\">\n(function($) {\n$(\"#bgGallaryslide69e1a052bd068\").vegas({\n        overlay: \"https:\/\/nuestrosescritores.com\/laurajondanmartinez\/wp-content\/plugins\/ultimate-row-background\/css\/overlays\/0'.esc_attr(1.png).'\",\n        transitionDuration: 4e3,\n        delay: 7000,\n        slides: [{src: \"https:\/\/nuestrosescritores.com\/laurajondanmartinez\/wp-content\/uploads\/sites\/123\/2022\/02\/dwlyxmrnye8.jpg\",transition: \"fade2\",transitionDuration: 5000},{src: \"https:\/\/nuestrosescritores.com\/laurajondanmartinez\/wp-content\/uploads\/sites\/123\/2022\/02\/wbik_sq14g4.jpg\",transition: \"fade2\",transitionDuration: 5000},{src: \"https:\/\/nuestrosescritores.com\/laurajondanmartinez\/wp-content\/uploads\/sites\/123\/2022\/02\/gwp5otumjqq.jpg\",transition: \"fade2\",transitionDuration: 5000},{src: \"https:\/\/nuestrosescritores.com\/laurajondanmartinez\/wp-content\/uploads\/sites\/123\/2022\/02\/gyv7vmo6u7g.jpg\",transition: \"fade2\",transitionDuration: 5000},{src: \"https:\/\/nuestrosescritores.com\/laurajondanmartinez\/wp-content\/uploads\/sites\/123\/2022\/02\/b9tit0q6ocu.jpg\",transition: \"fade2\",transitionDuration: 5000},{src: \"https:\/\/nuestrosescritores.com\/laurajondanmartinez\/wp-content\/uploads\/sites\/123\/2022\/02\/fmgs4f9ftbu.jpg\",transition: \"fade2\",transitionDuration: 5000},{src: \"https:\/\/nuestrosescritores.com\/laurajondanmartinez\/wp-content\/uploads\/sites\/123\/2022\/02\/n7rebcmyzxi.jpg\",transition: \"fade2\",transitionDuration: 5000},{src: \"https:\/\/nuestrosescritores.com\/laurajondanmartinez\/wp-content\/uploads\/sites\/123\/2022\/02\/psauhtthmo.jpg\",transition: \"fade2\",transitionDuration: 5000},]\n    });\t\t\n})(jQuery);\n<\/script><div class=\"rowvcpt-overlay\" style=\"background:rgba(255,255,255,0.69)\"><\/div><\/div>[vc_single_image image=&#8221;49&#8243; img_size=&#8221;full&#8221; alignment=&#8221;center&#8221;][\/vc_column][\/vc_row][vc_row full_height=&#8221;yes&#8221; equal_height=&#8221;yes&#8221; content_placement=&#8221;middle&#8221; css_animation=&#8221;appear&#8221; css=&#8221;.vc_custom_1638093275611{background-position: center !important;background-repeat: no-repeat !important;background-size: cover !important;}&#8221;][vc_column extend=&#8221;false&#8221;]<div class=\"ult-spacer spacer-69e1a052beba6\" data-id=\"69e1a052beba6\" data-height=\"500\" data-height-mobile=\"500\" data-height-tab=\"500\" data-height-tab-portrait=\"\" data-height-mobile-landscape=\"\" style=\"clear:both;display:block;\"><\/div><div id=\"rowvcpt-row-settings\" class=\"rowvcpt-row-set RowVcPt-row-setting69e1a052bebc0 \" data-no=\"RowVcPt-row-setting69e1a052bebc0\"><div class=\"columns-bg-wrap columns-bg-anim-colors columns-bg-image  columns_simple_image\" id=\"RowVcPt-image-bg-69e1a052bebbf\"   data-parallax_sense=\"30\" src=\"https:\/\/nuestrosescritores.com\/laurajondanmartinez\/wp-content\/uploads\/sites\/123\/2022\/02\/rhawtiir-z0.jpg\" style=\"background-image: url(https:\/\/nuestrosescritores.com\/laurajondanmartinez\/wp-content\/uploads\/sites\/123\/2022\/02\/rhawtiir-z0.jpg);background-position: center center;background-size: cover;background-attachment: fixed;\"><\/div><\/div>[\/vc_column][\/vc_row][vc_row full_width=&#8221;stretch_row_content_no_spaces&#8221; full_height=&#8221;yes&#8221; content_placement=&#8221;middle&#8221;][vc_column extend=&#8221;false&#8221;]<div class=\"gambit_fullheight_row\" data-content-location=\"center\" style=\"display: none\"><\/div><div id=\"rowvcpt-row-settings\" class=\"rowvcpt-row-set RowVcPt-row-setting69e1a052bef30 \" data-no=\"RowVcPt-row-setting69e1a052bef30\"><div  id=\"bgGallaryslide69e1a052bef33\" class=\"rowvcpt-slideshow \"><\/div><script type=\"text\/javascript\">\n(function($) {\n$(\"#bgGallaryslide69e1a052bef33\").vegas({\n        overlay: \"https:\/\/nuestrosescritores.com\/laurajondanmartinez\/wp-content\/plugins\/ultimate-row-background\/css\/overlays\/0'.esc_attr(2.png).'\",\n        transitionDuration: 4e3,\n        delay: 7000,\n        slides: [{src: \"https:\/\/nuestrosescritores.com\/laurajondanmartinez\/wp-content\/uploads\/sites\/123\/2022\/02\/blmarqwkbns.jpg\",transition: \"fade2\",transitionDuration: 5000},{src: \"https:\/\/nuestrosescritores.com\/laurajondanmartinez\/wp-content\/uploads\/sites\/123\/2022\/02\/1pzp2dyxgcy.jpg\",transition: \"fade2\",transitionDuration: 5000},{src: \"https:\/\/nuestrosescritores.com\/laurajondanmartinez\/wp-content\/uploads\/sites\/123\/2022\/02\/5x3q55adhp8.jpg\",transition: \"fade2\",transitionDuration: 5000},{src: \"https:\/\/nuestrosescritores.com\/laurajondanmartinez\/wp-content\/uploads\/sites\/123\/2022\/02\/rhawtiir-z0.jpg\",transition: \"fade2\",transitionDuration: 5000},]\n    });\t\t\n})(jQuery);\n<\/script><div class=\"rowvcpt-overlay\" style=\"background:rgba(255,255,255,0.69)\"><\/div><\/div><div id=\"uvc-type-wrap-9119\"  data-ultimate-target='#uvc-type-wrap-9119'  data-responsive-json-new='{\"font-size\":\"\",\"line-height\":\"\"}'  class=\"uvc-type-wrap vc_custom_1645346144507 ult-adjust-bottom-margin ult-responsive  uvc-type-align-center uvc-type-no-prefix uvc-wrap-40120072869e1a052bf8d9\" style=\"text-align:center;\"><span id=\"typed-40120072869e1a052bf8d9\" class=\"ultimate-typed-main \" style=\" font-weight:bold; text-transform: unset;\"><\/span><script type=\"text\/javascript\">\n\t\t\t\t\t\tjQuery(function($){ \n\t\t\t\t\t\t\t$(document).ready(function(){\n\t\t\t\t\t\t\t\tif( typeof jQuery(\"#typed-40120072869e1a052bf8d9\").typed == \"function\"){\n\t\t\t\t\t\t\t\t\t$(\"#typed-40120072869e1a052bf8d9\").typed({\n\t\t\t\t\t\t\t\t\t\tstrings: [\"\u201cEl amor nos puede llegar a todos. Incluso a un rat\u00f3n. Incluso a un gato con botas\u201d.\"],\n\t\t\t\t\t\t\t\t\t\ttypeSpeed: 35,\n\t\t\t\t\t\t\t\t\t\tbackSpeed: 0,\n\t\t\t\t\t\t\t\t\t\tstartDelay: \"200\",\n\t\t\t\t\t\t\t\t\t\tbackDelay: \"1500\",\n\t\t\t\t\t\t\t\t\t\tloop: true,\n\t\t\t\t\t\t\t\t\t\tloopCount: false,\n\t\t\t\t\t\t\t\t\t\tshowCursor: true,\n\t\t\t\t\t\t\t\t\t\tcursorChar: \"|\",\n\t\t\t\t\t\t\t\t\t\tattr: null\n\t\t\t\t\t\t\t\t\t});\n\t\t\t\t\t\t\t\t}\n\t\t\t\t\t\t\t});\n\t\t\t\t\t\t});\n\t\t\t\t\t<\/script><\/div>[\/vc_column][\/vc_row][vc_row full_height=&#8221;yes&#8221; content_placement=&#8221;middle&#8221; parallax=&#8221;content-moving&#8221; parallax_image=&#8221;86&#8243; css_animation=&#8221;appear&#8221; bg_type=&#8221;image&#8221; css=&#8221;.vc_custom_1634746787147{background-image: url(https:\/\/nuestrosescritores.com\/tinahernandezherrero\/wp-content\/uploads\/sites\/107\/2021\/10\/TinaHernandezHerrero-Mediano.jpg?id=86) !important;}&#8221;][vc_column extend=&#8221;false&#8221;][vc_empty_space height=&#8221;150px&#8221;]<div id=\"rowvcpt-row-settings\" class=\"rowvcpt-row-set RowVcPt-row-setting69e1a052bfb5e \" data-no=\"RowVcPt-row-setting69e1a052bfb5e\"><div class=\"columns-bg-wrap columns-bg-anim-colors columns-bg-image  columns_simple_image\" id=\"RowVcPt-image-bg-69e1a052bfb5d\"   data-parallax_sense=\"30\" src=\"https:\/\/nuestrosescritores.com\/laurajondanmartinez\/wp-content\/uploads\/sites\/123\/2022\/02\/LauraJordan_Escritora.jpg\" style=\"background-image: url(https:\/\/nuestrosescritores.com\/laurajondanmartinez\/wp-content\/uploads\/sites\/123\/2022\/02\/LauraJordan_Escritora.jpg);background-position: center center;background-size: cover;background-attachment: fixed;\"><\/div><\/div>[vc_column_text]\n<p style=\"text-align: center;\"><a class=\"fasc-button fasc-size-xlarge fasc-type-glossy fasc-rounded-medium\" style=\"background-color: #48565c; color: #ffffff;\" href=\"https:\/\/librodepoesia.com\/libro\/me-olvide-de-un-raton-y-le-escribi-a-un-gato-con-botas-laura-jordan-martinez\/\">COMPRA SUS LIBROS<\/a><\/p>\n[\/vc_column_text][\/vc_column][\/vc_row][vc_row][vc_column]<div id=\"rowvcpt-row-settings\" class=\"rowvcpt-row-set RowVcPt-row-setting69e1a052bff00 \" data-no=\"RowVcPt-row-setting69e1a052bff00\"><div class=\"columns-bg-wrap columns-bg-anim-colors\" style=\"opacity: 1;background: -moz-linear-gradient(top, #e0e0e0 0%, #f7f7f7 100%);background: -webkit-gradient(linear, left top, left bottom, color-stop(0%,#e0e0e0), color-stop(100%,#f7f7f7));background: -webkit-linear-gradient(top, #e0e0e0 0%,#f7f7f7 100%);background: -o-linear-gradient(top, #e0e0e0 0%,#f7f7f7 100%);background: -ms-linear-gradient(top, #e0e0e0 0%,#f7f7f7 100%);background: linear-gradient(to bottom, #e0e0e0 0%,#f7f7f7 100%);\"><\/div><\/div>[vc_column_text css=&#8221;.vc_custom_1643365975895{padding-top: 5% !important;padding-right: 5% !important;padding-bottom: 5% !important;padding-left: 5% !important;background-color: rgba(206,206,206,0.01) !important;*background-color: rgb(206,206,206) !important;border-radius: 1px !important;}&#8221;]Esta p\u00e1gina web est\u00e1 realizada por el GRUPO EDITORIAL P\u00c9REZ-AYALA para el escritor LAURA JORD\u00c1N MART\u00cdNEZ porque acaba de publicar un libro en una de las siguientes editoriales de poes\u00eda:<br \/>\nEditorial Poes\u00eda eres t\u00fa: Una editorial para poetas contempor\u00e1neos, con un cat\u00e1logo diverso de las diferentes tendencias de la poes\u00eda.<br \/>\nEdiciones Rilke: Una colecci\u00f3n de poes\u00eda cl\u00e1sica con poetas contempor\u00e1neos de gran trayectoria.<br \/>\nEdiciones Azor\u00edn: Una editorial para escritores y temas de Alicante y Murcia, un sello regional a nivel nacional.<br \/>\nContamos tambi\u00e9n con editoriales de narrativa como Ediciones Amaniel y una editorial de autoedici\u00f3n como la Editorial Agencia del libro y un sistema de crowdfunding de libros para que los nuevos escritores puedan publicar un libro gratis.<br \/>\nInformaci\u00f3n tras publicar un libro: ME OLVID\u00c9 DE UN RAT\u00d3N Y LE ESCRIB\u00cd A UN GATO CON BOTAS de LAURA JORD\u00c1N MART\u00cdNEZ con la editorial de poes\u00eda Editorial Poes\u00eda eres t\u00fa.<br \/>\nLAURA JORD\u00c1N MART\u00cdNEZ logra publicar un libro de poes\u00eda, ME OLVID\u00c9 DE UN RAT\u00d3N Y LE ESCRIB\u00cd A UN GATO CON BOTAS, tras un proceso de selecci\u00f3n de obras con la Editorial Poes\u00eda eres t\u00fa.<br \/>\nTodos los derechos del libro ME OLVID\u00c9 DE UN RAT\u00d3N Y LE ESCRIB\u00cd A UN GATO CON BOTAS pertenecen a LAURA JORD\u00c1N MART\u00cdNEZ tras publicar un libro con la Editorial Poes\u00eda eres t\u00fa.<br \/>\nPublicar un libro de poes\u00eda como ME OLVID\u00c9 DE UN RAT\u00d3N Y LE ESCRIB\u00cd A UN GATO CON BOTAS de LAURA JORD\u00c1N MART\u00cdNEZ es posible gracias al trabajo de todo el equipo de la Editorial Poes\u00eda eres t\u00fa.<br \/>\nToda la promoci\u00f3n del libro ME OLVID\u00c9 DE UN RAT\u00d3N Y LE ESCRIB\u00cd A UN GATO CON BOTAS la puedes ver en la p\u00e1gina de la Editorial Poes\u00eda eres t\u00fa y en la web que la editorial le hace a LAURA JORD\u00c1N MART\u00cdNEZ tras publicar un libro.<br \/>\nLAURA JORD\u00c1N MART\u00cdNEZ agradece a la Editorial Poes\u00eda eres t\u00fa y la Agencia del libro por facilitar el trabajo de publicar un libro: ME OLVID\u00c9 DE UN RAT\u00d3N Y LE ESCRIB\u00cd A UN GATO CON BOTAS.<br \/>\nLa Editorial Poes\u00eda eres t\u00fa y LAURA JORD\u00c1N MART\u00cdNEZ agradecen la colaboraci\u00f3n de los poetas, que han conseguido publicar un libro, y lectores del libro ME OLVID\u00c9 DE UN RAT\u00d3N Y LE ESCRIB\u00cd A UN GATO CON BOTAS por su colaboraci\u00f3n en la promoci\u00f3n y difusi\u00f3n de la obra.[\/vc_column_text][\/vc_column][\/vc_row]\n<\/div>","protected":false},"excerpt":{"rendered":"<p>[vc_row full_width=&#8221;stretch_row_content_no_spaces&#8221;][vc_column extend=&#8221;false&#8221;][layerslider_vc id=&#8221;1&#8243;][\/vc_column][\/vc_row][vc_row extend=&#8221;false&#8221; design__empty_1=&#8221;&#8221; background=&#8221;&#8221; background_image_type=&#8221;static&#8221; background_image__effect=&#8221;&#8221; bg_size=&#8221;initial&#8221; bg_position=&#8221;center-center&#8221; row_bg_image=&#8221;&#8221; bg_repeat=&#8221;no-repeat&#8221; background_image_type__bg_color=&#8221;rgba(255, 255, 255, 1)&#8221; row_bg_parallax_images=&#8221;&#8221; row_bg_slideshow_images=&#8221;&#8221; background_video_type=&#8221;youtube&#8221; background_video__youtube__url=&#8221;&#8221; background_video__youtube__parallax=&#8221;&#8221; background_video__youtube__options=&#8221;&#8221; background_video__youtube__fallback_image=&#8221;&#8221; background_video__hosted__mp4=&#8221;&#8221; background_video__hosted__webm=&#8221;&#8221; background_video__hosted__ogv=&#8221;&#8221; background_video__hosted__parallax=&#8221;&#8221; background_video__hosted__options=&#8221;&#8221; background_video__hosted__fallback_image=&#8221;&#8221; background_color_type=&#8221;color&#8221; bg__empty_1=&#8221;&#8221; background_color_type__gradient_color1=&#8221;rgba(44, 74, 228, 1)&#8221; background_color_type__gradient_color2=&#8221;rgba(44, 74, 228, 1)&#8221; background_color_type__color_color1=&#8221;rgba(44, 74, 228, 1)&#8221; bg__empty_2=&#8221;&#8221; background_color__effect=&#8221;&#8221; background_color__direction=&#8221;left-to-right&#8221; settings__tag_1=&#8221;&#8221; viewport_lg=&#8221;&#8221; viewport_md=&#8221;&#8221; viewport_sm=&#8221;&#8221; viewport_xs=&#8221;&#8221; settings__empty_1=&#8221;&#8221; version=&#8221;1&#8243;][vc_column width=&#8221;1\/2&#8243; [&hellip;]<\/p>\n","protected":false},"author":1,"featured_media":0,"parent":0,"menu_order":0,"comment_status":"closed","ping_status":"closed","template":"","meta":{"_acf_changed":false,"footnotes":""},"class_list":["post-11","page","type-page","status-publish","hentry"],"acf":[],"yoast_head":"<!-- This site is optimized with the Yoast SEO Premium plugin v24.7 (Yoast SEO v27.4) - https:\/\/yoast.com\/product\/yoast-seo-premium-wordpress\/ -->\n<title>Escritora - Laura Jord\u00e1n Mart\u00ednez<\/title>\n<meta name=\"description\" content=\"LAURA JORD\u00c1N MART\u00cdNEZ es la escritora del libro de poes\u00eda ME OLVID\u00c9 DE UN RAT\u00d3N Y LE ESCRIB\u00cd A UN GATO CON BOTAS.\" \/>\n<meta name=\"robots\" content=\"index, follow, max-snippet:-1, max-image-preview:large, max-video-preview:-1\" \/>\n<link rel=\"canonical\" href=\"https:\/\/nuestrosescritores.com\/laurajondanmartinez\/\" \/>\n<meta property=\"og:locale\" content=\"es_ES\" \/>\n<meta property=\"og:type\" content=\"article\" \/>\n<meta property=\"og:title\" content=\"Escritora\" \/>\n<meta property=\"og:description\" content=\"LAURA JORD\u00c1N MART\u00cdNEZ es la escritora del libro de poes\u00eda ME OLVID\u00c9 DE UN RAT\u00d3N Y LE ESCRIB\u00cd A UN GATO CON BOTAS.\" \/>\n<meta property=\"og:url\" content=\"https:\/\/nuestrosescritores.com\/laurajondanmartinez\/\" \/>\n<meta property=\"og:site_name\" content=\"Laura Jord\u00e1n Mart\u00ednez\" \/>\n<meta property=\"article:modified_time\" content=\"2022-02-20T12:03:39+00:00\" \/>\n<meta name=\"twitter:card\" content=\"summary_large_image\" \/>\n<meta name=\"twitter:label1\" content=\"Tiempo de lectura\" \/>\n\t<meta name=\"twitter:data1\" content=\"4 minutos\" \/>\n<script type=\"application\/ld+json\" class=\"yoast-schema-graph\">{\"@context\":\"https:\\\/\\\/schema.org\",\"@graph\":[{\"@type\":\"WebPage\",\"@id\":\"https:\\\/\\\/nuestrosescritores.com\\\/laurajondanmartinez\\\/\",\"url\":\"https:\\\/\\\/nuestrosescritores.com\\\/laurajondanmartinez\\\/\",\"name\":\"Escritora - Laura Jord\u00e1n Mart\u00ednez\",\"isPartOf\":{\"@id\":\"https:\\\/\\\/nuestrosescritores.com\\\/laurajondanmartinez\\\/#website\"},\"datePublished\":\"2022-02-20T08:37:40+00:00\",\"dateModified\":\"2022-02-20T12:03:39+00:00\",\"description\":\"LAURA JORD\u00c1N MART\u00cdNEZ es la escritora del libro de poes\u00eda ME OLVID\u00c9 DE UN RAT\u00d3N Y LE ESCRIB\u00cd A UN GATO CON BOTAS.\",\"breadcrumb\":{\"@id\":\"https:\\\/\\\/nuestrosescritores.com\\\/laurajondanmartinez\\\/#breadcrumb\"},\"inLanguage\":\"es\",\"potentialAction\":[{\"@type\":\"ReadAction\",\"target\":[\"https:\\\/\\\/nuestrosescritores.com\\\/laurajondanmartinez\\\/\"]}]},{\"@type\":\"BreadcrumbList\",\"@id\":\"https:\\\/\\\/nuestrosescritores.com\\\/laurajondanmartinez\\\/#breadcrumb\",\"itemListElement\":[{\"@type\":\"ListItem\",\"position\":1,\"name\":\"Portada\",\"item\":\"https:\\\/\\\/nuestrosescritores.com\\\/laurajondanmartinez\\\/\"},{\"@type\":\"ListItem\",\"position\":2,\"name\":\"Escritora\"}]},{\"@type\":\"WebSite\",\"@id\":\"https:\\\/\\\/nuestrosescritores.com\\\/laurajondanmartinez\\\/#website\",\"url\":\"https:\\\/\\\/nuestrosescritores.com\\\/laurajondanmartinez\\\/\",\"name\":\"Nuestros escritores\",\"description\":\"Escritora\",\"potentialAction\":[{\"@type\":\"SearchAction\",\"target\":{\"@type\":\"EntryPoint\",\"urlTemplate\":\"https:\\\/\\\/nuestrosescritores.com\\\/laurajondanmartinez\\\/?s={search_term_string}\"},\"query-input\":{\"@type\":\"PropertyValueSpecification\",\"valueRequired\":true,\"valueName\":\"search_term_string\"}}],\"inLanguage\":\"es\"}]}<\/script>\n<!-- \/ Yoast SEO Premium plugin. -->","yoast_head_json":{"title":"Escritora - Laura Jord\u00e1n Mart\u00ednez","description":"LAURA JORD\u00c1N MART\u00cdNEZ es la escritora del libro de poes\u00eda ME OLVID\u00c9 DE UN RAT\u00d3N Y LE ESCRIB\u00cd A UN GATO CON BOTAS.","robots":{"index":"index","follow":"follow","max-snippet":"max-snippet:-1","max-image-preview":"max-image-preview:large","max-video-preview":"max-video-preview:-1"},"canonical":"https:\/\/nuestrosescritores.com\/laurajondanmartinez\/","og_locale":"es_ES","og_type":"article","og_title":"Escritora","og_description":"LAURA JORD\u00c1N MART\u00cdNEZ es la escritora del libro de poes\u00eda ME OLVID\u00c9 DE UN RAT\u00d3N Y LE ESCRIB\u00cd A UN GATO CON BOTAS.","og_url":"https:\/\/nuestrosescritores.com\/laurajondanmartinez\/","og_site_name":"Laura Jord\u00e1n Mart\u00ednez","article_modified_time":"2022-02-20T12:03:39+00:00","twitter_card":"summary_large_image","twitter_misc":{"Tiempo de lectura":"4 minutos"},"schema":{"@context":"https:\/\/schema.org","@graph":[{"@type":"WebPage","@id":"https:\/\/nuestrosescritores.com\/laurajondanmartinez\/","url":"https:\/\/nuestrosescritores.com\/laurajondanmartinez\/","name":"Escritora - Laura Jord\u00e1n Mart\u00ednez","isPartOf":{"@id":"https:\/\/nuestrosescritores.com\/laurajondanmartinez\/#website"},"datePublished":"2022-02-20T08:37:40+00:00","dateModified":"2022-02-20T12:03:39+00:00","description":"LAURA JORD\u00c1N MART\u00cdNEZ es la escritora del libro de poes\u00eda ME OLVID\u00c9 DE UN RAT\u00d3N Y LE ESCRIB\u00cd A UN GATO CON BOTAS.","breadcrumb":{"@id":"https:\/\/nuestrosescritores.com\/laurajondanmartinez\/#breadcrumb"},"inLanguage":"es","potentialAction":[{"@type":"ReadAction","target":["https:\/\/nuestrosescritores.com\/laurajondanmartinez\/"]}]},{"@type":"BreadcrumbList","@id":"https:\/\/nuestrosescritores.com\/laurajondanmartinez\/#breadcrumb","itemListElement":[{"@type":"ListItem","position":1,"name":"Portada","item":"https:\/\/nuestrosescritores.com\/laurajondanmartinez\/"},{"@type":"ListItem","position":2,"name":"Escritora"}]},{"@type":"WebSite","@id":"https:\/\/nuestrosescritores.com\/laurajondanmartinez\/#website","url":"https:\/\/nuestrosescritores.com\/laurajondanmartinez\/","name":"Nuestros escritores","description":"Escritora","potentialAction":[{"@type":"SearchAction","target":{"@type":"EntryPoint","urlTemplate":"https:\/\/nuestrosescritores.com\/laurajondanmartinez\/?s={search_term_string}"},"query-input":{"@type":"PropertyValueSpecification","valueRequired":true,"valueName":"search_term_string"}}],"inLanguage":"es"}]}},"_links":{"self":[{"href":"https:\/\/nuestrosescritores.com\/laurajondanmartinez\/wp-json\/wp\/v2\/pages\/11","targetHints":{"allow":["GET"]}}],"collection":[{"href":"https:\/\/nuestrosescritores.com\/laurajondanmartinez\/wp-json\/wp\/v2\/pages"}],"about":[{"href":"https:\/\/nuestrosescritores.com\/laurajondanmartinez\/wp-json\/wp\/v2\/types\/page"}],"author":[{"embeddable":true,"href":"https:\/\/nuestrosescritores.com\/laurajondanmartinez\/wp-json\/wp\/v2\/users\/1"}],"replies":[{"embeddable":true,"href":"https:\/\/nuestrosescritores.com\/laurajondanmartinez\/wp-json\/wp\/v2\/comments?post=11"}],"version-history":[{"count":0,"href":"https:\/\/nuestrosescritores.com\/laurajondanmartinez\/wp-json\/wp\/v2\/pages\/11\/revisions"}],"wp:attachment":[{"href":"https:\/\/nuestrosescritores.com\/laurajondanmartinez\/wp-json\/wp\/v2\/media?parent=11"}],"curies":[{"name":"wp","href":"https:\/\/api.w.org\/{rel}","templated":true}]}}