{"id":48,"date":"2021-06-06T11:02:17","date_gmt":"2021-06-06T11:02:17","guid":{"rendered":"https:\/\/nuestrosescritores.com\/kiriakaus\/?page_id=48"},"modified":"2021-06-06T11:39:02","modified_gmt":"2021-06-06T11:39:02","slug":"poesia","status":"publish","type":"page","link":"https:\/\/nuestrosescritores.com\/kiriakaus\/poesia\/","title":{"rendered":"POES\u00cdA"},"content":{"rendered":"<div class=\"wpb-content-wrapper\">[vc_row full_width=&#8221;stretch_row_content_no_spaces&#8221;][vc_column extend=&#8221;false&#8221;]<div class='gambit_parallax_row' data-bg-align='' data-direction='fixed' data-opacity='100' data-velocity='-0.3' data-mobile-enabled='' data-bg-height='1200' data-bg-width='800' data-bg-image='https:\/\/nuestrosescritores.com\/kiriakaus\/wp-content\/uploads\/sites\/93\/2021\/06\/8v1hcdunqii.jpg' data-bg-repeat='false' data-id='' style='display: none'><\/div><div class=\"gambit_fullheight_row\" data-content-location=\"center\" style=\"display: none\"><\/div>[\/vc_column][\/vc_row][vc_row][vc_column extend=&#8221;false&#8221;][vc_column_text]\n<h1>&nbsp;<\/h1>\n<h1><a name=\"_Toc69141032\"><\/a><\/h1>\n<h1><a name=\"_Toc69056907\"><\/a><\/h1>\n<p>LA CARACOLA DE MAR EN SUS MANOS SE ENCONTRABA PERDIDA, PUES NO ESCUCHABA EL VAIV\u00c9N DE LAS OLAS, LAS RISAS O AQUEL CRUJIR DE LAS PIEDRECITAS EN LA ARENA. SENT\u00cdA QUE LE ATRAVESABA LA ASINCRON\u00cdA DE TODO LO QUE ACECHABA.<\/p>\n<h1>\u00bfY si nada fuese verdad?<\/h1>\n<p>\u00bfy si el hoy fuese el luego?<br \/>\nNo tengas miedo, solo pi\u00e9nsalo. Algo tan descabellado como cierto.<\/p>\n<p>\u00bfQui\u00e9n dice blanco?, \u00bfqui\u00e9n dice negro?<br \/>\n\u00bfY si nada es verdad?, \u00bfy si todos estamos muertos?<\/p>\n<p>No tem\u00e1is a estos versos,<br \/>\npues lo que verdaderamente estremece son los sue\u00f1os p\u00e9treos.<\/p>\n<p>\u00bfQu\u00e9 habr\u00eda si alcanz\u00e1ramos nuestra espalda y arranc\u00e1ramos lo impuesto, para as\u00ed renacer?<\/p>\n<p>Entonces extender\u00edamos nuestras alas,<br \/>\nbrincar\u00edamos en un lapso, dejando olvidado el reloj en la pared.<\/p>\n<p>&nbsp;<\/p>\n<span class='bctt-click-to-tweet'><span class='bctt-ctt-text'><a href='https:\/\/x.com\/intent\/tweet?url=https%3A%2F%2Fnuestrosescritores.com%2Fkiriakaus%2Fpoesia%2F&#038;text=%C2%BFY%20si%20nada%20fuese%20verdad%3F%20del%20libro%20EL%20ENTRAMADO%20UT%C3%93PICO%20DE%20MIS%20CALLES%20de%20KIRIA%20KAUS&#038;via=poesiaerestu&#038;related=poesiaerestu' target='_blank'rel=\"noopener noreferrer\">\u00bfY si nada fuese verdad? del libro EL ENTRAMADO UT\u00d3PICO DE MIS CALLES de KIRIA KAUS <\/a><\/span><a href='https:\/\/x.com\/intent\/tweet?url=https%3A%2F%2Fnuestrosescritores.com%2Fkiriakaus%2Fpoesia%2F&#038;text=%C2%BFY%20si%20nada%20fuese%20verdad%3F%20del%20libro%20EL%20ENTRAMADO%20UT%C3%93PICO%20DE%20MIS%20CALLES%20de%20KIRIA%20KAUS&#038;via=poesiaerestu&#038;related=poesiaerestu' target='_blank' class='bctt-ctt-btn'rel=\"noopener noreferrer\">Compartir en X<\/a><\/span>[\/vc_column_text][\/vc_column][\/vc_row][vc_row full_width=&#8221;stretch_row_content_no_spaces&#8221;][vc_column extend=&#8221;false&#8221;]<div class='gambit_parallax_row' data-bg-align='' data-direction='fixed' data-opacity='100' data-velocity='-0.3' data-mobile-enabled='' data-bg-height='1067' data-bg-width='1600' data-bg-image='https:\/\/nuestrosescritores.com\/kiriakaus\/wp-content\/uploads\/sites\/93\/2021\/06\/iscydypbgbi.jpg' data-bg-repeat='false' data-id='' style='display: none'><\/div><div class=\"gambit_fullheight_row\" data-content-location=\"center\" style=\"display: none\"><\/div>[\/vc_column][\/vc_row][vc_row][vc_column extend=&#8221;false&#8221;][vc_column_text]\n<h1><a name=\"_Toc66730071\"><\/a><\/h1>\n<h1><a name=\"_Toc68806683\"><\/a><\/h1>\n<h1><a name=\"_Toc68808791\"><\/a><\/h1>\n<p>DESEO VIAJAR HACIA DONDE LOS SUE\u00d1OS ZARPAN. UN ACUERDO CON EL VAC\u00cdO, UN BILLETE HACIA LA ISLA DONDE NUNCA JAM\u00c1S SE OLVIDAR\u00c1N. ESCUCHAR EL ALETEO Y ACURRUCARME ENTRE LAS MARIPOSAS. VOLAR.<\/p>\n<h1>Hacia donde los sue\u00f1os zarpan<\/h1>\n<p>No es utop\u00eda ver tu alma reflejada en unos ojos que gritan ayuda.<br \/>\nNo es utop\u00eda ver que esa persona te sonr\u00ede y mece tu mano.<br \/>\nNo es utop\u00eda el zumbido de su risa al chocar en tu mente,<br \/>\nque inunde el pecho de ilusi\u00f3n y se arresten palabras.<br \/>\nNo es utop\u00eda&#8230; Cuando esos ojos se apagan para siempre&#8230;<\/p>\n<p>Hemos de ser sue\u00f1os, de zarpar junto a ellos.<\/p>\n<p>Por las miradas empapadas, por las agrietadas esperanzas y aquellas \u00ednfimas sonrisas que navegan contra la calma.<br \/>\nPor el aliento de las vidas que se apagan.<br \/>\nPor los anhelos que naufragan, que a la deriva se encuentran,<br \/>\nse balancean y se separan.<\/p>\n<p>Imaginemos ese mar hacia donde los sue\u00f1os zarpan.<br \/>\nLos creemos imposibles, fant\u00e1sticos o simplemente inservibles.<\/p>\n<p>\u00bfPero qu\u00e9 m\u00e1s da? Sin ellos no existir\u00eda esperanza.<\/p>\n<p>&nbsp;<\/p>\n<span class='bctt-click-to-tweet'><span class='bctt-ctt-text'><a href='https:\/\/x.com\/intent\/tweet?url=https%3A%2F%2Fnuestrosescritores.com%2Fkiriakaus%2Fpoesia%2F&#038;text=Hacia%20donde%20los%20sue%C3%B1os%20zarpan%20del%20libro%20EL%20ENTRAMADO%20UT%C3%93PICO%20DE%20MIS%20CALLES%20de%20KIRIA%20KAUS&#038;via=poesiaerestu&#038;related=poesiaerestu' target='_blank'rel=\"noopener noreferrer\">Hacia donde los sue\u00f1os zarpan del libro EL ENTRAMADO UT\u00d3PICO DE MIS CALLES de KIRIA KAUS <\/a><\/span><a href='https:\/\/x.com\/intent\/tweet?url=https%3A%2F%2Fnuestrosescritores.com%2Fkiriakaus%2Fpoesia%2F&#038;text=Hacia%20donde%20los%20sue%C3%B1os%20zarpan%20del%20libro%20EL%20ENTRAMADO%20UT%C3%93PICO%20DE%20MIS%20CALLES%20de%20KIRIA%20KAUS&#038;via=poesiaerestu&#038;related=poesiaerestu' target='_blank' class='bctt-ctt-btn'rel=\"noopener noreferrer\">Compartir en X<\/a><\/span>\n<p>&nbsp;<\/p>\n<p>&nbsp;[\/vc_column_text][\/vc_column][\/vc_row][vc_row][vc_column extend=&#8221;false&#8221;]<div class='gambit_parallax_row' data-bg-align='' data-direction='fixed' data-opacity='100' data-velocity='-0.3' data-mobile-enabled='' data-bg-height='1200' data-bg-width='800' data-bg-image='https:\/\/nuestrosescritores.com\/kiriakaus\/wp-content\/uploads\/sites\/93\/2021\/06\/ea4x5agpmtm.jpg' data-bg-repeat='false' data-id='' style='display: none'><\/div><div class=\"gambit_fullheight_row\" data-content-location=\"center\" style=\"display: none\"><\/div>[\/vc_column][\/vc_row][vc_row][vc_column extend=&#8221;false&#8221;][vc_column_text]\n<h1><a name=\"_Toc66730089\"><\/a><\/h1>\n<h1>&nbsp;<\/h1>\n<p>&nbsp;<\/p>\n<h1>&nbsp;<\/h1>\n<h1><a name=\"_Toc68806697\"><\/a><\/h1>\n<h1><a name=\"_Toc68808797\"><\/a><\/h1>\n<h1><a name=\"_Toc69056939\"><\/a><\/h1>\n<p>Aquel maravilloso momento en el resurgir de la historia. Esa que acallas entre el crepitar de la llama que todo lo inunda en la melanc\u00f3lica tempestiva noche y el trazo de un \u00c9RASE UNA VEZ tras el cual se suceden las horas.<\/p>\n<p>&nbsp;<\/p>\n<h1><a name=\"_Toc62554132\"><\/a><a name=\"_Toc64402236\"><\/a><a name=\"_Toc69670843\"><\/a><strong>Era, es y ser\u00e1<\/strong><\/h1>\n<p>&nbsp;<\/p>\n<p>\u00c9rase una vez un precioso lienzo.<\/p>\n<p>Su gama de colores danzaba.<\/p>\n<p>El pincel imploraba.<\/p>\n<p>El artista se maravillaba.<\/p>\n<p>Ante \u00e9l lo incierto.<\/p>\n<p>&nbsp;<\/p>\n<p>Verdes que acechaban.<\/p>\n<p>El azul atormentado se mantuvo expectativo.<\/p>\n<p>El rojo de sus labios, salt\u00f3 directo al vac\u00edo.<\/p>\n<p>Acantilados que, repletos de grises,<\/p>\n<p>abrazaron su carmes\u00ed encanto.<\/p>\n<p>Pues al final nos persuaden y nos demuestran que<\/p>\n<p>donde hay arco\u00edris se encuentra una reyerta.<\/p>\n<p>Diversidad atrevida y bella.<\/p>\n<p>Ah\u00ed se esconde la grandeza.<\/p>\n<p>&nbsp;<\/p>\n<p>No existe un \u00fanico negro<\/p>\n<p>ni perfectos violetas.<\/p>\n<p>Hay quienes no distinguen matices<\/p>\n<p>y a todo llaman color\u00edn o colorado.<\/p>\n<p>Pero no es el final del cuento.<\/p>\n<p>&nbsp;<\/p>\n<p>No importa la tonalidad que colorea tu paraguas.<\/p>\n<p>L\u00e1nzalo. Lluvia que emborrona tus pisadas.<\/p>\n<p>Y de paso, tus galas.<\/p>\n<p>Si todo fuera azul,<\/p>\n<p>nos inundar\u00eda la sorpresa<\/p>\n<p>al ver tus mejillas frescas.<\/p>\n<p>&nbsp;<\/p>\n<p>Vivimos una tragicomedia.<\/p>\n<p>Sue\u00f1os de acuarela que al despertar se esfuman.<\/p>\n<p>Desear alcanzar el amarillo y aceptar al magenta.<\/p>\n<p>L\u00e1grimas que se desprenden de un cielo que, aunque gris,<\/p>\n<p>llora por la verdad.<\/p>\n<p>&nbsp;<\/p>\n<p>\u00c9rase ese mundo que bailando jam\u00e1s se detiene.<\/p>\n<p>Con un \u00fanico deseo.<\/p>\n<p>Que los transparentes nos envuelvan.<\/p>\n<p>Pues carecen de diferencias.<\/p>\n<p>&nbsp;<\/p>\n<p>&nbsp;<\/p>\n<p>&nbsp;<\/p>\n<span class='bctt-click-to-tweet'><span class='bctt-ctt-text'><a href='https:\/\/x.com\/intent\/tweet?url=https%3A%2F%2Fnuestrosescritores.com%2Fkiriakaus%2Fpoesia%2F&#038;text=Era%2C%20es%20y%20ser%C3%A1%20del%20libro%20EL%20ENTRAMADO%20UT%C3%93PICO%20DE%20MIS%20CALLES%20de%20KIRIA%20KAUS&#038;via=poesiaerestu&#038;related=poesiaerestu' target='_blank'rel=\"noopener noreferrer\">Era, es y ser\u00e1 del libro EL ENTRAMADO UT\u00d3PICO DE MIS CALLES de KIRIA KAUS <\/a><\/span><a href='https:\/\/x.com\/intent\/tweet?url=https%3A%2F%2Fnuestrosescritores.com%2Fkiriakaus%2Fpoesia%2F&#038;text=Era%2C%20es%20y%20ser%C3%A1%20del%20libro%20EL%20ENTRAMADO%20UT%C3%93PICO%20DE%20MIS%20CALLES%20de%20KIRIA%20KAUS&#038;via=poesiaerestu&#038;related=poesiaerestu' target='_blank' class='bctt-ctt-btn'rel=\"noopener noreferrer\">Compartir en X<\/a><\/span>[\/vc_column_text][\/vc_column][\/vc_row][vc_row][vc_column extend=&#8221;false&#8221;]<div class='gambit_parallax_row' data-bg-align='' data-direction='fixed' data-opacity='100' data-velocity='-0.3' data-mobile-enabled='' data-bg-height='1200' data-bg-width='800' data-bg-image='https:\/\/nuestrosescritores.com\/kiriakaus\/wp-content\/uploads\/sites\/93\/2021\/06\/8badrq5tvky.jpg' data-bg-repeat='false' data-id='' style='display: none'><\/div><div class=\"gambit_fullheight_row\" data-content-location=\"center\" style=\"display: none\"><\/div>[\/vc_column][\/vc_row][vc_row][vc_column extend=&#8221;false&#8221;][vc_column_text]<a name=\"_Toc67933181\"><\/a>Somos extra\u00f1os,<\/p>\n<p>&nbsp;<\/p>\n<h1>&nbsp;<\/h1>\n<h1><a name=\"_Toc67238204\"><\/a><a name=\"_Toc68029894\"><\/a><\/h1>\n<h1><a name=\"_Toc68806707\"><\/a><\/h1>\n<h1><a name=\"_Toc68808799\"><\/a><\/h1>\n<p>La imagen que el reflejo le devolvi\u00f3, le cautiv\u00f3 como cada vez que vemos el atardecer. Nunca nos deja indiferentes. All\u00ed, recortado en el horizonte de la ciudad. Inalcanzable, ef\u00edmero, pero muy tuyo, muy m\u00edo, muy nuestro. ENAM\u00d3RATE.<\/p>\n<p>&nbsp;<\/p>\n<h1><a name=\"_Toc62554136\"><\/a><a name=\"_Toc64402240\"><\/a><a name=\"_Toc69670849\"><\/a><strong>Enamorar(te)<\/strong><\/h1>\n<p>&nbsp;<\/p>\n<p>De grises cicatrices nos conformamos.<\/p>\n<p>Los hilos del tiempo penden de ellas.<\/p>\n<p>Un pasado enredado.<\/p>\n<p>Un futuro incierto, fr\u00e1gil como el hielo.<\/p>\n<p>&nbsp;<\/p>\n<p>Enam\u00f3rate.<\/p>\n<p>De tus desperfectos.<\/p>\n<p>De los rincones de tus heridas. Dales besos.<\/p>\n<p>De los anhelos que respiras.<\/p>\n<p>De todo aquello que te defina.<\/p>\n<p>&nbsp;<\/p>\n<p>Abr\u00e1zate como si con tus dedos quisieras atrapar todo tu cuerpo. Y no olvidarte en nada.<\/p>\n<p>Olvida la oscuridad e incluso la luz \u2014a veces nos deslumbra y no deja ver esos hoyuelos\u2014.<\/p>\n<p>Revive a tu sonrisa. Boca a boca. Como en esas pel\u00edculas que no te definen, pero te hablan de amor. Permite a esa l\u00ednea, que habla de vida, ser la protagonista.<\/p>\n<p>&nbsp;<\/p>\n<p>Recuerda.<\/p>\n<p>Que son miles las hebras que nos desenlazan.<\/p>\n<p>Que, aunque mortal, la lucha es eterna.<\/p>\n<p>Y que tus cicatrices son hermosas. Mu\u00e9stralas, hazlas part\u00edcipes.<\/p>\n<p>&nbsp;<\/p>\n<p>&nbsp;<\/p>\n<span class='bctt-click-to-tweet'><span class='bctt-ctt-text'><a href='https:\/\/x.com\/intent\/tweet?url=https%3A%2F%2Fnuestrosescritores.com%2Fkiriakaus%2Fpoesia%2F&#038;text=Enamorar%28te%29%20del%20libro%20EL%20ENTRAMADO%20UT%C3%93PICO%20DE%20MIS%20CALLES%20de%20KIRIA%20KAUS&#038;via=poesiaerestu&#038;related=poesiaerestu' target='_blank'rel=\"noopener noreferrer\">Enamorar(te) del libro EL ENTRAMADO UT\u00d3PICO DE MIS CALLES de KIRIA KAUS <\/a><\/span><a href='https:\/\/x.com\/intent\/tweet?url=https%3A%2F%2Fnuestrosescritores.com%2Fkiriakaus%2Fpoesia%2F&#038;text=Enamorar%28te%29%20del%20libro%20EL%20ENTRAMADO%20UT%C3%93PICO%20DE%20MIS%20CALLES%20de%20KIRIA%20KAUS&#038;via=poesiaerestu&#038;related=poesiaerestu' target='_blank' class='bctt-ctt-btn'rel=\"noopener noreferrer\">Compartir en X<\/a><\/span>[\/vc_column_text][\/vc_column][\/vc_row][vc_row][vc_column extend=&#8221;false&#8221;]<div class='gambit_parallax_row' data-bg-align='' data-direction='fixed' data-opacity='100' data-velocity='-0.3' data-mobile-enabled='' data-bg-height='1200' data-bg-width='925' data-bg-image='https:\/\/nuestrosescritores.com\/kiriakaus\/wp-content\/uploads\/sites\/93\/2021\/06\/onhajuvqg-q.jpg' data-bg-repeat='false' data-id='' style='display: none'><\/div><div class=\"gambit_fullheight_row\" data-content-location=\"center\" style=\"display: none\"><\/div>[\/vc_column][\/vc_row][vc_row][vc_column extend=&#8221;false&#8221;][vc_column_text]\n<h1>&nbsp;<\/h1>\n<h1><a name=\"_Toc67238204\"><\/a><a name=\"_Toc68029894\"><\/a><\/h1>\n<h1><a name=\"_Toc68806714\"><\/a><\/h1>\n<h1><a name=\"_Toc69056972\"><\/a><\/h1>\n<p>La manecilla que gu\u00eda en la plaza del pueblo. El rasgado colch\u00f3n tan fino como un pa\u00f1uelo, no de hilo, aunque si es eco. UN TROCITO DE LAT\u00d3N descansa entre tus pies descalzos. Me recuerdan vida. Pero escuecen. Desgarrador regalo es el d\u00eda.<\/p>\n<p>&nbsp;<\/p>\n<h1><a name=\"_Toc62554131\"><\/a><a name=\"_Toc64402235\"><\/a><a name=\"_Toc69670848\"><\/a>Un trocito de lat\u00f3n<\/h1>\n<p>&nbsp;<\/p>\n<p>Un trocito de lat\u00f3n.<\/p>\n<p>Un entristecido colch\u00f3n.<\/p>\n<p>Rostro fortuito. Abrasador designio.<\/p>\n<p>&nbsp;<\/p>\n<p>Tras la espalda que descansa.<\/p>\n<p>Suelo ardiente de un agosto.<\/p>\n<p>&nbsp;<\/p>\n<p>El man\u00edaco que nos organiz\u00f3,<\/p>\n<p>olvid\u00f3 a los seres libres.<\/p>\n<p>Siempre ignorando. Esquivando.<\/p>\n<p>Fiel a su alienaci\u00f3n devota.<\/p>\n<p>&nbsp;<\/p>\n<p>No importan los colores,<\/p>\n<p>ni los rumores,<\/p>\n<p>ni el porqu\u00e9 del tintineo en el trocito de lat\u00f3n.<\/p>\n<p>&nbsp;<\/p>\n<p>Ser id\u00e9nticas mitades.<\/p>\n<p>La raz\u00f3n que corrompe nuestro coraz\u00f3n.<\/p>\n<p>&nbsp;<\/p>\n<p>Cuando a tu lado paso,<\/p>\n<p>con una sonrisa te obsequio.<\/p>\n<p>Que, aunque no es riqueza,<\/p>\n<p>es pura y alienta.<\/p>\n<p>&nbsp;<\/p>\n<p>Querido secuaz del desconcierto.<\/p>\n<p>Tu papel en esta obra.<\/p>\n<p>Merecida reverencia.<\/p>\n<p>&nbsp;<\/p>\n<p>Cual diente de le\u00f3n<\/p>\n<p>te enderezas.<\/p>\n<p>Aun desarmado crecen en ti maravillas.<\/p>\n<p>&nbsp;<\/p>\n<p>Ves la vida pasar.<\/p>\n<p>O eso dicen.<\/p>\n<p>Porque t\u00fa eres vida.<\/p>\n<p>&nbsp;<\/p>\n<p>Y mirando hacia tu techo celeste,<\/p>\n<p>miles de estrellas te observan.<\/p>\n<p>As\u00ed que sue\u00f1a.<\/p>\n<h1>Porque puede que alg\u00fan d\u00eda te entiendan.<\/h1>\n<p>&nbsp;<\/p>\n<span class='bctt-click-to-tweet'><span class='bctt-ctt-text'><a href='https:\/\/x.com\/intent\/tweet?url=https%3A%2F%2Fnuestrosescritores.com%2Fkiriakaus%2Fpoesia%2F&#038;text=Un%20trocito%20de%20lat%C3%B3n%C2%A0del%20libro%20EL%20ENTRAMADO%20UT%C3%93PICO%20DE%20MIS%20CALLES%20de%20KIRIA%20KAUS&#038;via=poesiaerestu&#038;related=poesiaerestu' target='_blank'rel=\"noopener noreferrer\">Un trocito de lat\u00f3n&nbsp;del libro EL ENTRAMADO UT\u00d3PICO DE MIS CALLES de KIRIA KAUS <\/a><\/span><a href='https:\/\/x.com\/intent\/tweet?url=https%3A%2F%2Fnuestrosescritores.com%2Fkiriakaus%2Fpoesia%2F&#038;text=Un%20trocito%20de%20lat%C3%B3n%C2%A0del%20libro%20EL%20ENTRAMADO%20UT%C3%93PICO%20DE%20MIS%20CALLES%20de%20KIRIA%20KAUS&#038;via=poesiaerestu&#038;related=poesiaerestu' target='_blank' class='bctt-ctt-btn'rel=\"noopener noreferrer\">Compartir en X<\/a><\/span>[\/vc_column_text][\/vc_column][\/vc_row][vc_row][vc_column extend=&#8221;false&#8221;]<div class='gambit_parallax_row' data-bg-align='' data-direction='fixed' data-opacity='100' data-velocity='-0.3' data-mobile-enabled='' data-bg-height='535' data-bg-width='1366' data-bg-image='https:\/\/nuestrosescritores.com\/kiriakaus\/wp-content\/uploads\/sites\/93\/2021\/06\/CrisitinaGarciaMolina_SSquare_Alargado-Mediano.png' data-bg-repeat='false' data-id='' style='display: none'><\/div><div class=\"gambit_fullheight_row\" data-content-location=\"center\" style=\"display: none\"><\/div>[vc_column_text]\n<p style=\"text-align: center;\"><a class=\"fasc-button fasc-size-xlarge fasc-type-glossy fasc-rounded-medium\" style=\"background-color: #33809e; color: #ffffff;\" href=\"https:\/\/librodepoesia.com\/producto\/el-entramado-utopico-de-mis-calles-kiria-kaus\/\">Comprar el libro<\/a><\/p>\n[\/vc_column_text][\/vc_column][\/vc_row]\n<\/div>","protected":false},"excerpt":{"rendered":"<p>[vc_row full_width=&#8221;stretch_row_content_no_spaces&#8221;][vc_column extend=&#8221;false&#8221;][\/vc_column][\/vc_row][vc_row][vc_column extend=&#8221;false&#8221;][vc_column_text] &nbsp; LA CARACOLA DE MAR EN SUS MANOS SE ENCONTRABA PERDIDA, PUES NO ESCUCHABA EL VAIV\u00c9N DE LAS OLAS, LAS RISAS O AQUEL CRUJIR DE LAS PIEDRECITAS EN LA ARENA. SENT\u00cdA QUE LE ATRAVESABA LA ASINCRON\u00cdA DE TODO LO QUE ACECHABA. \u00bfY si nada fuese verdad? \u00bfy si el hoy fuese [&hellip;]<\/p>\n","protected":false},"author":1,"featured_media":0,"parent":0,"menu_order":0,"comment_status":"closed","ping_status":"closed","template":"","meta":{"_acf_changed":false,"footnotes":""},"class_list":["post-48","page","type-page","status-publish","hentry"],"acf":[],"yoast_head":"<!-- This site is optimized with the Yoast SEO Premium plugin v24.7 (Yoast SEO v27.5) - https:\/\/yoast.com\/product\/yoast-seo-premium-wordpress\/ -->\n<title>POES\u00cdA - Kiria Kaus<\/title>\n<meta name=\"description\" content=\"Poes\u00eda del libro EL ENTRAMADO UT\u00d3PICO DE MIS CALLES la escritora KIRIA KAUS nos da una muestra tras publicar un libro de poes\u00eda con al Editorial Poes\u00eda eres t\u00fa en el a\u00f1o 2021.\" \/>\n<meta name=\"robots\" content=\"index, follow, max-snippet:-1, max-image-preview:large, max-video-preview:-1\" \/>\n<link rel=\"canonical\" href=\"https:\/\/nuestrosescritores.com\/kiriakaus\/poesia\/\" \/>\n<meta property=\"og:locale\" content=\"es_ES\" \/>\n<meta property=\"og:type\" content=\"article\" \/>\n<meta property=\"og:title\" content=\"POES\u00cdA\" \/>\n<meta property=\"og:description\" content=\"Poes\u00eda del libro EL ENTRAMADO UT\u00d3PICO DE MIS CALLES la escritora KIRIA KAUS nos da una muestra tras publicar un libro de poes\u00eda con al Editorial Poes\u00eda eres t\u00fa en el a\u00f1o 2021.\" \/>\n<meta property=\"og:url\" content=\"https:\/\/nuestrosescritores.com\/kiriakaus\/poesia\/\" \/>\n<meta property=\"og:site_name\" content=\"Kiria Kaus\" \/>\n<meta property=\"article:modified_time\" content=\"2021-06-06T11:39:02+00:00\" \/>\n<meta name=\"twitter:card\" content=\"summary_large_image\" \/>\n<meta name=\"twitter:label1\" content=\"Tiempo de lectura\" \/>\n\t<meta name=\"twitter:data1\" content=\"5 minutos\" \/>\n<script type=\"application\/ld+json\" class=\"yoast-schema-graph\">{\"@context\":\"https:\\\/\\\/schema.org\",\"@graph\":[{\"@type\":\"WebPage\",\"@id\":\"https:\\\/\\\/nuestrosescritores.com\\\/kiriakaus\\\/poesia\\\/\",\"url\":\"https:\\\/\\\/nuestrosescritores.com\\\/kiriakaus\\\/poesia\\\/\",\"name\":\"POES\u00cdA - Kiria Kaus\",\"isPartOf\":{\"@id\":\"https:\\\/\\\/nuestrosescritores.com\\\/kiriakaus\\\/#website\"},\"datePublished\":\"2021-06-06T11:02:17+00:00\",\"dateModified\":\"2021-06-06T11:39:02+00:00\",\"description\":\"Poes\u00eda del libro EL ENTRAMADO UT\u00d3PICO DE MIS CALLES la escritora KIRIA KAUS nos da una muestra tras publicar un libro de poes\u00eda con al Editorial Poes\u00eda eres t\u00fa en el a\u00f1o 2021.\",\"breadcrumb\":{\"@id\":\"https:\\\/\\\/nuestrosescritores.com\\\/kiriakaus\\\/poesia\\\/#breadcrumb\"},\"inLanguage\":\"es\",\"potentialAction\":[{\"@type\":\"ReadAction\",\"target\":[\"https:\\\/\\\/nuestrosescritores.com\\\/kiriakaus\\\/poesia\\\/\"]}]},{\"@type\":\"BreadcrumbList\",\"@id\":\"https:\\\/\\\/nuestrosescritores.com\\\/kiriakaus\\\/poesia\\\/#breadcrumb\",\"itemListElement\":[{\"@type\":\"ListItem\",\"position\":1,\"name\":\"Portada\",\"item\":\"https:\\\/\\\/nuestrosescritores.com\\\/kiriakaus\\\/\"},{\"@type\":\"ListItem\",\"position\":2,\"name\":\"POES\u00cdA\"}]},{\"@type\":\"WebSite\",\"@id\":\"https:\\\/\\\/nuestrosescritores.com\\\/kiriakaus\\\/#website\",\"url\":\"https:\\\/\\\/nuestrosescritores.com\\\/kiriakaus\\\/\",\"name\":\"Nuestros escritores\",\"description\":\"Escritora\",\"potentialAction\":[{\"@type\":\"SearchAction\",\"target\":{\"@type\":\"EntryPoint\",\"urlTemplate\":\"https:\\\/\\\/nuestrosescritores.com\\\/kiriakaus\\\/?s={search_term_string}\"},\"query-input\":{\"@type\":\"PropertyValueSpecification\",\"valueRequired\":true,\"valueName\":\"search_term_string\"}}],\"inLanguage\":\"es\"}]}<\/script>\n<!-- \/ Yoast SEO Premium plugin. -->","yoast_head_json":{"title":"POES\u00cdA - Kiria Kaus","description":"Poes\u00eda del libro EL ENTRAMADO UT\u00d3PICO DE MIS CALLES la escritora KIRIA KAUS nos da una muestra tras publicar un libro de poes\u00eda con al Editorial Poes\u00eda eres t\u00fa en el a\u00f1o 2021.","robots":{"index":"index","follow":"follow","max-snippet":"max-snippet:-1","max-image-preview":"max-image-preview:large","max-video-preview":"max-video-preview:-1"},"canonical":"https:\/\/nuestrosescritores.com\/kiriakaus\/poesia\/","og_locale":"es_ES","og_type":"article","og_title":"POES\u00cdA","og_description":"Poes\u00eda del libro EL ENTRAMADO UT\u00d3PICO DE MIS CALLES la escritora KIRIA KAUS nos da una muestra tras publicar un libro de poes\u00eda con al Editorial Poes\u00eda eres t\u00fa en el a\u00f1o 2021.","og_url":"https:\/\/nuestrosescritores.com\/kiriakaus\/poesia\/","og_site_name":"Kiria Kaus","article_modified_time":"2021-06-06T11:39:02+00:00","twitter_card":"summary_large_image","twitter_misc":{"Tiempo de lectura":"5 minutos"},"schema":{"@context":"https:\/\/schema.org","@graph":[{"@type":"WebPage","@id":"https:\/\/nuestrosescritores.com\/kiriakaus\/poesia\/","url":"https:\/\/nuestrosescritores.com\/kiriakaus\/poesia\/","name":"POES\u00cdA - Kiria Kaus","isPartOf":{"@id":"https:\/\/nuestrosescritores.com\/kiriakaus\/#website"},"datePublished":"2021-06-06T11:02:17+00:00","dateModified":"2021-06-06T11:39:02+00:00","description":"Poes\u00eda del libro EL ENTRAMADO UT\u00d3PICO DE MIS CALLES la escritora KIRIA KAUS nos da una muestra tras publicar un libro de poes\u00eda con al Editorial Poes\u00eda eres t\u00fa en el a\u00f1o 2021.","breadcrumb":{"@id":"https:\/\/nuestrosescritores.com\/kiriakaus\/poesia\/#breadcrumb"},"inLanguage":"es","potentialAction":[{"@type":"ReadAction","target":["https:\/\/nuestrosescritores.com\/kiriakaus\/poesia\/"]}]},{"@type":"BreadcrumbList","@id":"https:\/\/nuestrosescritores.com\/kiriakaus\/poesia\/#breadcrumb","itemListElement":[{"@type":"ListItem","position":1,"name":"Portada","item":"https:\/\/nuestrosescritores.com\/kiriakaus\/"},{"@type":"ListItem","position":2,"name":"POES\u00cdA"}]},{"@type":"WebSite","@id":"https:\/\/nuestrosescritores.com\/kiriakaus\/#website","url":"https:\/\/nuestrosescritores.com\/kiriakaus\/","name":"Nuestros escritores","description":"Escritora","potentialAction":[{"@type":"SearchAction","target":{"@type":"EntryPoint","urlTemplate":"https:\/\/nuestrosescritores.com\/kiriakaus\/?s={search_term_string}"},"query-input":{"@type":"PropertyValueSpecification","valueRequired":true,"valueName":"search_term_string"}}],"inLanguage":"es"}]}},"_links":{"self":[{"href":"https:\/\/nuestrosescritores.com\/kiriakaus\/wp-json\/wp\/v2\/pages\/48","targetHints":{"allow":["GET"]}}],"collection":[{"href":"https:\/\/nuestrosescritores.com\/kiriakaus\/wp-json\/wp\/v2\/pages"}],"about":[{"href":"https:\/\/nuestrosescritores.com\/kiriakaus\/wp-json\/wp\/v2\/types\/page"}],"author":[{"embeddable":true,"href":"https:\/\/nuestrosescritores.com\/kiriakaus\/wp-json\/wp\/v2\/users\/1"}],"replies":[{"embeddable":true,"href":"https:\/\/nuestrosescritores.com\/kiriakaus\/wp-json\/wp\/v2\/comments?post=48"}],"version-history":[{"count":0,"href":"https:\/\/nuestrosescritores.com\/kiriakaus\/wp-json\/wp\/v2\/pages\/48\/revisions"}],"wp:attachment":[{"href":"https:\/\/nuestrosescritores.com\/kiriakaus\/wp-json\/wp\/v2\/media?parent=48"}],"curies":[{"name":"wp","href":"https:\/\/api.w.org\/{rel}","templated":true}]}}