{"id":167,"date":"2025-09-14T21:09:10","date_gmt":"2025-09-14T19:09:10","guid":{"rendered":"https:\/\/nuestrosescritores.com\/kepafernandezdelarrinoa\/?page_id=167"},"modified":"2025-09-14T21:13:22","modified_gmt":"2025-09-14T19:13:22","slug":"poesias","status":"publish","type":"page","link":"https:\/\/nuestrosescritores.com\/kepafernandezdelarrinoa\/poesias\/","title":{"rendered":"POES\u00cdAS"},"content":{"rendered":"<div class=\"wpb-content-wrapper\">[vc_row full_width=&#8221;stretch_row_content_no_spaces&#8221;][vc_column extend=&#8221;false&#8221;]<div class='gambit_parallax_row' data-bg-align='' data-direction='fixed' data-opacity='100' data-velocity='-0.3' data-mobile-enabled='' data-bg-height='1024' data-bg-width='1536' data-bg-image='https:\/\/nuestrosescritores.com\/kepafernandezdelarrinoa\/wp-content\/uploads\/sites\/215\/2025\/09\/generated-image-37.webp' data-bg-repeat='false' data-id='' style='display: none'><\/div><div class=\"gambit_fullheight_row\" data-content-location=\"center\" style=\"display: none\"><\/div>[\/vc_column][\/vc_row][vc_row][vc_column extend=&#8221;false&#8221;][vc_column_text css=&#8221;.vc_custom_1757877146165{padding: 15% !important;}&#8221;]J\u00e1come se concibi\u00f3 como premonici\u00f3n:<\/p>\n<p>&nbsp;<\/p>\n<p>Os ensue\u00f1o en estos ojos afilados vueltos del rev\u00e9s<\/p>\n<p>pausados junto al cr\u00e1ter p\u00e9treo anunciante<\/p>\n<p>del \u00faltimo latido de la<\/p>\n<p>humanidad<\/p>\n<p>&nbsp;<\/p>\n<p>Os ensue\u00f1o en este oc\u00e9ano sin litoral<\/p>\n<p>en este desierto de grano terminal<\/p>\n<p>en esta inscripci\u00f3n nocturna<\/p>\n<p>sobre monta\u00f1as de hielo fugitivo<\/p>\n<p>&nbsp;<\/p>\n<p>&nbsp;<\/p>\n<p>Y anunci\u00f3 su visi\u00f3n:<\/p>\n<p>&nbsp;<\/p>\n<p>Primero fue el olmo<\/p>\n<p>siguieron los \u00e1lamos<\/p>\n<p>se instalaron pret\u00e9ritos y colosales<\/p>\n<p>abrieron boquetes en lo alto sus troncos<\/p>\n<p>de cortezas en origen ya estropeados<\/p>\n<p>&nbsp;<\/p>\n<p>Sin que se pueda saber c\u00f3mo<\/p>\n<p>arribaron r\u00edos<\/p>\n<p>se bifurcaron las corrientes<\/p>\n<p>se multiplicaron los ramales<\/p>\n<p>arrastraron aguas de fr\u00edo extremo<\/p>\n<p>se presentaron las nieves carb\u00f3nicas<\/p>\n<p>&nbsp;<\/p>\n<p>Un voluminoso febrero anunci\u00f3 su configuraci\u00f3n<\/p>\n<p>&nbsp;<\/p>\n<p>&nbsp;<\/p>\n<p>&nbsp;<\/p>\n<p>&nbsp;<\/p>\n<p>&nbsp;<\/p>\n<p>Primero fueron<\/p>\n<p>s\u00ed<\/p>\n<p>los olmos arcaicos y los vetustos \u00e1lamos blancos<\/p>\n<p>gordos de sed y cuesta abajo<\/p>\n<p>amontonados sobre cauces de infinito encapuchado<\/p>\n<p>de ramas vocalizadas<\/p>\n<p>&nbsp;<\/p>\n<p>Solo dos notas apartadas de lechuza t\u00edmida envuelta en este crep\u00fasculo de invierno endurecido se escucharon<\/p>\n<p>&nbsp;<\/p>\n<p>Olmos y \u00e1lamos junto a brutos torrentes de aguas l\u00edquidas y hondas<\/p>\n<p>sumidas bajo el hielo puro<\/p>\n<p>quebrado entre garras de ayuno negro<\/p>\n<p>se vieron<\/p>\n<p>&nbsp;<\/p>\n<p>No tard\u00f3 en enmudecer la garganta ante el latido envenenado del plomo reci\u00e9n reventado<\/p>\n<p>siempre bajo cero en un cuenco vigilante sin nido contra la<\/p>\n<p>nicotina humana<\/p>\n<p>insoportablemente recelosa de las termas de rad\u00f3n<\/p>\n<p>de las redes del cazador<\/p>\n<p>de los caminos encarnados en el miedo del oso al tufo matutino<\/p>\n<p>del bulldozer paliativo<\/p>\n<p>&nbsp;<\/p>\n<p>Tres cantores esquivos ulularon ecos de puesta de sol:<\/p>\n<p>&nbsp;<\/p>\n<p>A uno le dijeron Sim\u00f3n Buhu pues incorp\u00f3reo existi\u00f3<\/p>\n<p>hasta que lo anillaron<\/p>\n<p>A otro Sim\u00f3n Mutu pues<\/p>\n<p>call\u00f3 cuando lo emboscaron<\/p>\n<p>Al tercero Sim\u00f3n Itsu pues<\/p>\n<p>incr\u00e9dulo aguant\u00f3 las ataduras<\/p>\n<p>&nbsp;<\/p>\n<p>J\u00e1come muri\u00f3 tuberculoso y desmemoriado<\/p>\n<p>En su recuerdo recomendaron tallar sobre piedra venidera un<\/p>\n<p>epigrama inconcreto:<\/p>\n<p>&nbsp;<\/p>\n<p>Ese algo<\/p>\n<p>El algo<\/p>\n<p>&nbsp;<\/p>\n<p>Algo = inc\u00f3gnito<\/p>\n<p>Algo = duda<\/p>\n<p>Algo = previsi\u00f3n de finitud<\/p>\n<p>Algo = tinieblas de finitud<\/p>\n<p>Algo = \u2026 inicio\u2026 de finitud<\/p>\n<p>&nbsp;<\/p>\n<p>Ese algo<\/p>\n<p>El algo<\/p>\n<p>&nbsp;<\/p>\n<p>ALGO en la NADA<\/p>\n<p>NADA en la FINITUD del ALGO<\/p>\n<p>&nbsp;<\/p>\n<p>&nbsp;<\/p>\n<span class='bctt-click-to-tweet'><span class='bctt-ctt-text'><a href='https:\/\/x.com\/intent\/tweet?url=https%3A%2F%2Fnuestrosescritores.com%2Fkepafernandezdelarrinoa%2Fpoesias%2F&#038;text=J%C3%A1come%C2%A0del%20libro%20ESTOS%20OJOS%20AFILADOS%20de%20KEPA%20FERN%C3%81NDEZ%20DE%20LARRINOA&#038;via=poesiaerestu&#038;related=poesiaerestu' target='_blank'rel=\"noopener noreferrer\">J\u00e1come&nbsp;del libro ESTOS OJOS AFILADOS de KEPA FERN\u00c1NDEZ DE LARRINOA <\/a><\/span><a href='https:\/\/x.com\/intent\/tweet?url=https%3A%2F%2Fnuestrosescritores.com%2Fkepafernandezdelarrinoa%2Fpoesias%2F&#038;text=J%C3%A1come%C2%A0del%20libro%20ESTOS%20OJOS%20AFILADOS%20de%20KEPA%20FERN%C3%81NDEZ%20DE%20LARRINOA&#038;via=poesiaerestu&#038;related=poesiaerestu' target='_blank' class='bctt-ctt-btn'rel=\"noopener noreferrer\">Compartir en X<\/a><\/span>\n<p>&nbsp;[\/vc_column_text][\/vc_column][\/vc_row][vc_row full_width=&#8221;stretch_row_content_no_spaces&#8221;][vc_column extend=&#8221;false&#8221;]<div class='gambit_parallax_row' data-bg-align='' data-direction='fixed' data-opacity='100' data-velocity='-0.3' data-mobile-enabled='' data-bg-height='1024' data-bg-width='1536' data-bg-image='https:\/\/nuestrosescritores.com\/kepafernandezdelarrinoa\/wp-content\/uploads\/sites\/215\/2025\/09\/generated-image-36.webp' data-bg-repeat='false' data-id='' style='display: none'><\/div><div class=\"gambit_fullheight_row\" data-content-location=\"center\" style=\"display: none\"><\/div>[\/vc_column][\/vc_row][vc_row][vc_column extend=&#8221;false&#8221;][vc_column_text css=&#8221;.vc_custom_1757877157886{padding: 15% !important;}&#8221;]\n<h1><a name=\"_Toc50565515\"><\/a><\/h1>\n<p>Ciego de jam\u00e1s<\/p>\n<p>hable su acompa\u00f1ante<\/p>\n<p>despierte el adormecido<\/p>\n<p>acabe de amanecer<\/p>\n<p>&nbsp;<\/p>\n<p>Es temprano muy temprano para el chasquido de pedernal para la escucha de profec\u00edas<\/p>\n<p><em>&nbsp;<\/em><\/p>\n<p>Es temprano muy temprano para los augures sombr\u00edos para las f\u00e1bulas imprecisas<\/p>\n<p>para los duendes sangu\u00edneos<\/p>\n<p>&nbsp;<\/p>\n<p>Es temprano muy temprano para una partida de cartas<\/p>\n<p>para las alarmas<\/p>\n<p>para los demonios inmisericordes<\/p>\n<p>para doblegarse al silencio<\/p>\n<p>para reconocerse ante el limbo<\/p>\n<p>&nbsp;<\/p>\n<p>&nbsp;<\/p>\n<span class='bctt-click-to-tweet'><span class='bctt-ctt-text'><a href='https:\/\/x.com\/intent\/tweet?url=https%3A%2F%2Fnuestrosescritores.com%2Fkepafernandezdelarrinoa%2Fpoesias%2F&#038;text=Ciego%20de%20jam%C3%A1s%20del%20libro%20ESTOS%20OJOS%20AFILADOS%20de%20KEPA%20FERN%C3%81NDEZ%20DE%20LARRINOA&#038;via=poesiaerestu&#038;related=poesiaerestu' target='_blank'rel=\"noopener noreferrer\">Ciego de jam\u00e1s del libro ESTOS OJOS AFILADOS de KEPA FERN\u00c1NDEZ DE LARRINOA <\/a><\/span><a href='https:\/\/x.com\/intent\/tweet?url=https%3A%2F%2Fnuestrosescritores.com%2Fkepafernandezdelarrinoa%2Fpoesias%2F&#038;text=Ciego%20de%20jam%C3%A1s%20del%20libro%20ESTOS%20OJOS%20AFILADOS%20de%20KEPA%20FERN%C3%81NDEZ%20DE%20LARRINOA&#038;via=poesiaerestu&#038;related=poesiaerestu' target='_blank' class='bctt-ctt-btn'rel=\"noopener noreferrer\">Compartir en X<\/a><\/span>\n<p>&nbsp;<\/p>\n<p>&nbsp;[\/vc_column_text][\/vc_column][\/vc_row][vc_row][vc_column extend=&#8221;false&#8221;]<div class='gambit_parallax_row' data-bg-align='' data-direction='fixed' data-opacity='100' data-velocity='-0.3' data-mobile-enabled='' data-bg-height='1024' data-bg-width='1536' data-bg-image='https:\/\/nuestrosescritores.com\/kepafernandezdelarrinoa\/wp-content\/uploads\/sites\/215\/2025\/09\/generated-image-35.webp' data-bg-repeat='false' data-id='' style='display: none'><\/div><div class=\"gambit_fullheight_row\" data-content-location=\"center\" style=\"display: none\"><\/div>[\/vc_column][\/vc_row][vc_row][vc_column extend=&#8221;false&#8221;][vc_column_text css=&#8221;.vc_custom_1757877169619{padding: 15% !important;}&#8221;]\n<h1><a name=\"_Toc50565520\"><\/a><\/h1>\n<p>Las carnes fam\u00e9licas<\/p>\n<p>los prados calcinados<\/p>\n<p>el alba huidiza<\/p>\n<p>las hadas echadas<\/p>\n<p>una s\u00edlaba enardecida<\/p>\n<p>dos s\u00edlabas enardecidas<\/p>\n<p>una frase rara<\/p>\n<p>la mirada afilada<\/p>\n<p>&nbsp;<\/p>\n<p>&nbsp;<\/p>\n<p>&nbsp;<\/p>\n<p>&nbsp;<\/p>\n<p>&nbsp;<\/p>\n<span class='bctt-click-to-tweet'><span class='bctt-ctt-text'><a href='https:\/\/x.com\/intent\/tweet?url=https%3A%2F%2Fnuestrosescritores.com%2Fkepafernandezdelarrinoa%2Fpoesias%2F&#038;text=Las%20carnes%20fam%C3%A9licas%20del%20libro%20ESTOS%20OJOS%20AFILADOS%20de%20KEPA%20FERN%C3%81NDEZ%20DE%20LARRINOA&#038;via=poesiaerestu&#038;related=poesiaerestu' target='_blank'rel=\"noopener noreferrer\">Las carnes fam\u00e9licas del libro ESTOS OJOS AFILADOS de KEPA FERN\u00c1NDEZ DE LARRINOA <\/a><\/span><a href='https:\/\/x.com\/intent\/tweet?url=https%3A%2F%2Fnuestrosescritores.com%2Fkepafernandezdelarrinoa%2Fpoesias%2F&#038;text=Las%20carnes%20fam%C3%A9licas%20del%20libro%20ESTOS%20OJOS%20AFILADOS%20de%20KEPA%20FERN%C3%81NDEZ%20DE%20LARRINOA&#038;via=poesiaerestu&#038;related=poesiaerestu' target='_blank' class='bctt-ctt-btn'rel=\"noopener noreferrer\">Compartir en X<\/a><\/span>[\/vc_column_text][\/vc_column][\/vc_row][vc_row][vc_column extend=&#8221;false&#8221;]<div class='gambit_parallax_row' data-bg-align='' data-direction='fixed' data-opacity='100' data-velocity='-0.3' data-mobile-enabled='' data-bg-height='1024' data-bg-width='1536' data-bg-image='https:\/\/nuestrosescritores.com\/kepafernandezdelarrinoa\/wp-content\/uploads\/sites\/215\/2025\/09\/generated-image-33.webp' data-bg-repeat='false' data-id='' style='display: none'><\/div><div class=\"gambit_fullheight_row\" data-content-location=\"center\" style=\"display: none\"><\/div>[\/vc_column][\/vc_row][vc_row][vc_column extend=&#8221;false&#8221;][vc_column_text css=&#8221;.vc_custom_1757877179988{padding: 15% !important;}&#8221;]\n<h1><a name=\"_Toc50565535\"><\/a><\/h1>\n<p>La palabra<\/p>\n<p>perversa<\/p>\n<p>&nbsp;<\/p>\n<p>El grito<\/p>\n<p>desagregado<\/p>\n<p>&nbsp;<\/p>\n<p>La l\u00e1grima<\/p>\n<p>imantada<\/p>\n<p>&nbsp;<\/p>\n<p>El suspiro<\/p>\n<p>hundido<\/p>\n<p>&nbsp;<\/p>\n<p>Sacrificio en silencio<\/p>\n<p>&nbsp;<\/p>\n<p>Plegaria sin pensamiento<\/p>\n<p>&nbsp;<\/p>\n<span class='bctt-click-to-tweet'><span class='bctt-ctt-text'><a href='https:\/\/x.com\/intent\/tweet?url=https%3A%2F%2Fnuestrosescritores.com%2Fkepafernandezdelarrinoa%2Fpoesias%2F&#038;text=La%20palabra%20perversa%20del%20libro%20ESTOS%20OJOS%20AFILADOS%20de%20KEPA%20FERN%C3%81NDEZ%20DE%20LARRINOA&#038;via=poesiaerestu&#038;related=poesiaerestu' target='_blank'rel=\"noopener noreferrer\">La palabra perversa del libro ESTOS OJOS AFILADOS de KEPA FERN\u00c1NDEZ DE LARRINOA <\/a><\/span><a href='https:\/\/x.com\/intent\/tweet?url=https%3A%2F%2Fnuestrosescritores.com%2Fkepafernandezdelarrinoa%2Fpoesias%2F&#038;text=La%20palabra%20perversa%20del%20libro%20ESTOS%20OJOS%20AFILADOS%20de%20KEPA%20FERN%C3%81NDEZ%20DE%20LARRINOA&#038;via=poesiaerestu&#038;related=poesiaerestu' target='_blank' class='bctt-ctt-btn'rel=\"noopener noreferrer\">Compartir en X<\/a><\/span>[\/vc_column_text][\/vc_column][\/vc_row][vc_row][vc_column extend=&#8221;false&#8221;]<div class='gambit_parallax_row' data-bg-align='' data-direction='fixed' data-opacity='100' data-velocity='-0.3' data-mobile-enabled='' data-bg-height='1024' data-bg-width='1536' data-bg-image='https:\/\/nuestrosescritores.com\/kepafernandezdelarrinoa\/wp-content\/uploads\/sites\/215\/2025\/09\/generated-image-32.webp' data-bg-repeat='false' data-id='' style='display: none'><\/div><div class=\"gambit_fullheight_row\" data-content-location=\"center\" style=\"display: none\"><\/div>[\/vc_column][\/vc_row][vc_row][vc_column extend=&#8221;false&#8221;][vc_column_text css=&#8221;.vc_custom_1757877192252{padding: 15% !important;}&#8221;]\n<h1><a name=\"_Toc29236770\"><\/a><\/h1>\n<h1><a name=\"_Toc50565544\"><\/a><\/h1>\n<p>Oscuro<\/p>\n<p>&nbsp;<\/p>\n<p>Est\u00e1 oscuro<\/p>\n<p>los ojos se abren<\/p>\n<p>perdura la penumbra<\/p>\n<p>&nbsp;<\/p>\n<p>Ante un ni\u00f1o no amanece<\/p>\n<p>&nbsp;<\/p>\n<p>&nbsp;<\/p>\n<p>&nbsp;<\/p>\n<p>&nbsp;<\/p>\n<p>&nbsp;<\/p>\n<p>&nbsp;<\/p>\n<span class='bctt-click-to-tweet'><span class='bctt-ctt-text'><a href='https:\/\/x.com\/intent\/tweet?url=https%3A%2F%2Fnuestrosescritores.com%2Fkepafernandezdelarrinoa%2Fpoesias%2F&#038;text=Oscuro%20del%20libro%20ESTOS%20OJOS%20AFILADOS%20de%20KEPA%20FERN%C3%81NDEZ%20DE%20LARRINOA&#038;via=poesiaerestu&#038;related=poesiaerestu' target='_blank'rel=\"noopener noreferrer\">Oscuro del libro ESTOS OJOS AFILADOS de KEPA FERN\u00c1NDEZ DE LARRINOA <\/a><\/span><a href='https:\/\/x.com\/intent\/tweet?url=https%3A%2F%2Fnuestrosescritores.com%2Fkepafernandezdelarrinoa%2Fpoesias%2F&#038;text=Oscuro%20del%20libro%20ESTOS%20OJOS%20AFILADOS%20de%20KEPA%20FERN%C3%81NDEZ%20DE%20LARRINOA&#038;via=poesiaerestu&#038;related=poesiaerestu' target='_blank' class='bctt-ctt-btn'rel=\"noopener noreferrer\">Compartir en X<\/a><\/span>[\/vc_column_text][\/vc_column][\/vc_row][vc_row][vc_column extend=&#8221;false&#8221;]<div class='gambit_parallax_row' data-bg-align='' data-direction='fixed' data-opacity='100' data-velocity='-0.3' data-mobile-enabled='' data-bg-height='2560' data-bg-width='1818' data-bg-image='https:\/\/nuestrosescritores.com\/kepafernandezdelarrinoa\/wp-content\/uploads\/sites\/215\/2025\/09\/Imagen-portada-Editor_Enlarged-scaled.webp' data-bg-repeat='false' data-id='' style='display: none'><\/div><div class=\"gambit_fullheight_row\" data-content-location=\"center\" style=\"display: none\"><\/div>[vc_column_text css=&#8221;&#8221;]\n<p style=\"text-align: center;\"><a class=\"fasc-button fasc-size-xlarge fasc-type-glossy fasc-rounded-medium\" style=\"background-color: #33809e; color: #ffffff;\" href=\"https:\/\/gepa.es\/producto\/estos-ojos-afilados-kepa-fernandez-de-larrinoa\/\">Comprar el libro<\/a><\/p>\n[\/vc_column_text][\/vc_column][\/vc_row]\n<\/div>","protected":false},"excerpt":{"rendered":"<p>[vc_row full_width=&#8221;stretch_row_content_no_spaces&#8221;][vc_column extend=&#8221;false&#8221;][\/vc_column][\/vc_row][vc_row][vc_column extend=&#8221;false&#8221;][vc_column_text css=&#8221;.vc_custom_1757877146165{padding: 15% !important;}&#8221;]J\u00e1come se concibi\u00f3 como premonici\u00f3n: &nbsp; Os ensue\u00f1o en estos ojos afilados vueltos del rev\u00e9s pausados junto al cr\u00e1ter p\u00e9treo anunciante del \u00faltimo latido de la humanidad &nbsp; Os ensue\u00f1o en este oc\u00e9ano sin litoral en este desierto de grano terminal en esta inscripci\u00f3n nocturna sobre monta\u00f1as de hielo [&hellip;]<\/p>\n","protected":false},"author":1,"featured_media":103,"parent":0,"menu_order":0,"comment_status":"closed","ping_status":"closed","template":"","meta":{"_acf_changed":false,"footnotes":""},"class_list":["post-167","page","type-page","status-publish","has-post-thumbnail","hentry"],"acf":[],"yoast_head":"<!-- This site is optimized with the Yoast SEO Premium plugin v24.7 (Yoast SEO v27.5) - https:\/\/yoast.com\/product\/yoast-seo-premium-wordpress\/ -->\n<title>POES\u00cdAS - Kepa Fern\u00e1ndez de Larrinoa<\/title>\n<meta name=\"description\" content=\"Poes\u00edas del libro ESTOS OJOS AFILADOS. KEPA FERN\u00c1NDEZ DE LARRINOA nos da una muestra tras publicar su libro.\" \/>\n<meta name=\"robots\" content=\"index, follow, max-snippet:-1, max-image-preview:large, max-video-preview:-1\" \/>\n<link rel=\"canonical\" href=\"https:\/\/nuestrosescritores.com\/kepafernandezdelarrinoa\/poesias\/\" \/>\n<meta property=\"og:locale\" content=\"es_ES\" \/>\n<meta property=\"og:type\" content=\"article\" \/>\n<meta property=\"og:title\" content=\"POES\u00cdAS\" \/>\n<meta property=\"og:description\" content=\"Poes\u00edas del libro ESTOS OJOS AFILADOS. KEPA FERN\u00c1NDEZ DE LARRINOA nos da una muestra tras publicar su libro.\" \/>\n<meta property=\"og:url\" content=\"https:\/\/nuestrosescritores.com\/kepafernandezdelarrinoa\/poesias\/\" \/>\n<meta property=\"og:site_name\" content=\"Kepa Fern\u00e1ndez de Larrinoa\" \/>\n<meta property=\"article:modified_time\" content=\"2025-09-14T19:13:22+00:00\" \/>\n<meta property=\"og:image\" content=\"http:\/\/nuestrosescritores.com\/kepafernandezdelarrinoa\/wp-content\/uploads\/sites\/215\/2025\/09\/0_Portada_Estos-ojos-afilados.jpg\" \/>\n\t<meta property=\"og:image:width\" content=\"559\" \/>\n\t<meta property=\"og:image:height\" content=\"794\" \/>\n\t<meta property=\"og:image:type\" content=\"image\/jpeg\" \/>\n<meta name=\"twitter:card\" content=\"summary_large_image\" \/>\n<meta name=\"twitter:label1\" content=\"Tiempo de lectura\" \/>\n\t<meta name=\"twitter:data1\" content=\"5 minutos\" \/>\n<script type=\"application\/ld+json\" class=\"yoast-schema-graph\">{\"@context\":\"https:\\\/\\\/schema.org\",\"@graph\":[{\"@type\":\"WebPage\",\"@id\":\"https:\\\/\\\/nuestrosescritores.com\\\/kepafernandezdelarrinoa\\\/poesias\\\/\",\"url\":\"https:\\\/\\\/nuestrosescritores.com\\\/kepafernandezdelarrinoa\\\/poesias\\\/\",\"name\":\"POES\u00cdAS - Kepa Fern\u00e1ndez de Larrinoa\",\"isPartOf\":{\"@id\":\"https:\\\/\\\/nuestrosescritores.com\\\/kepafernandezdelarrinoa\\\/#website\"},\"primaryImageOfPage\":{\"@id\":\"https:\\\/\\\/nuestrosescritores.com\\\/kepafernandezdelarrinoa\\\/poesias\\\/#primaryimage\"},\"image\":{\"@id\":\"https:\\\/\\\/nuestrosescritores.com\\\/kepafernandezdelarrinoa\\\/poesias\\\/#primaryimage\"},\"thumbnailUrl\":\"https:\\\/\\\/nuestrosescritores.com\\\/kepafernandezdelarrinoa\\\/wp-content\\\/uploads\\\/sites\\\/215\\\/2025\\\/09\\\/0_Portada_Estos-ojos-afilados.jpg\",\"datePublished\":\"2025-09-14T19:09:10+00:00\",\"dateModified\":\"2025-09-14T19:13:22+00:00\",\"description\":\"Poes\u00edas del libro ESTOS OJOS AFILADOS. KEPA FERN\u00c1NDEZ DE LARRINOA nos da una muestra tras publicar su libro.\",\"breadcrumb\":{\"@id\":\"https:\\\/\\\/nuestrosescritores.com\\\/kepafernandezdelarrinoa\\\/poesias\\\/#breadcrumb\"},\"inLanguage\":\"es\",\"potentialAction\":[{\"@type\":\"ReadAction\",\"target\":[\"https:\\\/\\\/nuestrosescritores.com\\\/kepafernandezdelarrinoa\\\/poesias\\\/\"]}]},{\"@type\":\"ImageObject\",\"inLanguage\":\"es\",\"@id\":\"https:\\\/\\\/nuestrosescritores.com\\\/kepafernandezdelarrinoa\\\/poesias\\\/#primaryimage\",\"url\":\"https:\\\/\\\/nuestrosescritores.com\\\/kepafernandezdelarrinoa\\\/wp-content\\\/uploads\\\/sites\\\/215\\\/2025\\\/09\\\/0_Portada_Estos-ojos-afilados.jpg\",\"contentUrl\":\"https:\\\/\\\/nuestrosescritores.com\\\/kepafernandezdelarrinoa\\\/wp-content\\\/uploads\\\/sites\\\/215\\\/2025\\\/09\\\/0_Portada_Estos-ojos-afilados.jpg\",\"width\":559,\"height\":794},{\"@type\":\"BreadcrumbList\",\"@id\":\"https:\\\/\\\/nuestrosescritores.com\\\/kepafernandezdelarrinoa\\\/poesias\\\/#breadcrumb\",\"itemListElement\":[{\"@type\":\"ListItem\",\"position\":1,\"name\":\"Portada\",\"item\":\"https:\\\/\\\/nuestrosescritores.com\\\/kepafernandezdelarrinoa\\\/\"},{\"@type\":\"ListItem\",\"position\":2,\"name\":\"POES\u00cdAS\"}]},{\"@type\":\"WebSite\",\"@id\":\"https:\\\/\\\/nuestrosescritores.com\\\/kepafernandezdelarrinoa\\\/#website\",\"url\":\"https:\\\/\\\/nuestrosescritores.com\\\/kepafernandezdelarrinoa\\\/\",\"name\":\"Nuestros escritores\",\"description\":\"Escritor\",\"potentialAction\":[{\"@type\":\"SearchAction\",\"target\":{\"@type\":\"EntryPoint\",\"urlTemplate\":\"https:\\\/\\\/nuestrosescritores.com\\\/kepafernandezdelarrinoa\\\/?s={search_term_string}\"},\"query-input\":{\"@type\":\"PropertyValueSpecification\",\"valueRequired\":true,\"valueName\":\"search_term_string\"}}],\"inLanguage\":\"es\"}]}<\/script>\n<!-- \/ Yoast SEO Premium plugin. -->","yoast_head_json":{"title":"POES\u00cdAS - Kepa Fern\u00e1ndez de Larrinoa","description":"Poes\u00edas del libro ESTOS OJOS AFILADOS. KEPA FERN\u00c1NDEZ DE LARRINOA nos da una muestra tras publicar su libro.","robots":{"index":"index","follow":"follow","max-snippet":"max-snippet:-1","max-image-preview":"max-image-preview:large","max-video-preview":"max-video-preview:-1"},"canonical":"https:\/\/nuestrosescritores.com\/kepafernandezdelarrinoa\/poesias\/","og_locale":"es_ES","og_type":"article","og_title":"POES\u00cdAS","og_description":"Poes\u00edas del libro ESTOS OJOS AFILADOS. KEPA FERN\u00c1NDEZ DE LARRINOA nos da una muestra tras publicar su libro.","og_url":"https:\/\/nuestrosescritores.com\/kepafernandezdelarrinoa\/poesias\/","og_site_name":"Kepa Fern\u00e1ndez de Larrinoa","article_modified_time":"2025-09-14T19:13:22+00:00","og_image":[{"width":559,"height":794,"url":"http:\/\/nuestrosescritores.com\/kepafernandezdelarrinoa\/wp-content\/uploads\/sites\/215\/2025\/09\/0_Portada_Estos-ojos-afilados.jpg","type":"image\/jpeg"}],"twitter_card":"summary_large_image","twitter_misc":{"Tiempo de lectura":"5 minutos"},"schema":{"@context":"https:\/\/schema.org","@graph":[{"@type":"WebPage","@id":"https:\/\/nuestrosescritores.com\/kepafernandezdelarrinoa\/poesias\/","url":"https:\/\/nuestrosescritores.com\/kepafernandezdelarrinoa\/poesias\/","name":"POES\u00cdAS - Kepa Fern\u00e1ndez de Larrinoa","isPartOf":{"@id":"https:\/\/nuestrosescritores.com\/kepafernandezdelarrinoa\/#website"},"primaryImageOfPage":{"@id":"https:\/\/nuestrosescritores.com\/kepafernandezdelarrinoa\/poesias\/#primaryimage"},"image":{"@id":"https:\/\/nuestrosescritores.com\/kepafernandezdelarrinoa\/poesias\/#primaryimage"},"thumbnailUrl":"https:\/\/nuestrosescritores.com\/kepafernandezdelarrinoa\/wp-content\/uploads\/sites\/215\/2025\/09\/0_Portada_Estos-ojos-afilados.jpg","datePublished":"2025-09-14T19:09:10+00:00","dateModified":"2025-09-14T19:13:22+00:00","description":"Poes\u00edas del libro ESTOS OJOS AFILADOS. KEPA FERN\u00c1NDEZ DE LARRINOA nos da una muestra tras publicar su libro.","breadcrumb":{"@id":"https:\/\/nuestrosescritores.com\/kepafernandezdelarrinoa\/poesias\/#breadcrumb"},"inLanguage":"es","potentialAction":[{"@type":"ReadAction","target":["https:\/\/nuestrosescritores.com\/kepafernandezdelarrinoa\/poesias\/"]}]},{"@type":"ImageObject","inLanguage":"es","@id":"https:\/\/nuestrosescritores.com\/kepafernandezdelarrinoa\/poesias\/#primaryimage","url":"https:\/\/nuestrosescritores.com\/kepafernandezdelarrinoa\/wp-content\/uploads\/sites\/215\/2025\/09\/0_Portada_Estos-ojos-afilados.jpg","contentUrl":"https:\/\/nuestrosescritores.com\/kepafernandezdelarrinoa\/wp-content\/uploads\/sites\/215\/2025\/09\/0_Portada_Estos-ojos-afilados.jpg","width":559,"height":794},{"@type":"BreadcrumbList","@id":"https:\/\/nuestrosescritores.com\/kepafernandezdelarrinoa\/poesias\/#breadcrumb","itemListElement":[{"@type":"ListItem","position":1,"name":"Portada","item":"https:\/\/nuestrosescritores.com\/kepafernandezdelarrinoa\/"},{"@type":"ListItem","position":2,"name":"POES\u00cdAS"}]},{"@type":"WebSite","@id":"https:\/\/nuestrosescritores.com\/kepafernandezdelarrinoa\/#website","url":"https:\/\/nuestrosescritores.com\/kepafernandezdelarrinoa\/","name":"Nuestros escritores","description":"Escritor","potentialAction":[{"@type":"SearchAction","target":{"@type":"EntryPoint","urlTemplate":"https:\/\/nuestrosescritores.com\/kepafernandezdelarrinoa\/?s={search_term_string}"},"query-input":{"@type":"PropertyValueSpecification","valueRequired":true,"valueName":"search_term_string"}}],"inLanguage":"es"}]}},"_links":{"self":[{"href":"https:\/\/nuestrosescritores.com\/kepafernandezdelarrinoa\/wp-json\/wp\/v2\/pages\/167","targetHints":{"allow":["GET"]}}],"collection":[{"href":"https:\/\/nuestrosescritores.com\/kepafernandezdelarrinoa\/wp-json\/wp\/v2\/pages"}],"about":[{"href":"https:\/\/nuestrosescritores.com\/kepafernandezdelarrinoa\/wp-json\/wp\/v2\/types\/page"}],"author":[{"embeddable":true,"href":"https:\/\/nuestrosescritores.com\/kepafernandezdelarrinoa\/wp-json\/wp\/v2\/users\/1"}],"replies":[{"embeddable":true,"href":"https:\/\/nuestrosescritores.com\/kepafernandezdelarrinoa\/wp-json\/wp\/v2\/comments?post=167"}],"version-history":[{"count":0,"href":"https:\/\/nuestrosescritores.com\/kepafernandezdelarrinoa\/wp-json\/wp\/v2\/pages\/167\/revisions"}],"wp:featuredmedia":[{"embeddable":true,"href":"https:\/\/nuestrosescritores.com\/kepafernandezdelarrinoa\/wp-json\/wp\/v2\/media\/103"}],"wp:attachment":[{"href":"https:\/\/nuestrosescritores.com\/kepafernandezdelarrinoa\/wp-json\/wp\/v2\/media?parent=167"}],"curies":[{"name":"wp","href":"https:\/\/api.w.org\/{rel}","templated":true}]}}