{"id":7,"date":"2022-05-29T18:22:23","date_gmt":"2022-05-29T18:22:23","guid":{"rendered":"https:\/\/nuestrosescritores.com\/karenmarcosparamio\/?page_id=7"},"modified":"2022-05-30T10:12:50","modified_gmt":"2022-05-30T10:12:50","slug":"escritora","status":"publish","type":"page","link":"https:\/\/nuestrosescritores.com\/karenmarcosparamio\/","title":{"rendered":"Escritora"},"content":{"rendered":"<div class=\"wpb-content-wrapper\">[vc_row full_width=&#8221;stretch_row_content_no_spaces&#8221;][vc_column extend=&#8221;false&#8221;][layerslider_vc id=&#8221;1&#8243;][\/vc_column][\/vc_row][vc_row extend=&#8221;false&#8221; design__empty_1=&#8221;&#8221; background=&#8221;&#8221; background_image_type=&#8221;static&#8221; background_image__effect=&#8221;&#8221; bg_size=&#8221;initial&#8221; bg_position=&#8221;center-center&#8221; row_bg_image=&#8221;&#8221; bg_repeat=&#8221;no-repeat&#8221; background_image_type__bg_color=&#8221;rgba(255, 255, 255, 1)&#8221; row_bg_parallax_images=&#8221;&#8221; row_bg_slideshow_images=&#8221;&#8221; background_video_type=&#8221;youtube&#8221; background_video__youtube__url=&#8221;&#8221; background_video__youtube__parallax=&#8221;&#8221; background_video__youtube__options=&#8221;&#8221; background_video__youtube__fallback_image=&#8221;&#8221; background_video__hosted__mp4=&#8221;&#8221; background_video__hosted__webm=&#8221;&#8221; background_video__hosted__ogv=&#8221;&#8221; background_video__hosted__parallax=&#8221;&#8221; background_video__hosted__options=&#8221;&#8221; background_video__hosted__fallback_image=&#8221;&#8221; background_color_type=&#8221;color&#8221; bg__empty_1=&#8221;&#8221; background_color_type__gradient_color1=&#8221;rgba(44, 74, 228, 1)&#8221; background_color_type__gradient_color2=&#8221;rgba(44, 74, 228, 1)&#8221; background_color_type__color_color1=&#8221;rgba(44, 74, 228, 1)&#8221; bg__empty_2=&#8221;&#8221; background_color__effect=&#8221;&#8221; background_color__direction=&#8221;left-to-right&#8221; settings__tag_1=&#8221;&#8221; viewport_lg=&#8221;&#8221; viewport_md=&#8221;&#8221; viewport_sm=&#8221;&#8221; viewport_xs=&#8221;&#8221; settings__empty_1=&#8221;&#8221; version=&#8221;1&#8243;][vc_column width=&#8221;1\/2&#8243; extend=&#8221;false&#8221;]<div class=\"ult-content-box-container \" >\t\t<div class=\"ult-content-box\" style=\"background-color:rgba(255,255,255,0.49);box-shadow: px px 8px px #f2f2f2 none;border-style:none;-webkit-transition: all 700ms ease;-moz-transition: all 700ms ease;-ms-transition: all 700ms ease;-o-transition: all 700ms ease;transition: all 700ms ease;\"  data-hover_box_shadow=\"none\"     data-bg=\"rgba(255,255,255,0.49)\"  data-border_color=\"\" >[vc_column_text css=&#8221;.vc_custom_1653840371932{padding-top: 15% !important;padding-right: 15% !important;padding-bottom: 15% !important;padding-left: 15% !important;}&#8221;]Karen M. Paramio naci\u00f3 en Madrid en 1971. Durante sus estudios de ingenier\u00eda aeron\u00e1utica realiz\u00f3 pr\u00e1cticas en varias ciudades alemanas y desde 2001 reside en un pueblecito de Baviera. En la actualidad se dedica a la ense\u00f1anza de espa\u00f1ol para adultos, la literatura y la integraci\u00f3n de refugiados sirios y afganos. Es autora de la novela <em>Tres bailadores<\/em>, el libro de relatos <em>El amante afgano<\/em> y el blog karensmultikulti.wordpress.com, en el que se basa su libro <em>Multikulti<\/em>.<\/p>\n<p>&nbsp;<\/p>\n<p>&nbsp;<\/p>\n<p>&nbsp;<\/p>\n<span class='bctt-click-to-tweet'><span class='bctt-ctt-text'><a href='https:\/\/x.com\/intent\/tweet?url=https%3A%2F%2Fnuestrosescritores.com%2Fkarenmarcosparamio%2F&#038;text=%20KAREN%20M.%20PARAMIO.%20Escritor.&#038;related' target='_blank'rel=\"noopener noreferrer\"> KAREN M. PARAMIO. Escritor. <\/a><\/span><a href='https:\/\/x.com\/intent\/tweet?url=https%3A%2F%2Fnuestrosescritores.com%2Fkarenmarcosparamio%2F&#038;text=%20KAREN%20M.%20PARAMIO.%20Escritor.&#038;related' target='_blank' class='bctt-ctt-btn'rel=\"noopener noreferrer\">Compartir en X<\/a><\/span>[\/vc_column_text]\t\t<\/div><\/div>[\/vc_column][vc_column width=&#8221;1\/2&#8243; extend=&#8221;false&#8221;]<div class=\"gambit_fullheight_row\" data-content-location=\"center\" style=\"display: none\"><\/div><div id=\"rowvcpt-row-settings\" class=\"rowvcpt-row-set RowVcPt-row-setting69e74fa57a104 \" data-no=\"RowVcPt-row-setting69e74fa57a104\"><div  id=\"bgGallaryslide69e74fa57a109\" class=\"rowvcpt-slideshow \"><\/div><script type=\"text\/javascript\">\n(function($) {\n$(\"#bgGallaryslide69e74fa57a109\").vegas({\n        overlay: \"https:\/\/nuestrosescritores.com\/karenmarcosparamio\/wp-content\/plugins\/ultimate-row-background\/css\/overlays\/0'.esc_attr(1.png).'\",\n        transitionDuration: 4e3,\n        delay: 7000,\n        slides: [{src: \"https:\/\/nuestrosescritores.com\/karenmarcosparamio\/wp-content\/uploads\/sites\/131\/2022\/05\/xlhkkk2tkka.jpg\",transition: \"fade2\",transitionDuration: 5000},{src: \"https:\/\/nuestrosescritores.com\/karenmarcosparamio\/wp-content\/uploads\/sites\/131\/2022\/05\/dz4ij3v4-x4.jpg\",transition: \"fade2\",transitionDuration: 5000},{src: \"https:\/\/nuestrosescritores.com\/karenmarcosparamio\/wp-content\/uploads\/sites\/131\/2022\/05\/tvugl_rtvha.jpg\",transition: \"fade2\",transitionDuration: 5000},{src: \"https:\/\/nuestrosescritores.com\/karenmarcosparamio\/wp-content\/uploads\/sites\/131\/2022\/05\/535npq1wfg8.jpg\",transition: \"fade2\",transitionDuration: 5000},{src: \"https:\/\/nuestrosescritores.com\/karenmarcosparamio\/wp-content\/uploads\/sites\/131\/2022\/05\/1jbozwuw7si.jpg\",transition: \"fade2\",transitionDuration: 5000},]\n    });\t\t\n})(jQuery);\n<\/script><div class=\"rowvcpt-overlay\" style=\"background:rgba(255,255,255,0.69)\"><\/div><\/div>[vc_single_image image=&#8221;71&#8243; img_size=&#8221;full&#8221; alignment=&#8221;center&#8221;][\/vc_column][\/vc_row][vc_row full_height=&#8221;yes&#8221; equal_height=&#8221;yes&#8221; content_placement=&#8221;middle&#8221; css_animation=&#8221;appear&#8221; css=&#8221;.vc_custom_1638093275611{background-position: center !important;background-repeat: no-repeat !important;background-size: cover !important;}&#8221;][vc_column extend=&#8221;false&#8221;]<div class=\"ult-spacer spacer-69e74fa57aff0\" data-id=\"69e74fa57aff0\" data-height=\"500\" data-height-mobile=\"500\" data-height-tab=\"500\" data-height-tab-portrait=\"\" data-height-mobile-landscape=\"\" style=\"clear:both;display:block;\"><\/div><div id=\"rowvcpt-row-settings\" class=\"rowvcpt-row-set RowVcPt-row-setting69e74fa57b011 \" data-no=\"RowVcPt-row-setting69e74fa57b011\"><div class=\"columns-bg-wrap columns-bg-anim-colors columns-bg-image  columns_simple_image\" id=\"RowVcPt-image-bg-69e74fa57b010\"   data-parallax_sense=\"30\" src=\"https:\/\/nuestrosescritores.com\/karenmarcosparamio\/wp-content\/uploads\/sites\/131\/2022\/05\/bbq15bncpcc.jpg\" style=\"background-image: url(https:\/\/nuestrosescritores.com\/karenmarcosparamio\/wp-content\/uploads\/sites\/131\/2022\/05\/bbq15bncpcc.jpg);background-position: center center;background-size: cover;background-attachment: fixed;\"><\/div><\/div>[\/vc_column][\/vc_row][vc_row full_width=&#8221;stretch_row_content_no_spaces&#8221; full_height=&#8221;yes&#8221; content_placement=&#8221;middle&#8221;][vc_column extend=&#8221;false&#8221;]<div class=\"gambit_fullheight_row\" data-content-location=\"center\" style=\"display: none\"><\/div><div id=\"rowvcpt-row-settings\" class=\"rowvcpt-row-set RowVcPt-row-setting69e74fa57b303 \" data-no=\"RowVcPt-row-setting69e74fa57b303\"><div  id=\"bgGallaryslide69e74fa57b306\" class=\"rowvcpt-slideshow \"><\/div><script type=\"text\/javascript\">\n(function($) {\n$(\"#bgGallaryslide69e74fa57b306\").vegas({\n        overlay: \"https:\/\/nuestrosescritores.com\/karenmarcosparamio\/wp-content\/plugins\/ultimate-row-background\/css\/overlays\/0'.esc_attr(2.png).'\",\n        transitionDuration: 4e3,\n        delay: 7000,\n        slides: [{src: \"https:\/\/nuestrosescritores.com\/karenmarcosparamio\/wp-content\/uploads\/sites\/131\/2022\/05\/lyla3qixfjm.jpg\",transition: \"fade2\",transitionDuration: 5000},{src: \"https:\/\/nuestrosescritores.com\/karenmarcosparamio\/wp-content\/uploads\/sites\/131\/2022\/05\/rdvqrpky2ti.jpg\",transition: \"fade2\",transitionDuration: 5000},{src: \"https:\/\/nuestrosescritores.com\/karenmarcosparamio\/wp-content\/uploads\/sites\/131\/2022\/05\/koqna0a0yzo.jpg\",transition: \"fade2\",transitionDuration: 5000},{src: \"https:\/\/nuestrosescritores.com\/karenmarcosparamio\/wp-content\/uploads\/sites\/131\/2022\/05\/tbcsgmao4pq.jpg\",transition: \"fade2\",transitionDuration: 5000},]\n    });\t\t\n})(jQuery);\n<\/script><div class=\"rowvcpt-overlay\" style=\"background:rgba(255,255,255,0.69)\"><\/div><\/div><div id=\"uvc-type-wrap-5167\"  data-ultimate-target='#uvc-type-wrap-5167'  data-responsive-json-new='{\"font-size\":\"\",\"line-height\":\"\"}'  class=\"uvc-type-wrap vc_custom_1653848470539 ult-adjust-bottom-margin ult-responsive  uvc-type-align-center uvc-type-no-prefix uvc-wrap-161888522369e74fa57be88\" style=\"text-align:center;\"><span id=\"typed-161888522369e74fa57be88\" class=\"ultimate-typed-main \" style=\" font-weight:bold; text-transform: unset;\"><\/span><script type=\"text\/javascript\">\n\t\t\t\t\t\tjQuery(function($){ \n\t\t\t\t\t\t\t$(document).ready(function(){\n\t\t\t\t\t\t\t\tif( typeof jQuery(\"#typed-161888522369e74fa57be88\").typed == \"function\"){\n\t\t\t\t\t\t\t\t\t$(\"#typed-161888522369e74fa57be88\").typed({\n\t\t\t\t\t\t\t\t\t\tstrings: [\"El joven Marcos Aguirre tiene el don de pasar desapercibido en los momentos desagradables, por ejemplo, cuando sus hermanos buscan camorra. \u00a1Qu\u00e9 alivio! Claro que eso significa tambi\u00e9n ser ignorado con frecuencia en las dem\u00e1s circunstancias de la vida, por lo que tener amigos, buscar novia o encontrar trabajo suponen para \u00e9l toda una aventura. No es de extra\u00f1ar entonces que Marcos tenga muchas historias que contar al respecto, mientras viaja por Centroeuropa tratando de esquivar a su n\u00e9mesis.\",\"El hombre que pasaba desapercibido es una novela fresca y amena y, al mismo tiempo, un entretenido compendio de relatos sobre diversas facetas del alma humana.\"],\n\t\t\t\t\t\t\t\t\t\ttypeSpeed: 35,\n\t\t\t\t\t\t\t\t\t\tbackSpeed: 0,\n\t\t\t\t\t\t\t\t\t\tstartDelay: \"200\",\n\t\t\t\t\t\t\t\t\t\tbackDelay: \"1500\",\n\t\t\t\t\t\t\t\t\t\tloop: true,\n\t\t\t\t\t\t\t\t\t\tloopCount: false,\n\t\t\t\t\t\t\t\t\t\tshowCursor: true,\n\t\t\t\t\t\t\t\t\t\tcursorChar: \"|\",\n\t\t\t\t\t\t\t\t\t\tattr: null\n\t\t\t\t\t\t\t\t\t});\n\t\t\t\t\t\t\t\t}\n\t\t\t\t\t\t\t});\n\t\t\t\t\t\t});\n\t\t\t\t\t<\/script><\/div>[\/vc_column][\/vc_row][vc_row full_height=&#8221;yes&#8221; content_placement=&#8221;middle&#8221; parallax=&#8221;content-moving&#8221; parallax_image=&#8221;86&#8243; css_animation=&#8221;appear&#8221; bg_type=&#8221;image&#8221; css=&#8221;.vc_custom_1634746787147{background-image: url(https:\/\/nuestrosescritores.com\/tinahernandezherrero\/wp-content\/uploads\/sites\/107\/2021\/10\/TinaHernandezHerrero-Mediano.jpg?id=86) !important;}&#8221;][vc_column extend=&#8221;false&#8221;][vc_empty_space height=&#8221;150px&#8221;]<div id=\"rowvcpt-row-settings\" class=\"rowvcpt-row-set RowVcPt-row-setting69e74fa57c13f \" data-no=\"RowVcPt-row-setting69e74fa57c13f\"><div class=\"columns-bg-wrap columns-bg-anim-colors columns-bg-image  columns_simple_image\" id=\"RowVcPt-image-bg-69e74fa57c13e\"   data-parallax_sense=\"30\" src=\"https:\/\/nuestrosescritores.com\/karenmarcosparamio\/wp-content\/uploads\/sites\/131\/2022\/05\/KM_Paramio_22-SSquareAlargado-Mediano.jpg\" style=\"background-image: url(https:\/\/nuestrosescritores.com\/karenmarcosparamio\/wp-content\/uploads\/sites\/131\/2022\/05\/KM_Paramio_22-SSquareAlargado-Mediano.jpg);background-position: center center;background-size: cover;background-attachment: fixed;\"><\/div><\/div>[vc_column_text]\n<p style=\"text-align: center;\"><a class=\"fasc-button fasc-size-xlarge fasc-type-glossy fasc-rounded-medium\" style=\"background-color: #2b3336; color: #ffffff;\" href=\"https:\/\/libreria.ws\/?s=karen\">COMPRA SUS LIBROS<\/a><\/p>\n[\/vc_column_text][\/vc_column][\/vc_row][vc_row][vc_column]<div id=\"rowvcpt-row-settings\" class=\"rowvcpt-row-set RowVcPt-row-setting69e74fa57c41d \" data-no=\"RowVcPt-row-setting69e74fa57c41d\"><div class=\"columns-bg-wrap columns-bg-anim-colors\" style=\"opacity: 1;background: -moz-linear-gradient(top, #e0e0e0 0%, #f7f7f7 100%);background: -webkit-gradient(linear, left top, left bottom, color-stop(0%,#e0e0e0), color-stop(100%,#f7f7f7));background: -webkit-linear-gradient(top, #e0e0e0 0%,#f7f7f7 100%);background: -o-linear-gradient(top, #e0e0e0 0%,#f7f7f7 100%);background: -ms-linear-gradient(top, #e0e0e0 0%,#f7f7f7 100%);background: linear-gradient(to bottom, #e0e0e0 0%,#f7f7f7 100%);\"><\/div><\/div>[vc_column_text css=&#8221;.vc_custom_1643365975895{padding-top: 5% !important;padding-right: 5% !important;padding-bottom: 5% !important;padding-left: 5% !important;background-color: rgba(206,206,206,0.01) !important;*background-color: rgb(206,206,206) !important;border-radius: 1px !important;}&#8221;]Esta p\u00e1gina web est\u00e1 realizada por el GRUPO EDITORIAL P\u00c9REZ-AYALA para el escritor KAREN M. PARAMIO porque acaba de publicar un libro en una de las siguientes <a href=\"https:\/\/editorialesdepoesia.com\">editoriales de poes\u00eda<\/a>:<br \/>\n<a href=\"https:\/\/poesiaerestu.com\">Editorial Poes\u00eda eres t\u00fa<\/a>: Una editorial para poetas contempor\u00e1neos, con un cat\u00e1logo diverso de las diferentes tendencias de la poes\u00eda.<br \/>\n<a href=\"https:\/\/edicionesrilke.com\">Ediciones Rilke<\/a>: Una colecci\u00f3n de poes\u00eda cl\u00e1sica con poetas contempor\u00e1neos de gran trayectoria.<br \/>\n<a href=\"https:\/\/edicionesazorin.com\">Ediciones Azor\u00edn<\/a>: Una editorial para escritores y temas de Alicante y Murcia, un sello regional a nivel nacional.<br \/>\nContamos tambi\u00e9n con editoriales de narrativa como <a href=\"https:\/\/edicionesamaniel.com\">Ediciones Amaniel<\/a> y una editorial de autoedici\u00f3n como la <a href=\"https:\/\/agenciadellibro.com\">Editorial Agencia del libro<\/a> y un sistema de <a href=\"https:\/\/crowdfundingdelibros.com\">crowdfunding de libros<\/a> para que los nuevos escritores puedan <a href=\"https:\/\/crowdfundingdelibros.com\/\">publicar un libro gratis<\/a>.<br \/>\nInformaci\u00f3n tras publicar un libro: Tres bailadores, El amante afgano, Multikulti, El hombre que pasaba desapercibido de KAREN M. PARAMIO con la editorial Ediciones Amaniel.<br \/>\nKAREN M. PARAMIO logra publicar un libro, Tres bailadores, El amante afgano, Multikulti, El hombre que pasaba desapercibido, tras un proceso de selecci\u00f3n de obras con la Editorial Ediciones Amaniel.<br \/>\nTodos los derechos del libro Tres bailadores, El amante afgano, Multikulti, El hombre que pasaba desapercibido pertenecen a KAREN M. PARAMIO tras publicar un libro con la Editorial Ediciones Amaniel.<br \/>\nPublicar un libro de poes\u00eda como Tres bailadores, El amante afgano, Multikulti, El hombre que pasaba desapercibido de KAREN M. PARAMIO es posible gracias al trabajo de todo el equipo de la Editorial Ediciones Amaniel.<br \/>\nToda la promoci\u00f3n del libro Tres bailadores, El amante afgano, Multikulti, El hombre que pasaba desapercibido la puedes ver en la p\u00e1gina de la Editorial Ediciones Amaniel y en la web que la editorial le hace a KAREN M. PARAMIO tras publicar un libro.<br \/>\nKAREN M. PARAMIO agradece a la Editorial Ediciones Amaniel y la Agencia del libro por facilitar el trabajo de <a href=\"https:\/\/agenciadellibro.com\">publicar un libro<\/a>: Tres bailadores, El amante afgano, Multikulti, El hombre que pasaba desapercibido.<br \/>\nLa Editorial Ediciones Amaniel y KAREN M. PARAMIO agradecen la colaboraci\u00f3n de los poetas, que han conseguido publicar un libro, y lectores del libro Tres bailadores, El amante afgano, Multikulti, El hombre que pasaba desapercibido por su colaboraci\u00f3n en la promoci\u00f3n y difusi\u00f3n de la obra.[\/vc_column_text][\/vc_column][\/vc_row]\n<\/div>","protected":false},"excerpt":{"rendered":"<p>[vc_row full_width=&#8221;stretch_row_content_no_spaces&#8221;][vc_column extend=&#8221;false&#8221;][layerslider_vc id=&#8221;1&#8243;][\/vc_column][\/vc_row][vc_row extend=&#8221;false&#8221; design__empty_1=&#8221;&#8221; background=&#8221;&#8221; background_image_type=&#8221;static&#8221; background_image__effect=&#8221;&#8221; bg_size=&#8221;initial&#8221; bg_position=&#8221;center-center&#8221; row_bg_image=&#8221;&#8221; bg_repeat=&#8221;no-repeat&#8221; background_image_type__bg_color=&#8221;rgba(255, 255, 255, 1)&#8221; row_bg_parallax_images=&#8221;&#8221; row_bg_slideshow_images=&#8221;&#8221; background_video_type=&#8221;youtube&#8221; background_video__youtube__url=&#8221;&#8221; background_video__youtube__parallax=&#8221;&#8221; background_video__youtube__options=&#8221;&#8221; background_video__youtube__fallback_image=&#8221;&#8221; background_video__hosted__mp4=&#8221;&#8221; background_video__hosted__webm=&#8221;&#8221; background_video__hosted__ogv=&#8221;&#8221; background_video__hosted__parallax=&#8221;&#8221; background_video__hosted__options=&#8221;&#8221; background_video__hosted__fallback_image=&#8221;&#8221; background_color_type=&#8221;color&#8221; bg__empty_1=&#8221;&#8221; background_color_type__gradient_color1=&#8221;rgba(44, 74, 228, 1)&#8221; background_color_type__gradient_color2=&#8221;rgba(44, 74, 228, 1)&#8221; background_color_type__color_color1=&#8221;rgba(44, 74, 228, 1)&#8221; bg__empty_2=&#8221;&#8221; background_color__effect=&#8221;&#8221; background_color__direction=&#8221;left-to-right&#8221; settings__tag_1=&#8221;&#8221; viewport_lg=&#8221;&#8221; viewport_md=&#8221;&#8221; viewport_sm=&#8221;&#8221; viewport_xs=&#8221;&#8221; settings__empty_1=&#8221;&#8221; version=&#8221;1&#8243;][vc_column width=&#8221;1\/2&#8243; [&hellip;]<\/p>\n","protected":false},"author":1,"featured_media":0,"parent":0,"menu_order":0,"comment_status":"closed","ping_status":"closed","template":"","meta":{"_acf_changed":false,"footnotes":""},"class_list":["post-7","page","type-page","status-publish","hentry"],"acf":[],"yoast_head":"<!-- This site is optimized with the Yoast SEO Premium plugin v24.7 (Yoast SEO v27.4) - https:\/\/yoast.com\/product\/yoast-seo-premium-wordpress\/ -->\n<title>Escritora - Karen Marcos Paramio<\/title>\n<meta name=\"description\" content=\"Keren M. Paramio es la escritora de los libros Tres bailadores, El amante afgano, Multikulti, El hombre que pasaba desapercibido.\" \/>\n<meta name=\"robots\" content=\"index, follow, max-snippet:-1, max-image-preview:large, max-video-preview:-1\" \/>\n<link rel=\"canonical\" href=\"https:\/\/nuestrosescritores.com\/karenmarcosparamio\/\" \/>\n<meta property=\"og:locale\" content=\"es_ES\" \/>\n<meta property=\"og:type\" content=\"article\" \/>\n<meta property=\"og:title\" content=\"Escritora\" \/>\n<meta property=\"og:description\" content=\"Keren M. Paramio es la escritora de los libros Tres bailadores, El amante afgano, Multikulti, El hombre que pasaba desapercibido.\" \/>\n<meta property=\"og:url\" content=\"https:\/\/nuestrosescritores.com\/karenmarcosparamio\/\" \/>\n<meta property=\"og:site_name\" content=\"Karen Marcos Paramio\" \/>\n<meta property=\"article:modified_time\" content=\"2022-05-30T10:12:50+00:00\" \/>\n<meta name=\"twitter:card\" content=\"summary_large_image\" \/>\n<meta name=\"twitter:label1\" content=\"Tiempo de lectura\" \/>\n\t<meta name=\"twitter:data1\" content=\"4 minutos\" \/>\n<script type=\"application\/ld+json\" class=\"yoast-schema-graph\">{\"@context\":\"https:\\\/\\\/schema.org\",\"@graph\":[{\"@type\":\"WebPage\",\"@id\":\"https:\\\/\\\/nuestrosescritores.com\\\/karenmarcosparamio\\\/\",\"url\":\"https:\\\/\\\/nuestrosescritores.com\\\/karenmarcosparamio\\\/\",\"name\":\"Escritora - Karen Marcos Paramio\",\"isPartOf\":{\"@id\":\"https:\\\/\\\/nuestrosescritores.com\\\/karenmarcosparamio\\\/#website\"},\"datePublished\":\"2022-05-29T18:22:23+00:00\",\"dateModified\":\"2022-05-30T10:12:50+00:00\",\"description\":\"Keren M. Paramio es la escritora de los libros Tres bailadores, El amante afgano, Multikulti, El hombre que pasaba desapercibido.\",\"breadcrumb\":{\"@id\":\"https:\\\/\\\/nuestrosescritores.com\\\/karenmarcosparamio\\\/#breadcrumb\"},\"inLanguage\":\"es\",\"potentialAction\":[{\"@type\":\"ReadAction\",\"target\":[\"https:\\\/\\\/nuestrosescritores.com\\\/karenmarcosparamio\\\/\"]}]},{\"@type\":\"BreadcrumbList\",\"@id\":\"https:\\\/\\\/nuestrosescritores.com\\\/karenmarcosparamio\\\/#breadcrumb\",\"itemListElement\":[{\"@type\":\"ListItem\",\"position\":1,\"name\":\"Portada\",\"item\":\"https:\\\/\\\/nuestrosescritores.com\\\/karenmarcosparamio\\\/\"},{\"@type\":\"ListItem\",\"position\":2,\"name\":\"Escritora\"}]},{\"@type\":\"WebSite\",\"@id\":\"https:\\\/\\\/nuestrosescritores.com\\\/karenmarcosparamio\\\/#website\",\"url\":\"https:\\\/\\\/nuestrosescritores.com\\\/karenmarcosparamio\\\/\",\"name\":\"Nuestros escritores\",\"description\":\"Escritora\",\"potentialAction\":[{\"@type\":\"SearchAction\",\"target\":{\"@type\":\"EntryPoint\",\"urlTemplate\":\"https:\\\/\\\/nuestrosescritores.com\\\/karenmarcosparamio\\\/?s={search_term_string}\"},\"query-input\":{\"@type\":\"PropertyValueSpecification\",\"valueRequired\":true,\"valueName\":\"search_term_string\"}}],\"inLanguage\":\"es\"}]}<\/script>\n<!-- \/ Yoast SEO Premium plugin. -->","yoast_head_json":{"title":"Escritora - Karen Marcos Paramio","description":"Keren M. Paramio es la escritora de los libros Tres bailadores, El amante afgano, Multikulti, El hombre que pasaba desapercibido.","robots":{"index":"index","follow":"follow","max-snippet":"max-snippet:-1","max-image-preview":"max-image-preview:large","max-video-preview":"max-video-preview:-1"},"canonical":"https:\/\/nuestrosescritores.com\/karenmarcosparamio\/","og_locale":"es_ES","og_type":"article","og_title":"Escritora","og_description":"Keren M. Paramio es la escritora de los libros Tres bailadores, El amante afgano, Multikulti, El hombre que pasaba desapercibido.","og_url":"https:\/\/nuestrosescritores.com\/karenmarcosparamio\/","og_site_name":"Karen Marcos Paramio","article_modified_time":"2022-05-30T10:12:50+00:00","twitter_card":"summary_large_image","twitter_misc":{"Tiempo de lectura":"4 minutos"},"schema":{"@context":"https:\/\/schema.org","@graph":[{"@type":"WebPage","@id":"https:\/\/nuestrosescritores.com\/karenmarcosparamio\/","url":"https:\/\/nuestrosescritores.com\/karenmarcosparamio\/","name":"Escritora - Karen Marcos Paramio","isPartOf":{"@id":"https:\/\/nuestrosescritores.com\/karenmarcosparamio\/#website"},"datePublished":"2022-05-29T18:22:23+00:00","dateModified":"2022-05-30T10:12:50+00:00","description":"Keren M. Paramio es la escritora de los libros Tres bailadores, El amante afgano, Multikulti, El hombre que pasaba desapercibido.","breadcrumb":{"@id":"https:\/\/nuestrosescritores.com\/karenmarcosparamio\/#breadcrumb"},"inLanguage":"es","potentialAction":[{"@type":"ReadAction","target":["https:\/\/nuestrosescritores.com\/karenmarcosparamio\/"]}]},{"@type":"BreadcrumbList","@id":"https:\/\/nuestrosescritores.com\/karenmarcosparamio\/#breadcrumb","itemListElement":[{"@type":"ListItem","position":1,"name":"Portada","item":"https:\/\/nuestrosescritores.com\/karenmarcosparamio\/"},{"@type":"ListItem","position":2,"name":"Escritora"}]},{"@type":"WebSite","@id":"https:\/\/nuestrosescritores.com\/karenmarcosparamio\/#website","url":"https:\/\/nuestrosescritores.com\/karenmarcosparamio\/","name":"Nuestros escritores","description":"Escritora","potentialAction":[{"@type":"SearchAction","target":{"@type":"EntryPoint","urlTemplate":"https:\/\/nuestrosescritores.com\/karenmarcosparamio\/?s={search_term_string}"},"query-input":{"@type":"PropertyValueSpecification","valueRequired":true,"valueName":"search_term_string"}}],"inLanguage":"es"}]}},"_links":{"self":[{"href":"https:\/\/nuestrosescritores.com\/karenmarcosparamio\/wp-json\/wp\/v2\/pages\/7","targetHints":{"allow":["GET"]}}],"collection":[{"href":"https:\/\/nuestrosescritores.com\/karenmarcosparamio\/wp-json\/wp\/v2\/pages"}],"about":[{"href":"https:\/\/nuestrosescritores.com\/karenmarcosparamio\/wp-json\/wp\/v2\/types\/page"}],"author":[{"embeddable":true,"href":"https:\/\/nuestrosescritores.com\/karenmarcosparamio\/wp-json\/wp\/v2\/users\/1"}],"replies":[{"embeddable":true,"href":"https:\/\/nuestrosescritores.com\/karenmarcosparamio\/wp-json\/wp\/v2\/comments?post=7"}],"version-history":[{"count":0,"href":"https:\/\/nuestrosescritores.com\/karenmarcosparamio\/wp-json\/wp\/v2\/pages\/7\/revisions"}],"wp:attachment":[{"href":"https:\/\/nuestrosescritores.com\/karenmarcosparamio\/wp-json\/wp\/v2\/media?parent=7"}],"curies":[{"name":"wp","href":"https:\/\/api.w.org\/{rel}","templated":true}]}}