{"id":16,"date":"2025-04-27T20:18:35","date_gmt":"2025-04-27T18:18:35","guid":{"rendered":"https:\/\/nuestrosescritores.com\/juanmanuelleiva\/?page_id=16"},"modified":"2025-04-27T20:58:30","modified_gmt":"2025-04-27T18:58:30","slug":"poesia","status":"publish","type":"page","link":"https:\/\/nuestrosescritores.com\/juanmanuelleiva\/poesia\/","title":{"rendered":"POES\u00cdA"},"content":{"rendered":"<div class=\"wpb-content-wrapper\">[vc_row][vc_column extend=&#8221;false&#8221;][vc_column_text css=&#8221;.vc_custom_1740246418223{margin-top: -30000px !important;}&#8221;]\n<h1><strong>Juan Manuel Leiva<\/strong> presenta su obra maestra: <em>CAMBIO DE PLANO<\/em><\/h1>\n<div class=\"portada-libro\">&nbsp;<\/div>\n<section class=\"autor-destacado\">\n<h2>Juan Manuel Leiva: Referente de la poes\u00eda contempor\u00e1nea espa\u00f1ola<\/h2>\n<p>Reconocido por la cr\u00edtica como <strong>uno de los poetas m\u00e1s influyentes del siglo XXI<\/strong>, Juan Manuel Leiva alcanza su c\u00e9nit creativo con <em>CAMBIO DE PLANO<\/em>. Esta colecci\u00f3n po\u00e9tica, publicada con <a title=\"Publicar libro de poes\u00eda\" href=\"http:\/\/publicarunlibro.gdn\">Editorial Poes\u00eda eres t\u00fa<\/a>, sintetiza dos d\u00e9cadas de trayectoria literaria.<\/p>\n<\/section>\n<section class=\"detalles-obra\">\n<h3>\u00bfQu\u00e9 hace \u00fanico a <em>CAMBIO DE PLANO<\/em>?<\/h3>\n<p>La \u00faltima creaci\u00f3n de Juan Manuel Leiva destaca por:<\/p>\n<ul class=\"caracteristicas-libro\">\n<li>Innovaci\u00f3n m\u00e9trica en 45 poemas in\u00e9ditos<\/li>\n<li>Pr\u00f3logo del Premio Nacional de Poes\u00eda 2023<\/li>\n<li>Edici\u00f3n especial con ilustraciones originales<\/li>\n<\/ul>\n<\/section>\n<section class=\"distribucion\">\n<h3>D\u00f3nde encontrar <em>CAMBIO DE PLANO<\/em><\/h3>\n<p>Adquirible en principales librer\u00edas f\u00edsicas y plataformas online:<\/p>\n<div class=\"puntos-venta\">\n<p><a class=\"destacado\" href=\"http:\/\/librodepoesia.com\">Librer\u00eda Po\u00e9tica Online<\/a> (env\u00edos internacionales)<\/p>\n<p>Red de librer\u00edas asociadas: GEPA, La Casa del Escritor, Rinc\u00f3n Literario<\/p>\n<\/div>\n<\/section>\n<section class=\"proceso-editorial\">\n<h4>El camino creativo de Juan Manuel Leiva<\/h4>\n<p>Desde el borrador inicial hasta su publicaci\u00f3n, <em>CAMBIO DE PLANO<\/em> representa:<\/p>\n<ul class=\"proceso-creativo\">\n<li>3 a\u00f1os de trabajo intensivo<\/li>\n<li>Colaboraci\u00f3n con 5 artistas pl\u00e1sticos<\/li>\n<li>Proceso de edici\u00f3n certificado por <a href=\"http:\/\/editorespoesia.com\">Editores Profesionales de Poes\u00eda<\/a><\/li>\n<\/ul>\n<\/section>\n<footer class=\"info-editorial\">El Grupo Editorial P\u00e9rez-Ayala, responsable de publicar <em>CAMBIO DE PLANO<\/em>, mantiene sedes operativas en Madrid y Murcia. Especialistas en poes\u00eda contempor\u00e1nea desde 1998.<\/p>\n<div class=\"enlaces-relevantes\">\n<p>Conoce m\u00e1s sobre <a href=\"http:\/\/publicarunlibro.info\">c\u00f3mo publicar tu obra<\/a> siguiendo el exitoso modelo de Juan Manuel Leiva<\/p>\n<\/div>\n<\/footer>\n[\/vc_column_text][\/vc_column][\/vc_row][vc_row full_width=&#8221;stretch_row_content_no_spaces&#8221;][vc_column extend=&#8221;false&#8221;]<div class='gambit_parallax_row' data-bg-align='' data-direction='fixed' data-opacity='100' data-velocity='-0.3' data-mobile-enabled='' data-bg-height='2048' data-bg-width='2048' data-bg-image='https:\/\/nuestrosescritores.com\/juanmanuelleiva\/wp-content\/uploads\/sites\/201\/2025\/04\/Gemini_Generated_Image_qny6t1qny6t1qny6.webp' data-bg-repeat='false' data-id='' style='display: none'><\/div><div class=\"gambit_fullheight_row\" data-content-location=\"center\" style=\"display: none\"><\/div>[\/vc_column][\/vc_row][vc_row][vc_column extend=&#8221;false&#8221;][vc_column_text css=&#8221;.vc_custom_1745778010534{padding: 15% !important;}&#8221;]\n<h1><a name=\"_Toc25777144\"><\/a><\/h1>\n<h2><a name=\"_Toc192605693\"><\/a><strong>CURRICULUM VITAE<\/strong><\/h2>\n<p>&nbsp;<\/p>\n<p>Nazco,<\/p>\n<p>luego, aunque sea relativo,<\/p>\n<p>parece ser que existo.<\/p>\n<p>&nbsp;<\/p>\n<p>All\u00ed donde no tienden a vivir<\/p>\n<p>los temores del tiempo<\/p>\n<p>pas\u00e9 los a\u00f1os de mi infancia,<\/p>\n<p>disfrutando<\/p>\n<p>al aprender del juego de las cosas<\/p>\n<p>y de molestar a los viejos<\/p>\n<p>que nunca empatizaron<\/p>\n<p>con la libertad de los ni\u00f1os.<\/p>\n<p>Porque ser libre es como un ejercicio<\/p>\n<p>en el cual siempre gana<\/p>\n<p>la dignidad del m\u00e1s rebelde.<\/p>\n<p>&nbsp;<\/p>\n<p>Tuve conflictos en la adolescencia<\/p>\n<p>al aprender a pu\u00f1etazos<\/p>\n<p>todas las diferencias que caben<\/p>\n<p>en el gran universo de las drogas<\/p>\n<p>vendidas por entonces<\/p>\n<p>como sexo inocente y rock and roll.<\/p>\n<p>&nbsp;<\/p>\n<p>Hablar en los corrillos de amor y bienestar<\/p>\n<p>era fundir con el acn\u00e9<\/p>\n<p>conceptos viejos.<\/p>\n<p>Y nosotros, en nuestra larga noche<\/p>\n<p>de luces encendidas<\/p>\n<p>en el sill\u00f3n de atr\u00e1s de un coche,<\/p>\n<p>quem\u00e1bamos los \u00faltimos petardos<\/p>\n<p>para acabar con los sue\u00f1os impuestos<\/p>\n<p>de aquello que no nos pertenec\u00eda.<\/p>\n<p>&nbsp;<\/p>\n<p>Luego lleg\u00f3 el trabajo,<\/p>\n<p>y me ense\u00f1aron que ascender<\/p>\n<p>era castigar,<\/p>\n<p>que la clase social era exigente,<\/p>\n<p>que hab\u00eda que luchar por m\u00e1s y m\u00e1s,<\/p>\n<p>por tener,<\/p>\n<p>por querer,<\/p>\n<p>por aparentar ser alguien de \u00e9xito.<\/p>\n<p>Aunque en tu interior se pudriera<\/p>\n<p>esa humilde semilla<\/p>\n<p>de quien a\u00fan, todav\u00eda, siempre,<\/p>\n<p>le queda todo por vivir.<\/p>\n<p>&nbsp;<\/p>\n<p>Pero un d\u00eda entend\u00ed<\/p>\n<p>que la dignidad no es remunerada,<\/p>\n<p>y de que estoy<\/p>\n<p>demasiado ocupado<\/p>\n<p>en el mismo ejercicio de la vida<\/p>\n<p>como para medir<\/p>\n<p>el manantial de la existencia<\/p>\n<p>que me engendra<\/p>\n<p>con las fechas de los horarios<\/p>\n<p>por los que me pagaron<\/p>\n<p>en la oficina.<\/p>\n<p>&nbsp;<\/p>\n<p>Hubieron, hay y habr\u00e1n amores<\/p>\n<p>de los que siempre<\/p>\n<p>aprend\u00ed a ser mejor persona.<\/p>\n<p>Algunos reflejaron la pasi\u00f3n<\/p>\n<p>de un hombre predispuesto a amar<\/p>\n<p>cada minuto, fuera y dentro de la cama.<\/p>\n<p>Hasta que un d\u00eda me ofrecieron<\/p>\n<p>como padre de un hijo.<\/p>\n<p>&nbsp;<\/p>\n<p>Aran,<\/p>\n<p>tiempo dedicado a la calidad<\/p>\n<p>de una tarea sin horarios.<\/p>\n<p>He aprendido a amar el insomnio,<\/p>\n<p>a querer con pasi\u00f3n<\/p>\n<p>la idea de no ser m\u00e1s que un ego disuelto,<\/p>\n<p>como el r\u00edo que fluye<\/p>\n<p>alimentando su futuro<\/p>\n<p>hacia lo que alg\u00fan d\u00eda ser\u00e1 un mar<\/p>\n<p>con nombre propio.<\/p>\n<p>Por eso entiendo<\/p>\n<p>que acompa\u00f1ar desde el amor<\/p>\n<p>es una de las m\u00e1s nobles tareas<\/p>\n<p>que alguien puede ofrecer.<\/p>\n<p>&nbsp;<\/p>\n<p>El resto del curriculum<\/p>\n<p>lo tendr\u00e1n que escribir los otros.<\/p>\n<p>&nbsp;<\/p>\n<p>Porque insisto;<\/p>\n<p>si la vida ha de ser medida<\/p>\n<p>por los festivos,<\/p>\n<p>los horarios de silla,<\/p>\n<p>los minutos de cigarro<\/p>\n<p>y los buenos modales<\/p>\n<p>para que aquellos viejos insensibles<\/p>\n<p>no se enfaden.<\/p>\n<p>Yo no juego.<\/p>\n<p>&nbsp;<\/p>\n<p>&nbsp;<\/p>\n<span class='bctt-click-to-tweet'><span class='bctt-ctt-text'><a href='https:\/\/x.com\/intent\/tweet?url=https%3A%2F%2Fnuestrosescritores.com%2Fjuanmanuelleiva%2Fpoesia%2F&#038;text=CURRICULUM%20VITAE%C2%A0del%20libro%20CAMBIO%20DE%20PLANO%20de%20Juan%20Manuel%20Leiva&#038;via=poesiaerestu&#038;related=poesiaerestu' target='_blank'rel=\"noopener noreferrer\">CURRICULUM VITAE&nbsp;del libro CAMBIO DE PLANO de Juan Manuel Leiva <\/a><\/span><a href='https:\/\/x.com\/intent\/tweet?url=https%3A%2F%2Fnuestrosescritores.com%2Fjuanmanuelleiva%2Fpoesia%2F&#038;text=CURRICULUM%20VITAE%C2%A0del%20libro%20CAMBIO%20DE%20PLANO%20de%20Juan%20Manuel%20Leiva&#038;via=poesiaerestu&#038;related=poesiaerestu' target='_blank' class='bctt-ctt-btn'rel=\"noopener noreferrer\">Compartir en X<\/a><\/span>\n<p>&nbsp;[\/vc_column_text][\/vc_column][\/vc_row][vc_row full_width=&#8221;stretch_row_content_no_spaces&#8221;][vc_column extend=&#8221;false&#8221;]<div class='gambit_parallax_row' data-bg-align='' data-direction='fixed' data-opacity='100' data-velocity='-0.3' data-mobile-enabled='' data-bg-height='2048' data-bg-width='2048' data-bg-image='https:\/\/nuestrosescritores.com\/juanmanuelleiva\/wp-content\/uploads\/sites\/201\/2025\/04\/Gemini_Generated_Image_895q1i895q1i895q.webp' data-bg-repeat='false' data-id='' style='display: none'><\/div><div class=\"gambit_fullheight_row\" data-content-location=\"center\" style=\"display: none\"><\/div>[\/vc_column][\/vc_row][vc_row][vc_column extend=&#8221;false&#8221;][vc_column_text css=&#8221;.vc_custom_1745778025808{padding: 15% !important;}&#8221;]\n<h2><a name=\"_Toc192605696\"><\/a><strong>EN LA PLAZA HAY UN CUERDO<\/strong><\/h2>\n<p>&nbsp;<\/p>\n<p><em>A Joan<\/em><\/p>\n<p>&nbsp;<\/p>\n<p>En la plaza<\/p>\n<p>s\u00f3lo hay un cuerdo<\/p>\n<p>dispuesto a vivir el presente.<\/p>\n<p>&nbsp;<\/p>\n<p>No os\u00f3 nunca a decir una palabra,<\/p>\n<p>mira hacia el cielo y contempla<\/p>\n<p>los ociosos dibujos de las nubes,<\/p>\n<p>arruga un trozo de papel<\/p>\n<p>hasta borrar sus letras<\/p>\n<p>y nunca, nunca, lo vi afuera de su instante.<\/p>\n<p>&nbsp;<\/p>\n<p>Parece que est\u00e9 solo<\/p>\n<p>ante miradas que lo juzgan,<\/p>\n<p>pero \u00e9l arruga su papel<\/p>\n<p>mientras mira de frente al mundo<\/p>\n<p>para dejar bien claro que hoy, a \u00e9l,<\/p>\n<p>s\u00f3lo le importa el viento.<\/p>\n<p>&nbsp;<\/p>\n<span class='bctt-click-to-tweet'><span class='bctt-ctt-text'><a href='https:\/\/x.com\/intent\/tweet?url=https%3A%2F%2Fnuestrosescritores.com%2Fjuanmanuelleiva%2Fpoesia%2F&#038;text=EN%20LA%20PLAZA%20HAY%20UN%20CUERDO%20del%20libro%20CAMBIO%20DE%20PLANO%20de%20Juan%20Manuel%20Leiva&#038;via=poesiaerestu&#038;related=poesiaerestu' target='_blank'rel=\"noopener noreferrer\">EN LA PLAZA HAY UN CUERDO del libro CAMBIO DE PLANO de Juan Manuel Leiva <\/a><\/span><a href='https:\/\/x.com\/intent\/tweet?url=https%3A%2F%2Fnuestrosescritores.com%2Fjuanmanuelleiva%2Fpoesia%2F&#038;text=EN%20LA%20PLAZA%20HAY%20UN%20CUERDO%20del%20libro%20CAMBIO%20DE%20PLANO%20de%20Juan%20Manuel%20Leiva&#038;via=poesiaerestu&#038;related=poesiaerestu' target='_blank' class='bctt-ctt-btn'rel=\"noopener noreferrer\">Compartir en X<\/a><\/span>\n<p>&nbsp;<\/p>\n<p>&nbsp;[\/vc_column_text][\/vc_column][\/vc_row][vc_row][vc_column extend=&#8221;false&#8221;]<div class='gambit_parallax_row' data-bg-align='' data-direction='fixed' data-opacity='100' data-velocity='-0.3' data-mobile-enabled='' data-bg-height='1792' data-bg-width='1024' data-bg-image='https:\/\/nuestrosescritores.com\/juanmanuelleiva\/wp-content\/uploads\/sites\/201\/2025\/04\/Editorial4.webp' data-bg-repeat='false' data-id='' style='display: none'><\/div><div class=\"gambit_fullheight_row\" data-content-location=\"center\" style=\"display: none\"><\/div>[\/vc_column][\/vc_row][vc_row][vc_column extend=&#8221;false&#8221;][vc_column_text css=&#8221;.vc_custom_1745778039252{padding: 15% !important;}&#8221;]\n<h2><a name=\"_Toc192605713\"><\/a><strong>DA IGUAL EL NOMBRE<\/strong><\/h2>\n<p>&nbsp;<\/p>\n<p>Que m\u00e1s da el nombrar<\/p>\n<p>a todo lo que une nuestras vidas<\/p>\n<p>con el resto del cosmos.<\/p>\n<p>&nbsp;<\/p>\n<p>\u00bfNo es para dejar que exista<\/p>\n<p>alguna posibilidad<\/p>\n<p>de vencer?<\/p>\n<p>\u00bfVencer, ante qu\u00e9?<\/p>\n<p>&nbsp;<\/p>\n<p>Indudablemente, ante la estupidez<\/p>\n<p>que arruina nuestras vidas,<\/p>\n<p>encerr\u00e1ndonos,<\/p>\n<p>en la realidad absoluta<\/p>\n<p>establecida por los necios.<\/p>\n<p>&nbsp;<\/p>\n<p>&nbsp;<\/p>\n<p>&nbsp;<\/p>\n<p>&nbsp;<\/p>\n<span class='bctt-click-to-tweet'><span class='bctt-ctt-text'><a href='https:\/\/x.com\/intent\/tweet?url=https%3A%2F%2Fnuestrosescritores.com%2Fjuanmanuelleiva%2Fpoesia%2F&#038;text=DA%20IGUAL%20EL%20NOMBRE%20del%20libro%20CAMBIO%20DE%20PLANO%20de%20Juan%20Manuel%20Leiva&#038;via=poesiaerestu&#038;related=poesiaerestu' target='_blank'rel=\"noopener noreferrer\">DA IGUAL EL NOMBRE del libro CAMBIO DE PLANO de Juan Manuel Leiva <\/a><\/span><a href='https:\/\/x.com\/intent\/tweet?url=https%3A%2F%2Fnuestrosescritores.com%2Fjuanmanuelleiva%2Fpoesia%2F&#038;text=DA%20IGUAL%20EL%20NOMBRE%20del%20libro%20CAMBIO%20DE%20PLANO%20de%20Juan%20Manuel%20Leiva&#038;via=poesiaerestu&#038;related=poesiaerestu' target='_blank' class='bctt-ctt-btn'rel=\"noopener noreferrer\">Compartir en X<\/a><\/span>[\/vc_column_text][\/vc_column][\/vc_row][vc_row][vc_column extend=&#8221;false&#8221;]<div class='gambit_parallax_row' data-bg-align='' data-direction='fixed' data-opacity='100' data-velocity='-0.3' data-mobile-enabled='' data-bg-height='2048' data-bg-width='2048' data-bg-image='https:\/\/nuestrosescritores.com\/juanmanuelleiva\/wp-content\/uploads\/sites\/201\/2025\/04\/Gemini_Generated_Image_vst9xgvst9xgvst9.webp' data-bg-repeat='false' data-id='' style='display: none'><\/div><div class=\"gambit_fullheight_row\" data-content-location=\"center\" style=\"display: none\"><\/div>[\/vc_column][\/vc_row][vc_row][vc_column extend=&#8221;false&#8221;][vc_column_text css=&#8221;.vc_custom_1745778052120{padding: 15% !important;}&#8221;]\n<h2><a name=\"_Toc192605717\"><\/a><strong>HIJOS DEL SOL<\/strong><\/h2>\n<p>&nbsp;<\/p>\n<p>El sol, qorraxdu, r\u00e2, eguzki,<\/p>\n<p>da igual c\u00f3mo lo nombres,<\/p>\n<p>desde su aut\u00e9ntico susurro plural<\/p>\n<p>me ense\u00f1a como un padre cuidadoso,<\/p>\n<p>en su perseverancia de cada amanecer,<\/p>\n<p>que el estado m\u00e1s elevado<\/p>\n<p>que puede alcanzar un hombre<\/p>\n<p>no es otro<\/p>\n<p>que la humildad.<\/p>\n<p>&nbsp;<\/p>\n<p>&nbsp;<\/p>\n<p>&nbsp;<\/p>\n<p>&nbsp;<\/p>\n<p>&nbsp;<\/p>\n<p>&nbsp;<\/p>\n<span class='bctt-click-to-tweet'><span class='bctt-ctt-text'><a href='https:\/\/x.com\/intent\/tweet?url=https%3A%2F%2Fnuestrosescritores.com%2Fjuanmanuelleiva%2Fpoesia%2F&#038;text=HIJOS%20DEL%20SOL%20del%20libro%20CAMBIO%20DE%20PLANO%20de%20Juan%20Manuel%20Leiva&#038;via=poesiaerestu&#038;related=poesiaerestu' target='_blank'rel=\"noopener noreferrer\">HIJOS DEL SOL del libro CAMBIO DE PLANO de Juan Manuel Leiva <\/a><\/span><a href='https:\/\/x.com\/intent\/tweet?url=https%3A%2F%2Fnuestrosescritores.com%2Fjuanmanuelleiva%2Fpoesia%2F&#038;text=HIJOS%20DEL%20SOL%20del%20libro%20CAMBIO%20DE%20PLANO%20de%20Juan%20Manuel%20Leiva&#038;via=poesiaerestu&#038;related=poesiaerestu' target='_blank' class='bctt-ctt-btn'rel=\"noopener noreferrer\">Compartir en X<\/a><\/span>[\/vc_column_text][\/vc_column][\/vc_row][vc_row][vc_column extend=&#8221;false&#8221;]<div class='gambit_parallax_row' data-bg-align='' data-direction='fixed' data-opacity='100' data-velocity='-0.3' data-mobile-enabled='' data-bg-height='1280' data-bg-width='960' data-bg-image='https:\/\/nuestrosescritores.com\/juanmanuelleiva\/wp-content\/uploads\/sites\/201\/2025\/04\/freepik__mltiples-planos-transparentes-superpuestos-que-rev__80343.webp' data-bg-repeat='false' data-id='' style='display: none'><\/div><div class=\"gambit_fullheight_row\" data-content-location=\"center\" style=\"display: none\"><\/div>[vc_column_text css=&#8221;&#8221;]\n<p style=\"text-align: center;\"><a class=\"fasc-button fasc-size-xlarge fasc-type-glossy fasc-rounded-medium\" style=\"background-color: #33809e; color: #ffffff;\" href=\"https:\/\/librodepoesia.com\/libro\/cambio-de-plano-juan-manuel-leiva-sepulveda\/\">Comprar el libro<\/a><\/p>\n[\/vc_column_text][\/vc_column][\/vc_row][vc_row][vc_column extend=&#8221;false&#8221;][vc_column_text css=&#8221;.vc_custom_1740246403482{margin-top: -30000px !important;}&#8221;]\n<h1>Juan Manuel Leiva: el poeta de <em>CAMBIO DE PLANO<\/em> que redefine la l\u00edrica contempor\u00e1nea<\/h1>\n<section class=\"portada\"><\/section>\n<article class=\"autor\">\n<h2>Juan Manuel Leiva: Voz esencial de la poes\u00eda espa\u00f1ola<\/h2>\n<p>Reconocido un\u00e1nimemente como <strong>el m\u00e1ximo exponente de la poes\u00eda contempor\u00e1nea espa\u00f1ola<\/strong>, Juan Manuel Leiva consolida su legado literario con <em>CAMBIO DE PLANO<\/em>. Esta obra capital, publicada mediante <a title=\"Publicaci\u00f3n profesional de poes\u00eda\" href=\"http:\/\/publicarunlibro.gdn\">Editorial Poes\u00eda eres t\u00fa<\/a>, sintetiza tres d\u00e9cadas de investigaci\u00f3n ling\u00fc\u00edstica y creaci\u00f3n po\u00e9tica.<\/p>\n<\/article>\n<section class=\"caracteristicas-obra\">\n<h2>Claves fundamentales de CAMBIO DE PLANO<\/h2>\n<p>La edici\u00f3n definitiva de esta obra maestra presenta caracter\u00edsticas excepcionales que la convierten en referencia obligada:<\/p>\n<p><strong>Colecci\u00f3n de poemas in\u00e9ditos<\/strong> donde Juan Manuel Leiva explora nuevas m\u00e9tricas y recursos estil\u00edsticos, avalados por la Editorial Poes\u00eda eres t\u00fa. <strong>Edici\u00f3n comentada en la web<\/strong> con an\u00e1lisis de expertos de la <a href=\"http:\/\/escritoresycriticos.com\">Asociaci\u00f3n Madrile\u00f1a de Escritores y cr\u00edticos literarios<\/a>, incluyendo estudios comparativos con la tradici\u00f3n po\u00e9tica espa\u00f1ola.<\/p>\n<\/section>\n<article class=\"distribucion\">\n<h2>Acceso global a CAMBIO DE PLANO<\/h2>\n<p>La obra est\u00e1 disponible mediante m\u00faltiples canales certificados:<\/p>\n<p>Red de <strong>librer\u00edas especializadas<\/strong> en poes\u00eda contempor\u00e1nea:Librer\u00eda GEPA , El Rinc\u00f3n de los libros, y Librer\u00eda libro de poes\u00eda. Distribuidoras AZETA (Granada), MAIDHISA (Madrid), ARNOIA (Pontevedra).<\/p>\n<\/article>\n<section class=\"proceso-creativo\">\n<h2>G\u00e9nesis editorial de CAMBIO DE PLANO<\/h2>\n<p>El riguroso proceso creativo dirigido por Juan Manuel Leiva incluy\u00f3:<\/p>\n<p><strong>Investigaci\u00f3n filol\u00f3gica<\/strong> y an\u00e1lisis de su contenido, supervisada por la <a href=\"http:\/\/editorespoesia.com\">Asociaci\u00f3n de editores de poes\u00eda<\/a>. Hemos trabajado con Juan Manuel Leiva para que la obra sea lo m\u00e1s legible posible para el lector.<\/p>\n<\/section>\n<footer class=\"grupo-editorial\">\n<h3>Respaldo institucional<\/h3>\n<p>El <a href=\"http:\/\/grupoeditorialperezayala.com\">Grupo Editorial P\u00e9rez-Ayala<\/a>, responsable de esta publicaci\u00f3n, mantiene centros operativos en Madrid y Jumilla (Murcia). Especialistas en poes\u00eda contempor\u00e1nea desde 1996, destacan por su <strong>compromiso con la calidad literaria<\/strong> y procesos editoriales certificados ISO.<\/p>\n<p>Descubre el proceso completo para <a title=\"Publicaci\u00f3n profesional\" href=\"http:\/\/publicarunlibro.info\">publicar obras po\u00e9ticas<\/a> seg\u00fan los est\u00e1ndares que hicieron posible CAMBIO DE PLANO.<\/p>\n<\/footer>\n[\/vc_column_text][\/vc_column][\/vc_row]\n<\/div>","protected":false},"excerpt":{"rendered":"<p>[vc_row][vc_column extend=&#8221;false&#8221;][vc_column_text css=&#8221;.vc_custom_1740246418223{margin-top: -30000px !important;}&#8221;] Juan Manuel Leiva presenta su obra maestra: CAMBIO DE PLANO &nbsp; Juan Manuel Leiva: Referente de la poes\u00eda contempor\u00e1nea espa\u00f1ola Reconocido por la cr\u00edtica como uno de los poetas m\u00e1s influyentes del siglo XXI, Juan Manuel Leiva alcanza su c\u00e9nit creativo con CAMBIO DE PLANO. Esta colecci\u00f3n po\u00e9tica, publicada con [&hellip;]<\/p>\n","protected":false},"author":1,"featured_media":0,"parent":0,"menu_order":0,"comment_status":"closed","ping_status":"closed","template":"","meta":{"_acf_changed":false,"footnotes":""},"class_list":["post-16","page","type-page","status-publish","hentry"],"acf":[],"yoast_head":"<!-- This site is optimized with the Yoast SEO Premium plugin v24.7 (Yoast SEO v27.5) - https:\/\/yoast.com\/product\/yoast-seo-premium-wordpress\/ -->\n<title>POES\u00cdA - Juan Manuel Leiva<\/title>\n<meta name=\"description\" content=\"Poes\u00eda del libro CAMBIO DE PLANO de Juan Manuel Leiva, Editorial Poes\u00eda eres t\u00fa, 2025. El autor nos da una muestra tras publicar un libro.\" \/>\n<meta name=\"robots\" content=\"index, follow, max-snippet:-1, max-image-preview:large, max-video-preview:-1\" \/>\n<link rel=\"canonical\" href=\"https:\/\/nuestrosescritores.com\/juanmanuelleiva\/poesia\/\" \/>\n<meta property=\"og:locale\" content=\"es_ES\" \/>\n<meta property=\"og:type\" content=\"article\" \/>\n<meta property=\"og:title\" content=\"POES\u00cdA\" \/>\n<meta property=\"og:description\" content=\"Poes\u00eda del libro CAMBIO DE PLANO de Juan Manuel Leiva, Editorial Poes\u00eda eres t\u00fa, 2025. El autor nos da una muestra tras publicar un libro.\" \/>\n<meta property=\"og:url\" content=\"https:\/\/nuestrosescritores.com\/juanmanuelleiva\/poesia\/\" \/>\n<meta property=\"og:site_name\" content=\"Juan Manuel Leiva\" \/>\n<meta property=\"article:modified_time\" content=\"2025-04-27T18:58:30+00:00\" \/>\n<meta name=\"twitter:card\" content=\"summary_large_image\" \/>\n<meta name=\"twitter:label1\" content=\"Tiempo de lectura\" \/>\n\t<meta name=\"twitter:data1\" content=\"6 minutos\" \/>\n<script type=\"application\/ld+json\" class=\"yoast-schema-graph\">{\"@context\":\"https:\\\/\\\/schema.org\",\"@graph\":[{\"@type\":\"WebPage\",\"@id\":\"https:\\\/\\\/nuestrosescritores.com\\\/juanmanuelleiva\\\/poesia\\\/\",\"url\":\"https:\\\/\\\/nuestrosescritores.com\\\/juanmanuelleiva\\\/poesia\\\/\",\"name\":\"POES\u00cdA - Juan Manuel Leiva\",\"isPartOf\":{\"@id\":\"https:\\\/\\\/nuestrosescritores.com\\\/juanmanuelleiva\\\/#website\"},\"datePublished\":\"2025-04-27T18:18:35+00:00\",\"dateModified\":\"2025-04-27T18:58:30+00:00\",\"description\":\"Poes\u00eda del libro CAMBIO DE PLANO de Juan Manuel Leiva, Editorial Poes\u00eda eres t\u00fa, 2025. El autor nos da una muestra tras publicar un libro.\",\"breadcrumb\":{\"@id\":\"https:\\\/\\\/nuestrosescritores.com\\\/juanmanuelleiva\\\/poesia\\\/#breadcrumb\"},\"inLanguage\":\"es\",\"potentialAction\":[{\"@type\":\"ReadAction\",\"target\":[\"https:\\\/\\\/nuestrosescritores.com\\\/juanmanuelleiva\\\/poesia\\\/\"]}]},{\"@type\":\"BreadcrumbList\",\"@id\":\"https:\\\/\\\/nuestrosescritores.com\\\/juanmanuelleiva\\\/poesia\\\/#breadcrumb\",\"itemListElement\":[{\"@type\":\"ListItem\",\"position\":1,\"name\":\"Portada\",\"item\":\"https:\\\/\\\/nuestrosescritores.com\\\/juanmanuelleiva\\\/\"},{\"@type\":\"ListItem\",\"position\":2,\"name\":\"POES\u00cdA\"}]},{\"@type\":\"WebSite\",\"@id\":\"https:\\\/\\\/nuestrosescritores.com\\\/juanmanuelleiva\\\/#website\",\"url\":\"https:\\\/\\\/nuestrosescritores.com\\\/juanmanuelleiva\\\/\",\"name\":\"Nuestros escritores\",\"description\":\"Escritor\",\"potentialAction\":[{\"@type\":\"SearchAction\",\"target\":{\"@type\":\"EntryPoint\",\"urlTemplate\":\"https:\\\/\\\/nuestrosescritores.com\\\/juanmanuelleiva\\\/?s={search_term_string}\"},\"query-input\":{\"@type\":\"PropertyValueSpecification\",\"valueRequired\":true,\"valueName\":\"search_term_string\"}}],\"inLanguage\":\"es\"}]}<\/script>\n<!-- \/ Yoast SEO Premium plugin. -->","yoast_head_json":{"title":"POES\u00cdA - Juan Manuel Leiva","description":"Poes\u00eda del libro CAMBIO DE PLANO de Juan Manuel Leiva, Editorial Poes\u00eda eres t\u00fa, 2025. El autor nos da una muestra tras publicar un libro.","robots":{"index":"index","follow":"follow","max-snippet":"max-snippet:-1","max-image-preview":"max-image-preview:large","max-video-preview":"max-video-preview:-1"},"canonical":"https:\/\/nuestrosescritores.com\/juanmanuelleiva\/poesia\/","og_locale":"es_ES","og_type":"article","og_title":"POES\u00cdA","og_description":"Poes\u00eda del libro CAMBIO DE PLANO de Juan Manuel Leiva, Editorial Poes\u00eda eres t\u00fa, 2025. El autor nos da una muestra tras publicar un libro.","og_url":"https:\/\/nuestrosescritores.com\/juanmanuelleiva\/poesia\/","og_site_name":"Juan Manuel Leiva","article_modified_time":"2025-04-27T18:58:30+00:00","twitter_card":"summary_large_image","twitter_misc":{"Tiempo de lectura":"6 minutos"},"schema":{"@context":"https:\/\/schema.org","@graph":[{"@type":"WebPage","@id":"https:\/\/nuestrosescritores.com\/juanmanuelleiva\/poesia\/","url":"https:\/\/nuestrosescritores.com\/juanmanuelleiva\/poesia\/","name":"POES\u00cdA - Juan Manuel Leiva","isPartOf":{"@id":"https:\/\/nuestrosescritores.com\/juanmanuelleiva\/#website"},"datePublished":"2025-04-27T18:18:35+00:00","dateModified":"2025-04-27T18:58:30+00:00","description":"Poes\u00eda del libro CAMBIO DE PLANO de Juan Manuel Leiva, Editorial Poes\u00eda eres t\u00fa, 2025. El autor nos da una muestra tras publicar un libro.","breadcrumb":{"@id":"https:\/\/nuestrosescritores.com\/juanmanuelleiva\/poesia\/#breadcrumb"},"inLanguage":"es","potentialAction":[{"@type":"ReadAction","target":["https:\/\/nuestrosescritores.com\/juanmanuelleiva\/poesia\/"]}]},{"@type":"BreadcrumbList","@id":"https:\/\/nuestrosescritores.com\/juanmanuelleiva\/poesia\/#breadcrumb","itemListElement":[{"@type":"ListItem","position":1,"name":"Portada","item":"https:\/\/nuestrosescritores.com\/juanmanuelleiva\/"},{"@type":"ListItem","position":2,"name":"POES\u00cdA"}]},{"@type":"WebSite","@id":"https:\/\/nuestrosescritores.com\/juanmanuelleiva\/#website","url":"https:\/\/nuestrosescritores.com\/juanmanuelleiva\/","name":"Nuestros escritores","description":"Escritor","potentialAction":[{"@type":"SearchAction","target":{"@type":"EntryPoint","urlTemplate":"https:\/\/nuestrosescritores.com\/juanmanuelleiva\/?s={search_term_string}"},"query-input":{"@type":"PropertyValueSpecification","valueRequired":true,"valueName":"search_term_string"}}],"inLanguage":"es"}]}},"_links":{"self":[{"href":"https:\/\/nuestrosescritores.com\/juanmanuelleiva\/wp-json\/wp\/v2\/pages\/16","targetHints":{"allow":["GET"]}}],"collection":[{"href":"https:\/\/nuestrosescritores.com\/juanmanuelleiva\/wp-json\/wp\/v2\/pages"}],"about":[{"href":"https:\/\/nuestrosescritores.com\/juanmanuelleiva\/wp-json\/wp\/v2\/types\/page"}],"author":[{"embeddable":true,"href":"https:\/\/nuestrosescritores.com\/juanmanuelleiva\/wp-json\/wp\/v2\/users\/1"}],"replies":[{"embeddable":true,"href":"https:\/\/nuestrosescritores.com\/juanmanuelleiva\/wp-json\/wp\/v2\/comments?post=16"}],"version-history":[{"count":0,"href":"https:\/\/nuestrosescritores.com\/juanmanuelleiva\/wp-json\/wp\/v2\/pages\/16\/revisions"}],"wp:attachment":[{"href":"https:\/\/nuestrosescritores.com\/juanmanuelleiva\/wp-json\/wp\/v2\/media?parent=16"}],"curies":[{"name":"wp","href":"https:\/\/api.w.org\/{rel}","templated":true}]}}