{"id":18,"date":"2022-12-25T11:56:14","date_gmt":"2022-12-25T11:56:14","guid":{"rendered":"https:\/\/nuestrosescritores.com\/juancarlosbarcelo\/?page_id=18"},"modified":"2023-02-12T21:47:43","modified_gmt":"2023-02-12T21:47:43","slug":"escritor","status":"publish","type":"page","link":"https:\/\/nuestrosescritores.com\/juancarlosbarcelo\/","title":{"rendered":"Escritor"},"content":{"rendered":"<div class=\"wpb-content-wrapper\">[vc_row full_width=&#8221;stretch_row_content_no_spaces&#8221;][vc_column extend=&#8221;false&#8221;][layerslider_vc id=&#8221;1&#8243;][\/vc_column][\/vc_row][vc_row extend=&#8221;false&#8221; design__empty_1=&#8221;&#8221; background=&#8221;&#8221; background_image_type=&#8221;static&#8221; background_image__effect=&#8221;&#8221; bg_size=&#8221;initial&#8221; bg_position=&#8221;center-center&#8221; row_bg_image=&#8221;&#8221; bg_repeat=&#8221;no-repeat&#8221; background_image_type__bg_color=&#8221;rgba(255, 255, 255, 1)&#8221; row_bg_parallax_images=&#8221;&#8221; row_bg_slideshow_images=&#8221;&#8221; background_video_type=&#8221;youtube&#8221; background_video__youtube__url=&#8221;&#8221; background_video__youtube__parallax=&#8221;&#8221; background_video__youtube__options=&#8221;&#8221; background_video__youtube__fallback_image=&#8221;&#8221; background_video__hosted__mp4=&#8221;&#8221; background_video__hosted__webm=&#8221;&#8221; background_video__hosted__ogv=&#8221;&#8221; background_video__hosted__parallax=&#8221;&#8221; background_video__hosted__options=&#8221;&#8221; background_video__hosted__fallback_image=&#8221;&#8221; background_color_type=&#8221;color&#8221; bg__empty_1=&#8221;&#8221; background_color_type__gradient_color1=&#8221;rgba(44, 74, 228, 1)&#8221; background_color_type__gradient_color2=&#8221;rgba(44, 74, 228, 1)&#8221; background_color_type__color_color1=&#8221;rgba(44, 74, 228, 1)&#8221; bg__empty_2=&#8221;&#8221; background_color__effect=&#8221;&#8221; background_color__direction=&#8221;left-to-right&#8221; settings__tag_1=&#8221;&#8221; viewport_lg=&#8221;&#8221; viewport_md=&#8221;&#8221; viewport_sm=&#8221;&#8221; viewport_xs=&#8221;&#8221; settings__empty_1=&#8221;&#8221; version=&#8221;1&#8243;][vc_column width=&#8221;1\/2&#8243; extend=&#8221;false&#8221;]<div class=\"ult-content-box-container \" >\t\t<div class=\"ult-content-box\" style=\"background-color:rgba(255,255,255,0.49);box-shadow: px px 8px px #f2f2f2 none;border-style:none;-webkit-transition: all 700ms ease;-moz-transition: all 700ms ease;-ms-transition: all 700ms ease;-o-transition: all 700ms ease;transition: all 700ms ease;\"  data-hover_box_shadow=\"none\"     data-bg=\"rgba(255,255,255,0.49)\"  data-border_color=\"\" >[vc_column_text css=&#8221;.vc_custom_1671906309355{padding-top: 15% !important;padding-right: 15% !important;padding-bottom: 15% !important;padding-left: 15% !important;}&#8221;]<strong>Juan Carlos Barcel\u00f3 S\u00e1nchez<\/strong>, nacido en Tetu\u00e1n (Marruecos) el 13 de marzo de 1967. Licenciado en Geograf\u00eda e Historia por la Universidad Complutense de Madrid y M\u00e1ster en Direcci\u00f3n de Recursos Humanos.<\/p>\n<p>Despu\u00e9s de trabajar en distintos departamentos de RRHH, desde hace m\u00e1s de 10 a\u00f1os trabaja como formador y profesor de certificados de profesionalidad de administraci\u00f3n y gesti\u00f3n integrada de recursos humanos para personas desempleadas. Actualmente tambi\u00e9n es Tutor de inserci\u00f3n laboral en el proyecto CONVENIO J\u00d3VENES, nuevos proyectos territoriales para el reequilibrio y la equidad colectivos vulnerables, de la Agencia para el Empleo de Madrid. JUAN CARLOS BARCEL\u00d3 S\u00c1NCHEZ del cap\u00edtulo 6 El liderazgo emocional del libro &#8220;Claves para ser eficiente y eficaz&#8221;. Editorial Altaria.<\/p>\n<p><strong>&nbsp;<\/strong><\/p>\n<span class='bctt-click-to-tweet'><span class='bctt-ctt-text'><a href='https:\/\/x.com\/intent\/tweet?url=https%3A%2F%2Fnuestrosescritores.com%2Fjuancarlosbarcelo%2F&#038;text=JUAN%20CARLOS%20BARCEL%C3%93%20S%C3%81NCHEZ.%20Escritor%2C%20poeta.&#038;related' target='_blank'rel=\"noopener noreferrer\">JUAN CARLOS BARCEL\u00d3 S\u00c1NCHEZ. Escritor, poeta. <\/a><\/span><a href='https:\/\/x.com\/intent\/tweet?url=https%3A%2F%2Fnuestrosescritores.com%2Fjuancarlosbarcelo%2F&#038;text=JUAN%20CARLOS%20BARCEL%C3%93%20S%C3%81NCHEZ.%20Escritor%2C%20poeta.&#038;related' target='_blank' class='bctt-ctt-btn'rel=\"noopener noreferrer\">Compartir en X<\/a><\/span>[\/vc_column_text]\t\t<\/div><\/div>[\/vc_column][vc_column width=&#8221;1\/2&#8243; extend=&#8221;false&#8221;]<div class=\"gambit_fullheight_row\" data-content-location=\"center\" style=\"display: none\"><\/div><div id=\"rowvcpt-row-settings\" class=\"rowvcpt-row-set RowVcPt-row-setting69e4af95a29f5 \" data-no=\"RowVcPt-row-setting69e4af95a29f5\"><div  id=\"bgGallaryslide69e4af95a29f8\" class=\"rowvcpt-slideshow \"><\/div><script type=\"text\/javascript\">\n(function($) {\n$(\"#bgGallaryslide69e4af95a29f8\").vegas({\n        overlay: \"https:\/\/nuestrosescritores.com\/juancarlosbarcelo\/wp-content\/plugins\/ultimate-row-background\/css\/overlays\/0'.esc_attr(1.png).'\",\n        transitionDuration: 4e3,\n        delay: 7000,\n        slides: [{src: \"https:\/\/nuestrosescritores.com\/juancarlosbarcelo\/wp-content\/uploads\/sites\/141\/2022\/12\/7668891.jpg\",transition: \"fade2\",transitionDuration: 5000},{src: \"https:\/\/nuestrosescritores.com\/juancarlosbarcelo\/wp-content\/uploads\/sites\/141\/2022\/12\/7665765.jpg\",transition: \"fade2\",transitionDuration: 5000},{src: \"https:\/\/nuestrosescritores.com\/juancarlosbarcelo\/wp-content\/uploads\/sites\/141\/2022\/12\/7670063.jpg\",transition: \"fade2\",transitionDuration: 5000},{src: \"https:\/\/nuestrosescritores.com\/juancarlosbarcelo\/wp-content\/uploads\/sites\/141\/2022\/12\/7646952.jpg\",transition: \"fade2\",transitionDuration: 5000},{src: \"https:\/\/nuestrosescritores.com\/juancarlosbarcelo\/wp-content\/uploads\/sites\/141\/2022\/12\/14771234.jpg\",transition: \"fade2\",transitionDuration: 5000},{src: \"https:\/\/nuestrosescritores.com\/juancarlosbarcelo\/wp-content\/uploads\/sites\/141\/2022\/12\/14802040.jpg\",transition: \"fade2\",transitionDuration: 5000},]\n    });\t\t\n})(jQuery);\n<\/script><div class=\"rowvcpt-overlay\" style=\"background:rgba(255,255,255,0.69)\"><\/div><\/div>[vc_single_image image=&#8221;62&#8243; img_size=&#8221;full&#8221; alignment=&#8221;center&#8221;][\/vc_column][\/vc_row][vc_row full_height=&#8221;yes&#8221; content_placement=&#8221;middle&#8221;][vc_column extend=&#8221;false&#8221;]<div class=\"gambit_fullheight_row\" data-content-location=\"center\" style=\"display: none\"><\/div><div class='gambit_parallax_row' data-bg-align='' data-direction='fixed' data-opacity='100' data-velocity='-0.3' data-mobile-enabled='parallax-enable-mobile' data-bg-height='1200' data-bg-width='800' data-bg-image='https:\/\/nuestrosescritores.com\/juancarlosbarcelo\/wp-content\/uploads\/sites\/141\/2022\/12\/9cgjbpxjaju.jpg' data-bg-repeat='false' data-id='' style='display: none'><\/div>[\/vc_column][\/vc_row][vc_row][vc_column extend=&#8221;false&#8221;]<div class=\"gambit_fullheight_row\" data-content-location=\"center\" style=\"display: none\"><\/div><div id=\"rowvcpt-row-settings\" class=\"rowvcpt-row-set RowVcPt-row-setting69e4af95a3a97 \" data-no=\"RowVcPt-row-setting69e4af95a3a97\"><div  id=\"bgGallaryslide69e4af95a3a9a\" class=\"rowvcpt-slideshow \"><\/div><script type=\"text\/javascript\">\n(function($) {\n$(\"#bgGallaryslide69e4af95a3a9a\").vegas({\n        overlay: \"https:\/\/nuestrosescritores.com\/juancarlosbarcelo\/wp-content\/plugins\/ultimate-row-background\/css\/overlays\/0'.esc_attr(1.png).'\",\n        transitionDuration: 4e3,\n        delay: 7000,\n        slides: [{src: \"https:\/\/nuestrosescritores.com\/juancarlosbarcelo\/wp-content\/uploads\/sites\/141\/2022\/12\/prwfzsxk38k.jpg\",transition: \"fade2\",transitionDuration: 5000},{src: \"https:\/\/nuestrosescritores.com\/juancarlosbarcelo\/wp-content\/uploads\/sites\/141\/2022\/12\/iqvnpzm94lg.jpg\",transition: \"fade2\",transitionDuration: 5000},{src: \"https:\/\/nuestrosescritores.com\/juancarlosbarcelo\/wp-content\/uploads\/sites\/141\/2022\/12\/ssihxzn7xag.jpg\",transition: \"fade2\",transitionDuration: 5000},{src: \"https:\/\/nuestrosescritores.com\/juancarlosbarcelo\/wp-content\/uploads\/sites\/141\/2022\/12\/v21dincesj0.jpg\",transition: \"fade2\",transitionDuration: 5000},{src: \"https:\/\/nuestrosescritores.com\/juancarlosbarcelo\/wp-content\/uploads\/sites\/141\/2022\/12\/jtr7dgqdmry.jpg\",transition: \"fade2\",transitionDuration: 5000},]\n    });\t\t\n})(jQuery);\n<\/script><div class=\"rowvcpt-overlay\" style=\"background:rgba(255,255,255,0.69)\"><\/div><\/div><div id=\"uvc-type-wrap-8815\"  data-ultimate-target='#uvc-type-wrap-8815'  data-responsive-json-new='{\"font-size\":\"\",\"line-height\":\"\"}'  class=\"uvc-type-wrap vc_custom_1676225254032 ult-adjust-bottom-margin ult-responsive  uvc-type-align-center uvc-type-no-prefix uvc-wrap-191494196269e4af95a460e\" style=\"text-align:center;\"><span id=\"typed-191494196269e4af95a460e\" class=\"ultimate-typed-main \" style=\" font-weight:bold; text-transform: unset;\"><\/span><script type=\"text\/javascript\">\n\t\t\t\t\t\tjQuery(function($){ \n\t\t\t\t\t\t\t$(document).ready(function(){\n\t\t\t\t\t\t\t\tif( typeof jQuery(\"#typed-191494196269e4af95a460e\").typed == \"function\"){\n\t\t\t\t\t\t\t\t\t$(\"#typed-191494196269e4af95a460e\").typed({\n\t\t\t\t\t\t\t\t\t\tstrings: [\"Juan Carlos Barcel\u00f3, no es un poeta nuevo, aunque este sea su primer libro. Juanca ya era poeta antes de esta publicaci\u00f3n.\",\"Fue el que acu\u00f1o en nuestro circulo cultural el t\u00e9rmino \u201cNubenegrismo\u201d, bautizando as\u00ed una corriente de pensamiento que a\u00fan hoy nos sirve de gu\u00eda.\",\"Cuando recib\u00ed \u201cEntre el miedo y la ausencia. Mi soledad conversada\u201d me di cuenta que ten\u00eda entre las manos el primer libro que materializaba nuestra corriente de pensamiento. Juanca ha partido de la soledad, algo que considero imprescindible para la poes\u00eda, sin soledad el poeta no puede escribir. Pero adem\u00e1s incluye en su titulo el miedo, algo que la poes\u00eda procura ignorar porque es el ant\u00f3nimo del amor. Pero \u00bfpuede el amor subsistir si no se ha vencido al miedo?, En el poema DE MIS MIEDOS Y FANTASMAS el escritor reconoce el miedo, sin embargo, el poema es un excelente poema de amor. Luego est\u00e1 la ausencia que le lleva a la escritura y es ah\u00ed donde da con la clave fundamental de su libro la mezcla del miedo, la ausencia y la soledad. Juan me ha dado una lecci\u00f3n impresionante y le ha regalado a nuestro cat\u00e1logo, el libro que yo no me atrev\u00ed a escribir. Quiero darle las gracias a Juan por devolverme a la \u00e9poca en la que me sent\u00eda poeta y demostrarme que es posible que la poes\u00eda nos rescate de nosotros mismos. S\u00e9 que este libro es el comienzo de esta corriente Nubenegrista de la que espero m\u00e1s adeptos y mas trabajos que tengan la seriedad que tiene ENTRE EL MIEDO Y LA AUSENCIA. MI SOLEDAD CONVERSADA.\",\"Javier P\u00e9rez-Ayala\",\"Editor\",\"\"],\n\t\t\t\t\t\t\t\t\t\ttypeSpeed: 35,\n\t\t\t\t\t\t\t\t\t\tbackSpeed: 0,\n\t\t\t\t\t\t\t\t\t\tstartDelay: \"200\",\n\t\t\t\t\t\t\t\t\t\tbackDelay: \"1500\",\n\t\t\t\t\t\t\t\t\t\tloop: true,\n\t\t\t\t\t\t\t\t\t\tloopCount: false,\n\t\t\t\t\t\t\t\t\t\tshowCursor: true,\n\t\t\t\t\t\t\t\t\t\tcursorChar: \"|\",\n\t\t\t\t\t\t\t\t\t\tattr: null\n\t\t\t\t\t\t\t\t\t});\n\t\t\t\t\t\t\t\t}\n\t\t\t\t\t\t\t});\n\t\t\t\t\t\t});\n\t\t\t\t\t<\/script><\/div>[\/vc_column][\/vc_row][vc_row][vc_column extend=&#8221;false&#8221;]<div class=\"gambit_fullheight_row\" data-content-location=\"center\" style=\"display: none\"><\/div><div class='gambit_parallax_row' data-bg-align='' data-direction='fixed' data-opacity='100' data-velocity='-0.3' data-mobile-enabled='parallax-enable-mobile' data-bg-height='586' data-bg-width='1366' data-bg-image='https:\/\/nuestrosescritores.com\/juancarlosbarcelo\/wp-content\/uploads\/sites\/141\/2022\/12\/JuanCarlosBarceloSSquare_Alargado-Mediano.jpg' data-bg-repeat='false' data-id='' style='display: none'><\/div>[vc_column_text]\n<p style=\"text-align: center;\"><a class=\"fasc-button fasc-size-xlarge fasc-type-glossy fasc-rounded-medium fasc-style-bold\" style=\"background-color: #339e5a; color: #ffffff;\" href=\"https:\/\/librodepoesia.com\/autor\/carlos-alejandro-rubio-teres\/\">COMPRA SUS LIBROS<\/a><\/p>\n[\/vc_column_text][\/vc_column][\/vc_row][vc_row][vc_column]<div id=\"rowvcpt-row-settings\" class=\"rowvcpt-row-set RowVcPt-row-setting69e4af95a4af6 \" data-no=\"RowVcPt-row-setting69e4af95a4af6\"><div class=\"columns-bg-wrap columns-bg-anim-colors\" style=\"opacity: 1;background: -moz-linear-gradient(top, #e0e0e0 0%, #f7f7f7 100%);background: -webkit-gradient(linear, left top, left bottom, color-stop(0%,#e0e0e0), color-stop(100%,#f7f7f7));background: -webkit-linear-gradient(top, #e0e0e0 0%,#f7f7f7 100%);background: -o-linear-gradient(top, #e0e0e0 0%,#f7f7f7 100%);background: -ms-linear-gradient(top, #e0e0e0 0%,#f7f7f7 100%);background: linear-gradient(to bottom, #e0e0e0 0%,#f7f7f7 100%);\"><\/div><\/div>[vc_column_text css=&#8221;.vc_custom_1669113196180{padding: 30px !important;}&#8221;]Esta p\u00e1gina web est\u00e1 realizada por el GRUPO EDITORIAL P\u00c9REZ-AYALA para el escritor JUAN CARLOS BARCEL\u00d3 S\u00c1NCHEZ porque acaba de publicar un libro en una de las siguientes editoriales de poes\u00eda:<br \/>\nEditorial Poes\u00eda eres t\u00fa: Una editorial para poetas contempor\u00e1neos, con un cat\u00e1logo diverso de las diferentes tendencias de la poes\u00eda.<br \/>\nEdiciones Rilke: Una colecci\u00f3n de poes\u00eda cl\u00e1sica con poetas contempor\u00e1neos de gran trayectoria.<br \/>\nEdiciones Azor\u00edn: Una editorial para escritores y temas de Alicante y Murcia, un sello regional a nivel nacional.<br \/>\nContamos tambi\u00e9n con editoriales de narrativa como Ediciones Amaniel y una editorial de autoedici\u00f3n como la Editorial Agencia del libro y un sistema de crowdfunding de libros para que los nuevos escritores puedan publicar un libro gratis.<br \/>\nInformaci\u00f3n tras publicar un libro: ENTRE EL MIEDO Y LA AUSENCIA. MI SOLEDAD CONVERSADA de JUAN CARLOS BARCEL\u00d3 S\u00c1NCHEZ con la editorial de poes\u00eda Editorial Poes\u00eda eres t\u00fa.<br \/>\nJUAN CARLOS BARCEL\u00d3 S\u00c1NCHEZ logra publicar un libro de poes\u00eda, ENTRE EL MIEDO Y LA AUSENCIA. MI SOLEDAD CONVERSADA, tras un proceso de selecci\u00f3n de obras con la Editorial Poes\u00eda eres t\u00fa.<br \/>\nTodos los derechos del libro ENTRE EL MIEDO Y LA AUSENCIA. MI SOLEDAD CONVERSADA pertenecen a JUAN CARLOS BARCEL\u00d3 S\u00c1NCHEZ tras publicar un libro con la Editorial Poes\u00eda eres t\u00fa.<br \/>\nPublicar un libro de poes\u00eda como ENTRE EL MIEDO Y LA AUSENCIA. MI SOLEDAD CONVERSADA de JUAN CARLOS BARCEL\u00d3 S\u00c1NCHEZ es posible gracias al trabajo de todo el equipo de la Editorial Poes\u00eda eres t\u00fa.<br \/>\nToda la promoci\u00f3n del libro ENTRE EL MIEDO Y LA AUSENCIA. MI SOLEDAD CONVERSADA la puedes ver en la p\u00e1gina de la Editorial Poes\u00eda eres t\u00fa y en la web que la editorial le hace a JUAN CARLOS BARCEL\u00d3 S\u00c1NCHEZ tras publicar un libro.<br \/>\nJUAN CARLOS BARCEL\u00d3 S\u00c1NCHEZ agradece a la Editorial Poes\u00eda eres t\u00fa y la Agencia del libro por facilitar el trabajo de publicar un libro: ENTRE EL MIEDO Y LA AUSENCIA. MI SOLEDAD CONVERSADA.<br \/>\nLa Editorial Poes\u00eda eres t\u00fa y JUAN CARLOS BARCEL\u00d3 S\u00c1NCHEZ agradecen la colaboraci\u00f3n de los poetas, que han conseguido publicar un libro, y lectores del libro ENTRE EL MIEDO Y LA AUSENCIA. MI SOLEDAD CONVERSADA por su colaboraci\u00f3n en la promoci\u00f3n y difusi\u00f3n de la obra.[\/vc_column_text][\/vc_column][\/vc_row]\n<\/div>","protected":false},"excerpt":{"rendered":"<p>[vc_row full_width=&#8221;stretch_row_content_no_spaces&#8221;][vc_column extend=&#8221;false&#8221;][layerslider_vc id=&#8221;1&#8243;][\/vc_column][\/vc_row][vc_row extend=&#8221;false&#8221; design__empty_1=&#8221;&#8221; background=&#8221;&#8221; background_image_type=&#8221;static&#8221; background_image__effect=&#8221;&#8221; bg_size=&#8221;initial&#8221; bg_position=&#8221;center-center&#8221; row_bg_image=&#8221;&#8221; bg_repeat=&#8221;no-repeat&#8221; background_image_type__bg_color=&#8221;rgba(255, 255, 255, 1)&#8221; row_bg_parallax_images=&#8221;&#8221; row_bg_slideshow_images=&#8221;&#8221; background_video_type=&#8221;youtube&#8221; background_video__youtube__url=&#8221;&#8221; background_video__youtube__parallax=&#8221;&#8221; background_video__youtube__options=&#8221;&#8221; background_video__youtube__fallback_image=&#8221;&#8221; background_video__hosted__mp4=&#8221;&#8221; background_video__hosted__webm=&#8221;&#8221; background_video__hosted__ogv=&#8221;&#8221; background_video__hosted__parallax=&#8221;&#8221; background_video__hosted__options=&#8221;&#8221; background_video__hosted__fallback_image=&#8221;&#8221; background_color_type=&#8221;color&#8221; bg__empty_1=&#8221;&#8221; background_color_type__gradient_color1=&#8221;rgba(44, 74, 228, 1)&#8221; background_color_type__gradient_color2=&#8221;rgba(44, 74, 228, 1)&#8221; background_color_type__color_color1=&#8221;rgba(44, 74, 228, 1)&#8221; bg__empty_2=&#8221;&#8221; background_color__effect=&#8221;&#8221; background_color__direction=&#8221;left-to-right&#8221; settings__tag_1=&#8221;&#8221; viewport_lg=&#8221;&#8221; viewport_md=&#8221;&#8221; viewport_sm=&#8221;&#8221; viewport_xs=&#8221;&#8221; settings__empty_1=&#8221;&#8221; version=&#8221;1&#8243;][vc_column width=&#8221;1\/2&#8243; [&hellip;]<\/p>\n","protected":false},"author":1,"featured_media":0,"parent":0,"menu_order":0,"comment_status":"closed","ping_status":"closed","template":"","meta":{"_acf_changed":false,"footnotes":""},"class_list":["post-18","page","type-page","status-publish","hentry"],"acf":[],"yoast_head":"<!-- This site is optimized with the Yoast SEO Premium plugin v24.7 (Yoast SEO v27.4) - https:\/\/yoast.com\/product\/yoast-seo-premium-wordpress\/ -->\n<title>Escritor - Juan Carlos Barcel\u00f3<\/title>\n<meta name=\"description\" content=\"Juan Carlos Barcel\u00f3 es el escritor del libro ENTRE EL MIEDO Y LA AUSENCIA. MI SOLEDAD CONVERSADA.\" \/>\n<meta name=\"robots\" content=\"index, follow, max-snippet:-1, max-image-preview:large, max-video-preview:-1\" \/>\n<link rel=\"canonical\" href=\"https:\/\/nuestrosescritores.com\/juancarlosbarcelo\/\" \/>\n<meta property=\"og:locale\" content=\"es_ES\" \/>\n<meta property=\"og:type\" content=\"article\" \/>\n<meta property=\"og:title\" content=\"Escritor\" \/>\n<meta property=\"og:description\" content=\"Juan Carlos Barcel\u00f3 es el escritor del libro ENTRE EL MIEDO Y LA AUSENCIA. MI SOLEDAD CONVERSADA.\" \/>\n<meta property=\"og:url\" content=\"https:\/\/nuestrosescritores.com\/juancarlosbarcelo\/\" \/>\n<meta property=\"og:site_name\" content=\"Juan Carlos Barcel\u00f3\" \/>\n<meta property=\"article:modified_time\" content=\"2023-02-12T21:47:43+00:00\" \/>\n<meta name=\"twitter:card\" content=\"summary_large_image\" \/>\n<meta name=\"twitter:label1\" content=\"Tiempo de lectura\" \/>\n\t<meta name=\"twitter:data1\" content=\"5 minutos\" \/>\n<script type=\"application\/ld+json\" class=\"yoast-schema-graph\">{\"@context\":\"https:\\\/\\\/schema.org\",\"@graph\":[{\"@type\":\"WebPage\",\"@id\":\"https:\\\/\\\/nuestrosescritores.com\\\/juancarlosbarcelo\\\/\",\"url\":\"https:\\\/\\\/nuestrosescritores.com\\\/juancarlosbarcelo\\\/\",\"name\":\"Escritor - Juan Carlos Barcel\u00f3\",\"isPartOf\":{\"@id\":\"https:\\\/\\\/nuestrosescritores.com\\\/juancarlosbarcelo\\\/#website\"},\"datePublished\":\"2022-12-25T11:56:14+00:00\",\"dateModified\":\"2023-02-12T21:47:43+00:00\",\"description\":\"Juan Carlos Barcel\u00f3 es el escritor del libro ENTRE EL MIEDO Y LA AUSENCIA. MI SOLEDAD CONVERSADA.\",\"breadcrumb\":{\"@id\":\"https:\\\/\\\/nuestrosescritores.com\\\/juancarlosbarcelo\\\/#breadcrumb\"},\"inLanguage\":\"es\",\"potentialAction\":[{\"@type\":\"ReadAction\",\"target\":[\"https:\\\/\\\/nuestrosescritores.com\\\/juancarlosbarcelo\\\/\"]}]},{\"@type\":\"BreadcrumbList\",\"@id\":\"https:\\\/\\\/nuestrosescritores.com\\\/juancarlosbarcelo\\\/#breadcrumb\",\"itemListElement\":[{\"@type\":\"ListItem\",\"position\":1,\"name\":\"Portada\",\"item\":\"https:\\\/\\\/nuestrosescritores.com\\\/juancarlosbarcelo\\\/\"},{\"@type\":\"ListItem\",\"position\":2,\"name\":\"Escritor\"}]},{\"@type\":\"WebSite\",\"@id\":\"https:\\\/\\\/nuestrosescritores.com\\\/juancarlosbarcelo\\\/#website\",\"url\":\"https:\\\/\\\/nuestrosescritores.com\\\/juancarlosbarcelo\\\/\",\"name\":\"Nuestros escritores\",\"description\":\"Escritor\",\"potentialAction\":[{\"@type\":\"SearchAction\",\"target\":{\"@type\":\"EntryPoint\",\"urlTemplate\":\"https:\\\/\\\/nuestrosescritores.com\\\/juancarlosbarcelo\\\/?s={search_term_string}\"},\"query-input\":{\"@type\":\"PropertyValueSpecification\",\"valueRequired\":true,\"valueName\":\"search_term_string\"}}],\"inLanguage\":\"es\"}]}<\/script>\n<!-- \/ Yoast SEO Premium plugin. -->","yoast_head_json":{"title":"Escritor - Juan Carlos Barcel\u00f3","description":"Juan Carlos Barcel\u00f3 es el escritor del libro ENTRE EL MIEDO Y LA AUSENCIA. MI SOLEDAD CONVERSADA.","robots":{"index":"index","follow":"follow","max-snippet":"max-snippet:-1","max-image-preview":"max-image-preview:large","max-video-preview":"max-video-preview:-1"},"canonical":"https:\/\/nuestrosescritores.com\/juancarlosbarcelo\/","og_locale":"es_ES","og_type":"article","og_title":"Escritor","og_description":"Juan Carlos Barcel\u00f3 es el escritor del libro ENTRE EL MIEDO Y LA AUSENCIA. MI SOLEDAD CONVERSADA.","og_url":"https:\/\/nuestrosescritores.com\/juancarlosbarcelo\/","og_site_name":"Juan Carlos Barcel\u00f3","article_modified_time":"2023-02-12T21:47:43+00:00","twitter_card":"summary_large_image","twitter_misc":{"Tiempo de lectura":"5 minutos"},"schema":{"@context":"https:\/\/schema.org","@graph":[{"@type":"WebPage","@id":"https:\/\/nuestrosescritores.com\/juancarlosbarcelo\/","url":"https:\/\/nuestrosescritores.com\/juancarlosbarcelo\/","name":"Escritor - Juan Carlos Barcel\u00f3","isPartOf":{"@id":"https:\/\/nuestrosescritores.com\/juancarlosbarcelo\/#website"},"datePublished":"2022-12-25T11:56:14+00:00","dateModified":"2023-02-12T21:47:43+00:00","description":"Juan Carlos Barcel\u00f3 es el escritor del libro ENTRE EL MIEDO Y LA AUSENCIA. MI SOLEDAD CONVERSADA.","breadcrumb":{"@id":"https:\/\/nuestrosescritores.com\/juancarlosbarcelo\/#breadcrumb"},"inLanguage":"es","potentialAction":[{"@type":"ReadAction","target":["https:\/\/nuestrosescritores.com\/juancarlosbarcelo\/"]}]},{"@type":"BreadcrumbList","@id":"https:\/\/nuestrosescritores.com\/juancarlosbarcelo\/#breadcrumb","itemListElement":[{"@type":"ListItem","position":1,"name":"Portada","item":"https:\/\/nuestrosescritores.com\/juancarlosbarcelo\/"},{"@type":"ListItem","position":2,"name":"Escritor"}]},{"@type":"WebSite","@id":"https:\/\/nuestrosescritores.com\/juancarlosbarcelo\/#website","url":"https:\/\/nuestrosescritores.com\/juancarlosbarcelo\/","name":"Nuestros escritores","description":"Escritor","potentialAction":[{"@type":"SearchAction","target":{"@type":"EntryPoint","urlTemplate":"https:\/\/nuestrosescritores.com\/juancarlosbarcelo\/?s={search_term_string}"},"query-input":{"@type":"PropertyValueSpecification","valueRequired":true,"valueName":"search_term_string"}}],"inLanguage":"es"}]}},"_links":{"self":[{"href":"https:\/\/nuestrosescritores.com\/juancarlosbarcelo\/wp-json\/wp\/v2\/pages\/18","targetHints":{"allow":["GET"]}}],"collection":[{"href":"https:\/\/nuestrosescritores.com\/juancarlosbarcelo\/wp-json\/wp\/v2\/pages"}],"about":[{"href":"https:\/\/nuestrosescritores.com\/juancarlosbarcelo\/wp-json\/wp\/v2\/types\/page"}],"author":[{"embeddable":true,"href":"https:\/\/nuestrosescritores.com\/juancarlosbarcelo\/wp-json\/wp\/v2\/users\/1"}],"replies":[{"embeddable":true,"href":"https:\/\/nuestrosescritores.com\/juancarlosbarcelo\/wp-json\/wp\/v2\/comments?post=18"}],"version-history":[{"count":0,"href":"https:\/\/nuestrosescritores.com\/juancarlosbarcelo\/wp-json\/wp\/v2\/pages\/18\/revisions"}],"wp:attachment":[{"href":"https:\/\/nuestrosescritores.com\/juancarlosbarcelo\/wp-json\/wp\/v2\/media?parent=18"}],"curies":[{"name":"wp","href":"https:\/\/api.w.org\/{rel}","templated":true}]}}