{"id":123,"date":"2025-11-23T11:10:30","date_gmt":"2025-11-23T10:10:30","guid":{"rendered":"https:\/\/nuestrosescritores.com\/juanargelina\/?page_id=123"},"modified":"2025-11-23T13:35:08","modified_gmt":"2025-11-23T12:35:08","slug":"poesias","status":"publish","type":"page","link":"https:\/\/nuestrosescritores.com\/juanargelina\/poesias\/","title":{"rendered":"POES\u00cdAS"},"content":{"rendered":"<div class=\"wpb-content-wrapper\">[vc_row full_width=&#8221;stretch_row_content_no_spaces&#8221;][vc_column extend=&#8221;false&#8221;]<div class='gambit_parallax_row' data-bg-align='' data-direction='fixed' data-opacity='100' data-velocity='-0.3' data-mobile-enabled='' data-bg-height='1416' data-bg-width='1064' data-bg-image='https:\/\/nuestrosescritores.com\/juanargelina\/wp-content\/uploads\/sites\/223\/2025\/11\/freepik__crea-una-imagen-de-escombros-de-edificios-antiguos__70399.webp' data-bg-repeat='false' data-id='' style='display: none'><\/div><div class=\"gambit_fullheight_row\" data-content-location=\"center\" style=\"display: none\"><\/div>[\/vc_column][\/vc_row][vc_row][vc_column extend=&#8221;false&#8221; css=&#8221;.vc_custom_1763901255440{padding: 5% !important;}&#8221;][vc_column_text]\n<ol>\n<li><strong> UN D\u00cdA ACONTECI\u00d3\u2026<\/strong><\/li>\n<\/ol>\n<p><em>De la secci\u00f3n I: Los comienzos del dolor<\/em><\/p>\n<p>Un d\u00eda aconteci\u00f3\u2026<br \/>\nque el diablo sopl\u00f3 sobre la mesa del justo<br \/>\ny las migas se hicieron cenizas.<br \/>\nDios, que hab\u00eda permitido la prueba,<br \/>\nmir\u00f3 al hombre desde lejos; y en la tierra<br \/>\nlas piedras aprendieron la lengua del lamento.<\/p>\n<p>Ese d\u00eda ardi\u00f3 Gaza.<br \/>\nRepiti\u00f3 el antiguo dolor.<br \/>\nLas calles fueron restos calcinados,<br \/>\nlos nombres se volvieron humo,<br \/>\ny las cunas quedaron abiertas como bocas sin voz.<br \/>\nPalestina se cubri\u00f3 de pa\u00f1os oscuros<br \/>\ny Gaza record\u00f3 su memoria de escombros.<\/p>\n<p>Los poderosos, hinchados de s\u00ed mismos,<br \/>\nalzaron su autoridad como si fuera divina,<br \/>\npero eran solo manos prestadas,<br \/>\ninstrumentos del diablo que goza<br \/>\ncuando la inocencia es sacrificada.<\/p>\n<p>Job se sent\u00f3 en la ceniza y dijo:<br \/>\n&#8220;Mi herida es la herida de un pueblo,<br \/>\nmi llaga es la llaga de los ni\u00f1os&#8221;.<br \/>\nY aun as\u00ed, el cielo call\u00f3,<br \/>\ncomo si el silencio fuera parte de la apuesta.<\/p>\n<p>La tierra, en cambio, habl\u00f3:<br \/>\ncada grano de arena pronunci\u00f3 un nombre,<br \/>\ncada sombra se\u00f1al\u00f3 a un ausente.<br \/>\nY el justo comprendi\u00f3<br \/>\nque su historia y la de Gaza eran una sola<br \/>\nque comenzaba en el dolor<br \/>\ny buscaba a tientas el sentido.<\/p>\n<p>&nbsp;<\/p>\n<p>&nbsp;<\/p>\n<span class='bctt-click-to-tweet'><span class='bctt-ctt-text'><a href='https:\/\/x.com\/intent\/tweet?url=https%3A%2F%2Fnuestrosescritores.com%2Fjuanargelina%2Fpoesias%2F&#038;text=UN%20D%C3%8DA%20ACONTECI%C3%93%E2%80%A6%C2%A0del%20libro%20JOB%20EN%20GAZA%20de%20JUAN%20ARGELINA&#038;via=poesiaerestu&#038;related=poesiaerestu' target='_blank'rel=\"noopener noreferrer\">UN D\u00cdA ACONTECI\u00d3\u2026&nbsp;del libro JOB EN GAZA de JUAN ARGELINA <\/a><\/span><a href='https:\/\/x.com\/intent\/tweet?url=https%3A%2F%2Fnuestrosescritores.com%2Fjuanargelina%2Fpoesias%2F&#038;text=UN%20D%C3%8DA%20ACONTECI%C3%93%E2%80%A6%C2%A0del%20libro%20JOB%20EN%20GAZA%20de%20JUAN%20ARGELINA&#038;via=poesiaerestu&#038;related=poesiaerestu' target='_blank' class='bctt-ctt-btn'rel=\"noopener noreferrer\">Compartir en X<\/a><\/span>\n<p>&nbsp;[\/vc_column_text][\/vc_column][\/vc_row][vc_row full_width=&#8221;stretch_row_content_no_spaces&#8221;][vc_column extend=&#8221;false&#8221;]<div class='gambit_parallax_row' data-bg-align='' data-direction='fixed' data-opacity='100' data-velocity='-0.3' data-mobile-enabled='' data-bg-height='1416' data-bg-width='1064' data-bg-image='https:\/\/nuestrosescritores.com\/juanargelina\/wp-content\/uploads\/sites\/223\/2025\/11\/freepik__crea-una-imagen-de-una-balanza-antigua-de-justicia__70406.webp' data-bg-repeat='false' data-id='' style='display: none'><\/div><div class=\"gambit_fullheight_row\" data-content-location=\"center\" style=\"display: none\"><\/div>[\/vc_column][\/vc_row][vc_row css=&#8221;.vc_custom_1763901267670{padding: 5% !important;}&#8221;][vc_column extend=&#8221;false&#8221;][vc_column_text]\n<ol start=\"2\">\n<li><strong> GRITA AHORA\u2026<\/strong><\/li>\n<\/ol>\n<p><em>De la secci\u00f3n II: La voz del lamento<\/em><\/p>\n<p>Alza tu voz, Job, desde las ruinas de Gaza,<br \/>\ndesde sus calles abiertas,<br \/>\na los hogares convertidos en restos sin due\u00f1o.<br \/>\nClama al aire, aunque no responda,<br \/>\nclama al cielo, aunque permanezca cerrado.<\/p>\n<p>Que tu voz se mezcle con los gritos<br \/>\nde los padres que buscan a sus hijos<br \/>\nbajo los escombros,<br \/>\ncon el llanto de las mujeres<br \/>\nque sostienen fotograf\u00edas ennegrecidas,<br \/>\ncon la respiraci\u00f3n entrecortada<br \/>\nde los ancianos que ya no tienen techo.<\/p>\n<p>El diablo escucha y se complace:<br \/>\nlos poderosos han sido sus disc\u00edpulos,<br \/>\nellos sacrifican Gaza como si fuera ofrenda,<br \/>\nhacen de Palestina un altar de sangre,<br \/>\ny de los exiliados un desierto de huesos.<\/p>\n<p>Job, alza tu voz hasta quebrarla,<br \/>\naunque no haya respuesta inmediata,<br \/>\nporque si callas,<br \/>\nel silencio ser\u00e1 victoria para el enemigo.<\/p>\n<p>Que tu grito sea memoria,<br \/>\nque tu voz sea resistencia,<br \/>\nque tus palabras sean testimonio.<\/p>\n<p>&nbsp;<\/p>\n<span class='bctt-click-to-tweet'><span class='bctt-ctt-text'><a href='https:\/\/x.com\/intent\/tweet?url=https%3A%2F%2Fnuestrosescritores.com%2Fjuanargelina%2Fpoesias%2F&#038;text=GRITA%20AHORA%E2%80%A6%20del%20libro%20JOB%20EN%20GAZA%20de%20JUAN%20ARGELINA&#038;via=poesiaerestu&#038;related=poesiaerestu' target='_blank'rel=\"noopener noreferrer\">GRITA AHORA\u2026 del libro JOB EN GAZA de JUAN ARGELINA <\/a><\/span><a href='https:\/\/x.com\/intent\/tweet?url=https%3A%2F%2Fnuestrosescritores.com%2Fjuanargelina%2Fpoesias%2F&#038;text=GRITA%20AHORA%E2%80%A6%20del%20libro%20JOB%20EN%20GAZA%20de%20JUAN%20ARGELINA&#038;via=poesiaerestu&#038;related=poesiaerestu' target='_blank' class='bctt-ctt-btn'rel=\"noopener noreferrer\">Compartir en X<\/a><\/span>\n<p>&nbsp;<\/p>\n<p>&nbsp;[\/vc_column_text][\/vc_column][\/vc_row][vc_row][vc_column extend=&#8221;false&#8221;]<div class='gambit_parallax_row' data-bg-align='' data-direction='fixed' data-opacity='100' data-velocity='-0.3' data-mobile-enabled='' data-bg-height='2560' data-bg-width='1440' data-bg-image='https:\/\/nuestrosescritores.com\/juanargelina\/wp-content\/uploads\/sites\/223\/2025\/11\/Firefly_Crea-una-imagen-de-un-remolino-de-viento-llevandose-cenizas-que-forman-siluetas-human-180554-2.webp' data-bg-repeat='false' data-id='' style='display: none'><\/div><div class=\"gambit_fullheight_row\" data-content-location=\"center\" style=\"display: none\"><\/div>[\/vc_column][\/vc_row][vc_row][vc_column extend=&#8221;false&#8221; css=&#8221;.vc_custom_1763901279387{padding: 5% !important;}&#8221;][vc_column_text]\n<h1><a name=\"_Toc50565520\"><\/a><\/h1>\n<ol start=\"3\">\n<li><strong> \u00bfTIENES T\u00da OJOS DE CARNE?<\/strong><\/li>\n<\/ol>\n<p><em>De la secci\u00f3n III: La ausencia de respuesta<\/em><\/p>\n<p>\u00bfTienes t\u00fa ojos de carne?<br \/>\npregunta Job a Dios,<br \/>\npregunta Gaza entre sus ruinas,<br \/>\npregunta Palestina cada d\u00eda que sangra.<\/p>\n<p>Si tuvieras ojos de carne,<br \/>\nno permitir\u00edas que los ni\u00f1os fueran cifras,<br \/>\nno permitir\u00edas que las casas fueran tumbas,<br \/>\nno permitir\u00edas que el pan se mezclara con ceniza.<\/p>\n<p>El diablo, en cambio,<br \/>\ns\u00ed mira con ojos de carne:<br \/>\nse deleita con la sangre,<br \/>\nse alimenta con el dolor,<br \/>\nse sacia con el sacrificio de los inocentes.<\/p>\n<p>\u00bfTienes t\u00fa ojos de carne, Dios?<br \/>\nSi los tienes, mira.<br \/>\nSi no los tienes, escucha.<br \/>\nPorque la voz de Job y de Gaza<br \/>\nsube m\u00e1s alto que las bombas,<br \/>\nm\u00e1s alto que el rugido de los ej\u00e9rcitos,<br \/>\nm\u00e1s alto que la risa del diablo.<\/p>\n<p>Si miras con ojos de carne,<br \/>\nno apartes tu mirada.<br \/>\nLlora con nosotros.<\/p>\n<p>&nbsp;<\/p>\n<p>&nbsp;<\/p>\n<p>&nbsp;<\/p>\n<p>&nbsp;<\/p>\n<span class='bctt-click-to-tweet'><span class='bctt-ctt-text'><a href='https:\/\/x.com\/intent\/tweet?url=https%3A%2F%2Fnuestrosescritores.com%2Fjuanargelina%2Fpoesias%2F&#038;text=%C2%BFTIENES%20T%C3%9A%20OJOS%20DE%20CARNE%3F%20del%20libro%20JOB%20EN%20GAZA%20de%20JUAN%20ARGELINA&#038;via=poesiaerestu&#038;related=poesiaerestu' target='_blank'rel=\"noopener noreferrer\">\u00bfTIENES T\u00da OJOS DE CARNE? del libro JOB EN GAZA de JUAN ARGELINA <\/a><\/span><a href='https:\/\/x.com\/intent\/tweet?url=https%3A%2F%2Fnuestrosescritores.com%2Fjuanargelina%2Fpoesias%2F&#038;text=%C2%BFTIENES%20T%C3%9A%20OJOS%20DE%20CARNE%3F%20del%20libro%20JOB%20EN%20GAZA%20de%20JUAN%20ARGELINA&#038;via=poesiaerestu&#038;related=poesiaerestu' target='_blank' class='bctt-ctt-btn'rel=\"noopener noreferrer\">Compartir en X<\/a><\/span>[\/vc_column_text][\/vc_column][\/vc_row][vc_row][vc_column extend=&#8221;false&#8221;]<div class='gambit_parallax_row' data-bg-align='' data-direction='fixed' data-opacity='100' data-velocity='-0.3' data-mobile-enabled='' data-bg-height='2560' data-bg-width='1440' data-bg-image='https:\/\/nuestrosescritores.com\/juanargelina\/wp-content\/uploads\/sites\/223\/2025\/11\/Firefly_Crea-una-imagen-de-escombros-de-edificios-antiguos-con-paginas-de-libros-flotando-ent-180554-1.webp' data-bg-repeat='false' data-id='' style='display: none'><\/div><div class=\"gambit_fullheight_row\" data-content-location=\"center\" style=\"display: none\"><\/div>[\/vc_column][\/vc_row][vc_row][vc_column extend=&#8221;false&#8221; css=&#8221;.vc_custom_1763901290426{padding: 5% !important;}&#8221;][vc_column_text]\n<h1><a name=\"_Toc50565535\"><\/a><\/h1>\n<p><strong>MIRADME Y ESPANTAOS<\/strong><\/p>\n<p><em>De la secci\u00f3n VI: La visi\u00f3n y el espanto<\/em><\/p>\n<p>Miradme y espantaos,<br \/>\ndice Job, cubierto de heridas.<br \/>\nMiradme, y ver\u00e9is a Gaza,<br \/>\nmiradme, y ver\u00e9is a Palestina entera,<br \/>\nllagas abiertas en la historia de los hombres.<\/p>\n<p>El espanto no est\u00e1 solo en mi carne,<br \/>\nest\u00e1 en los cuerpos esparcidos,<br \/>\nen las casas rotas,<br \/>\nen los gritos que no cesan.<\/p>\n<p>Miradme y espantaos,<br \/>\nporque lo que hoy veis en m\u00ed<br \/>\npuede ser ma\u00f1ana vuestra herida.<br \/>\nEl diablo no descansa,<br \/>\ny busca siempre nuevas v\u00edctimas,<br \/>\nnuevos pueblos que reducir a la miseria.<\/p>\n<p>Miradme y espantaos,<br \/>\nno para huir,<br \/>\nsino para comprender.<br \/>\nQue mi carne desgarrada<br \/>\nsea espejo de vuestra conciencia,<br \/>\nque mi llaga sea advertencia,<br \/>\nque mi dolor os despierte.<\/p>\n<p>&nbsp;<\/p>\n<span class='bctt-click-to-tweet'><span class='bctt-ctt-text'><a href='https:\/\/x.com\/intent\/tweet?url=https%3A%2F%2Fnuestrosescritores.com%2Fjuanargelina%2Fpoesias%2F&#038;text=MIRADME%20Y%20ESPANTAOS%20del%20libro%20JOB%20EN%20GAZA%20de%20JUAN%20ARGELINA&#038;via=poesiaerestu&#038;related=poesiaerestu' target='_blank'rel=\"noopener noreferrer\">MIRADME Y ESPANTAOS del libro JOB EN GAZA de JUAN ARGELINA <\/a><\/span><a href='https:\/\/x.com\/intent\/tweet?url=https%3A%2F%2Fnuestrosescritores.com%2Fjuanargelina%2Fpoesias%2F&#038;text=MIRADME%20Y%20ESPANTAOS%20del%20libro%20JOB%20EN%20GAZA%20de%20JUAN%20ARGELINA&#038;via=poesiaerestu&#038;related=poesiaerestu' target='_blank' class='bctt-ctt-btn'rel=\"noopener noreferrer\">Compartir en X<\/a><\/span>[\/vc_column_text][\/vc_column][\/vc_row][vc_row][vc_column extend=&#8221;false&#8221;]<div class='gambit_parallax_row' data-bg-align='' data-direction='fixed' data-opacity='100' data-velocity='-0.3' data-mobile-enabled='' data-bg-height='2560' data-bg-width='1440' data-bg-image='https:\/\/nuestrosescritores.com\/juanargelina\/wp-content\/uploads\/sites\/223\/2025\/11\/Firefly_Crea-una-imagen-de-un-antiguo-olivo-retorcido-con-raices-profundas-visible-entre-tier-180554.webp' data-bg-repeat='false' data-id='' style='display: none'><\/div><div class=\"gambit_fullheight_row\" data-content-location=\"center\" style=\"display: none\"><\/div>[\/vc_column][\/vc_row][vc_row][vc_column extend=&#8221;false&#8221; css=&#8221;.vc_custom_1763901301101{padding: 5% !important;}&#8221;][vc_column_text]\n<h1><a name=\"_Toc29236770\"><\/a><\/h1>\n<h1><a name=\"_Toc50565544\"><\/a><\/h1>\n<ol start=\"5\">\n<li><strong> SOY SEMEJANTE AL POLVO<\/strong><\/li>\n<\/ol>\n<p><em>De la secci\u00f3n VIII: La aflicci\u00f3n y la semilla<\/em><\/p>\n<p>Soy semejante al resto calcinado,<br \/>\ndice Job, cubierto de heridas.<br \/>\nSoy semejante a Gaza,<br \/>\nreducida a ruinas y escombros.<br \/>\nSoy semejante a los muertos sin nombre,<br \/>\na los exiliados sin casa,<br \/>\na los hu\u00e9rfanos sin futuro.<\/p>\n<p>El diablo cree que con cenizas<br \/>\nha escrito el final.<br \/>\nPero no sabe que la ceniza<br \/>\nes tambi\u00e9n semilla,<br \/>\nque el polvo guarda vida escondida,<br \/>\nque de lo roto puede nacer lo nuevo.<\/p>\n<p>Soy semejante al resto calcinado,<br \/>\ny sin embargo respiro,<br \/>\ny sin embargo clamo,<br \/>\ny sin embargo espero.<\/p>\n<p>El mundo podr\u00e1 mirarme como despojo,<br \/>\npero Dios me mira como testigo.<br \/>\nY en mi voz, rota pero firme,<br \/>\nPalestina entera resucita.<\/p>\n<p>&nbsp;<\/p>\n<p>&nbsp;<\/p>\n<p>&nbsp;<\/p>\n<p>&nbsp;<\/p>\n<p>&nbsp;<\/p>\n<p>&nbsp;<\/p>\n<span class='bctt-click-to-tweet'><span class='bctt-ctt-text'><a href='https:\/\/x.com\/intent\/tweet?url=https%3A%2F%2Fnuestrosescritores.com%2Fjuanargelina%2Fpoesias%2F&#038;text=SOY%20SEMEJANTE%20AL%20POLVO%20del%20libro%20JOB%20EN%20GAZA%20de%20JUAN%20ARGELINA&#038;via=poesiaerestu&#038;related=poesiaerestu' target='_blank'rel=\"noopener noreferrer\">SOY SEMEJANTE AL POLVO del libro JOB EN GAZA de JUAN ARGELINA <\/a><\/span><a href='https:\/\/x.com\/intent\/tweet?url=https%3A%2F%2Fnuestrosescritores.com%2Fjuanargelina%2Fpoesias%2F&#038;text=SOY%20SEMEJANTE%20AL%20POLVO%20del%20libro%20JOB%20EN%20GAZA%20de%20JUAN%20ARGELINA&#038;via=poesiaerestu&#038;related=poesiaerestu' target='_blank' class='bctt-ctt-btn'rel=\"noopener noreferrer\">Compartir en X<\/a><\/span>[\/vc_column_text][\/vc_column][\/vc_row][vc_row][vc_column extend=&#8221;false&#8221;]<div class='gambit_parallax_row' data-bg-align='' data-direction='fixed' data-opacity='100' data-velocity='-0.3' data-mobile-enabled='' data-bg-height='2560' data-bg-width='1911' data-bg-image='https:\/\/nuestrosescritores.com\/juanargelina\/wp-content\/uploads\/sites\/223\/2025\/11\/Editor_sombras-Topaz-Gigapixel-2x-scale-scaled.webp' data-bg-repeat='false' data-id='' style='display: none'><\/div><div class=\"gambit_fullheight_row\" data-content-location=\"center\" style=\"display: none\"><\/div>[vc_column_text css=&#8221;&#8221;]\n<p style=\"text-align: center;\"><a class=\"fasc-button fasc-size-xlarge fasc-type-glossy fasc-rounded-medium\" style=\"background-color: #33809e; color: #ffffff;\" href=\"https:\/\/gepa.es\/producto\/job-en-gaza-juan-argelina\/\">Comprar el libro<\/a><\/p>\n[\/vc_column_text][\/vc_column][\/vc_row]\n<\/div>","protected":false},"excerpt":{"rendered":"<p>[vc_row full_width=&#8221;stretch_row_content_no_spaces&#8221;][vc_column extend=&#8221;false&#8221;][\/vc_column][\/vc_row][vc_row][vc_column extend=&#8221;false&#8221; css=&#8221;.vc_custom_1763901255440{padding: 5% !important;}&#8221;][vc_column_text] UN D\u00cdA ACONTECI\u00d3\u2026 De la secci\u00f3n I: Los comienzos del dolor Un d\u00eda aconteci\u00f3\u2026 que el diablo sopl\u00f3 sobre la mesa del justo y las migas se hicieron cenizas. Dios, que hab\u00eda permitido la prueba, mir\u00f3 al hombre desde lejos; y en la tierra las piedras aprendieron la [&hellip;]<\/p>\n","protected":false},"author":1,"featured_media":76,"parent":0,"menu_order":0,"comment_status":"closed","ping_status":"closed","template":"","meta":{"_acf_changed":false,"footnotes":""},"class_list":["post-123","page","type-page","status-publish","has-post-thumbnail","hentry"],"acf":[],"yoast_head":"<!-- This site is optimized with the Yoast SEO Premium plugin v24.7 (Yoast SEO v27.3) - https:\/\/yoast.com\/product\/yoast-seo-premium-wordpress\/ -->\n<title>POES\u00cdAS - Juan Argelina<\/title>\n<meta name=\"description\" content=\"Selecci\u00f3n de poemas de \u00abJob en Gaza\u00bb (Juan Argelina): dolor, resistencia y memoria desde la mirada po\u00e9tica sobre Gaza y Palestina.\" \/>\n<meta name=\"robots\" content=\"index, follow, max-snippet:-1, max-image-preview:large, max-video-preview:-1\" \/>\n<link rel=\"canonical\" href=\"https:\/\/nuestrosescritores.com\/juanargelina\/poesias\/\" \/>\n<meta property=\"og:locale\" content=\"es_ES\" \/>\n<meta property=\"og:type\" content=\"article\" \/>\n<meta property=\"og:title\" content=\"POES\u00cdAS\" \/>\n<meta property=\"og:description\" content=\"Selecci\u00f3n de poemas de \u00abJob en Gaza\u00bb (Juan Argelina): dolor, resistencia y memoria desde la mirada po\u00e9tica sobre Gaza y Palestina.\" \/>\n<meta property=\"og:url\" content=\"https:\/\/nuestrosescritores.com\/juanargelina\/poesias\/\" \/>\n<meta property=\"og:site_name\" content=\"Juan Argelina\" \/>\n<meta property=\"article:modified_time\" content=\"2025-11-23T12:35:08+00:00\" \/>\n<meta property=\"og:image\" content=\"http:\/\/nuestrosescritores.com\/juanargelina\/wp-content\/uploads\/sites\/223\/2025\/11\/book1.png\" \/>\n\t<meta property=\"og:image:width\" content=\"839\" \/>\n\t<meta property=\"og:image:height\" content=\"794\" \/>\n\t<meta property=\"og:image:type\" content=\"image\/png\" \/>\n<meta name=\"twitter:card\" content=\"summary_large_image\" \/>\n<meta name=\"twitter:label1\" content=\"Tiempo de lectura\" \/>\n\t<meta name=\"twitter:data1\" content=\"6 minutos\" \/>\n<script type=\"application\/ld+json\" class=\"yoast-schema-graph\">{\"@context\":\"https:\\\/\\\/schema.org\",\"@graph\":[{\"@type\":\"WebPage\",\"@id\":\"https:\\\/\\\/nuestrosescritores.com\\\/juanargelina\\\/poesias\\\/\",\"url\":\"https:\\\/\\\/nuestrosescritores.com\\\/juanargelina\\\/poesias\\\/\",\"name\":\"POES\u00cdAS - Juan Argelina\",\"isPartOf\":{\"@id\":\"https:\\\/\\\/nuestrosescritores.com\\\/juanargelina\\\/#website\"},\"primaryImageOfPage\":{\"@id\":\"https:\\\/\\\/nuestrosescritores.com\\\/juanargelina\\\/poesias\\\/#primaryimage\"},\"image\":{\"@id\":\"https:\\\/\\\/nuestrosescritores.com\\\/juanargelina\\\/poesias\\\/#primaryimage\"},\"thumbnailUrl\":\"https:\\\/\\\/nuestrosescritores.com\\\/juanargelina\\\/wp-content\\\/uploads\\\/sites\\\/223\\\/2025\\\/11\\\/book1.png\",\"datePublished\":\"2025-11-23T10:10:30+00:00\",\"dateModified\":\"2025-11-23T12:35:08+00:00\",\"description\":\"Selecci\u00f3n de poemas de \u00abJob en Gaza\u00bb (Juan Argelina): dolor, resistencia y memoria desde la mirada po\u00e9tica sobre Gaza y Palestina.\",\"breadcrumb\":{\"@id\":\"https:\\\/\\\/nuestrosescritores.com\\\/juanargelina\\\/poesias\\\/#breadcrumb\"},\"inLanguage\":\"es\",\"potentialAction\":[{\"@type\":\"ReadAction\",\"target\":[\"https:\\\/\\\/nuestrosescritores.com\\\/juanargelina\\\/poesias\\\/\"]}]},{\"@type\":\"ImageObject\",\"inLanguage\":\"es\",\"@id\":\"https:\\\/\\\/nuestrosescritores.com\\\/juanargelina\\\/poesias\\\/#primaryimage\",\"url\":\"https:\\\/\\\/nuestrosescritores.com\\\/juanargelina\\\/wp-content\\\/uploads\\\/sites\\\/223\\\/2025\\\/11\\\/book1.png\",\"contentUrl\":\"https:\\\/\\\/nuestrosescritores.com\\\/juanargelina\\\/wp-content\\\/uploads\\\/sites\\\/223\\\/2025\\\/11\\\/book1.png\",\"width\":839,\"height\":794},{\"@type\":\"BreadcrumbList\",\"@id\":\"https:\\\/\\\/nuestrosescritores.com\\\/juanargelina\\\/poesias\\\/#breadcrumb\",\"itemListElement\":[{\"@type\":\"ListItem\",\"position\":1,\"name\":\"Portada\",\"item\":\"https:\\\/\\\/nuestrosescritores.com\\\/juanargelina\\\/\"},{\"@type\":\"ListItem\",\"position\":2,\"name\":\"POES\u00cdAS\"}]},{\"@type\":\"WebSite\",\"@id\":\"https:\\\/\\\/nuestrosescritores.com\\\/juanargelina\\\/#website\",\"url\":\"https:\\\/\\\/nuestrosescritores.com\\\/juanargelina\\\/\",\"name\":\"Nuestros escritores\",\"description\":\"Escritor\",\"potentialAction\":[{\"@type\":\"SearchAction\",\"target\":{\"@type\":\"EntryPoint\",\"urlTemplate\":\"https:\\\/\\\/nuestrosescritores.com\\\/juanargelina\\\/?s={search_term_string}\"},\"query-input\":{\"@type\":\"PropertyValueSpecification\",\"valueRequired\":true,\"valueName\":\"search_term_string\"}}],\"inLanguage\":\"es\"}]}<\/script>\n<!-- \/ Yoast SEO Premium plugin. -->","yoast_head_json":{"title":"POES\u00cdAS - Juan Argelina","description":"Selecci\u00f3n de poemas de \u00abJob en Gaza\u00bb (Juan Argelina): dolor, resistencia y memoria desde la mirada po\u00e9tica sobre Gaza y Palestina.","robots":{"index":"index","follow":"follow","max-snippet":"max-snippet:-1","max-image-preview":"max-image-preview:large","max-video-preview":"max-video-preview:-1"},"canonical":"https:\/\/nuestrosescritores.com\/juanargelina\/poesias\/","og_locale":"es_ES","og_type":"article","og_title":"POES\u00cdAS","og_description":"Selecci\u00f3n de poemas de \u00abJob en Gaza\u00bb (Juan Argelina): dolor, resistencia y memoria desde la mirada po\u00e9tica sobre Gaza y Palestina.","og_url":"https:\/\/nuestrosescritores.com\/juanargelina\/poesias\/","og_site_name":"Juan Argelina","article_modified_time":"2025-11-23T12:35:08+00:00","og_image":[{"width":839,"height":794,"url":"http:\/\/nuestrosescritores.com\/juanargelina\/wp-content\/uploads\/sites\/223\/2025\/11\/book1.png","type":"image\/png"}],"twitter_card":"summary_large_image","twitter_misc":{"Tiempo de lectura":"6 minutos"},"schema":{"@context":"https:\/\/schema.org","@graph":[{"@type":"WebPage","@id":"https:\/\/nuestrosescritores.com\/juanargelina\/poesias\/","url":"https:\/\/nuestrosescritores.com\/juanargelina\/poesias\/","name":"POES\u00cdAS - Juan Argelina","isPartOf":{"@id":"https:\/\/nuestrosescritores.com\/juanargelina\/#website"},"primaryImageOfPage":{"@id":"https:\/\/nuestrosescritores.com\/juanargelina\/poesias\/#primaryimage"},"image":{"@id":"https:\/\/nuestrosescritores.com\/juanargelina\/poesias\/#primaryimage"},"thumbnailUrl":"https:\/\/nuestrosescritores.com\/juanargelina\/wp-content\/uploads\/sites\/223\/2025\/11\/book1.png","datePublished":"2025-11-23T10:10:30+00:00","dateModified":"2025-11-23T12:35:08+00:00","description":"Selecci\u00f3n de poemas de \u00abJob en Gaza\u00bb (Juan Argelina): dolor, resistencia y memoria desde la mirada po\u00e9tica sobre Gaza y Palestina.","breadcrumb":{"@id":"https:\/\/nuestrosescritores.com\/juanargelina\/poesias\/#breadcrumb"},"inLanguage":"es","potentialAction":[{"@type":"ReadAction","target":["https:\/\/nuestrosescritores.com\/juanargelina\/poesias\/"]}]},{"@type":"ImageObject","inLanguage":"es","@id":"https:\/\/nuestrosescritores.com\/juanargelina\/poesias\/#primaryimage","url":"https:\/\/nuestrosescritores.com\/juanargelina\/wp-content\/uploads\/sites\/223\/2025\/11\/book1.png","contentUrl":"https:\/\/nuestrosescritores.com\/juanargelina\/wp-content\/uploads\/sites\/223\/2025\/11\/book1.png","width":839,"height":794},{"@type":"BreadcrumbList","@id":"https:\/\/nuestrosescritores.com\/juanargelina\/poesias\/#breadcrumb","itemListElement":[{"@type":"ListItem","position":1,"name":"Portada","item":"https:\/\/nuestrosescritores.com\/juanargelina\/"},{"@type":"ListItem","position":2,"name":"POES\u00cdAS"}]},{"@type":"WebSite","@id":"https:\/\/nuestrosescritores.com\/juanargelina\/#website","url":"https:\/\/nuestrosescritores.com\/juanargelina\/","name":"Nuestros escritores","description":"Escritor","potentialAction":[{"@type":"SearchAction","target":{"@type":"EntryPoint","urlTemplate":"https:\/\/nuestrosescritores.com\/juanargelina\/?s={search_term_string}"},"query-input":{"@type":"PropertyValueSpecification","valueRequired":true,"valueName":"search_term_string"}}],"inLanguage":"es"}]}},"_links":{"self":[{"href":"https:\/\/nuestrosescritores.com\/juanargelina\/wp-json\/wp\/v2\/pages\/123","targetHints":{"allow":["GET"]}}],"collection":[{"href":"https:\/\/nuestrosescritores.com\/juanargelina\/wp-json\/wp\/v2\/pages"}],"about":[{"href":"https:\/\/nuestrosescritores.com\/juanargelina\/wp-json\/wp\/v2\/types\/page"}],"author":[{"embeddable":true,"href":"https:\/\/nuestrosescritores.com\/juanargelina\/wp-json\/wp\/v2\/users\/1"}],"replies":[{"embeddable":true,"href":"https:\/\/nuestrosescritores.com\/juanargelina\/wp-json\/wp\/v2\/comments?post=123"}],"version-history":[{"count":0,"href":"https:\/\/nuestrosescritores.com\/juanargelina\/wp-json\/wp\/v2\/pages\/123\/revisions"}],"wp:featuredmedia":[{"embeddable":true,"href":"https:\/\/nuestrosescritores.com\/juanargelina\/wp-json\/wp\/v2\/media\/76"}],"wp:attachment":[{"href":"https:\/\/nuestrosescritores.com\/juanargelina\/wp-json\/wp\/v2\/media?parent=123"}],"curies":[{"name":"wp","href":"https:\/\/api.w.org\/{rel}","templated":true}]}}