{"id":82,"date":"2025-11-15T20:46:17","date_gmt":"2025-11-15T19:46:17","guid":{"rendered":"https:\/\/nuestrosescritores.com\/josesorianorecio\/?page_id=82"},"modified":"2025-11-15T20:46:17","modified_gmt":"2025-11-15T19:46:17","slug":"poesias","status":"publish","type":"page","link":"https:\/\/nuestrosescritores.com\/josesorianorecio\/poesias\/","title":{"rendered":"POES\u00cdAS"},"content":{"rendered":"<div class=\"wpb-content-wrapper\">[vc_row full_width=&#8221;stretch_row_content_no_spaces&#8221;][vc_column extend=&#8221;false&#8221;]<div class='gambit_parallax_row' data-bg-align='' data-direction='fixed' data-opacity='100' data-velocity='-0.3' data-mobile-enabled='' data-bg-height='2196' data-bg-width='1844' data-bg-image='https:\/\/nuestrosescritores.com\/josesorianorecio\/wp-content\/uploads\/sites\/222\/2025\/11\/1-LOS-TRES-CERDITOS-Y-EL-LOBO-Editor.webp' data-bg-repeat='false' data-id='' style='display: none'><\/div><div class=\"gambit_fullheight_row\" data-content-location=\"center\" style=\"display: none\"><\/div>[\/vc_column][\/vc_row][vc_row][vc_column extend=&#8221;false&#8221;][vc_column_text]\n<p><a name=\"_Toc211268086\"><\/a><strong>1 LOS TRES CERDITOS Y EL LOBO<\/strong><\/p>\n<p>&nbsp;<\/p>\n<p>&nbsp;<\/p>\n<p>Hay un caser\u00f3n con marcas antiguas de otros cuentos y un cerdito enorme que lo vigila en apariencia. Sin brazos y con las piernas anguladas, parece construido a la carrera. Su equilibrio viene dado por una escalera hundida en un costado. Si fluy\u00f3 agua de ese punto nadie hab\u00eda para beber y el manantial se sec\u00f3 hace tiempo. En mitad de un vac\u00edo sin adornos esta marioneta hueca apenas retiene el eco de risas de tres amigos. Es un desierto real del todo abandonado. Nadie vino nunca a reclamar la autor\u00eda de la lejana historia que reh\u00edzo, a su manera, un lobo literal huido de Troya.<\/p>\n<p>&nbsp;<\/p>\n<span class='bctt-click-to-tweet'><span class='bctt-ctt-text'><a href='https:\/\/x.com\/intent\/tweet?url=https%3A%2F%2Fnuestrosescritores.com%2Fjosesorianorecio%2Fpoesias%2F&#038;text=1%20LOS%20TRES%20CERDITOS%20Y%20EL%20LOBO%C2%A0del%20libro%20ALABANZAS%20DE%20ESTO%20Y%20DE%20LO%20OTRO%20de%20JOS%C3%89%20SORIANO%20RECIO&#038;via=poesiaerestu&#038;related=poesiaerestu' target='_blank'rel=\"noopener noreferrer\">1 LOS TRES CERDITOS Y EL LOBO&nbsp;del libro ALABANZAS DE ESTO Y DE LO OTRO de JOS\u00c9 SORIANO RECIO <\/a><\/span><a href='https:\/\/x.com\/intent\/tweet?url=https%3A%2F%2Fnuestrosescritores.com%2Fjosesorianorecio%2Fpoesias%2F&#038;text=1%20LOS%20TRES%20CERDITOS%20Y%20EL%20LOBO%C2%A0del%20libro%20ALABANZAS%20DE%20ESTO%20Y%20DE%20LO%20OTRO%20de%20JOS%C3%89%20SORIANO%20RECIO&#038;via=poesiaerestu&#038;related=poesiaerestu' target='_blank' class='bctt-ctt-btn'rel=\"noopener noreferrer\">Compartir en X<\/a><\/span>\n<p>&nbsp;[\/vc_column_text][\/vc_column][\/vc_row][vc_row full_width=&#8221;stretch_row_content_no_spaces&#8221;][vc_column extend=&#8221;false&#8221;]<div class='gambit_parallax_row' data-bg-align='' data-direction='fixed' data-opacity='100' data-velocity='-0.3' data-mobile-enabled='' data-bg-height='2560' data-bg-width='1952' data-bg-image='https:\/\/nuestrosescritores.com\/josesorianorecio\/wp-content\/uploads\/sites\/222\/2025\/11\/6-JUEGO-n-1-ADIVINANZAEditor-scaled.webp' data-bg-repeat='false' data-id='' style='display: none'><\/div><div class=\"gambit_fullheight_row\" data-content-location=\"center\" style=\"display: none\"><\/div>[\/vc_column][\/vc_row][vc_row][vc_column extend=&#8221;false&#8221;][vc_column_text]\n<h1><a name=\"_Toc50565515\"><\/a><\/h1>\n<ol start=\"9\">\n<li><a name=\"_Toc211268094\"><\/a><strong> DI\u00c1LOGO INTERIOR<\/strong><\/li>\n<\/ol>\n<p>&nbsp;<\/p>\n<p>&nbsp;<\/p>\n<p>Hay un almiar en el campo de golf, al final de la avenida, entre perros que cagan el orden de sus due\u00f1os. Vigila con disciplina un club de hu\u00e9rfanos, hay publicidad an\u00f3nima en el tejado, que se encuentra algo alejado de la acci\u00f3n callejera. Lleva una rama en el hueco del cr\u00e1neo y no le molesta la ocupaci\u00f3n de las alcantarillas, tantas caras mezcladas, redondas y difusas, sino que el \u00fanico signo que podr\u00eda interpretar bien va girando fuera de su alcance. No deja de darle vueltas. Cuando acople la \u00f3rbita del dialogo interior a la de la se\u00f1al externa, todo rotar\u00e1 al mayor sentido. Y eso mismo me repito yo tambi\u00e9n cuando lo veo.<\/p>\n<p>&nbsp;<\/p>\n<span class='bctt-click-to-tweet'><span class='bctt-ctt-text'><a href='https:\/\/x.com\/intent\/tweet?url=https%3A%2F%2Fnuestrosescritores.com%2Fjosesorianorecio%2Fpoesias%2F&#038;text=DI%C3%81LOGO%20INTERIOR%20del%20libro%20ALABANZAS%20DE%20ESTO%20Y%20DE%20LO%20OTRO%20de%20JOS%C3%89%20SORIANO%20RECIO&#038;via=poesiaerestu&#038;related=poesiaerestu' target='_blank'rel=\"noopener noreferrer\">DI\u00c1LOGO INTERIOR del libro ALABANZAS DE ESTO Y DE LO OTRO de JOS\u00c9 SORIANO RECIO <\/a><\/span><a href='https:\/\/x.com\/intent\/tweet?url=https%3A%2F%2Fnuestrosescritores.com%2Fjosesorianorecio%2Fpoesias%2F&#038;text=DI%C3%81LOGO%20INTERIOR%20del%20libro%20ALABANZAS%20DE%20ESTO%20Y%20DE%20LO%20OTRO%20de%20JOS%C3%89%20SORIANO%20RECIO&#038;via=poesiaerestu&#038;related=poesiaerestu' target='_blank' class='bctt-ctt-btn'rel=\"noopener noreferrer\">Compartir en X<\/a><\/span>\n<p>&nbsp;<\/p>\n<p>&nbsp;[\/vc_column_text][\/vc_column][\/vc_row][vc_row][vc_column extend=&#8221;false&#8221;]<div class='gambit_parallax_row' data-bg-align='' data-direction='fixed' data-opacity='100' data-velocity='-0.3' data-mobile-enabled='' data-bg-height='2548' data-bg-width='2195' data-bg-image='https:\/\/nuestrosescritores.com\/josesorianorecio\/wp-content\/uploads\/sites\/222\/2025\/11\/20-HUIZINGA-Y-ESTRAGON-Editor.webp' data-bg-repeat='false' data-id='' style='display: none'><\/div><div class=\"gambit_fullheight_row\" data-content-location=\"center\" style=\"display: none\"><\/div>[\/vc_column][\/vc_row][vc_row][vc_column extend=&#8221;false&#8221;][vc_column_text]\n<h1><a name=\"_Toc50565520\"><\/a><\/h1>\n<ol start=\"18\">\n<li><a name=\"_Toc211268103\"><\/a><strong> HAIKU DE LA REP\u00daBLICA DE LAS AVES<\/strong><\/li>\n<\/ol>\n<p>&nbsp;<\/p>\n<p>&nbsp;<\/p>\n<p>Son dos b\u00e1rbaros llegados del norte a esta rep\u00fablica que se conectaron al presente con id\u00e9ntica obsesi\u00f3n. Son un ave que mira un dado y uno que incendi\u00f3 el horizonte porque su compa\u00f1ero necesita tiempo. Agitando la humareda hacia las nubes se encuentra boca abajo, equilibrado en una pirueta llamativa. Vigila al ave de reojo mientras ejecuta su vibrante danza&#8230; parece obnubilado con lo que el otro lleva tatuado en las plumas:<\/p>\n<p>&nbsp;<\/p>\n<p>huevo, cueva<\/p>\n<p>descifrar\u00e9 el mundo<\/p>\n<p>si hay sombras.<\/p>\n<p>&nbsp;<\/p>\n<p>Colabora en un delito y fijo que quiere sacar algo en limpio. Probablemente el secreto del azar&#8230; aunque llevan as\u00ed mucho tiempo&#8230; sin que nada pase&#8230; Es una partida complicada la del ave. Las hogueras son un medio de comunicaci\u00f3n caliente y poderoso, demasiado para qui\u00e9n toma un huevo como inicio de su relato.<\/p>\n<p>&nbsp;<\/p>\n<p>&nbsp;<\/p>\n<span class='bctt-click-to-tweet'><span class='bctt-ctt-text'><a href='https:\/\/x.com\/intent\/tweet?url=https%3A%2F%2Fnuestrosescritores.com%2Fjosesorianorecio%2Fpoesias%2F&#038;text=HAIKU%20DE%20LA%20REP%C3%9ABLICA%20DE%20LAS%20AVES%20del%20libro%20ALABANZAS%20DE%20ESTO%20Y%20DE%20LO%20OTRO%20de%20JOS%C3%89%20SORIANO%20RECIO&#038;via=poesiaerestu&#038;related=poesiaerestu' target='_blank'rel=\"noopener noreferrer\">HAIKU DE LA REP\u00daBLICA DE LAS AVES del libro ALABANZAS DE ESTO Y DE LO OTRO de JOS\u00c9 SORIANO RECIO <\/a><\/span><a href='https:\/\/x.com\/intent\/tweet?url=https%3A%2F%2Fnuestrosescritores.com%2Fjosesorianorecio%2Fpoesias%2F&#038;text=HAIKU%20DE%20LA%20REP%C3%9ABLICA%20DE%20LAS%20AVES%20del%20libro%20ALABANZAS%20DE%20ESTO%20Y%20DE%20LO%20OTRO%20de%20JOS%C3%89%20SORIANO%20RECIO&#038;via=poesiaerestu&#038;related=poesiaerestu' target='_blank' class='bctt-ctt-btn'rel=\"noopener noreferrer\">Compartir en X<\/a><\/span>[\/vc_column_text][\/vc_column][\/vc_row][vc_row][vc_column extend=&#8221;false&#8221;]<div class='gambit_parallax_row' data-bg-align='' data-direction='fixed' data-opacity='100' data-velocity='-0.3' data-mobile-enabled='' data-bg-height='2560' data-bg-width='1776' data-bg-image='https:\/\/nuestrosescritores.com\/josesorianorecio\/wp-content\/uploads\/sites\/222\/2025\/11\/21-LA-CONTIENDA-DEL-CONTINUOEditor-scaled.webp' data-bg-repeat='false' data-id='' style='display: none'><\/div><div class=\"gambit_fullheight_row\" data-content-location=\"center\" style=\"display: none\"><\/div>[\/vc_column][\/vc_row][vc_row][vc_column extend=&#8221;false&#8221;][vc_column_text]\n<p><a name=\"_Toc211268112\"><\/a><strong>ALABANZA <\/strong><strong>4<\/strong><\/p>\n<p>&nbsp;<\/p>\n<p>&nbsp;<\/p>\n<p>Una esferita de palabras que ilumina algo m\u00e1s all\u00e1 pero no mucho y que hace a la memoria abrir la puerta algo m\u00e1s all\u00e1 pero no mucho, se puede investigar de varios modos. Depende de la resonancia en la que va la forma. Cuando la vibraci\u00f3n de la forma de las palabras es d\u00e9bil, de tropel pasando muy despacio en orden por un puente, la memoria trae una puerta de futuro lineal al camino de las palabras que encajan en la puerta como una llave. La resonancia tambi\u00e9n encaja en ese marco y lo que viene despu\u00e9s igual, un paseo en l\u00ednea por la senda revelada. Por otro lado, si manteniendo el orden de una multitud lineal el paso es fuerte, a la velocidad adecuada la resonancia hace aguacero. En el aqu\u00ed del camino y el ahora de la memoria la vibraci\u00f3n de la forma de las palabras desborda las estructuras que la contiene. La memoria no alcanza puerta alguna en el futuro contiguo y la resonancia ampl\u00eda su luz hacia el r\u00edo que da sentido al puente. El colapso arremolina anclas de ahora instante desorden a otras l\u00edneas narrativas. Con condici\u00f3n no lineal, que es la clave, que las bombillas con forma de gota de agua permiten cruzar un puente a medianoche, aunque su c\u00e1lida luz no proteja bien de la tormenta. Y as\u00ed entonces, cuando va la resonancia en condici\u00f3n de puente cruzando un puente, es f\u00e1cil ver a la tercera que una esferita de palabras revela tan poco o poco m\u00e1s que cualquier otro cuerpo de amable geometr\u00eda que la memoria no lineal traiga a cuidarnos, es el umbral no sentido el que cuida el sentido, y en el fondo da igual su forma o si es regular o no, que es f\u00e1cil confundirse porque todo desorden fluye a su exacta consecuencia. Alabado sea el mar bajo la lluvia.<\/p>\n<p>&nbsp;<\/p>\n<p>&nbsp;<\/p>\n<span class='bctt-click-to-tweet'><span class='bctt-ctt-text'><a href='https:\/\/x.com\/intent\/tweet?url=https%3A%2F%2Fnuestrosescritores.com%2Fjosesorianorecio%2Fpoesias%2F&#038;text=ALABANZA%204%20del%20libro%20ALABANZAS%20DE%20ESTO%20Y%20DE%20LO%20OTRO%20de%20JOS%C3%89%20SORIANO%20RECIO&#038;via=poesiaerestu&#038;related=poesiaerestu' target='_blank'rel=\"noopener noreferrer\">ALABANZA 4 del libro ALABANZAS DE ESTO Y DE LO OTRO de JOS\u00c9 SORIANO RECIO <\/a><\/span><a href='https:\/\/x.com\/intent\/tweet?url=https%3A%2F%2Fnuestrosescritores.com%2Fjosesorianorecio%2Fpoesias%2F&#038;text=ALABANZA%204%20del%20libro%20ALABANZAS%20DE%20ESTO%20Y%20DE%20LO%20OTRO%20de%20JOS%C3%89%20SORIANO%20RECIO&#038;via=poesiaerestu&#038;related=poesiaerestu' target='_blank' class='bctt-ctt-btn'rel=\"noopener noreferrer\">Compartir en X<\/a><\/span>[\/vc_column_text][\/vc_column][\/vc_row][vc_row][vc_column extend=&#8221;false&#8221;]<div class='gambit_parallax_row' data-bg-align='' data-direction='fixed' data-opacity='100' data-velocity='-0.3' data-mobile-enabled='' data-bg-height='794' data-bg-width='559' data-bg-image='https:\/\/nuestrosescritores.com\/josesorianorecio\/wp-content\/uploads\/sites\/222\/2025\/11\/0_portada_Alabanzasdeesto.jpg' data-bg-repeat='false' data-id='' style='display: none'><\/div><div class=\"gambit_fullheight_row\" data-content-location=\"center\" style=\"display: none\"><\/div>[vc_column_text css=&#8221;&#8221;]\n<p style=\"text-align: center;\"><a class=\"fasc-button fasc-size-xlarge fasc-type-glossy fasc-rounded-medium\" style=\"background-color: #33809e; color: #ffffff;\" href=\"https:\/\/gepa.es\/producto\/alabanzas-de-esto-y-de-lo-otro-jose-soriano-recio\/\">Comprar el libro<\/a><\/p>\n[\/vc_column_text][\/vc_column][\/vc_row]\n<\/div>","protected":false},"excerpt":{"rendered":"<p>[vc_row full_width=&#8221;stretch_row_content_no_spaces&#8221;][vc_column extend=&#8221;false&#8221;][\/vc_column][\/vc_row][vc_row][vc_column extend=&#8221;false&#8221;][vc_column_text] 1 LOS TRES CERDITOS Y EL LOBO &nbsp; &nbsp; Hay un caser\u00f3n con marcas antiguas de otros cuentos y un cerdito enorme que lo vigila en apariencia. Sin brazos y con las piernas anguladas, parece construido a la carrera. Su equilibrio viene dado por una escalera hundida en un costado. Si [&hellip;]<\/p>\n","protected":false},"author":1,"featured_media":34,"parent":0,"menu_order":0,"comment_status":"closed","ping_status":"closed","template":"","meta":{"_acf_changed":false,"footnotes":""},"class_list":["post-82","page","type-page","status-publish","has-post-thumbnail","hentry"],"acf":[],"yoast_head":"<!-- This site is optimized with the Yoast SEO Premium plugin v24.7 (Yoast SEO v27.4) - https:\/\/yoast.com\/product\/yoast-seo-premium-wordpress\/ -->\n<title>POES\u00cdAS - Jos\u00e9 Soriano Recio<\/title>\n<meta name=\"description\" content=\"Descubre las poes\u00edas de Jos\u00e9 Soriano Recio, versos de creatividad y reflexi\u00f3n que exploran mundos literarios y emociones profundas.\" \/>\n<meta name=\"robots\" content=\"index, follow, max-snippet:-1, max-image-preview:large, max-video-preview:-1\" \/>\n<link rel=\"canonical\" href=\"https:\/\/nuestrosescritores.com\/josesorianorecio\/poesias\/\" \/>\n<meta property=\"og:locale\" content=\"es_ES\" \/>\n<meta property=\"og:type\" content=\"article\" \/>\n<meta property=\"og:title\" content=\"POES\u00cdAS\" \/>\n<meta property=\"og:description\" content=\"Descubre las poes\u00edas de Jos\u00e9 Soriano Recio, versos de creatividad y reflexi\u00f3n que exploran mundos literarios y emociones profundas.\" \/>\n<meta property=\"og:url\" content=\"https:\/\/nuestrosescritores.com\/josesorianorecio\/poesias\/\" \/>\n<meta property=\"og:site_name\" content=\"Jos\u00e9 Soriano Recio\" \/>\n<meta property=\"og:image\" content=\"http:\/\/nuestrosescritores.com\/josesorianorecio\/wp-content\/uploads\/sites\/222\/2025\/11\/0_portada_Alabanzasdeesto.webp\" \/>\n\t<meta property=\"og:image:width\" content=\"559\" \/>\n\t<meta property=\"og:image:height\" content=\"794\" \/>\n\t<meta property=\"og:image:type\" content=\"image\/webp\" \/>\n<meta name=\"twitter:card\" content=\"summary_large_image\" \/>\n<meta name=\"twitter:label1\" content=\"Tiempo de lectura\" \/>\n\t<meta name=\"twitter:data1\" content=\"5 minutos\" \/>\n<script type=\"application\/ld+json\" class=\"yoast-schema-graph\">{\"@context\":\"https:\\\/\\\/schema.org\",\"@graph\":[{\"@type\":\"WebPage\",\"@id\":\"https:\\\/\\\/nuestrosescritores.com\\\/josesorianorecio\\\/poesias\\\/\",\"url\":\"https:\\\/\\\/nuestrosescritores.com\\\/josesorianorecio\\\/poesias\\\/\",\"name\":\"POES\u00cdAS - Jos\u00e9 Soriano Recio\",\"isPartOf\":{\"@id\":\"https:\\\/\\\/nuestrosescritores.com\\\/josesorianorecio\\\/#website\"},\"primaryImageOfPage\":{\"@id\":\"https:\\\/\\\/nuestrosescritores.com\\\/josesorianorecio\\\/poesias\\\/#primaryimage\"},\"image\":{\"@id\":\"https:\\\/\\\/nuestrosescritores.com\\\/josesorianorecio\\\/poesias\\\/#primaryimage\"},\"thumbnailUrl\":\"https:\\\/\\\/nuestrosescritores.com\\\/josesorianorecio\\\/wp-content\\\/uploads\\\/sites\\\/222\\\/2025\\\/11\\\/0_portada_Alabanzasdeesto.webp\",\"datePublished\":\"2025-11-15T19:46:17+00:00\",\"description\":\"Descubre las poes\u00edas de Jos\u00e9 Soriano Recio, versos de creatividad y reflexi\u00f3n que exploran mundos literarios y emociones profundas.\",\"breadcrumb\":{\"@id\":\"https:\\\/\\\/nuestrosescritores.com\\\/josesorianorecio\\\/poesias\\\/#breadcrumb\"},\"inLanguage\":\"es\",\"potentialAction\":[{\"@type\":\"ReadAction\",\"target\":[\"https:\\\/\\\/nuestrosescritores.com\\\/josesorianorecio\\\/poesias\\\/\"]}]},{\"@type\":\"ImageObject\",\"inLanguage\":\"es\",\"@id\":\"https:\\\/\\\/nuestrosescritores.com\\\/josesorianorecio\\\/poesias\\\/#primaryimage\",\"url\":\"https:\\\/\\\/nuestrosescritores.com\\\/josesorianorecio\\\/wp-content\\\/uploads\\\/sites\\\/222\\\/2025\\\/11\\\/0_portada_Alabanzasdeesto.webp\",\"contentUrl\":\"https:\\\/\\\/nuestrosescritores.com\\\/josesorianorecio\\\/wp-content\\\/uploads\\\/sites\\\/222\\\/2025\\\/11\\\/0_portada_Alabanzasdeesto.webp\",\"width\":559,\"height\":794},{\"@type\":\"BreadcrumbList\",\"@id\":\"https:\\\/\\\/nuestrosescritores.com\\\/josesorianorecio\\\/poesias\\\/#breadcrumb\",\"itemListElement\":[{\"@type\":\"ListItem\",\"position\":1,\"name\":\"Portada\",\"item\":\"https:\\\/\\\/nuestrosescritores.com\\\/josesorianorecio\\\/\"},{\"@type\":\"ListItem\",\"position\":2,\"name\":\"POES\u00cdAS\"}]},{\"@type\":\"WebSite\",\"@id\":\"https:\\\/\\\/nuestrosescritores.com\\\/josesorianorecio\\\/#website\",\"url\":\"https:\\\/\\\/nuestrosescritores.com\\\/josesorianorecio\\\/\",\"name\":\"Nuestros escritores\",\"description\":\"\",\"potentialAction\":[{\"@type\":\"SearchAction\",\"target\":{\"@type\":\"EntryPoint\",\"urlTemplate\":\"https:\\\/\\\/nuestrosescritores.com\\\/josesorianorecio\\\/?s={search_term_string}\"},\"query-input\":{\"@type\":\"PropertyValueSpecification\",\"valueRequired\":true,\"valueName\":\"search_term_string\"}}],\"inLanguage\":\"es\"}]}<\/script>\n<!-- \/ Yoast SEO Premium plugin. -->","yoast_head_json":{"title":"POES\u00cdAS - Jos\u00e9 Soriano Recio","description":"Descubre las poes\u00edas de Jos\u00e9 Soriano Recio, versos de creatividad y reflexi\u00f3n que exploran mundos literarios y emociones profundas.","robots":{"index":"index","follow":"follow","max-snippet":"max-snippet:-1","max-image-preview":"max-image-preview:large","max-video-preview":"max-video-preview:-1"},"canonical":"https:\/\/nuestrosescritores.com\/josesorianorecio\/poesias\/","og_locale":"es_ES","og_type":"article","og_title":"POES\u00cdAS","og_description":"Descubre las poes\u00edas de Jos\u00e9 Soriano Recio, versos de creatividad y reflexi\u00f3n que exploran mundos literarios y emociones profundas.","og_url":"https:\/\/nuestrosescritores.com\/josesorianorecio\/poesias\/","og_site_name":"Jos\u00e9 Soriano Recio","og_image":[{"width":559,"height":794,"url":"http:\/\/nuestrosescritores.com\/josesorianorecio\/wp-content\/uploads\/sites\/222\/2025\/11\/0_portada_Alabanzasdeesto.webp","type":"image\/webp"}],"twitter_card":"summary_large_image","twitter_misc":{"Tiempo de lectura":"5 minutos"},"schema":{"@context":"https:\/\/schema.org","@graph":[{"@type":"WebPage","@id":"https:\/\/nuestrosescritores.com\/josesorianorecio\/poesias\/","url":"https:\/\/nuestrosescritores.com\/josesorianorecio\/poesias\/","name":"POES\u00cdAS - Jos\u00e9 Soriano Recio","isPartOf":{"@id":"https:\/\/nuestrosescritores.com\/josesorianorecio\/#website"},"primaryImageOfPage":{"@id":"https:\/\/nuestrosescritores.com\/josesorianorecio\/poesias\/#primaryimage"},"image":{"@id":"https:\/\/nuestrosescritores.com\/josesorianorecio\/poesias\/#primaryimage"},"thumbnailUrl":"https:\/\/nuestrosescritores.com\/josesorianorecio\/wp-content\/uploads\/sites\/222\/2025\/11\/0_portada_Alabanzasdeesto.webp","datePublished":"2025-11-15T19:46:17+00:00","description":"Descubre las poes\u00edas de Jos\u00e9 Soriano Recio, versos de creatividad y reflexi\u00f3n que exploran mundos literarios y emociones profundas.","breadcrumb":{"@id":"https:\/\/nuestrosescritores.com\/josesorianorecio\/poesias\/#breadcrumb"},"inLanguage":"es","potentialAction":[{"@type":"ReadAction","target":["https:\/\/nuestrosescritores.com\/josesorianorecio\/poesias\/"]}]},{"@type":"ImageObject","inLanguage":"es","@id":"https:\/\/nuestrosescritores.com\/josesorianorecio\/poesias\/#primaryimage","url":"https:\/\/nuestrosescritores.com\/josesorianorecio\/wp-content\/uploads\/sites\/222\/2025\/11\/0_portada_Alabanzasdeesto.webp","contentUrl":"https:\/\/nuestrosescritores.com\/josesorianorecio\/wp-content\/uploads\/sites\/222\/2025\/11\/0_portada_Alabanzasdeesto.webp","width":559,"height":794},{"@type":"BreadcrumbList","@id":"https:\/\/nuestrosescritores.com\/josesorianorecio\/poesias\/#breadcrumb","itemListElement":[{"@type":"ListItem","position":1,"name":"Portada","item":"https:\/\/nuestrosescritores.com\/josesorianorecio\/"},{"@type":"ListItem","position":2,"name":"POES\u00cdAS"}]},{"@type":"WebSite","@id":"https:\/\/nuestrosescritores.com\/josesorianorecio\/#website","url":"https:\/\/nuestrosescritores.com\/josesorianorecio\/","name":"Nuestros escritores","description":"","potentialAction":[{"@type":"SearchAction","target":{"@type":"EntryPoint","urlTemplate":"https:\/\/nuestrosescritores.com\/josesorianorecio\/?s={search_term_string}"},"query-input":{"@type":"PropertyValueSpecification","valueRequired":true,"valueName":"search_term_string"}}],"inLanguage":"es"}]}},"_links":{"self":[{"href":"https:\/\/nuestrosescritores.com\/josesorianorecio\/wp-json\/wp\/v2\/pages\/82","targetHints":{"allow":["GET"]}}],"collection":[{"href":"https:\/\/nuestrosescritores.com\/josesorianorecio\/wp-json\/wp\/v2\/pages"}],"about":[{"href":"https:\/\/nuestrosescritores.com\/josesorianorecio\/wp-json\/wp\/v2\/types\/page"}],"author":[{"embeddable":true,"href":"https:\/\/nuestrosescritores.com\/josesorianorecio\/wp-json\/wp\/v2\/users\/1"}],"replies":[{"embeddable":true,"href":"https:\/\/nuestrosescritores.com\/josesorianorecio\/wp-json\/wp\/v2\/comments?post=82"}],"version-history":[{"count":0,"href":"https:\/\/nuestrosescritores.com\/josesorianorecio\/wp-json\/wp\/v2\/pages\/82\/revisions"}],"wp:featuredmedia":[{"embeddable":true,"href":"https:\/\/nuestrosescritores.com\/josesorianorecio\/wp-json\/wp\/v2\/media\/34"}],"wp:attachment":[{"href":"https:\/\/nuestrosescritores.com\/josesorianorecio\/wp-json\/wp\/v2\/media?parent=82"}],"curies":[{"name":"wp","href":"https:\/\/api.w.org\/{rel}","templated":true}]}}