{"id":9,"date":"2021-01-17T11:19:32","date_gmt":"2021-01-17T11:19:32","guid":{"rendered":"https:\/\/nuestrosescritores.com\/josepmercade\/?page_id=9"},"modified":"2021-01-18T12:04:19","modified_gmt":"2021-01-18T12:04:19","slug":"josep-mercade-riambau","status":"publish","type":"page","link":"https:\/\/nuestrosescritores.com\/josepmercade\/","title":{"rendered":"JOSEP MERCAD\u00c9 RIAMBAU"},"content":{"rendered":"<div class=\"wpb-content-wrapper\">[vc_row][vc_column extend=&#8221;false&#8221;][vc_column_text css=&#8221;.vc_custom_1609672078213{margin-top: -30000px !important;}&#8221;]JOSEP MERCAD\u00c9 RIAMBAU es el escritor de AJEDREZ 88 SONETOS&nbsp;el escritor y poeta acaba de publicar un libro de poes\u00eda con la Editorial Poes\u00eda eres t\u00fa. Considerado como una de las mejores poetas espa\u00f1olas.<\/p>\n<p><img fetchpriority=\"high\" decoding=\"async\" class=\"alignnone size-full wp-image-10\" src=\"http:\/\/nuestrosescritores.com\/josepmercade\/wp-content\/uploads\/sites\/73\/2021\/01\/0_Portada_88Sonetos.jpg\" alt=\"\" width=\"559\" height=\"794\" srcset=\"https:\/\/nuestrosescritores.com\/josepmercade\/wp-content\/uploads\/sites\/73\/2021\/01\/0_Portada_88Sonetos.jpg 559w, https:\/\/nuestrosescritores.com\/josepmercade\/wp-content\/uploads\/sites\/73\/2021\/01\/0_Portada_88Sonetos-500x710.jpg 500w\" sizes=\"(max-width: 559px) 100vw, 559px\" \/><br \/>\nAJEDREZ 88 SONETOS ha sido escrito por JOSEP MERCAD\u00c9 RIAMBAU Considerado como uno de los mejores poetas espa\u00f1oles, algunos afirman que es el mejor poeta espa\u00f1ol. el escritor sabe como publicar un libro de poes\u00eda con la Editorial Poes\u00eda eres t\u00fa<br \/>\nTrabajamos con distribuidoras de libros que acercan los libros a las librer\u00edas, pero contamos tambi\u00e9n con las siguientes librerias de apoyo en internet para que ning\u00fan lector se quede sin su libro de poes\u00eda: Libreria GEPA, Libreria Website, La librer\u00eda del escritor, El rinc\u00f3n de los libros.<\/p>\n<p>Informamos de como publicar un libro y el precio de publicar un libro<\/p>\n<p>As\u00ed mismo colaboramos con la Asociaci\u00f3n de editores de poes\u00eda y la Asociaci\u00f3n Madrile\u00f1a de escritores y cr\u00edticos literarios (Cr\u00edtica de Vigo).<\/p>\n<p>Trabajamos con varias imprentas y contamos con nuestra propia imprenta Herederos de Izquierdo y Vigo impresores.<\/p>\n<p>Puedes conocernos en nuestra p\u00e1gina del Grupo Editorial. Contamos con una sede en Vigo y otra en Jumilla (Murcia)<\/p>\n<p>Somos especialitas en la edici\u00f3n del libro de poes\u00eda<\/p>\n<p>JOSEP MERCAD\u00c9 RIAMBAU Considerado como uno de los mejores poetas espa\u00f1oles, algunos afirman que es el mejor poeta espa\u00f1oles es el escritor de AJEDREZ 88 SONETOS. El poeta conoce el precio de publicar un libro de poes\u00eda con la Editorial Poes\u00eda eres t\u00fa<\/p>\n<p>JOSEP MERCAD\u00c9 RIAMBAU Considerado como uno de los mejores poetas espa\u00f1oles, algunos afirman que es el mejor poeta espa\u00f1oles es el escritor de AJEDREZ 88 SONETOS. La poeta sabe como publicar un libro de poes\u00eda con la Editorial Poes\u00eda eres t\u00fa<br \/>\nJOSEP MERCAD\u00c9 RIAMBAU considerado como uno de los mejores poetas espa\u00f1oles, algunos afirman que es el mejor poeta espa\u00f1ol es el escritor de AJEDREZ 88 SONETOS. La poeta sabe el precio de publicar un libro de poes\u00eda con la Editorial Poes\u00eda eres t\u00fa<\/p>\n<p>El Grupo Editorial P\u00e9rez-Ayala, est\u00e1 formado por los siguientes sellos editoriales: Editorial Poes\u00eda eres t\u00fa, Ediciones Rilke Editorial poes\u00eda, Editorial Ediciones Amaniel, Editorial Ediciones Azor\u00edn un sello regional para Alicante y Murcia.<\/p>\n<p>Para ayudar a la promoci\u00f3n de los libros contamos con diferentes plataformas en internet como Poes\u00eda Televisi\u00f3n, libro de poes\u00eda, Club de poes\u00eda, Blog de escritor, Blog de poes\u00eda, Agencia del libro, Nuestras librerias, Publicar libro &#8211; Publicar un libro, Revista Poes\u00eda eres t\u00fa, Antolog\u00edas po\u00e9ticas, Poes\u00eda y poetas.[\/vc_column_text][\/vc_column][\/vc_row][vc_row full_width=&#8221;stretch_row_content_no_spaces&#8221;][vc_column extend=&#8221;false&#8221;][layerslider_vc id=&#8221;1&#8243;][\/vc_column][\/vc_row][vc_row extend=&#8221;false&#8221; design__empty_1=&#8221;&#8221; background=&#8221;&#8221; background_image_type=&#8221;static&#8221; background_image__effect=&#8221;&#8221; bg_size=&#8221;initial&#8221; bg_position=&#8221;center-center&#8221; row_bg_image=&#8221;&#8221; bg_repeat=&#8221;no-repeat&#8221; background_image_type__bg_color=&#8221;rgba(255, 255, 255, 1)&#8221; row_bg_parallax_images=&#8221;&#8221; row_bg_slideshow_images=&#8221;&#8221; background_video_type=&#8221;youtube&#8221; background_video__youtube__url=&#8221;&#8221; background_video__youtube__parallax=&#8221;&#8221; background_video__youtube__options=&#8221;&#8221; background_video__youtube__fallback_image=&#8221;&#8221; background_video__hosted__mp4=&#8221;&#8221; background_video__hosted__webm=&#8221;&#8221; background_video__hosted__ogv=&#8221;&#8221; background_video__hosted__parallax=&#8221;&#8221; background_video__hosted__options=&#8221;&#8221; background_video__hosted__fallback_image=&#8221;&#8221; background_color_type=&#8221;color&#8221; bg__empty_1=&#8221;&#8221; background_color_type__gradient_color1=&#8221;rgba(44, 74, 228, 1)&#8221; background_color_type__gradient_color2=&#8221;rgba(44, 74, 228, 1)&#8221; background_color_type__color_color1=&#8221;rgba(44, 74, 228, 1)&#8221; bg__empty_2=&#8221;&#8221; background_color__effect=&#8221;&#8221; background_color__direction=&#8221;left-to-right&#8221; settings__tag_1=&#8221;&#8221; viewport_lg=&#8221;&#8221; viewport_md=&#8221;&#8221; viewport_sm=&#8221;&#8221; viewport_xs=&#8221;&#8221; settings__empty_1=&#8221;&#8221; version=&#8221;1&#8243;][vc_column width=&#8221;1\/2&#8243; extend=&#8221;false&#8221;]<div class=\"ult-content-box-container \" >\t\t<div class=\"ult-content-box\" style=\"background-color:rgba(255,255,255,0.49);box-shadow: px px 8px px #f2f2f2 none;border-style:none;-webkit-transition: all 700ms ease;-moz-transition: all 700ms ease;-ms-transition: all 700ms ease;-o-transition: all 700ms ease;transition: all 700ms ease;\"  data-hover_box_shadow=\"none\"     data-bg=\"rgba(255,255,255,0.49)\"  data-border_color=\"\" >[vc_column_text css=&#8221;.vc_custom_1610881803932{padding-top: 15% !important;padding-right: 15% !important;padding-bottom: 15% !important;padding-left: 15% !important;}&#8221;]Josep Mercad\u00e9 Riambau, catedr\u00e1tico de Literatura, ha impartido m\u00faltiples cursos sobre ense\u00f1anza de la poes\u00eda en el Col\u00b7legi de Llicenciats de Barcelona. Lleva treinta a\u00f1os investigando el tema del ajedrez en la literatura y, sobre ello, ha publicado m\u00e1s de veinte art\u00edculos, redactado un amplio ensayo sobre <em>El ajedrez en la literatura del Siglo de Oro<\/em>, estrenado una obra sobre Lope (<em>Yo no entiendo de caracoles sino de sonetos<\/em>) en Santa Coloma de Gramenet y otra ajedrec\u00edstica en el teatro Campoamor de Oviedo con motivo de su 2\u00ba Open Internacional de Ajedrez, y publicado el libro <em>Lope de Vega y el ajedrez.<\/em><\/p>\n<p>Su conferencia <em>Els escacs a la literatura<\/em>, impartida en el Ateneu Barcelon\u00e8s, puede consultarse por You Tube.<\/p>\n<span class='bctt-click-to-tweet'><span class='bctt-ctt-text'><a href='https:\/\/x.com\/intent\/tweet?url=https%3A%2F%2Fnuestrosescritores.com%2Fjosepmercade%2F&#038;text=JOSEP%20MERCAD%C3%89%20RIAMBAU.%20Escritor%2C%20poeta.&#038;related' target='_blank'rel=\"noopener noreferrer\">JOSEP MERCAD\u00c9 RIAMBAU. Escritor, poeta. <\/a><\/span><a href='https:\/\/x.com\/intent\/tweet?url=https%3A%2F%2Fnuestrosescritores.com%2Fjosepmercade%2F&#038;text=JOSEP%20MERCAD%C3%89%20RIAMBAU.%20Escritor%2C%20poeta.&#038;related' target='_blank' class='bctt-ctt-btn'rel=\"noopener noreferrer\">Compartir en X<\/a><\/span>[\/vc_column_text]\t\t<\/div><\/div>[\/vc_column][vc_column width=&#8221;1\/2&#8243; extend=&#8221;false&#8221;]<div class=\"gambit_fullheight_row\" data-content-location=\"center\" style=\"display: none\"><\/div><div id=\"rowvcpt-row-settings\" class=\"rowvcpt-row-set RowVcPt-row-setting69e1a027c55c7 \" data-no=\"RowVcPt-row-setting69e1a027c55c7\"><div  id=\"bgGallaryslide69e1a027c55cb\" class=\"rowvcpt-slideshow \"><\/div><script type=\"text\/javascript\">\n(function($) {\n$(\"#bgGallaryslide69e1a027c55cb\").vegas({\n        overlay: \"https:\/\/nuestrosescritores.com\/josepmercade\/wp-content\/plugins\/ultimate-row-background\/css\/overlays\/0'.esc_attr(1.png).'\",\n        transitionDuration: 4e3,\n        delay: 7000,\n        slides: [{src: \"https:\/\/nuestrosescritores.com\/josepmercade\/wp-content\/uploads\/sites\/73\/2021\/01\/mason-hassoun-gBXyuo65Uck-unsplash-Medium.jpg\",transition: \"fade2\",transitionDuration: 5000},{src: \"https:\/\/nuestrosescritores.com\/josepmercade\/wp-content\/uploads\/sites\/73\/2021\/01\/joshua-hoehne-ZtZQDG8GDbs-unsplash-Medium.jpg\",transition: \"fade2\",transitionDuration: 5000},{src: \"https:\/\/nuestrosescritores.com\/josepmercade\/wp-content\/uploads\/sites\/73\/2021\/01\/jeswin-thomas-uyVTH70ag7Y-unsplash-Medium.jpg\",transition: \"fade2\",transitionDuration: 5000},{src: \"https:\/\/nuestrosescritores.com\/josepmercade\/wp-content\/uploads\/sites\/73\/2021\/01\/jachymmichal-oVWilf8znF8-unsplash-Medium.jpg\",transition: \"fade2\",transitionDuration: 5000},{src: \"https:\/\/nuestrosescritores.com\/josepmercade\/wp-content\/uploads\/sites\/73\/2021\/01\/hassan-pasha-nEbMedmVwgw-unsplash-Medium.jpg\",transition: \"fade2\",transitionDuration: 5000},]\n    });\t\t\n})(jQuery);\n<\/script><div class=\"rowvcpt-overlay\" style=\"background:rgba(255,255,255,0.69)\"><\/div><\/div>[vc_single_image image=&#8221;47&#8243; img_size=&#8221;full&#8221; alignment=&#8221;center&#8221;][\/vc_column][\/vc_row][vc_row][vc_column extend=&#8221;false&#8221;]<div class=\"gambit_fullheight_row\" data-content-location=\"center\" style=\"display: none\"><\/div><div class='gambit_parallax_row' data-bg-align='' data-direction='fixed' data-opacity='100' data-velocity='-0.3' data-mobile-enabled='parallax-enable-mobile' data-bg-height='1152' data-bg-width='768' data-bg-image='https:\/\/nuestrosescritores.com\/josepmercade\/wp-content\/uploads\/sites\/73\/2021\/01\/mesh-9iY3Sqr1UWY-unsplash-Medium.jpg' data-bg-repeat='false' data-id='' style='display: none'><\/div>[\/vc_column][\/vc_row][vc_row][vc_column extend=&#8221;false&#8221;]<div class=\"gambit_fullheight_row\" data-content-location=\"center\" style=\"display: none\"><\/div><div id=\"rowvcpt-row-settings\" class=\"rowvcpt-row-set RowVcPt-row-setting69e1a027c6814 \" data-no=\"RowVcPt-row-setting69e1a027c6814\"><div  id=\"bgGallaryslide69e1a027c6818\" class=\"rowvcpt-slideshow \"><\/div><script type=\"text\/javascript\">\n(function($) {\n$(\"#bgGallaryslide69e1a027c6818\").vegas({\n        overlay: \"https:\/\/nuestrosescritores.com\/josepmercade\/wp-content\/plugins\/ultimate-row-background\/css\/overlays\/0'.esc_attr(1.png).'\",\n        transitionDuration: 4e3,\n        delay: 7000,\n        slides: [{src: \"https:\/\/nuestrosescritores.com\/josepmercade\/wp-content\/uploads\/sites\/73\/2021\/01\/jani-kaasinen-7VGzV09YnvA-unsplash-Medium.jpg\",transition: \"fade2\",transitionDuration: 5000},{src: \"https:\/\/nuestrosescritores.com\/josepmercade\/wp-content\/uploads\/sites\/73\/2021\/01\/eugene-chystiakov-nO3tLupMjzY-unsplash-Medium.jpg\",transition: \"fade2\",transitionDuration: 5000},{src: \"https:\/\/nuestrosescritores.com\/josepmercade\/wp-content\/uploads\/sites\/73\/2021\/01\/piotr-makowski-27LH_0jXKYI-unsplash-Medium.jpg\",transition: \"fade2\",transitionDuration: 5000},{src: \"https:\/\/nuestrosescritores.com\/josepmercade\/wp-content\/uploads\/sites\/73\/2021\/01\/nasim-keshmiri-2oDGKI8fj14-unsplash-Medium.jpg\",transition: \"fade2\",transitionDuration: 5000},{src: \"https:\/\/nuestrosescritores.com\/josepmercade\/wp-content\/uploads\/sites\/73\/2021\/01\/michal-vrba-l1QN-axcVfI-unsplash-Medium.jpg\",transition: \"fade2\",transitionDuration: 5000},]\n    });\t\t\n})(jQuery);\n<\/script><div class=\"rowvcpt-overlay\" style=\"background:rgba(255,255,255,0.69)\"><\/div><\/div><div id=\"uvc-type-wrap-5432\"  data-ultimate-target='#uvc-type-wrap-5432'  data-responsive-json-new='{\"font-size\":\"\",\"line-height\":\"\"}'  class=\"uvc-type-wrap vc_custom_1610882254167 ult-adjust-bottom-margin ult-responsive  uvc-type-align-center uvc-type-no-prefix uvc-wrap-106009384769e1a027c76a6\" style=\"text-align:center;\"><span id=\"typed-106009384769e1a027c76a6\" class=\"ultimate-typed-main \" style=\" font-weight:bold; text-transform: unset;\"><\/span><script type=\"text\/javascript\">\n\t\t\t\t\t\tjQuery(function($){ \n\t\t\t\t\t\t\t$(document).ready(function(){\n\t\t\t\t\t\t\t\tif( typeof jQuery(\"#typed-106009384769e1a027c76a6\").typed == \"function\"){\n\t\t\t\t\t\t\t\t\t$(\"#typed-106009384769e1a027c76a6\").typed({\n\t\t\t\t\t\t\t\t\t\tstrings: [\"En su tratado de 1617, Pietro Carrera ya comparaba el ajedrez con la poes\u00eda. Y la estrofa po\u00e9tica m\u00e1s perfecta, el soneto, parecido en su estructura a una partida de ajedrez, se ha ocupado con frecuencia del juego rey.\",\"Los 88 sonetos seleccionados de varias literaturas, de los que se aportan sus traducciones, se han agrupado tem\u00e1ticamente: Describen el ajedrez, sus piezas y las batallas sobre el tablero. Trazan bellas met\u00e1foras que equiparan el juego rey con la vida, la contienda amorosa y el jaque mate de la muerte. Retratan el perfil del jugador y el de grandes jugadores, sirviendo de elogio de los autores en sus tratados.\",\"Una antolog\u00eda pensada para degustaci\u00f3n tanto de los amantes del juego como de la poes\u00eda.\"],\n\t\t\t\t\t\t\t\t\t\ttypeSpeed: 35,\n\t\t\t\t\t\t\t\t\t\tbackSpeed: 0,\n\t\t\t\t\t\t\t\t\t\tstartDelay: \"200\",\n\t\t\t\t\t\t\t\t\t\tbackDelay: \"1500\",\n\t\t\t\t\t\t\t\t\t\tloop: true,\n\t\t\t\t\t\t\t\t\t\tloopCount: false,\n\t\t\t\t\t\t\t\t\t\tshowCursor: true,\n\t\t\t\t\t\t\t\t\t\tcursorChar: \"|\",\n\t\t\t\t\t\t\t\t\t\tattr: null\n\t\t\t\t\t\t\t\t\t});\n\t\t\t\t\t\t\t\t}\n\t\t\t\t\t\t\t});\n\t\t\t\t\t\t});\n\t\t\t\t\t<\/script><\/div>[\/vc_column][\/vc_row][vc_row][vc_column extend=&#8221;false&#8221;]<div class=\"gambit_fullheight_row\" data-content-location=\"center\" style=\"display: none\"><\/div><div class='gambit_parallax_row' data-bg-align='' data-direction='fixed' data-opacity='50' data-velocity='-0.3' data-mobile-enabled='parallax-enable-mobile' data-bg-height='462' data-bg-width='1366' data-bg-image='https:\/\/nuestrosescritores.com\/josepmercade\/wp-content\/uploads\/sites\/73\/2021\/01\/JosepMercade_Ssquare_Alargado-Medium.png' data-bg-repeat='false' data-id='' style='display: none'><\/div>[vc_column_text]\n<p style=\"text-align: center;\"><a class=\"fasc-button fasc-size-xlarge fasc-type-glossy fasc-rounded-medium\" style=\"background-color: #313536; color: #ffffff;\" href=\"https:\/\/librodepoesia.com\/producto\/ajedrez-88-sonetos-josep-mercade-riambau\/\">COMPRA SUS LIBROS<\/a><\/p>\n[\/vc_column_text][\/vc_column][\/vc_row][vc_row][vc_column extend=&#8221;false&#8221;][vc_column_text css=&#8221;.vc_custom_1541094574844{margin-top: -30000px !important;}&#8221;]\n<p>JOSEP MERCAD\u00c9 RIAMBAU es el escritor de AJEDREZ 88 SONETOS. el escritor y poeta acaba de publicar un libro de poes\u00eda con la Editorial Poes\u00eda eres t\u00fa. Considerado como uno de los mejores poetas espa\u00f1oles.<br \/>\nAJEDREZ 88 SONETOS ha sido escrito por JOSEP MERCAD\u00c9 RIAMBAU Considerado como uno de los mejores poetas espa\u00f1oles, algunos afirman que es el mejor poeta espa\u00f1ol. el escritor sabe como publicar un libro de poes\u00eda con la Editorial Poes\u00eda eres t\u00fa<br \/>\nTrabajamos con distribuidoras de libros que acercan los libros a las librer\u00edas, pero contamos tambi\u00e9n con las siguientes librerias de apoyo en internet para que ning\u00fan lector se quede sin su libro de poes\u00eda: Libreria GEPA, Libreria Website, La librer\u00eda del escritor, El rinc\u00f3n de los libros.<\/p>\n<p>Informamos de como publicar un libro y el precio de publicar un libro<\/p>\n<p>As\u00ed mismo colaboramos con la Asociaci\u00f3n de editores de poes\u00eda y la Asociaci\u00f3n Madrile\u00f1a de escritores y cr\u00edticos literarios (Cr\u00edtica de Vigo).<\/p>\n<p>Trabajamos con varias imprentas y contamos con nuestra propia imprenta Herederos de Izquierdo y Vigo impresores.<\/p>\n<p>Puedes conocernos en nuestra p\u00e1gina del Grupo Editorial. Contamos con una sede en Vigo y otra en Jumilla (Murcia)<\/p>\n<p>Somos especialitas en la edici\u00f3n del libro de poes\u00eda<\/p>\n<p>JOSEP MERCAD\u00c9 RIAMBAU Considerado como uno de los mejores poetas espa\u00f1oles, algunos afirman que es el mejor poeta espa\u00f1oles es el escritor de AJEDREZ 88 SONETOS. El poeta conoce el precio de publicar un libro de poes\u00eda con la Editorial Poes\u00eda eres t\u00fa<\/p>\n<p>JOSEP MERCAD\u00c9 RIAMBAU Considerado como uno de los mejores poetas espa\u00f1oles, algunos afirman que es el mejor poeta espa\u00f1oles es el escritor de AJEDREZ 88 SONETOS. La poeta sabe como publicar un libro de poes\u00eda con la Editorial Poes\u00eda eres t\u00fa<br \/>\nJOSEP MERCAD\u00c9 RIAMBAU considerado como uno de los mejores poetas espa\u00f1oles, algunos afirman que es el mejor poeta espa\u00f1ol es el escritor de AJEDREZ 88 SONETOS. La poeta sabe el precio de publicar un libro de poes\u00eda con la Editorial Poes\u00eda eres t\u00fa<\/p>\n<p>El Grupo Editorial P\u00e9rez-Ayala, est\u00e1 formado por los siguientes sellos editoriales: Editorial Poes\u00eda eres t\u00fa, Ediciones Rilke Editorial poes\u00eda, Editorial Ediciones Amaniel, Editorial Ediciones Azor\u00edn un sello regional para Alicante y Murcia.<\/p>\n<p>Para ayudar a la promoci\u00f3n de los libros contamos con diferentes plataformas en internet como Poes\u00eda Televisi\u00f3n, libro de poes\u00eda, Club de poes\u00eda, Blog de escritor, Blog de poes\u00eda, Agencia del libro, Nuestras librerias, Publicar libro &#8211; Publicar un libro, Revista Poes\u00eda eres t\u00fa, Antolog\u00edas po\u00e9ticas, Poes\u00eda y poetas.[\/vc_column_text][\/vc_column][\/vc_row]\n<\/div>","protected":false},"excerpt":{"rendered":"<p>[vc_row][vc_column extend=&#8221;false&#8221;][vc_column_text css=&#8221;.vc_custom_1609672078213{margin-top: -30000px !important;}&#8221;]JOSEP MERCAD\u00c9 RIAMBAU es el escritor de AJEDREZ 88 SONETOS&nbsp;el escritor y poeta acaba de publicar un libro de poes\u00eda con la Editorial Poes\u00eda eres t\u00fa. Considerado como una de las mejores poetas espa\u00f1olas. AJEDREZ 88 SONETOS ha sido escrito por JOSEP MERCAD\u00c9 RIAMBAU Considerado como uno de los mejores poetas [&hellip;]<\/p>\n","protected":false},"author":1,"featured_media":0,"parent":0,"menu_order":0,"comment_status":"closed","ping_status":"closed","template":"","meta":{"_acf_changed":false,"footnotes":""},"class_list":["post-9","page","type-page","status-publish","hentry"],"acf":[],"yoast_head":"<!-- This site is optimized with the Yoast SEO Premium plugin v24.7 (Yoast SEO v27.4) - https:\/\/yoast.com\/product\/yoast-seo-premium-wordpress\/ -->\n<title>JOSEP MERCAD\u00c9 RIAMBAU - Josep Mercad\u00e9 Rimbau<\/title>\n<meta name=\"description\" content=\"Josep Mercad\u00e9 Riambau es el editor y seleccionador de la antolog\u00eda po\u00e9tica Ajedrez 88 Sonetos. Editorial Poes\u00eda eres t\u00fa 2021.\" \/>\n<meta name=\"robots\" content=\"index, follow, max-snippet:-1, max-image-preview:large, max-video-preview:-1\" \/>\n<link rel=\"canonical\" href=\"https:\/\/nuestrosescritores.com\/josepmercade\/\" \/>\n<meta property=\"og:locale\" content=\"es_ES\" \/>\n<meta property=\"og:type\" content=\"article\" \/>\n<meta property=\"og:title\" content=\"JOSEP MERCAD\u00c9 RIAMBAU\" \/>\n<meta property=\"og:description\" content=\"Josep Mercad\u00e9 Riambau es el editor y seleccionador de la antolog\u00eda po\u00e9tica Ajedrez 88 Sonetos. Editorial Poes\u00eda eres t\u00fa 2021.\" \/>\n<meta property=\"og:url\" content=\"https:\/\/nuestrosescritores.com\/josepmercade\/\" \/>\n<meta property=\"og:site_name\" content=\"Josep Mercad\u00e9 Rimbau\" \/>\n<meta property=\"article:modified_time\" content=\"2021-01-18T12:04:19+00:00\" \/>\n<meta property=\"og:image\" content=\"http:\/\/nuestrosescritores.com\/josepmercade\/wp-content\/uploads\/sites\/73\/2021\/01\/0_Portada_88Sonetos.jpg\" \/>\n<meta name=\"twitter:card\" content=\"summary_large_image\" \/>\n<meta name=\"twitter:label1\" content=\"Tiempo de lectura\" \/>\n\t<meta name=\"twitter:data1\" content=\"6 minutos\" \/>\n<script type=\"application\/ld+json\" class=\"yoast-schema-graph\">{\"@context\":\"https:\\\/\\\/schema.org\",\"@graph\":[{\"@type\":\"WebPage\",\"@id\":\"https:\\\/\\\/nuestrosescritores.com\\\/josepmercade\\\/\",\"url\":\"https:\\\/\\\/nuestrosescritores.com\\\/josepmercade\\\/\",\"name\":\"JOSEP MERCAD\u00c9 RIAMBAU - Josep Mercad\u00e9 Rimbau\",\"isPartOf\":{\"@id\":\"https:\\\/\\\/nuestrosescritores.com\\\/josepmercade\\\/#website\"},\"primaryImageOfPage\":{\"@id\":\"https:\\\/\\\/nuestrosescritores.com\\\/josepmercade\\\/#primaryimage\"},\"image\":{\"@id\":\"https:\\\/\\\/nuestrosescritores.com\\\/josepmercade\\\/#primaryimage\"},\"thumbnailUrl\":\"http:\\\/\\\/nuestrosescritores.com\\\/josepmercade\\\/wp-content\\\/uploads\\\/sites\\\/73\\\/2021\\\/01\\\/0_Portada_88Sonetos.jpg\",\"datePublished\":\"2021-01-17T11:19:32+00:00\",\"dateModified\":\"2021-01-18T12:04:19+00:00\",\"description\":\"Josep Mercad\u00e9 Riambau es el editor y seleccionador de la antolog\u00eda po\u00e9tica Ajedrez 88 Sonetos. Editorial Poes\u00eda eres t\u00fa 2021.\",\"breadcrumb\":{\"@id\":\"https:\\\/\\\/nuestrosescritores.com\\\/josepmercade\\\/#breadcrumb\"},\"inLanguage\":\"es\",\"potentialAction\":[{\"@type\":\"ReadAction\",\"target\":[\"https:\\\/\\\/nuestrosescritores.com\\\/josepmercade\\\/\"]}]},{\"@type\":\"ImageObject\",\"inLanguage\":\"es\",\"@id\":\"https:\\\/\\\/nuestrosescritores.com\\\/josepmercade\\\/#primaryimage\",\"url\":\"http:\\\/\\\/nuestrosescritores.com\\\/josepmercade\\\/wp-content\\\/uploads\\\/sites\\\/73\\\/2021\\\/01\\\/0_Portada_88Sonetos.jpg\",\"contentUrl\":\"http:\\\/\\\/nuestrosescritores.com\\\/josepmercade\\\/wp-content\\\/uploads\\\/sites\\\/73\\\/2021\\\/01\\\/0_Portada_88Sonetos.jpg\"},{\"@type\":\"BreadcrumbList\",\"@id\":\"https:\\\/\\\/nuestrosescritores.com\\\/josepmercade\\\/#breadcrumb\",\"itemListElement\":[{\"@type\":\"ListItem\",\"position\":1,\"name\":\"Portada\",\"item\":\"https:\\\/\\\/nuestrosescritores.com\\\/josepmercade\\\/\"},{\"@type\":\"ListItem\",\"position\":2,\"name\":\"JOSEP MERCAD\u00c9 RIAMBAU\"}]},{\"@type\":\"WebSite\",\"@id\":\"https:\\\/\\\/nuestrosescritores.com\\\/josepmercade\\\/#website\",\"url\":\"https:\\\/\\\/nuestrosescritores.com\\\/josepmercade\\\/\",\"name\":\"Nuestros escritores\",\"description\":\"Escritor\",\"potentialAction\":[{\"@type\":\"SearchAction\",\"target\":{\"@type\":\"EntryPoint\",\"urlTemplate\":\"https:\\\/\\\/nuestrosescritores.com\\\/josepmercade\\\/?s={search_term_string}\"},\"query-input\":{\"@type\":\"PropertyValueSpecification\",\"valueRequired\":true,\"valueName\":\"search_term_string\"}}],\"inLanguage\":\"es\"}]}<\/script>\n<!-- \/ Yoast SEO Premium plugin. -->","yoast_head_json":{"title":"JOSEP MERCAD\u00c9 RIAMBAU - Josep Mercad\u00e9 Rimbau","description":"Josep Mercad\u00e9 Riambau es el editor y seleccionador de la antolog\u00eda po\u00e9tica Ajedrez 88 Sonetos. Editorial Poes\u00eda eres t\u00fa 2021.","robots":{"index":"index","follow":"follow","max-snippet":"max-snippet:-1","max-image-preview":"max-image-preview:large","max-video-preview":"max-video-preview:-1"},"canonical":"https:\/\/nuestrosescritores.com\/josepmercade\/","og_locale":"es_ES","og_type":"article","og_title":"JOSEP MERCAD\u00c9 RIAMBAU","og_description":"Josep Mercad\u00e9 Riambau es el editor y seleccionador de la antolog\u00eda po\u00e9tica Ajedrez 88 Sonetos. Editorial Poes\u00eda eres t\u00fa 2021.","og_url":"https:\/\/nuestrosescritores.com\/josepmercade\/","og_site_name":"Josep Mercad\u00e9 Rimbau","article_modified_time":"2021-01-18T12:04:19+00:00","og_image":[{"url":"http:\/\/nuestrosescritores.com\/josepmercade\/wp-content\/uploads\/sites\/73\/2021\/01\/0_Portada_88Sonetos.jpg","type":"","width":"","height":""}],"twitter_card":"summary_large_image","twitter_misc":{"Tiempo de lectura":"6 minutos"},"schema":{"@context":"https:\/\/schema.org","@graph":[{"@type":"WebPage","@id":"https:\/\/nuestrosescritores.com\/josepmercade\/","url":"https:\/\/nuestrosescritores.com\/josepmercade\/","name":"JOSEP MERCAD\u00c9 RIAMBAU - Josep Mercad\u00e9 Rimbau","isPartOf":{"@id":"https:\/\/nuestrosescritores.com\/josepmercade\/#website"},"primaryImageOfPage":{"@id":"https:\/\/nuestrosescritores.com\/josepmercade\/#primaryimage"},"image":{"@id":"https:\/\/nuestrosescritores.com\/josepmercade\/#primaryimage"},"thumbnailUrl":"http:\/\/nuestrosescritores.com\/josepmercade\/wp-content\/uploads\/sites\/73\/2021\/01\/0_Portada_88Sonetos.jpg","datePublished":"2021-01-17T11:19:32+00:00","dateModified":"2021-01-18T12:04:19+00:00","description":"Josep Mercad\u00e9 Riambau es el editor y seleccionador de la antolog\u00eda po\u00e9tica Ajedrez 88 Sonetos. Editorial Poes\u00eda eres t\u00fa 2021.","breadcrumb":{"@id":"https:\/\/nuestrosescritores.com\/josepmercade\/#breadcrumb"},"inLanguage":"es","potentialAction":[{"@type":"ReadAction","target":["https:\/\/nuestrosescritores.com\/josepmercade\/"]}]},{"@type":"ImageObject","inLanguage":"es","@id":"https:\/\/nuestrosescritores.com\/josepmercade\/#primaryimage","url":"http:\/\/nuestrosescritores.com\/josepmercade\/wp-content\/uploads\/sites\/73\/2021\/01\/0_Portada_88Sonetos.jpg","contentUrl":"http:\/\/nuestrosescritores.com\/josepmercade\/wp-content\/uploads\/sites\/73\/2021\/01\/0_Portada_88Sonetos.jpg"},{"@type":"BreadcrumbList","@id":"https:\/\/nuestrosescritores.com\/josepmercade\/#breadcrumb","itemListElement":[{"@type":"ListItem","position":1,"name":"Portada","item":"https:\/\/nuestrosescritores.com\/josepmercade\/"},{"@type":"ListItem","position":2,"name":"JOSEP MERCAD\u00c9 RIAMBAU"}]},{"@type":"WebSite","@id":"https:\/\/nuestrosescritores.com\/josepmercade\/#website","url":"https:\/\/nuestrosescritores.com\/josepmercade\/","name":"Nuestros escritores","description":"Escritor","potentialAction":[{"@type":"SearchAction","target":{"@type":"EntryPoint","urlTemplate":"https:\/\/nuestrosescritores.com\/josepmercade\/?s={search_term_string}"},"query-input":{"@type":"PropertyValueSpecification","valueRequired":true,"valueName":"search_term_string"}}],"inLanguage":"es"}]}},"_links":{"self":[{"href":"https:\/\/nuestrosescritores.com\/josepmercade\/wp-json\/wp\/v2\/pages\/9","targetHints":{"allow":["GET"]}}],"collection":[{"href":"https:\/\/nuestrosescritores.com\/josepmercade\/wp-json\/wp\/v2\/pages"}],"about":[{"href":"https:\/\/nuestrosescritores.com\/josepmercade\/wp-json\/wp\/v2\/types\/page"}],"author":[{"embeddable":true,"href":"https:\/\/nuestrosescritores.com\/josepmercade\/wp-json\/wp\/v2\/users\/1"}],"replies":[{"embeddable":true,"href":"https:\/\/nuestrosescritores.com\/josepmercade\/wp-json\/wp\/v2\/comments?post=9"}],"version-history":[{"count":0,"href":"https:\/\/nuestrosescritores.com\/josepmercade\/wp-json\/wp\/v2\/pages\/9\/revisions"}],"wp:attachment":[{"href":"https:\/\/nuestrosescritores.com\/josepmercade\/wp-json\/wp\/v2\/media?parent=9"}],"curies":[{"name":"wp","href":"https:\/\/api.w.org\/{rel}","templated":true}]}}