{"id":70,"date":"2021-07-11T09:41:02","date_gmt":"2021-07-11T09:41:02","guid":{"rendered":"https:\/\/nuestrosescritores.com\/josenavarrogonzalez\/?page_id=70"},"modified":"2021-07-11T10:00:07","modified_gmt":"2021-07-11T10:00:07","slug":"poesia","status":"publish","type":"page","link":"https:\/\/nuestrosescritores.com\/josenavarrogonzalez\/poesia\/","title":{"rendered":"POES\u00cdA"},"content":{"rendered":"<div class=\"wpb-content-wrapper\">[vc_row full_width=&#8221;stretch_row_content_no_spaces&#8221;][vc_column extend=&#8221;false&#8221;]<div class='gambit_parallax_row' data-bg-align='' data-direction='fixed' data-opacity='100' data-velocity='-0.3' data-mobile-enabled='' data-bg-height='1067' data-bg-width='1600' data-bg-image='https:\/\/nuestrosescritores.com\/josenavarrogonzalez\/wp-content\/uploads\/sites\/98\/2021\/07\/pa3ak_ed-e.jpg' data-bg-repeat='false' data-id='' style='display: none'><\/div><div class=\"gambit_fullheight_row\" data-content-location=\"center\" style=\"display: none\"><\/div>[\/vc_column][\/vc_row][vc_row][vc_column extend=&#8221;false&#8221;][vc_column_text]\n<h1>&nbsp;<\/h1>\n<h1><a name=\"_Toc72690508\"><\/a><\/h1>\n<h1><a name=\"_Toc74941702\"><\/a>Un rosal como inmenso es el mar<\/h1>\n<p>&nbsp;<\/p>\n<p>Es bello un rosal que une sin celo en ello,<\/p>\n<p>como en un perfume sincero<\/p>\n<p>el color y sabor en la flor,<\/p>\n<p>se dan cuando juntos est\u00e1n,<\/p>\n<p>pero se enredan los p\u00e9talos y las espinas<\/p>\n<p>y cuanto m\u00e1s aman las espinas<\/p>\n<p>m\u00e1s se hieren cuando se quieren<\/p>\n<p>cuanto se siente la una a la otra<\/p>\n<p>que de una a otra brota,<\/p>\n<p>como p\u00e9talo la estima<\/p>\n<p>y como zarza la espina<\/p>\n<p>pero se enzarzan<\/p>\n<p>y lloran las rosas dolidas<\/p>\n<p>por las espinas clavadas,<\/p>\n<p>que sobre las hojas dormidas<\/p>\n<p>sangran los p\u00e9talos rotos heridos<\/p>\n<p>en sus coloridos con l\u00e1grimas de plata y oro<\/p>\n<p>que en un coro hablan el polen dentro<\/p>\n<p>de la baya que estalla dorada<\/p>\n<p>por un sol que abraza y por amor<\/p>\n<p>estima a la flor y a la hoja<\/p>\n<p>y a la espina perdona con una brisa marina<\/p>\n<p>en un rosal como inmenso es el mar.<\/p>\n[&#8230;]\n<p>&nbsp;<\/p>\n<span class='bctt-click-to-tweet'><span class='bctt-ctt-text'><a href='https:\/\/x.com\/intent\/tweet?url=https%3A%2F%2Fnuestrosescritores.com%2Fjosenavarrogonzalez%2Fpoesia%2F&#038;text=Un%20rosal%20como%20inmenso%20es%20el%20mar%20del%20libro%20MATERIA%20PRIMA%20PARA%20EL%20ESP%C3%8DRITU%20de%20JOS%C3%89%20NAVARRO%20GONZ%C3%81LEZ&#038;via=poesiaerestu&#038;related=poesiaerestu' target='_blank'rel=\"noopener noreferrer\">Un rosal como inmenso es el mar del libro MATERIA PRIMA PARA EL ESP\u00cdRITU de JOS\u00c9 NAVARRO GONZ\u00c1LEZ <\/a><\/span><a href='https:\/\/x.com\/intent\/tweet?url=https%3A%2F%2Fnuestrosescritores.com%2Fjosenavarrogonzalez%2Fpoesia%2F&#038;text=Un%20rosal%20como%20inmenso%20es%20el%20mar%20del%20libro%20MATERIA%20PRIMA%20PARA%20EL%20ESP%C3%8DRITU%20de%20JOS%C3%89%20NAVARRO%20GONZ%C3%81LEZ&#038;via=poesiaerestu&#038;related=poesiaerestu' target='_blank' class='bctt-ctt-btn'rel=\"noopener noreferrer\">Compartir en X<\/a><\/span>[\/vc_column_text][\/vc_column][\/vc_row][vc_row full_width=&#8221;stretch_row_content_no_spaces&#8221;][vc_column extend=&#8221;false&#8221;]<div class='gambit_parallax_row' data-bg-align='' data-direction='fixed' data-opacity='100' data-velocity='-0.3' data-mobile-enabled='' data-bg-height='1068' data-bg-width='1600' data-bg-image='https:\/\/nuestrosescritores.com\/josenavarrogonzalez\/wp-content\/uploads\/sites\/98\/2021\/07\/rhq94x-yk3m.jpg' data-bg-repeat='false' data-id='' style='display: none'><\/div><div class=\"gambit_fullheight_row\" data-content-location=\"center\" style=\"display: none\"><\/div>[\/vc_column][\/vc_row][vc_row][vc_column extend=&#8221;false&#8221;][vc_column_text]\n<h1>&nbsp;<\/h1>\n<h1><a name=\"_Toc71223738\"><\/a><\/h1>\n<h1><a name=\"_Toc74754287\"><\/a><\/h1>\n<h1><a name=\"_Toc72690514\"><\/a><\/h1>\n<h1><a name=\"_Toc74941703\"><\/a>Plasmar<\/h1>\n<p>&nbsp;<\/p>\n<p>Un l\u00e1piz navega sobre una tela<\/p>\n<p>y enreda de tonos las curvas en las hojas<\/p>\n<p>y deshojan hilos de perlas doradas<\/p>\n<p>en un and\u00e9n sin tren devoran las palabras<\/p>\n<p>que labran de surcos los rincones azules<\/p>\n<p>manchan sin da\u00f1ar la voz que derrama<\/p>\n<p>las letras estrechas y amasan de pan<\/p>\n<p>que habla en una tabla blanca<\/p>\n<p>y dibuja sin br\u00fajula alguna<\/p>\n<p>sobre las dunas se estrecha<\/p>\n<p>y en una brecha despega el matiz<\/p>\n<p>que en un l\u00e1piz azul de abedul conjuga<\/p>\n<p>y juega el color con amor<\/p>\n<p>sobre diminutos recuadros<\/p>\n<p>que en un sinf\u00edn de infinitos reflejos<\/p>\n<p>plasma el alma de acentos<\/p>\n<p>y letras sabrosas devoran la tinta<\/p>\n<p>sobre un papel dulce de miel azul.<\/p>\n[&#8230;]\n<span class='bctt-click-to-tweet'><span class='bctt-ctt-text'><a href='https:\/\/x.com\/intent\/tweet?url=https%3A%2F%2Fnuestrosescritores.com%2Fjosenavarrogonzalez%2Fpoesia%2F&#038;text=Plasmar%20del%20libro%20MATERIA%20PRIMA%20PARA%20EL%20ESP%C3%8DRITU%20de%20JOS%C3%89%20NAVARRO%20GONZ%C3%81LEZ&#038;via=poesiaerestu&#038;related=poesiaerestu' target='_blank'rel=\"noopener noreferrer\">Plasmar del libro MATERIA PRIMA PARA EL ESP\u00cdRITU de JOS\u00c9 NAVARRO GONZ\u00c1LEZ <\/a><\/span><a href='https:\/\/x.com\/intent\/tweet?url=https%3A%2F%2Fnuestrosescritores.com%2Fjosenavarrogonzalez%2Fpoesia%2F&#038;text=Plasmar%20del%20libro%20MATERIA%20PRIMA%20PARA%20EL%20ESP%C3%8DRITU%20de%20JOS%C3%89%20NAVARRO%20GONZ%C3%81LEZ&#038;via=poesiaerestu&#038;related=poesiaerestu' target='_blank' class='bctt-ctt-btn'rel=\"noopener noreferrer\">Compartir en X<\/a><\/span>\n<p>&nbsp;<\/p>\n<p>&nbsp;[\/vc_column_text][\/vc_column][\/vc_row][vc_row][vc_column extend=&#8221;false&#8221;]<div class='gambit_parallax_row' data-bg-align='' data-direction='fixed' data-opacity='100' data-velocity='-0.3' data-mobile-enabled='' data-bg-height='1200' data-bg-width='900' data-bg-image='https:\/\/nuestrosescritores.com\/josenavarrogonzalez\/wp-content\/uploads\/sites\/98\/2021\/07\/ibj38atncyg.jpg' data-bg-repeat='false' data-id='' style='display: none'><\/div><div class=\"gambit_fullheight_row\" data-content-location=\"center\" style=\"display: none\"><\/div>[\/vc_column][\/vc_row][vc_row][vc_column extend=&#8221;false&#8221;][vc_column_text]\n<h1><a name=\"_Toc68808797\"><\/a><\/h1>\n<h1><a name=\"_Toc74754292\"><\/a><\/h1>\n<h1><a name=\"_Toc74941704\"><\/a>Dos luces dulces de luz azul<\/h1>\n<p>&nbsp;<\/p>\n<p>Un rayo cay\u00f3 al pozo<\/p>\n<p>y goz\u00f3 en un hueco repleto de eco mojado,<\/p>\n<p>rizado de luz celeste, salpicado como trueno azul silvestre<\/p>\n<p>que en un pozo de gozo y en la oscuridad sin edad<\/p>\n<p>penetra el templo en el tiempo, sobre las horas besa su presa<\/p>\n<p>y en cada minuto un segundo se aleja<\/p>\n<p>en la oscuridad que te da, en el pozo el gozo<\/p>\n<p>y en el hueco el trueno de luz que te une a otro rayo,<\/p>\n<p>que en ti me hallo gozando en un t\u00fanel de miel<\/p>\n<p>en tu piel oscura y pura que adora al que enamora<\/p>\n<p>con un trueno de luz que en un duelo azul<\/p>\n<p>se funden en un ed\u00e9n dos luces dulces de miel azul.<\/p>\n[&#8230;]\n<p>&nbsp;<\/p>\n<p>&nbsp;<\/p>\n<p>&nbsp;<\/p>\n<span class='bctt-click-to-tweet'><span class='bctt-ctt-text'><a href='https:\/\/x.com\/intent\/tweet?url=https%3A%2F%2Fnuestrosescritores.com%2Fjosenavarrogonzalez%2Fpoesia%2F&#038;text=Dos%20luces%20dulces%20de%20luz%20azul%20del%20libro%20MATERIA%20PRIMA%20PARA%20EL%20ESP%C3%8DRITU%20de%20JOS%C3%89%20NAVARRO%20GONZ%C3%81LEZ&#038;via=poesiaerestu&#038;related=poesiaerestu' target='_blank'rel=\"noopener noreferrer\">Dos luces dulces de luz azul del libro MATERIA PRIMA PARA EL ESP\u00cdRITU de JOS\u00c9 NAVARRO GONZ\u00c1LEZ <\/a><\/span><a href='https:\/\/x.com\/intent\/tweet?url=https%3A%2F%2Fnuestrosescritores.com%2Fjosenavarrogonzalez%2Fpoesia%2F&#038;text=Dos%20luces%20dulces%20de%20luz%20azul%20del%20libro%20MATERIA%20PRIMA%20PARA%20EL%20ESP%C3%8DRITU%20de%20JOS%C3%89%20NAVARRO%20GONZ%C3%81LEZ&#038;via=poesiaerestu&#038;related=poesiaerestu' target='_blank' class='bctt-ctt-btn'rel=\"noopener noreferrer\">Compartir en X<\/a><\/span>[\/vc_column_text][\/vc_column][\/vc_row][vc_row][vc_column extend=&#8221;false&#8221;]<div class='gambit_parallax_row' data-bg-align='' data-direction='fixed' data-opacity='100' data-velocity='-0.3' data-mobile-enabled='' data-bg-height='1200' data-bg-width='800' data-bg-image='https:\/\/nuestrosescritores.com\/josenavarrogonzalez\/wp-content\/uploads\/sites\/98\/2021\/07\/v8907kxxili.jpg' data-bg-repeat='false' data-id='' style='display: none'><\/div><div class=\"gambit_fullheight_row\" data-content-location=\"center\" style=\"display: none\"><\/div>[\/vc_column][\/vc_row][vc_row][vc_column extend=&#8221;false&#8221;][vc_column_text]<a name=\"_Toc67933181\"><\/a><\/p>\n<h1><a name=\"_Toc71223746\"><\/a><\/h1>\n<h1><a name=\"_Toc74754308\"><\/a><\/h1>\n<h1><a name=\"_Toc72690523\"><\/a><\/h1>\n<h1><a name=\"_Toc74941705\"><\/a>Veo, luego siento<\/h1>\n<p>&nbsp;<\/p>\n<p>Veo en tus ojos no s\u00e9 qu\u00e9 de antojos embriagados<\/p>\n<p>de verde azabache que, de noche unidos al flujo de luna, castiga una a una la espiga como abandonada en una duna,<\/p>\n<p>como a los dos ojos m\u00edos que devoraba<\/p>\n<p>tu mirada encantada, embalsamada en lo flotante<\/p>\n<p>que delante del silencio gritaba en lo ausente<\/p>\n<p>para poner en su boca la hoja perenne que rinde<\/p>\n<p>ante tus ojos hermosos mi semblante a lo presente,<\/p>\n<p>que en el coraz\u00f3n se siente el reflejo perplejo<\/p>\n<p>de un halo adosado a mi mente.<\/p>\n[&#8230;]\n<p>&nbsp;<\/p>\n<span class='bctt-click-to-tweet'><span class='bctt-ctt-text'><a href='https:\/\/x.com\/intent\/tweet?url=https%3A%2F%2Fnuestrosescritores.com%2Fjosenavarrogonzalez%2Fpoesia%2F&#038;text=Veo%2C%20luego%20siento%20del%20libro%20MATERIA%20PRIMA%20PARA%20EL%20ESP%C3%8DRITU%20de%20JOS%C3%89%20NAVARRO%20GONZ%C3%81LEZ&#038;via=poesiaerestu&#038;related=poesiaerestu' target='_blank'rel=\"noopener noreferrer\">Veo, luego siento del libro MATERIA PRIMA PARA EL ESP\u00cdRITU de JOS\u00c9 NAVARRO GONZ\u00c1LEZ <\/a><\/span><a href='https:\/\/x.com\/intent\/tweet?url=https%3A%2F%2Fnuestrosescritores.com%2Fjosenavarrogonzalez%2Fpoesia%2F&#038;text=Veo%2C%20luego%20siento%20del%20libro%20MATERIA%20PRIMA%20PARA%20EL%20ESP%C3%8DRITU%20de%20JOS%C3%89%20NAVARRO%20GONZ%C3%81LEZ&#038;via=poesiaerestu&#038;related=poesiaerestu' target='_blank' class='bctt-ctt-btn'rel=\"noopener noreferrer\">Compartir en X<\/a><\/span>[\/vc_column_text][\/vc_column][\/vc_row][vc_row][vc_column extend=&#8221;false&#8221;]<div class='gambit_parallax_row' data-bg-align='' data-direction='fixed' data-opacity='100' data-velocity='-0.3' data-mobile-enabled='' data-bg-height='1067' data-bg-width='1600' data-bg-image='https:\/\/nuestrosescritores.com\/josenavarrogonzalez\/wp-content\/uploads\/sites\/98\/2021\/07\/mmgtu-1zu8c.jpg' data-bg-repeat='false' data-id='' style='display: none'><\/div><div class=\"gambit_fullheight_row\" data-content-location=\"center\" style=\"display: none\"><\/div>[\/vc_column][\/vc_row][vc_row][vc_column extend=&#8221;false&#8221;][vc_column_text]\n<h1>&nbsp;<\/h1>\n<h1><a name=\"_Toc74754334\"><\/a><\/h1>\n<h1><a name=\"_Toc72690527\"><\/a><\/h1>\n<h1><a name=\"_Toc74941706\"><\/a>Un ramo<\/h1>\n<p>&nbsp;<\/p>\n<p>Si come tierra<\/p>\n<p>bebe luz<\/p>\n<p>traga agua<\/p>\n<p>sopla el viento<\/p>\n<p>flor en el campo<\/p>\n<p>tiempo temprano<\/p>\n<p>que yo la amo<\/p>\n<p>y de ti hago el ramo pero derramo el fuego<\/p>\n<p>que en m\u00ed llevo<\/p>\n<p>y lo bello lo es<\/p>\n<p>lo ves y lo quieres<\/p>\n<p>a un ramo<\/p>\n<p>como yo a ti te amo.<\/p>\n[&#8230;]\n<span class='bctt-click-to-tweet'><span class='bctt-ctt-text'><a href='https:\/\/x.com\/intent\/tweet?url=https%3A%2F%2Fnuestrosescritores.com%2Fjosenavarrogonzalez%2Fpoesia%2F&#038;text=Un%20ramo%C2%A0del%20libro%20MATERIA%20PRIMA%20PARA%20EL%20ESP%C3%8DRITU%20de%20JOS%C3%89%20NAVARRO%20GONZ%C3%81LEZ&#038;via=poesiaerestu&#038;related=poesiaerestu' target='_blank'rel=\"noopener noreferrer\">Un ramo&nbsp;del libro MATERIA PRIMA PARA EL ESP\u00cdRITU de JOS\u00c9 NAVARRO GONZ\u00c1LEZ <\/a><\/span><a href='https:\/\/x.com\/intent\/tweet?url=https%3A%2F%2Fnuestrosescritores.com%2Fjosenavarrogonzalez%2Fpoesia%2F&#038;text=Un%20ramo%C2%A0del%20libro%20MATERIA%20PRIMA%20PARA%20EL%20ESP%C3%8DRITU%20de%20JOS%C3%89%20NAVARRO%20GONZ%C3%81LEZ&#038;via=poesiaerestu&#038;related=poesiaerestu' target='_blank' class='bctt-ctt-btn'rel=\"noopener noreferrer\">Compartir en X<\/a><\/span>[\/vc_column_text][\/vc_column][\/vc_row][vc_row][vc_column extend=&#8221;false&#8221;]<div class='gambit_parallax_row' data-bg-align='' data-direction='fixed' data-opacity='100' data-velocity='-0.3' data-mobile-enabled='' data-bg-height='794' data-bg-width='559' data-bg-image='https:\/\/nuestrosescritores.com\/josenavarrogonzalez\/wp-content\/uploads\/sites\/98\/2021\/07\/0_PortadaMateriaprima.jpg' data-bg-repeat='false' data-id='' style='display: none'><\/div><div class=\"gambit_fullheight_row\" data-content-location=\"center\" style=\"display: none\"><\/div>[vc_column_text]\n<p style=\"text-align: center;\"><a class=\"fasc-button fasc-size-xlarge fasc-type-glossy fasc-rounded-medium\" style=\"background-color: #33809e; color: #ffffff;\" href=\"https:\/\/librodepoesia.com\/producto\/materia-prima-para-el-espiritu-reflexiones-poemas-y-mas-jose-navarro-gonzalez\/\">Comprar el libro<\/a><\/p>\n[\/vc_column_text][\/vc_column][\/vc_row]\n<\/div>","protected":false},"excerpt":{"rendered":"<p>[vc_row full_width=&#8221;stretch_row_content_no_spaces&#8221;][vc_column extend=&#8221;false&#8221;][\/vc_column][\/vc_row][vc_row][vc_column extend=&#8221;false&#8221;][vc_column_text] &nbsp; Un rosal como inmenso es el mar &nbsp; Es bello un rosal que une sin celo en ello, como en un perfume sincero el color y sabor en la flor, se dan cuando juntos est\u00e1n, pero se enredan los p\u00e9talos y las espinas y cuanto m\u00e1s aman las espinas m\u00e1s [&hellip;]<\/p>\n","protected":false},"author":1,"featured_media":0,"parent":0,"menu_order":0,"comment_status":"closed","ping_status":"closed","template":"","meta":{"_acf_changed":false,"footnotes":""},"class_list":["post-70","page","type-page","status-publish","hentry"],"acf":[],"yoast_head":"<!-- This site is optimized with the Yoast SEO Premium plugin v24.7 (Yoast SEO v27.4) - https:\/\/yoast.com\/product\/yoast-seo-premium-wordpress\/ -->\n<title>POES\u00cdA - Jos\u00e9 Navarro Gonz\u00e1lez<\/title>\n<meta name=\"description\" content=\"Poes\u00eda del libro MATERIA PRIMA PARA EL ESP\u00cdRITU, el escritor JOS\u00c9 NAVARRO GONZ\u00c1LEZ nos da una muestra tras publicar un libro.\" \/>\n<meta name=\"robots\" content=\"index, follow, max-snippet:-1, max-image-preview:large, max-video-preview:-1\" \/>\n<link rel=\"canonical\" href=\"https:\/\/nuestrosescritores.com\/josenavarrogonzalez\/poesia\/\" \/>\n<meta property=\"og:locale\" content=\"es_ES\" \/>\n<meta property=\"og:type\" content=\"article\" \/>\n<meta property=\"og:title\" content=\"POES\u00cdA\" \/>\n<meta property=\"og:description\" content=\"Poes\u00eda del libro MATERIA PRIMA PARA EL ESP\u00cdRITU, el escritor JOS\u00c9 NAVARRO GONZ\u00c1LEZ nos da una muestra tras publicar un libro.\" \/>\n<meta property=\"og:url\" content=\"https:\/\/nuestrosescritores.com\/josenavarrogonzalez\/poesia\/\" \/>\n<meta property=\"og:site_name\" content=\"Jos\u00e9 Navarro Gonz\u00e1lez\" \/>\n<meta property=\"article:modified_time\" content=\"2021-07-11T10:00:07+00:00\" \/>\n<meta name=\"twitter:card\" content=\"summary_large_image\" \/>\n<meta name=\"twitter:label1\" content=\"Tiempo de lectura\" \/>\n\t<meta name=\"twitter:data1\" content=\"3 minutos\" \/>\n<script type=\"application\/ld+json\" class=\"yoast-schema-graph\">{\"@context\":\"https:\\\/\\\/schema.org\",\"@graph\":[{\"@type\":\"WebPage\",\"@id\":\"https:\\\/\\\/nuestrosescritores.com\\\/josenavarrogonzalez\\\/poesia\\\/\",\"url\":\"https:\\\/\\\/nuestrosescritores.com\\\/josenavarrogonzalez\\\/poesia\\\/\",\"name\":\"POES\u00cdA - Jos\u00e9 Navarro Gonz\u00e1lez\",\"isPartOf\":{\"@id\":\"https:\\\/\\\/nuestrosescritores.com\\\/josenavarrogonzalez\\\/#website\"},\"datePublished\":\"2021-07-11T09:41:02+00:00\",\"dateModified\":\"2021-07-11T10:00:07+00:00\",\"description\":\"Poes\u00eda del libro MATERIA PRIMA PARA EL ESP\u00cdRITU, el escritor JOS\u00c9 NAVARRO GONZ\u00c1LEZ nos da una muestra tras publicar un libro.\",\"breadcrumb\":{\"@id\":\"https:\\\/\\\/nuestrosescritores.com\\\/josenavarrogonzalez\\\/poesia\\\/#breadcrumb\"},\"inLanguage\":\"es\",\"potentialAction\":[{\"@type\":\"ReadAction\",\"target\":[\"https:\\\/\\\/nuestrosescritores.com\\\/josenavarrogonzalez\\\/poesia\\\/\"]}]},{\"@type\":\"BreadcrumbList\",\"@id\":\"https:\\\/\\\/nuestrosescritores.com\\\/josenavarrogonzalez\\\/poesia\\\/#breadcrumb\",\"itemListElement\":[{\"@type\":\"ListItem\",\"position\":1,\"name\":\"Portada\",\"item\":\"https:\\\/\\\/nuestrosescritores.com\\\/josenavarrogonzalez\\\/\"},{\"@type\":\"ListItem\",\"position\":2,\"name\":\"POES\u00cdA\"}]},{\"@type\":\"WebSite\",\"@id\":\"https:\\\/\\\/nuestrosescritores.com\\\/josenavarrogonzalez\\\/#website\",\"url\":\"https:\\\/\\\/nuestrosescritores.com\\\/josenavarrogonzalez\\\/\",\"name\":\"Nuestros escritores\",\"description\":\"El mensajero de la esperanza\",\"potentialAction\":[{\"@type\":\"SearchAction\",\"target\":{\"@type\":\"EntryPoint\",\"urlTemplate\":\"https:\\\/\\\/nuestrosescritores.com\\\/josenavarrogonzalez\\\/?s={search_term_string}\"},\"query-input\":{\"@type\":\"PropertyValueSpecification\",\"valueRequired\":true,\"valueName\":\"search_term_string\"}}],\"inLanguage\":\"es\"}]}<\/script>\n<!-- \/ Yoast SEO Premium plugin. -->","yoast_head_json":{"title":"POES\u00cdA - Jos\u00e9 Navarro Gonz\u00e1lez","description":"Poes\u00eda del libro MATERIA PRIMA PARA EL ESP\u00cdRITU, el escritor JOS\u00c9 NAVARRO GONZ\u00c1LEZ nos da una muestra tras publicar un libro.","robots":{"index":"index","follow":"follow","max-snippet":"max-snippet:-1","max-image-preview":"max-image-preview:large","max-video-preview":"max-video-preview:-1"},"canonical":"https:\/\/nuestrosescritores.com\/josenavarrogonzalez\/poesia\/","og_locale":"es_ES","og_type":"article","og_title":"POES\u00cdA","og_description":"Poes\u00eda del libro MATERIA PRIMA PARA EL ESP\u00cdRITU, el escritor JOS\u00c9 NAVARRO GONZ\u00c1LEZ nos da una muestra tras publicar un libro.","og_url":"https:\/\/nuestrosescritores.com\/josenavarrogonzalez\/poesia\/","og_site_name":"Jos\u00e9 Navarro Gonz\u00e1lez","article_modified_time":"2021-07-11T10:00:07+00:00","twitter_card":"summary_large_image","twitter_misc":{"Tiempo de lectura":"3 minutos"},"schema":{"@context":"https:\/\/schema.org","@graph":[{"@type":"WebPage","@id":"https:\/\/nuestrosescritores.com\/josenavarrogonzalez\/poesia\/","url":"https:\/\/nuestrosescritores.com\/josenavarrogonzalez\/poesia\/","name":"POES\u00cdA - Jos\u00e9 Navarro Gonz\u00e1lez","isPartOf":{"@id":"https:\/\/nuestrosescritores.com\/josenavarrogonzalez\/#website"},"datePublished":"2021-07-11T09:41:02+00:00","dateModified":"2021-07-11T10:00:07+00:00","description":"Poes\u00eda del libro MATERIA PRIMA PARA EL ESP\u00cdRITU, el escritor JOS\u00c9 NAVARRO GONZ\u00c1LEZ nos da una muestra tras publicar un libro.","breadcrumb":{"@id":"https:\/\/nuestrosescritores.com\/josenavarrogonzalez\/poesia\/#breadcrumb"},"inLanguage":"es","potentialAction":[{"@type":"ReadAction","target":["https:\/\/nuestrosescritores.com\/josenavarrogonzalez\/poesia\/"]}]},{"@type":"BreadcrumbList","@id":"https:\/\/nuestrosescritores.com\/josenavarrogonzalez\/poesia\/#breadcrumb","itemListElement":[{"@type":"ListItem","position":1,"name":"Portada","item":"https:\/\/nuestrosescritores.com\/josenavarrogonzalez\/"},{"@type":"ListItem","position":2,"name":"POES\u00cdA"}]},{"@type":"WebSite","@id":"https:\/\/nuestrosescritores.com\/josenavarrogonzalez\/#website","url":"https:\/\/nuestrosescritores.com\/josenavarrogonzalez\/","name":"Nuestros escritores","description":"El mensajero de la esperanza","potentialAction":[{"@type":"SearchAction","target":{"@type":"EntryPoint","urlTemplate":"https:\/\/nuestrosescritores.com\/josenavarrogonzalez\/?s={search_term_string}"},"query-input":{"@type":"PropertyValueSpecification","valueRequired":true,"valueName":"search_term_string"}}],"inLanguage":"es"}]}},"_links":{"self":[{"href":"https:\/\/nuestrosescritores.com\/josenavarrogonzalez\/wp-json\/wp\/v2\/pages\/70","targetHints":{"allow":["GET"]}}],"collection":[{"href":"https:\/\/nuestrosescritores.com\/josenavarrogonzalez\/wp-json\/wp\/v2\/pages"}],"about":[{"href":"https:\/\/nuestrosescritores.com\/josenavarrogonzalez\/wp-json\/wp\/v2\/types\/page"}],"author":[{"embeddable":true,"href":"https:\/\/nuestrosescritores.com\/josenavarrogonzalez\/wp-json\/wp\/v2\/users\/1"}],"replies":[{"embeddable":true,"href":"https:\/\/nuestrosescritores.com\/josenavarrogonzalez\/wp-json\/wp\/v2\/comments?post=70"}],"version-history":[{"count":0,"href":"https:\/\/nuestrosescritores.com\/josenavarrogonzalez\/wp-json\/wp\/v2\/pages\/70\/revisions"}],"wp:attachment":[{"href":"https:\/\/nuestrosescritores.com\/josenavarrogonzalez\/wp-json\/wp\/v2\/media?parent=70"}],"curies":[{"name":"wp","href":"https:\/\/api.w.org\/{rel}","templated":true}]}}