{"id":93,"date":"2025-06-14T18:38:50","date_gmt":"2025-06-14T16:38:50","guid":{"rendered":"https:\/\/nuestrosescritores.com\/josemolina\/?page_id=93"},"modified":"2025-06-15T13:50:01","modified_gmt":"2025-06-15T11:50:01","slug":"poesia","status":"publish","type":"page","link":"https:\/\/nuestrosescritores.com\/josemolina\/poesia\/","title":{"rendered":"POES\u00cdA"},"content":{"rendered":"<div class=\"wpb-content-wrapper\">[vc_row full_width=&#8221;stretch_row_content_no_spaces&#8221;][vc_column extend=&#8221;false&#8221;]<div class='gambit_parallax_row' data-bg-align='' data-direction='fixed' data-opacity='100' data-velocity='-0.3' data-mobile-enabled='' data-bg-height='1248' data-bg-width='832' data-bg-image='https:\/\/nuestrosescritores.com\/josemolina\/wp-content\/uploads\/sites\/205\/2025\/06\/freepik__assistant__32591.png' data-bg-repeat='false' data-id='' style='display: none'><\/div><div class=\"gambit_fullheight_row\" data-content-location=\"center\" style=\"display: none\"><\/div>[\/vc_column][\/vc_row][vc_row css=&#8221;.vc_custom_1749919336788{padding: 15% !important;}&#8221;][vc_column extend=&#8221;false&#8221;][vc_column_text css=&#8221;&#8221;]\n<h2><a name=\"_Toc189757694\"><\/a><strong>Palabras<\/strong><\/h2>\n<p><em>A modo de pr\u00f3logo inexcusable<\/em><\/p>\n<p>&nbsp;<\/p>\n<p>Me fluyen las palabras<\/p>\n<p>entre los dedos de las manos,<\/p>\n<p>y se transforman en versos<\/p>\n<p>navegando libres y sueltos<\/p>\n<p>por un oc\u00e9ano de tinta<\/p>\n<p>que inunda p\u00e1ginas en blanco.<\/p>\n<p>&nbsp;<\/p>\n<p>Arden las palabras<\/p>\n<p>que de m\u00ed nacen,<\/p>\n<p>y se funden en tu boca<\/p>\n<p>al escribirlas en un beso<\/p>\n<p>que destila el sabor a miel<\/p>\n<p>que exhalan tus labios.<\/p>\n<p>&nbsp;<\/p>\n<p>Me brotan las palabras<\/p>\n<p>sin que yo las llame<\/p>\n<p>para recordarme que vivo,<\/p>\n<p>que simplemente te amo,<\/p>\n<p>que sin ti el tiempo se derrite<\/p>\n<p>en un pu\u00f1ado de suspiros.<\/p>\n<p>&nbsp;<\/p>\n<p>Grito palabras a los cuatro vientos<\/p>\n<p>para que alguien las escuche.<\/p>\n<p>Me sobran silencios<\/p>\n<p>para decir lo que deseo.<\/p>\n<p>Me faltan palabras<\/p>\n<p>para no callar lo que siento.<\/p>\n<p>&nbsp;<\/p>\n<p>Necesito palabras<\/p>\n<p>que abracen mis penas,<\/p>\n<p>que aquieten mis miedos,<\/p>\n<p>que acudan al rescate<\/p>\n<p>de los temores que me asaltan<\/p>\n<p>cuando la vida me da la espalda.<\/p>\n<p>&nbsp;<\/p>\n<p>Me bebo las palabras<\/p>\n<p>que emanan a borbotones<\/p>\n<p>del manantial invisible<\/p>\n<p>que anega mi cuerpo,<\/p>\n<p>de las aguas turbulentas<\/p>\n<p>que empapan mis entra\u00f1as.<\/p>\n<p>&nbsp;<\/p>\n<p>Me hacen falta palabras<\/p>\n<p>para construir castillos en el aire<\/p>\n<p>y sembrar la tierra de nubes<\/p>\n<p>que inunden de lluvia<\/p>\n<p>los corazones solitarios<\/p>\n<p>que de amor andan yermos.<\/p>\n<p>&nbsp;<\/p>\n<p>Me pierdo entre palabras<\/p>\n<p>buscando una puerta de salida<\/p>\n<p>a las tristezas que me ahogan,<\/p>\n<p>a las heridas que me desangran,<\/p>\n<p>a las pesadillas que me desvelan<\/p>\n<p>en noches intempestivas.<\/p>\n<p>&nbsp;<\/p>\n<p>Se me clavan las palabras<\/p>\n<p>como dagas de fuego<\/p>\n<p>que me arden por dentro,<\/p>\n<p>como espigas de hielo<\/p>\n<p>que me congelan el alma<\/p>\n<p>cuando una pasi\u00f3n fenece.<\/p>\n<p>Me delatan las palabras,<\/p>\n<p>me suplican que confiese<\/p>\n<p>los pecados que cometo<\/p>\n<p>sin arrepentirme de nada,<\/p>\n<p>los sue\u00f1os que se desvanecen<\/p>\n<p>con el clarear de la ma\u00f1ana.<\/p>\n<p>&nbsp;<\/p>\n<p>Me sofocan las palabras<\/p>\n<p>que no expresan lo que siento,<\/p>\n<p>las que esconden mis lamentos,<\/p>\n<p>las que me desdicen en secreto,<\/p>\n<p>aquellas que me traicionan<\/p>\n<p>al ponerlas por escrito.<\/p>\n<p>&nbsp;<\/p>\n<p>Sin palabras no me encuentro,<\/p>\n<p>solo soy una voz callada<\/p>\n<p>que arde en deseos de amar,<\/p>\n<p>de declararme en rebeld\u00eda,<\/p>\n<p>de querer transitar por la vida<\/p>\n<p>con m\u00e1s premura que sosiego.<\/p>\n<p>&nbsp;<\/p>\n<audio class=\"wp-audio-shortcode\" id=\"audio-93-1\" preload=\"none\" style=\"width: 100%;\" controls=\"controls\"><source type=\"audio\/mpeg\" src=\"http:\/\/nuestrosescritores.com\/josemolina\/wp-content\/uploads\/sites\/205\/2025\/06\/Poema-Palabras.mp3?_=1\" \/><a href=\"http:\/\/nuestrosescritores.com\/josemolina\/wp-content\/uploads\/sites\/205\/2025\/06\/Poema-Palabras.mp3\">http:\/\/nuestrosescritores.com\/josemolina\/wp-content\/uploads\/sites\/205\/2025\/06\/Poema-Palabras.mp3<\/a><\/audio>\n<span class='bctt-click-to-tweet'><span class='bctt-ctt-text'><a href='https:\/\/x.com\/intent\/tweet?url=https%3A%2F%2Fnuestrosescritores.com%2Fjosemolina%2Fpoesia%2F&#038;text=Palabras%C2%A0del%20libro%20M%C3%81S%20QUE%20PALABRAS%20de%20JOS%C3%89%20MOLINA%20MELGAREJO&#038;via=poesiaerestu&#038;related=poesiaerestu' target='_blank'rel=\"noopener noreferrer\">Palabras&nbsp;del libro M\u00c1S QUE PALABRAS de JOS\u00c9 MOLINA MELGAREJO <\/a><\/span><a href='https:\/\/x.com\/intent\/tweet?url=https%3A%2F%2Fnuestrosescritores.com%2Fjosemolina%2Fpoesia%2F&#038;text=Palabras%C2%A0del%20libro%20M%C3%81S%20QUE%20PALABRAS%20de%20JOS%C3%89%20MOLINA%20MELGAREJO&#038;via=poesiaerestu&#038;related=poesiaerestu' target='_blank' class='bctt-ctt-btn'rel=\"noopener noreferrer\">Compartir en X<\/a><\/span>\n<p>&nbsp;[\/vc_column_text][\/vc_column][\/vc_row][vc_row full_width=&#8221;stretch_row_content_no_spaces&#8221;][vc_column extend=&#8221;false&#8221;]<div class='gambit_parallax_row' data-bg-align='' data-direction='fixed' data-opacity='100' data-velocity='-0.3' data-mobile-enabled='' data-bg-height='2048' data-bg-width='2048' data-bg-image='https:\/\/nuestrosescritores.com\/josemolina\/wp-content\/uploads\/sites\/205\/2025\/06\/1.jpg' data-bg-repeat='false' data-id='' style='display: none'><\/div><div class=\"gambit_fullheight_row\" data-content-location=\"center\" style=\"display: none\"><\/div>[\/vc_column][\/vc_row][vc_row css=&#8221;.vc_custom_1749919355532{padding: 15% !important;}&#8221;][vc_column extend=&#8221;false&#8221;][vc_column_text]\n<h2><a name=\"_Toc189757698\"><\/a><strong>So\u00f1ando sue\u00f1os<\/strong><\/h2>\n<p>&nbsp;<\/p>\n<p>So\u00f1aba que so\u00f1\u00e9 lo que sue\u00f1o en mis sue\u00f1os,<\/p>\n<p>enredado en sue\u00f1os de los que no logro huir,<\/p>\n<p>atravesando mares y pi\u00e9lagos desiertos,<\/p>\n<p>p\u00e1ramos anegados por aguas revueltas,<\/p>\n<p>manantiales zozobrando en arenas movedizas,<\/p>\n<p>caminos de ida, pero sin billete de vuelta,<\/p>\n<p>senderos sin origen ni destino,<\/p>\n<p>altas y escarpadas cimas que no corono.<\/p>\n<p>So\u00f1\u00e9 en sue\u00f1os que eran un ensue\u00f1o,<\/p>\n<p>en los que alzaba el vuelo hasta alcanzar el cielo,<\/p>\n<p>recorr\u00eda para\u00edsos que jam\u00e1s hab\u00eda conocido,<\/p>\n<p>colmaba deseos que alguna vez hab\u00eda so\u00f1ado,<\/p>\n<p>aliviaba el dolor que me fatigaba por dentro.<\/p>\n<p>&nbsp;<\/p>\n<span class='bctt-click-to-tweet'><span class='bctt-ctt-text'><a href='https:\/\/x.com\/intent\/tweet?url=https%3A%2F%2Fnuestrosescritores.com%2Fjosemolina%2Fpoesia%2F&#038;text=So%C3%B1ando%20sue%C3%B1os%20del%20libro%20M%C3%81S%20QUE%20PALABRAS%20de%20JOS%C3%89%20MOLINA%20MELGAREJO&#038;via=poesiaerestu&#038;related=poesiaerestu' target='_blank'rel=\"noopener noreferrer\">So\u00f1ando sue\u00f1os del libro M\u00c1S QUE PALABRAS de JOS\u00c9 MOLINA MELGAREJO <\/a><\/span><a href='https:\/\/x.com\/intent\/tweet?url=https%3A%2F%2Fnuestrosescritores.com%2Fjosemolina%2Fpoesia%2F&#038;text=So%C3%B1ando%20sue%C3%B1os%20del%20libro%20M%C3%81S%20QUE%20PALABRAS%20de%20JOS%C3%89%20MOLINA%20MELGAREJO&#038;via=poesiaerestu&#038;related=poesiaerestu' target='_blank' class='bctt-ctt-btn'rel=\"noopener noreferrer\">Compartir en X<\/a><\/span>\n<p>&nbsp;<\/p>\n<p>&nbsp;[\/vc_column_text][\/vc_column][\/vc_row][vc_row][vc_column extend=&#8221;false&#8221;]<div class='gambit_parallax_row' data-bg-align='' data-direction='fixed' data-opacity='100' data-velocity='-0.3' data-mobile-enabled='' data-bg-height='2560' data-bg-width='1676' data-bg-image='https:\/\/nuestrosescritores.com\/josemolina\/wp-content\/uploads\/sites\/205\/2025\/06\/Editor_Gemini_Generated_Image_maa5t9maa5t9maa5-scaled.jpg' data-bg-repeat='false' data-id='' style='display: none'><\/div><div class=\"gambit_fullheight_row\" data-content-location=\"center\" style=\"display: none\"><\/div>[\/vc_column][\/vc_row][vc_row css=&#8221;.vc_custom_1749919368579{padding: 15% !important;}&#8221;][vc_column extend=&#8221;false&#8221;][vc_column_text]\n<h1>&nbsp;<\/h1>\n<h2><a name=\"_Toc189757702\"><\/a>Maldita pesadilla<\/h2>\n<p>&nbsp;<\/p>\n<p>Una lluvia torrencial<\/p>\n<p>cruza un cielo desnudo,<\/p>\n<p>sin estrellas ni luna,<\/p>\n<p>en una tarde anocheciendo.<\/p>\n<p>&nbsp;<\/p>\n<p>No busca bocas que empapar<\/p>\n<p>ni tierras bald\u00edas que desecar.<\/p>\n<p>A su paso, solo enfanga<\/p>\n<p>caminos, calles y aceras.<\/p>\n<p><strong>&nbsp;<\/strong><\/p>\n<p>Un gigantesco aguacero<\/p>\n<p>anega callejones y avenidas,<\/p>\n<p>lugares que ya no existen<\/p>\n<p>arrastrados por la corriente.<\/p>\n<p><strong>&nbsp;<\/strong><\/p>\n<p>En una madrugada al raso,<\/p>\n<p>hay vidas y enseres perdidos,<\/p>\n<p>razones que no se entienden,<\/p>\n<p>quejidos que no se escuchan.<\/p>\n<p><strong>&nbsp;<\/strong><\/p>\n<p>Al despertar la ma\u00f1ana,<\/p>\n<p>ya nada es lo que fue.<\/p>\n<p>El paisaje se ha difuminado,<\/p>\n<p>convertido en una maldita pesadilla.<\/p>\n<p><strong>&nbsp;<\/strong><\/p>\n<p>A la sombra de un sol moribundo,<\/p>\n<p>yacen sue\u00f1os devastados,<\/p>\n<p>cuerpos apresados entre escombros,<\/p>\n<p>manos desenterrando recuerdos.<\/p>\n<p><strong>&nbsp;<\/strong><\/p>\n<p>&nbsp;<\/p>\n<p>En cada esquina de cada calle<\/p>\n<p>tiemblan ojos cegados de espanto,<\/p>\n<p>laten corazones sin consuelo,<\/p>\n<p>deambulan almas en duelo.<\/p>\n<p>&nbsp;<\/p>\n<p>A la sombra de un silencio varado,<\/p>\n<p>resuenan ecos de voces calladas,<\/p>\n<p>llantos que no vierten l\u00e1grimas,<\/p>\n<p>corazones henchidos de pena.<\/p>\n<p>&nbsp;<\/p>\n<p>Una terrible tromba de agua<\/p>\n<p>ha enlutado el cielo y la tierra,<\/p>\n<p>secuestrando vidas que palpitaban<\/p>\n<p>y ahora ya no palpitan.<\/p>\n<p>&nbsp;<\/p>\n<p>No hay palabras para describir el horror.<\/p>\n<p>En la levedad del aire,<\/p>\n<p>solo se respira dolor,<\/p>\n<p>angustia, pesadumbre, ira.<\/p>\n<p>&nbsp;<\/p>\n<p>El tiempo se ha detenido<\/p>\n<p>en un cementerio de lodo.<\/p>\n<p>El pasado y el futuro no existen;<\/p>\n<p>solo segundos que se hacen eternos.<\/p>\n<p>&nbsp;<\/p>\n<p>&nbsp;<\/p>\n<p><em>A las v\u00edctimas de la DANA (Valencia, 2024)<\/em><\/p>\n<p>&nbsp;<\/p>\n<p>&nbsp;<\/p>\n<p>&nbsp;<\/p>\n<p>&nbsp;<\/p>\n<span class='bctt-click-to-tweet'><span class='bctt-ctt-text'><a href='https:\/\/x.com\/intent\/tweet?url=https%3A%2F%2Fnuestrosescritores.com%2Fjosemolina%2Fpoesia%2F&#038;text=Maldita%20pesadilla%20del%20libro%20M%C3%81S%20QUE%20PALABRAS%20de%20JOS%C3%89%20MOLINA%20MELGAREJO&#038;via=poesiaerestu&#038;related=poesiaerestu' target='_blank'rel=\"noopener noreferrer\">Maldita pesadilla del libro M\u00c1S QUE PALABRAS de JOS\u00c9 MOLINA MELGAREJO <\/a><\/span><a href='https:\/\/x.com\/intent\/tweet?url=https%3A%2F%2Fnuestrosescritores.com%2Fjosemolina%2Fpoesia%2F&#038;text=Maldita%20pesadilla%20del%20libro%20M%C3%81S%20QUE%20PALABRAS%20de%20JOS%C3%89%20MOLINA%20MELGAREJO&#038;via=poesiaerestu&#038;related=poesiaerestu' target='_blank' class='bctt-ctt-btn'rel=\"noopener noreferrer\">Compartir en X<\/a><\/span>[\/vc_column_text][\/vc_column][\/vc_row][vc_row][vc_column extend=&#8221;false&#8221;]<div class='gambit_parallax_row' data-bg-align='' data-direction='fixed' data-opacity='100' data-velocity='-0.3' data-mobile-enabled='' data-bg-height='1396' data-bg-width='2560' data-bg-image='https:\/\/nuestrosescritores.com\/josemolina\/wp-content\/uploads\/sites\/205\/2025\/06\/7-scaled.jpg' data-bg-repeat='false' data-id='' style='display: none'><\/div><div class=\"gambit_fullheight_row\" data-content-location=\"center\" style=\"display: none\"><\/div>[\/vc_column][\/vc_row][vc_row][vc_column extend=&#8221;false&#8221; css=&#8221;.vc_custom_1749919383591{padding: 15% !important;}&#8221;][vc_column_text]\n<h1>&nbsp;<\/h1>\n<h2><a name=\"_Toc189757717\"><\/a><strong>Llega la noche<\/strong><\/h2>\n<p>&nbsp;<\/p>\n<p>Se recuesta dulcemente la tarde<\/p>\n<p>entre bambalinas de estrellas<\/p>\n<p>y una hermosa luna asomada a escondidas,<\/p>\n<p>esperando dar algo de luz a la noche<\/p>\n<p>que entre sombras se avecina.<\/p>\n<p>Se desperezan los sue\u00f1os,<\/p>\n<p>aguardando ser so\u00f1ados<\/p>\n<p>antes de que se disfracen de pesadillas.<\/p>\n<p>Tiritan las luces vespertinas<\/p>\n<p>antes de que la noche las acalle,<\/p>\n<p>antes de que la noche se descuelgue<\/p>\n<p>de las entra\u00f1as del cielo<\/p>\n<p>y las silencie con un soplido de brisa.<\/p>\n<p>Va cayendo lentamente la tarde,<\/p>\n<p>dejando all\u00e1 a lo lejos<\/p>\n<p>un rastro de luces ardiendo,<\/p>\n<p>y resucita la noche en los brazos del ocaso<\/p>\n<p>hasta te\u00f1ir de negro el cielo que la cubre.<\/p>\n<span class='bctt-click-to-tweet'><span class='bctt-ctt-text'><a href='https:\/\/x.com\/intent\/tweet?url=https%3A%2F%2Fnuestrosescritores.com%2Fjosemolina%2Fpoesia%2F&#038;text=Llega%20la%20noche%20del%20libro%20M%C3%81S%20QUE%20PALABRAS%20de%20JOS%C3%89%20MOLINA%20MELGAREJO&#038;via=poesiaerestu&#038;related=poesiaerestu' target='_blank'rel=\"noopener noreferrer\">Llega la noche del libro M\u00c1S QUE PALABRAS de JOS\u00c9 MOLINA MELGAREJO <\/a><\/span><a href='https:\/\/x.com\/intent\/tweet?url=https%3A%2F%2Fnuestrosescritores.com%2Fjosemolina%2Fpoesia%2F&#038;text=Llega%20la%20noche%20del%20libro%20M%C3%81S%20QUE%20PALABRAS%20de%20JOS%C3%89%20MOLINA%20MELGAREJO&#038;via=poesiaerestu&#038;related=poesiaerestu' target='_blank' class='bctt-ctt-btn'rel=\"noopener noreferrer\">Compartir en X<\/a><\/span>[\/vc_column_text][\/vc_column][\/vc_row][vc_row][vc_column extend=&#8221;false&#8221;]<div class='gambit_parallax_row' data-bg-align='' data-direction='fixed' data-opacity='100' data-velocity='-0.3' data-mobile-enabled='' data-bg-height='2560' data-bg-width='1800' data-bg-image='https:\/\/nuestrosescritores.com\/josemolina\/wp-content\/uploads\/sites\/205\/2025\/06\/Editor_Gemini_Generated_Image_zbiovuzbiovuzbio-scaled.jpg' data-bg-repeat='false' data-id='' style='display: none'><\/div><div class=\"gambit_fullheight_row\" data-content-location=\"center\" style=\"display: none\"><\/div>[\/vc_column][\/vc_row][vc_row css=&#8221;.vc_custom_1749919404528{padding: 15% !important;}&#8221;][vc_column extend=&#8221;false&#8221;][vc_column_text]\n<h1><a name=\"_Toc29236770\"><\/a><\/h1>\n<h1><a name=\"_Toc50565544\"><\/a><\/h1>\n<h2><a name=\"_Toc189757729\"><\/a>Poema ausente<\/h2>\n<p>&nbsp;<\/p>\n<p>Cuando el tiempo me apremie a irme,<\/p>\n<p>me aprestar\u00e9 a dejar una silla vac\u00eda<\/p>\n<p>y, entre sombras, un poema ausente,<\/p>\n<p>escrito con miles de versos invisibles,<\/p>\n<p>para que nadie sepa qu\u00e9 dejo escrito,<\/p>\n<p>qu\u00e9 he querido llevarme conmigo,<\/p>\n<p>qu\u00e9 necesito contar que no cuento,<\/p>\n<p>qu\u00e9 deber\u00eda decir, pero no digo.<\/p>\n<p>&nbsp;<\/p>\n<p>&nbsp;<\/p>\n<p>&nbsp;<\/p>\n<p>&nbsp;<\/p>\n<p>&nbsp;<\/p>\n<p>&nbsp;<\/p>\n<span class='bctt-click-to-tweet'><span class='bctt-ctt-text'><a href='https:\/\/x.com\/intent\/tweet?url=https%3A%2F%2Fnuestrosescritores.com%2Fjosemolina%2Fpoesia%2F&#038;text=Poema%20ausente%20del%20libro%20M%C3%81S%20QUE%20PALABRAS%20de%20JOS%C3%89%20MOLINA%20MELGAREJO&#038;via=poesiaerestu&#038;related=poesiaerestu' target='_blank'rel=\"noopener noreferrer\">Poema ausente del libro M\u00c1S QUE PALABRAS de JOS\u00c9 MOLINA MELGAREJO <\/a><\/span><a href='https:\/\/x.com\/intent\/tweet?url=https%3A%2F%2Fnuestrosescritores.com%2Fjosemolina%2Fpoesia%2F&#038;text=Poema%20ausente%20del%20libro%20M%C3%81S%20QUE%20PALABRAS%20de%20JOS%C3%89%20MOLINA%20MELGAREJO&#038;via=poesiaerestu&#038;related=poesiaerestu' target='_blank' class='bctt-ctt-btn'rel=\"noopener noreferrer\">Compartir en X<\/a><\/span>[\/vc_column_text][\/vc_column][\/vc_row][vc_row][vc_column extend=&#8221;false&#8221;]<div class='gambit_parallax_row' data-bg-align='' data-direction='fixed' data-opacity='100' data-velocity='-0.3' data-mobile-enabled='' data-bg-height='2048' data-bg-width='2048' data-bg-image='https:\/\/nuestrosescritores.com\/josemolina\/wp-content\/uploads\/sites\/205\/2025\/06\/Palabras.jpeg' data-bg-repeat='false' data-id='' style='display: none'><\/div><div class=\"gambit_fullheight_row\" data-content-location=\"center\" style=\"display: none\"><\/div>[vc_column_text css=&#8221;&#8221;]\n<p style=\"text-align: center;\"><a class=\"fasc-button fasc-size-xlarge fasc-type-glossy fasc-rounded-medium\" style=\"background-color: #33809e; color: #ffffff;\" href=\"https:\/\/gepa.es\/producto\/mas-que-palabras-jose-molina-melgarejo\/\">Comprar el libro<\/a><\/p>\n[\/vc_column_text][\/vc_column][\/vc_row]\n<\/div>","protected":false},"excerpt":{"rendered":"<p>[vc_row full_width=&#8221;stretch_row_content_no_spaces&#8221;][vc_column extend=&#8221;false&#8221;][\/vc_column][\/vc_row][vc_row css=&#8221;.vc_custom_1749919336788{padding: 15% !important;}&#8221;][vc_column extend=&#8221;false&#8221;][vc_column_text css=&#8221;&#8221;] Palabras A modo de pr\u00f3logo inexcusable &nbsp; Me fluyen las palabras entre los dedos de las manos, y se transforman en versos navegando libres y sueltos por un oc\u00e9ano de tinta que inunda p\u00e1ginas en blanco. &nbsp; Arden las palabras que de m\u00ed nacen, y se funden [&hellip;]<\/p>\n","protected":false},"author":1,"featured_media":44,"parent":0,"menu_order":0,"comment_status":"closed","ping_status":"closed","template":"","meta":{"_acf_changed":false,"footnotes":""},"class_list":["post-93","page","type-page","status-publish","has-post-thumbnail","hentry"],"acf":[],"yoast_head":"<!-- This site is optimized with the Yoast SEO Premium plugin v24.7 (Yoast SEO v27.4) - https:\/\/yoast.com\/product\/yoast-seo-premium-wordpress\/ -->\n<title>POES\u00cdA - Jos\u00e9 Molina Melgarejo<\/title>\n<meta name=\"description\" content=\"Poes\u00eda del libro &quot;M\u00e1s que palabras&quot;. Entra a conocer la poes\u00eda de Jos\u00e9 Molina Melgarejo. Los poemas seleccionados de su libro.\" \/>\n<meta name=\"robots\" content=\"index, follow, max-snippet:-1, max-image-preview:large, max-video-preview:-1\" \/>\n<link rel=\"canonical\" href=\"https:\/\/nuestrosescritores.com\/josemolina\/poesia\/\" \/>\n<meta property=\"og:locale\" content=\"es_ES\" \/>\n<meta property=\"og:type\" content=\"article\" \/>\n<meta property=\"og:title\" content=\"POES\u00cdA\" \/>\n<meta property=\"og:description\" content=\"Poes\u00eda del libro &quot;M\u00e1s que palabras&quot;. Entra a conocer la poes\u00eda de Jos\u00e9 Molina Melgarejo. Los poemas seleccionados de su libro.\" \/>\n<meta property=\"og:url\" content=\"https:\/\/nuestrosescritores.com\/josemolina\/poesia\/\" \/>\n<meta property=\"og:site_name\" content=\"Jos\u00e9 Molina Melgarejo\" \/>\n<meta property=\"article:modified_time\" content=\"2025-06-15T11:50:01+00:00\" \/>\n<meta property=\"og:image\" content=\"http:\/\/nuestrosescritores.com\/josemolina\/wp-content\/uploads\/sites\/205\/2025\/06\/freepik__assistant__32591.png\" \/>\n\t<meta property=\"og:image:width\" content=\"832\" \/>\n\t<meta property=\"og:image:height\" content=\"1248\" \/>\n\t<meta property=\"og:image:type\" content=\"image\/png\" \/>\n<meta name=\"twitter:card\" content=\"summary_large_image\" \/>\n<meta name=\"twitter:label1\" content=\"Tiempo de lectura\" \/>\n\t<meta name=\"twitter:data1\" content=\"5 minutos\" \/>\n<script type=\"application\/ld+json\" class=\"yoast-schema-graph\">{\"@context\":\"https:\\\/\\\/schema.org\",\"@graph\":[{\"@type\":\"WebPage\",\"@id\":\"https:\\\/\\\/nuestrosescritores.com\\\/josemolina\\\/poesia\\\/\",\"url\":\"https:\\\/\\\/nuestrosescritores.com\\\/josemolina\\\/poesia\\\/\",\"name\":\"POES\u00cdA - Jos\u00e9 Molina Melgarejo\",\"isPartOf\":{\"@id\":\"https:\\\/\\\/nuestrosescritores.com\\\/josemolina\\\/#website\"},\"primaryImageOfPage\":{\"@id\":\"https:\\\/\\\/nuestrosescritores.com\\\/josemolina\\\/poesia\\\/#primaryimage\"},\"image\":{\"@id\":\"https:\\\/\\\/nuestrosescritores.com\\\/josemolina\\\/poesia\\\/#primaryimage\"},\"thumbnailUrl\":\"https:\\\/\\\/nuestrosescritores.com\\\/josemolina\\\/wp-content\\\/uploads\\\/sites\\\/205\\\/2025\\\/06\\\/freepik__assistant__32591.png\",\"datePublished\":\"2025-06-14T16:38:50+00:00\",\"dateModified\":\"2025-06-15T11:50:01+00:00\",\"description\":\"Poes\u00eda del libro \\\"M\u00e1s que palabras\\\". Entra a conocer la poes\u00eda de Jos\u00e9 Molina Melgarejo. Los poemas seleccionados de su libro.\",\"breadcrumb\":{\"@id\":\"https:\\\/\\\/nuestrosescritores.com\\\/josemolina\\\/poesia\\\/#breadcrumb\"},\"inLanguage\":\"es\",\"potentialAction\":[{\"@type\":\"ReadAction\",\"target\":[\"https:\\\/\\\/nuestrosescritores.com\\\/josemolina\\\/poesia\\\/\"]}]},{\"@type\":\"ImageObject\",\"inLanguage\":\"es\",\"@id\":\"https:\\\/\\\/nuestrosescritores.com\\\/josemolina\\\/poesia\\\/#primaryimage\",\"url\":\"https:\\\/\\\/nuestrosescritores.com\\\/josemolina\\\/wp-content\\\/uploads\\\/sites\\\/205\\\/2025\\\/06\\\/freepik__assistant__32591.png\",\"contentUrl\":\"https:\\\/\\\/nuestrosescritores.com\\\/josemolina\\\/wp-content\\\/uploads\\\/sites\\\/205\\\/2025\\\/06\\\/freepik__assistant__32591.png\",\"width\":832,\"height\":1248},{\"@type\":\"BreadcrumbList\",\"@id\":\"https:\\\/\\\/nuestrosescritores.com\\\/josemolina\\\/poesia\\\/#breadcrumb\",\"itemListElement\":[{\"@type\":\"ListItem\",\"position\":1,\"name\":\"Portada\",\"item\":\"https:\\\/\\\/nuestrosescritores.com\\\/josemolina\\\/\"},{\"@type\":\"ListItem\",\"position\":2,\"name\":\"POES\u00cdA\"}]},{\"@type\":\"WebSite\",\"@id\":\"https:\\\/\\\/nuestrosescritores.com\\\/josemolina\\\/#website\",\"url\":\"https:\\\/\\\/nuestrosescritores.com\\\/josemolina\\\/\",\"name\":\"Nuestros escritores\",\"description\":\"Escritor\",\"potentialAction\":[{\"@type\":\"SearchAction\",\"target\":{\"@type\":\"EntryPoint\",\"urlTemplate\":\"https:\\\/\\\/nuestrosescritores.com\\\/josemolina\\\/?s={search_term_string}\"},\"query-input\":{\"@type\":\"PropertyValueSpecification\",\"valueRequired\":true,\"valueName\":\"search_term_string\"}}],\"inLanguage\":\"es\"}]}<\/script>\n<!-- \/ Yoast SEO Premium plugin. -->","yoast_head_json":{"title":"POES\u00cdA - Jos\u00e9 Molina Melgarejo","description":"Poes\u00eda del libro \"M\u00e1s que palabras\". Entra a conocer la poes\u00eda de Jos\u00e9 Molina Melgarejo. Los poemas seleccionados de su libro.","robots":{"index":"index","follow":"follow","max-snippet":"max-snippet:-1","max-image-preview":"max-image-preview:large","max-video-preview":"max-video-preview:-1"},"canonical":"https:\/\/nuestrosescritores.com\/josemolina\/poesia\/","og_locale":"es_ES","og_type":"article","og_title":"POES\u00cdA","og_description":"Poes\u00eda del libro \"M\u00e1s que palabras\". Entra a conocer la poes\u00eda de Jos\u00e9 Molina Melgarejo. Los poemas seleccionados de su libro.","og_url":"https:\/\/nuestrosescritores.com\/josemolina\/poesia\/","og_site_name":"Jos\u00e9 Molina Melgarejo","article_modified_time":"2025-06-15T11:50:01+00:00","og_image":[{"width":832,"height":1248,"url":"http:\/\/nuestrosescritores.com\/josemolina\/wp-content\/uploads\/sites\/205\/2025\/06\/freepik__assistant__32591.png","type":"image\/png"}],"twitter_card":"summary_large_image","twitter_misc":{"Tiempo de lectura":"5 minutos"},"schema":{"@context":"https:\/\/schema.org","@graph":[{"@type":"WebPage","@id":"https:\/\/nuestrosescritores.com\/josemolina\/poesia\/","url":"https:\/\/nuestrosescritores.com\/josemolina\/poesia\/","name":"POES\u00cdA - Jos\u00e9 Molina Melgarejo","isPartOf":{"@id":"https:\/\/nuestrosescritores.com\/josemolina\/#website"},"primaryImageOfPage":{"@id":"https:\/\/nuestrosescritores.com\/josemolina\/poesia\/#primaryimage"},"image":{"@id":"https:\/\/nuestrosescritores.com\/josemolina\/poesia\/#primaryimage"},"thumbnailUrl":"https:\/\/nuestrosescritores.com\/josemolina\/wp-content\/uploads\/sites\/205\/2025\/06\/freepik__assistant__32591.png","datePublished":"2025-06-14T16:38:50+00:00","dateModified":"2025-06-15T11:50:01+00:00","description":"Poes\u00eda del libro \"M\u00e1s que palabras\". Entra a conocer la poes\u00eda de Jos\u00e9 Molina Melgarejo. Los poemas seleccionados de su libro.","breadcrumb":{"@id":"https:\/\/nuestrosescritores.com\/josemolina\/poesia\/#breadcrumb"},"inLanguage":"es","potentialAction":[{"@type":"ReadAction","target":["https:\/\/nuestrosescritores.com\/josemolina\/poesia\/"]}]},{"@type":"ImageObject","inLanguage":"es","@id":"https:\/\/nuestrosescritores.com\/josemolina\/poesia\/#primaryimage","url":"https:\/\/nuestrosescritores.com\/josemolina\/wp-content\/uploads\/sites\/205\/2025\/06\/freepik__assistant__32591.png","contentUrl":"https:\/\/nuestrosescritores.com\/josemolina\/wp-content\/uploads\/sites\/205\/2025\/06\/freepik__assistant__32591.png","width":832,"height":1248},{"@type":"BreadcrumbList","@id":"https:\/\/nuestrosescritores.com\/josemolina\/poesia\/#breadcrumb","itemListElement":[{"@type":"ListItem","position":1,"name":"Portada","item":"https:\/\/nuestrosescritores.com\/josemolina\/"},{"@type":"ListItem","position":2,"name":"POES\u00cdA"}]},{"@type":"WebSite","@id":"https:\/\/nuestrosescritores.com\/josemolina\/#website","url":"https:\/\/nuestrosescritores.com\/josemolina\/","name":"Nuestros escritores","description":"Escritor","potentialAction":[{"@type":"SearchAction","target":{"@type":"EntryPoint","urlTemplate":"https:\/\/nuestrosescritores.com\/josemolina\/?s={search_term_string}"},"query-input":{"@type":"PropertyValueSpecification","valueRequired":true,"valueName":"search_term_string"}}],"inLanguage":"es"}]}},"_links":{"self":[{"href":"https:\/\/nuestrosescritores.com\/josemolina\/wp-json\/wp\/v2\/pages\/93","targetHints":{"allow":["GET"]}}],"collection":[{"href":"https:\/\/nuestrosescritores.com\/josemolina\/wp-json\/wp\/v2\/pages"}],"about":[{"href":"https:\/\/nuestrosescritores.com\/josemolina\/wp-json\/wp\/v2\/types\/page"}],"author":[{"embeddable":true,"href":"https:\/\/nuestrosescritores.com\/josemolina\/wp-json\/wp\/v2\/users\/1"}],"replies":[{"embeddable":true,"href":"https:\/\/nuestrosescritores.com\/josemolina\/wp-json\/wp\/v2\/comments?post=93"}],"version-history":[{"count":0,"href":"https:\/\/nuestrosescritores.com\/josemolina\/wp-json\/wp\/v2\/pages\/93\/revisions"}],"wp:featuredmedia":[{"embeddable":true,"href":"https:\/\/nuestrosescritores.com\/josemolina\/wp-json\/wp\/v2\/media\/44"}],"wp:attachment":[{"href":"https:\/\/nuestrosescritores.com\/josemolina\/wp-json\/wp\/v2\/media?parent=93"}],"curies":[{"name":"wp","href":"https:\/\/api.w.org\/{rel}","templated":true}]}}