{"id":62,"date":"2020-05-01T16:49:18","date_gmt":"2020-05-01T16:49:18","guid":{"rendered":"https:\/\/nuestrosescritores.com\/josemedinadoctor\/?page_id=62"},"modified":"2020-05-01T17:11:34","modified_gmt":"2020-05-01T17:11:34","slug":"poesias","status":"publish","type":"page","link":"https:\/\/nuestrosescritores.com\/josemedinadoctor\/poesias\/","title":{"rendered":"Poes\u00edas"},"content":{"rendered":"<div class=\"wpb-content-wrapper\">[vc_row][vc_column extend=&#8221;false&#8221;][vc_column_text css=&#8221;.vc_custom_1582373099134{margin-top: -30000px !important;}&#8221;]\n<h1><strong><em><u>Poes\u00eda del libro AGOLPADOS RECUERDOS. Poemas breves de un a\u00f1o perdido de JOS\u00c9 MEDINA. El escritor nos da una muestra tras publicar un libro.<\/u><\/em><\/strong><\/h1>\n<h2><strong><em><u><img fetchpriority=\"high\" decoding=\"async\" class=\"alignnone size-full wp-image-59\" src=\"https:\/\/nuestrosescritores.com\/josemedinadoctor\/wp-content\/uploads\/sites\/35\/2020\/05\/0_Portada_Agolpados-1.jpg\" alt=\"\" width=\"559\" height=\"794\">Poes\u00eda del libro AGOLPADOS RECUERDOS. Poemas breves de un a\u00f1o perdido de JOS\u00c9 MEDINA El poeta nos da una muestra tras publicar un libro.<\/u><\/em><\/strong><\/h2>\n<h3><strong><em><u>Poes\u00eda del libro AGOLPADOS RECUERDOS. Poemas breves de un a\u00f1o perdido de JOS\u00c9 MEDINA El autor nos da una muestra tras publicar un libro.<\/u><\/em><\/strong><\/h3>\n<h4><strong><em><u>Poes\u00eda del libro AGOLPADOS RECUERDOS. Poemas breves de un a\u00f1o perdido de JOS\u00c9 MEDINA El autor nos da una muestra tras publicar un libro.<\/u><\/em><\/strong><\/h4>\n<h5><strong><em><u>Poes\u00eda del libro AGOLPADOS RECUERDOS. Poemas breves de un a\u00f1o perdido de JOS\u00c9 MEDINA El autor nos da una muestra tras publicar un libro.<\/u><\/em><\/strong><\/h5>\n[\/vc_column_text][\/vc_column][\/vc_row][vc_row full_width=&#8221;stretch_row_content_no_spaces&#8221;][vc_column extend=&#8221;false&#8221;]<div class='gambit_parallax_row' data-bg-align='' data-direction='fixed' data-opacity='100' data-velocity='-0.3' data-mobile-enabled='' data-bg-height='2560' data-bg-width='1707' data-bg-image='https:\/\/nuestrosescritores.com\/josemedinadoctor\/wp-content\/uploads\/sites\/35\/2020\/04\/k3zwmhv2xsg-scaled.jpg' data-bg-repeat='false' data-id='' style='display: none'><\/div><div class=\"gambit_fullheight_row\" data-content-location=\"center\" style=\"display: none\"><\/div>[\/vc_column][\/vc_row][vc_row][vc_column extend=&#8221;false&#8221;][vc_column_text]\n<h1><a name=\"_Toc35529792\"><\/a><strong>Amor<\/strong><\/h1>\n<p>&nbsp;<\/p>\n<p>Diciendo te quiero<\/p>\n<p>amor<\/p>\n<p>lejano amor. Inconcebible.<\/p>\n<p>&nbsp;<\/p>\n<p>&nbsp;<\/p>\n<span class='bctt-click-to-tweet'><span class='bctt-ctt-text'><a href='https:\/\/x.com\/intent\/tweet?url=https%3A%2F%2Fnuestrosescritores.com%2Fjosemedinadoctor%2Fpoesias%2F&#038;text=Amor%C2%A0del%20libro%20AGOLPADOS%20RECUERDOS.%20Poemas%20breves%20de%20un%20a%C3%B1o%20perdido%20de%20JOS%C3%89%20MEDINA&#038;via=poesiaerestu&#038;related=poesiaerestu' target='_blank'rel=\"noopener noreferrer\">Amor&nbsp;del libro AGOLPADOS RECUERDOS. Poemas breves de un a\u00f1o perdido de JOS\u00c9 MEDINA <\/a><\/span><a href='https:\/\/x.com\/intent\/tweet?url=https%3A%2F%2Fnuestrosescritores.com%2Fjosemedinadoctor%2Fpoesias%2F&#038;text=Amor%C2%A0del%20libro%20AGOLPADOS%20RECUERDOS.%20Poemas%20breves%20de%20un%20a%C3%B1o%20perdido%20de%20JOS%C3%89%20MEDINA&#038;via=poesiaerestu&#038;related=poesiaerestu' target='_blank' class='bctt-ctt-btn'rel=\"noopener noreferrer\">Compartir en X<\/a><\/span>\n<p>&nbsp;[\/vc_column_text][\/vc_column][\/vc_row][vc_row full_width=&#8221;stretch_row_content_no_spaces&#8221;][vc_column extend=&#8221;false&#8221;]<div class='gambit_parallax_row' data-bg-align='' data-direction='fixed' data-opacity='100' data-velocity='-0.3' data-mobile-enabled='' data-bg-height='1707' data-bg-width='2560' data-bg-image='https:\/\/nuestrosescritores.com\/josemedinadoctor\/wp-content\/uploads\/sites\/35\/2020\/04\/f6s6c67fzbs-scaled.jpg' data-bg-repeat='false' data-id='' style='display: none'><\/div><div class=\"gambit_fullheight_row\" data-content-location=\"center\" style=\"display: none\"><\/div>[\/vc_column][\/vc_row][vc_row][vc_column extend=&#8221;false&#8221;][vc_column_text]\n<h1><a name=\"_Toc35529793\"><\/a><strong>Recuerdo<\/strong><\/h1>\n<p>&nbsp;<\/p>\n<p>Recuerdos tard\u00edos<\/p>\n<p>de una noche perdida<\/p>\n<p>en las sombras del recuerdo.<\/p>\n<p>&nbsp;<\/p>\n<span class='bctt-click-to-tweet'><span class='bctt-ctt-text'><a href='https:\/\/x.com\/intent\/tweet?url=https%3A%2F%2Fnuestrosescritores.com%2Fjosemedinadoctor%2Fpoesias%2F&#038;text=Recuerdo%20del%20libro%20AGOLPADOS%20RECUERDOS.%20Poemas%20breves%20de%20un%20a%C3%B1o%20perdido%20de%20JOS%C3%89%20MEDINA&#038;via=poesiaerestu&#038;related=poesiaerestu' target='_blank'rel=\"noopener noreferrer\">Recuerdo del libro AGOLPADOS RECUERDOS. Poemas breves de un a\u00f1o perdido de JOS\u00c9 MEDINA <\/a><\/span><a href='https:\/\/x.com\/intent\/tweet?url=https%3A%2F%2Fnuestrosescritores.com%2Fjosemedinadoctor%2Fpoesias%2F&#038;text=Recuerdo%20del%20libro%20AGOLPADOS%20RECUERDOS.%20Poemas%20breves%20de%20un%20a%C3%B1o%20perdido%20de%20JOS%C3%89%20MEDINA&#038;via=poesiaerestu&#038;related=poesiaerestu' target='_blank' class='bctt-ctt-btn'rel=\"noopener noreferrer\">Compartir en X<\/a><\/span>\n<p>&nbsp;<\/p>\n<p>&nbsp;[\/vc_column_text][\/vc_column][\/vc_row][vc_row][vc_column extend=&#8221;false&#8221;]<div class='gambit_parallax_row' data-bg-align='' data-direction='fixed' data-opacity='100' data-velocity='-0.3' data-mobile-enabled='' data-bg-height='2560' data-bg-width='1707' data-bg-image='https:\/\/nuestrosescritores.com\/josemedinadoctor\/wp-content\/uploads\/sites\/35\/2020\/04\/b_uuolnq2nu-scaled.jpg' data-bg-repeat='false' data-id='' style='display: none'><\/div><div class=\"gambit_fullheight_row\" data-content-location=\"center\" style=\"display: none\"><\/div>[\/vc_column][\/vc_row][vc_row][vc_column extend=&#8221;false&#8221;][vc_column_text]\n<h1>&nbsp;<\/h1>\n<h1><a name=\"_Toc35529794\"><\/a><strong>Gorila<\/strong><\/h1>\n<p>&nbsp;<\/p>\n<p>Mi amigo el gorila<\/p>\n<p>me mira desde la jaula<\/p>\n<p>\u00e9l obligado a quedarse<\/p>\n<p>yo a irme.<\/p>\n<p>&nbsp;<\/p>\n<p>&nbsp;<\/p>\n<p>&nbsp;<\/p>\n<p>&nbsp;<\/p>\n<p>&nbsp;<\/p>\n<span class='bctt-click-to-tweet'><span class='bctt-ctt-text'><a href='https:\/\/x.com\/intent\/tweet?url=https%3A%2F%2Fnuestrosescritores.com%2Fjosemedinadoctor%2Fpoesias%2F&#038;text=Gorila%C2%A0del%20libro%20AGOLPADOS%20RECUERDOS.%20Poemas%20breves%20de%20un%20a%C3%B1o%20perdido%20de%20JOS%C3%89%20MEDINA&#038;via=poesiaerestu&#038;related=poesiaerestu' target='_blank'rel=\"noopener noreferrer\">Gorila&nbsp;del libro AGOLPADOS RECUERDOS. Poemas breves de un a\u00f1o perdido de JOS\u00c9 MEDINA <\/a><\/span><a href='https:\/\/x.com\/intent\/tweet?url=https%3A%2F%2Fnuestrosescritores.com%2Fjosemedinadoctor%2Fpoesias%2F&#038;text=Gorila%C2%A0del%20libro%20AGOLPADOS%20RECUERDOS.%20Poemas%20breves%20de%20un%20a%C3%B1o%20perdido%20de%20JOS%C3%89%20MEDINA&#038;via=poesiaerestu&#038;related=poesiaerestu' target='_blank' class='bctt-ctt-btn'rel=\"noopener noreferrer\">Compartir en X<\/a><\/span>[\/vc_column_text][\/vc_column][\/vc_row][vc_row][vc_column extend=&#8221;false&#8221;]<div class='gambit_parallax_row' data-bg-align='' data-direction='fixed' data-opacity='100' data-velocity='-0.3' data-mobile-enabled='' data-bg-height='2560' data-bg-width='2048' data-bg-image='https:\/\/nuestrosescritores.com\/josemedinadoctor\/wp-content\/uploads\/sites\/35\/2020\/04\/ybomc-fj20q-scaled.jpg' data-bg-repeat='false' data-id='' style='display: none'><\/div><div class=\"gambit_fullheight_row\" data-content-location=\"center\" style=\"display: none\"><\/div>[\/vc_column][\/vc_row][vc_row][vc_column extend=&#8221;false&#8221;][vc_column_text]\n<h1><a name=\"_Toc35529811\"><\/a><strong>Migra\u00f1as de amor<\/strong><\/h1>\n<p>&nbsp;<\/p>\n<p>Absurdo abatimiento<\/p>\n<p>penosa melancol\u00eda<\/p>\n<p>vida desesperada<\/p>\n<p>incongruente pensamiento<\/p>\n<p>todo anidando en un cerebro<\/p>\n<p>desmembrado por el abatimiento<\/p>\n<p>cerca de la desaparici\u00f3n<\/p>\n<p>en la miseria hundido<\/p>\n<p>por la incongruencia andando<\/p>\n<p>caminando en la locura<\/p>\n<p>llamando a la puerta del olvido.<\/p>\n<p>&nbsp;<\/p>\n<p>Migra\u00f1as de amor<\/p>\n<p>alucinante b\u00f3veda de vida<\/p>\n<p>envuelta en celof\u00e1n vetusto<\/p>\n<p>maloliente sal de espuma de mar en vertedero<\/p>\n<p>saliendo de mi boca empobrecida<\/p>\n<p>la lengua fallecida<\/p>\n<p>&nbsp;<\/p>\n<p>de no poder decir que te estoy extra\u00f1ando<\/p>\n<p>en mis entra\u00f1as vives queriendo esconderte<\/p>\n<p>en cada h\u00e1lito de vida entresacado<\/p>\n<p>de la lenta y ag\u00f3nica espera de la<\/p>\n<p>guada\u00f1a negra del olvido.<\/p>\n<p>&nbsp;<\/p>\n<p>Se puede querer en el margen \u00faltimo de la vida<\/p>\n<p>tambi\u00e9n se puede amar al borde del abismo<\/p>\n<p>frugalmente besando<\/p>\n<p>ligeramente sintiendo<\/p>\n<p>furtivamente mirando<\/p>\n<p>la alondra prohibida del manantial ausente<\/p>\n<p>fuente de la vida y del deseo oasis<\/p>\n<p>apareces sumida en los oscuros<\/p>\n<p>te vas saliendo en los reflejos<\/p>\n<p>de ese sentir que invade mis entra\u00f1as<\/p>\n<p>pero que al final se pierde en el olvido.<\/p>\n<p>&nbsp;<\/p>\n<p>&nbsp;<\/p>\n<span class='bctt-click-to-tweet'><span class='bctt-ctt-text'><a href='https:\/\/x.com\/intent\/tweet?url=https%3A%2F%2Fnuestrosescritores.com%2Fjosemedinadoctor%2Fpoesias%2F&#038;text=Migra%C3%B1as%20de%20amor%20del%20libro%20AGOLPADOS%20RECUERDOS.%20Poemas%20breves%20de%20un%20a%C3%B1o%20perdido%20de%20JOS%C3%89%20MEDINA&#038;via=poesiaerestu&#038;related=poesiaerestu' target='_blank'rel=\"noopener noreferrer\">Migra\u00f1as de amor del libro AGOLPADOS RECUERDOS. Poemas breves de un a\u00f1o perdido de JOS\u00c9 MEDINA <\/a><\/span><a href='https:\/\/x.com\/intent\/tweet?url=https%3A%2F%2Fnuestrosescritores.com%2Fjosemedinadoctor%2Fpoesias%2F&#038;text=Migra%C3%B1as%20de%20amor%20del%20libro%20AGOLPADOS%20RECUERDOS.%20Poemas%20breves%20de%20un%20a%C3%B1o%20perdido%20de%20JOS%C3%89%20MEDINA&#038;via=poesiaerestu&#038;related=poesiaerestu' target='_blank' class='bctt-ctt-btn'rel=\"noopener noreferrer\">Compartir en X<\/a><\/span>[\/vc_column_text][\/vc_column][\/vc_row][vc_row][vc_column extend=&#8221;false&#8221;]<div class='gambit_parallax_row' data-bg-align='' data-direction='fixed' data-opacity='100' data-velocity='-0.3' data-mobile-enabled='' data-bg-height='2560' data-bg-width='1707' data-bg-image='https:\/\/nuestrosescritores.com\/josemedinadoctor\/wp-content\/uploads\/sites\/35\/2020\/04\/nb5cqyov6nw-scaled.jpg' data-bg-repeat='false' data-id='' style='display: none'><\/div><div class=\"gambit_fullheight_row\" data-content-location=\"center\" style=\"display: none\"><\/div>[\/vc_column][\/vc_row][vc_row][vc_column extend=&#8221;false&#8221;][vc_column_text]\n<h1><a name=\"_Toc35529812\"><\/a><strong>Muerte cercana<\/strong><\/h1>\n<p>&nbsp;<\/p>\n<p>Me cuesta pensar que la muerte est\u00e1 cercana<\/p>\n<p>pero cada vez con m\u00e1s frecuencia percibo<\/p>\n<p>que ya no tengo ganas de vivir<\/p>\n<p>no es que no tenga nada que hacer<\/p>\n<p>tal vez ahora tenga m\u00e1s proyectos que nunca en mi vida<\/p>\n<p>algunos que no me apetece hacer<\/p>\n<p>pero otros s\u00ed<\/p>\n<p>quiero y tengo ganas de hacer cosas<\/p>\n<p>pero cada vez se me acerca m\u00e1s y<\/p>\n<p>m\u00e1s r\u00e1pido la desgana de vivir<\/p>\n<p>es cansancio o es desesperaci\u00f3n de la<\/p>\n<p>imposibilidad de ser feliz<\/p>\n<p>algo que desconozco<\/p>\n<p>aunque tal vez un d\u00eda lo sent\u00ed e intent\u00e9 repetirlo sin \u00e9xito.<\/p>\n<p>&nbsp;<\/p>\n<p>&nbsp;<\/p>\n<p>&nbsp;<\/p>\n<p>&nbsp;<\/p>\n<span class='bctt-click-to-tweet'><span class='bctt-ctt-text'><a href='https:\/\/x.com\/intent\/tweet?url=https%3A%2F%2Fnuestrosescritores.com%2Fjosemedinadoctor%2Fpoesias%2F&#038;text=Muerte%20cercana%20del%20libro%20AGOLPADOS%20RECUERDOS.%20Poemas%20breves%20de%20un%20a%C3%B1o%20perdido%20de%20JOS%C3%89%20MEDINA&#038;via=poesiaerestu&#038;related=poesiaerestu' target='_blank'rel=\"noopener noreferrer\">Muerte cercana del libro AGOLPADOS RECUERDOS. Poemas breves de un a\u00f1o perdido de JOS\u00c9 MEDINA <\/a><\/span><a href='https:\/\/x.com\/intent\/tweet?url=https%3A%2F%2Fnuestrosescritores.com%2Fjosemedinadoctor%2Fpoesias%2F&#038;text=Muerte%20cercana%20del%20libro%20AGOLPADOS%20RECUERDOS.%20Poemas%20breves%20de%20un%20a%C3%B1o%20perdido%20de%20JOS%C3%89%20MEDINA&#038;via=poesiaerestu&#038;related=poesiaerestu' target='_blank' class='bctt-ctt-btn'rel=\"noopener noreferrer\">Compartir en X<\/a><\/span>[\/vc_column_text][\/vc_column][\/vc_row][vc_row][vc_column extend=&#8221;false&#8221;]<div class='gambit_parallax_row' data-bg-align='' data-direction='fixed' data-opacity='100' data-velocity='-0.3' data-mobile-enabled='' data-bg-height='405' data-bg-width='1366' data-bg-image='https:\/\/nuestrosescritores.com\/josemedinadoctor\/wp-content\/uploads\/sites\/35\/2020\/05\/Jose_Medina-SSquare2_Alargado-Mediano.jpg' data-bg-repeat='false' data-id='' style='display: none'><\/div><div class=\"gambit_fullheight_row\" data-content-location=\"center\" style=\"display: none\"><\/div>[vc_column_text]\n<p style=\"text-align: center;\"><a class=\"fasc-button fasc-size-xlarge fasc-type-glossy fasc-rounded-medium\" style=\"background-color: #33809e; color: #ffffff;\" href=\"https:\/\/librodepoesia.com\/producto\/agolpados-recuerdos-poemas-breves-de-un-ano-perdido-jose-medina\/\">Comprar el libro<\/a><\/p>\n[\/vc_column_text][\/vc_column][\/vc_row][vc_row][vc_column extend=&#8221;false&#8221;][vc_column_text css=&#8221;.vc_custom_1549215104378{margin-top: -30000px !important;}&#8221;]\n<h1><strong><em><u>Poes\u00eda del libro AGOLPADOS RECUERDOS. Poemas breves de un a\u00f1o perdido de JOS\u00c9 MEDINA. El escritor nos da una muestra tras publicar un libro.<\/u><\/em><\/strong><\/h1>\n<h2><strong><em><u>Poes\u00eda del libro AGOLPADOS RECUERDOS. Poemas breves de un a\u00f1o perdido de JOS\u00c9 MEDINA El poeta nos da una muestra tras publicar un libro.<\/u><\/em><\/strong><\/h2>\n<h3><strong><em><u>Poes\u00eda del libro AGOLPADOS RECUERDOS. Poemas breves de un a\u00f1o perdido de JOS\u00c9 MEDINA El autor nos da una muestra tras publicar un libro.<\/u><\/em><\/strong><\/h3>\n<h4><strong><em><u>Poes\u00eda del libro AGOLPADOS RECUERDOS. Poemas breves de un a\u00f1o perdido de JOS\u00c9 MEDINA El autor nos da una muestra tras publicar un libro.<\/u><\/em><\/strong><\/h4>\n<h5><strong><em><u>Poes\u00eda del libro AGOLPADOS RECUERDOS. Poemas breves de un a\u00f1o perdido de JOS\u00c9 MEDINA El autor nos da una muestra tras publicar un libro.<\/u><\/em><\/strong><\/h5>\n[\/vc_column_text][\/vc_column][\/vc_row]\n<\/div>","protected":false},"excerpt":{"rendered":"<p>[vc_row][vc_column extend=&#8221;false&#8221;][vc_column_text css=&#8221;.vc_custom_1582373099134{margin-top: -30000px !important;}&#8221;] Poes\u00eda del libro AGOLPADOS RECUERDOS. Poemas breves de un a\u00f1o perdido de JOS\u00c9 MEDINA. El escritor nos da una muestra tras publicar un libro. Poes\u00eda del libro AGOLPADOS RECUERDOS. Poemas breves de un a\u00f1o perdido de JOS\u00c9 MEDINA El poeta nos da una muestra tras publicar un libro. Poes\u00eda del [&hellip;]<\/p>\n","protected":false},"author":1,"featured_media":0,"parent":0,"menu_order":3,"comment_status":"closed","ping_status":"closed","template":"","meta":{"_acf_changed":false,"footnotes":""},"class_list":["post-62","page","type-page","status-publish","hentry"],"acf":[],"yoast_head":"<!-- This site is optimized with the Yoast SEO Premium plugin v24.7 (Yoast SEO v27.4) - https:\/\/yoast.com\/product\/yoast-seo-premium-wordpress\/ -->\n<title>Poes\u00edas - Jos\u00e9 Medina<\/title>\n<meta name=\"description\" content=\"Poes\u00eda del libro AGOLPADOS RECUERDOS. Poemas breves de un a\u00f1o perdido el autor Jos\u00e9 Medina Doctor nos da una muestra tras publicar un libro\" \/>\n<meta name=\"robots\" content=\"index, follow, max-snippet:-1, max-image-preview:large, max-video-preview:-1\" \/>\n<link rel=\"canonical\" href=\"https:\/\/nuestrosescritores.com\/josemedinadoctor\/poesias\/\" \/>\n<meta property=\"og:locale\" content=\"es_ES\" \/>\n<meta property=\"og:type\" content=\"article\" \/>\n<meta property=\"og:title\" content=\"Poes\u00edas\" \/>\n<meta property=\"og:description\" content=\"Poes\u00eda del libro AGOLPADOS RECUERDOS. Poemas breves de un a\u00f1o perdido el autor Jos\u00e9 Medina Doctor nos da una muestra tras publicar un libro\" \/>\n<meta property=\"og:url\" content=\"https:\/\/nuestrosescritores.com\/josemedinadoctor\/poesias\/\" \/>\n<meta property=\"og:site_name\" content=\"Jos\u00e9 Medina\" \/>\n<meta property=\"article:modified_time\" content=\"2020-05-01T17:11:34+00:00\" \/>\n<meta property=\"og:image\" content=\"https:\/\/nuestrosescritores.com\/josemedinadoctor\/wp-content\/uploads\/sites\/35\/2020\/05\/0_Portada_Agolpados-1.jpg\" \/>\n<meta name=\"twitter:card\" content=\"summary_large_image\" \/>\n<meta name=\"twitter:label1\" content=\"Tiempo de lectura\" \/>\n\t<meta name=\"twitter:data1\" content=\"5 minutos\" \/>\n<script type=\"application\/ld+json\" class=\"yoast-schema-graph\">{\"@context\":\"https:\\\/\\\/schema.org\",\"@graph\":[{\"@type\":\"WebPage\",\"@id\":\"https:\\\/\\\/nuestrosescritores.com\\\/josemedinadoctor\\\/poesias\\\/\",\"url\":\"https:\\\/\\\/nuestrosescritores.com\\\/josemedinadoctor\\\/poesias\\\/\",\"name\":\"Poes\u00edas - Jos\u00e9 Medina\",\"isPartOf\":{\"@id\":\"https:\\\/\\\/nuestrosescritores.com\\\/josemedinadoctor\\\/#website\"},\"primaryImageOfPage\":{\"@id\":\"https:\\\/\\\/nuestrosescritores.com\\\/josemedinadoctor\\\/poesias\\\/#primaryimage\"},\"image\":{\"@id\":\"https:\\\/\\\/nuestrosescritores.com\\\/josemedinadoctor\\\/poesias\\\/#primaryimage\"},\"thumbnailUrl\":\"https:\\\/\\\/nuestrosescritores.com\\\/josemedinadoctor\\\/wp-content\\\/uploads\\\/sites\\\/35\\\/2020\\\/05\\\/0_Portada_Agolpados-1.jpg\",\"datePublished\":\"2020-05-01T16:49:18+00:00\",\"dateModified\":\"2020-05-01T17:11:34+00:00\",\"description\":\"Poes\u00eda del libro AGOLPADOS RECUERDOS. Poemas breves de un a\u00f1o perdido el autor Jos\u00e9 Medina Doctor nos da una muestra tras publicar un libro\",\"breadcrumb\":{\"@id\":\"https:\\\/\\\/nuestrosescritores.com\\\/josemedinadoctor\\\/poesias\\\/#breadcrumb\"},\"inLanguage\":\"es\",\"potentialAction\":[{\"@type\":\"ReadAction\",\"target\":[\"https:\\\/\\\/nuestrosescritores.com\\\/josemedinadoctor\\\/poesias\\\/\"]}]},{\"@type\":\"ImageObject\",\"inLanguage\":\"es\",\"@id\":\"https:\\\/\\\/nuestrosescritores.com\\\/josemedinadoctor\\\/poesias\\\/#primaryimage\",\"url\":\"https:\\\/\\\/nuestrosescritores.com\\\/josemedinadoctor\\\/wp-content\\\/uploads\\\/sites\\\/35\\\/2020\\\/05\\\/0_Portada_Agolpados-1.jpg\",\"contentUrl\":\"https:\\\/\\\/nuestrosescritores.com\\\/josemedinadoctor\\\/wp-content\\\/uploads\\\/sites\\\/35\\\/2020\\\/05\\\/0_Portada_Agolpados-1.jpg\",\"width\":559,\"height\":794},{\"@type\":\"BreadcrumbList\",\"@id\":\"https:\\\/\\\/nuestrosescritores.com\\\/josemedinadoctor\\\/poesias\\\/#breadcrumb\",\"itemListElement\":[{\"@type\":\"ListItem\",\"position\":1,\"name\":\"Portada\",\"item\":\"https:\\\/\\\/nuestrosescritores.com\\\/josemedinadoctor\\\/\"},{\"@type\":\"ListItem\",\"position\":2,\"name\":\"Poes\u00edas\"}]},{\"@type\":\"WebSite\",\"@id\":\"https:\\\/\\\/nuestrosescritores.com\\\/josemedinadoctor\\\/#website\",\"url\":\"https:\\\/\\\/nuestrosescritores.com\\\/josemedinadoctor\\\/\",\"name\":\"Nuestros escritores\",\"description\":\"Escritor\",\"potentialAction\":[{\"@type\":\"SearchAction\",\"target\":{\"@type\":\"EntryPoint\",\"urlTemplate\":\"https:\\\/\\\/nuestrosescritores.com\\\/josemedinadoctor\\\/?s={search_term_string}\"},\"query-input\":{\"@type\":\"PropertyValueSpecification\",\"valueRequired\":true,\"valueName\":\"search_term_string\"}}],\"inLanguage\":\"es\"}]}<\/script>\n<!-- \/ Yoast SEO Premium plugin. -->","yoast_head_json":{"title":"Poes\u00edas - Jos\u00e9 Medina","description":"Poes\u00eda del libro AGOLPADOS RECUERDOS. Poemas breves de un a\u00f1o perdido el autor Jos\u00e9 Medina Doctor nos da una muestra tras publicar un libro","robots":{"index":"index","follow":"follow","max-snippet":"max-snippet:-1","max-image-preview":"max-image-preview:large","max-video-preview":"max-video-preview:-1"},"canonical":"https:\/\/nuestrosescritores.com\/josemedinadoctor\/poesias\/","og_locale":"es_ES","og_type":"article","og_title":"Poes\u00edas","og_description":"Poes\u00eda del libro AGOLPADOS RECUERDOS. Poemas breves de un a\u00f1o perdido el autor Jos\u00e9 Medina Doctor nos da una muestra tras publicar un libro","og_url":"https:\/\/nuestrosescritores.com\/josemedinadoctor\/poesias\/","og_site_name":"Jos\u00e9 Medina","article_modified_time":"2020-05-01T17:11:34+00:00","og_image":[{"url":"https:\/\/nuestrosescritores.com\/josemedinadoctor\/wp-content\/uploads\/sites\/35\/2020\/05\/0_Portada_Agolpados-1.jpg","type":"","width":"","height":""}],"twitter_card":"summary_large_image","twitter_misc":{"Tiempo de lectura":"5 minutos"},"schema":{"@context":"https:\/\/schema.org","@graph":[{"@type":"WebPage","@id":"https:\/\/nuestrosescritores.com\/josemedinadoctor\/poesias\/","url":"https:\/\/nuestrosescritores.com\/josemedinadoctor\/poesias\/","name":"Poes\u00edas - Jos\u00e9 Medina","isPartOf":{"@id":"https:\/\/nuestrosescritores.com\/josemedinadoctor\/#website"},"primaryImageOfPage":{"@id":"https:\/\/nuestrosescritores.com\/josemedinadoctor\/poesias\/#primaryimage"},"image":{"@id":"https:\/\/nuestrosescritores.com\/josemedinadoctor\/poesias\/#primaryimage"},"thumbnailUrl":"https:\/\/nuestrosescritores.com\/josemedinadoctor\/wp-content\/uploads\/sites\/35\/2020\/05\/0_Portada_Agolpados-1.jpg","datePublished":"2020-05-01T16:49:18+00:00","dateModified":"2020-05-01T17:11:34+00:00","description":"Poes\u00eda del libro AGOLPADOS RECUERDOS. Poemas breves de un a\u00f1o perdido el autor Jos\u00e9 Medina Doctor nos da una muestra tras publicar un libro","breadcrumb":{"@id":"https:\/\/nuestrosescritores.com\/josemedinadoctor\/poesias\/#breadcrumb"},"inLanguage":"es","potentialAction":[{"@type":"ReadAction","target":["https:\/\/nuestrosescritores.com\/josemedinadoctor\/poesias\/"]}]},{"@type":"ImageObject","inLanguage":"es","@id":"https:\/\/nuestrosescritores.com\/josemedinadoctor\/poesias\/#primaryimage","url":"https:\/\/nuestrosescritores.com\/josemedinadoctor\/wp-content\/uploads\/sites\/35\/2020\/05\/0_Portada_Agolpados-1.jpg","contentUrl":"https:\/\/nuestrosescritores.com\/josemedinadoctor\/wp-content\/uploads\/sites\/35\/2020\/05\/0_Portada_Agolpados-1.jpg","width":559,"height":794},{"@type":"BreadcrumbList","@id":"https:\/\/nuestrosescritores.com\/josemedinadoctor\/poesias\/#breadcrumb","itemListElement":[{"@type":"ListItem","position":1,"name":"Portada","item":"https:\/\/nuestrosescritores.com\/josemedinadoctor\/"},{"@type":"ListItem","position":2,"name":"Poes\u00edas"}]},{"@type":"WebSite","@id":"https:\/\/nuestrosescritores.com\/josemedinadoctor\/#website","url":"https:\/\/nuestrosescritores.com\/josemedinadoctor\/","name":"Nuestros escritores","description":"Escritor","potentialAction":[{"@type":"SearchAction","target":{"@type":"EntryPoint","urlTemplate":"https:\/\/nuestrosescritores.com\/josemedinadoctor\/?s={search_term_string}"},"query-input":{"@type":"PropertyValueSpecification","valueRequired":true,"valueName":"search_term_string"}}],"inLanguage":"es"}]}},"_links":{"self":[{"href":"https:\/\/nuestrosescritores.com\/josemedinadoctor\/wp-json\/wp\/v2\/pages\/62","targetHints":{"allow":["GET"]}}],"collection":[{"href":"https:\/\/nuestrosescritores.com\/josemedinadoctor\/wp-json\/wp\/v2\/pages"}],"about":[{"href":"https:\/\/nuestrosescritores.com\/josemedinadoctor\/wp-json\/wp\/v2\/types\/page"}],"author":[{"embeddable":true,"href":"https:\/\/nuestrosescritores.com\/josemedinadoctor\/wp-json\/wp\/v2\/users\/1"}],"replies":[{"embeddable":true,"href":"https:\/\/nuestrosescritores.com\/josemedinadoctor\/wp-json\/wp\/v2\/comments?post=62"}],"version-history":[{"count":0,"href":"https:\/\/nuestrosescritores.com\/josemedinadoctor\/wp-json\/wp\/v2\/pages\/62\/revisions"}],"wp:attachment":[{"href":"https:\/\/nuestrosescritores.com\/josemedinadoctor\/wp-json\/wp\/v2\/media?parent=62"}],"curies":[{"name":"wp","href":"https:\/\/api.w.org\/{rel}","templated":true}]}}